{"id":62688,"date":"2025-04-15T22:03:36","date_gmt":"2025-04-15T20:03:36","guid":{"rendered":"https:\/\/blog.urbanitae.com\/juros-compostos\/"},"modified":"2025-04-26T23:30:44","modified_gmt":"2025-04-26T21:30:44","slug":"juros-compostos","status":"publish","type":"page","link":"https:\/\/blog.urbanitae.com\/pt-pt\/glossario\/juros-compostos\/","title":{"rendered":"Juros Compostos"},"content":{"rendered":"\t\t<div data-elementor-type=\"wp-page\" data-elementor-id=\"62688\" class=\"elementor elementor-62688 elementor-57297\">\n\t\t\t\t\t\t<section class=\"elementor-section elementor-top-section elementor-element elementor-element-d86d887 elementor-section-boxed elementor-section-height-default elementor-section-height-default\" data-id=\"d86d887\" data-element_type=\"section\" data-e-type=\"section\">\n\t\t\t\t\t\t<div class=\"elementor-container elementor-column-gap-default\">\n\t\t\t\t\t<div class=\"elementor-column elementor-col-100 elementor-top-column elementor-element elementor-element-8b49ddd\" data-id=\"8b49ddd\" data-element_type=\"column\" data-e-type=\"column\">\n\t\t\t<div class=\"elementor-widget-wrap elementor-element-populated\">\n\t\t\t\t\t\t<div class=\"elementor-element elementor-element-083b30b elementor-widget__width-initial elementor-widget elementor-widget-text-editor\" data-id=\"083b30b\" data-element_type=\"widget\" data-e-type=\"widget\" data-widget_type=\"text-editor.default\">\n\t\t\t\t<div class=\"elementor-widget-container\">\n\t\t\t\t\t\t\t\t\t<h3>O que \u00e9?<\/h3><p style=\"color: #212121; font-family: Roboto, sans-serif; font-size: 16px;\">A <strong>taxa de juros composta<\/strong> \u00e9 a taxa aplicada a um investimento ou empr\u00e9stimo que \u00e9 calculada n\u00e3o apenas sobre o capital inicial, mas tamb\u00e9m sobre os juros acumulados anteriormente. \u00c0 medida que os juros gerados s\u00e3o reinvestidos, a taxa de juros composta permite que eles sejam adicionados ao capital original, resultando em um crescimento exponencial do investimento ou, conforme o caso, da d\u00edvida. Esse mecanismo \u00e9 especialmente \u00fatil para maximizar os retornos do investimento de longo prazo, pois os juros gerados aumentam \u00e0 medida que se acumulam.  <\/p><p style=\"color: #212121; font-family: Roboto, sans-serif; font-size: 16px;\">Essa taxa de juros \u00e9 comumente usada em produtos financeiros, como dep\u00f3sitos a prazo, fundos m\u00fatuos e empr\u00e9stimos. A f\u00f3rmula da taxa de juros composta faz com que o valor final do investimento cres\u00e7a mais r\u00e1pido do que no caso da taxa de juros simples, que \u00e9 calculada apenas sobre o capital inicial. <\/p>\t\t\t\t\t\t\t\t<\/div>\n\t\t\t\t<\/div>\n\t\t\t\t<div class=\"elementor-element elementor-element-11c28c4 elementor-widget__width-initial elementor-widget elementor-widget-text-editor\" data-id=\"11c28c4\" data-element_type=\"widget\" data-e-type=\"widget\" data-widget_type=\"text-editor.default\">\n\t\t\t\t<div class=\"elementor-widget-container\">\n\t\t\t\t\t\t\t\t\t<h3>Aspectos-chave a considerar<\/h3><p style=\"color: #212121; font-family: Roboto, sans-serif; font-size: 16px;\">A <strong>taxa de juros<\/strong> composta \u00e9 uma ferramenta muito poderosa para aumentar o retorno de um investimento, especialmente quando os juros podem ser reinvestidos por um longo per\u00edodo de tempo. Quanto mais frequente a composi\u00e7\u00e3o de juros (di\u00e1ria, mensal, anual), maior o impacto do crescimento composto. <\/p><p style=\"color: #212121; font-family: Roboto, sans-serif; font-size: 16px;\">No entanto, embora a taxa de juros composta possa ser ben\u00e9fica para os investidores, ela tamb\u00e9m pode levar a um custo significativo nos empr\u00e9stimos, pois os juros se acumulam sobre os juros, aumentando exponencialmente a d\u00edvida total. Portanto, \u00e9 fundamental que os mutu\u00e1rios estejam cientes do momento e da frequ\u00eancia da composi\u00e7\u00e3o para avaliar o custo real de um empr\u00e9stimo. <\/p><p style=\"color: #212121; font-family: Roboto, sans-serif; font-size: 16px;\">Ao considerar a <strong>taxa de juros composta<\/strong>, os investidores devem calcular cuidadosamente os retornos acumulados ao longo do tempo e garantir que o retorno obtido justifique a quantidade de capital investido e os riscos associados.<\/p>\t\t\t\t\t\t\t\t<\/div>\n\t\t\t\t<\/div>\n\t\t\t\t\t<\/div>\n\t\t<\/div>\n\t\t\t\t\t<\/div>\n\t\t<\/section>\n\t\t\t\t<section class=\"elementor-section elementor-top-section elementor-element elementor-element-aa563c5 elementor-section-full_width elementor-section-stretched elementor-section-height-default elementor-section-height-default\" data-id=\"aa563c5\" data-element_type=\"section\" data-e-type=\"section\" data-settings=\"{&quot;stretch_section&quot;:&quot;section-stretched&quot;}\">\n\t\t\t\t\t\t<div class=\"elementor-container elementor-column-gap-default\">\n\t\t\t\t\t<div class=\"elementor-column elementor-col-100 elementor-top-column elementor-element elementor-element-41114ac\" data-id=\"41114ac\" data-element_type=\"column\" data-e-type=\"column\">\n\t\t\t<div class=\"elementor-widget-wrap elementor-element-populated\">\n\t\t\t\t\t\t<div class=\"elementor-element elementor-element-43f7095 elementor-widget elementor-widget-html\" data-id=\"43f7095\" data-element_type=\"widget\" data-e-type=\"widget\" data-widget_type=\"html.default\">\n\t\t\t\t<div class=\"elementor-widget-container\">\n\t\t\t\t\t\r\n        <div class=\"qode-advanced-call-to-action qode-advanced-cta-gradient qode-advanced-cta-gradient-animation\" style=\"height:80px\">\r\n            <a class=\"advanced-cta-link\" href=\"https:\/\/mkt.urbanitae.com\/Urbanitae_suscripcion_newsletter.html?utm_source=blog&amp;utm_medium=link_blog&amp;utm_campaign=suscripcion_blog&amp;utm_content=boton\" target=\"_blank\" onclick=\"dataLayer.push({'event': 'ub_ga4_event', 'ub_ga4_event_name': 'newsletter', 'ub_ga4_event_element': 'aprende'})\"><\/a>\r\n            <div class=\"qode-advanced-cta-content\">\r\n                <span class=\"qode-advanced-cta-text-holder\" style=\"color:#FFFFFF;font-size:25px\">\r\n Assine nossa Newsletter <\/span>\r\n                <span class=\"qode-advanced-cta-icon-holder\" style=\"color:#FFFFFF;font-size:25px\">\r\n                    <span class=\"qode-advanced-cta-icon-holder-table\">\r\n                        <span class=\"qode-advanced-cta-icon-holder-cell\">\r\n                            <i class=\"qode_icon_font_awesome_5 fa5 fa fa-envelope-open-text qode-advanced-cta-icon\"><\/i> <\/span>\r\n                    <\/span>\r\n                <\/span>\r\n            <\/div>\r\n            <div class=\"qode-advanced-cta-background-holder\">\r\n                <span class=\"qode-advanced-cta-background-1 qode-type1-gradient-left-to-right\"><\/span>\r\n                <span class=\"qode-advanced-cta-background-2 qode-type1-gradient-left-to-right\"><\/span>\r\n                <span class=\"qode-advanced-cta-background-3\"><\/span>\r\n            <\/div>\r\n        <\/div>\r\n\t\t\t\t<\/div>\n\t\t\t\t<\/div>\n\t\t\t\t\t<\/div>\n\t\t<\/div>\n\t\t\t\t\t<\/div>\n\t\t<\/section>\n\t\t\t\t<\/div>\n\t\t","protected":false},"excerpt":{"rendered":"<p>O que \u00e9? A taxa de juros composta \u00e9 a taxa aplicada a um investimento ou empr\u00e9stimo que \u00e9 calculada n\u00e3o apenas sobre o capital inicial, mas tamb\u00e9m sobre os juros acumulados anteriormente. \u00c0 medida que os juros gerados s\u00e3o reinvestidos, a taxa de juros composta permite que eles sejam adicionados ao capital original, resultando [&hellip;]<\/p>\n","protected":false},"author":20,"featured_media":0,"parent":62702,"menu_order":0,"comment_status":"closed","ping_status":"closed","template":"","meta":{"inline_featured_image":false,"footnotes":""},"class_list":["post-62688","page","type-page","status-publish","hentry"],"yoast_head":"<!-- This site is optimized with the Yoast SEO plugin v27.4 - https:\/\/yoast.com\/product\/yoast-seo-wordpress\/ -->\n<title>Juros Compostos - Urbanitae Blog<\/title>\n<meta name=\"description\" content=\"\u00c9 uma taxa de juros aplicada a um investimento ou empr\u00e9stimo que \u00e9 calculada sobre o capital inicial e juros acumulados anteriormente. \u00c0 medida que os juros s\u00e3o reinvestidos, a taxa de juros composta permite que os juros gerados sejam adicionados ao principal original, resultando em um crescimento exponencial.\" \/>\n<meta name=\"robots\" content=\"index, follow, max-snippet:-1, max-image-preview:large, max-video-preview:-1\" \/>\n<link rel=\"canonical\" href=\"https:\/\/blog.urbanitae.com\/pt-pt\/glossario\/juros-compostos\/\" \/>\n<meta property=\"og:locale\" content=\"pt_PT\" \/>\n<meta property=\"og:type\" content=\"article\" \/>\n<meta property=\"og:title\" content=\"Juros Compostos - Urbanitae Blog\" \/>\n<meta property=\"og:description\" content=\"\u00c9 uma taxa de juros aplicada a um investimento ou empr\u00e9stimo que \u00e9 calculada sobre o capital inicial e juros acumulados anteriormente. \u00c0 medida que os juros s\u00e3o reinvestidos, a taxa de juros composta permite que os juros gerados sejam adicionados ao principal original, resultando em um crescimento exponencial.\" \/>\n<meta property=\"og:url\" content=\"https:\/\/blog.urbanitae.com\/pt-pt\/glossario\/juros-compostos\/\" \/>\n<meta property=\"og:site_name\" content=\"Urbanitae Blog | As melhores not\u00edcias sobre investimentos imobili\u00e1rios\" \/>\n<meta property=\"article:publisher\" content=\"https:\/\/www.facebook.com\/urbanitae\" \/>\n<meta property=\"article:modified_time\" content=\"2025-04-26T21:30:44+00:00\" \/>\n<meta name=\"twitter:card\" content=\"summary_large_image\" \/>\n<meta name=\"twitter:site\" content=\"@urbanitae\" \/>\n<meta name=\"twitter:label1\" content=\"Tempo estimado de leitura\" \/>\n\t<meta name=\"twitter:data1\" content=\"2 minutos\" \/>\n<script type=\"application\/ld+json\" class=\"yoast-schema-graph\">{\"@context\":\"https:\\\/\\\/schema.org\",\"@graph\":[{\"@type\":\"WebPage\",\"@id\":\"https:\\\/\\\/blog.urbanitae.com\\\/pt-pt\\\/glossario\\\/juros-compostos\\\/\",\"url\":\"https:\\\/\\\/blog.urbanitae.com\\\/pt-pt\\\/glossario\\\/juros-compostos\\\/\",\"name\":\"Juros Compostos - Urbanitae Blog\",\"isPartOf\":{\"@id\":\"https:\\\/\\\/blog.urbanitae.com\\\/pt-pt\\\/#website\"},\"datePublished\":\"2025-04-15T20:03:36+00:00\",\"dateModified\":\"2025-04-26T21:30:44+00:00\",\"description\":\"\u00c9 uma taxa de juros aplicada a um investimento ou empr\u00e9stimo que \u00e9 calculada sobre o capital inicial e juros acumulados anteriormente. \u00c0 medida que os juros s\u00e3o reinvestidos, a taxa de juros composta permite que os juros gerados sejam adicionados ao principal original, resultando em um crescimento exponencial.\",\"breadcrumb\":{\"@id\":\"https:\\\/\\\/blog.urbanitae.com\\\/pt-pt\\\/glossario\\\/juros-compostos\\\/#breadcrumb\"},\"inLanguage\":\"pt-PT\",\"potentialAction\":[{\"@type\":\"ReadAction\",\"target\":[\"https:\\\/\\\/blog.urbanitae.com\\\/pt-pt\\\/glossario\\\/juros-compostos\\\/\"]}]},{\"@type\":\"BreadcrumbList\",\"@id\":\"https:\\\/\\\/blog.urbanitae.com\\\/pt-pt\\\/glossario\\\/juros-compostos\\\/#breadcrumb\",\"itemListElement\":[{\"@type\":\"ListItem\",\"position\":1,\"name\":\"Portada\",\"item\":\"https:\\\/\\\/blog.urbanitae.com\\\/pt-pt\\\/\"},{\"@type\":\"ListItem\",\"position\":2,\"name\":\"Gloss\u00e1rio\",\"item\":\"https:\\\/\\\/blog.urbanitae.com\\\/pt-pt\\\/glossario\\\/\"},{\"@type\":\"ListItem\",\"position\":3,\"name\":\"Juros Compostos\"}]},{\"@type\":\"WebSite\",\"@id\":\"https:\\\/\\\/blog.urbanitae.com\\\/pt-pt\\\/#website\",\"url\":\"https:\\\/\\\/blog.urbanitae.com\\\/pt-pt\\\/\",\"name\":\"Urbanitae Blog | Las mejores noticias sobre inversi\u00f3n inmobiliaria\",\"description\":\"Investimento imobili\u00e1rio ao alcance de todos\",\"publisher\":{\"@id\":\"https:\\\/\\\/blog.urbanitae.com\\\/pt-pt\\\/#organization\"},\"potentialAction\":[{\"@type\":\"SearchAction\",\"target\":{\"@type\":\"EntryPoint\",\"urlTemplate\":\"https:\\\/\\\/blog.urbanitae.com\\\/pt-pt\\\/?s={search_term_string}\"},\"query-input\":{\"@type\":\"PropertyValueSpecification\",\"valueRequired\":true,\"valueName\":\"search_term_string\"}}],\"inLanguage\":\"pt-PT\"},{\"@type\":\"Organization\",\"@id\":\"https:\\\/\\\/blog.urbanitae.com\\\/pt-pt\\\/#organization\",\"name\":\"Urbanitae\",\"url\":\"https:\\\/\\\/blog.urbanitae.com\\\/pt-pt\\\/\",\"logo\":{\"@type\":\"ImageObject\",\"inLanguage\":\"pt-PT\",\"@id\":\"https:\\\/\\\/blog.urbanitae.com\\\/pt-pt\\\/#\\\/schema\\\/logo\\\/image\\\/\",\"url\":\"https:\\\/\\\/blog.urbanitae.com\\\/wp-content\\\/uploads\\\/2020\\\/04\\\/logo-verde_350x100.svg\",\"contentUrl\":\"https:\\\/\\\/blog.urbanitae.com\\\/wp-content\\\/uploads\\\/2020\\\/04\\\/logo-verde_350x100.svg\",\"width\":350,\"height\":100,\"caption\":\"Urbanitae\"},\"image\":{\"@id\":\"https:\\\/\\\/blog.urbanitae.com\\\/pt-pt\\\/#\\\/schema\\\/logo\\\/image\\\/\"},\"sameAs\":[\"https:\\\/\\\/www.facebook.com\\\/urbanitae\",\"https:\\\/\\\/x.com\\\/urbanitae\",\"https:\\\/\\\/www.instagram.com\\\/urbanitae\",\"https:\\\/\\\/www.linkedin.com\\\/company\\\/urbanitae\",\"https:\\\/\\\/www.pinterest.es\\\/UrbanitaeSL\\\/_created\\\/\",\"https:\\\/\\\/www.youtube.com\\\/c\\\/Urbanitae_RE\"]}]}<\/script>\n<!-- \/ Yoast SEO plugin. -->","yoast_head_json":{"title":"Juros Compostos - Urbanitae Blog","description":"\u00c9 uma taxa de juros aplicada a um investimento ou empr\u00e9stimo que \u00e9 calculada sobre o capital inicial e juros acumulados anteriormente. \u00c0 medida que os juros s\u00e3o reinvestidos, a taxa de juros composta permite que os juros gerados sejam adicionados ao principal original, resultando em um crescimento exponencial.","robots":{"index":"index","follow":"follow","max-snippet":"max-snippet:-1","max-image-preview":"max-image-preview:large","max-video-preview":"max-video-preview:-1"},"canonical":"https:\/\/blog.urbanitae.com\/pt-pt\/glossario\/juros-compostos\/","og_locale":"pt_PT","og_type":"article","og_title":"Juros Compostos - Urbanitae Blog","og_description":"\u00c9 uma taxa de juros aplicada a um investimento ou empr\u00e9stimo que \u00e9 calculada sobre o capital inicial e juros acumulados anteriormente. \u00c0 medida que os juros s\u00e3o reinvestidos, a taxa de juros composta permite que os juros gerados sejam adicionados ao principal original, resultando em um crescimento exponencial.","og_url":"https:\/\/blog.urbanitae.com\/pt-pt\/glossario\/juros-compostos\/","og_site_name":"Urbanitae Blog | As melhores not\u00edcias sobre investimentos imobili\u00e1rios","article_publisher":"https:\/\/www.facebook.com\/urbanitae","article_modified_time":"2025-04-26T21:30:44+00:00","twitter_card":"summary_large_image","twitter_site":"@urbanitae","twitter_misc":{"Tempo estimado de leitura":"2 minutos"},"schema":{"@context":"https:\/\/schema.org","@graph":[{"@type":"WebPage","@id":"https:\/\/blog.urbanitae.com\/pt-pt\/glossario\/juros-compostos\/","url":"https:\/\/blog.urbanitae.com\/pt-pt\/glossario\/juros-compostos\/","name":"Juros Compostos - Urbanitae Blog","isPartOf":{"@id":"https:\/\/blog.urbanitae.com\/pt-pt\/#website"},"datePublished":"2025-04-15T20:03:36+00:00","dateModified":"2025-04-26T21:30:44+00:00","description":"\u00c9 uma taxa de juros aplicada a um investimento ou empr\u00e9stimo que \u00e9 calculada sobre o capital inicial e juros acumulados anteriormente. \u00c0 medida que os juros s\u00e3o reinvestidos, a taxa de juros composta permite que os juros gerados sejam adicionados ao principal original, resultando em um crescimento exponencial.","breadcrumb":{"@id":"https:\/\/blog.urbanitae.com\/pt-pt\/glossario\/juros-compostos\/#breadcrumb"},"inLanguage":"pt-PT","potentialAction":[{"@type":"ReadAction","target":["https:\/\/blog.urbanitae.com\/pt-pt\/glossario\/juros-compostos\/"]}]},{"@type":"BreadcrumbList","@id":"https:\/\/blog.urbanitae.com\/pt-pt\/glossario\/juros-compostos\/#breadcrumb","itemListElement":[{"@type":"ListItem","position":1,"name":"Portada","item":"https:\/\/blog.urbanitae.com\/pt-pt\/"},{"@type":"ListItem","position":2,"name":"Gloss\u00e1rio","item":"https:\/\/blog.urbanitae.com\/pt-pt\/glossario\/"},{"@type":"ListItem","position":3,"name":"Juros Compostos"}]},{"@type":"WebSite","@id":"https:\/\/blog.urbanitae.com\/pt-pt\/#website","url":"https:\/\/blog.urbanitae.com\/pt-pt\/","name":"Urbanitae Blog | Las mejores noticias sobre inversi\u00f3n inmobiliaria","description":"Investimento imobili\u00e1rio ao alcance de todos","publisher":{"@id":"https:\/\/blog.urbanitae.com\/pt-pt\/#organization"},"potentialAction":[{"@type":"SearchAction","target":{"@type":"EntryPoint","urlTemplate":"https:\/\/blog.urbanitae.com\/pt-pt\/?s={search_term_string}"},"query-input":{"@type":"PropertyValueSpecification","valueRequired":true,"valueName":"search_term_string"}}],"inLanguage":"pt-PT"},{"@type":"Organization","@id":"https:\/\/blog.urbanitae.com\/pt-pt\/#organization","name":"Urbanitae","url":"https:\/\/blog.urbanitae.com\/pt-pt\/","logo":{"@type":"ImageObject","inLanguage":"pt-PT","@id":"https:\/\/blog.urbanitae.com\/pt-pt\/#\/schema\/logo\/image\/","url":"https:\/\/blog.urbanitae.com\/wp-content\/uploads\/2020\/04\/logo-verde_350x100.svg","contentUrl":"https:\/\/blog.urbanitae.com\/wp-content\/uploads\/2020\/04\/logo-verde_350x100.svg","width":350,"height":100,"caption":"Urbanitae"},"image":{"@id":"https:\/\/blog.urbanitae.com\/pt-pt\/#\/schema\/logo\/image\/"},"sameAs":["https:\/\/www.facebook.com\/urbanitae","https:\/\/x.com\/urbanitae","https:\/\/www.instagram.com\/urbanitae","https:\/\/www.linkedin.com\/company\/urbanitae","https:\/\/www.pinterest.es\/UrbanitaeSL\/_created\/","https:\/\/www.youtube.com\/c\/Urbanitae_RE"]}]}},"_links":{"self":[{"href":"https:\/\/blog.urbanitae.com\/pt-pt\/wp-json\/wp\/v2\/pages\/62688","targetHints":{"allow":["GET"]}}],"collection":[{"href":"https:\/\/blog.urbanitae.com\/pt-pt\/wp-json\/wp\/v2\/pages"}],"about":[{"href":"https:\/\/blog.urbanitae.com\/pt-pt\/wp-json\/wp\/v2\/types\/page"}],"author":[{"embeddable":true,"href":"https:\/\/blog.urbanitae.com\/pt-pt\/wp-json\/wp\/v2\/users\/20"}],"replies":[{"embeddable":true,"href":"https:\/\/blog.urbanitae.com\/pt-pt\/wp-json\/wp\/v2\/comments?post=62688"}],"version-history":[{"count":1,"href":"https:\/\/blog.urbanitae.com\/pt-pt\/wp-json\/wp\/v2\/pages\/62688\/revisions"}],"predecessor-version":[{"id":62689,"href":"https:\/\/blog.urbanitae.com\/pt-pt\/wp-json\/wp\/v2\/pages\/62688\/revisions\/62689"}],"up":[{"embeddable":true,"href":"https:\/\/blog.urbanitae.com\/pt-pt\/wp-json\/wp\/v2\/pages\/62702"}],"wp:attachment":[{"href":"https:\/\/blog.urbanitae.com\/pt-pt\/wp-json\/wp\/v2\/media?parent=62688"}],"curies":[{"name":"wp","href":"https:\/\/api.w.org\/{rel}","templated":true}]}}