{"id":62658,"date":"2025-04-15T21:01:09","date_gmt":"2025-04-15T19:01:09","guid":{"rendered":"https:\/\/blog.urbanitae.com\/risco-de-mercado\/"},"modified":"2025-12-10T16:43:02","modified_gmt":"2025-12-10T15:43:02","slug":"risco-de-mercado","status":"publish","type":"page","link":"https:\/\/blog.urbanitae.com\/pt-pt\/glossario\/risco-de-mercado\/","title":{"rendered":"Risco de mercado"},"content":{"rendered":"\t\t<div data-elementor-type=\"wp-page\" data-elementor-id=\"62658\" class=\"elementor elementor-62658 elementor-57207\">\n\t\t\t\t\t\t<section class=\"elementor-section elementor-top-section elementor-element elementor-element-d86d887 elementor-section-boxed elementor-section-height-default elementor-section-height-default parallax_section_no qode_elementor_container_no\" data-id=\"d86d887\" data-element_type=\"section\">\n\t\t\t\t\t\t<div class=\"elementor-container elementor-column-gap-default\">\n\t\t\t\t\t<div class=\"elementor-column elementor-col-100 elementor-top-column elementor-element elementor-element-8b49ddd\" data-id=\"8b49ddd\" data-element_type=\"column\">\n\t\t\t<div class=\"elementor-widget-wrap elementor-element-populated\">\n\t\t\t\t\t\t<div class=\"elementor-element elementor-element-083b30b elementor-widget__width-initial elementor-widget elementor-widget-text-editor\" data-id=\"083b30b\" data-element_type=\"widget\" data-widget_type=\"text-editor.default\">\n\t\t\t\t<div class=\"elementor-widget-container\">\n\t\t\t\t\t\t\t\t\t<h3>O que \u00e9?<\/h3><p style=\"color: #212121; font-family: Roboto, sans-serif; font-size: 16px;\">\u00c9 o risco de perda financeira devido a flutua\u00e7\u00f5es nos pre\u00e7os dos ativos nos mercados financeiros. Esse risco pode ser causado por uma variedade de fatores, como condi\u00e7\u00f5es macroecon\u00f4micas adversas, eventos geopol\u00edticos imprevistos, mudan\u00e7as nas taxas de juros ou simplesmente volatilidade do mercado. A exposi\u00e7\u00e3o ao risco de mercado afeta todos os ativos listados nos mercados financeiros, como a\u00e7\u00f5es, t\u00edtulos e commodities. <\/p><p style=\"color: #212121; font-family: Roboto, sans-serif; font-size: 16px;\">Esse tipo de risco \u00e9 inerentemente imprevis\u00edvel, pois mudan\u00e7as nas condi\u00e7\u00f5es econ\u00f4micas globais, pol\u00edticas governamentais ou conflitos internacionais podem desencadear movimentos bruscos nos pre\u00e7os dos ativos, afetando tanto os investidores quanto os mercados em geral.<\/p>\t\t\t\t\t\t\t\t<\/div>\n\t\t\t\t<\/div>\n\t\t\t\t<div class=\"elementor-element elementor-element-11c28c4 elementor-widget__width-initial elementor-widget elementor-widget-text-editor\" data-id=\"11c28c4\" data-element_type=\"widget\" data-widget_type=\"text-editor.default\">\n\t\t\t\t<div class=\"elementor-widget-container\">\n\t\t\t\t\t\t\t\t\t<h3>Aspectos-chave a considerar<\/h3>\n<p style=\"color: #212121; font-family: Roboto, sans-serif; font-size: 16px;\"><strong>O risco de mercado<\/strong> \u00e9 uma das principais fontes de incerteza para os investidores. Embora n\u00e3o possa ser completamente eliminado, \u00e9 poss\u00edvel mitigar seu impacto diversificando a carteira de investimentos. A diversifica\u00e7\u00e3o em diferentes classes de ativos, setores e regi\u00f5es geogr\u00e1ficas ajuda a reduzir a exposi\u00e7\u00e3o a um \u00fanico fator de risco de mercado.  <\/p>\n<p style=\"color: #212121; font-family: Roboto, sans-serif; font-size: 16px;\">Al\u00e9m disso, os investidores devem estar cientes dos fatores macroecon\u00f4micos que podem influenciar os mercados, como taxas de juros, pol\u00edtica fiscal e monet\u00e1ria ou flutua\u00e7\u00f5es econ\u00f4micas globais. Esses fatores t\u00eam impacto direto na rentabilidade dos investimentos. <\/p>\n<p style=\"color: #212121; font-family: Roboto, sans-serif; font-size: 16px;\">O horizonte temporal do investimento tamb\u00e9m \u00e9 um aspecto fundamental: os investidores com foco no longo prazo podem estar mais dispostos a tolerar a volatilidade do mercado, enquanto aqueles com foco no curto prazo devem gerenciar sua exposi\u00e7\u00e3o com mais cautela.\n\n<p style=\"color: #212121; font-family: Roboto, sans-serif; font-size: 16px;\">Em resumo, embora o risco de mercado n\u00e3o possa ser eliminado, entender suas causas e como ele pode ser mitigado com a estrat\u00e9gia certa pode ajudar os investidores a tomar decis\u00f5es informadas alinhadas com seu perfil de risco.\t\t\t\t\t\t\t\t<\/div>\n\t\t\t\t<\/div>\n\t\t\t\t\t<\/div>\n\t\t<\/div>\n\t\t\t\t\t<\/div>\n\t\t<\/section>\n\t\t\t\t<section class=\"elementor-section elementor-top-section elementor-element elementor-element-aa563c5 elementor-section-full_width elementor-section-stretched elementor-section-height-default elementor-section-height-default parallax_section_no qode_elementor_container_no\" data-id=\"aa563c5\" data-element_type=\"section\" data-settings=\"{&quot;stretch_section&quot;:&quot;section-stretched&quot;}\">\n\t\t\t\t\t\t<div class=\"elementor-container elementor-column-gap-default\">\n\t\t\t\t\t<div class=\"elementor-column elementor-col-100 elementor-top-column elementor-element elementor-element-41114ac\" data-id=\"41114ac\" data-element_type=\"column\">\n\t\t\t<div class=\"elementor-widget-wrap elementor-element-populated\">\n\t\t\t\t\t\t<div class=\"elementor-element elementor-element-43f7095 elementor-widget elementor-widget-html\" data-id=\"43f7095\" data-element_type=\"widget\" data-widget_type=\"html.default\">\n\t\t\t\t<div class=\"elementor-widget-container\">\n\t\t\t\t\t\r\n        <div class=\"qode-advanced-call-to-action qode-advanced-cta-gradient qode-advanced-cta-gradient-animation\" style=\"height:80px\">\r\n            <a class=\"advanced-cta-link\" href=\"https:\/\/mkt.urbanitae.com\/Urbanitae_suscripcion_newsletter.html?utm_source=blog&amp;utm_medium=link_blog&amp;utm_campaign=suscripcion_blog&amp;utm_content=boton\" target=\"_blank\" onclick=\"dataLayer.push({'event': 'ub_ga4_event', 'ub_ga4_event_name': 'newsletter', 'ub_ga4_event_element': 'aprende'})\"><\/a>\r\n            <div class=\"qode-advanced-cta-content\">\r\n                <span class=\"qode-advanced-cta-text-holder\" style=\"color:#FFFFFF;font-size:25px\">\r\n Assine nossa Newsletter <\/span>\r\n                <span class=\"qode-advanced-cta-icon-holder\" style=\"color:#FFFFFF;font-size:25px\">\r\n                    <span class=\"qode-advanced-cta-icon-holder-table\">\r\n                        <span class=\"qode-advanced-cta-icon-holder-cell\">\r\n                            <i class=\"qode_icon_font_awesome_5 fa5 fa fa-envelope-open-text qode-advanced-cta-icon\"><\/i> <\/span>\r\n                    <\/span>\r\n                <\/span>\r\n            <\/div>\r\n            <div class=\"qode-advanced-cta-background-holder\">\r\n                <span class=\"qode-advanced-cta-background-1 qode-type1-gradient-left-to-right\"><\/span>\r\n                <span class=\"qode-advanced-cta-background-2 qode-type1-gradient-left-to-right\"><\/span>\r\n                <span class=\"qode-advanced-cta-background-3\"><\/span>\r\n            <\/div>\r\n        <\/div>\r\n\t\t\t\t<\/div>\n\t\t\t\t<\/div>\n\t\t\t\t\t<\/div>\n\t\t<\/div>\n\t\t\t\t\t<\/div>\n\t\t<\/section>\n\t\t\t\t<\/div>\n\t\t","protected":false},"excerpt":{"rendered":"<p>O que \u00e9? \u00c9 o risco de perda financeira devido a flutua\u00e7\u00f5es nos pre\u00e7os dos ativos nos mercados financeiros. Esse risco pode ser causado por uma variedade de fatores, como condi\u00e7\u00f5es macroecon\u00f4micas adversas, eventos geopol\u00edticos imprevistos, mudan\u00e7as nas taxas de juros ou simplesmente volatilidade do&#8230;<\/p>\n","protected":false},"author":20,"featured_media":0,"parent":62702,"menu_order":0,"comment_status":"closed","ping_status":"closed","template":"","meta":{"inline_featured_image":false,"_lmt_disableupdate":"","_lmt_disable":"","footnotes":""},"class_list":["post-62658","page","type-page","status-publish","hentry"],"yoast_head":"<!-- This site is optimized with the Yoast SEO plugin v26.6 - https:\/\/yoast.com\/wordpress\/plugins\/seo\/ -->\n<title>Risco de mercado - Urbanitae Blog<\/title>\n<meta name=\"description\" content=\"Trata-se do risco de perda financeira devido \u00e0s flutua\u00e7\u00f5es dos pre\u00e7os dos ativos nos mercados financeiros. Este risco pode ser causado por factores macroecon\u00f3micos, eventos geopol\u00edticos, altera\u00e7\u00f5es nas taxas de juro ou volatilidade do mercado.\" \/>\n<meta name=\"robots\" content=\"index, follow, max-snippet:-1, max-image-preview:large, max-video-preview:-1\" \/>\n<link rel=\"canonical\" href=\"https:\/\/blog.urbanitae.com\/pt-pt\/glossario\/risco-de-mercado\/\" \/>\n<meta property=\"og:locale\" content=\"pt_PT\" \/>\n<meta property=\"og:type\" content=\"article\" \/>\n<meta property=\"og:title\" content=\"Risco de mercado - Urbanitae Blog\" \/>\n<meta property=\"og:description\" content=\"Trata-se do risco de perda financeira devido \u00e0s flutua\u00e7\u00f5es dos pre\u00e7os dos ativos nos mercados financeiros. Este risco pode ser causado por factores macroecon\u00f3micos, eventos geopol\u00edticos, altera\u00e7\u00f5es nas taxas de juro ou volatilidade do mercado.\" \/>\n<meta property=\"og:url\" content=\"https:\/\/blog.urbanitae.com\/pt-pt\/glossario\/risco-de-mercado\/\" \/>\n<meta property=\"og:site_name\" content=\"Urbanitae Blog | As melhores not\u00edcias sobre investimentos imobili\u00e1rios\" \/>\n<meta property=\"article:publisher\" content=\"https:\/\/www.facebook.com\/urbanitae\" \/>\n<meta property=\"article:modified_time\" content=\"2025-12-10T15:43:02+00:00\" \/>\n<meta name=\"twitter:card\" content=\"summary_large_image\" \/>\n<meta name=\"twitter:site\" content=\"@urbanitae\" \/>\n<meta name=\"twitter:label1\" content=\"Tempo estimado de leitura\" \/>\n\t<meta name=\"twitter:data1\" content=\"2 minutos\" \/>\n<script type=\"application\/ld+json\" class=\"yoast-schema-graph\">{\"@context\":\"https:\/\/schema.org\",\"@graph\":[{\"@type\":\"WebPage\",\"@id\":\"https:\/\/blog.urbanitae.com\/pt-pt\/glossario\/risco-de-mercado\/\",\"url\":\"https:\/\/blog.urbanitae.com\/pt-pt\/glossario\/risco-de-mercado\/\",\"name\":\"Risco de mercado - Urbanitae Blog\",\"isPartOf\":{\"@id\":\"https:\/\/blog.urbanitae.com\/pt-pt\/#website\"},\"datePublished\":\"2025-04-15T19:01:09+00:00\",\"dateModified\":\"2025-12-10T15:43:02+00:00\",\"description\":\"Trata-se do risco de perda financeira devido \u00e0s flutua\u00e7\u00f5es dos pre\u00e7os dos ativos nos mercados financeiros. Este risco pode ser causado por factores macroecon\u00f3micos, eventos geopol\u00edticos, altera\u00e7\u00f5es nas taxas de juro ou volatilidade do mercado.\",\"breadcrumb\":{\"@id\":\"https:\/\/blog.urbanitae.com\/pt-pt\/glossario\/risco-de-mercado\/#breadcrumb\"},\"inLanguage\":\"pt-PT\",\"potentialAction\":[{\"@type\":\"ReadAction\",\"target\":[\"https:\/\/blog.urbanitae.com\/pt-pt\/glossario\/risco-de-mercado\/\"]}]},{\"@type\":\"BreadcrumbList\",\"@id\":\"https:\/\/blog.urbanitae.com\/pt-pt\/glossario\/risco-de-mercado\/#breadcrumb\",\"itemListElement\":[{\"@type\":\"ListItem\",\"position\":1,\"name\":\"Portada\",\"item\":\"https:\/\/blog.urbanitae.com\/pt-pt\/\"},{\"@type\":\"ListItem\",\"position\":2,\"name\":\"Gloss\u00e1rio\",\"item\":\"https:\/\/blog.urbanitae.com\/pt-pt\/glossario\/\"},{\"@type\":\"ListItem\",\"position\":3,\"name\":\"Risco de mercado\"}]},{\"@type\":\"WebSite\",\"@id\":\"https:\/\/blog.urbanitae.com\/pt-pt\/#website\",\"url\":\"https:\/\/blog.urbanitae.com\/pt-pt\/\",\"name\":\"Urbanitae Blog | Las mejores noticias sobre inversi\u00f3n inmobiliaria\",\"description\":\"Investimento imobili\u00e1rio ao alcance de todos\",\"publisher\":{\"@id\":\"https:\/\/blog.urbanitae.com\/pt-pt\/#organization\"},\"potentialAction\":[{\"@type\":\"SearchAction\",\"target\":{\"@type\":\"EntryPoint\",\"urlTemplate\":\"https:\/\/blog.urbanitae.com\/pt-pt\/?s={search_term_string}\"},\"query-input\":{\"@type\":\"PropertyValueSpecification\",\"valueRequired\":true,\"valueName\":\"search_term_string\"}}],\"inLanguage\":\"pt-PT\"},{\"@type\":\"Organization\",\"@id\":\"https:\/\/blog.urbanitae.com\/pt-pt\/#organization\",\"name\":\"Urbanitae\",\"url\":\"https:\/\/blog.urbanitae.com\/pt-pt\/\",\"logo\":{\"@type\":\"ImageObject\",\"inLanguage\":\"pt-PT\",\"@id\":\"https:\/\/blog.urbanitae.com\/pt-pt\/#\/schema\/logo\/image\/\",\"url\":\"https:\/\/blog.urbanitae.com\/wp-content\/uploads\/2020\/04\/logo-verde_350x100.svg\",\"contentUrl\":\"https:\/\/blog.urbanitae.com\/wp-content\/uploads\/2020\/04\/logo-verde_350x100.svg\",\"width\":350,\"height\":100,\"caption\":\"Urbanitae\"},\"image\":{\"@id\":\"https:\/\/blog.urbanitae.com\/pt-pt\/#\/schema\/logo\/image\/\"},\"sameAs\":[\"https:\/\/www.facebook.com\/urbanitae\",\"https:\/\/x.com\/urbanitae\",\"https:\/\/www.instagram.com\/urbanitae\",\"https:\/\/www.linkedin.com\/company\/urbanitae\",\"https:\/\/www.pinterest.es\/UrbanitaeSL\/_created\/\",\"https:\/\/www.youtube.com\/c\/Urbanitae_RE\"]}]}<\/script>\n<!-- \/ Yoast SEO plugin. -->","yoast_head_json":{"title":"Risco de mercado - Urbanitae Blog","description":"Trata-se do risco de perda financeira devido \u00e0s flutua\u00e7\u00f5es dos pre\u00e7os dos ativos nos mercados financeiros. Este risco pode ser causado por factores macroecon\u00f3micos, eventos geopol\u00edticos, altera\u00e7\u00f5es nas taxas de juro ou volatilidade do mercado.","robots":{"index":"index","follow":"follow","max-snippet":"max-snippet:-1","max-image-preview":"max-image-preview:large","max-video-preview":"max-video-preview:-1"},"canonical":"https:\/\/blog.urbanitae.com\/pt-pt\/glossario\/risco-de-mercado\/","og_locale":"pt_PT","og_type":"article","og_title":"Risco de mercado - Urbanitae Blog","og_description":"Trata-se do risco de perda financeira devido \u00e0s flutua\u00e7\u00f5es dos pre\u00e7os dos ativos nos mercados financeiros. Este risco pode ser causado por factores macroecon\u00f3micos, eventos geopol\u00edticos, altera\u00e7\u00f5es nas taxas de juro ou volatilidade do mercado.","og_url":"https:\/\/blog.urbanitae.com\/pt-pt\/glossario\/risco-de-mercado\/","og_site_name":"Urbanitae Blog | As melhores not\u00edcias sobre investimentos imobili\u00e1rios","article_publisher":"https:\/\/www.facebook.com\/urbanitae","article_modified_time":"2025-12-10T15:43:02+00:00","twitter_card":"summary_large_image","twitter_site":"@urbanitae","twitter_misc":{"Tempo estimado de leitura":"2 minutos"},"schema":{"@context":"https:\/\/schema.org","@graph":[{"@type":"WebPage","@id":"https:\/\/blog.urbanitae.com\/pt-pt\/glossario\/risco-de-mercado\/","url":"https:\/\/blog.urbanitae.com\/pt-pt\/glossario\/risco-de-mercado\/","name":"Risco de mercado - Urbanitae Blog","isPartOf":{"@id":"https:\/\/blog.urbanitae.com\/pt-pt\/#website"},"datePublished":"2025-04-15T19:01:09+00:00","dateModified":"2025-12-10T15:43:02+00:00","description":"Trata-se do risco de perda financeira devido \u00e0s flutua\u00e7\u00f5es dos pre\u00e7os dos ativos nos mercados financeiros. Este risco pode ser causado por factores macroecon\u00f3micos, eventos geopol\u00edticos, altera\u00e7\u00f5es nas taxas de juro ou volatilidade do mercado.","breadcrumb":{"@id":"https:\/\/blog.urbanitae.com\/pt-pt\/glossario\/risco-de-mercado\/#breadcrumb"},"inLanguage":"pt-PT","potentialAction":[{"@type":"ReadAction","target":["https:\/\/blog.urbanitae.com\/pt-pt\/glossario\/risco-de-mercado\/"]}]},{"@type":"BreadcrumbList","@id":"https:\/\/blog.urbanitae.com\/pt-pt\/glossario\/risco-de-mercado\/#breadcrumb","itemListElement":[{"@type":"ListItem","position":1,"name":"Portada","item":"https:\/\/blog.urbanitae.com\/pt-pt\/"},{"@type":"ListItem","position":2,"name":"Gloss\u00e1rio","item":"https:\/\/blog.urbanitae.com\/pt-pt\/glossario\/"},{"@type":"ListItem","position":3,"name":"Risco de mercado"}]},{"@type":"WebSite","@id":"https:\/\/blog.urbanitae.com\/pt-pt\/#website","url":"https:\/\/blog.urbanitae.com\/pt-pt\/","name":"Urbanitae Blog | Las mejores noticias sobre inversi\u00f3n inmobiliaria","description":"Investimento imobili\u00e1rio ao alcance de todos","publisher":{"@id":"https:\/\/blog.urbanitae.com\/pt-pt\/#organization"},"potentialAction":[{"@type":"SearchAction","target":{"@type":"EntryPoint","urlTemplate":"https:\/\/blog.urbanitae.com\/pt-pt\/?s={search_term_string}"},"query-input":{"@type":"PropertyValueSpecification","valueRequired":true,"valueName":"search_term_string"}}],"inLanguage":"pt-PT"},{"@type":"Organization","@id":"https:\/\/blog.urbanitae.com\/pt-pt\/#organization","name":"Urbanitae","url":"https:\/\/blog.urbanitae.com\/pt-pt\/","logo":{"@type":"ImageObject","inLanguage":"pt-PT","@id":"https:\/\/blog.urbanitae.com\/pt-pt\/#\/schema\/logo\/image\/","url":"https:\/\/blog.urbanitae.com\/wp-content\/uploads\/2020\/04\/logo-verde_350x100.svg","contentUrl":"https:\/\/blog.urbanitae.com\/wp-content\/uploads\/2020\/04\/logo-verde_350x100.svg","width":350,"height":100,"caption":"Urbanitae"},"image":{"@id":"https:\/\/blog.urbanitae.com\/pt-pt\/#\/schema\/logo\/image\/"},"sameAs":["https:\/\/www.facebook.com\/urbanitae","https:\/\/x.com\/urbanitae","https:\/\/www.instagram.com\/urbanitae","https:\/\/www.linkedin.com\/company\/urbanitae","https:\/\/www.pinterest.es\/UrbanitaeSL\/_created\/","https:\/\/www.youtube.com\/c\/Urbanitae_RE"]}]}},"_links":{"self":[{"href":"https:\/\/blog.urbanitae.com\/pt-pt\/wp-json\/wp\/v2\/pages\/62658","targetHints":{"allow":["GET"]}}],"collection":[{"href":"https:\/\/blog.urbanitae.com\/pt-pt\/wp-json\/wp\/v2\/pages"}],"about":[{"href":"https:\/\/blog.urbanitae.com\/pt-pt\/wp-json\/wp\/v2\/types\/page"}],"author":[{"embeddable":true,"href":"https:\/\/blog.urbanitae.com\/pt-pt\/wp-json\/wp\/v2\/users\/20"}],"replies":[{"embeddable":true,"href":"https:\/\/blog.urbanitae.com\/pt-pt\/wp-json\/wp\/v2\/comments?post=62658"}],"version-history":[{"count":1,"href":"https:\/\/blog.urbanitae.com\/pt-pt\/wp-json\/wp\/v2\/pages\/62658\/revisions"}],"predecessor-version":[{"id":62659,"href":"https:\/\/blog.urbanitae.com\/pt-pt\/wp-json\/wp\/v2\/pages\/62658\/revisions\/62659"}],"up":[{"embeddable":true,"href":"https:\/\/blog.urbanitae.com\/pt-pt\/wp-json\/wp\/v2\/pages\/62702"}],"wp:attachment":[{"href":"https:\/\/blog.urbanitae.com\/pt-pt\/wp-json\/wp\/v2\/media?parent=62658"}],"curies":[{"name":"wp","href":"https:\/\/api.w.org\/{rel}","templated":true}]}}