{"id":62624,"date":"2025-04-15T18:47:30","date_gmt":"2025-04-15T16:47:30","guid":{"rendered":"https:\/\/blog.urbanitae.com\/projectos-de-arrendamento\/"},"modified":"2025-12-10T17:25:33","modified_gmt":"2025-12-10T16:25:33","slug":"projectos-de-arrendamento","status":"publish","type":"page","link":"https:\/\/blog.urbanitae.com\/pt-pt\/glossario\/projectos-de-arrendamento\/","title":{"rendered":"Projectos de arrendamento"},"content":{"rendered":"\t\t<div data-elementor-type=\"wp-page\" data-elementor-id=\"62624\" class=\"elementor elementor-62624 elementor-57090\">\n\t\t\t\t\t\t<section class=\"elementor-section elementor-top-section elementor-element elementor-element-d86d887 elementor-section-boxed elementor-section-height-default elementor-section-height-default\" data-id=\"d86d887\" data-element_type=\"section\" data-e-type=\"section\">\n\t\t\t\t\t\t<div class=\"elementor-container elementor-column-gap-default\">\n\t\t\t\t\t<div class=\"elementor-column elementor-col-100 elementor-top-column elementor-element elementor-element-8b49ddd\" data-id=\"8b49ddd\" data-element_type=\"column\" data-e-type=\"column\">\n\t\t\t<div class=\"elementor-widget-wrap elementor-element-populated\">\n\t\t\t\t\t\t<div class=\"elementor-element elementor-element-083b30b elementor-widget__width-initial elementor-widget elementor-widget-text-editor\" data-id=\"083b30b\" data-element_type=\"widget\" data-e-type=\"widget\" data-widget_type=\"text-editor.default\">\n\t\t\t\t<div class=\"elementor-widget-container\">\n\t\t\t\t\t\t\t\t\t<h3>O que eles s\u00e3o?<\/h3><p style=\"color: #212121; font-family: Roboto, sans-serif; font-size: 16px;\">S\u00e3o <strong>projetos de investimento<\/strong> em que os investidores recebem renda peri\u00f3dica por meio da renda gerada por um ativo, como o aluguel de um im\u00f3vel. Os projetos de aluguel se concentram na gera\u00e7\u00e3o de um fluxo constante de renda, tornando-os uma op\u00e7\u00e3o atraente para investidores que buscam estabilidade e um retorno consistente de seu investimento.<\/p><p style=\"color: #212121; font-family: Roboto, sans-serif; font-size: 16px;\">No setor imobili\u00e1rio, esses tipos de projetos geralmente envolvem a compra e aluguel de propriedades residenciais, comerciais ou industriais, que fornecem renda por meio de pagamentos regulares dos inquilinos. Os projetos de aluguel podem ser de curto ou longo prazo, dependendo da natureza do ativo e do arrendamento. <\/p>\t\t\t\t\t\t\t\t<\/div>\n\t\t\t\t<\/div>\n\t\t\t\t<div class=\"elementor-element elementor-element-11c28c4 elementor-widget__width-initial elementor-widget elementor-widget-text-editor\" data-id=\"11c28c4\" data-element_type=\"widget\" data-e-type=\"widget\" data-widget_type=\"text-editor.default\">\n\t\t\t\t<div class=\"elementor-widget-container\">\n\t\t\t\t\t\t\t\t\t<h3>Aspectos-chave a considerar<\/h3><p style=\"color: #212121; font-family: Roboto, sans-serif; font-size: 16px;\">Ao investir em <strong>projetos de aluguel<\/strong>, \u00e9 fundamental avaliar a qualidade do ativo e a localiza\u00e7\u00e3o do im\u00f3vel, pois esses fatores influenciam diretamente na capacidade de gerar renda est\u00e1vel. Al\u00e9m disso, o tipo de loca\u00e7\u00e3o e a dura\u00e7\u00e3o dos contratos com os inquilinos tamb\u00e9m afetam a estabilidade do fluxo de caixa. <\/p><p style=\"color: #212121; font-family: Roboto, sans-serif; font-size: 16px;\">Os investidores devem estar cientes dos riscos associados, como a possibilidade de vac\u00e2ncia ou inadimpl\u00eancia dos inquilinos, que podem afetar a receita esperada. Tamb\u00e9m \u00e9 importante considerar os custos de manuten\u00e7\u00e3o e gerenciamento da propriedade, o que pode reduzir as margens de lucro. <\/p><p style=\"color: #212121; font-family: Roboto, sans-serif; font-size: 16px;\">Os projetos de aluguel s\u00e3o uma op\u00e7\u00e3o interessante para quem procura renda passiva regular, mas tamb\u00e9m exigem uma abordagem cuidadosa na sele\u00e7\u00e3o de ativos, gerenciamento de propriedades e avalia\u00e7\u00e3o de risco de mercado.<\/p><p> <\/p>\t\t\t\t\t\t\t\t<\/div>\n\t\t\t\t<\/div>\n\t\t\t\t\t<\/div>\n\t\t<\/div>\n\t\t\t\t\t<\/div>\n\t\t<\/section>\n\t\t\t\t<section class=\"elementor-section elementor-top-section elementor-element elementor-element-aa563c5 elementor-section-full_width elementor-section-height-default elementor-section-height-default\" data-id=\"aa563c5\" data-element_type=\"section\" data-e-type=\"section\">\n\t\t\t\t\t\t<div class=\"elementor-container elementor-column-gap-default\">\n\t\t\t\t\t<div class=\"elementor-column elementor-col-100 elementor-top-column elementor-element elementor-element-41114ac\" data-id=\"41114ac\" data-element_type=\"column\" data-e-type=\"column\">\n\t\t\t<div class=\"elementor-widget-wrap elementor-element-populated\">\n\t\t\t\t\t\t<div class=\"elementor-element elementor-element-43f7095 elementor-widget elementor-widget-html\" data-id=\"43f7095\" data-element_type=\"widget\" data-e-type=\"widget\" data-widget_type=\"html.default\">\n\t\t\t\t<div class=\"elementor-widget-container\">\n\t\t\t\t\t\r\n        <div class=\"qode-advanced-call-to-action qode-advanced-cta-gradient qode-advanced-cta-gradient-animation\" style=\"height:80px\">\r\n            <a class=\"advanced-cta-link\" href=\"https:\/\/mkt.urbanitae.com\/Urbanitae_suscripcion_newsletter.html?utm_source=blog&amp;utm_medium=link_blog&amp;utm_campaign=suscripcion_blog&amp;utm_content=boton\" target=\"_blank\" onclick=\"dataLayer.push({'event': 'ub_ga4_event', 'ub_ga4_event_name': 'newsletter', 'ub_ga4_event_element': 'aprende'})\"><\/a>\r\n            <div class=\"qode-advanced-cta-content\">\r\n                <span class=\"qode-advanced-cta-text-holder\" style=\"color:#FFFFFF;font-size:25px\">\r\n Assine nossa Newsletter <\/span>\r\n                <span class=\"qode-advanced-cta-icon-holder\" style=\"color:#FFFFFF;font-size:25px\">\r\n                    <span class=\"qode-advanced-cta-icon-holder-table\">\r\n                        <span class=\"qode-advanced-cta-icon-holder-cell\">\r\n                            <i class=\"qode_icon_font_awesome_5 fa5 fa fa-envelope-open-text qode-advanced-cta-icon\"><\/i> <\/span>\r\n                    <\/span>\r\n                <\/span>\r\n            <\/div>\r\n            <div class=\"qode-advanced-cta-background-holder\">\r\n                <span class=\"qode-advanced-cta-background-1 qode-type1-gradient-left-to-right\"><\/span>\r\n                <span class=\"qode-advanced-cta-background-2 qode-type1-gradient-left-to-right\"><\/span>\r\n                <span class=\"qode-advanced-cta-background-3\"><\/span>\r\n            <\/div>\r\n        <\/div>\r\n\t\t\t\t<\/div>\n\t\t\t\t<\/div>\n\t\t\t\t\t<\/div>\n\t\t<\/div>\n\t\t\t\t\t<\/div>\n\t\t<\/section>\n\t\t\t\t<\/div>\n\t\t","protected":false},"excerpt":{"rendered":"<p>O que eles s\u00e3o? S\u00e3o projetos de investimento em que os investidores recebem renda peri\u00f3dica por meio da renda gerada por um ativo, como o aluguel de um im\u00f3vel. Os projetos de aluguel se concentram na gera\u00e7\u00e3o de um fluxo constante de renda, tornando-os uma op\u00e7\u00e3o atraente para investidores que buscam estabilidade e um retorno [&hellip;]<\/p>\n","protected":false},"author":20,"featured_media":0,"parent":62702,"menu_order":0,"comment_status":"closed","ping_status":"closed","template":"","meta":{"inline_featured_image":false,"footnotes":""},"class_list":["post-62624","page","type-page","status-publish","hentry"],"blocksy_meta":[],"yoast_head":"<!-- This site is optimized with the Yoast SEO plugin v27.4 - https:\/\/yoast.com\/product\/yoast-seo-wordpress\/ -->\n<title>Projectos de arrendamento - Urbanitae Blog<\/title>\n<meta name=\"description\" content=\"S\u00e3o projetos de investimento em que os investidores recebem rendimentos regulares atrav\u00e9s do arrendamento gerado por um ativo, como um im\u00f3vel. Os projetos de arrendamento visam gerar rendimentos consistentes para os investidores.\" \/>\n<meta name=\"robots\" content=\"index, follow, max-snippet:-1, max-image-preview:large, max-video-preview:-1\" \/>\n<link rel=\"canonical\" href=\"https:\/\/blog.urbanitae.com\/pt-pt\/glossario\/projectos-de-arrendamento\/\" \/>\n<meta property=\"og:locale\" content=\"pt_PT\" \/>\n<meta property=\"og:type\" content=\"article\" \/>\n<meta property=\"og:title\" content=\"Projectos de arrendamento - Urbanitae Blog\" \/>\n<meta property=\"og:description\" content=\"S\u00e3o projetos de investimento em que os investidores recebem rendimentos regulares atrav\u00e9s do arrendamento gerado por um ativo, como um im\u00f3vel. Os projetos de arrendamento visam gerar rendimentos consistentes para os investidores.\" \/>\n<meta property=\"og:url\" content=\"https:\/\/blog.urbanitae.com\/pt-pt\/glossario\/projectos-de-arrendamento\/\" \/>\n<meta property=\"og:site_name\" content=\"Urbanitae Blog | As melhores not\u00edcias sobre investimentos imobili\u00e1rios\" \/>\n<meta property=\"article:publisher\" content=\"https:\/\/www.facebook.com\/urbanitae\" \/>\n<meta property=\"article:modified_time\" content=\"2025-12-10T16:25:33+00:00\" \/>\n<meta name=\"twitter:card\" content=\"summary_large_image\" \/>\n<meta name=\"twitter:site\" content=\"@urbanitae\" \/>\n<meta name=\"twitter:label1\" content=\"Tempo estimado de leitura\" \/>\n\t<meta name=\"twitter:data1\" content=\"1 minuto\" \/>\n<script type=\"application\/ld+json\" class=\"yoast-schema-graph\">{\"@context\":\"https:\\\/\\\/schema.org\",\"@graph\":[{\"@type\":\"WebPage\",\"@id\":\"https:\\\/\\\/blog.urbanitae.com\\\/pt-pt\\\/glossario\\\/projectos-de-arrendamento\\\/\",\"url\":\"https:\\\/\\\/blog.urbanitae.com\\\/pt-pt\\\/glossario\\\/projectos-de-arrendamento\\\/\",\"name\":\"Projectos de arrendamento - Urbanitae Blog\",\"isPartOf\":{\"@id\":\"https:\\\/\\\/blog.urbanitae.com\\\/pt-pt\\\/#website\"},\"datePublished\":\"2025-04-15T16:47:30+00:00\",\"dateModified\":\"2025-12-10T16:25:33+00:00\",\"description\":\"S\u00e3o projetos de investimento em que os investidores recebem rendimentos regulares atrav\u00e9s do arrendamento gerado por um ativo, como um im\u00f3vel. Os projetos de arrendamento visam gerar rendimentos consistentes para os investidores.\",\"breadcrumb\":{\"@id\":\"https:\\\/\\\/blog.urbanitae.com\\\/pt-pt\\\/glossario\\\/projectos-de-arrendamento\\\/#breadcrumb\"},\"inLanguage\":\"pt-PT\",\"potentialAction\":[{\"@type\":\"ReadAction\",\"target\":[\"https:\\\/\\\/blog.urbanitae.com\\\/pt-pt\\\/glossario\\\/projectos-de-arrendamento\\\/\"]}]},{\"@type\":\"BreadcrumbList\",\"@id\":\"https:\\\/\\\/blog.urbanitae.com\\\/pt-pt\\\/glossario\\\/projectos-de-arrendamento\\\/#breadcrumb\",\"itemListElement\":[{\"@type\":\"ListItem\",\"position\":1,\"name\":\"Portada\",\"item\":\"https:\\\/\\\/blog.urbanitae.com\\\/pt-pt\\\/\"},{\"@type\":\"ListItem\",\"position\":2,\"name\":\"Gloss\u00e1rio\",\"item\":\"https:\\\/\\\/blog.urbanitae.com\\\/pt-pt\\\/glossario\\\/\"},{\"@type\":\"ListItem\",\"position\":3,\"name\":\"Projectos de arrendamento\"}]},{\"@type\":\"WebSite\",\"@id\":\"https:\\\/\\\/blog.urbanitae.com\\\/pt-pt\\\/#website\",\"url\":\"https:\\\/\\\/blog.urbanitae.com\\\/pt-pt\\\/\",\"name\":\"Urbanitae Blog | Las mejores noticias sobre inversi\u00f3n inmobiliaria\",\"description\":\"Investimento imobili\u00e1rio ao alcance de todos\",\"publisher\":{\"@id\":\"https:\\\/\\\/blog.urbanitae.com\\\/pt-pt\\\/#organization\"},\"potentialAction\":[{\"@type\":\"SearchAction\",\"target\":{\"@type\":\"EntryPoint\",\"urlTemplate\":\"https:\\\/\\\/blog.urbanitae.com\\\/pt-pt\\\/?s={search_term_string}\"},\"query-input\":{\"@type\":\"PropertyValueSpecification\",\"valueRequired\":true,\"valueName\":\"search_term_string\"}}],\"inLanguage\":\"pt-PT\"},{\"@type\":\"Organization\",\"@id\":\"https:\\\/\\\/blog.urbanitae.com\\\/pt-pt\\\/#organization\",\"name\":\"Urbanitae\",\"url\":\"https:\\\/\\\/blog.urbanitae.com\\\/pt-pt\\\/\",\"logo\":{\"@type\":\"ImageObject\",\"inLanguage\":\"pt-PT\",\"@id\":\"https:\\\/\\\/blog.urbanitae.com\\\/pt-pt\\\/#\\\/schema\\\/logo\\\/image\\\/\",\"url\":\"https:\\\/\\\/blog.urbanitae.com\\\/wp-content\\\/uploads\\\/2020\\\/04\\\/logo-verde_350x100.svg\",\"contentUrl\":\"https:\\\/\\\/blog.urbanitae.com\\\/wp-content\\\/uploads\\\/2020\\\/04\\\/logo-verde_350x100.svg\",\"width\":350,\"height\":100,\"caption\":\"Urbanitae\"},\"image\":{\"@id\":\"https:\\\/\\\/blog.urbanitae.com\\\/pt-pt\\\/#\\\/schema\\\/logo\\\/image\\\/\"},\"sameAs\":[\"https:\\\/\\\/www.facebook.com\\\/urbanitae\",\"https:\\\/\\\/x.com\\\/urbanitae\",\"https:\\\/\\\/www.instagram.com\\\/urbanitae\",\"https:\\\/\\\/www.linkedin.com\\\/company\\\/urbanitae\",\"https:\\\/\\\/www.pinterest.es\\\/UrbanitaeSL\\\/_created\\\/\",\"https:\\\/\\\/www.youtube.com\\\/c\\\/Urbanitae_RE\"]}]}<\/script>\n<!-- \/ Yoast SEO plugin. -->","yoast_head_json":{"title":"Projectos de arrendamento - Urbanitae Blog","description":"S\u00e3o projetos de investimento em que os investidores recebem rendimentos regulares atrav\u00e9s do arrendamento gerado por um ativo, como um im\u00f3vel. Os projetos de arrendamento visam gerar rendimentos consistentes para os investidores.","robots":{"index":"index","follow":"follow","max-snippet":"max-snippet:-1","max-image-preview":"max-image-preview:large","max-video-preview":"max-video-preview:-1"},"canonical":"https:\/\/blog.urbanitae.com\/pt-pt\/glossario\/projectos-de-arrendamento\/","og_locale":"pt_PT","og_type":"article","og_title":"Projectos de arrendamento - Urbanitae Blog","og_description":"S\u00e3o projetos de investimento em que os investidores recebem rendimentos regulares atrav\u00e9s do arrendamento gerado por um ativo, como um im\u00f3vel. Os projetos de arrendamento visam gerar rendimentos consistentes para os investidores.","og_url":"https:\/\/blog.urbanitae.com\/pt-pt\/glossario\/projectos-de-arrendamento\/","og_site_name":"Urbanitae Blog | As melhores not\u00edcias sobre investimentos imobili\u00e1rios","article_publisher":"https:\/\/www.facebook.com\/urbanitae","article_modified_time":"2025-12-10T16:25:33+00:00","twitter_card":"summary_large_image","twitter_site":"@urbanitae","twitter_misc":{"Tempo estimado de leitura":"1 minuto"},"schema":{"@context":"https:\/\/schema.org","@graph":[{"@type":"WebPage","@id":"https:\/\/blog.urbanitae.com\/pt-pt\/glossario\/projectos-de-arrendamento\/","url":"https:\/\/blog.urbanitae.com\/pt-pt\/glossario\/projectos-de-arrendamento\/","name":"Projectos de arrendamento - Urbanitae Blog","isPartOf":{"@id":"https:\/\/blog.urbanitae.com\/pt-pt\/#website"},"datePublished":"2025-04-15T16:47:30+00:00","dateModified":"2025-12-10T16:25:33+00:00","description":"S\u00e3o projetos de investimento em que os investidores recebem rendimentos regulares atrav\u00e9s do arrendamento gerado por um ativo, como um im\u00f3vel. Os projetos de arrendamento visam gerar rendimentos consistentes para os investidores.","breadcrumb":{"@id":"https:\/\/blog.urbanitae.com\/pt-pt\/glossario\/projectos-de-arrendamento\/#breadcrumb"},"inLanguage":"pt-PT","potentialAction":[{"@type":"ReadAction","target":["https:\/\/blog.urbanitae.com\/pt-pt\/glossario\/projectos-de-arrendamento\/"]}]},{"@type":"BreadcrumbList","@id":"https:\/\/blog.urbanitae.com\/pt-pt\/glossario\/projectos-de-arrendamento\/#breadcrumb","itemListElement":[{"@type":"ListItem","position":1,"name":"Portada","item":"https:\/\/blog.urbanitae.com\/pt-pt\/"},{"@type":"ListItem","position":2,"name":"Gloss\u00e1rio","item":"https:\/\/blog.urbanitae.com\/pt-pt\/glossario\/"},{"@type":"ListItem","position":3,"name":"Projectos de arrendamento"}]},{"@type":"WebSite","@id":"https:\/\/blog.urbanitae.com\/pt-pt\/#website","url":"https:\/\/blog.urbanitae.com\/pt-pt\/","name":"Urbanitae Blog | Las mejores noticias sobre inversi\u00f3n inmobiliaria","description":"Investimento imobili\u00e1rio ao alcance de todos","publisher":{"@id":"https:\/\/blog.urbanitae.com\/pt-pt\/#organization"},"potentialAction":[{"@type":"SearchAction","target":{"@type":"EntryPoint","urlTemplate":"https:\/\/blog.urbanitae.com\/pt-pt\/?s={search_term_string}"},"query-input":{"@type":"PropertyValueSpecification","valueRequired":true,"valueName":"search_term_string"}}],"inLanguage":"pt-PT"},{"@type":"Organization","@id":"https:\/\/blog.urbanitae.com\/pt-pt\/#organization","name":"Urbanitae","url":"https:\/\/blog.urbanitae.com\/pt-pt\/","logo":{"@type":"ImageObject","inLanguage":"pt-PT","@id":"https:\/\/blog.urbanitae.com\/pt-pt\/#\/schema\/logo\/image\/","url":"https:\/\/blog.urbanitae.com\/wp-content\/uploads\/2020\/04\/logo-verde_350x100.svg","contentUrl":"https:\/\/blog.urbanitae.com\/wp-content\/uploads\/2020\/04\/logo-verde_350x100.svg","width":350,"height":100,"caption":"Urbanitae"},"image":{"@id":"https:\/\/blog.urbanitae.com\/pt-pt\/#\/schema\/logo\/image\/"},"sameAs":["https:\/\/www.facebook.com\/urbanitae","https:\/\/x.com\/urbanitae","https:\/\/www.instagram.com\/urbanitae","https:\/\/www.linkedin.com\/company\/urbanitae","https:\/\/www.pinterest.es\/UrbanitaeSL\/_created\/","https:\/\/www.youtube.com\/c\/Urbanitae_RE"]}]}},"_links":{"self":[{"href":"https:\/\/blog.urbanitae.com\/pt-pt\/wp-json\/wp\/v2\/pages\/62624","targetHints":{"allow":["GET"]}}],"collection":[{"href":"https:\/\/blog.urbanitae.com\/pt-pt\/wp-json\/wp\/v2\/pages"}],"about":[{"href":"https:\/\/blog.urbanitae.com\/pt-pt\/wp-json\/wp\/v2\/types\/page"}],"author":[{"embeddable":true,"href":"https:\/\/blog.urbanitae.com\/pt-pt\/wp-json\/wp\/v2\/users\/20"}],"replies":[{"embeddable":true,"href":"https:\/\/blog.urbanitae.com\/pt-pt\/wp-json\/wp\/v2\/comments?post=62624"}],"version-history":[{"count":0,"href":"https:\/\/blog.urbanitae.com\/pt-pt\/wp-json\/wp\/v2\/pages\/62624\/revisions"}],"up":[{"embeddable":true,"href":"https:\/\/blog.urbanitae.com\/pt-pt\/wp-json\/wp\/v2\/pages\/62702"}],"wp:attachment":[{"href":"https:\/\/blog.urbanitae.com\/pt-pt\/wp-json\/wp\/v2\/media?parent=62624"}],"curies":[{"name":"wp","href":"https:\/\/api.w.org\/{rel}","templated":true}]}}