{"id":62586,"date":"2025-04-15T16:47:26","date_gmt":"2025-04-15T14:47:26","guid":{"rendered":"https:\/\/blog.urbanitae.com\/mercado-de-valores-mobiliarios\/"},"modified":"2025-04-26T23:30:52","modified_gmt":"2025-04-26T21:30:52","slug":"mercado-de-valores-mobiliarios","status":"publish","type":"page","link":"https:\/\/blog.urbanitae.com\/pt-pt\/glossario\/mercado-de-valores-mobiliarios\/","title":{"rendered":"Mercado de valores mobili\u00e1rios"},"content":{"rendered":"\t\t<div data-elementor-type=\"wp-page\" data-elementor-id=\"62586\" class=\"elementor elementor-62586 elementor-56968\">\n\t\t\t\t\t\t<section class=\"elementor-section elementor-top-section elementor-element elementor-element-d86d887 elementor-section-boxed elementor-section-height-default elementor-section-height-default parallax_section_no qode_elementor_container_no\" data-id=\"d86d887\" data-element_type=\"section\">\n\t\t\t\t\t\t<div class=\"elementor-container elementor-column-gap-default\">\n\t\t\t\t\t<div class=\"elementor-column elementor-col-100 elementor-top-column elementor-element elementor-element-8b49ddd\" data-id=\"8b49ddd\" data-element_type=\"column\">\n\t\t\t<div class=\"elementor-widget-wrap elementor-element-populated\">\n\t\t\t\t\t\t<div class=\"elementor-element elementor-element-083b30b elementor-widget__width-initial elementor-widget elementor-widget-text-editor\" data-id=\"083b30b\" data-element_type=\"widget\" data-widget_type=\"text-editor.default\">\n\t\t\t\t<div class=\"elementor-widget-container\">\n\t\t\t\t\t\t\t\t\t<h3>O que \u00e9?<\/h3><p style=\"color: #212121; font-family: Roboto, sans-serif; font-size: 16px;\">\u00c9 um mercado organizado no qual t\u00edtulos financeiros, como a\u00e7\u00f5es e t\u00edtulos, s\u00e3o comprados e vendidos. Os mercados de a\u00e7\u00f5es facilitam a negocia\u00e7\u00e3o e liquidez de ativos financeiros entre investidores, proporcionando um espa\u00e7o onde compradores e vendedores podem trocar ativos de forma eficiente e transparente.<\/p><p style=\"color: #212121; font-family: Roboto, sans-serif; font-size: 16px;\">Os mercados de a\u00e7\u00f5es s\u00e3o essenciais para o funcionamento das economias, pois permitem que as empresas levantem capital por meio da emiss\u00e3o de a\u00e7\u00f5es e t\u00edtulos, ao mesmo tempo em que oferecem aos investidores a capacidade de comprar ativos para diversificar suas carteiras e obter retornos. Al\u00e9m disso, eles fornecem um mecanismo para pre\u00e7os baseados na oferta e na demanda, refletindo o valor atual dos ativos pendentes. <\/p>\t\t\t\t\t\t\t\t<\/div>\n\t\t\t\t<\/div>\n\t\t\t\t<div class=\"elementor-element elementor-element-11c28c4 elementor-widget__width-initial elementor-widget elementor-widget-text-editor\" data-id=\"11c28c4\" data-element_type=\"widget\" data-widget_type=\"text-editor.default\">\n\t\t\t\t<div class=\"elementor-widget-container\">\n\t\t\t\t\t\t\t\t\t<h3>Aspectos-chave a considerar<\/h3>\n<p style=\"color: #212121; font-family: Roboto, sans-serif; font-size: 16px;\">Dois tipos principais de ativos s\u00e3o negociados no mercado de a\u00e7\u00f5es:<\/p>\n<strong>A\u00e7\u00f5es:<\/strong> Eles representam uma participa\u00e7\u00e3o acion\u00e1ria em uma empresa e concedem direitos sobre seus lucros e ativos.\n\n<strong>B\u00f4nus:<\/strong> S\u00e3o instrumentos de d\u00edvida emitidos por governos, empresas ou institui\u00e7\u00f5es, que permitem aos investidores receber pagamentos peri\u00f3dicos de juros e reembolso do principal no vencimento.\n\n<p style=\"color: #212121; font-family: Roboto, sans-serif; font-size: 16px;\"><strong>Os mercados de valores mobili\u00e1rios<\/strong> fornecem aos investidores a capacidade de negociar em mercados prim\u00e1rios (onde novos t\u00edtulos s\u00e3o emitidos) e mercados secund\u00e1rios (onde t\u00edtulos emitidos anteriormente s\u00e3o negociados). A exist\u00eancia de uma infraestrutura organizada para a compra e venda de t\u00edtulos garante transpar\u00eancia, liquidez e efici\u00eancia nas transa\u00e7\u00f5es. <\/p>\n<p style=\"color: #212121; font-family: Roboto, sans-serif; font-size: 16px;\">Esses mercados tamb\u00e9m desempenham um papel crucial na avalia\u00e7\u00e3o de ativos e na aloca\u00e7\u00e3o de riscos, pois permitem que os investidores acessem uma variedade de instrumentos financeiros que podem se adequar aos seus objetivos e perfis de risco.<\/p>\t\t\t\t\t\t\t\t<\/div>\n\t\t\t\t<\/div>\n\t\t\t\t\t<\/div>\n\t\t<\/div>\n\t\t\t\t\t<\/div>\n\t\t<\/section>\n\t\t\t\t<section class=\"elementor-section elementor-top-section elementor-element elementor-element-aa563c5 elementor-section-full_width elementor-section-stretched elementor-section-height-default elementor-section-height-default parallax_section_no qode_elementor_container_no\" data-id=\"aa563c5\" data-element_type=\"section\" data-settings=\"{&quot;stretch_section&quot;:&quot;section-stretched&quot;}\">\n\t\t\t\t\t\t<div class=\"elementor-container elementor-column-gap-default\">\n\t\t\t\t\t<div class=\"elementor-column elementor-col-100 elementor-top-column elementor-element elementor-element-41114ac\" data-id=\"41114ac\" data-element_type=\"column\">\n\t\t\t<div class=\"elementor-widget-wrap elementor-element-populated\">\n\t\t\t\t\t\t<div class=\"elementor-element elementor-element-43f7095 elementor-widget elementor-widget-html\" data-id=\"43f7095\" data-element_type=\"widget\" data-widget_type=\"html.default\">\n\t\t\t\t<div class=\"elementor-widget-container\">\n\t\t\t\t\t\r\n        <div class=\"qode-advanced-call-to-action qode-advanced-cta-gradient qode-advanced-cta-gradient-animation\" style=\"height:80px\">\r\n            <a class=\"advanced-cta-link\" href=\"https:\/\/mkt.urbanitae.com\/Urbanitae_suscripcion_newsletter.html?utm_source=blog&amp;utm_medium=link_blog&amp;utm_campaign=suscripcion_blog&amp;utm_content=boton\" target=\"_blank\" onclick=\"dataLayer.push({'event': 'ub_ga4_event', 'ub_ga4_event_name': 'newsletter', 'ub_ga4_event_element': 'aprende'})\"><\/a>\r\n            <div class=\"qode-advanced-cta-content\">\r\n                <span class=\"qode-advanced-cta-text-holder\" style=\"color:#FFFFFF;font-size:25px\">\r\n Assine nossa Newsletter <\/span>\r\n                <span class=\"qode-advanced-cta-icon-holder\" style=\"color:#FFFFFF;font-size:25px\">\r\n                    <span class=\"qode-advanced-cta-icon-holder-table\">\r\n                        <span class=\"qode-advanced-cta-icon-holder-cell\">\r\n                            <i class=\"qode_icon_font_awesome_5 fa5 fa fa-envelope-open-text qode-advanced-cta-icon\"><\/i> <\/span>\r\n                    <\/span>\r\n                <\/span>\r\n            <\/div>\r\n            <div class=\"qode-advanced-cta-background-holder\">\r\n                <span class=\"qode-advanced-cta-background-1 qode-type1-gradient-left-to-right\"><\/span>\r\n                <span class=\"qode-advanced-cta-background-2 qode-type1-gradient-left-to-right\"><\/span>\r\n                <span class=\"qode-advanced-cta-background-3\"><\/span>\r\n            <\/div>\r\n        <\/div>\r\n\t\t\t\t<\/div>\n\t\t\t\t<\/div>\n\t\t\t\t\t<\/div>\n\t\t<\/div>\n\t\t\t\t\t<\/div>\n\t\t<\/section>\n\t\t\t\t<\/div>\n\t\t","protected":false},"excerpt":{"rendered":"<p>O que \u00e9? \u00c9 um mercado organizado no qual t\u00edtulos financeiros, como a\u00e7\u00f5es e t\u00edtulos, s\u00e3o comprados e vendidos. Os mercados de a\u00e7\u00f5es facilitam a negocia\u00e7\u00e3o e liquidez de ativos financeiros entre investidores, proporcionando um espa\u00e7o onde compradores e vendedores podem trocar ativos de forma&#8230;<\/p>\n","protected":false},"author":20,"featured_media":0,"parent":62702,"menu_order":0,"comment_status":"closed","ping_status":"closed","template":"","meta":{"inline_featured_image":false,"_lmt_disableupdate":"","_lmt_disable":"","footnotes":""},"class_list":["post-62586","page","type-page","status-publish","hentry"],"yoast_head":"<!-- This site is optimized with the Yoast SEO plugin v26.6 - https:\/\/yoast.com\/wordpress\/plugins\/seo\/ -->\n<title>Mercado de valores mobili\u00e1rios - Urbanitae Blog<\/title>\n<meta name=\"description\" content=\"\u00c9 um mercado organizado no qual t\u00edtulos financeiros, como a\u00e7\u00f5es e t\u00edtulos, s\u00e3o comprados e vendidos. Os mercados acionistas facilitam a negocia\u00e7\u00e3o e liquidez de ativos financeiros entre investidores.\" \/>\n<meta name=\"robots\" content=\"index, follow, max-snippet:-1, max-image-preview:large, max-video-preview:-1\" \/>\n<link rel=\"canonical\" href=\"https:\/\/blog.urbanitae.com\/pt-pt\/glossario\/mercado-de-valores-mobiliarios\/\" \/>\n<meta property=\"og:locale\" content=\"pt_PT\" \/>\n<meta property=\"og:type\" content=\"article\" \/>\n<meta property=\"og:title\" content=\"Mercado de valores mobili\u00e1rios - Urbanitae Blog\" \/>\n<meta property=\"og:description\" content=\"\u00c9 um mercado organizado no qual t\u00edtulos financeiros, como a\u00e7\u00f5es e t\u00edtulos, s\u00e3o comprados e vendidos. Os mercados acionistas facilitam a negocia\u00e7\u00e3o e liquidez de ativos financeiros entre investidores.\" \/>\n<meta property=\"og:url\" content=\"https:\/\/blog.urbanitae.com\/pt-pt\/glossario\/mercado-de-valores-mobiliarios\/\" \/>\n<meta property=\"og:site_name\" content=\"Urbanitae Blog | As melhores not\u00edcias sobre investimentos imobili\u00e1rios\" \/>\n<meta property=\"article:publisher\" content=\"https:\/\/www.facebook.com\/urbanitae\" \/>\n<meta property=\"article:modified_time\" content=\"2025-04-26T21:30:52+00:00\" \/>\n<meta name=\"twitter:card\" content=\"summary_large_image\" \/>\n<meta name=\"twitter:site\" content=\"@urbanitae\" \/>\n<meta name=\"twitter:label1\" content=\"Tempo estimado de leitura\" \/>\n\t<meta name=\"twitter:data1\" content=\"1 minuto\" \/>\n<script type=\"application\/ld+json\" class=\"yoast-schema-graph\">{\"@context\":\"https:\/\/schema.org\",\"@graph\":[{\"@type\":\"WebPage\",\"@id\":\"https:\/\/blog.urbanitae.com\/pt-pt\/glossario\/mercado-de-valores-mobiliarios\/\",\"url\":\"https:\/\/blog.urbanitae.com\/pt-pt\/glossario\/mercado-de-valores-mobiliarios\/\",\"name\":\"Mercado de valores mobili\u00e1rios - Urbanitae Blog\",\"isPartOf\":{\"@id\":\"https:\/\/blog.urbanitae.com\/pt-pt\/#website\"},\"datePublished\":\"2025-04-15T14:47:26+00:00\",\"dateModified\":\"2025-04-26T21:30:52+00:00\",\"description\":\"\u00c9 um mercado organizado no qual t\u00edtulos financeiros, como a\u00e7\u00f5es e t\u00edtulos, s\u00e3o comprados e vendidos. Os mercados acionistas facilitam a negocia\u00e7\u00e3o e liquidez de ativos financeiros entre investidores.\",\"breadcrumb\":{\"@id\":\"https:\/\/blog.urbanitae.com\/pt-pt\/glossario\/mercado-de-valores-mobiliarios\/#breadcrumb\"},\"inLanguage\":\"pt-PT\",\"potentialAction\":[{\"@type\":\"ReadAction\",\"target\":[\"https:\/\/blog.urbanitae.com\/pt-pt\/glossario\/mercado-de-valores-mobiliarios\/\"]}]},{\"@type\":\"BreadcrumbList\",\"@id\":\"https:\/\/blog.urbanitae.com\/pt-pt\/glossario\/mercado-de-valores-mobiliarios\/#breadcrumb\",\"itemListElement\":[{\"@type\":\"ListItem\",\"position\":1,\"name\":\"Portada\",\"item\":\"https:\/\/blog.urbanitae.com\/pt-pt\/\"},{\"@type\":\"ListItem\",\"position\":2,\"name\":\"Gloss\u00e1rio\",\"item\":\"https:\/\/blog.urbanitae.com\/pt-pt\/glossario\/\"},{\"@type\":\"ListItem\",\"position\":3,\"name\":\"Mercado de valores mobili\u00e1rios\"}]},{\"@type\":\"WebSite\",\"@id\":\"https:\/\/blog.urbanitae.com\/pt-pt\/#website\",\"url\":\"https:\/\/blog.urbanitae.com\/pt-pt\/\",\"name\":\"Urbanitae Blog | Las mejores noticias sobre inversi\u00f3n inmobiliaria\",\"description\":\"Investimento imobili\u00e1rio ao alcance de todos\",\"publisher\":{\"@id\":\"https:\/\/blog.urbanitae.com\/pt-pt\/#organization\"},\"potentialAction\":[{\"@type\":\"SearchAction\",\"target\":{\"@type\":\"EntryPoint\",\"urlTemplate\":\"https:\/\/blog.urbanitae.com\/pt-pt\/?s={search_term_string}\"},\"query-input\":{\"@type\":\"PropertyValueSpecification\",\"valueRequired\":true,\"valueName\":\"search_term_string\"}}],\"inLanguage\":\"pt-PT\"},{\"@type\":\"Organization\",\"@id\":\"https:\/\/blog.urbanitae.com\/pt-pt\/#organization\",\"name\":\"Urbanitae\",\"url\":\"https:\/\/blog.urbanitae.com\/pt-pt\/\",\"logo\":{\"@type\":\"ImageObject\",\"inLanguage\":\"pt-PT\",\"@id\":\"https:\/\/blog.urbanitae.com\/pt-pt\/#\/schema\/logo\/image\/\",\"url\":\"https:\/\/blog.urbanitae.com\/wp-content\/uploads\/2020\/04\/logo-verde_350x100.svg\",\"contentUrl\":\"https:\/\/blog.urbanitae.com\/wp-content\/uploads\/2020\/04\/logo-verde_350x100.svg\",\"width\":350,\"height\":100,\"caption\":\"Urbanitae\"},\"image\":{\"@id\":\"https:\/\/blog.urbanitae.com\/pt-pt\/#\/schema\/logo\/image\/\"},\"sameAs\":[\"https:\/\/www.facebook.com\/urbanitae\",\"https:\/\/x.com\/urbanitae\",\"https:\/\/www.instagram.com\/urbanitae\",\"https:\/\/www.linkedin.com\/company\/urbanitae\",\"https:\/\/www.pinterest.es\/UrbanitaeSL\/_created\/\",\"https:\/\/www.youtube.com\/c\/Urbanitae_RE\"]}]}<\/script>\n<!-- \/ Yoast SEO plugin. -->","yoast_head_json":{"title":"Mercado de valores mobili\u00e1rios - Urbanitae Blog","description":"\u00c9 um mercado organizado no qual t\u00edtulos financeiros, como a\u00e7\u00f5es e t\u00edtulos, s\u00e3o comprados e vendidos. Os mercados acionistas facilitam a negocia\u00e7\u00e3o e liquidez de ativos financeiros entre investidores.","robots":{"index":"index","follow":"follow","max-snippet":"max-snippet:-1","max-image-preview":"max-image-preview:large","max-video-preview":"max-video-preview:-1"},"canonical":"https:\/\/blog.urbanitae.com\/pt-pt\/glossario\/mercado-de-valores-mobiliarios\/","og_locale":"pt_PT","og_type":"article","og_title":"Mercado de valores mobili\u00e1rios - Urbanitae Blog","og_description":"\u00c9 um mercado organizado no qual t\u00edtulos financeiros, como a\u00e7\u00f5es e t\u00edtulos, s\u00e3o comprados e vendidos. Os mercados acionistas facilitam a negocia\u00e7\u00e3o e liquidez de ativos financeiros entre investidores.","og_url":"https:\/\/blog.urbanitae.com\/pt-pt\/glossario\/mercado-de-valores-mobiliarios\/","og_site_name":"Urbanitae Blog | As melhores not\u00edcias sobre investimentos imobili\u00e1rios","article_publisher":"https:\/\/www.facebook.com\/urbanitae","article_modified_time":"2025-04-26T21:30:52+00:00","twitter_card":"summary_large_image","twitter_site":"@urbanitae","twitter_misc":{"Tempo estimado de leitura":"1 minuto"},"schema":{"@context":"https:\/\/schema.org","@graph":[{"@type":"WebPage","@id":"https:\/\/blog.urbanitae.com\/pt-pt\/glossario\/mercado-de-valores-mobiliarios\/","url":"https:\/\/blog.urbanitae.com\/pt-pt\/glossario\/mercado-de-valores-mobiliarios\/","name":"Mercado de valores mobili\u00e1rios - Urbanitae Blog","isPartOf":{"@id":"https:\/\/blog.urbanitae.com\/pt-pt\/#website"},"datePublished":"2025-04-15T14:47:26+00:00","dateModified":"2025-04-26T21:30:52+00:00","description":"\u00c9 um mercado organizado no qual t\u00edtulos financeiros, como a\u00e7\u00f5es e t\u00edtulos, s\u00e3o comprados e vendidos. Os mercados acionistas facilitam a negocia\u00e7\u00e3o e liquidez de ativos financeiros entre investidores.","breadcrumb":{"@id":"https:\/\/blog.urbanitae.com\/pt-pt\/glossario\/mercado-de-valores-mobiliarios\/#breadcrumb"},"inLanguage":"pt-PT","potentialAction":[{"@type":"ReadAction","target":["https:\/\/blog.urbanitae.com\/pt-pt\/glossario\/mercado-de-valores-mobiliarios\/"]}]},{"@type":"BreadcrumbList","@id":"https:\/\/blog.urbanitae.com\/pt-pt\/glossario\/mercado-de-valores-mobiliarios\/#breadcrumb","itemListElement":[{"@type":"ListItem","position":1,"name":"Portada","item":"https:\/\/blog.urbanitae.com\/pt-pt\/"},{"@type":"ListItem","position":2,"name":"Gloss\u00e1rio","item":"https:\/\/blog.urbanitae.com\/pt-pt\/glossario\/"},{"@type":"ListItem","position":3,"name":"Mercado de valores mobili\u00e1rios"}]},{"@type":"WebSite","@id":"https:\/\/blog.urbanitae.com\/pt-pt\/#website","url":"https:\/\/blog.urbanitae.com\/pt-pt\/","name":"Urbanitae Blog | Las mejores noticias sobre inversi\u00f3n inmobiliaria","description":"Investimento imobili\u00e1rio ao alcance de todos","publisher":{"@id":"https:\/\/blog.urbanitae.com\/pt-pt\/#organization"},"potentialAction":[{"@type":"SearchAction","target":{"@type":"EntryPoint","urlTemplate":"https:\/\/blog.urbanitae.com\/pt-pt\/?s={search_term_string}"},"query-input":{"@type":"PropertyValueSpecification","valueRequired":true,"valueName":"search_term_string"}}],"inLanguage":"pt-PT"},{"@type":"Organization","@id":"https:\/\/blog.urbanitae.com\/pt-pt\/#organization","name":"Urbanitae","url":"https:\/\/blog.urbanitae.com\/pt-pt\/","logo":{"@type":"ImageObject","inLanguage":"pt-PT","@id":"https:\/\/blog.urbanitae.com\/pt-pt\/#\/schema\/logo\/image\/","url":"https:\/\/blog.urbanitae.com\/wp-content\/uploads\/2020\/04\/logo-verde_350x100.svg","contentUrl":"https:\/\/blog.urbanitae.com\/wp-content\/uploads\/2020\/04\/logo-verde_350x100.svg","width":350,"height":100,"caption":"Urbanitae"},"image":{"@id":"https:\/\/blog.urbanitae.com\/pt-pt\/#\/schema\/logo\/image\/"},"sameAs":["https:\/\/www.facebook.com\/urbanitae","https:\/\/x.com\/urbanitae","https:\/\/www.instagram.com\/urbanitae","https:\/\/www.linkedin.com\/company\/urbanitae","https:\/\/www.pinterest.es\/UrbanitaeSL\/_created\/","https:\/\/www.youtube.com\/c\/Urbanitae_RE"]}]}},"_links":{"self":[{"href":"https:\/\/blog.urbanitae.com\/pt-pt\/wp-json\/wp\/v2\/pages\/62586","targetHints":{"allow":["GET"]}}],"collection":[{"href":"https:\/\/blog.urbanitae.com\/pt-pt\/wp-json\/wp\/v2\/pages"}],"about":[{"href":"https:\/\/blog.urbanitae.com\/pt-pt\/wp-json\/wp\/v2\/types\/page"}],"author":[{"embeddable":true,"href":"https:\/\/blog.urbanitae.com\/pt-pt\/wp-json\/wp\/v2\/users\/20"}],"replies":[{"embeddable":true,"href":"https:\/\/blog.urbanitae.com\/pt-pt\/wp-json\/wp\/v2\/comments?post=62586"}],"version-history":[{"count":1,"href":"https:\/\/blog.urbanitae.com\/pt-pt\/wp-json\/wp\/v2\/pages\/62586\/revisions"}],"predecessor-version":[{"id":62587,"href":"https:\/\/blog.urbanitae.com\/pt-pt\/wp-json\/wp\/v2\/pages\/62586\/revisions\/62587"}],"up":[{"embeddable":true,"href":"https:\/\/blog.urbanitae.com\/pt-pt\/wp-json\/wp\/v2\/pages\/62702"}],"wp:attachment":[{"href":"https:\/\/blog.urbanitae.com\/pt-pt\/wp-json\/wp\/v2\/media?parent=62586"}],"curies":[{"name":"wp","href":"https:\/\/api.w.org\/{rel}","templated":true}]}}