{"id":62540,"date":"2025-02-13T15:34:01","date_gmt":"2025-02-13T14:34:01","guid":{"rendered":"https:\/\/blog.urbanitae.com\/investimentos-alternativos\/"},"modified":"2025-04-26T23:30:43","modified_gmt":"2025-04-26T21:30:43","slug":"investimentos-alternativos","status":"publish","type":"page","link":"https:\/\/blog.urbanitae.com\/pt-pt\/glossario\/investimentos-alternativos\/","title":{"rendered":"Investimentos alternativos"},"content":{"rendered":"\t\t<div data-elementor-type=\"wp-page\" data-elementor-id=\"62540\" class=\"elementor elementor-62540 elementor-56446\">\n\t\t\t\t\t\t<section class=\"elementor-section elementor-top-section elementor-element elementor-element-d86d887 elementor-section-boxed elementor-section-height-default elementor-section-height-default parallax_section_no qode_elementor_container_no\" data-id=\"d86d887\" data-element_type=\"section\">\n\t\t\t\t\t\t<div class=\"elementor-container elementor-column-gap-default\">\n\t\t\t\t\t<div class=\"elementor-column elementor-col-100 elementor-top-column elementor-element elementor-element-8b49ddd\" data-id=\"8b49ddd\" data-element_type=\"column\">\n\t\t\t<div class=\"elementor-widget-wrap elementor-element-populated\">\n\t\t\t\t\t\t<div class=\"elementor-element elementor-element-083b30b elementor-widget__width-initial elementor-widget elementor-widget-text-editor\" data-id=\"083b30b\" data-element_type=\"widget\" data-widget_type=\"text-editor.default\">\n\t\t\t\t<div class=\"elementor-widget-container\">\n\t\t\t\t\t\t\t\t\t<h3>O que \u00e9?<\/h3><p style=\"color: #212121; font-family: Roboto, sans-serif; font-size: 16px;\">S\u00e3o <strong>investimentos<\/strong> que se desviam das formas tradicionais de investimento, como a\u00e7\u00f5es e t\u00edtulos. Os investimentos alternativos incluem ativos como im\u00f3veis, commodities, fundos de hedge, private equity, arte, criptomoedas e outros instrumentos financeiros n\u00e3o convencionais. Esse tipo de investimento oferece uma forma de diversificar as carteiras dos investidores, pois n\u00e3o est\u00e3o necessariamente correlacionadas com os mercados financeiros tradicionais. <\/p><p style=\"color: #212121; font-family: Roboto, sans-serif; font-size: 16px;\"><strong>Os investimentos alternativos<\/strong> s\u00e3o valorizados por sua capacidade de fornecer retornos n\u00e3o correlacionados com as flutua\u00e7\u00f5es do mercado de a\u00e7\u00f5es, o que pode ajudar a reduzir o risco geral de um portf\u00f3lio. Al\u00e9m disso, muitas vezes oferecem oportunidades em setores ou mercados que n\u00e3o est\u00e3o dispon\u00edveis por meio de instrumentos tradicionais. <\/p>\t\t\t\t\t\t\t\t<\/div>\n\t\t\t\t<\/div>\n\t\t\t\t<div class=\"elementor-element elementor-element-11c28c4 elementor-widget__width-initial elementor-widget elementor-widget-text-editor\" data-id=\"11c28c4\" data-element_type=\"widget\" data-widget_type=\"text-editor.default\">\n\t\t\t\t<div class=\"elementor-widget-container\">\n\t\t\t\t\t\t\t\t\t<h3>Aspectos-chave a considerar<\/h3><p style=\"color: #212121; font-family: Roboto, sans-serif; font-size: 16px;\">Os investimentos alternativos podem ser atraentes para investidores que buscam diversifica\u00e7\u00e3o e est\u00e3o dispostos a assumir riscos adicionais em troca de retornos potencialmente mais altos. Esse tipo de investimento tamb\u00e9m costuma ser voltado para investidores com maior toler\u00e2ncia ao risco e vis\u00e3o de longo prazo, pois muitas dessas op\u00e7\u00f5es exigem uma abordagem mais especializada e podem ser menos l\u00edquidas do que os ativos tradicionais. <\/p><p style=\"color: #212121; font-family: Roboto, sans-serif; font-size: 16px;\">Embora os <strong>investimentos alternativos<\/strong> possam gerar retornos atraentes, eles tamb\u00e9m apresentam um n\u00edvel de risco mais alto, por isso \u00e9 essencial realizar uma an\u00e1lise completa e entender os riscos antes de decidir alocar capital para esses tipos de ativos.<\/p>\t\t\t\t\t\t\t\t<\/div>\n\t\t\t\t<\/div>\n\t\t\t\t\t<\/div>\n\t\t<\/div>\n\t\t\t\t\t<\/div>\n\t\t<\/section>\n\t\t\t\t<section class=\"elementor-section elementor-top-section elementor-element elementor-element-aa563c5 elementor-section-full_width elementor-section-stretched elementor-section-height-default elementor-section-height-default parallax_section_no qode_elementor_container_no\" data-id=\"aa563c5\" data-element_type=\"section\" data-settings=\"{&quot;stretch_section&quot;:&quot;section-stretched&quot;}\">\n\t\t\t\t\t\t<div class=\"elementor-container elementor-column-gap-default\">\n\t\t\t\t\t<div class=\"elementor-column elementor-col-100 elementor-top-column elementor-element elementor-element-41114ac\" data-id=\"41114ac\" data-element_type=\"column\">\n\t\t\t<div class=\"elementor-widget-wrap elementor-element-populated\">\n\t\t\t\t\t\t<div class=\"elementor-element elementor-element-43f7095 elementor-widget elementor-widget-html\" data-id=\"43f7095\" data-element_type=\"widget\" data-widget_type=\"html.default\">\n\t\t\t\t<div class=\"elementor-widget-container\">\n\t\t\t\t\t\r\n        <div class=\"qode-advanced-call-to-action qode-advanced-cta-gradient qode-advanced-cta-gradient-animation\" style=\"height:80px\">\r\n            <a class=\"advanced-cta-link\" href=\"https:\/\/mkt.urbanitae.com\/Urbanitae_suscripcion_newsletter.html?utm_source=blog&amp;utm_medium=link_blog&amp;utm_campaign=suscripcion_blog&amp;utm_content=boton\" target=\"_blank\" onclick=\"dataLayer.push({'event': 'ub_ga4_event', 'ub_ga4_event_name': 'newsletter', 'ub_ga4_event_element': 'aprende'})\"><\/a>\r\n            <div class=\"qode-advanced-cta-content\">\r\n                <span class=\"qode-advanced-cta-text-holder\" style=\"color:#FFFFFF;font-size:25px\">\r\n Assine nossa Newsletter <\/span>\r\n                <span class=\"qode-advanced-cta-icon-holder\" style=\"color:#FFFFFF;font-size:25px\">\r\n                    <span class=\"qode-advanced-cta-icon-holder-table\">\r\n                        <span class=\"qode-advanced-cta-icon-holder-cell\">\r\n                            <i class=\"qode_icon_font_awesome_5 fa5 fa fa-envelope-open-text qode-advanced-cta-icon\"><\/i> <\/span>\r\n                    <\/span>\r\n                <\/span>\r\n            <\/div>\r\n            <div class=\"qode-advanced-cta-background-holder\">\r\n                <span class=\"qode-advanced-cta-background-1 qode-type1-gradient-left-to-right\"><\/span>\r\n                <span class=\"qode-advanced-cta-background-2 qode-type1-gradient-left-to-right\"><\/span>\r\n                <span class=\"qode-advanced-cta-background-3\"><\/span>\r\n            <\/div>\r\n        <\/div>\r\n\t\t\t\t<\/div>\n\t\t\t\t<\/div>\n\t\t\t\t\t<\/div>\n\t\t<\/div>\n\t\t\t\t\t<\/div>\n\t\t<\/section>\n\t\t\t\t<\/div>\n\t\t","protected":false},"excerpt":{"rendered":"<p>O que \u00e9? S\u00e3o investimentos que se desviam das formas tradicionais de investimento, como a\u00e7\u00f5es e t\u00edtulos. Os investimentos alternativos incluem ativos como im\u00f3veis, commodities, fundos de hedge, private equity, arte, criptomoedas e outros instrumentos financeiros n\u00e3o convencionais. Esse tipo de investimento oferece uma forma&#8230;<\/p>\n","protected":false},"author":20,"featured_media":0,"parent":62702,"menu_order":0,"comment_status":"closed","ping_status":"closed","template":"","meta":{"inline_featured_image":false,"_lmt_disableupdate":"","_lmt_disable":"","footnotes":""},"class_list":["post-62540","page","type-page","status-publish","hentry"],"yoast_head":"<!-- This site is optimized with the Yoast SEO plugin v26.6 - https:\/\/yoast.com\/wordpress\/plugins\/seo\/ -->\n<title>Investimentos alternativos - Urbanitae Blog<\/title>\n<meta name=\"description\" content=\"S\u00e3o investimentos que se desviam das formas tradicionais de investimento, como a\u00e7\u00f5es e t\u00edtulos. Os investimentos alternativos incluem ativos como im\u00f3veis, commodities, fundos de hedge e outros instrumentos financeiros n\u00e3o convencionais.\" \/>\n<meta name=\"robots\" content=\"index, follow, max-snippet:-1, max-image-preview:large, max-video-preview:-1\" \/>\n<link rel=\"canonical\" href=\"https:\/\/blog.urbanitae.com\/pt-pt\/glossario\/investimentos-alternativos\/\" \/>\n<meta property=\"og:locale\" content=\"pt_PT\" \/>\n<meta property=\"og:type\" content=\"article\" \/>\n<meta property=\"og:title\" content=\"Investimentos alternativos - Urbanitae Blog\" \/>\n<meta property=\"og:description\" content=\"S\u00e3o investimentos que se desviam das formas tradicionais de investimento, como a\u00e7\u00f5es e t\u00edtulos. Os investimentos alternativos incluem ativos como im\u00f3veis, commodities, fundos de hedge e outros instrumentos financeiros n\u00e3o convencionais.\" \/>\n<meta property=\"og:url\" content=\"https:\/\/blog.urbanitae.com\/pt-pt\/glossario\/investimentos-alternativos\/\" \/>\n<meta property=\"og:site_name\" content=\"Urbanitae Blog | As melhores not\u00edcias sobre investimentos imobili\u00e1rios\" \/>\n<meta property=\"article:publisher\" content=\"https:\/\/www.facebook.com\/urbanitae\" \/>\n<meta property=\"article:modified_time\" content=\"2025-04-26T21:30:43+00:00\" \/>\n<meta name=\"twitter:card\" content=\"summary_large_image\" \/>\n<meta name=\"twitter:site\" content=\"@urbanitae\" \/>\n<meta name=\"twitter:label1\" content=\"Tempo estimado de leitura\" \/>\n\t<meta name=\"twitter:data1\" content=\"1 minuto\" \/>\n<script type=\"application\/ld+json\" class=\"yoast-schema-graph\">{\"@context\":\"https:\/\/schema.org\",\"@graph\":[{\"@type\":\"WebPage\",\"@id\":\"https:\/\/blog.urbanitae.com\/pt-pt\/glossario\/investimentos-alternativos\/\",\"url\":\"https:\/\/blog.urbanitae.com\/pt-pt\/glossario\/investimentos-alternativos\/\",\"name\":\"Investimentos alternativos - Urbanitae Blog\",\"isPartOf\":{\"@id\":\"https:\/\/blog.urbanitae.com\/pt-pt\/#website\"},\"datePublished\":\"2025-02-13T14:34:01+00:00\",\"dateModified\":\"2025-04-26T21:30:43+00:00\",\"description\":\"S\u00e3o investimentos que se desviam das formas tradicionais de investimento, como a\u00e7\u00f5es e t\u00edtulos. Os investimentos alternativos incluem ativos como im\u00f3veis, commodities, fundos de hedge e outros instrumentos financeiros n\u00e3o convencionais.\",\"breadcrumb\":{\"@id\":\"https:\/\/blog.urbanitae.com\/pt-pt\/glossario\/investimentos-alternativos\/#breadcrumb\"},\"inLanguage\":\"pt-PT\",\"potentialAction\":[{\"@type\":\"ReadAction\",\"target\":[\"https:\/\/blog.urbanitae.com\/pt-pt\/glossario\/investimentos-alternativos\/\"]}]},{\"@type\":\"BreadcrumbList\",\"@id\":\"https:\/\/blog.urbanitae.com\/pt-pt\/glossario\/investimentos-alternativos\/#breadcrumb\",\"itemListElement\":[{\"@type\":\"ListItem\",\"position\":1,\"name\":\"Portada\",\"item\":\"https:\/\/blog.urbanitae.com\/pt-pt\/\"},{\"@type\":\"ListItem\",\"position\":2,\"name\":\"Gloss\u00e1rio\",\"item\":\"https:\/\/blog.urbanitae.com\/pt-pt\/glossario\/\"},{\"@type\":\"ListItem\",\"position\":3,\"name\":\"Investimentos alternativos\"}]},{\"@type\":\"WebSite\",\"@id\":\"https:\/\/blog.urbanitae.com\/pt-pt\/#website\",\"url\":\"https:\/\/blog.urbanitae.com\/pt-pt\/\",\"name\":\"Urbanitae Blog | Las mejores noticias sobre inversi\u00f3n inmobiliaria\",\"description\":\"Investimento imobili\u00e1rio ao alcance de todos\",\"publisher\":{\"@id\":\"https:\/\/blog.urbanitae.com\/pt-pt\/#organization\"},\"potentialAction\":[{\"@type\":\"SearchAction\",\"target\":{\"@type\":\"EntryPoint\",\"urlTemplate\":\"https:\/\/blog.urbanitae.com\/pt-pt\/?s={search_term_string}\"},\"query-input\":{\"@type\":\"PropertyValueSpecification\",\"valueRequired\":true,\"valueName\":\"search_term_string\"}}],\"inLanguage\":\"pt-PT\"},{\"@type\":\"Organization\",\"@id\":\"https:\/\/blog.urbanitae.com\/pt-pt\/#organization\",\"name\":\"Urbanitae\",\"url\":\"https:\/\/blog.urbanitae.com\/pt-pt\/\",\"logo\":{\"@type\":\"ImageObject\",\"inLanguage\":\"pt-PT\",\"@id\":\"https:\/\/blog.urbanitae.com\/pt-pt\/#\/schema\/logo\/image\/\",\"url\":\"https:\/\/blog.urbanitae.com\/wp-content\/uploads\/2020\/04\/logo-verde_350x100.svg\",\"contentUrl\":\"https:\/\/blog.urbanitae.com\/wp-content\/uploads\/2020\/04\/logo-verde_350x100.svg\",\"width\":350,\"height\":100,\"caption\":\"Urbanitae\"},\"image\":{\"@id\":\"https:\/\/blog.urbanitae.com\/pt-pt\/#\/schema\/logo\/image\/\"},\"sameAs\":[\"https:\/\/www.facebook.com\/urbanitae\",\"https:\/\/x.com\/urbanitae\",\"https:\/\/www.instagram.com\/urbanitae\",\"https:\/\/www.linkedin.com\/company\/urbanitae\",\"https:\/\/www.pinterest.es\/UrbanitaeSL\/_created\/\",\"https:\/\/www.youtube.com\/c\/Urbanitae_RE\"]}]}<\/script>\n<!-- \/ Yoast SEO plugin. -->","yoast_head_json":{"title":"Investimentos alternativos - Urbanitae Blog","description":"S\u00e3o investimentos que se desviam das formas tradicionais de investimento, como a\u00e7\u00f5es e t\u00edtulos. Os investimentos alternativos incluem ativos como im\u00f3veis, commodities, fundos de hedge e outros instrumentos financeiros n\u00e3o convencionais.","robots":{"index":"index","follow":"follow","max-snippet":"max-snippet:-1","max-image-preview":"max-image-preview:large","max-video-preview":"max-video-preview:-1"},"canonical":"https:\/\/blog.urbanitae.com\/pt-pt\/glossario\/investimentos-alternativos\/","og_locale":"pt_PT","og_type":"article","og_title":"Investimentos alternativos - Urbanitae Blog","og_description":"S\u00e3o investimentos que se desviam das formas tradicionais de investimento, como a\u00e7\u00f5es e t\u00edtulos. Os investimentos alternativos incluem ativos como im\u00f3veis, commodities, fundos de hedge e outros instrumentos financeiros n\u00e3o convencionais.","og_url":"https:\/\/blog.urbanitae.com\/pt-pt\/glossario\/investimentos-alternativos\/","og_site_name":"Urbanitae Blog | As melhores not\u00edcias sobre investimentos imobili\u00e1rios","article_publisher":"https:\/\/www.facebook.com\/urbanitae","article_modified_time":"2025-04-26T21:30:43+00:00","twitter_card":"summary_large_image","twitter_site":"@urbanitae","twitter_misc":{"Tempo estimado de leitura":"1 minuto"},"schema":{"@context":"https:\/\/schema.org","@graph":[{"@type":"WebPage","@id":"https:\/\/blog.urbanitae.com\/pt-pt\/glossario\/investimentos-alternativos\/","url":"https:\/\/blog.urbanitae.com\/pt-pt\/glossario\/investimentos-alternativos\/","name":"Investimentos alternativos - Urbanitae Blog","isPartOf":{"@id":"https:\/\/blog.urbanitae.com\/pt-pt\/#website"},"datePublished":"2025-02-13T14:34:01+00:00","dateModified":"2025-04-26T21:30:43+00:00","description":"S\u00e3o investimentos que se desviam das formas tradicionais de investimento, como a\u00e7\u00f5es e t\u00edtulos. Os investimentos alternativos incluem ativos como im\u00f3veis, commodities, fundos de hedge e outros instrumentos financeiros n\u00e3o convencionais.","breadcrumb":{"@id":"https:\/\/blog.urbanitae.com\/pt-pt\/glossario\/investimentos-alternativos\/#breadcrumb"},"inLanguage":"pt-PT","potentialAction":[{"@type":"ReadAction","target":["https:\/\/blog.urbanitae.com\/pt-pt\/glossario\/investimentos-alternativos\/"]}]},{"@type":"BreadcrumbList","@id":"https:\/\/blog.urbanitae.com\/pt-pt\/glossario\/investimentos-alternativos\/#breadcrumb","itemListElement":[{"@type":"ListItem","position":1,"name":"Portada","item":"https:\/\/blog.urbanitae.com\/pt-pt\/"},{"@type":"ListItem","position":2,"name":"Gloss\u00e1rio","item":"https:\/\/blog.urbanitae.com\/pt-pt\/glossario\/"},{"@type":"ListItem","position":3,"name":"Investimentos alternativos"}]},{"@type":"WebSite","@id":"https:\/\/blog.urbanitae.com\/pt-pt\/#website","url":"https:\/\/blog.urbanitae.com\/pt-pt\/","name":"Urbanitae Blog | Las mejores noticias sobre inversi\u00f3n inmobiliaria","description":"Investimento imobili\u00e1rio ao alcance de todos","publisher":{"@id":"https:\/\/blog.urbanitae.com\/pt-pt\/#organization"},"potentialAction":[{"@type":"SearchAction","target":{"@type":"EntryPoint","urlTemplate":"https:\/\/blog.urbanitae.com\/pt-pt\/?s={search_term_string}"},"query-input":{"@type":"PropertyValueSpecification","valueRequired":true,"valueName":"search_term_string"}}],"inLanguage":"pt-PT"},{"@type":"Organization","@id":"https:\/\/blog.urbanitae.com\/pt-pt\/#organization","name":"Urbanitae","url":"https:\/\/blog.urbanitae.com\/pt-pt\/","logo":{"@type":"ImageObject","inLanguage":"pt-PT","@id":"https:\/\/blog.urbanitae.com\/pt-pt\/#\/schema\/logo\/image\/","url":"https:\/\/blog.urbanitae.com\/wp-content\/uploads\/2020\/04\/logo-verde_350x100.svg","contentUrl":"https:\/\/blog.urbanitae.com\/wp-content\/uploads\/2020\/04\/logo-verde_350x100.svg","width":350,"height":100,"caption":"Urbanitae"},"image":{"@id":"https:\/\/blog.urbanitae.com\/pt-pt\/#\/schema\/logo\/image\/"},"sameAs":["https:\/\/www.facebook.com\/urbanitae","https:\/\/x.com\/urbanitae","https:\/\/www.instagram.com\/urbanitae","https:\/\/www.linkedin.com\/company\/urbanitae","https:\/\/www.pinterest.es\/UrbanitaeSL\/_created\/","https:\/\/www.youtube.com\/c\/Urbanitae_RE"]}]}},"_links":{"self":[{"href":"https:\/\/blog.urbanitae.com\/pt-pt\/wp-json\/wp\/v2\/pages\/62540","targetHints":{"allow":["GET"]}}],"collection":[{"href":"https:\/\/blog.urbanitae.com\/pt-pt\/wp-json\/wp\/v2\/pages"}],"about":[{"href":"https:\/\/blog.urbanitae.com\/pt-pt\/wp-json\/wp\/v2\/types\/page"}],"author":[{"embeddable":true,"href":"https:\/\/blog.urbanitae.com\/pt-pt\/wp-json\/wp\/v2\/users\/20"}],"replies":[{"embeddable":true,"href":"https:\/\/blog.urbanitae.com\/pt-pt\/wp-json\/wp\/v2\/comments?post=62540"}],"version-history":[{"count":1,"href":"https:\/\/blog.urbanitae.com\/pt-pt\/wp-json\/wp\/v2\/pages\/62540\/revisions"}],"predecessor-version":[{"id":62541,"href":"https:\/\/blog.urbanitae.com\/pt-pt\/wp-json\/wp\/v2\/pages\/62540\/revisions\/62541"}],"up":[{"embeddable":true,"href":"https:\/\/blog.urbanitae.com\/pt-pt\/wp-json\/wp\/v2\/pages\/62702"}],"wp:attachment":[{"href":"https:\/\/blog.urbanitae.com\/pt-pt\/wp-json\/wp\/v2\/media?parent=62540"}],"curies":[{"name":"wp","href":"https:\/\/api.w.org\/{rel}","templated":true}]}}