{"id":62305,"date":"2025-02-12T13:59:52","date_gmt":"2025-02-12T12:59:52","guid":{"rendered":"https:\/\/blog.urbanitae.com\/estrategia-principal\/"},"modified":"2025-04-26T23:24:54","modified_gmt":"2025-04-26T21:24:54","slug":"estrategia-principal","status":"publish","type":"page","link":"https:\/\/blog.urbanitae.com\/pt-pt\/glossario\/estrategia-principal\/","title":{"rendered":"Estrat\u00e9gia principal"},"content":{"rendered":"\t\t<div data-elementor-type=\"wp-page\" data-elementor-id=\"62305\" class=\"elementor elementor-62305 elementor-56271\">\n\t\t\t\t\t\t<section class=\"elementor-section elementor-top-section elementor-element elementor-element-d86d887 elementor-section-boxed elementor-section-height-default elementor-section-height-default\" data-id=\"d86d887\" data-element_type=\"section\" data-e-type=\"section\">\n\t\t\t\t\t\t<div class=\"elementor-container elementor-column-gap-default\">\n\t\t\t\t\t<div class=\"elementor-column elementor-col-100 elementor-top-column elementor-element elementor-element-8b49ddd\" data-id=\"8b49ddd\" data-element_type=\"column\" data-e-type=\"column\">\n\t\t\t<div class=\"elementor-widget-wrap elementor-element-populated\">\n\t\t\t\t\t\t<div class=\"elementor-element elementor-element-083b30b elementor-widget__width-initial elementor-widget elementor-widget-text-editor\" data-id=\"083b30b\" data-element_type=\"widget\" data-e-type=\"widget\" data-widget_type=\"text-editor.default\">\n\t\t\t\t<div class=\"elementor-widget-container\">\n\t\t\t\t\t\t\t\t\t<h3>O que \u00e9?<\/h3><p style=\"color: #212121; font-family: Roboto, sans-serif; font-size: 16px;\">Refere-se a uma estrat\u00e9gia de investimento imobili\u00e1rio que se concentra em adquirir e manter ativos imobili\u00e1rios est\u00e1veis e de qualidade em localiza\u00e7\u00f5es principais. O objetivo \u00e9 gerar uma renda regular por meio de alugu\u00e9is de longo prazo, oferecendo um fluxo constante de caixa e uma valoriza\u00e7\u00e3o moderada do valor dos ativos ao longo do tempo.<\/p><p style=\"color: #212121; font-family: Roboto, sans-serif; font-size: 16px;\">Esta estrat\u00e9gia caracteriza-se por seu enfoque conservador e de longo prazo, buscando minimizar os riscos e proporcionar estabilidade aos investidores. Os ativos em que se investe na estrat\u00e9gia core costumam ser propriedades bem localizadas, com alta demanda, como escrit\u00f3rios em distritos financeiros, edif\u00edcios residenciais em \u00e1reas urbanas consolidadas ou shoppings em localiza\u00e7\u00f5es estrat\u00e9gicas. <\/p>\t\t\t\t\t\t\t\t<\/div>\n\t\t\t\t<\/div>\n\t\t\t\t<div class=\"elementor-element elementor-element-11c28c4 elementor-widget__width-initial elementor-widget elementor-widget-text-editor\" data-id=\"11c28c4\" data-element_type=\"widget\" data-e-type=\"widget\" data-widget_type=\"text-editor.default\">\n\t\t\t\t<div class=\"elementor-widget-container\">\n\t\t\t\t\t\t\t\t\t<h3>Aspectos-chave a considerar<\/h3><p style=\"color: #212121; font-family: Roboto, sans-serif; font-size: 16px;\">As principais <strong>caracter\u00edsticas <\/strong>da estrat\u00e9gia core incluem:<\/p><ul><li style=\"color: #212121; font-family: Roboto, sans-serif; font-size: 16px;\"><strong>Rendimentos consistentes:<\/strong> Os investidores esperam obter uma renda regular por meio de alugu\u00e9is, com menor depend\u00eancia das flutua\u00e7\u00f5es do mercado imobili\u00e1rio.<\/li><li style=\"color: #212121; font-family: Roboto, sans-serif; font-size: 16px;\"><strong>Avalia\u00e7\u00f5es conservadoras: <\/strong>Investe-se em propriedades que j\u00e1 est\u00e3o em funcionamento e que t\u00eam um hist\u00f3rico comprovado de gera\u00e7\u00e3o de renda est\u00e1vel.<\/li><li style=\"color: #212121; font-family: Roboto, sans-serif; font-size: 16px;\"><strong>Avalia\u00e7\u00f5es conservadoras:<\/strong> Investe-se em propriedades que j\u00e1 est\u00e3o em funcionamento e que t\u00eam um hist\u00f3rico comprovado de gera\u00e7\u00e3o de renda est\u00e1vel.<\/li><\/ul><p style=\"color: #212121; font-family: Roboto, sans-serif; font-size: 16px;\">Em compara\u00e7\u00e3o com outras estrat\u00e9gias mais agressivas, como a estrat\u00e9gia value-add ou oportunista, a estrat\u00e9gia core n\u00e3o envolve grandes reformas nem riscos relacionados ao desenvolvimento de novos projetos, o que a torna uma op\u00e7\u00e3o preferida por investidores que buscam seguran\u00e7a e estabilidade a longo prazo.<\/p><p style=\"color: #212121; font-family: Roboto, sans-serif; font-size: 16px;\">A estrat\u00e9gia core \u00e9 ideal para fundos de investimento imobili\u00e1rio e carteiras que buscam um rendimento previs\u00edvel e sustent\u00e1vel, com risco controlado.<\/p>\t\t\t\t\t\t\t\t<\/div>\n\t\t\t\t<\/div>\n\t\t\t\t\t<\/div>\n\t\t<\/div>\n\t\t\t\t\t<\/div>\n\t\t<\/section>\n\t\t\t\t<section class=\"elementor-section elementor-top-section elementor-element elementor-element-aa563c5 elementor-section-full_width elementor-section-height-default elementor-section-height-default\" data-id=\"aa563c5\" data-element_type=\"section\" data-e-type=\"section\">\n\t\t\t\t\t\t<div class=\"elementor-container elementor-column-gap-default\">\n\t\t\t\t\t<div class=\"elementor-column elementor-col-100 elementor-top-column elementor-element elementor-element-41114ac\" data-id=\"41114ac\" data-element_type=\"column\" data-e-type=\"column\">\n\t\t\t<div class=\"elementor-widget-wrap elementor-element-populated\">\n\t\t\t\t\t\t<div class=\"elementor-element elementor-element-43f7095 elementor-widget elementor-widget-html\" data-id=\"43f7095\" data-element_type=\"widget\" data-e-type=\"widget\" data-widget_type=\"html.default\">\n\t\t\t\t<div class=\"elementor-widget-container\">\n\t\t\t\t\t\r\n        <div class=\"qode-advanced-call-to-action qode-advanced-cta-gradient qode-advanced-cta-gradient-animation\" style=\"height:80px\">\r\n            <a class=\"advanced-cta-link\" href=\"https:\/\/mkt.urbanitae.com\/Urbanitae_suscripcion_newsletter.html?utm_source=blog&amp;utm_medium=link_blog&amp;utm_campaign=suscripcion_blog&amp;utm_content=boton\" target=\"_blank\" onclick=\"dataLayer.push({'event': 'ub_ga4_event', 'ub_ga4_event_name': 'newsletter', 'ub_ga4_event_element': 'aprende'})\"><\/a>\r\n            <div class=\"qode-advanced-cta-content\">\r\n                <span class=\"qode-advanced-cta-text-holder\" style=\"color:#FFFFFF;font-size:25px\">\r\n Assine nossa Newsletter <\/span>\r\n                <span class=\"qode-advanced-cta-icon-holder\" style=\"color:#FFFFFF;font-size:25px\">\r\n                    <span class=\"qode-advanced-cta-icon-holder-table\">\r\n                        <span class=\"qode-advanced-cta-icon-holder-cell\">\r\n                            <i class=\"qode_icon_font_awesome_5 fa5 fa fa-envelope-open-text qode-advanced-cta-icon\"><\/i> <\/span>\r\n                    <\/span>\r\n                <\/span>\r\n            <\/div>\r\n            <div class=\"qode-advanced-cta-background-holder\">\r\n                <span class=\"qode-advanced-cta-background-1 qode-type1-gradient-left-to-right\"><\/span>\r\n                <span class=\"qode-advanced-cta-background-2 qode-type1-gradient-left-to-right\"><\/span>\r\n                <span class=\"qode-advanced-cta-background-3\"><\/span>\r\n            <\/div>\r\n        <\/div>\r\n\t\t\t\t<\/div>\n\t\t\t\t<\/div>\n\t\t\t\t\t<\/div>\n\t\t<\/div>\n\t\t\t\t\t<\/div>\n\t\t<\/section>\n\t\t\t\t<\/div>\n\t\t","protected":false},"excerpt":{"rendered":"<p>O que \u00e9? Refere-se a uma estrat\u00e9gia de investimento imobili\u00e1rio que se concentra em adquirir e manter ativos imobili\u00e1rios est\u00e1veis e de qualidade em localiza\u00e7\u00f5es principais. O objetivo \u00e9 gerar uma renda regular por meio de alugu\u00e9is de longo prazo, oferecendo um fluxo constante de caixa e uma valoriza\u00e7\u00e3o moderada do valor dos ativos ao [&hellip;]<\/p>\n","protected":false},"author":20,"featured_media":0,"parent":62702,"menu_order":0,"comment_status":"closed","ping_status":"closed","template":"","meta":{"inline_featured_image":false,"footnotes":""},"class_list":["post-62305","page","type-page","status-publish","hentry"],"blocksy_meta":[],"yoast_head":"<!-- This site is optimized with the Yoast SEO plugin v27.4 - https:\/\/yoast.com\/product\/yoast-seo-wordpress\/ -->\n<title>Estrat\u00e9gia principal - Urbanitae Blog<\/title>\n<meta name=\"description\" content=\"Refere-se a uma estrat\u00e9gia de investimento imobili\u00e1rio que se concentra na aquisi\u00e7\u00e3o e manuten\u00e7\u00e3o de ativos imobili\u00e1rios est\u00e1veis e de qualidade em localiza\u00e7\u00f5es privilegiadas. O objetivo \u00e9 gerar renda regular por meio de alugu\u00e9is de longo prazo.\" \/>\n<meta name=\"robots\" content=\"index, follow, max-snippet:-1, max-image-preview:large, max-video-preview:-1\" \/>\n<link rel=\"canonical\" href=\"https:\/\/blog.urbanitae.com\/pt-pt\/glossario\/estrategia-principal\/\" \/>\n<meta property=\"og:locale\" content=\"pt_PT\" \/>\n<meta property=\"og:type\" content=\"article\" \/>\n<meta property=\"og:title\" content=\"Estrat\u00e9gia principal - Urbanitae Blog\" \/>\n<meta property=\"og:description\" content=\"Refere-se a uma estrat\u00e9gia de investimento imobili\u00e1rio que se concentra na aquisi\u00e7\u00e3o e manuten\u00e7\u00e3o de ativos imobili\u00e1rios est\u00e1veis e de qualidade em localiza\u00e7\u00f5es privilegiadas. O objetivo \u00e9 gerar renda regular por meio de alugu\u00e9is de longo prazo.\" \/>\n<meta property=\"og:url\" content=\"https:\/\/blog.urbanitae.com\/pt-pt\/glossario\/estrategia-principal\/\" \/>\n<meta property=\"og:site_name\" content=\"Urbanitae Blog | As melhores not\u00edcias sobre investimentos imobili\u00e1rios\" \/>\n<meta property=\"article:publisher\" content=\"https:\/\/www.facebook.com\/urbanitae\" \/>\n<meta property=\"article:modified_time\" content=\"2025-04-26T21:24:54+00:00\" \/>\n<meta name=\"twitter:card\" content=\"summary_large_image\" \/>\n<meta name=\"twitter:site\" content=\"@urbanitae\" \/>\n<meta name=\"twitter:label1\" content=\"Tempo estimado de leitura\" \/>\n\t<meta name=\"twitter:data1\" content=\"1 minuto\" \/>\n<script type=\"application\/ld+json\" class=\"yoast-schema-graph\">{\"@context\":\"https:\\\/\\\/schema.org\",\"@graph\":[{\"@type\":\"WebPage\",\"@id\":\"https:\\\/\\\/blog.urbanitae.com\\\/pt-pt\\\/glossario\\\/estrategia-principal\\\/\",\"url\":\"https:\\\/\\\/blog.urbanitae.com\\\/pt-pt\\\/glossario\\\/estrategia-principal\\\/\",\"name\":\"Estrat\u00e9gia principal - Urbanitae Blog\",\"isPartOf\":{\"@id\":\"https:\\\/\\\/blog.urbanitae.com\\\/pt-pt\\\/#website\"},\"datePublished\":\"2025-02-12T12:59:52+00:00\",\"dateModified\":\"2025-04-26T21:24:54+00:00\",\"description\":\"Refere-se a uma estrat\u00e9gia de investimento imobili\u00e1rio que se concentra na aquisi\u00e7\u00e3o e manuten\u00e7\u00e3o de ativos imobili\u00e1rios est\u00e1veis e de qualidade em localiza\u00e7\u00f5es privilegiadas. O objetivo \u00e9 gerar renda regular por meio de alugu\u00e9is de longo prazo.\",\"breadcrumb\":{\"@id\":\"https:\\\/\\\/blog.urbanitae.com\\\/pt-pt\\\/glossario\\\/estrategia-principal\\\/#breadcrumb\"},\"inLanguage\":\"pt-PT\",\"potentialAction\":[{\"@type\":\"ReadAction\",\"target\":[\"https:\\\/\\\/blog.urbanitae.com\\\/pt-pt\\\/glossario\\\/estrategia-principal\\\/\"]}]},{\"@type\":\"BreadcrumbList\",\"@id\":\"https:\\\/\\\/blog.urbanitae.com\\\/pt-pt\\\/glossario\\\/estrategia-principal\\\/#breadcrumb\",\"itemListElement\":[{\"@type\":\"ListItem\",\"position\":1,\"name\":\"Portada\",\"item\":\"https:\\\/\\\/blog.urbanitae.com\\\/pt-pt\\\/\"},{\"@type\":\"ListItem\",\"position\":2,\"name\":\"Gloss\u00e1rio\",\"item\":\"https:\\\/\\\/blog.urbanitae.com\\\/pt-pt\\\/glossario\\\/\"},{\"@type\":\"ListItem\",\"position\":3,\"name\":\"Estrat\u00e9gia principal\"}]},{\"@type\":\"WebSite\",\"@id\":\"https:\\\/\\\/blog.urbanitae.com\\\/pt-pt\\\/#website\",\"url\":\"https:\\\/\\\/blog.urbanitae.com\\\/pt-pt\\\/\",\"name\":\"Urbanitae Blog | Las mejores noticias sobre inversi\u00f3n inmobiliaria\",\"description\":\"Investimento imobili\u00e1rio ao alcance de todos\",\"publisher\":{\"@id\":\"https:\\\/\\\/blog.urbanitae.com\\\/pt-pt\\\/#organization\"},\"potentialAction\":[{\"@type\":\"SearchAction\",\"target\":{\"@type\":\"EntryPoint\",\"urlTemplate\":\"https:\\\/\\\/blog.urbanitae.com\\\/pt-pt\\\/?s={search_term_string}\"},\"query-input\":{\"@type\":\"PropertyValueSpecification\",\"valueRequired\":true,\"valueName\":\"search_term_string\"}}],\"inLanguage\":\"pt-PT\"},{\"@type\":\"Organization\",\"@id\":\"https:\\\/\\\/blog.urbanitae.com\\\/pt-pt\\\/#organization\",\"name\":\"Urbanitae\",\"url\":\"https:\\\/\\\/blog.urbanitae.com\\\/pt-pt\\\/\",\"logo\":{\"@type\":\"ImageObject\",\"inLanguage\":\"pt-PT\",\"@id\":\"https:\\\/\\\/blog.urbanitae.com\\\/pt-pt\\\/#\\\/schema\\\/logo\\\/image\\\/\",\"url\":\"https:\\\/\\\/blog.urbanitae.com\\\/wp-content\\\/uploads\\\/2020\\\/04\\\/logo-verde_350x100.svg\",\"contentUrl\":\"https:\\\/\\\/blog.urbanitae.com\\\/wp-content\\\/uploads\\\/2020\\\/04\\\/logo-verde_350x100.svg\",\"width\":350,\"height\":100,\"caption\":\"Urbanitae\"},\"image\":{\"@id\":\"https:\\\/\\\/blog.urbanitae.com\\\/pt-pt\\\/#\\\/schema\\\/logo\\\/image\\\/\"},\"sameAs\":[\"https:\\\/\\\/www.facebook.com\\\/urbanitae\",\"https:\\\/\\\/x.com\\\/urbanitae\",\"https:\\\/\\\/www.instagram.com\\\/urbanitae\",\"https:\\\/\\\/www.linkedin.com\\\/company\\\/urbanitae\",\"https:\\\/\\\/www.pinterest.es\\\/UrbanitaeSL\\\/_created\\\/\",\"https:\\\/\\\/www.youtube.com\\\/c\\\/Urbanitae_RE\"]}]}<\/script>\n<!-- \/ Yoast SEO plugin. -->","yoast_head_json":{"title":"Estrat\u00e9gia principal - Urbanitae Blog","description":"Refere-se a uma estrat\u00e9gia de investimento imobili\u00e1rio que se concentra na aquisi\u00e7\u00e3o e manuten\u00e7\u00e3o de ativos imobili\u00e1rios est\u00e1veis e de qualidade em localiza\u00e7\u00f5es privilegiadas. O objetivo \u00e9 gerar renda regular por meio de alugu\u00e9is de longo prazo.","robots":{"index":"index","follow":"follow","max-snippet":"max-snippet:-1","max-image-preview":"max-image-preview:large","max-video-preview":"max-video-preview:-1"},"canonical":"https:\/\/blog.urbanitae.com\/pt-pt\/glossario\/estrategia-principal\/","og_locale":"pt_PT","og_type":"article","og_title":"Estrat\u00e9gia principal - Urbanitae Blog","og_description":"Refere-se a uma estrat\u00e9gia de investimento imobili\u00e1rio que se concentra na aquisi\u00e7\u00e3o e manuten\u00e7\u00e3o de ativos imobili\u00e1rios est\u00e1veis e de qualidade em localiza\u00e7\u00f5es privilegiadas. O objetivo \u00e9 gerar renda regular por meio de alugu\u00e9is de longo prazo.","og_url":"https:\/\/blog.urbanitae.com\/pt-pt\/glossario\/estrategia-principal\/","og_site_name":"Urbanitae Blog | As melhores not\u00edcias sobre investimentos imobili\u00e1rios","article_publisher":"https:\/\/www.facebook.com\/urbanitae","article_modified_time":"2025-04-26T21:24:54+00:00","twitter_card":"summary_large_image","twitter_site":"@urbanitae","twitter_misc":{"Tempo estimado de leitura":"1 minuto"},"schema":{"@context":"https:\/\/schema.org","@graph":[{"@type":"WebPage","@id":"https:\/\/blog.urbanitae.com\/pt-pt\/glossario\/estrategia-principal\/","url":"https:\/\/blog.urbanitae.com\/pt-pt\/glossario\/estrategia-principal\/","name":"Estrat\u00e9gia principal - Urbanitae Blog","isPartOf":{"@id":"https:\/\/blog.urbanitae.com\/pt-pt\/#website"},"datePublished":"2025-02-12T12:59:52+00:00","dateModified":"2025-04-26T21:24:54+00:00","description":"Refere-se a uma estrat\u00e9gia de investimento imobili\u00e1rio que se concentra na aquisi\u00e7\u00e3o e manuten\u00e7\u00e3o de ativos imobili\u00e1rios est\u00e1veis e de qualidade em localiza\u00e7\u00f5es privilegiadas. O objetivo \u00e9 gerar renda regular por meio de alugu\u00e9is de longo prazo.","breadcrumb":{"@id":"https:\/\/blog.urbanitae.com\/pt-pt\/glossario\/estrategia-principal\/#breadcrumb"},"inLanguage":"pt-PT","potentialAction":[{"@type":"ReadAction","target":["https:\/\/blog.urbanitae.com\/pt-pt\/glossario\/estrategia-principal\/"]}]},{"@type":"BreadcrumbList","@id":"https:\/\/blog.urbanitae.com\/pt-pt\/glossario\/estrategia-principal\/#breadcrumb","itemListElement":[{"@type":"ListItem","position":1,"name":"Portada","item":"https:\/\/blog.urbanitae.com\/pt-pt\/"},{"@type":"ListItem","position":2,"name":"Gloss\u00e1rio","item":"https:\/\/blog.urbanitae.com\/pt-pt\/glossario\/"},{"@type":"ListItem","position":3,"name":"Estrat\u00e9gia principal"}]},{"@type":"WebSite","@id":"https:\/\/blog.urbanitae.com\/pt-pt\/#website","url":"https:\/\/blog.urbanitae.com\/pt-pt\/","name":"Urbanitae Blog | Las mejores noticias sobre inversi\u00f3n inmobiliaria","description":"Investimento imobili\u00e1rio ao alcance de todos","publisher":{"@id":"https:\/\/blog.urbanitae.com\/pt-pt\/#organization"},"potentialAction":[{"@type":"SearchAction","target":{"@type":"EntryPoint","urlTemplate":"https:\/\/blog.urbanitae.com\/pt-pt\/?s={search_term_string}"},"query-input":{"@type":"PropertyValueSpecification","valueRequired":true,"valueName":"search_term_string"}}],"inLanguage":"pt-PT"},{"@type":"Organization","@id":"https:\/\/blog.urbanitae.com\/pt-pt\/#organization","name":"Urbanitae","url":"https:\/\/blog.urbanitae.com\/pt-pt\/","logo":{"@type":"ImageObject","inLanguage":"pt-PT","@id":"https:\/\/blog.urbanitae.com\/pt-pt\/#\/schema\/logo\/image\/","url":"https:\/\/blog.urbanitae.com\/wp-content\/uploads\/2020\/04\/logo-verde_350x100.svg","contentUrl":"https:\/\/blog.urbanitae.com\/wp-content\/uploads\/2020\/04\/logo-verde_350x100.svg","width":350,"height":100,"caption":"Urbanitae"},"image":{"@id":"https:\/\/blog.urbanitae.com\/pt-pt\/#\/schema\/logo\/image\/"},"sameAs":["https:\/\/www.facebook.com\/urbanitae","https:\/\/x.com\/urbanitae","https:\/\/www.instagram.com\/urbanitae","https:\/\/www.linkedin.com\/company\/urbanitae","https:\/\/www.pinterest.es\/UrbanitaeSL\/_created\/","https:\/\/www.youtube.com\/c\/Urbanitae_RE"]}]}},"_links":{"self":[{"href":"https:\/\/blog.urbanitae.com\/pt-pt\/wp-json\/wp\/v2\/pages\/62305","targetHints":{"allow":["GET"]}}],"collection":[{"href":"https:\/\/blog.urbanitae.com\/pt-pt\/wp-json\/wp\/v2\/pages"}],"about":[{"href":"https:\/\/blog.urbanitae.com\/pt-pt\/wp-json\/wp\/v2\/types\/page"}],"author":[{"embeddable":true,"href":"https:\/\/blog.urbanitae.com\/pt-pt\/wp-json\/wp\/v2\/users\/20"}],"replies":[{"embeddable":true,"href":"https:\/\/blog.urbanitae.com\/pt-pt\/wp-json\/wp\/v2\/comments?post=62305"}],"version-history":[{"count":0,"href":"https:\/\/blog.urbanitae.com\/pt-pt\/wp-json\/wp\/v2\/pages\/62305\/revisions"}],"up":[{"embeddable":true,"href":"https:\/\/blog.urbanitae.com\/pt-pt\/wp-json\/wp\/v2\/pages\/62702"}],"wp:attachment":[{"href":"https:\/\/blog.urbanitae.com\/pt-pt\/wp-json\/wp\/v2\/media?parent=62305"}],"curies":[{"name":"wp","href":"https:\/\/api.w.org\/{rel}","templated":true}]}}