{"id":62266,"date":"2025-02-12T11:38:21","date_gmt":"2025-02-12T10:38:21","guid":{"rendered":"https:\/\/blog.urbanitae.com\/distribucion\/"},"modified":"2025-04-26T23:24:39","modified_gmt":"2025-04-26T21:24:39","slug":"distribucion","status":"publish","type":"page","link":"https:\/\/blog.urbanitae.com\/pt-pt\/glossario\/distribucion\/","title":{"rendered":"Distribui\u00e7\u00e3o"},"content":{"rendered":"\t\t<div data-elementor-type=\"wp-page\" data-elementor-id=\"62266\" class=\"elementor elementor-62266 elementor-56229\">\n\t\t\t\t\t\t<section class=\"elementor-section elementor-top-section elementor-element elementor-element-d86d887 elementor-section-boxed elementor-section-height-default elementor-section-height-default\" data-id=\"d86d887\" data-element_type=\"section\" data-e-type=\"section\">\n\t\t\t\t\t\t<div class=\"elementor-container elementor-column-gap-default\">\n\t\t\t\t\t<div class=\"elementor-column elementor-col-100 elementor-top-column elementor-element elementor-element-8b49ddd\" data-id=\"8b49ddd\" data-element_type=\"column\" data-e-type=\"column\">\n\t\t\t<div class=\"elementor-widget-wrap elementor-element-populated\">\n\t\t\t\t\t\t<div class=\"elementor-element elementor-element-083b30b elementor-widget__width-initial elementor-widget elementor-widget-text-editor\" data-id=\"083b30b\" data-element_type=\"widget\" data-e-type=\"widget\" data-widget_type=\"text-editor.default\">\n\t\t\t\t<div class=\"elementor-widget-container\">\n\t\t\t\t\t\t\t\t\t<h3>O que \u00e9?<\/h3><p style=\"color: #212121; font-family: Roboto, sans-serif; font-size: 16px;\">No \u00e2mbito do investimento imobili\u00e1rio, a distribui\u00e7\u00e3o refere-se aos pagamentos peri\u00f3dicos que os investidores recebem como parte dos retornos gerados por um projeto imobili\u00e1rio. Esses pagamentos podem vir de alugu\u00e9is, vendas ou lucros obtidos.<\/p><p style=\"color: #212121; font-family: Roboto, sans-serif; font-size: 16px;\">A distribui\u00e7\u00e3o \u00e9 uma pr\u00e1tica fundamental para manter a confian\u00e7a do investidor, pois representa o retorno tang\u00edvel do seu investimento. Dependendo do modelo de investimento, as distribui\u00e7\u00f5es podem ser feitas regularmente, como mensalmente ou trimestralmente, ou no final do projeto, quando os lucros totais s\u00e3o realizados. <\/p>\t\t\t\t\t\t\t\t<\/div>\n\t\t\t\t<\/div>\n\t\t\t\t<div class=\"elementor-element elementor-element-11c28c4 elementor-widget__width-initial elementor-widget elementor-widget-text-editor\" data-id=\"11c28c4\" data-element_type=\"widget\" data-e-type=\"widget\" data-widget_type=\"text-editor.default\">\n\t\t\t\t<div class=\"elementor-widget-container\">\n\t\t\t\t\t\t\t\t\t<h3>Aspectos-chave a considerar<\/h3><p style=\"color: #212121; font-family: Roboto, sans-serif; font-size: 16px;\">No contexto dos investimentos imobili\u00e1rios, a distribui\u00e7\u00e3o pode assumir diferentes formas, dependendo da estrutura do projeto e dos acordos com os investidores:<\/p><ul><li style=\"color: #212121; font-family: Roboto, sans-serif; font-size: 16px;\"><strong>Distribui\u00e7\u00f5es de receitas operacionais:<\/strong> Prov\u00eam dos fluxos de caixa gerados pela opera\u00e7\u00e3o do ativo, como os rendimentos de alugu\u00e9is em propriedades comerciais ou residenciais.<\/li><li style=\"color: #212121; font-family: Roboto, sans-serif; font-size: 16px;\"><strong>Distribui\u00e7\u00f5es de lucros finais: <\/strong>S\u00e3o feitas no final do projeto, quando os ativos s\u00e3o vendidos ou refinanciados.<\/li><li style=\"color: #212121; font-family: Roboto, sans-serif; font-size: 16px;\"><strong>Distribui\u00e7\u00f5es de capital:<\/strong> Em alguns casos, parte da distribui\u00e7\u00e3o pode incluir o reembolso do capital investido inicialmente.<\/li><\/ul><p style=\"color: #212121; font-family: Roboto, sans-serif; font-size: 16px;\">As distribui\u00e7\u00f5es s\u00e3o determinadas pelo contrato de investimento e podem ser influenciadas por fatores como rendimentos l\u00edquidos, custos operacionais e reservas de capital necess\u00e1rias para manuten\u00e7\u00e3o ou desenvolvimento adicional do projeto.<\/p><p>Para os investidores, entender o cronograma e a composi\u00e7\u00e3o das distribui\u00e7\u00f5es \u00e9 essencial para avaliar uma oportunidade de investimento. Isso lhes permite planejar seus fluxos de caixa e medir o desempenho geral de sua carteira. <\/p><p>A transpar\u00eancia nas distribui\u00e7\u00f5es fortalece a rela\u00e7\u00e3o entre promotores e investidores, garantindo o alinhamento de interesses e a sustentabilidade do projeto.<\/p><p> <\/p>\t\t\t\t\t\t\t\t<\/div>\n\t\t\t\t<\/div>\n\t\t\t\t\t<\/div>\n\t\t<\/div>\n\t\t\t\t\t<\/div>\n\t\t<\/section>\n\t\t\t\t<section class=\"elementor-section elementor-top-section elementor-element elementor-element-aa563c5 elementor-section-full_width elementor-section-stretched elementor-section-height-default elementor-section-height-default\" data-id=\"aa563c5\" data-element_type=\"section\" data-e-type=\"section\" data-settings=\"{&quot;stretch_section&quot;:&quot;section-stretched&quot;}\">\n\t\t\t\t\t\t<div class=\"elementor-container elementor-column-gap-default\">\n\t\t\t\t\t<div class=\"elementor-column elementor-col-100 elementor-top-column elementor-element elementor-element-41114ac\" data-id=\"41114ac\" data-element_type=\"column\" data-e-type=\"column\">\n\t\t\t<div class=\"elementor-widget-wrap elementor-element-populated\">\n\t\t\t\t\t\t<div class=\"elementor-element elementor-element-43f7095 elementor-widget elementor-widget-html\" data-id=\"43f7095\" data-element_type=\"widget\" data-e-type=\"widget\" data-widget_type=\"html.default\">\n\t\t\t\t<div class=\"elementor-widget-container\">\n\t\t\t\t\t\r\n        <div class=\"qode-advanced-call-to-action qode-advanced-cta-gradient qode-advanced-cta-gradient-animation\" style=\"height:80px\">\r\n            <a class=\"advanced-cta-link\" href=\"https:\/\/mkt.urbanitae.com\/Urbanitae_suscripcion_newsletter.html?utm_source=blog&amp;utm_medium=link_blog&amp;utm_campaign=suscripcion_blog&amp;utm_content=boton\" target=\"_blank\" onclick=\"dataLayer.push({'event': 'ub_ga4_event', 'ub_ga4_event_name': 'newsletter', 'ub_ga4_event_element': 'aprende'})\"><\/a>\r\n            <div class=\"qode-advanced-cta-content\">\r\n                <span class=\"qode-advanced-cta-text-holder\" style=\"color:#FFFFFF;font-size:25px\">\r\n Assine nossa Newsletter <\/span>\r\n                <span class=\"qode-advanced-cta-icon-holder\" style=\"color:#FFFFFF;font-size:25px\">\r\n                    <span class=\"qode-advanced-cta-icon-holder-table\">\r\n                        <span class=\"qode-advanced-cta-icon-holder-cell\">\r\n                            <i class=\"qode_icon_font_awesome_5 fa5 fa fa-envelope-open-text qode-advanced-cta-icon\"><\/i> <\/span>\r\n                    <\/span>\r\n                <\/span>\r\n            <\/div>\r\n            <div class=\"qode-advanced-cta-background-holder\">\r\n                <span class=\"qode-advanced-cta-background-1 qode-type1-gradient-left-to-right\"><\/span>\r\n                <span class=\"qode-advanced-cta-background-2 qode-type1-gradient-left-to-right\"><\/span>\r\n                <span class=\"qode-advanced-cta-background-3\"><\/span>\r\n            <\/div>\r\n        <\/div>\r\n\t\t\t\t<\/div>\n\t\t\t\t<\/div>\n\t\t\t\t\t<\/div>\n\t\t<\/div>\n\t\t\t\t\t<\/div>\n\t\t<\/section>\n\t\t\t\t<\/div>\n\t\t","protected":false},"excerpt":{"rendered":"<p>O que \u00e9? No \u00e2mbito do investimento imobili\u00e1rio, a distribui\u00e7\u00e3o refere-se aos pagamentos peri\u00f3dicos que os investidores recebem como parte dos retornos gerados por um projeto imobili\u00e1rio. Esses pagamentos podem vir de alugu\u00e9is, vendas ou lucros obtidos. A distribui\u00e7\u00e3o \u00e9 uma pr\u00e1tica fundamental para manter a confian\u00e7a do investidor, pois representa o retorno tang\u00edvel do [&hellip;]<\/p>\n","protected":false},"author":20,"featured_media":0,"parent":62702,"menu_order":0,"comment_status":"closed","ping_status":"closed","template":"","meta":{"inline_featured_image":false,"footnotes":""},"class_list":["post-62266","page","type-page","status-publish","hentry"],"yoast_head":"<!-- This site is optimized with the Yoast SEO plugin v27.4 - https:\/\/yoast.com\/product\/yoast-seo-wordpress\/ -->\n<title>Distribui\u00e7\u00e3o - Urbanitae Blog<\/title>\n<meta name=\"description\" content=\"No \u00e2mbito do investimento imobili\u00e1rio, a distribui\u00e7\u00e3o refere-se aos pagamentos peri\u00f3dicos que os investidores recebem como parte dos retornos gerados por um projeto imobili\u00e1rio. Esses pagamentos podem vir de alugu\u00e9is, vendas ou lucros obtidos.\" \/>\n<meta name=\"robots\" content=\"index, follow, max-snippet:-1, max-image-preview:large, max-video-preview:-1\" \/>\n<link rel=\"canonical\" href=\"https:\/\/blog.urbanitae.com\/pt-pt\/glossario\/distribucion\/\" \/>\n<meta property=\"og:locale\" content=\"pt_PT\" \/>\n<meta property=\"og:type\" content=\"article\" \/>\n<meta property=\"og:title\" content=\"Distribui\u00e7\u00e3o - Urbanitae Blog\" \/>\n<meta property=\"og:description\" content=\"No \u00e2mbito do investimento imobili\u00e1rio, a distribui\u00e7\u00e3o refere-se aos pagamentos peri\u00f3dicos que os investidores recebem como parte dos retornos gerados por um projeto imobili\u00e1rio. Esses pagamentos podem vir de alugu\u00e9is, vendas ou lucros obtidos.\" \/>\n<meta property=\"og:url\" content=\"https:\/\/blog.urbanitae.com\/pt-pt\/glossario\/distribucion\/\" \/>\n<meta property=\"og:site_name\" content=\"Urbanitae Blog | As melhores not\u00edcias sobre investimentos imobili\u00e1rios\" \/>\n<meta property=\"article:publisher\" content=\"https:\/\/www.facebook.com\/urbanitae\" \/>\n<meta property=\"article:modified_time\" content=\"2025-04-26T21:24:39+00:00\" \/>\n<meta name=\"twitter:card\" content=\"summary_large_image\" \/>\n<meta name=\"twitter:site\" content=\"@urbanitae\" \/>\n<meta name=\"twitter:label1\" content=\"Tempo estimado de leitura\" \/>\n\t<meta name=\"twitter:data1\" content=\"1 minuto\" \/>\n<script type=\"application\/ld+json\" class=\"yoast-schema-graph\">{\"@context\":\"https:\\\/\\\/schema.org\",\"@graph\":[{\"@type\":\"WebPage\",\"@id\":\"https:\\\/\\\/blog.urbanitae.com\\\/pt-pt\\\/glossario\\\/distribucion\\\/\",\"url\":\"https:\\\/\\\/blog.urbanitae.com\\\/pt-pt\\\/glossario\\\/distribucion\\\/\",\"name\":\"Distribui\u00e7\u00e3o - Urbanitae Blog\",\"isPartOf\":{\"@id\":\"https:\\\/\\\/blog.urbanitae.com\\\/pt-pt\\\/#website\"},\"datePublished\":\"2025-02-12T10:38:21+00:00\",\"dateModified\":\"2025-04-26T21:24:39+00:00\",\"description\":\"No \u00e2mbito do investimento imobili\u00e1rio, a distribui\u00e7\u00e3o refere-se aos pagamentos peri\u00f3dicos que os investidores recebem como parte dos retornos gerados por um projeto imobili\u00e1rio. Esses pagamentos podem vir de alugu\u00e9is, vendas ou lucros obtidos.\",\"breadcrumb\":{\"@id\":\"https:\\\/\\\/blog.urbanitae.com\\\/pt-pt\\\/glossario\\\/distribucion\\\/#breadcrumb\"},\"inLanguage\":\"pt-PT\",\"potentialAction\":[{\"@type\":\"ReadAction\",\"target\":[\"https:\\\/\\\/blog.urbanitae.com\\\/pt-pt\\\/glossario\\\/distribucion\\\/\"]}]},{\"@type\":\"BreadcrumbList\",\"@id\":\"https:\\\/\\\/blog.urbanitae.com\\\/pt-pt\\\/glossario\\\/distribucion\\\/#breadcrumb\",\"itemListElement\":[{\"@type\":\"ListItem\",\"position\":1,\"name\":\"Portada\",\"item\":\"https:\\\/\\\/blog.urbanitae.com\\\/pt-pt\\\/\"},{\"@type\":\"ListItem\",\"position\":2,\"name\":\"Gloss\u00e1rio\",\"item\":\"https:\\\/\\\/blog.urbanitae.com\\\/pt-pt\\\/glossario\\\/\"},{\"@type\":\"ListItem\",\"position\":3,\"name\":\"Distribui\u00e7\u00e3o\"}]},{\"@type\":\"WebSite\",\"@id\":\"https:\\\/\\\/blog.urbanitae.com\\\/pt-pt\\\/#website\",\"url\":\"https:\\\/\\\/blog.urbanitae.com\\\/pt-pt\\\/\",\"name\":\"Urbanitae Blog | Las mejores noticias sobre inversi\u00f3n inmobiliaria\",\"description\":\"Investimento imobili\u00e1rio ao alcance de todos\",\"publisher\":{\"@id\":\"https:\\\/\\\/blog.urbanitae.com\\\/pt-pt\\\/#organization\"},\"potentialAction\":[{\"@type\":\"SearchAction\",\"target\":{\"@type\":\"EntryPoint\",\"urlTemplate\":\"https:\\\/\\\/blog.urbanitae.com\\\/pt-pt\\\/?s={search_term_string}\"},\"query-input\":{\"@type\":\"PropertyValueSpecification\",\"valueRequired\":true,\"valueName\":\"search_term_string\"}}],\"inLanguage\":\"pt-PT\"},{\"@type\":\"Organization\",\"@id\":\"https:\\\/\\\/blog.urbanitae.com\\\/pt-pt\\\/#organization\",\"name\":\"Urbanitae\",\"url\":\"https:\\\/\\\/blog.urbanitae.com\\\/pt-pt\\\/\",\"logo\":{\"@type\":\"ImageObject\",\"inLanguage\":\"pt-PT\",\"@id\":\"https:\\\/\\\/blog.urbanitae.com\\\/pt-pt\\\/#\\\/schema\\\/logo\\\/image\\\/\",\"url\":\"https:\\\/\\\/blog.urbanitae.com\\\/wp-content\\\/uploads\\\/2020\\\/04\\\/logo-verde_350x100.svg\",\"contentUrl\":\"https:\\\/\\\/blog.urbanitae.com\\\/wp-content\\\/uploads\\\/2020\\\/04\\\/logo-verde_350x100.svg\",\"width\":350,\"height\":100,\"caption\":\"Urbanitae\"},\"image\":{\"@id\":\"https:\\\/\\\/blog.urbanitae.com\\\/pt-pt\\\/#\\\/schema\\\/logo\\\/image\\\/\"},\"sameAs\":[\"https:\\\/\\\/www.facebook.com\\\/urbanitae\",\"https:\\\/\\\/x.com\\\/urbanitae\",\"https:\\\/\\\/www.instagram.com\\\/urbanitae\",\"https:\\\/\\\/www.linkedin.com\\\/company\\\/urbanitae\",\"https:\\\/\\\/www.pinterest.es\\\/UrbanitaeSL\\\/_created\\\/\",\"https:\\\/\\\/www.youtube.com\\\/c\\\/Urbanitae_RE\"]}]}<\/script>\n<!-- \/ Yoast SEO plugin. -->","yoast_head_json":{"title":"Distribui\u00e7\u00e3o - Urbanitae Blog","description":"No \u00e2mbito do investimento imobili\u00e1rio, a distribui\u00e7\u00e3o refere-se aos pagamentos peri\u00f3dicos que os investidores recebem como parte dos retornos gerados por um projeto imobili\u00e1rio. Esses pagamentos podem vir de alugu\u00e9is, vendas ou lucros obtidos.","robots":{"index":"index","follow":"follow","max-snippet":"max-snippet:-1","max-image-preview":"max-image-preview:large","max-video-preview":"max-video-preview:-1"},"canonical":"https:\/\/blog.urbanitae.com\/pt-pt\/glossario\/distribucion\/","og_locale":"pt_PT","og_type":"article","og_title":"Distribui\u00e7\u00e3o - Urbanitae Blog","og_description":"No \u00e2mbito do investimento imobili\u00e1rio, a distribui\u00e7\u00e3o refere-se aos pagamentos peri\u00f3dicos que os investidores recebem como parte dos retornos gerados por um projeto imobili\u00e1rio. Esses pagamentos podem vir de alugu\u00e9is, vendas ou lucros obtidos.","og_url":"https:\/\/blog.urbanitae.com\/pt-pt\/glossario\/distribucion\/","og_site_name":"Urbanitae Blog | As melhores not\u00edcias sobre investimentos imobili\u00e1rios","article_publisher":"https:\/\/www.facebook.com\/urbanitae","article_modified_time":"2025-04-26T21:24:39+00:00","twitter_card":"summary_large_image","twitter_site":"@urbanitae","twitter_misc":{"Tempo estimado de leitura":"1 minuto"},"schema":{"@context":"https:\/\/schema.org","@graph":[{"@type":"WebPage","@id":"https:\/\/blog.urbanitae.com\/pt-pt\/glossario\/distribucion\/","url":"https:\/\/blog.urbanitae.com\/pt-pt\/glossario\/distribucion\/","name":"Distribui\u00e7\u00e3o - Urbanitae Blog","isPartOf":{"@id":"https:\/\/blog.urbanitae.com\/pt-pt\/#website"},"datePublished":"2025-02-12T10:38:21+00:00","dateModified":"2025-04-26T21:24:39+00:00","description":"No \u00e2mbito do investimento imobili\u00e1rio, a distribui\u00e7\u00e3o refere-se aos pagamentos peri\u00f3dicos que os investidores recebem como parte dos retornos gerados por um projeto imobili\u00e1rio. Esses pagamentos podem vir de alugu\u00e9is, vendas ou lucros obtidos.","breadcrumb":{"@id":"https:\/\/blog.urbanitae.com\/pt-pt\/glossario\/distribucion\/#breadcrumb"},"inLanguage":"pt-PT","potentialAction":[{"@type":"ReadAction","target":["https:\/\/blog.urbanitae.com\/pt-pt\/glossario\/distribucion\/"]}]},{"@type":"BreadcrumbList","@id":"https:\/\/blog.urbanitae.com\/pt-pt\/glossario\/distribucion\/#breadcrumb","itemListElement":[{"@type":"ListItem","position":1,"name":"Portada","item":"https:\/\/blog.urbanitae.com\/pt-pt\/"},{"@type":"ListItem","position":2,"name":"Gloss\u00e1rio","item":"https:\/\/blog.urbanitae.com\/pt-pt\/glossario\/"},{"@type":"ListItem","position":3,"name":"Distribui\u00e7\u00e3o"}]},{"@type":"WebSite","@id":"https:\/\/blog.urbanitae.com\/pt-pt\/#website","url":"https:\/\/blog.urbanitae.com\/pt-pt\/","name":"Urbanitae Blog | Las mejores noticias sobre inversi\u00f3n inmobiliaria","description":"Investimento imobili\u00e1rio ao alcance de todos","publisher":{"@id":"https:\/\/blog.urbanitae.com\/pt-pt\/#organization"},"potentialAction":[{"@type":"SearchAction","target":{"@type":"EntryPoint","urlTemplate":"https:\/\/blog.urbanitae.com\/pt-pt\/?s={search_term_string}"},"query-input":{"@type":"PropertyValueSpecification","valueRequired":true,"valueName":"search_term_string"}}],"inLanguage":"pt-PT"},{"@type":"Organization","@id":"https:\/\/blog.urbanitae.com\/pt-pt\/#organization","name":"Urbanitae","url":"https:\/\/blog.urbanitae.com\/pt-pt\/","logo":{"@type":"ImageObject","inLanguage":"pt-PT","@id":"https:\/\/blog.urbanitae.com\/pt-pt\/#\/schema\/logo\/image\/","url":"https:\/\/blog.urbanitae.com\/wp-content\/uploads\/2020\/04\/logo-verde_350x100.svg","contentUrl":"https:\/\/blog.urbanitae.com\/wp-content\/uploads\/2020\/04\/logo-verde_350x100.svg","width":350,"height":100,"caption":"Urbanitae"},"image":{"@id":"https:\/\/blog.urbanitae.com\/pt-pt\/#\/schema\/logo\/image\/"},"sameAs":["https:\/\/www.facebook.com\/urbanitae","https:\/\/x.com\/urbanitae","https:\/\/www.instagram.com\/urbanitae","https:\/\/www.linkedin.com\/company\/urbanitae","https:\/\/www.pinterest.es\/UrbanitaeSL\/_created\/","https:\/\/www.youtube.com\/c\/Urbanitae_RE"]}]}},"_links":{"self":[{"href":"https:\/\/blog.urbanitae.com\/pt-pt\/wp-json\/wp\/v2\/pages\/62266","targetHints":{"allow":["GET"]}}],"collection":[{"href":"https:\/\/blog.urbanitae.com\/pt-pt\/wp-json\/wp\/v2\/pages"}],"about":[{"href":"https:\/\/blog.urbanitae.com\/pt-pt\/wp-json\/wp\/v2\/types\/page"}],"author":[{"embeddable":true,"href":"https:\/\/blog.urbanitae.com\/pt-pt\/wp-json\/wp\/v2\/users\/20"}],"replies":[{"embeddable":true,"href":"https:\/\/blog.urbanitae.com\/pt-pt\/wp-json\/wp\/v2\/comments?post=62266"}],"version-history":[{"count":3,"href":"https:\/\/blog.urbanitae.com\/pt-pt\/wp-json\/wp\/v2\/pages\/62266\/revisions"}],"predecessor-version":[{"id":62742,"href":"https:\/\/blog.urbanitae.com\/pt-pt\/wp-json\/wp\/v2\/pages\/62266\/revisions\/62742"}],"up":[{"embeddable":true,"href":"https:\/\/blog.urbanitae.com\/pt-pt\/wp-json\/wp\/v2\/pages\/62702"}],"wp:attachment":[{"href":"https:\/\/blog.urbanitae.com\/pt-pt\/wp-json\/wp\/v2\/media?parent=62266"}],"curies":[{"name":"wp","href":"https:\/\/api.w.org\/{rel}","templated":true}]}}