{"id":62250,"date":"2025-04-15T11:31:52","date_gmt":"2025-04-15T09:31:52","guid":{"rendered":"https:\/\/blog.urbanitae.com\/divida-privada\/"},"modified":"2025-04-26T23:24:42","modified_gmt":"2025-04-26T21:24:42","slug":"divida-privada","status":"publish","type":"page","link":"https:\/\/blog.urbanitae.com\/pt-pt\/glossario\/divida-privada\/","title":{"rendered":"D\u00edvida privada"},"content":{"rendered":"\t\t<div data-elementor-type=\"wp-page\" data-elementor-id=\"62250\" class=\"elementor elementor-62250 elementor-56218\">\n\t\t\t\t\t\t<section class=\"elementor-section elementor-top-section elementor-element elementor-element-d86d887 elementor-section-boxed elementor-section-height-default elementor-section-height-default parallax_section_no qode_elementor_container_no\" data-id=\"d86d887\" data-element_type=\"section\">\n\t\t\t\t\t\t<div class=\"elementor-container elementor-column-gap-default\">\n\t\t\t\t\t<div class=\"elementor-column elementor-col-100 elementor-top-column elementor-element elementor-element-8b49ddd\" data-id=\"8b49ddd\" data-element_type=\"column\">\n\t\t\t<div class=\"elementor-widget-wrap elementor-element-populated\">\n\t\t\t\t\t\t<div class=\"elementor-element elementor-element-083b30b elementor-widget__width-initial elementor-widget elementor-widget-text-editor\" data-id=\"083b30b\" data-element_type=\"widget\" data-widget_type=\"text-editor.default\">\n\t\t\t\t<div class=\"elementor-widget-container\">\n\t\t\t\t\t\t\t\t\t<h3>O que \u00e9?<\/h3><p style=\"color: #212121; font-family: Roboto, sans-serif; font-size: 16px;\">S\u00e3o empr\u00e9stimos ou cr\u00e9ditos concedidos por investidores privados ou empresas especializadas em financiamento, em vez de entidades financeiras tradicionais. No contexto imobili\u00e1rio, a d\u00edvida privada pode ser usada para financiar projetos de promotores imobili\u00e1rios.<\/p><p style=\"color: #212121; font-family: Roboto, sans-serif; font-size: 16px;\">S\u00e3o fundos privados de investimento que buscam obter retornos atrav\u00e9s de diferentes estrat\u00e9gias de investimento. Conhecidos tamb\u00e9m como hedge funds, est\u00e3o projetados para maximizar o retorno dos investidores independentemente das condi\u00e7\u00f5es de mercado, usando uma variedade de t\u00e9cnicas sofisticadas. Seu principal objetivo \u00e9 gerar benef\u00edcios consistentes e superiores ao mercado, minimizando o risco. <\/p>\t\t\t\t\t\t\t\t<\/div>\n\t\t\t\t<\/div>\n\t\t\t\t<div class=\"elementor-element elementor-element-11c28c4 elementor-widget__width-initial elementor-widget elementor-widget-text-editor\" data-id=\"11c28c4\" data-element_type=\"widget\" data-widget_type=\"text-editor.default\">\n\t\t\t\t<div class=\"elementor-widget-container\">\n\t\t\t\t\t\t\t\t\t<h3>Aspectos-chave a considerar<\/h3><p style=\"color: #212121; font-family: Roboto, sans-serif; font-size: 16px;\">No contexto imobili\u00e1rio, a d\u00edvida privada tem v\u00e1rias caracter\u00edsticas chave:<\/p><ul><li style=\"color: #212121; font-family: Roboto, sans-serif; font-size: 16px;\"><strong>Flexibilidade nas condi\u00e7\u00f5es: <\/strong>As empresas de d\u00edvida privada podem negociar termos mais adaptados \u00e0s necessidades do projeto, comparado com os bancos tradicionais.<\/li><li style=\"color: #212121; font-family: Roboto, sans-serif; font-size: 16px;\"><strong>Menor tempo de aprova\u00e7\u00e3o: <\/strong>Os processos de avalia\u00e7\u00e3o e desembolso tendem a ser mais \u00e1geis, permitindo aos promotores aproveitar as oportunidades de mercado rapidamente.<\/li><li style=\"color: #212121; font-family: Roboto, sans-serif; font-size: 16px;\"><strong>Garantias: <\/strong>Os empr\u00e9stimos geralmente s\u00e3o garantidos pelo pr\u00f3prio projeto imobili\u00e1rio, o que oferece seguran\u00e7a ao credor<\/li><\/ul><p style=\"color: #212121; font-family: Roboto, sans-serif; font-size: 16px;\">As vantagens para os investidores que participam de d\u00edvidas privadas incluem rendimentos est\u00e1veis por meio de juros e menor exposi\u00e7\u00e3o \u00e0 volatilidade do mercado financeiro. No entanto, tamb\u00e9m existem riscos, como a possibilidade de inadimpl\u00eancia por parte do tomador ou problemas na execu\u00e7\u00e3o do projeto. <\/p><p style=\"color: #212121; font-family: Roboto, sans-serif; font-size: 16px;\">Para os desenvolvedores, a d\u00edvida privada pode ser uma solu\u00e7\u00e3o eficaz para concluir o financiamento de seus projetos, especialmente em contextos em que as institui\u00e7\u00f5es financeiras tradicionais imp\u00f5em restri\u00e7\u00f5es mais r\u00edgidas. No entanto, \u00e9 essencial avaliar cuidadosamente os custos e prazos associados para garantir a viabilidade econ\u00f4mica do projeto. <\/p>\t\t\t\t\t\t\t\t<\/div>\n\t\t\t\t<\/div>\n\t\t\t\t\t<\/div>\n\t\t<\/div>\n\t\t\t\t\t<\/div>\n\t\t<\/section>\n\t\t\t\t<section class=\"elementor-section elementor-top-section elementor-element elementor-element-aa563c5 elementor-section-full_width elementor-section-stretched elementor-section-height-default elementor-section-height-default parallax_section_no qode_elementor_container_no\" data-id=\"aa563c5\" data-element_type=\"section\" data-settings=\"{&quot;stretch_section&quot;:&quot;section-stretched&quot;}\">\n\t\t\t\t\t\t<div class=\"elementor-container elementor-column-gap-default\">\n\t\t\t\t\t<div class=\"elementor-column elementor-col-100 elementor-top-column elementor-element elementor-element-41114ac\" data-id=\"41114ac\" data-element_type=\"column\">\n\t\t\t<div class=\"elementor-widget-wrap elementor-element-populated\">\n\t\t\t\t\t\t<div class=\"elementor-element elementor-element-43f7095 elementor-widget elementor-widget-html\" data-id=\"43f7095\" data-element_type=\"widget\" data-widget_type=\"html.default\">\n\t\t\t\t<div class=\"elementor-widget-container\">\n\t\t\t\t\t\r\n        <div class=\"qode-advanced-call-to-action qode-advanced-cta-gradient qode-advanced-cta-gradient-animation\" style=\"height:80px\">\r\n            <a class=\"advanced-cta-link\" href=\"https:\/\/mkt.urbanitae.com\/Urbanitae_suscripcion_newsletter.html?utm_source=blog&amp;utm_medium=link_blog&amp;utm_campaign=suscripcion_blog&amp;utm_content=boton\" target=\"_blank\" onclick=\"dataLayer.push({'event': 'ub_ga4_event', 'ub_ga4_event_name': 'newsletter', 'ub_ga4_event_element': 'aprende'})\"><\/a>\r\n            <div class=\"qode-advanced-cta-content\">\r\n                <span class=\"qode-advanced-cta-text-holder\" style=\"color:#FFFFFF;font-size:25px\">\r\n Assine nossa Newsletter <\/span>\r\n                <span class=\"qode-advanced-cta-icon-holder\" style=\"color:#FFFFFF;font-size:25px\">\r\n                    <span class=\"qode-advanced-cta-icon-holder-table\">\r\n                        <span class=\"qode-advanced-cta-icon-holder-cell\">\r\n                            <i class=\"qode_icon_font_awesome_5 fa5 fa fa-envelope-open-text qode-advanced-cta-icon\"><\/i> <\/span>\r\n                    <\/span>\r\n                <\/span>\r\n            <\/div>\r\n            <div class=\"qode-advanced-cta-background-holder\">\r\n                <span class=\"qode-advanced-cta-background-1 qode-type1-gradient-left-to-right\"><\/span>\r\n                <span class=\"qode-advanced-cta-background-2 qode-type1-gradient-left-to-right\"><\/span>\r\n                <span class=\"qode-advanced-cta-background-3\"><\/span>\r\n            <\/div>\r\n        <\/div>\r\n\t\t\t\t<\/div>\n\t\t\t\t<\/div>\n\t\t\t\t\t<\/div>\n\t\t<\/div>\n\t\t\t\t\t<\/div>\n\t\t<\/section>\n\t\t\t\t<\/div>\n\t\t","protected":false},"excerpt":{"rendered":"<p>O que \u00e9? S\u00e3o empr\u00e9stimos ou cr\u00e9ditos concedidos por investidores privados ou empresas especializadas em financiamento, em vez de entidades financeiras tradicionais. No contexto imobili\u00e1rio, a d\u00edvida privada pode ser usada para financiar projetos de promotores imobili\u00e1rios. S\u00e3o fundos privados de investimento que buscam obter&#8230;<\/p>\n","protected":false},"author":20,"featured_media":0,"parent":62702,"menu_order":0,"comment_status":"closed","ping_status":"closed","template":"","meta":{"inline_featured_image":false,"_lmt_disableupdate":"","_lmt_disable":"","footnotes":""},"class_list":["post-62250","page","type-page","status-publish","hentry"],"yoast_head":"<!-- This site is optimized with the Yoast SEO plugin v26.6 - https:\/\/yoast.com\/wordpress\/plugins\/seo\/ -->\n<title>D\u00edvida privada - Urbanitae Blog<\/title>\n<meta name=\"description\" content=\"Refere-se a empr\u00e9stimos ou cr\u00e9ditos concedidos por investidores privados ou empresas especializadas em financiamento, em vez de institui\u00e7\u00f5es financeiras tradicionais. No contexto imobili\u00e1rio, a d\u00edvida privada pode ser usada para financiar projetos de incorporadoras imobili\u00e1rias.\" \/>\n<meta name=\"robots\" content=\"index, follow, max-snippet:-1, max-image-preview:large, max-video-preview:-1\" \/>\n<link rel=\"canonical\" href=\"https:\/\/blog.urbanitae.com\/pt-pt\/glossario\/divida-privada\/\" \/>\n<meta property=\"og:locale\" content=\"pt_PT\" \/>\n<meta property=\"og:type\" content=\"article\" \/>\n<meta property=\"og:title\" content=\"D\u00edvida privada - Urbanitae Blog\" \/>\n<meta property=\"og:description\" content=\"Refere-se a empr\u00e9stimos ou cr\u00e9ditos concedidos por investidores privados ou empresas especializadas em financiamento, em vez de institui\u00e7\u00f5es financeiras tradicionais. No contexto imobili\u00e1rio, a d\u00edvida privada pode ser usada para financiar projetos de incorporadoras imobili\u00e1rias.\" \/>\n<meta property=\"og:url\" content=\"https:\/\/blog.urbanitae.com\/pt-pt\/glossario\/divida-privada\/\" \/>\n<meta property=\"og:site_name\" content=\"Urbanitae Blog | As melhores not\u00edcias sobre investimentos imobili\u00e1rios\" \/>\n<meta property=\"article:publisher\" content=\"https:\/\/www.facebook.com\/urbanitae\" \/>\n<meta property=\"article:modified_time\" content=\"2025-04-26T21:24:42+00:00\" \/>\n<meta name=\"twitter:card\" content=\"summary_large_image\" \/>\n<meta name=\"twitter:site\" content=\"@urbanitae\" \/>\n<meta name=\"twitter:label1\" content=\"Tempo estimado de leitura\" \/>\n\t<meta name=\"twitter:data1\" content=\"1 minuto\" \/>\n<script type=\"application\/ld+json\" class=\"yoast-schema-graph\">{\"@context\":\"https:\/\/schema.org\",\"@graph\":[{\"@type\":\"WebPage\",\"@id\":\"https:\/\/blog.urbanitae.com\/pt-pt\/glossario\/divida-privada\/\",\"url\":\"https:\/\/blog.urbanitae.com\/pt-pt\/glossario\/divida-privada\/\",\"name\":\"D\u00edvida privada - Urbanitae Blog\",\"isPartOf\":{\"@id\":\"https:\/\/blog.urbanitae.com\/pt-pt\/#website\"},\"datePublished\":\"2025-04-15T09:31:52+00:00\",\"dateModified\":\"2025-04-26T21:24:42+00:00\",\"description\":\"Refere-se a empr\u00e9stimos ou cr\u00e9ditos concedidos por investidores privados ou empresas especializadas em financiamento, em vez de institui\u00e7\u00f5es financeiras tradicionais. No contexto imobili\u00e1rio, a d\u00edvida privada pode ser usada para financiar projetos de incorporadoras imobili\u00e1rias.\",\"breadcrumb\":{\"@id\":\"https:\/\/blog.urbanitae.com\/pt-pt\/glossario\/divida-privada\/#breadcrumb\"},\"inLanguage\":\"pt-PT\",\"potentialAction\":[{\"@type\":\"ReadAction\",\"target\":[\"https:\/\/blog.urbanitae.com\/pt-pt\/glossario\/divida-privada\/\"]}]},{\"@type\":\"BreadcrumbList\",\"@id\":\"https:\/\/blog.urbanitae.com\/pt-pt\/glossario\/divida-privada\/#breadcrumb\",\"itemListElement\":[{\"@type\":\"ListItem\",\"position\":1,\"name\":\"Portada\",\"item\":\"https:\/\/blog.urbanitae.com\/pt-pt\/\"},{\"@type\":\"ListItem\",\"position\":2,\"name\":\"Gloss\u00e1rio\",\"item\":\"https:\/\/blog.urbanitae.com\/pt-pt\/glossario\/\"},{\"@type\":\"ListItem\",\"position\":3,\"name\":\"D\u00edvida privada\"}]},{\"@type\":\"WebSite\",\"@id\":\"https:\/\/blog.urbanitae.com\/pt-pt\/#website\",\"url\":\"https:\/\/blog.urbanitae.com\/pt-pt\/\",\"name\":\"Urbanitae Blog | Las mejores noticias sobre inversi\u00f3n inmobiliaria\",\"description\":\"Investimento imobili\u00e1rio ao alcance de todos\",\"publisher\":{\"@id\":\"https:\/\/blog.urbanitae.com\/pt-pt\/#organization\"},\"potentialAction\":[{\"@type\":\"SearchAction\",\"target\":{\"@type\":\"EntryPoint\",\"urlTemplate\":\"https:\/\/blog.urbanitae.com\/pt-pt\/?s={search_term_string}\"},\"query-input\":{\"@type\":\"PropertyValueSpecification\",\"valueRequired\":true,\"valueName\":\"search_term_string\"}}],\"inLanguage\":\"pt-PT\"},{\"@type\":\"Organization\",\"@id\":\"https:\/\/blog.urbanitae.com\/pt-pt\/#organization\",\"name\":\"Urbanitae\",\"url\":\"https:\/\/blog.urbanitae.com\/pt-pt\/\",\"logo\":{\"@type\":\"ImageObject\",\"inLanguage\":\"pt-PT\",\"@id\":\"https:\/\/blog.urbanitae.com\/pt-pt\/#\/schema\/logo\/image\/\",\"url\":\"https:\/\/blog.urbanitae.com\/wp-content\/uploads\/2020\/04\/logo-verde_350x100.svg\",\"contentUrl\":\"https:\/\/blog.urbanitae.com\/wp-content\/uploads\/2020\/04\/logo-verde_350x100.svg\",\"width\":350,\"height\":100,\"caption\":\"Urbanitae\"},\"image\":{\"@id\":\"https:\/\/blog.urbanitae.com\/pt-pt\/#\/schema\/logo\/image\/\"},\"sameAs\":[\"https:\/\/www.facebook.com\/urbanitae\",\"https:\/\/x.com\/urbanitae\",\"https:\/\/www.instagram.com\/urbanitae\",\"https:\/\/www.linkedin.com\/company\/urbanitae\",\"https:\/\/www.pinterest.es\/UrbanitaeSL\/_created\/\",\"https:\/\/www.youtube.com\/c\/Urbanitae_RE\"]}]}<\/script>\n<!-- \/ Yoast SEO plugin. -->","yoast_head_json":{"title":"D\u00edvida privada - Urbanitae Blog","description":"Refere-se a empr\u00e9stimos ou cr\u00e9ditos concedidos por investidores privados ou empresas especializadas em financiamento, em vez de institui\u00e7\u00f5es financeiras tradicionais. No contexto imobili\u00e1rio, a d\u00edvida privada pode ser usada para financiar projetos de incorporadoras imobili\u00e1rias.","robots":{"index":"index","follow":"follow","max-snippet":"max-snippet:-1","max-image-preview":"max-image-preview:large","max-video-preview":"max-video-preview:-1"},"canonical":"https:\/\/blog.urbanitae.com\/pt-pt\/glossario\/divida-privada\/","og_locale":"pt_PT","og_type":"article","og_title":"D\u00edvida privada - Urbanitae Blog","og_description":"Refere-se a empr\u00e9stimos ou cr\u00e9ditos concedidos por investidores privados ou empresas especializadas em financiamento, em vez de institui\u00e7\u00f5es financeiras tradicionais. No contexto imobili\u00e1rio, a d\u00edvida privada pode ser usada para financiar projetos de incorporadoras imobili\u00e1rias.","og_url":"https:\/\/blog.urbanitae.com\/pt-pt\/glossario\/divida-privada\/","og_site_name":"Urbanitae Blog | As melhores not\u00edcias sobre investimentos imobili\u00e1rios","article_publisher":"https:\/\/www.facebook.com\/urbanitae","article_modified_time":"2025-04-26T21:24:42+00:00","twitter_card":"summary_large_image","twitter_site":"@urbanitae","twitter_misc":{"Tempo estimado de leitura":"1 minuto"},"schema":{"@context":"https:\/\/schema.org","@graph":[{"@type":"WebPage","@id":"https:\/\/blog.urbanitae.com\/pt-pt\/glossario\/divida-privada\/","url":"https:\/\/blog.urbanitae.com\/pt-pt\/glossario\/divida-privada\/","name":"D\u00edvida privada - Urbanitae Blog","isPartOf":{"@id":"https:\/\/blog.urbanitae.com\/pt-pt\/#website"},"datePublished":"2025-04-15T09:31:52+00:00","dateModified":"2025-04-26T21:24:42+00:00","description":"Refere-se a empr\u00e9stimos ou cr\u00e9ditos concedidos por investidores privados ou empresas especializadas em financiamento, em vez de institui\u00e7\u00f5es financeiras tradicionais. No contexto imobili\u00e1rio, a d\u00edvida privada pode ser usada para financiar projetos de incorporadoras imobili\u00e1rias.","breadcrumb":{"@id":"https:\/\/blog.urbanitae.com\/pt-pt\/glossario\/divida-privada\/#breadcrumb"},"inLanguage":"pt-PT","potentialAction":[{"@type":"ReadAction","target":["https:\/\/blog.urbanitae.com\/pt-pt\/glossario\/divida-privada\/"]}]},{"@type":"BreadcrumbList","@id":"https:\/\/blog.urbanitae.com\/pt-pt\/glossario\/divida-privada\/#breadcrumb","itemListElement":[{"@type":"ListItem","position":1,"name":"Portada","item":"https:\/\/blog.urbanitae.com\/pt-pt\/"},{"@type":"ListItem","position":2,"name":"Gloss\u00e1rio","item":"https:\/\/blog.urbanitae.com\/pt-pt\/glossario\/"},{"@type":"ListItem","position":3,"name":"D\u00edvida privada"}]},{"@type":"WebSite","@id":"https:\/\/blog.urbanitae.com\/pt-pt\/#website","url":"https:\/\/blog.urbanitae.com\/pt-pt\/","name":"Urbanitae Blog | Las mejores noticias sobre inversi\u00f3n inmobiliaria","description":"Investimento imobili\u00e1rio ao alcance de todos","publisher":{"@id":"https:\/\/blog.urbanitae.com\/pt-pt\/#organization"},"potentialAction":[{"@type":"SearchAction","target":{"@type":"EntryPoint","urlTemplate":"https:\/\/blog.urbanitae.com\/pt-pt\/?s={search_term_string}"},"query-input":{"@type":"PropertyValueSpecification","valueRequired":true,"valueName":"search_term_string"}}],"inLanguage":"pt-PT"},{"@type":"Organization","@id":"https:\/\/blog.urbanitae.com\/pt-pt\/#organization","name":"Urbanitae","url":"https:\/\/blog.urbanitae.com\/pt-pt\/","logo":{"@type":"ImageObject","inLanguage":"pt-PT","@id":"https:\/\/blog.urbanitae.com\/pt-pt\/#\/schema\/logo\/image\/","url":"https:\/\/blog.urbanitae.com\/wp-content\/uploads\/2020\/04\/logo-verde_350x100.svg","contentUrl":"https:\/\/blog.urbanitae.com\/wp-content\/uploads\/2020\/04\/logo-verde_350x100.svg","width":350,"height":100,"caption":"Urbanitae"},"image":{"@id":"https:\/\/blog.urbanitae.com\/pt-pt\/#\/schema\/logo\/image\/"},"sameAs":["https:\/\/www.facebook.com\/urbanitae","https:\/\/x.com\/urbanitae","https:\/\/www.instagram.com\/urbanitae","https:\/\/www.linkedin.com\/company\/urbanitae","https:\/\/www.pinterest.es\/UrbanitaeSL\/_created\/","https:\/\/www.youtube.com\/c\/Urbanitae_RE"]}]}},"_links":{"self":[{"href":"https:\/\/blog.urbanitae.com\/pt-pt\/wp-json\/wp\/v2\/pages\/62250","targetHints":{"allow":["GET"]}}],"collection":[{"href":"https:\/\/blog.urbanitae.com\/pt-pt\/wp-json\/wp\/v2\/pages"}],"about":[{"href":"https:\/\/blog.urbanitae.com\/pt-pt\/wp-json\/wp\/v2\/types\/page"}],"author":[{"embeddable":true,"href":"https:\/\/blog.urbanitae.com\/pt-pt\/wp-json\/wp\/v2\/users\/20"}],"replies":[{"embeddable":true,"href":"https:\/\/blog.urbanitae.com\/pt-pt\/wp-json\/wp\/v2\/comments?post=62250"}],"version-history":[{"count":1,"href":"https:\/\/blog.urbanitae.com\/pt-pt\/wp-json\/wp\/v2\/pages\/62250\/revisions"}],"predecessor-version":[{"id":62252,"href":"https:\/\/blog.urbanitae.com\/pt-pt\/wp-json\/wp\/v2\/pages\/62250\/revisions\/62252"}],"up":[{"embeddable":true,"href":"https:\/\/blog.urbanitae.com\/pt-pt\/wp-json\/wp\/v2\/pages\/62702"}],"wp:attachment":[{"href":"https:\/\/blog.urbanitae.com\/pt-pt\/wp-json\/wp\/v2\/media?parent=62250"}],"curies":[{"name":"wp","href":"https:\/\/api.w.org\/{rel}","templated":true}]}}