{"id":62157,"date":"2025-04-15T21:01:09","date_gmt":"2025-04-15T19:01:09","guid":{"rendered":"https:\/\/blog.urbanitae.com\/rischio-di-mercato\/"},"modified":"2025-04-25T19:15:46","modified_gmt":"2025-04-25T17:15:46","slug":"rischio-di-mercato","status":"publish","type":"page","link":"https:\/\/blog.urbanitae.com\/it\/glossario\/rischio-di-mercato\/","title":{"rendered":"Rischio di mercato"},"content":{"rendered":"\t\t<div data-elementor-type=\"wp-page\" data-elementor-id=\"62157\" class=\"elementor elementor-62157 elementor-57207\">\n\t\t\t\t\t\t<section class=\"elementor-section elementor-top-section elementor-element elementor-element-d86d887 elementor-section-boxed elementor-section-height-default elementor-section-height-default parallax_section_no qode_elementor_container_no\" data-id=\"d86d887\" data-element_type=\"section\">\n\t\t\t\t\t\t<div class=\"elementor-container elementor-column-gap-default\">\n\t\t\t\t\t<div class=\"elementor-column elementor-col-100 elementor-top-column elementor-element elementor-element-8b49ddd\" data-id=\"8b49ddd\" data-element_type=\"column\">\n\t\t\t<div class=\"elementor-widget-wrap elementor-element-populated\">\n\t\t\t\t\t\t<div class=\"elementor-element elementor-element-083b30b elementor-widget__width-initial elementor-widget elementor-widget-text-editor\" data-id=\"083b30b\" data-element_type=\"widget\" data-widget_type=\"text-editor.default\">\n\t\t\t\t<div class=\"elementor-widget-container\">\n\t\t\t\t\t\t\t\t\t<h3>Cos&#8217;\u00e8?<\/h3><p style=\"color: #212121; font-family: Roboto, sans-serif; font-size: 16px;\">\u00c8 il rischio di perdita finanziaria a causa delle fluttuazioni dei prezzi degli asset nei mercati finanziari. Este riesgo puede ser causado por una variedad de factores, como condiciones macroecon\u00f3micas adversas, eventos geopol\u00edticos imprevistos, cambios en las tasas de inter\u00e9s o simplemente la volatilidad del mercado. La exposici\u00f3n al riesgo de mercado afecta a todos los activos cotizados en mercados financieros, como acciones, bonos y materias primas. <\/p><p style=\"color: #212121; font-family: Roboto, sans-serif; font-size: 16px;\">Questo tipo di rischio \u00e8 intrinsecamente imprevedibile, in quanto i cambiamenti delle condizioni economiche globali, delle politiche governative o dei conflitti internazionali possono innescare bruschi movimenti dei prezzi degli asset, influenzando sia gli investitori che i mercati in generale.<\/p>\t\t\t\t\t\t\t\t<\/div>\n\t\t\t\t<\/div>\n\t\t\t\t<div class=\"elementor-element elementor-element-11c28c4 elementor-widget__width-initial elementor-widget elementor-widget-text-editor\" data-id=\"11c28c4\" data-element_type=\"widget\" data-widget_type=\"text-editor.default\">\n\t\t\t\t<div class=\"elementor-widget-container\">\n\t\t\t\t\t\t\t\t\t<h3>Aspetti chiave da considerare<\/h3>\n<p style=\"color: #212121; font-family: Roboto, sans-serif; font-size: 16px;\"><strong>Il rischio di mercato<\/strong> \u00e8 una delle principali fonti di incertezza per gli investitori. Sebbene non possa essere completamente eliminato, \u00e8 possibile mitigarne l&#8217;impatto diversificando il portafoglio di investimenti. La diversificazione tra diverse asset class, settori e regioni geografiche aiuta a ridurre l&#8217;esposizione a un singolo fattore di rischio di mercato.  <\/p>\n<p style=\"color: #212121; font-family: Roboto, sans-serif; font-size: 16px;\">Inoltre, gli investitori dovrebbero essere consapevoli dei fattori macroeconomici che possono influenzare i mercati, come i tassi di interesse, la politica fiscale e monetaria o le fluttuazioni economiche globali. Questi fattori hanno un impatto diretto sulla redditivit\u00e0 degli investimenti. <\/p>\n<p style=\"color: #212121; font-family: Roboto, sans-serif; font-size: 16px;\">Anche l&#8217;orizzonte temporale dell&#8217;investimento \u00e8 un aspetto fondamentale: gli investitori con un focus a lungo termine potrebbero essere pi\u00f9 disposti a tollerare la volatilit\u00e0 del mercato, mentre quelli con un focus a breve termine dovrebbero gestire la loro esposizione con maggiore cautela.\n\n<p style=\"color: #212121; font-family: Roboto, sans-serif; font-size: 16px;\">In sintesi, sebbene il rischio di mercato non possa essere eliminato, comprenderne le cause e come pu\u00f2 essere mitigato con la giusta strategia pu\u00f2 aiutare gli investitori a prendere decisioni informate in linea con il loro profilo di rischio.\t\t\t\t\t\t\t\t<\/div>\n\t\t\t\t<\/div>\n\t\t\t\t\t<\/div>\n\t\t<\/div>\n\t\t\t\t\t<\/div>\n\t\t<\/section>\n\t\t\t\t<section class=\"elementor-section elementor-top-section elementor-element elementor-element-aa563c5 elementor-section-full_width elementor-section-stretched elementor-section-height-default elementor-section-height-default parallax_section_no qode_elementor_container_no\" data-id=\"aa563c5\" data-element_type=\"section\" data-settings=\"{&quot;stretch_section&quot;:&quot;section-stretched&quot;}\">\n\t\t\t\t\t\t<div class=\"elementor-container elementor-column-gap-default\">\n\t\t\t\t\t<div class=\"elementor-column elementor-col-100 elementor-top-column elementor-element elementor-element-41114ac\" data-id=\"41114ac\" data-element_type=\"column\">\n\t\t\t<div class=\"elementor-widget-wrap elementor-element-populated\">\n\t\t\t\t\t\t<div class=\"elementor-element elementor-element-43f7095 elementor-widget elementor-widget-html\" data-id=\"43f7095\" data-element_type=\"widget\" data-widget_type=\"html.default\">\n\t\t\t\t<div class=\"elementor-widget-container\">\n\t\t\t\t\t\r\n        <div class=\"qode-advanced-call-to-action qode-advanced-cta-gradient qode-advanced-cta-gradient-animation\" style=\"height:80px\">\r\n            <a class=\"advanced-cta-link\" href=\"https:\/\/mkt.urbanitae.com\/Urbanitae_suscripcion_newsletter.html?utm_source=blog&amp;utm_medium=link_blog&amp;utm_campaign=suscripcion_blog&amp;utm_content=boton\" target=\"_blank\" onclick=\"dataLayer.push({'event': 'ub_ga4_event', 'ub_ga4_event_name': 'newsletter', 'ub_ga4_event_element': 'aprende'})\"><\/a>\r\n            <div class=\"qode-advanced-cta-content\">\r\n                <span class=\"qode-advanced-cta-text-holder\" style=\"color:#FFFFFF;font-size:25px\">\r\n Iscriviti alla nostra Newsletter <\/span>\r\n                <span class=\"qode-advanced-cta-icon-holder\" style=\"color:#FFFFFF;font-size:25px\">\r\n                    <span class=\"qode-advanced-cta-icon-holder-table\">\r\n                        <span class=\"qode-advanced-cta-icon-holder-cell\">\r\n                            <i class=\"qode_icon_font_awesome_5 fa5 fa fa-envelope-open-text qode-advanced-cta-icon\"><\/i> <\/span>\r\n                    <\/span>\r\n                <\/span>\r\n            <\/div>\r\n            <div class=\"qode-advanced-cta-background-holder\">\r\n                <span class=\"qode-advanced-cta-background-1 qode-type1-gradient-left-to-right\"><\/span>\r\n                <span class=\"qode-advanced-cta-background-2 qode-type1-gradient-left-to-right\"><\/span>\r\n                <span class=\"qode-advanced-cta-background-3\"><\/span>\r\n            <\/div>\r\n        <\/div>\r\n\t\t\t\t<\/div>\n\t\t\t\t<\/div>\n\t\t\t\t\t<\/div>\n\t\t<\/div>\n\t\t\t\t\t<\/div>\n\t\t<\/section>\n\t\t\t\t<\/div>\n\t\t","protected":false},"excerpt":{"rendered":"<p>Cos&#8217;\u00e8? \u00c8 il rischio di perdita finanziaria a causa delle fluttuazioni dei prezzi degli asset nei mercati finanziari. Este riesgo puede ser causado por una variedad de factores, como condiciones macroecon\u00f3micas adversas, eventos geopol\u00edticos imprevistos, cambios en las tasas de inter\u00e9s o simplemente la volatilidad&#8230;<\/p>\n","protected":false},"author":20,"featured_media":0,"parent":62419,"menu_order":0,"comment_status":"closed","ping_status":"closed","template":"","meta":{"inline_featured_image":false,"_lmt_disableupdate":"","_lmt_disable":"","footnotes":""},"class_list":["post-62157","page","type-page","status-publish","hentry"],"yoast_head":"<!-- This site is optimized with the Yoast SEO plugin v26.6 - https:\/\/yoast.com\/wordpress\/plugins\/seo\/ -->\n<title>Rischio di mercato - Urbanitae Blog<\/title>\n<meta name=\"description\" content=\"\u00c8 il rischio di perdita finanziaria a causa delle fluttuazioni dei prezzi degli asset nei mercati finanziari. Questo rischio pu\u00f2 essere causato da fattori macroeconomici, eventi geopolitici, variazioni dei tassi di interesse o volatilit\u00e0 di mercato.\" \/>\n<meta name=\"robots\" content=\"index, follow, max-snippet:-1, max-image-preview:large, max-video-preview:-1\" \/>\n<link rel=\"canonical\" href=\"https:\/\/blog.urbanitae.com\/it\/glossario\/rischio-di-mercato\/\" \/>\n<meta property=\"og:locale\" content=\"it_IT\" \/>\n<meta property=\"og:type\" content=\"article\" \/>\n<meta property=\"og:title\" content=\"Rischio di mercato - Urbanitae Blog\" \/>\n<meta property=\"og:description\" content=\"\u00c8 il rischio di perdita finanziaria a causa delle fluttuazioni dei prezzi degli asset nei mercati finanziari. Questo rischio pu\u00f2 essere causato da fattori macroeconomici, eventi geopolitici, variazioni dei tassi di interesse o volatilit\u00e0 di mercato.\" \/>\n<meta property=\"og:url\" content=\"https:\/\/blog.urbanitae.com\/it\/glossario\/rischio-di-mercato\/\" \/>\n<meta property=\"og:site_name\" content=\"Urbanitae Blog | Le migliori notizie sugli investimenti immobiliari\" \/>\n<meta property=\"article:publisher\" content=\"https:\/\/www.facebook.com\/urbanitae\" \/>\n<meta property=\"article:modified_time\" content=\"2025-04-25T17:15:46+00:00\" \/>\n<meta name=\"twitter:card\" content=\"summary_large_image\" \/>\n<meta name=\"twitter:site\" content=\"@urbanitae\" \/>\n<meta name=\"twitter:label1\" content=\"Tempo di lettura stimato\" \/>\n\t<meta name=\"twitter:data1\" content=\"1 minuto\" \/>\n<script type=\"application\/ld+json\" class=\"yoast-schema-graph\">{\"@context\":\"https:\/\/schema.org\",\"@graph\":[{\"@type\":\"WebPage\",\"@id\":\"https:\/\/blog.urbanitae.com\/it\/glossario\/rischio-di-mercato\/\",\"url\":\"https:\/\/blog.urbanitae.com\/it\/glossario\/rischio-di-mercato\/\",\"name\":\"Rischio di mercato - Urbanitae Blog\",\"isPartOf\":{\"@id\":\"https:\/\/blog.urbanitae.com\/it\/#website\"},\"datePublished\":\"2025-04-15T19:01:09+00:00\",\"dateModified\":\"2025-04-25T17:15:46+00:00\",\"description\":\"\u00c8 il rischio di perdita finanziaria a causa delle fluttuazioni dei prezzi degli asset nei mercati finanziari. Questo rischio pu\u00f2 essere causato da fattori macroeconomici, eventi geopolitici, variazioni dei tassi di interesse o volatilit\u00e0 di mercato.\",\"breadcrumb\":{\"@id\":\"https:\/\/blog.urbanitae.com\/it\/glossario\/rischio-di-mercato\/#breadcrumb\"},\"inLanguage\":\"it-IT\",\"potentialAction\":[{\"@type\":\"ReadAction\",\"target\":[\"https:\/\/blog.urbanitae.com\/it\/glossario\/rischio-di-mercato\/\"]}]},{\"@type\":\"BreadcrumbList\",\"@id\":\"https:\/\/blog.urbanitae.com\/it\/glossario\/rischio-di-mercato\/#breadcrumb\",\"itemListElement\":[{\"@type\":\"ListItem\",\"position\":1,\"name\":\"Portada\",\"item\":\"https:\/\/blog.urbanitae.com\/it\/\"},{\"@type\":\"ListItem\",\"position\":2,\"name\":\"Glossario\",\"item\":\"https:\/\/blog.urbanitae.com\/it\/glossario\/\"},{\"@type\":\"ListItem\",\"position\":3,\"name\":\"Rischio di mercato\"}]},{\"@type\":\"WebSite\",\"@id\":\"https:\/\/blog.urbanitae.com\/it\/#website\",\"url\":\"https:\/\/blog.urbanitae.com\/it\/\",\"name\":\"Urbanitae Blog | Las mejores noticias sobre inversi\u00f3n inmobiliaria\",\"description\":\"L'investimento immobiliare alla portata di tutti\",\"publisher\":{\"@id\":\"https:\/\/blog.urbanitae.com\/it\/#organization\"},\"potentialAction\":[{\"@type\":\"SearchAction\",\"target\":{\"@type\":\"EntryPoint\",\"urlTemplate\":\"https:\/\/blog.urbanitae.com\/it\/?s={search_term_string}\"},\"query-input\":{\"@type\":\"PropertyValueSpecification\",\"valueRequired\":true,\"valueName\":\"search_term_string\"}}],\"inLanguage\":\"it-IT\"},{\"@type\":\"Organization\",\"@id\":\"https:\/\/blog.urbanitae.com\/it\/#organization\",\"name\":\"Urbanitae\",\"url\":\"https:\/\/blog.urbanitae.com\/it\/\",\"logo\":{\"@type\":\"ImageObject\",\"inLanguage\":\"it-IT\",\"@id\":\"https:\/\/blog.urbanitae.com\/it\/#\/schema\/logo\/image\/\",\"url\":\"https:\/\/blog.urbanitae.com\/wp-content\/uploads\/2020\/04\/logo-verde_350x100.svg\",\"contentUrl\":\"https:\/\/blog.urbanitae.com\/wp-content\/uploads\/2020\/04\/logo-verde_350x100.svg\",\"width\":350,\"height\":100,\"caption\":\"Urbanitae\"},\"image\":{\"@id\":\"https:\/\/blog.urbanitae.com\/it\/#\/schema\/logo\/image\/\"},\"sameAs\":[\"https:\/\/www.facebook.com\/urbanitae\",\"https:\/\/x.com\/urbanitae\",\"https:\/\/www.instagram.com\/urbanitae\",\"https:\/\/www.linkedin.com\/company\/urbanitae\",\"https:\/\/www.pinterest.es\/UrbanitaeSL\/_created\/\",\"https:\/\/www.youtube.com\/c\/Urbanitae_RE\"]}]}<\/script>\n<!-- \/ Yoast SEO plugin. -->","yoast_head_json":{"title":"Rischio di mercato - Urbanitae Blog","description":"\u00c8 il rischio di perdita finanziaria a causa delle fluttuazioni dei prezzi degli asset nei mercati finanziari. Questo rischio pu\u00f2 essere causato da fattori macroeconomici, eventi geopolitici, variazioni dei tassi di interesse o volatilit\u00e0 di mercato.","robots":{"index":"index","follow":"follow","max-snippet":"max-snippet:-1","max-image-preview":"max-image-preview:large","max-video-preview":"max-video-preview:-1"},"canonical":"https:\/\/blog.urbanitae.com\/it\/glossario\/rischio-di-mercato\/","og_locale":"it_IT","og_type":"article","og_title":"Rischio di mercato - Urbanitae Blog","og_description":"\u00c8 il rischio di perdita finanziaria a causa delle fluttuazioni dei prezzi degli asset nei mercati finanziari. Questo rischio pu\u00f2 essere causato da fattori macroeconomici, eventi geopolitici, variazioni dei tassi di interesse o volatilit\u00e0 di mercato.","og_url":"https:\/\/blog.urbanitae.com\/it\/glossario\/rischio-di-mercato\/","og_site_name":"Urbanitae Blog | Le migliori notizie sugli investimenti immobiliari","article_publisher":"https:\/\/www.facebook.com\/urbanitae","article_modified_time":"2025-04-25T17:15:46+00:00","twitter_card":"summary_large_image","twitter_site":"@urbanitae","twitter_misc":{"Tempo di lettura stimato":"1 minuto"},"schema":{"@context":"https:\/\/schema.org","@graph":[{"@type":"WebPage","@id":"https:\/\/blog.urbanitae.com\/it\/glossario\/rischio-di-mercato\/","url":"https:\/\/blog.urbanitae.com\/it\/glossario\/rischio-di-mercato\/","name":"Rischio di mercato - Urbanitae Blog","isPartOf":{"@id":"https:\/\/blog.urbanitae.com\/it\/#website"},"datePublished":"2025-04-15T19:01:09+00:00","dateModified":"2025-04-25T17:15:46+00:00","description":"\u00c8 il rischio di perdita finanziaria a causa delle fluttuazioni dei prezzi degli asset nei mercati finanziari. Questo rischio pu\u00f2 essere causato da fattori macroeconomici, eventi geopolitici, variazioni dei tassi di interesse o volatilit\u00e0 di mercato.","breadcrumb":{"@id":"https:\/\/blog.urbanitae.com\/it\/glossario\/rischio-di-mercato\/#breadcrumb"},"inLanguage":"it-IT","potentialAction":[{"@type":"ReadAction","target":["https:\/\/blog.urbanitae.com\/it\/glossario\/rischio-di-mercato\/"]}]},{"@type":"BreadcrumbList","@id":"https:\/\/blog.urbanitae.com\/it\/glossario\/rischio-di-mercato\/#breadcrumb","itemListElement":[{"@type":"ListItem","position":1,"name":"Portada","item":"https:\/\/blog.urbanitae.com\/it\/"},{"@type":"ListItem","position":2,"name":"Glossario","item":"https:\/\/blog.urbanitae.com\/it\/glossario\/"},{"@type":"ListItem","position":3,"name":"Rischio di mercato"}]},{"@type":"WebSite","@id":"https:\/\/blog.urbanitae.com\/it\/#website","url":"https:\/\/blog.urbanitae.com\/it\/","name":"Urbanitae Blog | Las mejores noticias sobre inversi\u00f3n inmobiliaria","description":"L'investimento immobiliare alla portata di tutti","publisher":{"@id":"https:\/\/blog.urbanitae.com\/it\/#organization"},"potentialAction":[{"@type":"SearchAction","target":{"@type":"EntryPoint","urlTemplate":"https:\/\/blog.urbanitae.com\/it\/?s={search_term_string}"},"query-input":{"@type":"PropertyValueSpecification","valueRequired":true,"valueName":"search_term_string"}}],"inLanguage":"it-IT"},{"@type":"Organization","@id":"https:\/\/blog.urbanitae.com\/it\/#organization","name":"Urbanitae","url":"https:\/\/blog.urbanitae.com\/it\/","logo":{"@type":"ImageObject","inLanguage":"it-IT","@id":"https:\/\/blog.urbanitae.com\/it\/#\/schema\/logo\/image\/","url":"https:\/\/blog.urbanitae.com\/wp-content\/uploads\/2020\/04\/logo-verde_350x100.svg","contentUrl":"https:\/\/blog.urbanitae.com\/wp-content\/uploads\/2020\/04\/logo-verde_350x100.svg","width":350,"height":100,"caption":"Urbanitae"},"image":{"@id":"https:\/\/blog.urbanitae.com\/it\/#\/schema\/logo\/image\/"},"sameAs":["https:\/\/www.facebook.com\/urbanitae","https:\/\/x.com\/urbanitae","https:\/\/www.instagram.com\/urbanitae","https:\/\/www.linkedin.com\/company\/urbanitae","https:\/\/www.pinterest.es\/UrbanitaeSL\/_created\/","https:\/\/www.youtube.com\/c\/Urbanitae_RE"]}]}},"_links":{"self":[{"href":"https:\/\/blog.urbanitae.com\/it\/wp-json\/wp\/v2\/pages\/62157","targetHints":{"allow":["GET"]}}],"collection":[{"href":"https:\/\/blog.urbanitae.com\/it\/wp-json\/wp\/v2\/pages"}],"about":[{"href":"https:\/\/blog.urbanitae.com\/it\/wp-json\/wp\/v2\/types\/page"}],"author":[{"embeddable":true,"href":"https:\/\/blog.urbanitae.com\/it\/wp-json\/wp\/v2\/users\/20"}],"replies":[{"embeddable":true,"href":"https:\/\/blog.urbanitae.com\/it\/wp-json\/wp\/v2\/comments?post=62157"}],"version-history":[{"count":1,"href":"https:\/\/blog.urbanitae.com\/it\/wp-json\/wp\/v2\/pages\/62157\/revisions"}],"predecessor-version":[{"id":62158,"href":"https:\/\/blog.urbanitae.com\/it\/wp-json\/wp\/v2\/pages\/62157\/revisions\/62158"}],"up":[{"embeddable":true,"href":"https:\/\/blog.urbanitae.com\/it\/wp-json\/wp\/v2\/pages\/62419"}],"wp:attachment":[{"href":"https:\/\/blog.urbanitae.com\/it\/wp-json\/wp\/v2\/media?parent=62157"}],"curies":[{"name":"wp","href":"https:\/\/api.w.org\/{rel}","templated":true}]}}