{"id":62144,"date":"2025-04-15T11:05:08","date_gmt":"2025-04-15T09:05:08","guid":{"rendered":"https:\/\/blog.urbanitae.com\/garanzia\/"},"modified":"2025-04-25T19:14:05","modified_gmt":"2025-04-25T17:14:05","slug":"garanzia","status":"publish","type":"page","link":"https:\/\/blog.urbanitae.com\/it\/glossario\/garanzia\/","title":{"rendered":"Garanzia"},"content":{"rendered":"\t\t<div data-elementor-type=\"wp-page\" data-elementor-id=\"62144\" class=\"elementor elementor-62144 elementor-56144\">\n\t\t\t\t\t\t<section class=\"elementor-section elementor-top-section elementor-element elementor-element-d86d887 elementor-section-boxed elementor-section-height-default elementor-section-height-default\" data-id=\"d86d887\" data-element_type=\"section\" data-e-type=\"section\">\n\t\t\t\t\t\t<div class=\"elementor-container elementor-column-gap-default\">\n\t\t\t\t\t<div class=\"elementor-column elementor-col-100 elementor-top-column elementor-element elementor-element-8b49ddd\" data-id=\"8b49ddd\" data-element_type=\"column\" data-e-type=\"column\">\n\t\t\t<div class=\"elementor-widget-wrap elementor-element-populated\">\n\t\t\t\t\t\t<div class=\"elementor-element elementor-element-083b30b elementor-widget__width-initial elementor-widget elementor-widget-text-editor\" data-id=\"083b30b\" data-element_type=\"widget\" data-e-type=\"widget\" data-widget_type=\"text-editor.default\">\n\t\t\t\t<div class=\"elementor-widget-container\">\n\t\t\t\t\t\t\t\t\t<h3>Cos&#8217;\u00e8?<\/h3><p style=\"color: #212121; font-family: Roboto, sans-serif; font-size: 16px;\">Una garanzia \u00e8 un bene materiale o una garanzia offerta come supporto per garantire il rispetto di un obbligo finanziario. Funziona come una protezione per la parte che concede il finanziamento, poich\u00e9 in caso di inadempienza del debitore, la garanzia pu\u00f2 essere liquidata o pignorata per recuperare l&#8217;importo dovuto. Nel settore immobiliare, la garanzia \u00e8 solitamente una propriet\u00e0 che viene utilizzata come garanzia per sostenere un prestito o un investimento.  <\/p><p style=\"color: #212121; font-family: Roboto, sans-serif; font-size: 16px;\">Questo concetto \u00e8 comune nei prodotti finanziari come mutui, prestiti alle imprese o progetti di investimento, in cui la sicurezza del prestatore dipende dal valore dell&#8217;attivit\u00e0 offerta come garanzia. Ad esempio, in un mutuo, la casa acquistata diventa la garanzia per il prestito. <\/p>\t\t\t\t\t\t\t\t<\/div>\n\t\t\t\t<\/div>\n\t\t\t\t<div class=\"elementor-element elementor-element-11c28c4 elementor-widget__width-initial elementor-widget elementor-widget-text-editor\" data-id=\"11c28c4\" data-element_type=\"widget\" data-e-type=\"widget\" data-widget_type=\"text-editor.default\">\n\t\t\t\t<div class=\"elementor-widget-container\">\n\t\t\t\t\t\t\t\t\t<h3>Aspetti chiave da considerare<\/h3><p style=\"color: #212121; font-family: Roboto, sans-serif; font-size: 16px;\">La garanzia offre diversi vantaggi sia per i prestatori che per i mutuatari:<\/p><ul><li style=\"color: #212121; font-family: Roboto, sans-serif; font-size: 16px;\"><strong>Per il prestatore:<\/strong> Riduce il rischio di perdite finanziarie, in quanto l&#8217;attivit\u00e0 garantita pu\u00f2 essere pignorata se il debitore non adempie ai propri obblighi.<\/li><li style=\"color: #212121; font-family: Roboto, sans-serif; font-size: 16px;\"><strong>Per il mutuatario:<\/strong> Consente l&#8217;accesso a migliori condizioni di finanziamento, come tassi di interesse pi\u00f9 bassi o termini di pagamento pi\u00f9 lunghi, grazie alla riduzione del rischio percepito dal prestatore.<\/li><\/ul><p style=\"color: #212121; font-family: Roboto, sans-serif; font-size: 16px;\">Tuttavia, \u00e8 importante essere consapevoli dei rischi associati. Se il mutuatario non rispetta i termini dell&#8217;accordo, l&#8217;attivit\u00e0 collaterale pu\u00f2 essere confiscata, il che potrebbe comportare perdite significative. <\/p><p style=\"color: #212121; font-family: Roboto, sans-serif; font-size: 16px;\">Nel settore immobiliare, le garanzie possono essere utilizzate anche per strutturare investimenti pi\u00f9 complessi, come ad esempio progetti di sviluppo in cui l&#8217;immobile funge da garanzia per ulteriori finanziamenti. La corretta valutazione della garanzia \u00e8 essenziale per garantire che il suo valore copra il debito contratto e per proteggere gli interessi di entrambe le parti. <\/p>\t\t\t\t\t\t\t\t<\/div>\n\t\t\t\t<\/div>\n\t\t\t\t\t<\/div>\n\t\t<\/div>\n\t\t\t\t\t<\/div>\n\t\t<\/section>\n\t\t\t\t<section class=\"elementor-section elementor-top-section elementor-element elementor-element-aa563c5 elementor-section-full_width elementor-section-stretched elementor-section-height-default elementor-section-height-default\" data-id=\"aa563c5\" data-element_type=\"section\" data-e-type=\"section\" data-settings=\"{&quot;stretch_section&quot;:&quot;section-stretched&quot;}\">\n\t\t\t\t\t\t<div class=\"elementor-container elementor-column-gap-default\">\n\t\t\t\t\t<div class=\"elementor-column elementor-col-100 elementor-top-column elementor-element elementor-element-41114ac\" data-id=\"41114ac\" data-element_type=\"column\" data-e-type=\"column\">\n\t\t\t<div class=\"elementor-widget-wrap elementor-element-populated\">\n\t\t\t\t\t\t<div class=\"elementor-element elementor-element-43f7095 elementor-widget elementor-widget-html\" data-id=\"43f7095\" data-element_type=\"widget\" data-e-type=\"widget\" data-widget_type=\"html.default\">\n\t\t\t\t<div class=\"elementor-widget-container\">\n\t\t\t\t\t\r\n        <div class=\"qode-advanced-call-to-action qode-advanced-cta-gradient qode-advanced-cta-gradient-animation\" style=\"height:80px\">\r\n            <a class=\"advanced-cta-link\" href=\"https:\/\/mkt.urbanitae.com\/Urbanitae_suscripcion_newsletter.html?utm_source=blog&amp;utm_medium=link_blog&amp;utm_campaign=suscripcion_blog&amp;utm_content=boton\" target=\"_blank\" onclick=\"dataLayer.push({'event': 'ub_ga4_event', 'ub_ga4_event_name': 'newsletter', 'ub_ga4_event_element': 'aprende'})\"><\/a>\r\n            <div class=\"qode-advanced-cta-content\">\r\n                <span class=\"qode-advanced-cta-text-holder\" style=\"color:#FFFFFF;font-size:25px\">\r\n Iscriviti alla nostra Newsletter <\/span>\r\n                <span class=\"qode-advanced-cta-icon-holder\" style=\"color:#FFFFFF;font-size:25px\">\r\n                    <span class=\"qode-advanced-cta-icon-holder-table\">\r\n                        <span class=\"qode-advanced-cta-icon-holder-cell\">\r\n                            <i class=\"qode_icon_font_awesome_5 fa5 fa fa-envelope-open-text qode-advanced-cta-icon\"><\/i> <\/span>\r\n                    <\/span>\r\n                <\/span>\r\n            <\/div>\r\n            <div class=\"qode-advanced-cta-background-holder\">\r\n                <span class=\"qode-advanced-cta-background-1 qode-type1-gradient-left-to-right\"><\/span>\r\n                <span class=\"qode-advanced-cta-background-2 qode-type1-gradient-left-to-right\"><\/span>\r\n                <span class=\"qode-advanced-cta-background-3\"><\/span>\r\n            <\/div>\r\n        <\/div>\r\n\t\t\t\t<\/div>\n\t\t\t\t<\/div>\n\t\t\t\t\t<\/div>\n\t\t<\/div>\n\t\t\t\t\t<\/div>\n\t\t<\/section>\n\t\t\t\t<\/div>\n\t\t","protected":false},"excerpt":{"rendered":"<p>Cos&#8217;\u00e8? Una garanzia \u00e8 un bene materiale o una garanzia offerta come supporto per garantire il rispetto di un obbligo finanziario. Funziona come una protezione per la parte che concede il finanziamento, poich\u00e9 in caso di inadempienza del debitore, la garanzia pu\u00f2 essere liquidata o pignorata per recuperare l&#8217;importo dovuto. Nel settore immobiliare, la garanzia [&hellip;]<\/p>\n","protected":false},"author":20,"featured_media":0,"parent":62419,"menu_order":0,"comment_status":"closed","ping_status":"closed","template":"","meta":{"inline_featured_image":false,"footnotes":""},"class_list":["post-62144","page","type-page","status-publish","hentry"],"yoast_head":"<!-- This site is optimized with the Yoast SEO plugin v27.4 - https:\/\/yoast.com\/product\/yoast-seo-wordpress\/ -->\n<title>Garanzia - Urbanitae Blog<\/title>\n<meta name=\"description\" content=\"Si tratta di un bene materiale o di una garanzia che viene offerta come supporto per garantire il rispetto di un obbligo finanziario. Pu\u00f2 riferirsi a una propriet\u00e0 che viene utilizzata come garanzia per sostenere un prestito o un investimento.\" \/>\n<meta name=\"robots\" content=\"index, follow, max-snippet:-1, max-image-preview:large, max-video-preview:-1\" \/>\n<link rel=\"canonical\" href=\"https:\/\/blog.urbanitae.com\/it\/glossario\/garanzia\/\" \/>\n<meta property=\"og:locale\" content=\"it_IT\" \/>\n<meta property=\"og:type\" content=\"article\" \/>\n<meta property=\"og:title\" content=\"Garanzia - Urbanitae Blog\" \/>\n<meta property=\"og:description\" content=\"Si tratta di un bene materiale o di una garanzia che viene offerta come supporto per garantire il rispetto di un obbligo finanziario. Pu\u00f2 riferirsi a una propriet\u00e0 che viene utilizzata come garanzia per sostenere un prestito o un investimento.\" \/>\n<meta property=\"og:url\" content=\"https:\/\/blog.urbanitae.com\/it\/glossario\/garanzia\/\" \/>\n<meta property=\"og:site_name\" content=\"Urbanitae Blog | Le migliori notizie sugli investimenti immobiliari\" \/>\n<meta property=\"article:publisher\" content=\"https:\/\/www.facebook.com\/urbanitae\" \/>\n<meta property=\"article:modified_time\" content=\"2025-04-25T17:14:05+00:00\" \/>\n<meta name=\"twitter:card\" content=\"summary_large_image\" \/>\n<meta name=\"twitter:site\" content=\"@urbanitae\" \/>\n<meta name=\"twitter:label1\" content=\"Tempo di lettura stimato\" \/>\n\t<meta name=\"twitter:data1\" content=\"1 minuto\" \/>\n<script type=\"application\/ld+json\" class=\"yoast-schema-graph\">{\"@context\":\"https:\\\/\\\/schema.org\",\"@graph\":[{\"@type\":\"WebPage\",\"@id\":\"https:\\\/\\\/blog.urbanitae.com\\\/it\\\/glossario\\\/garanzia\\\/\",\"url\":\"https:\\\/\\\/blog.urbanitae.com\\\/it\\\/glossario\\\/garanzia\\\/\",\"name\":\"Garanzia - Urbanitae Blog\",\"isPartOf\":{\"@id\":\"https:\\\/\\\/blog.urbanitae.com\\\/it\\\/#website\"},\"datePublished\":\"2025-04-15T09:05:08+00:00\",\"dateModified\":\"2025-04-25T17:14:05+00:00\",\"description\":\"Si tratta di un bene materiale o di una garanzia che viene offerta come supporto per garantire il rispetto di un obbligo finanziario. Pu\u00f2 riferirsi a una propriet\u00e0 che viene utilizzata come garanzia per sostenere un prestito o un investimento.\",\"breadcrumb\":{\"@id\":\"https:\\\/\\\/blog.urbanitae.com\\\/it\\\/glossario\\\/garanzia\\\/#breadcrumb\"},\"inLanguage\":\"it-IT\",\"potentialAction\":[{\"@type\":\"ReadAction\",\"target\":[\"https:\\\/\\\/blog.urbanitae.com\\\/it\\\/glossario\\\/garanzia\\\/\"]}]},{\"@type\":\"BreadcrumbList\",\"@id\":\"https:\\\/\\\/blog.urbanitae.com\\\/it\\\/glossario\\\/garanzia\\\/#breadcrumb\",\"itemListElement\":[{\"@type\":\"ListItem\",\"position\":1,\"name\":\"Portada\",\"item\":\"https:\\\/\\\/blog.urbanitae.com\\\/it\\\/\"},{\"@type\":\"ListItem\",\"position\":2,\"name\":\"Glossario\",\"item\":\"https:\\\/\\\/blog.urbanitae.com\\\/it\\\/glossario\\\/\"},{\"@type\":\"ListItem\",\"position\":3,\"name\":\"Garanzia\"}]},{\"@type\":\"WebSite\",\"@id\":\"https:\\\/\\\/blog.urbanitae.com\\\/it\\\/#website\",\"url\":\"https:\\\/\\\/blog.urbanitae.com\\\/it\\\/\",\"name\":\"Urbanitae Blog | Las mejores noticias sobre inversi\u00f3n inmobiliaria\",\"description\":\"L'investimento immobiliare alla portata di tutti\",\"publisher\":{\"@id\":\"https:\\\/\\\/blog.urbanitae.com\\\/it\\\/#organization\"},\"potentialAction\":[{\"@type\":\"SearchAction\",\"target\":{\"@type\":\"EntryPoint\",\"urlTemplate\":\"https:\\\/\\\/blog.urbanitae.com\\\/it\\\/?s={search_term_string}\"},\"query-input\":{\"@type\":\"PropertyValueSpecification\",\"valueRequired\":true,\"valueName\":\"search_term_string\"}}],\"inLanguage\":\"it-IT\"},{\"@type\":\"Organization\",\"@id\":\"https:\\\/\\\/blog.urbanitae.com\\\/it\\\/#organization\",\"name\":\"Urbanitae\",\"url\":\"https:\\\/\\\/blog.urbanitae.com\\\/it\\\/\",\"logo\":{\"@type\":\"ImageObject\",\"inLanguage\":\"it-IT\",\"@id\":\"https:\\\/\\\/blog.urbanitae.com\\\/it\\\/#\\\/schema\\\/logo\\\/image\\\/\",\"url\":\"https:\\\/\\\/blog.urbanitae.com\\\/wp-content\\\/uploads\\\/2020\\\/04\\\/logo-verde_350x100.svg\",\"contentUrl\":\"https:\\\/\\\/blog.urbanitae.com\\\/wp-content\\\/uploads\\\/2020\\\/04\\\/logo-verde_350x100.svg\",\"width\":350,\"height\":100,\"caption\":\"Urbanitae\"},\"image\":{\"@id\":\"https:\\\/\\\/blog.urbanitae.com\\\/it\\\/#\\\/schema\\\/logo\\\/image\\\/\"},\"sameAs\":[\"https:\\\/\\\/www.facebook.com\\\/urbanitae\",\"https:\\\/\\\/x.com\\\/urbanitae\",\"https:\\\/\\\/www.instagram.com\\\/urbanitae\",\"https:\\\/\\\/www.linkedin.com\\\/company\\\/urbanitae\",\"https:\\\/\\\/www.pinterest.es\\\/UrbanitaeSL\\\/_created\\\/\",\"https:\\\/\\\/www.youtube.com\\\/c\\\/Urbanitae_RE\"]}]}<\/script>\n<!-- \/ Yoast SEO plugin. -->","yoast_head_json":{"title":"Garanzia - Urbanitae Blog","description":"Si tratta di un bene materiale o di una garanzia che viene offerta come supporto per garantire il rispetto di un obbligo finanziario. Pu\u00f2 riferirsi a una propriet\u00e0 che viene utilizzata come garanzia per sostenere un prestito o un investimento.","robots":{"index":"index","follow":"follow","max-snippet":"max-snippet:-1","max-image-preview":"max-image-preview:large","max-video-preview":"max-video-preview:-1"},"canonical":"https:\/\/blog.urbanitae.com\/it\/glossario\/garanzia\/","og_locale":"it_IT","og_type":"article","og_title":"Garanzia - Urbanitae Blog","og_description":"Si tratta di un bene materiale o di una garanzia che viene offerta come supporto per garantire il rispetto di un obbligo finanziario. Pu\u00f2 riferirsi a una propriet\u00e0 che viene utilizzata come garanzia per sostenere un prestito o un investimento.","og_url":"https:\/\/blog.urbanitae.com\/it\/glossario\/garanzia\/","og_site_name":"Urbanitae Blog | Le migliori notizie sugli investimenti immobiliari","article_publisher":"https:\/\/www.facebook.com\/urbanitae","article_modified_time":"2025-04-25T17:14:05+00:00","twitter_card":"summary_large_image","twitter_site":"@urbanitae","twitter_misc":{"Tempo di lettura stimato":"1 minuto"},"schema":{"@context":"https:\/\/schema.org","@graph":[{"@type":"WebPage","@id":"https:\/\/blog.urbanitae.com\/it\/glossario\/garanzia\/","url":"https:\/\/blog.urbanitae.com\/it\/glossario\/garanzia\/","name":"Garanzia - Urbanitae Blog","isPartOf":{"@id":"https:\/\/blog.urbanitae.com\/it\/#website"},"datePublished":"2025-04-15T09:05:08+00:00","dateModified":"2025-04-25T17:14:05+00:00","description":"Si tratta di un bene materiale o di una garanzia che viene offerta come supporto per garantire il rispetto di un obbligo finanziario. Pu\u00f2 riferirsi a una propriet\u00e0 che viene utilizzata come garanzia per sostenere un prestito o un investimento.","breadcrumb":{"@id":"https:\/\/blog.urbanitae.com\/it\/glossario\/garanzia\/#breadcrumb"},"inLanguage":"it-IT","potentialAction":[{"@type":"ReadAction","target":["https:\/\/blog.urbanitae.com\/it\/glossario\/garanzia\/"]}]},{"@type":"BreadcrumbList","@id":"https:\/\/blog.urbanitae.com\/it\/glossario\/garanzia\/#breadcrumb","itemListElement":[{"@type":"ListItem","position":1,"name":"Portada","item":"https:\/\/blog.urbanitae.com\/it\/"},{"@type":"ListItem","position":2,"name":"Glossario","item":"https:\/\/blog.urbanitae.com\/it\/glossario\/"},{"@type":"ListItem","position":3,"name":"Garanzia"}]},{"@type":"WebSite","@id":"https:\/\/blog.urbanitae.com\/it\/#website","url":"https:\/\/blog.urbanitae.com\/it\/","name":"Urbanitae Blog | Las mejores noticias sobre inversi\u00f3n inmobiliaria","description":"L'investimento immobiliare alla portata di tutti","publisher":{"@id":"https:\/\/blog.urbanitae.com\/it\/#organization"},"potentialAction":[{"@type":"SearchAction","target":{"@type":"EntryPoint","urlTemplate":"https:\/\/blog.urbanitae.com\/it\/?s={search_term_string}"},"query-input":{"@type":"PropertyValueSpecification","valueRequired":true,"valueName":"search_term_string"}}],"inLanguage":"it-IT"},{"@type":"Organization","@id":"https:\/\/blog.urbanitae.com\/it\/#organization","name":"Urbanitae","url":"https:\/\/blog.urbanitae.com\/it\/","logo":{"@type":"ImageObject","inLanguage":"it-IT","@id":"https:\/\/blog.urbanitae.com\/it\/#\/schema\/logo\/image\/","url":"https:\/\/blog.urbanitae.com\/wp-content\/uploads\/2020\/04\/logo-verde_350x100.svg","contentUrl":"https:\/\/blog.urbanitae.com\/wp-content\/uploads\/2020\/04\/logo-verde_350x100.svg","width":350,"height":100,"caption":"Urbanitae"},"image":{"@id":"https:\/\/blog.urbanitae.com\/it\/#\/schema\/logo\/image\/"},"sameAs":["https:\/\/www.facebook.com\/urbanitae","https:\/\/x.com\/urbanitae","https:\/\/www.instagram.com\/urbanitae","https:\/\/www.linkedin.com\/company\/urbanitae","https:\/\/www.pinterest.es\/UrbanitaeSL\/_created\/","https:\/\/www.youtube.com\/c\/Urbanitae_RE"]}]}},"_links":{"self":[{"href":"https:\/\/blog.urbanitae.com\/it\/wp-json\/wp\/v2\/pages\/62144","targetHints":{"allow":["GET"]}}],"collection":[{"href":"https:\/\/blog.urbanitae.com\/it\/wp-json\/wp\/v2\/pages"}],"about":[{"href":"https:\/\/blog.urbanitae.com\/it\/wp-json\/wp\/v2\/types\/page"}],"author":[{"embeddable":true,"href":"https:\/\/blog.urbanitae.com\/it\/wp-json\/wp\/v2\/users\/20"}],"replies":[{"embeddable":true,"href":"https:\/\/blog.urbanitae.com\/it\/wp-json\/wp\/v2\/comments?post=62144"}],"version-history":[{"count":1,"href":"https:\/\/blog.urbanitae.com\/it\/wp-json\/wp\/v2\/pages\/62144\/revisions"}],"predecessor-version":[{"id":62145,"href":"https:\/\/blog.urbanitae.com\/it\/wp-json\/wp\/v2\/pages\/62144\/revisions\/62145"}],"up":[{"embeddable":true,"href":"https:\/\/blog.urbanitae.com\/it\/wp-json\/wp\/v2\/pages\/62419"}],"wp:attachment":[{"href":"https:\/\/blog.urbanitae.com\/it\/wp-json\/wp\/v2\/media?parent=62144"}],"curies":[{"name":"wp","href":"https:\/\/api.w.org\/{rel}","templated":true}]}}