{"id":61662,"date":"2025-02-27T12:01:47","date_gmt":"2025-02-27T11:01:47","guid":{"rendered":"https:\/\/blog.urbanitae.com\/tasso-interno-di-rendimento-tir\/"},"modified":"2025-04-25T19:16:03","modified_gmt":"2025-04-25T17:16:03","slug":"tasso-interno-di-rendimento-tir","status":"publish","type":"page","link":"https:\/\/blog.urbanitae.com\/it\/glossario\/tasso-interno-di-rendimento-tir\/","title":{"rendered":"Tasso interno di rendimento (TIR)"},"content":{"rendered":"\t\t<div data-elementor-type=\"wp-page\" data-elementor-id=\"61662\" class=\"elementor elementor-61662 elementor-57302\">\n\t\t\t\t\t\t<section class=\"elementor-section elementor-top-section elementor-element elementor-element-d86d887 elementor-section-boxed elementor-section-height-default elementor-section-height-default\" data-id=\"d86d887\" data-element_type=\"section\" data-e-type=\"section\">\n\t\t\t\t\t\t<div class=\"elementor-container elementor-column-gap-default\">\n\t\t\t\t\t<div class=\"elementor-column elementor-col-100 elementor-top-column elementor-element elementor-element-8b49ddd\" data-id=\"8b49ddd\" data-element_type=\"column\" data-e-type=\"column\">\n\t\t\t<div class=\"elementor-widget-wrap elementor-element-populated\">\n\t\t\t\t\t\t<div class=\"elementor-element elementor-element-083b30b elementor-widget__width-initial elementor-widget elementor-widget-text-editor\" data-id=\"083b30b\" data-element_type=\"widget\" data-e-type=\"widget\" data-widget_type=\"text-editor.default\">\n\t\t\t\t<div class=\"elementor-widget-container\">\n\t\t\t\t\t\t\t\t\t<h3>Cos&#8217;\u00e8?<\/h3><p style=\"color: #212121; font-family: Roboto, sans-serif; font-size: 16px;\">Il <strong>TIR <\/strong>\u00e8 una misura fondamentale per valutare la <strong>redditivit\u00e0<\/strong> di un investimento. Rappresenta il tasso di sconto che rende uguale il <strong>valore presente dei flussi di cassa futuri<\/strong> con il capitale investito inizialmente. In altre parole, determina il tasso al quale i ricavi futuri scontati equivalgono all&#8217;importo investito all&#8217;inizio del progetto.  <\/p><p style=\"color: #212121; font-family: Roboto, sans-serif; font-size: 16px;\">Un TIR pi\u00f9 elevato indica un rendimento maggiore dell&#8217;investimento, rendendolo uno strumento utile per confrontare progetti o asset diversi. Viene applicato in diverse aree, come progetti immobiliari, capitale di rischio, azioni e altri, dove i flussi di cassa futuri non sono immediati e devono essere adeguati al valore attuale. <\/p>\t\t\t\t\t\t\t\t<\/div>\n\t\t\t\t<\/div>\n\t\t\t\t<div class=\"elementor-element elementor-element-11c28c4 elementor-widget__width-initial elementor-widget elementor-widget-text-editor\" data-id=\"11c28c4\" data-element_type=\"widget\" data-e-type=\"widget\" data-widget_type=\"text-editor.default\">\n\t\t\t\t<div class=\"elementor-widget-container\">\n\t\t\t\t\t\t\t\t\t<h3>Aspetti chiave da considerare<\/h3><p style=\"color: #212121; font-family: Roboto, sans-serif; font-size: 16px;\">Questo indicatore \u00e8 essenziale per misurare la<strong> fattibilit\u00e0<\/strong> economica di un progetto. Se il tasso calcolato \u00e8 maggiore del costo del capitale o del tasso di sconto utilizzato, il progetto \u00e8 potenzialmente redditizio. Inoltre, la TIR consente di <strong>confrontare in modo standardizzato il rendimento atteso o reale di diversi prodotti d&#8217;investimento, <\/strong>indipendentemente dall&#8217;importo investito o dal periodo, rendendola uno strumento utile per prendere decisioni d&#8217;investimento.  <\/p><p style=\"color: #212121; font-family: Roboto, sans-serif; font-size: 16px;\">Tuttavia, presenta alcune limitazioni, come la possibilit\u00e0 di ottenere <strong>pi\u00f9 risultati <\/strong>nei casi in cui i flussi di cassa cambiano segno pi\u00f9 volte, il che pu\u00f2 complicarne l&#8217;interpretazione. \u00c8 anche importante ricordare che non riflette la dimensione assoluta dell&#8217;investimento. Un progetto con un <strong>tasso elevato<\/strong> potrebbe non essere cos\u00ec attraente se richiede un capitale significativamente maggiore rispetto ad altri progetti con tassi pi\u00f9 bassi ma minori necessit\u00e0 di investimento iniziale.  <\/p><p style=\"color: #212121; font-family: Roboto, sans-serif; font-size: 16px;\">Per questo motivo, \u00e8 consigliabile utilizzare la <strong>TIR <\/strong>insieme ad altre metriche, come il valore presente netto (VPN), per ottenere una visione pi\u00f9 completa del rendimento dell&#8217;investimento e della sua capacit\u00e0 di generare valore.<\/p>\t\t\t\t\t\t\t\t<\/div>\n\t\t\t\t<\/div>\n\t\t\t\t\t<\/div>\n\t\t<\/div>\n\t\t\t\t\t<\/div>\n\t\t<\/section>\n\t\t\t\t<section class=\"elementor-section elementor-top-section elementor-element elementor-element-aa563c5 elementor-section-full_width elementor-section-stretched elementor-section-height-default elementor-section-height-default\" data-id=\"aa563c5\" data-element_type=\"section\" data-e-type=\"section\" data-settings=\"{&quot;stretch_section&quot;:&quot;section-stretched&quot;}\">\n\t\t\t\t\t\t<div class=\"elementor-container elementor-column-gap-default\">\n\t\t\t\t\t<div class=\"elementor-column elementor-col-100 elementor-top-column elementor-element elementor-element-41114ac\" data-id=\"41114ac\" data-element_type=\"column\" data-e-type=\"column\">\n\t\t\t<div class=\"elementor-widget-wrap elementor-element-populated\">\n\t\t\t\t\t\t<div class=\"elementor-element elementor-element-43f7095 elementor-widget elementor-widget-html\" data-id=\"43f7095\" data-element_type=\"widget\" data-e-type=\"widget\" data-widget_type=\"html.default\">\n\t\t\t\t<div class=\"elementor-widget-container\">\n\t\t\t\t\t\r\n        <div class=\"qode-advanced-call-to-action qode-advanced-cta-gradient qode-advanced-cta-gradient-animation\" style=\"height:80px\">\r\n            <a class=\"advanced-cta-link\" href=\"https:\/\/mkt.urbanitae.com\/Urbanitae_suscripcion_newsletter.html?utm_source=blog&amp;utm_medium=link_blog&amp;utm_campaign=suscripcion_blog&amp;utm_content=boton\" target=\"_blank\" onclick=\"dataLayer.push({'event': 'ub_ga4_event', 'ub_ga4_event_name': 'newsletter', 'ub_ga4_event_element': 'aprende'})\"><\/a>\r\n            <div class=\"qode-advanced-cta-content\">\r\n                <span class=\"qode-advanced-cta-text-holder\" style=\"color:#FFFFFF;font-size:25px\">\r\n Iscriviti alla nostra Newsletter <\/span>\r\n                <span class=\"qode-advanced-cta-icon-holder\" style=\"color:#FFFFFF;font-size:25px\">\r\n                    <span class=\"qode-advanced-cta-icon-holder-table\">\r\n                        <span class=\"qode-advanced-cta-icon-holder-cell\">\r\n                            <i class=\"qode_icon_font_awesome_5 fa5 fa fa-envelope-open-text qode-advanced-cta-icon\"><\/i> <\/span>\r\n                    <\/span>\r\n                <\/span>\r\n            <\/div>\r\n            <div class=\"qode-advanced-cta-background-holder\">\r\n                <span class=\"qode-advanced-cta-background-1 qode-type1-gradient-left-to-right\"><\/span>\r\n                <span class=\"qode-advanced-cta-background-2 qode-type1-gradient-left-to-right\"><\/span>\r\n                <span class=\"qode-advanced-cta-background-3\"><\/span>\r\n            <\/div>\r\n        <\/div>\r\n\t\t\t\t<\/div>\n\t\t\t\t<\/div>\n\t\t\t\t\t<\/div>\n\t\t<\/div>\n\t\t\t\t\t<\/div>\n\t\t<\/section>\n\t\t\t\t<\/div>\n\t\t","protected":false},"excerpt":{"rendered":"<p>Cos&#8217;\u00e8? Il TIR \u00e8 una misura fondamentale per valutare la redditivit\u00e0 di un investimento. Rappresenta il tasso di sconto che rende uguale il valore presente dei flussi di cassa futuri con il capitale investito inizialmente. In altre parole, determina il tasso al quale i ricavi futuri scontati equivalgono all&#8217;importo investito all&#8217;inizio del progetto. Un TIR [&hellip;]<\/p>\n","protected":false},"author":20,"featured_media":0,"parent":62419,"menu_order":0,"comment_status":"closed","ping_status":"closed","template":"","meta":{"inline_featured_image":false,"footnotes":""},"class_list":["post-61662","page","type-page","status-publish","hentry"],"yoast_head":"<!-- This site is optimized with the Yoast SEO plugin v27.4 - https:\/\/yoast.com\/product\/yoast-seo-wordpress\/ -->\n<title>Tasso interno di rendimento (TIR) - Urbanitae Blog<\/title>\n<meta name=\"description\" content=\"\u00c8 una misura utilizzata per valutare la redditivit\u00e0 di un investimento. Il TIR \u00e8 il tasso di sconto che rende uguale il valore attuale dei flussi di cassa futuri di un investimento con il capitale inizialmente investito. Un TIR pi\u00f9 alto indica una maggiore redditivit\u00e0 dell&#039;investimento.\" \/>\n<meta name=\"robots\" content=\"index, follow, max-snippet:-1, max-image-preview:large, max-video-preview:-1\" \/>\n<link rel=\"canonical\" href=\"https:\/\/blog.urbanitae.com\/it\/glossario\/tasso-interno-di-rendimento-tir\/\" \/>\n<meta property=\"og:locale\" content=\"it_IT\" \/>\n<meta property=\"og:type\" content=\"article\" \/>\n<meta property=\"og:title\" content=\"Tasso interno di rendimento (TIR) - Urbanitae Blog\" \/>\n<meta property=\"og:description\" content=\"\u00c8 una misura utilizzata per valutare la redditivit\u00e0 di un investimento. Il TIR \u00e8 il tasso di sconto che rende uguale il valore attuale dei flussi di cassa futuri di un investimento con il capitale inizialmente investito. Un TIR pi\u00f9 alto indica una maggiore redditivit\u00e0 dell&#039;investimento.\" \/>\n<meta property=\"og:url\" content=\"https:\/\/blog.urbanitae.com\/it\/glossario\/tasso-interno-di-rendimento-tir\/\" \/>\n<meta property=\"og:site_name\" content=\"Urbanitae Blog | Le migliori notizie sugli investimenti immobiliari\" \/>\n<meta property=\"article:publisher\" content=\"https:\/\/www.facebook.com\/urbanitae\" \/>\n<meta property=\"article:modified_time\" content=\"2025-04-25T17:16:03+00:00\" \/>\n<meta name=\"twitter:card\" content=\"summary_large_image\" \/>\n<meta name=\"twitter:site\" content=\"@urbanitae\" \/>\n<meta name=\"twitter:label1\" content=\"Tempo di lettura stimato\" \/>\n\t<meta name=\"twitter:data1\" content=\"1 minuto\" \/>\n<script type=\"application\/ld+json\" class=\"yoast-schema-graph\">{\"@context\":\"https:\\\/\\\/schema.org\",\"@graph\":[{\"@type\":\"WebPage\",\"@id\":\"https:\\\/\\\/blog.urbanitae.com\\\/it\\\/glossario\\\/tasso-interno-di-rendimento-tir\\\/\",\"url\":\"https:\\\/\\\/blog.urbanitae.com\\\/it\\\/glossario\\\/tasso-interno-di-rendimento-tir\\\/\",\"name\":\"Tasso interno di rendimento (TIR) - Urbanitae Blog\",\"isPartOf\":{\"@id\":\"https:\\\/\\\/blog.urbanitae.com\\\/it\\\/#website\"},\"datePublished\":\"2025-02-27T11:01:47+00:00\",\"dateModified\":\"2025-04-25T17:16:03+00:00\",\"description\":\"\u00c8 una misura utilizzata per valutare la redditivit\u00e0 di un investimento. Il TIR \u00e8 il tasso di sconto che rende uguale il valore attuale dei flussi di cassa futuri di un investimento con il capitale inizialmente investito. Un TIR pi\u00f9 alto indica una maggiore redditivit\u00e0 dell'investimento.\",\"breadcrumb\":{\"@id\":\"https:\\\/\\\/blog.urbanitae.com\\\/it\\\/glossario\\\/tasso-interno-di-rendimento-tir\\\/#breadcrumb\"},\"inLanguage\":\"it-IT\",\"potentialAction\":[{\"@type\":\"ReadAction\",\"target\":[\"https:\\\/\\\/blog.urbanitae.com\\\/it\\\/glossario\\\/tasso-interno-di-rendimento-tir\\\/\"]}]},{\"@type\":\"BreadcrumbList\",\"@id\":\"https:\\\/\\\/blog.urbanitae.com\\\/it\\\/glossario\\\/tasso-interno-di-rendimento-tir\\\/#breadcrumb\",\"itemListElement\":[{\"@type\":\"ListItem\",\"position\":1,\"name\":\"Portada\",\"item\":\"https:\\\/\\\/blog.urbanitae.com\\\/it\\\/\"},{\"@type\":\"ListItem\",\"position\":2,\"name\":\"Glossario\",\"item\":\"https:\\\/\\\/blog.urbanitae.com\\\/it\\\/glossario\\\/\"},{\"@type\":\"ListItem\",\"position\":3,\"name\":\"Tasso interno di rendimento (TIR)\"}]},{\"@type\":\"WebSite\",\"@id\":\"https:\\\/\\\/blog.urbanitae.com\\\/it\\\/#website\",\"url\":\"https:\\\/\\\/blog.urbanitae.com\\\/it\\\/\",\"name\":\"Urbanitae Blog | Las mejores noticias sobre inversi\u00f3n inmobiliaria\",\"description\":\"L'investimento immobiliare alla portata di tutti\",\"publisher\":{\"@id\":\"https:\\\/\\\/blog.urbanitae.com\\\/it\\\/#organization\"},\"potentialAction\":[{\"@type\":\"SearchAction\",\"target\":{\"@type\":\"EntryPoint\",\"urlTemplate\":\"https:\\\/\\\/blog.urbanitae.com\\\/it\\\/?s={search_term_string}\"},\"query-input\":{\"@type\":\"PropertyValueSpecification\",\"valueRequired\":true,\"valueName\":\"search_term_string\"}}],\"inLanguage\":\"it-IT\"},{\"@type\":\"Organization\",\"@id\":\"https:\\\/\\\/blog.urbanitae.com\\\/it\\\/#organization\",\"name\":\"Urbanitae\",\"url\":\"https:\\\/\\\/blog.urbanitae.com\\\/it\\\/\",\"logo\":{\"@type\":\"ImageObject\",\"inLanguage\":\"it-IT\",\"@id\":\"https:\\\/\\\/blog.urbanitae.com\\\/it\\\/#\\\/schema\\\/logo\\\/image\\\/\",\"url\":\"https:\\\/\\\/blog.urbanitae.com\\\/wp-content\\\/uploads\\\/2020\\\/04\\\/logo-verde_350x100.svg\",\"contentUrl\":\"https:\\\/\\\/blog.urbanitae.com\\\/wp-content\\\/uploads\\\/2020\\\/04\\\/logo-verde_350x100.svg\",\"width\":350,\"height\":100,\"caption\":\"Urbanitae\"},\"image\":{\"@id\":\"https:\\\/\\\/blog.urbanitae.com\\\/it\\\/#\\\/schema\\\/logo\\\/image\\\/\"},\"sameAs\":[\"https:\\\/\\\/www.facebook.com\\\/urbanitae\",\"https:\\\/\\\/x.com\\\/urbanitae\",\"https:\\\/\\\/www.instagram.com\\\/urbanitae\",\"https:\\\/\\\/www.linkedin.com\\\/company\\\/urbanitae\",\"https:\\\/\\\/www.pinterest.es\\\/UrbanitaeSL\\\/_created\\\/\",\"https:\\\/\\\/www.youtube.com\\\/c\\\/Urbanitae_RE\"]}]}<\/script>\n<!-- \/ Yoast SEO plugin. -->","yoast_head_json":{"title":"Tasso interno di rendimento (TIR) - Urbanitae Blog","description":"\u00c8 una misura utilizzata per valutare la redditivit\u00e0 di un investimento. Il TIR \u00e8 il tasso di sconto che rende uguale il valore attuale dei flussi di cassa futuri di un investimento con il capitale inizialmente investito. Un TIR pi\u00f9 alto indica una maggiore redditivit\u00e0 dell'investimento.","robots":{"index":"index","follow":"follow","max-snippet":"max-snippet:-1","max-image-preview":"max-image-preview:large","max-video-preview":"max-video-preview:-1"},"canonical":"https:\/\/blog.urbanitae.com\/it\/glossario\/tasso-interno-di-rendimento-tir\/","og_locale":"it_IT","og_type":"article","og_title":"Tasso interno di rendimento (TIR) - Urbanitae Blog","og_description":"\u00c8 una misura utilizzata per valutare la redditivit\u00e0 di un investimento. Il TIR \u00e8 il tasso di sconto che rende uguale il valore attuale dei flussi di cassa futuri di un investimento con il capitale inizialmente investito. Un TIR pi\u00f9 alto indica una maggiore redditivit\u00e0 dell'investimento.","og_url":"https:\/\/blog.urbanitae.com\/it\/glossario\/tasso-interno-di-rendimento-tir\/","og_site_name":"Urbanitae Blog | Le migliori notizie sugli investimenti immobiliari","article_publisher":"https:\/\/www.facebook.com\/urbanitae","article_modified_time":"2025-04-25T17:16:03+00:00","twitter_card":"summary_large_image","twitter_site":"@urbanitae","twitter_misc":{"Tempo di lettura stimato":"1 minuto"},"schema":{"@context":"https:\/\/schema.org","@graph":[{"@type":"WebPage","@id":"https:\/\/blog.urbanitae.com\/it\/glossario\/tasso-interno-di-rendimento-tir\/","url":"https:\/\/blog.urbanitae.com\/it\/glossario\/tasso-interno-di-rendimento-tir\/","name":"Tasso interno di rendimento (TIR) - Urbanitae Blog","isPartOf":{"@id":"https:\/\/blog.urbanitae.com\/it\/#website"},"datePublished":"2025-02-27T11:01:47+00:00","dateModified":"2025-04-25T17:16:03+00:00","description":"\u00c8 una misura utilizzata per valutare la redditivit\u00e0 di un investimento. Il TIR \u00e8 il tasso di sconto che rende uguale il valore attuale dei flussi di cassa futuri di un investimento con il capitale inizialmente investito. Un TIR pi\u00f9 alto indica una maggiore redditivit\u00e0 dell'investimento.","breadcrumb":{"@id":"https:\/\/blog.urbanitae.com\/it\/glossario\/tasso-interno-di-rendimento-tir\/#breadcrumb"},"inLanguage":"it-IT","potentialAction":[{"@type":"ReadAction","target":["https:\/\/blog.urbanitae.com\/it\/glossario\/tasso-interno-di-rendimento-tir\/"]}]},{"@type":"BreadcrumbList","@id":"https:\/\/blog.urbanitae.com\/it\/glossario\/tasso-interno-di-rendimento-tir\/#breadcrumb","itemListElement":[{"@type":"ListItem","position":1,"name":"Portada","item":"https:\/\/blog.urbanitae.com\/it\/"},{"@type":"ListItem","position":2,"name":"Glossario","item":"https:\/\/blog.urbanitae.com\/it\/glossario\/"},{"@type":"ListItem","position":3,"name":"Tasso interno di rendimento (TIR)"}]},{"@type":"WebSite","@id":"https:\/\/blog.urbanitae.com\/it\/#website","url":"https:\/\/blog.urbanitae.com\/it\/","name":"Urbanitae Blog | Las mejores noticias sobre inversi\u00f3n inmobiliaria","description":"L'investimento immobiliare alla portata di tutti","publisher":{"@id":"https:\/\/blog.urbanitae.com\/it\/#organization"},"potentialAction":[{"@type":"SearchAction","target":{"@type":"EntryPoint","urlTemplate":"https:\/\/blog.urbanitae.com\/it\/?s={search_term_string}"},"query-input":{"@type":"PropertyValueSpecification","valueRequired":true,"valueName":"search_term_string"}}],"inLanguage":"it-IT"},{"@type":"Organization","@id":"https:\/\/blog.urbanitae.com\/it\/#organization","name":"Urbanitae","url":"https:\/\/blog.urbanitae.com\/it\/","logo":{"@type":"ImageObject","inLanguage":"it-IT","@id":"https:\/\/blog.urbanitae.com\/it\/#\/schema\/logo\/image\/","url":"https:\/\/blog.urbanitae.com\/wp-content\/uploads\/2020\/04\/logo-verde_350x100.svg","contentUrl":"https:\/\/blog.urbanitae.com\/wp-content\/uploads\/2020\/04\/logo-verde_350x100.svg","width":350,"height":100,"caption":"Urbanitae"},"image":{"@id":"https:\/\/blog.urbanitae.com\/it\/#\/schema\/logo\/image\/"},"sameAs":["https:\/\/www.facebook.com\/urbanitae","https:\/\/x.com\/urbanitae","https:\/\/www.instagram.com\/urbanitae","https:\/\/www.linkedin.com\/company\/urbanitae","https:\/\/www.pinterest.es\/UrbanitaeSL\/_created\/","https:\/\/www.youtube.com\/c\/Urbanitae_RE"]}]}},"_links":{"self":[{"href":"https:\/\/blog.urbanitae.com\/it\/wp-json\/wp\/v2\/pages\/61662","targetHints":{"allow":["GET"]}}],"collection":[{"href":"https:\/\/blog.urbanitae.com\/it\/wp-json\/wp\/v2\/pages"}],"about":[{"href":"https:\/\/blog.urbanitae.com\/it\/wp-json\/wp\/v2\/types\/page"}],"author":[{"embeddable":true,"href":"https:\/\/blog.urbanitae.com\/it\/wp-json\/wp\/v2\/users\/20"}],"replies":[{"embeddable":true,"href":"https:\/\/blog.urbanitae.com\/it\/wp-json\/wp\/v2\/comments?post=61662"}],"version-history":[{"count":1,"href":"https:\/\/blog.urbanitae.com\/it\/wp-json\/wp\/v2\/pages\/61662\/revisions"}],"predecessor-version":[{"id":61663,"href":"https:\/\/blog.urbanitae.com\/it\/wp-json\/wp\/v2\/pages\/61662\/revisions\/61663"}],"up":[{"embeddable":true,"href":"https:\/\/blog.urbanitae.com\/it\/wp-json\/wp\/v2\/pages\/62419"}],"wp:attachment":[{"href":"https:\/\/blog.urbanitae.com\/it\/wp-json\/wp\/v2\/media?parent=61662"}],"curies":[{"name":"wp","href":"https:\/\/api.w.org\/{rel}","templated":true}]}}