{"id":61581,"date":"2025-04-15T20:37:02","date_gmt":"2025-04-15T18:37:02","guid":{"rendered":"https:\/\/blog.urbanitae.com\/redditivita-reale\/"},"modified":"2025-04-25T19:15:40","modified_gmt":"2025-04-25T17:15:40","slug":"redditivita-reale","status":"publish","type":"page","link":"https:\/\/blog.urbanitae.com\/it\/glossario\/redditivita-reale\/","title":{"rendered":"Redditivit\u00e0 reale"},"content":{"rendered":"\t\t<div data-elementor-type=\"wp-page\" data-elementor-id=\"61581\" class=\"elementor elementor-61581 elementor-57123\">\n\t\t\t\t\t\t<section class=\"elementor-section elementor-top-section elementor-element elementor-element-d86d887 elementor-section-boxed elementor-section-height-default elementor-section-height-default\" data-id=\"d86d887\" data-element_type=\"section\" data-e-type=\"section\">\n\t\t\t\t\t\t<div class=\"elementor-container elementor-column-gap-default\">\n\t\t\t\t\t<div class=\"elementor-column elementor-col-100 elementor-top-column elementor-element elementor-element-8b49ddd\" data-id=\"8b49ddd\" data-element_type=\"column\" data-e-type=\"column\">\n\t\t\t<div class=\"elementor-widget-wrap elementor-element-populated\">\n\t\t\t\t\t\t<div class=\"elementor-element elementor-element-083b30b elementor-widget__width-initial elementor-widget elementor-widget-text-editor\" data-id=\"083b30b\" data-element_type=\"widget\" data-e-type=\"widget\" data-widget_type=\"text-editor.default\">\n\t\t\t\t<div class=\"elementor-widget-container\">\n\t\t\t\t\t\t\t\t\t<h3>Cos&#8217;\u00e8?<\/h3><p style=\"color: #212121; font-family: Roboto, sans-serif; font-size: 16px;\">\u00c8 il rendimento finanziario di un investimento adeguato all&#8217;inflazione o a qualsiasi altro fattore che influisca sul potere d&#8217;acquisto del denaro. La r<strong>edditivit\u00e0 reale<\/strong> tiene conto dell\u2019impatto della perdita o del guadagno di valore della moneta durante il periodo dell\u2019investimento, offrendo una misura pi\u00f9 precisa del rendimento che riflette il vero potere d\u2019acquisto dei profitti ottenuti.<\/p><p style=\"color: #212121; font-family: Roboto, sans-serif; font-size: 16px;\">Per calcolare la redditivit\u00e0 reale, si parte dalla redditivit\u00e0 nominale e la si corregge in base al tasso di inflazione. Questo consente agli investitori di comprendere quanto abbiano effettivamente guadagnato o perso in termini di potere d\u2019acquisto, tenendo presente che, anche se un investimento presenta un rendimento nominale positivo, l\u2019inflazione pu\u00f2 eroderne il ritorno. <\/p>\t\t\t\t\t\t\t\t<\/div>\n\t\t\t\t<\/div>\n\t\t\t\t<div class=\"elementor-element elementor-element-11c28c4 elementor-widget__width-initial elementor-widget elementor-widget-text-editor\" data-id=\"11c28c4\" data-element_type=\"widget\" data-e-type=\"widget\" data-widget_type=\"text-editor.default\">\n\t\t\t\t<div class=\"elementor-widget-container\">\n\t\t\t\t\t\t\t\t\t<h3>Aspetti chiave da considerare<\/h3>\n<p style=\"color: #212121; font-family: Roboto, sans-serif; font-size: 16px;\">La r<strong>edditivit\u00e0 reale <\/strong>\u00e8 essenziale per valutare il rendimento di un investimento in un contesto economico pi\u00f9 ampio, poich\u00e9 riflette il vero valore dei ricavi generati dall\u2019investimento. Sebbene la redditivit\u00e0 nominale possa sembrare attraente, la redditivit\u00e0 reale offre una visione pi\u00f9 accurata di quanto un investimento stia effettivamente fornendo valore aggiunto, una volta considerato l\u2019impatto dell\u2019inflazione. <\/p>\n\u00c8 importante tenere presente che la redditivit\u00e0 reale pu\u00f2 variare in base alle condizioni economiche e al tasso di inflazione. In contesti di alta inflazione, anche un investimento con rendimenti nominali elevati pu\u00f2 avere una redditivit\u00e0 reale negativa, il che significa che l\u2019investitore ha perso potere d\u2019acquisto. \n\n<p style=\"color: #212121; font-family: Roboto, sans-serif; font-size: 16px;\">Per valutare correttamente un investimento, gli investitori dovrebbero calcolare e considerare sia la redditivit\u00e0 nominale che quella reale, in quanto ci\u00f2 consente loro di prendere decisioni pi\u00f9 consapevoli riguardo alle proprie opzioni d\u2019investimento.\t\t\t\t\t\t\t\t<\/div>\n\t\t\t\t<\/div>\n\t\t\t\t\t<\/div>\n\t\t<\/div>\n\t\t\t\t\t<\/div>\n\t\t<\/section>\n\t\t\t\t<section class=\"elementor-section elementor-top-section elementor-element elementor-element-aa563c5 elementor-section-full_width elementor-section-stretched elementor-section-height-default elementor-section-height-default\" data-id=\"aa563c5\" data-element_type=\"section\" data-e-type=\"section\" data-settings=\"{&quot;stretch_section&quot;:&quot;section-stretched&quot;}\">\n\t\t\t\t\t\t<div class=\"elementor-container elementor-column-gap-default\">\n\t\t\t\t\t<div class=\"elementor-column elementor-col-100 elementor-top-column elementor-element elementor-element-41114ac\" data-id=\"41114ac\" data-element_type=\"column\" data-e-type=\"column\">\n\t\t\t<div class=\"elementor-widget-wrap elementor-element-populated\">\n\t\t\t\t\t\t<div class=\"elementor-element elementor-element-43f7095 elementor-widget elementor-widget-html\" data-id=\"43f7095\" data-element_type=\"widget\" data-e-type=\"widget\" data-widget_type=\"html.default\">\n\t\t\t\t<div class=\"elementor-widget-container\">\n\t\t\t\t\t\r\n        <div class=\"qode-advanced-call-to-action qode-advanced-cta-gradient qode-advanced-cta-gradient-animation\" style=\"height:80px\">\r\n            <a class=\"advanced-cta-link\" href=\"https:\/\/mkt.urbanitae.com\/Urbanitae_suscripcion_newsletter.html?utm_source=blog&amp;utm_medium=link_blog&amp;utm_campaign=suscripcion_blog&amp;utm_content=boton\" target=\"_blank\" onclick=\"dataLayer.push({'event': 'ub_ga4_event', 'ub_ga4_event_name': 'newsletter', 'ub_ga4_event_element': 'aprende'})\"><\/a>\r\n            <div class=\"qode-advanced-cta-content\">\r\n                <span class=\"qode-advanced-cta-text-holder\" style=\"color:#FFFFFF;font-size:25px\">\r\n Iscriviti alla nostra Newsletter <\/span>\r\n                <span class=\"qode-advanced-cta-icon-holder\" style=\"color:#FFFFFF;font-size:25px\">\r\n                    <span class=\"qode-advanced-cta-icon-holder-table\">\r\n                        <span class=\"qode-advanced-cta-icon-holder-cell\">\r\n                            <i class=\"qode_icon_font_awesome_5 fa5 fa fa-envelope-open-text qode-advanced-cta-icon\"><\/i> <\/span>\r\n                    <\/span>\r\n                <\/span>\r\n            <\/div>\r\n            <div class=\"qode-advanced-cta-background-holder\">\r\n                <span class=\"qode-advanced-cta-background-1 qode-type1-gradient-left-to-right\"><\/span>\r\n                <span class=\"qode-advanced-cta-background-2 qode-type1-gradient-left-to-right\"><\/span>\r\n                <span class=\"qode-advanced-cta-background-3\"><\/span>\r\n            <\/div>\r\n        <\/div>\r\n\t\t\t\t<\/div>\n\t\t\t\t<\/div>\n\t\t\t\t\t<\/div>\n\t\t<\/div>\n\t\t\t\t\t<\/div>\n\t\t<\/section>\n\t\t\t\t<\/div>\n\t\t","protected":false},"excerpt":{"rendered":"<p>Cos&#8217;\u00e8? \u00c8 il rendimento finanziario di un investimento adeguato all&#8217;inflazione o a qualsiasi altro fattore che influisca sul potere d&#8217;acquisto del denaro. La redditivit\u00e0 reale tiene conto dell\u2019impatto della perdita o del guadagno di valore della moneta durante il periodo dell\u2019investimento, offrendo una misura pi\u00f9 precisa del rendimento che riflette il vero potere d\u2019acquisto dei [&hellip;]<\/p>\n","protected":false},"author":20,"featured_media":0,"parent":62419,"menu_order":0,"comment_status":"closed","ping_status":"closed","template":"","meta":{"inline_featured_image":false,"footnotes":""},"class_list":["post-61581","page","type-page","status-publish","hentry"],"yoast_head":"<!-- This site is optimized with the Yoast SEO plugin v27.4 - https:\/\/yoast.com\/product\/yoast-seo-wordpress\/ -->\n<title>Redditivit\u00e0 reale - Urbanitae Blog<\/title>\n<meta name=\"description\" content=\"\u00c8 il rendimento finanziario di un investimento adeguato all&#039;inflazione o a qualsiasi altro fattore che influisca sul potere d&#039;acquisto del denaro. Il rendimento reale tiene conto dell&#039;impatto della perdita o del guadagno di valore della valuta.\" \/>\n<meta name=\"robots\" content=\"index, follow, max-snippet:-1, max-image-preview:large, max-video-preview:-1\" \/>\n<link rel=\"canonical\" href=\"https:\/\/blog.urbanitae.com\/it\/glossario\/redditivita-reale\/\" \/>\n<meta property=\"og:locale\" content=\"it_IT\" \/>\n<meta property=\"og:type\" content=\"article\" \/>\n<meta property=\"og:title\" content=\"Redditivit\u00e0 reale - Urbanitae Blog\" \/>\n<meta property=\"og:description\" content=\"\u00c8 il rendimento finanziario di un investimento adeguato all&#039;inflazione o a qualsiasi altro fattore che influisca sul potere d&#039;acquisto del denaro. Il rendimento reale tiene conto dell&#039;impatto della perdita o del guadagno di valore della valuta.\" \/>\n<meta property=\"og:url\" content=\"https:\/\/blog.urbanitae.com\/it\/glossario\/redditivita-reale\/\" \/>\n<meta property=\"og:site_name\" content=\"Urbanitae Blog | Le migliori notizie sugli investimenti immobiliari\" \/>\n<meta property=\"article:publisher\" content=\"https:\/\/www.facebook.com\/urbanitae\" \/>\n<meta property=\"article:modified_time\" content=\"2025-04-25T17:15:40+00:00\" \/>\n<meta name=\"twitter:card\" content=\"summary_large_image\" \/>\n<meta name=\"twitter:site\" content=\"@urbanitae\" \/>\n<meta name=\"twitter:label1\" content=\"Tempo di lettura stimato\" \/>\n\t<meta name=\"twitter:data1\" content=\"1 minuto\" \/>\n<script type=\"application\/ld+json\" class=\"yoast-schema-graph\">{\"@context\":\"https:\\\/\\\/schema.org\",\"@graph\":[{\"@type\":\"WebPage\",\"@id\":\"https:\\\/\\\/blog.urbanitae.com\\\/it\\\/glossario\\\/redditivita-reale\\\/\",\"url\":\"https:\\\/\\\/blog.urbanitae.com\\\/it\\\/glossario\\\/redditivita-reale\\\/\",\"name\":\"Redditivit\u00e0 reale - Urbanitae Blog\",\"isPartOf\":{\"@id\":\"https:\\\/\\\/blog.urbanitae.com\\\/it\\\/#website\"},\"datePublished\":\"2025-04-15T18:37:02+00:00\",\"dateModified\":\"2025-04-25T17:15:40+00:00\",\"description\":\"\u00c8 il rendimento finanziario di un investimento adeguato all'inflazione o a qualsiasi altro fattore che influisca sul potere d'acquisto del denaro. Il rendimento reale tiene conto dell'impatto della perdita o del guadagno di valore della valuta.\",\"breadcrumb\":{\"@id\":\"https:\\\/\\\/blog.urbanitae.com\\\/it\\\/glossario\\\/redditivita-reale\\\/#breadcrumb\"},\"inLanguage\":\"it-IT\",\"potentialAction\":[{\"@type\":\"ReadAction\",\"target\":[\"https:\\\/\\\/blog.urbanitae.com\\\/it\\\/glossario\\\/redditivita-reale\\\/\"]}]},{\"@type\":\"BreadcrumbList\",\"@id\":\"https:\\\/\\\/blog.urbanitae.com\\\/it\\\/glossario\\\/redditivita-reale\\\/#breadcrumb\",\"itemListElement\":[{\"@type\":\"ListItem\",\"position\":1,\"name\":\"Portada\",\"item\":\"https:\\\/\\\/blog.urbanitae.com\\\/it\\\/\"},{\"@type\":\"ListItem\",\"position\":2,\"name\":\"Glossario\",\"item\":\"https:\\\/\\\/blog.urbanitae.com\\\/it\\\/glossario\\\/\"},{\"@type\":\"ListItem\",\"position\":3,\"name\":\"Redditivit\u00e0 reale\"}]},{\"@type\":\"WebSite\",\"@id\":\"https:\\\/\\\/blog.urbanitae.com\\\/it\\\/#website\",\"url\":\"https:\\\/\\\/blog.urbanitae.com\\\/it\\\/\",\"name\":\"Urbanitae Blog | Las mejores noticias sobre inversi\u00f3n inmobiliaria\",\"description\":\"L'investimento immobiliare alla portata di tutti\",\"publisher\":{\"@id\":\"https:\\\/\\\/blog.urbanitae.com\\\/it\\\/#organization\"},\"potentialAction\":[{\"@type\":\"SearchAction\",\"target\":{\"@type\":\"EntryPoint\",\"urlTemplate\":\"https:\\\/\\\/blog.urbanitae.com\\\/it\\\/?s={search_term_string}\"},\"query-input\":{\"@type\":\"PropertyValueSpecification\",\"valueRequired\":true,\"valueName\":\"search_term_string\"}}],\"inLanguage\":\"it-IT\"},{\"@type\":\"Organization\",\"@id\":\"https:\\\/\\\/blog.urbanitae.com\\\/it\\\/#organization\",\"name\":\"Urbanitae\",\"url\":\"https:\\\/\\\/blog.urbanitae.com\\\/it\\\/\",\"logo\":{\"@type\":\"ImageObject\",\"inLanguage\":\"it-IT\",\"@id\":\"https:\\\/\\\/blog.urbanitae.com\\\/it\\\/#\\\/schema\\\/logo\\\/image\\\/\",\"url\":\"https:\\\/\\\/blog.urbanitae.com\\\/wp-content\\\/uploads\\\/2020\\\/04\\\/logo-verde_350x100.svg\",\"contentUrl\":\"https:\\\/\\\/blog.urbanitae.com\\\/wp-content\\\/uploads\\\/2020\\\/04\\\/logo-verde_350x100.svg\",\"width\":350,\"height\":100,\"caption\":\"Urbanitae\"},\"image\":{\"@id\":\"https:\\\/\\\/blog.urbanitae.com\\\/it\\\/#\\\/schema\\\/logo\\\/image\\\/\"},\"sameAs\":[\"https:\\\/\\\/www.facebook.com\\\/urbanitae\",\"https:\\\/\\\/x.com\\\/urbanitae\",\"https:\\\/\\\/www.instagram.com\\\/urbanitae\",\"https:\\\/\\\/www.linkedin.com\\\/company\\\/urbanitae\",\"https:\\\/\\\/www.pinterest.es\\\/UrbanitaeSL\\\/_created\\\/\",\"https:\\\/\\\/www.youtube.com\\\/c\\\/Urbanitae_RE\"]}]}<\/script>\n<!-- \/ Yoast SEO plugin. -->","yoast_head_json":{"title":"Redditivit\u00e0 reale - Urbanitae Blog","description":"\u00c8 il rendimento finanziario di un investimento adeguato all'inflazione o a qualsiasi altro fattore che influisca sul potere d'acquisto del denaro. Il rendimento reale tiene conto dell'impatto della perdita o del guadagno di valore della valuta.","robots":{"index":"index","follow":"follow","max-snippet":"max-snippet:-1","max-image-preview":"max-image-preview:large","max-video-preview":"max-video-preview:-1"},"canonical":"https:\/\/blog.urbanitae.com\/it\/glossario\/redditivita-reale\/","og_locale":"it_IT","og_type":"article","og_title":"Redditivit\u00e0 reale - Urbanitae Blog","og_description":"\u00c8 il rendimento finanziario di un investimento adeguato all'inflazione o a qualsiasi altro fattore che influisca sul potere d'acquisto del denaro. Il rendimento reale tiene conto dell'impatto della perdita o del guadagno di valore della valuta.","og_url":"https:\/\/blog.urbanitae.com\/it\/glossario\/redditivita-reale\/","og_site_name":"Urbanitae Blog | Le migliori notizie sugli investimenti immobiliari","article_publisher":"https:\/\/www.facebook.com\/urbanitae","article_modified_time":"2025-04-25T17:15:40+00:00","twitter_card":"summary_large_image","twitter_site":"@urbanitae","twitter_misc":{"Tempo di lettura stimato":"1 minuto"},"schema":{"@context":"https:\/\/schema.org","@graph":[{"@type":"WebPage","@id":"https:\/\/blog.urbanitae.com\/it\/glossario\/redditivita-reale\/","url":"https:\/\/blog.urbanitae.com\/it\/glossario\/redditivita-reale\/","name":"Redditivit\u00e0 reale - Urbanitae Blog","isPartOf":{"@id":"https:\/\/blog.urbanitae.com\/it\/#website"},"datePublished":"2025-04-15T18:37:02+00:00","dateModified":"2025-04-25T17:15:40+00:00","description":"\u00c8 il rendimento finanziario di un investimento adeguato all'inflazione o a qualsiasi altro fattore che influisca sul potere d'acquisto del denaro. Il rendimento reale tiene conto dell'impatto della perdita o del guadagno di valore della valuta.","breadcrumb":{"@id":"https:\/\/blog.urbanitae.com\/it\/glossario\/redditivita-reale\/#breadcrumb"},"inLanguage":"it-IT","potentialAction":[{"@type":"ReadAction","target":["https:\/\/blog.urbanitae.com\/it\/glossario\/redditivita-reale\/"]}]},{"@type":"BreadcrumbList","@id":"https:\/\/blog.urbanitae.com\/it\/glossario\/redditivita-reale\/#breadcrumb","itemListElement":[{"@type":"ListItem","position":1,"name":"Portada","item":"https:\/\/blog.urbanitae.com\/it\/"},{"@type":"ListItem","position":2,"name":"Glossario","item":"https:\/\/blog.urbanitae.com\/it\/glossario\/"},{"@type":"ListItem","position":3,"name":"Redditivit\u00e0 reale"}]},{"@type":"WebSite","@id":"https:\/\/blog.urbanitae.com\/it\/#website","url":"https:\/\/blog.urbanitae.com\/it\/","name":"Urbanitae Blog | Las mejores noticias sobre inversi\u00f3n inmobiliaria","description":"L'investimento immobiliare alla portata di tutti","publisher":{"@id":"https:\/\/blog.urbanitae.com\/it\/#organization"},"potentialAction":[{"@type":"SearchAction","target":{"@type":"EntryPoint","urlTemplate":"https:\/\/blog.urbanitae.com\/it\/?s={search_term_string}"},"query-input":{"@type":"PropertyValueSpecification","valueRequired":true,"valueName":"search_term_string"}}],"inLanguage":"it-IT"},{"@type":"Organization","@id":"https:\/\/blog.urbanitae.com\/it\/#organization","name":"Urbanitae","url":"https:\/\/blog.urbanitae.com\/it\/","logo":{"@type":"ImageObject","inLanguage":"it-IT","@id":"https:\/\/blog.urbanitae.com\/it\/#\/schema\/logo\/image\/","url":"https:\/\/blog.urbanitae.com\/wp-content\/uploads\/2020\/04\/logo-verde_350x100.svg","contentUrl":"https:\/\/blog.urbanitae.com\/wp-content\/uploads\/2020\/04\/logo-verde_350x100.svg","width":350,"height":100,"caption":"Urbanitae"},"image":{"@id":"https:\/\/blog.urbanitae.com\/it\/#\/schema\/logo\/image\/"},"sameAs":["https:\/\/www.facebook.com\/urbanitae","https:\/\/x.com\/urbanitae","https:\/\/www.instagram.com\/urbanitae","https:\/\/www.linkedin.com\/company\/urbanitae","https:\/\/www.pinterest.es\/UrbanitaeSL\/_created\/","https:\/\/www.youtube.com\/c\/Urbanitae_RE"]}]}},"_links":{"self":[{"href":"https:\/\/blog.urbanitae.com\/it\/wp-json\/wp\/v2\/pages\/61581","targetHints":{"allow":["GET"]}}],"collection":[{"href":"https:\/\/blog.urbanitae.com\/it\/wp-json\/wp\/v2\/pages"}],"about":[{"href":"https:\/\/blog.urbanitae.com\/it\/wp-json\/wp\/v2\/types\/page"}],"author":[{"embeddable":true,"href":"https:\/\/blog.urbanitae.com\/it\/wp-json\/wp\/v2\/users\/20"}],"replies":[{"embeddable":true,"href":"https:\/\/blog.urbanitae.com\/it\/wp-json\/wp\/v2\/comments?post=61581"}],"version-history":[{"count":1,"href":"https:\/\/blog.urbanitae.com\/it\/wp-json\/wp\/v2\/pages\/61581\/revisions"}],"predecessor-version":[{"id":61582,"href":"https:\/\/blog.urbanitae.com\/it\/wp-json\/wp\/v2\/pages\/61581\/revisions\/61582"}],"up":[{"embeddable":true,"href":"https:\/\/blog.urbanitae.com\/it\/wp-json\/wp\/v2\/pages\/62419"}],"wp:attachment":[{"href":"https:\/\/blog.urbanitae.com\/it\/wp-json\/wp\/v2\/media?parent=61581"}],"curies":[{"name":"wp","href":"https:\/\/api.w.org\/{rel}","templated":true}]}}