{"id":61512,"date":"2025-04-15T18:02:47","date_gmt":"2025-04-15T16:02:47","guid":{"rendered":"https:\/\/blog.urbanitae.com\/prestito-garantito\/"},"modified":"2025-04-25T19:15:25","modified_gmt":"2025-04-25T17:15:25","slug":"prestito-garantito","status":"publish","type":"page","link":"https:\/\/blog.urbanitae.com\/it\/glossario\/prestito-garantito\/","title":{"rendered":"Prestito garantito"},"content":{"rendered":"\t\t<div data-elementor-type=\"wp-page\" data-elementor-id=\"61512\" class=\"elementor elementor-61512 elementor-57059\">\n\t\t\t\t\t\t<section class=\"elementor-section elementor-top-section elementor-element elementor-element-d86d887 elementor-section-boxed elementor-section-height-default elementor-section-height-default\" data-id=\"d86d887\" data-element_type=\"section\" data-e-type=\"section\">\n\t\t\t\t\t\t<div class=\"elementor-container elementor-column-gap-default\">\n\t\t\t\t\t<div class=\"elementor-column elementor-col-100 elementor-top-column elementor-element elementor-element-8b49ddd\" data-id=\"8b49ddd\" data-element_type=\"column\" data-e-type=\"column\">\n\t\t\t<div class=\"elementor-widget-wrap elementor-element-populated\">\n\t\t\t\t\t\t<div class=\"elementor-element elementor-element-083b30b elementor-widget__width-initial elementor-widget elementor-widget-text-editor\" data-id=\"083b30b\" data-element_type=\"widget\" data-e-type=\"widget\" data-widget_type=\"text-editor.default\">\n\t\t\t\t<div class=\"elementor-widget-container\">\n\t\t\t\t\t\t\t\t\t<h3>Cos&#8217;\u00e8?<\/h3><p style=\"color: #212121; font-family: Roboto, sans-serif; font-size: 16px;\">Si tratta di un <strong>prestito<\/strong> in cui il mutuatario offre un bene come garanzia per sostenere il prestito. In caso di inadempienza, il prestatore ha il diritto di pignorare la garanzia e recuperare il valore dell&#8217;attivit\u00e0 per coprire il prestito. I beni utilizzati come garanzia possono essere immobili, veicoli, investimenti o altri beni di valore significativo. <\/p><p style=\"color: #212121; font-family: Roboto, sans-serif; font-size: 16px;\">Questo tipo di prestito \u00e8 comune in prodotti finanziari come prestiti personali, carte di credito e alcuni tipi di finanziamento per piccole imprese. Poich\u00e9 non \u00e8 richiesta una garanzia, il rischio per il prestatore \u00e8 maggiore, il che pu\u00f2 riflettersi in tassi di interesse pi\u00f9 alti. <\/p>\t\t\t\t\t\t\t\t<\/div>\n\t\t\t\t<\/div>\n\t\t\t\t<div class=\"elementor-element elementor-element-11c28c4 elementor-widget__width-initial elementor-widget elementor-widget-text-editor\" data-id=\"11c28c4\" data-element_type=\"widget\" data-e-type=\"widget\" data-widget_type=\"text-editor.default\">\n\t\t\t\t<div class=\"elementor-widget-container\">\n\t\t\t\t\t\t\t\t\t<h3>Aspetti chiave da considerare<\/h3>\n<p style=\"color: #212121; font-family: Roboto, sans-serif; font-size: 16px;\">Quando si opta per un <strong>prestito garantito,<\/strong> sia il mutuatario che il prestatore devono valutare correttamente il valore della garanzia offerta. \u00c8 importante assicurarsi che l&#8217;attivit\u00e0 utilizzata come garanzia abbia un valore sufficiente a coprire il debito in caso di insolvenza. <\/p>\n<p style=\"color: #212121; font-family: Roboto, sans-serif; font-size: 16px;\">Inoltre, il rischio per il mutuatario \u00e8 significativo, poich\u00e9 se non pu\u00f2 adempiere ai pagamenti del prestito, perder\u00e0 il bene offerto come garanzia. Questo deve essere considerato con attenzione, specialmente quando si tratta di beni di valore importante o personale. <\/p>\n<p style=\"color: #212121; font-family: Roboto, sans-serif; font-size: 16px;\">\u00c8 anche essenziale rivedere le condizioni del prestito, come la percentuale di finanziamento rispetto al valore del bene (rapporto prestito-valore o LTV), e assicurarsi che i termini siano giusti ed equi.\t\t\t\t\t\t\t\t<\/div>\n\t\t\t\t<\/div>\n\t\t\t\t\t<\/div>\n\t\t<\/div>\n\t\t\t\t\t<\/div>\n\t\t<\/section>\n\t\t\t\t<section class=\"elementor-section elementor-top-section elementor-element elementor-element-aa563c5 elementor-section-full_width elementor-section-stretched elementor-section-height-default elementor-section-height-default\" data-id=\"aa563c5\" data-element_type=\"section\" data-e-type=\"section\" data-settings=\"{&quot;stretch_section&quot;:&quot;section-stretched&quot;}\">\n\t\t\t\t\t\t<div class=\"elementor-container elementor-column-gap-default\">\n\t\t\t\t\t<div class=\"elementor-column elementor-col-100 elementor-top-column elementor-element elementor-element-41114ac\" data-id=\"41114ac\" data-element_type=\"column\" data-e-type=\"column\">\n\t\t\t<div class=\"elementor-widget-wrap elementor-element-populated\">\n\t\t\t\t\t\t<div class=\"elementor-element elementor-element-43f7095 elementor-widget elementor-widget-html\" data-id=\"43f7095\" data-element_type=\"widget\" data-e-type=\"widget\" data-widget_type=\"html.default\">\n\t\t\t\t<div class=\"elementor-widget-container\">\n\t\t\t\t\t\r\n        <div class=\"qode-advanced-call-to-action qode-advanced-cta-gradient qode-advanced-cta-gradient-animation\" style=\"height:80px\">\r\n            <a class=\"advanced-cta-link\" href=\"https:\/\/mkt.urbanitae.com\/Urbanitae_suscripcion_newsletter.html?utm_source=blog&amp;utm_medium=link_blog&amp;utm_campaign=suscripcion_blog&amp;utm_content=boton\" target=\"_blank\" onclick=\"dataLayer.push({'event': 'ub_ga4_event', 'ub_ga4_event_name': 'newsletter', 'ub_ga4_event_element': 'aprende'})\"><\/a>\r\n            <div class=\"qode-advanced-cta-content\">\r\n                <span class=\"qode-advanced-cta-text-holder\" style=\"color:#FFFFFF;font-size:25px\">\r\n Iscriviti alla nostra Newsletter <\/span>\r\n                <span class=\"qode-advanced-cta-icon-holder\" style=\"color:#FFFFFF;font-size:25px\">\r\n                    <span class=\"qode-advanced-cta-icon-holder-table\">\r\n                        <span class=\"qode-advanced-cta-icon-holder-cell\">\r\n                            <i class=\"qode_icon_font_awesome_5 fa5 fa fa-envelope-open-text qode-advanced-cta-icon\"><\/i> <\/span>\r\n                    <\/span>\r\n                <\/span>\r\n            <\/div>\r\n            <div class=\"qode-advanced-cta-background-holder\">\r\n                <span class=\"qode-advanced-cta-background-1 qode-type1-gradient-left-to-right\"><\/span>\r\n                <span class=\"qode-advanced-cta-background-2 qode-type1-gradient-left-to-right\"><\/span>\r\n                <span class=\"qode-advanced-cta-background-3\"><\/span>\r\n            <\/div>\r\n        <\/div>\r\n\t\t\t\t<\/div>\n\t\t\t\t<\/div>\n\t\t\t\t\t<\/div>\n\t\t<\/div>\n\t\t\t\t\t<\/div>\n\t\t<\/section>\n\t\t\t\t<\/div>\n\t\t","protected":false},"excerpt":{"rendered":"<p>Cos&#8217;\u00e8? Si tratta di un prestito in cui il mutuatario offre un bene come garanzia per sostenere il prestito. In caso di inadempienza, il prestatore ha il diritto di pignorare la garanzia e recuperare il valore dell&#8217;attivit\u00e0 per coprire il prestito. I beni utilizzati come garanzia possono essere immobili, veicoli, investimenti o altri beni di [&hellip;]<\/p>\n","protected":false},"author":20,"featured_media":0,"parent":62419,"menu_order":0,"comment_status":"closed","ping_status":"closed","template":"","meta":{"inline_featured_image":false,"footnotes":""},"class_list":["post-61512","page","type-page","status-publish","hentry"],"yoast_head":"<!-- This site is optimized with the Yoast SEO plugin v27.4 - https:\/\/yoast.com\/product\/yoast-seo-wordpress\/ -->\n<title>Prestito garantito - Urbanitae Blog<\/title>\n<meta name=\"description\" content=\"\u00c8 un prestito in cui il mutuatario offre un bene come garanzia per sostenere il prestito. In caso di inadempienza, il prestatore pu\u00f2 eseguire la garanzia e recuperare il valore del bene per coprire il prestito.\" \/>\n<meta name=\"robots\" content=\"index, follow, max-snippet:-1, max-image-preview:large, max-video-preview:-1\" \/>\n<link rel=\"canonical\" href=\"https:\/\/blog.urbanitae.com\/it\/glossario\/prestito-garantito\/\" \/>\n<meta property=\"og:locale\" content=\"it_IT\" \/>\n<meta property=\"og:type\" content=\"article\" \/>\n<meta property=\"og:title\" content=\"Prestito garantito - Urbanitae Blog\" \/>\n<meta property=\"og:description\" content=\"\u00c8 un prestito in cui il mutuatario offre un bene come garanzia per sostenere il prestito. In caso di inadempienza, il prestatore pu\u00f2 eseguire la garanzia e recuperare il valore del bene per coprire il prestito.\" \/>\n<meta property=\"og:url\" content=\"https:\/\/blog.urbanitae.com\/it\/glossario\/prestito-garantito\/\" \/>\n<meta property=\"og:site_name\" content=\"Urbanitae Blog | Le migliori notizie sugli investimenti immobiliari\" \/>\n<meta property=\"article:publisher\" content=\"https:\/\/www.facebook.com\/urbanitae\" \/>\n<meta property=\"article:modified_time\" content=\"2025-04-25T17:15:25+00:00\" \/>\n<meta name=\"twitter:card\" content=\"summary_large_image\" \/>\n<meta name=\"twitter:site\" content=\"@urbanitae\" \/>\n<meta name=\"twitter:label1\" content=\"Tempo di lettura stimato\" \/>\n\t<meta name=\"twitter:data1\" content=\"1 minuto\" \/>\n<script type=\"application\/ld+json\" class=\"yoast-schema-graph\">{\"@context\":\"https:\\\/\\\/schema.org\",\"@graph\":[{\"@type\":\"WebPage\",\"@id\":\"https:\\\/\\\/blog.urbanitae.com\\\/it\\\/glossario\\\/prestito-garantito\\\/\",\"url\":\"https:\\\/\\\/blog.urbanitae.com\\\/it\\\/glossario\\\/prestito-garantito\\\/\",\"name\":\"Prestito garantito - Urbanitae Blog\",\"isPartOf\":{\"@id\":\"https:\\\/\\\/blog.urbanitae.com\\\/it\\\/#website\"},\"datePublished\":\"2025-04-15T16:02:47+00:00\",\"dateModified\":\"2025-04-25T17:15:25+00:00\",\"description\":\"\u00c8 un prestito in cui il mutuatario offre un bene come garanzia per sostenere il prestito. In caso di inadempienza, il prestatore pu\u00f2 eseguire la garanzia e recuperare il valore del bene per coprire il prestito.\",\"breadcrumb\":{\"@id\":\"https:\\\/\\\/blog.urbanitae.com\\\/it\\\/glossario\\\/prestito-garantito\\\/#breadcrumb\"},\"inLanguage\":\"it-IT\",\"potentialAction\":[{\"@type\":\"ReadAction\",\"target\":[\"https:\\\/\\\/blog.urbanitae.com\\\/it\\\/glossario\\\/prestito-garantito\\\/\"]}]},{\"@type\":\"BreadcrumbList\",\"@id\":\"https:\\\/\\\/blog.urbanitae.com\\\/it\\\/glossario\\\/prestito-garantito\\\/#breadcrumb\",\"itemListElement\":[{\"@type\":\"ListItem\",\"position\":1,\"name\":\"Portada\",\"item\":\"https:\\\/\\\/blog.urbanitae.com\\\/it\\\/\"},{\"@type\":\"ListItem\",\"position\":2,\"name\":\"Glossario\",\"item\":\"https:\\\/\\\/blog.urbanitae.com\\\/it\\\/glossario\\\/\"},{\"@type\":\"ListItem\",\"position\":3,\"name\":\"Prestito garantito\"}]},{\"@type\":\"WebSite\",\"@id\":\"https:\\\/\\\/blog.urbanitae.com\\\/it\\\/#website\",\"url\":\"https:\\\/\\\/blog.urbanitae.com\\\/it\\\/\",\"name\":\"Urbanitae Blog | Las mejores noticias sobre inversi\u00f3n inmobiliaria\",\"description\":\"L'investimento immobiliare alla portata di tutti\",\"publisher\":{\"@id\":\"https:\\\/\\\/blog.urbanitae.com\\\/it\\\/#organization\"},\"potentialAction\":[{\"@type\":\"SearchAction\",\"target\":{\"@type\":\"EntryPoint\",\"urlTemplate\":\"https:\\\/\\\/blog.urbanitae.com\\\/it\\\/?s={search_term_string}\"},\"query-input\":{\"@type\":\"PropertyValueSpecification\",\"valueRequired\":true,\"valueName\":\"search_term_string\"}}],\"inLanguage\":\"it-IT\"},{\"@type\":\"Organization\",\"@id\":\"https:\\\/\\\/blog.urbanitae.com\\\/it\\\/#organization\",\"name\":\"Urbanitae\",\"url\":\"https:\\\/\\\/blog.urbanitae.com\\\/it\\\/\",\"logo\":{\"@type\":\"ImageObject\",\"inLanguage\":\"it-IT\",\"@id\":\"https:\\\/\\\/blog.urbanitae.com\\\/it\\\/#\\\/schema\\\/logo\\\/image\\\/\",\"url\":\"https:\\\/\\\/blog.urbanitae.com\\\/wp-content\\\/uploads\\\/2020\\\/04\\\/logo-verde_350x100.svg\",\"contentUrl\":\"https:\\\/\\\/blog.urbanitae.com\\\/wp-content\\\/uploads\\\/2020\\\/04\\\/logo-verde_350x100.svg\",\"width\":350,\"height\":100,\"caption\":\"Urbanitae\"},\"image\":{\"@id\":\"https:\\\/\\\/blog.urbanitae.com\\\/it\\\/#\\\/schema\\\/logo\\\/image\\\/\"},\"sameAs\":[\"https:\\\/\\\/www.facebook.com\\\/urbanitae\",\"https:\\\/\\\/x.com\\\/urbanitae\",\"https:\\\/\\\/www.instagram.com\\\/urbanitae\",\"https:\\\/\\\/www.linkedin.com\\\/company\\\/urbanitae\",\"https:\\\/\\\/www.pinterest.es\\\/UrbanitaeSL\\\/_created\\\/\",\"https:\\\/\\\/www.youtube.com\\\/c\\\/Urbanitae_RE\"]}]}<\/script>\n<!-- \/ Yoast SEO plugin. -->","yoast_head_json":{"title":"Prestito garantito - Urbanitae Blog","description":"\u00c8 un prestito in cui il mutuatario offre un bene come garanzia per sostenere il prestito. In caso di inadempienza, il prestatore pu\u00f2 eseguire la garanzia e recuperare il valore del bene per coprire il prestito.","robots":{"index":"index","follow":"follow","max-snippet":"max-snippet:-1","max-image-preview":"max-image-preview:large","max-video-preview":"max-video-preview:-1"},"canonical":"https:\/\/blog.urbanitae.com\/it\/glossario\/prestito-garantito\/","og_locale":"it_IT","og_type":"article","og_title":"Prestito garantito - Urbanitae Blog","og_description":"\u00c8 un prestito in cui il mutuatario offre un bene come garanzia per sostenere il prestito. In caso di inadempienza, il prestatore pu\u00f2 eseguire la garanzia e recuperare il valore del bene per coprire il prestito.","og_url":"https:\/\/blog.urbanitae.com\/it\/glossario\/prestito-garantito\/","og_site_name":"Urbanitae Blog | Le migliori notizie sugli investimenti immobiliari","article_publisher":"https:\/\/www.facebook.com\/urbanitae","article_modified_time":"2025-04-25T17:15:25+00:00","twitter_card":"summary_large_image","twitter_site":"@urbanitae","twitter_misc":{"Tempo di lettura stimato":"1 minuto"},"schema":{"@context":"https:\/\/schema.org","@graph":[{"@type":"WebPage","@id":"https:\/\/blog.urbanitae.com\/it\/glossario\/prestito-garantito\/","url":"https:\/\/blog.urbanitae.com\/it\/glossario\/prestito-garantito\/","name":"Prestito garantito - Urbanitae Blog","isPartOf":{"@id":"https:\/\/blog.urbanitae.com\/it\/#website"},"datePublished":"2025-04-15T16:02:47+00:00","dateModified":"2025-04-25T17:15:25+00:00","description":"\u00c8 un prestito in cui il mutuatario offre un bene come garanzia per sostenere il prestito. In caso di inadempienza, il prestatore pu\u00f2 eseguire la garanzia e recuperare il valore del bene per coprire il prestito.","breadcrumb":{"@id":"https:\/\/blog.urbanitae.com\/it\/glossario\/prestito-garantito\/#breadcrumb"},"inLanguage":"it-IT","potentialAction":[{"@type":"ReadAction","target":["https:\/\/blog.urbanitae.com\/it\/glossario\/prestito-garantito\/"]}]},{"@type":"BreadcrumbList","@id":"https:\/\/blog.urbanitae.com\/it\/glossario\/prestito-garantito\/#breadcrumb","itemListElement":[{"@type":"ListItem","position":1,"name":"Portada","item":"https:\/\/blog.urbanitae.com\/it\/"},{"@type":"ListItem","position":2,"name":"Glossario","item":"https:\/\/blog.urbanitae.com\/it\/glossario\/"},{"@type":"ListItem","position":3,"name":"Prestito garantito"}]},{"@type":"WebSite","@id":"https:\/\/blog.urbanitae.com\/it\/#website","url":"https:\/\/blog.urbanitae.com\/it\/","name":"Urbanitae Blog | Las mejores noticias sobre inversi\u00f3n inmobiliaria","description":"L'investimento immobiliare alla portata di tutti","publisher":{"@id":"https:\/\/blog.urbanitae.com\/it\/#organization"},"potentialAction":[{"@type":"SearchAction","target":{"@type":"EntryPoint","urlTemplate":"https:\/\/blog.urbanitae.com\/it\/?s={search_term_string}"},"query-input":{"@type":"PropertyValueSpecification","valueRequired":true,"valueName":"search_term_string"}}],"inLanguage":"it-IT"},{"@type":"Organization","@id":"https:\/\/blog.urbanitae.com\/it\/#organization","name":"Urbanitae","url":"https:\/\/blog.urbanitae.com\/it\/","logo":{"@type":"ImageObject","inLanguage":"it-IT","@id":"https:\/\/blog.urbanitae.com\/it\/#\/schema\/logo\/image\/","url":"https:\/\/blog.urbanitae.com\/wp-content\/uploads\/2020\/04\/logo-verde_350x100.svg","contentUrl":"https:\/\/blog.urbanitae.com\/wp-content\/uploads\/2020\/04\/logo-verde_350x100.svg","width":350,"height":100,"caption":"Urbanitae"},"image":{"@id":"https:\/\/blog.urbanitae.com\/it\/#\/schema\/logo\/image\/"},"sameAs":["https:\/\/www.facebook.com\/urbanitae","https:\/\/x.com\/urbanitae","https:\/\/www.instagram.com\/urbanitae","https:\/\/www.linkedin.com\/company\/urbanitae","https:\/\/www.pinterest.es\/UrbanitaeSL\/_created\/","https:\/\/www.youtube.com\/c\/Urbanitae_RE"]}]}},"_links":{"self":[{"href":"https:\/\/blog.urbanitae.com\/it\/wp-json\/wp\/v2\/pages\/61512","targetHints":{"allow":["GET"]}}],"collection":[{"href":"https:\/\/blog.urbanitae.com\/it\/wp-json\/wp\/v2\/pages"}],"about":[{"href":"https:\/\/blog.urbanitae.com\/it\/wp-json\/wp\/v2\/types\/page"}],"author":[{"embeddable":true,"href":"https:\/\/blog.urbanitae.com\/it\/wp-json\/wp\/v2\/users\/20"}],"replies":[{"embeddable":true,"href":"https:\/\/blog.urbanitae.com\/it\/wp-json\/wp\/v2\/comments?post=61512"}],"version-history":[{"count":1,"href":"https:\/\/blog.urbanitae.com\/it\/wp-json\/wp\/v2\/pages\/61512\/revisions"}],"predecessor-version":[{"id":61513,"href":"https:\/\/blog.urbanitae.com\/it\/wp-json\/wp\/v2\/pages\/61512\/revisions\/61513"}],"up":[{"embeddable":true,"href":"https:\/\/blog.urbanitae.com\/it\/wp-json\/wp\/v2\/pages\/62419"}],"wp:attachment":[{"href":"https:\/\/blog.urbanitae.com\/it\/wp-json\/wp\/v2\/media?parent=61512"}],"curies":[{"name":"wp","href":"https:\/\/api.w.org\/{rel}","templated":true}]}}