{"id":61164,"date":"2025-04-15T10:39:26","date_gmt":"2025-04-15T08:39:26","guid":{"rendered":"https:\/\/blog.urbanitae.com\/capitale-investito\/"},"modified":"2025-04-25T19:14:00","modified_gmt":"2025-04-25T17:14:00","slug":"capitale-investito","status":"publish","type":"page","link":"https:\/\/blog.urbanitae.com\/it\/glossario\/capitale-investito\/","title":{"rendered":"Capitale investito"},"content":{"rendered":"\t\t<div data-elementor-type=\"wp-page\" data-elementor-id=\"61164\" class=\"elementor elementor-61164 elementor-54892\">\n\t\t\t\t\t\t<section class=\"elementor-section elementor-top-section elementor-element elementor-element-d86d887 elementor-section-boxed elementor-section-height-default elementor-section-height-default\" data-id=\"d86d887\" data-element_type=\"section\" data-e-type=\"section\">\n\t\t\t\t\t\t<div class=\"elementor-container elementor-column-gap-default\">\n\t\t\t\t\t<div class=\"elementor-column elementor-col-100 elementor-top-column elementor-element elementor-element-8b49ddd\" data-id=\"8b49ddd\" data-element_type=\"column\" data-e-type=\"column\">\n\t\t\t<div class=\"elementor-widget-wrap elementor-element-populated\">\n\t\t\t\t\t\t<div class=\"elementor-element elementor-element-083b30b elementor-widget__width-initial elementor-widget elementor-widget-text-editor\" data-id=\"083b30b\" data-element_type=\"widget\" data-e-type=\"widget\" data-widget_type=\"text-editor.default\">\n\t\t\t\t<div class=\"elementor-widget-container\">\n\t\t\t\t\t\t\t\t\t<h3>Cos&#8217;\u00e8?<\/h3>\n<p style=\"color: #212121; font-family: Roboto, sans-serif; font-size: 16px;\">Il capitale investito si riferisce ai fondi che gli investitori hanno erogato e impegnato in un investimento specifico. Il capitale investito si riferisce ai fondi che gli investitori hanno effettivamente versato e impegnato in un investimento specifico. \u00c8 la quantit\u00e0 di denaro che \u00e8 stata destinata realmente a un&#8217;azienda, un progetto o un bene immobile, distinguendosi dal capitale impegnato, che non \u00e8 ancora stato versato.<\/p>\n<p style=\"color: #212121; font-family: Roboto, sans-serif; font-size: 16px;\">Questo concetto \u00e8 fondamentale per misurare il livello di esposizione finanziaria degli investitori in un determinato progetto. Nel contesto aziendale, il capitale investito include non solo il denaro versato, ma anche altre risorse finanziarie fornite, come beni o attivi tangibili, che contribuiscono allo sviluppo dell&#8217;attivit\u00e0. <\/p>\t\t\t\t\t\t\t\t<\/div>\n\t\t\t\t<\/div>\n\t\t\t\t<div class=\"elementor-element elementor-element-11c28c4 elementor-widget__width-initial elementor-widget elementor-widget-text-editor\" data-id=\"11c28c4\" data-element_type=\"widget\" data-e-type=\"widget\" data-widget_type=\"text-editor.default\">\n\t\t\t\t<div class=\"elementor-widget-container\">\n\t\t\t\t\t\t\t\t\t<h3>Aspetti chiave da considerare<\/h3>\n<p style=\"color: #212121; font-family: Roboto, sans-serif; font-size: 16px;\">Il capitale investito \u00e8 un indicatore chiave nella valutazione della redditivit\u00e0 e delle performance di un investimento. Permette di analizzare metriche come: <\/p>\n\n<ul>\n \t<li style=\"color: #212121; font-family: Roboto, sans-serif; font-size: 16px;\"><strong>ROIC (Return on Invested Capital):<\/strong> Tasso di ritorno ottenuto sul capitale investito, che misura l&#8217;efficienza nell&#8217;uso dei fondi apportati.<\/li>\n \t<li style=\"color: #212121; font-family: Roboto, sans-serif; font-size: 16px;\"><strong>Periodo di recupero:<\/strong> Tempo necessario affinch\u00e9 i rendimenti generati uguagliano l&#8217;investimento iniziale.<\/li>\n<\/ul>\n<p style=\"color: #212121; font-family: Roboto, sans-serif; font-size: 16px;\">Nel contesto immobiliare, il capitale investito si riferisce alla somma utilizzata per acquisire, sviluppare o migliorare una propriet\u00e0. Questo capitale pu\u00f2 generare rendimenti attraverso: <\/p>\n<p style=\"color: #212121; font-family: Roboto, sans-serif; font-size: 16px;\"><strong>Redditi ricorrenti:<\/strong> Come affitti o redditi operativi.<br><strong>Apprezzamento del valore: <\/strong>Aumento del prezzo di mercato della propriet\u00e0 nel tempo.<\/p>\n<p style=\"color: #212121; font-family: Roboto, sans-serif; font-size: 16px;\">\u00c8 importante che gli investitori monitorino attentamente il capitale investito nei loro progetti, poich\u00e9 questo influisce non solo sulla valutazione dei loro attivi, ma anche sulla pianificazione finanziaria e sulle decisioni strategiche.<\/p>\n<p style=\"color: #212121; font-family: Roboto, sans-serif; font-size: 16px;\">Il successo di un investimento dipende in gran parte da come viene gestito e ottimizzato il capitale investito per massimizzare i ritorni, riducendo al minimo i rischi.<\/p>\t\t\t\t\t\t\t\t<\/div>\n\t\t\t\t<\/div>\n\t\t\t\t\t<\/div>\n\t\t<\/div>\n\t\t\t\t\t<\/div>\n\t\t<\/section>\n\t\t\t\t<section class=\"elementor-section elementor-top-section elementor-element elementor-element-aa563c5 elementor-section-full_width elementor-section-height-default elementor-section-height-default\" data-id=\"aa563c5\" data-element_type=\"section\" data-e-type=\"section\">\n\t\t\t\t\t\t<div class=\"elementor-container elementor-column-gap-default\">\n\t\t\t\t\t<div class=\"elementor-column elementor-col-100 elementor-top-column elementor-element elementor-element-41114ac\" data-id=\"41114ac\" data-element_type=\"column\" data-e-type=\"column\">\n\t\t\t<div class=\"elementor-widget-wrap elementor-element-populated\">\n\t\t\t\t\t\t<div class=\"elementor-element elementor-element-43f7095 elementor-widget elementor-widget-html\" data-id=\"43f7095\" data-element_type=\"widget\" data-e-type=\"widget\" data-widget_type=\"html.default\">\n\t\t\t\t<div class=\"elementor-widget-container\">\n\t\t\t\t\t\r\n        <div class=\"qode-advanced-call-to-action qode-advanced-cta-gradient qode-advanced-cta-gradient-animation\" style=\"height:80px\">\r\n            <a class=\"advanced-cta-link\" href=\"https:\/\/mkt.urbanitae.com\/Urbanitae_suscripcion_newsletter.html?utm_source=blog&amp;utm_medium=link_blog&amp;utm_campaign=suscripcion_blog&amp;utm_content=boton\" target=\"_blank\" onclick=\"dataLayer.push({'event': 'ub_ga4_event', 'ub_ga4_event_name': 'newsletter', 'ub_ga4_event_element': 'aprende'})\"><\/a>\r\n            <div class=\"qode-advanced-cta-content\">\r\n                <span class=\"qode-advanced-cta-text-holder\" style=\"color:#FFFFFF;font-size:25px\">\r\n Iscriviti alla nostra Newsletter <\/span>\r\n                <span class=\"qode-advanced-cta-icon-holder\" style=\"color:#FFFFFF;font-size:25px\">\r\n                    <span class=\"qode-advanced-cta-icon-holder-table\">\r\n                        <span class=\"qode-advanced-cta-icon-holder-cell\">\r\n                            <i class=\"qode_icon_font_awesome_5 fa5 fa fa-envelope-open-text qode-advanced-cta-icon\"><\/i> <\/span>\r\n                    <\/span>\r\n                <\/span>\r\n            <\/div>\r\n            <div class=\"qode-advanced-cta-background-holder\">\r\n                <span class=\"qode-advanced-cta-background-1 qode-type1-gradient-left-to-right\"><\/span>\r\n                <span class=\"qode-advanced-cta-background-2 qode-type1-gradient-left-to-right\"><\/span>\r\n                <span class=\"qode-advanced-cta-background-3\"><\/span>\r\n            <\/div>\r\n        <\/div>\r\n\t\t\t\t<\/div>\n\t\t\t\t<\/div>\n\t\t\t\t\t<\/div>\n\t\t<\/div>\n\t\t\t\t\t<\/div>\n\t\t<\/section>\n\t\t\t\t<\/div>\n\t\t","protected":false},"excerpt":{"rendered":"<p>Cos&#8217;\u00e8? Il capitale investito si riferisce ai fondi che gli investitori hanno erogato e impegnato in un investimento specifico. Il capitale investito si riferisce ai fondi che gli investitori hanno effettivamente versato e impegnato in un investimento specifico. \u00c8 la quantit\u00e0 di denaro che \u00e8 stata destinata realmente a un&#8217;azienda, un progetto o un bene [&hellip;]<\/p>\n","protected":false},"author":4,"featured_media":0,"parent":62419,"menu_order":0,"comment_status":"closed","ping_status":"closed","template":"","meta":{"inline_featured_image":false,"footnotes":""},"class_list":["post-61164","page","type-page","status-publish","hentry"],"blocksy_meta":[],"yoast_head":"<!-- This site is optimized with the Yoast SEO plugin v27.4 - https:\/\/yoast.com\/product\/yoast-seo-wordpress\/ -->\n<title>Capitale investito - Urbanitae Blog<\/title>\n<meta name=\"description\" content=\"Si riferisce ai fondi che gli investitori hanno erogato e impegnato in un investimento specifico. \u00c8 l&#039;importo di denaro effettivamente destinato a un&#039;azienda, un progetto o un&#039;attivit\u00e0 immobiliare.\" \/>\n<meta name=\"robots\" content=\"index, follow, max-snippet:-1, max-image-preview:large, max-video-preview:-1\" \/>\n<link rel=\"canonical\" href=\"https:\/\/blog.urbanitae.com\/it\/glossario\/capitale-investito\/\" \/>\n<meta property=\"og:locale\" content=\"it_IT\" \/>\n<meta property=\"og:type\" content=\"article\" \/>\n<meta property=\"og:title\" content=\"Capitale investito - Urbanitae Blog\" \/>\n<meta property=\"og:description\" content=\"Si riferisce ai fondi che gli investitori hanno erogato e impegnato in un investimento specifico. \u00c8 l&#039;importo di denaro effettivamente destinato a un&#039;azienda, un progetto o un&#039;attivit\u00e0 immobiliare.\" \/>\n<meta property=\"og:url\" content=\"https:\/\/blog.urbanitae.com\/it\/glossario\/capitale-investito\/\" \/>\n<meta property=\"og:site_name\" content=\"Urbanitae Blog | Le migliori notizie sugli investimenti immobiliari\" \/>\n<meta property=\"article:publisher\" content=\"https:\/\/www.facebook.com\/urbanitae\" \/>\n<meta property=\"article:modified_time\" content=\"2025-04-25T17:14:00+00:00\" \/>\n<meta name=\"twitter:card\" content=\"summary_large_image\" \/>\n<meta name=\"twitter:site\" content=\"@urbanitae\" \/>\n<meta name=\"twitter:label1\" content=\"Tempo di lettura stimato\" \/>\n\t<meta name=\"twitter:data1\" content=\"1 minuto\" \/>\n<script type=\"application\/ld+json\" class=\"yoast-schema-graph\">{\"@context\":\"https:\\\/\\\/schema.org\",\"@graph\":[{\"@type\":\"WebPage\",\"@id\":\"https:\\\/\\\/blog.urbanitae.com\\\/it\\\/glossario\\\/capitale-investito\\\/\",\"url\":\"https:\\\/\\\/blog.urbanitae.com\\\/it\\\/glossario\\\/capitale-investito\\\/\",\"name\":\"Capitale investito - Urbanitae Blog\",\"isPartOf\":{\"@id\":\"https:\\\/\\\/blog.urbanitae.com\\\/it\\\/#website\"},\"datePublished\":\"2025-04-15T08:39:26+00:00\",\"dateModified\":\"2025-04-25T17:14:00+00:00\",\"description\":\"Si riferisce ai fondi che gli investitori hanno erogato e impegnato in un investimento specifico. \u00c8 l'importo di denaro effettivamente destinato a un'azienda, un progetto o un'attivit\u00e0 immobiliare.\",\"breadcrumb\":{\"@id\":\"https:\\\/\\\/blog.urbanitae.com\\\/it\\\/glossario\\\/capitale-investito\\\/#breadcrumb\"},\"inLanguage\":\"it-IT\",\"potentialAction\":[{\"@type\":\"ReadAction\",\"target\":[\"https:\\\/\\\/blog.urbanitae.com\\\/it\\\/glossario\\\/capitale-investito\\\/\"]}]},{\"@type\":\"BreadcrumbList\",\"@id\":\"https:\\\/\\\/blog.urbanitae.com\\\/it\\\/glossario\\\/capitale-investito\\\/#breadcrumb\",\"itemListElement\":[{\"@type\":\"ListItem\",\"position\":1,\"name\":\"Portada\",\"item\":\"https:\\\/\\\/blog.urbanitae.com\\\/it\\\/\"},{\"@type\":\"ListItem\",\"position\":2,\"name\":\"Glossario\",\"item\":\"https:\\\/\\\/blog.urbanitae.com\\\/it\\\/glossario\\\/\"},{\"@type\":\"ListItem\",\"position\":3,\"name\":\"Capitale investito\"}]},{\"@type\":\"WebSite\",\"@id\":\"https:\\\/\\\/blog.urbanitae.com\\\/it\\\/#website\",\"url\":\"https:\\\/\\\/blog.urbanitae.com\\\/it\\\/\",\"name\":\"Urbanitae Blog | Las mejores noticias sobre inversi\u00f3n inmobiliaria\",\"description\":\"L'investimento immobiliare alla portata di tutti\",\"publisher\":{\"@id\":\"https:\\\/\\\/blog.urbanitae.com\\\/it\\\/#organization\"},\"potentialAction\":[{\"@type\":\"SearchAction\",\"target\":{\"@type\":\"EntryPoint\",\"urlTemplate\":\"https:\\\/\\\/blog.urbanitae.com\\\/it\\\/?s={search_term_string}\"},\"query-input\":{\"@type\":\"PropertyValueSpecification\",\"valueRequired\":true,\"valueName\":\"search_term_string\"}}],\"inLanguage\":\"it-IT\"},{\"@type\":\"Organization\",\"@id\":\"https:\\\/\\\/blog.urbanitae.com\\\/it\\\/#organization\",\"name\":\"Urbanitae\",\"url\":\"https:\\\/\\\/blog.urbanitae.com\\\/it\\\/\",\"logo\":{\"@type\":\"ImageObject\",\"inLanguage\":\"it-IT\",\"@id\":\"https:\\\/\\\/blog.urbanitae.com\\\/it\\\/#\\\/schema\\\/logo\\\/image\\\/\",\"url\":\"https:\\\/\\\/blog.urbanitae.com\\\/wp-content\\\/uploads\\\/2020\\\/04\\\/logo-verde_350x100.svg\",\"contentUrl\":\"https:\\\/\\\/blog.urbanitae.com\\\/wp-content\\\/uploads\\\/2020\\\/04\\\/logo-verde_350x100.svg\",\"width\":350,\"height\":100,\"caption\":\"Urbanitae\"},\"image\":{\"@id\":\"https:\\\/\\\/blog.urbanitae.com\\\/it\\\/#\\\/schema\\\/logo\\\/image\\\/\"},\"sameAs\":[\"https:\\\/\\\/www.facebook.com\\\/urbanitae\",\"https:\\\/\\\/x.com\\\/urbanitae\",\"https:\\\/\\\/www.instagram.com\\\/urbanitae\",\"https:\\\/\\\/www.linkedin.com\\\/company\\\/urbanitae\",\"https:\\\/\\\/www.pinterest.es\\\/UrbanitaeSL\\\/_created\\\/\",\"https:\\\/\\\/www.youtube.com\\\/c\\\/Urbanitae_RE\"]}]}<\/script>\n<!-- \/ Yoast SEO plugin. -->","yoast_head_json":{"title":"Capitale investito - Urbanitae Blog","description":"Si riferisce ai fondi che gli investitori hanno erogato e impegnato in un investimento specifico. \u00c8 l'importo di denaro effettivamente destinato a un'azienda, un progetto o un'attivit\u00e0 immobiliare.","robots":{"index":"index","follow":"follow","max-snippet":"max-snippet:-1","max-image-preview":"max-image-preview:large","max-video-preview":"max-video-preview:-1"},"canonical":"https:\/\/blog.urbanitae.com\/it\/glossario\/capitale-investito\/","og_locale":"it_IT","og_type":"article","og_title":"Capitale investito - Urbanitae Blog","og_description":"Si riferisce ai fondi che gli investitori hanno erogato e impegnato in un investimento specifico. \u00c8 l'importo di denaro effettivamente destinato a un'azienda, un progetto o un'attivit\u00e0 immobiliare.","og_url":"https:\/\/blog.urbanitae.com\/it\/glossario\/capitale-investito\/","og_site_name":"Urbanitae Blog | Le migliori notizie sugli investimenti immobiliari","article_publisher":"https:\/\/www.facebook.com\/urbanitae","article_modified_time":"2025-04-25T17:14:00+00:00","twitter_card":"summary_large_image","twitter_site":"@urbanitae","twitter_misc":{"Tempo di lettura stimato":"1 minuto"},"schema":{"@context":"https:\/\/schema.org","@graph":[{"@type":"WebPage","@id":"https:\/\/blog.urbanitae.com\/it\/glossario\/capitale-investito\/","url":"https:\/\/blog.urbanitae.com\/it\/glossario\/capitale-investito\/","name":"Capitale investito - Urbanitae Blog","isPartOf":{"@id":"https:\/\/blog.urbanitae.com\/it\/#website"},"datePublished":"2025-04-15T08:39:26+00:00","dateModified":"2025-04-25T17:14:00+00:00","description":"Si riferisce ai fondi che gli investitori hanno erogato e impegnato in un investimento specifico. \u00c8 l'importo di denaro effettivamente destinato a un'azienda, un progetto o un'attivit\u00e0 immobiliare.","breadcrumb":{"@id":"https:\/\/blog.urbanitae.com\/it\/glossario\/capitale-investito\/#breadcrumb"},"inLanguage":"it-IT","potentialAction":[{"@type":"ReadAction","target":["https:\/\/blog.urbanitae.com\/it\/glossario\/capitale-investito\/"]}]},{"@type":"BreadcrumbList","@id":"https:\/\/blog.urbanitae.com\/it\/glossario\/capitale-investito\/#breadcrumb","itemListElement":[{"@type":"ListItem","position":1,"name":"Portada","item":"https:\/\/blog.urbanitae.com\/it\/"},{"@type":"ListItem","position":2,"name":"Glossario","item":"https:\/\/blog.urbanitae.com\/it\/glossario\/"},{"@type":"ListItem","position":3,"name":"Capitale investito"}]},{"@type":"WebSite","@id":"https:\/\/blog.urbanitae.com\/it\/#website","url":"https:\/\/blog.urbanitae.com\/it\/","name":"Urbanitae Blog | Las mejores noticias sobre inversi\u00f3n inmobiliaria","description":"L'investimento immobiliare alla portata di tutti","publisher":{"@id":"https:\/\/blog.urbanitae.com\/it\/#organization"},"potentialAction":[{"@type":"SearchAction","target":{"@type":"EntryPoint","urlTemplate":"https:\/\/blog.urbanitae.com\/it\/?s={search_term_string}"},"query-input":{"@type":"PropertyValueSpecification","valueRequired":true,"valueName":"search_term_string"}}],"inLanguage":"it-IT"},{"@type":"Organization","@id":"https:\/\/blog.urbanitae.com\/it\/#organization","name":"Urbanitae","url":"https:\/\/blog.urbanitae.com\/it\/","logo":{"@type":"ImageObject","inLanguage":"it-IT","@id":"https:\/\/blog.urbanitae.com\/it\/#\/schema\/logo\/image\/","url":"https:\/\/blog.urbanitae.com\/wp-content\/uploads\/2020\/04\/logo-verde_350x100.svg","contentUrl":"https:\/\/blog.urbanitae.com\/wp-content\/uploads\/2020\/04\/logo-verde_350x100.svg","width":350,"height":100,"caption":"Urbanitae"},"image":{"@id":"https:\/\/blog.urbanitae.com\/it\/#\/schema\/logo\/image\/"},"sameAs":["https:\/\/www.facebook.com\/urbanitae","https:\/\/x.com\/urbanitae","https:\/\/www.instagram.com\/urbanitae","https:\/\/www.linkedin.com\/company\/urbanitae","https:\/\/www.pinterest.es\/UrbanitaeSL\/_created\/","https:\/\/www.youtube.com\/c\/Urbanitae_RE"]}]}},"_links":{"self":[{"href":"https:\/\/blog.urbanitae.com\/it\/wp-json\/wp\/v2\/pages\/61164","targetHints":{"allow":["GET"]}}],"collection":[{"href":"https:\/\/blog.urbanitae.com\/it\/wp-json\/wp\/v2\/pages"}],"about":[{"href":"https:\/\/blog.urbanitae.com\/it\/wp-json\/wp\/v2\/types\/page"}],"author":[{"embeddable":true,"href":"https:\/\/blog.urbanitae.com\/it\/wp-json\/wp\/v2\/users\/4"}],"replies":[{"embeddable":true,"href":"https:\/\/blog.urbanitae.com\/it\/wp-json\/wp\/v2\/comments?post=61164"}],"version-history":[{"count":0,"href":"https:\/\/blog.urbanitae.com\/it\/wp-json\/wp\/v2\/pages\/61164\/revisions"}],"up":[{"embeddable":true,"href":"https:\/\/blog.urbanitae.com\/it\/wp-json\/wp\/v2\/pages\/62419"}],"wp:attachment":[{"href":"https:\/\/blog.urbanitae.com\/it\/wp-json\/wp\/v2\/media?parent=61164"}],"curies":[{"name":"wp","href":"https:\/\/api.w.org\/{rel}","templated":true}]}}