{"id":62121,"date":"2025-04-15T23:02:24","date_gmt":"2025-04-15T21:02:24","guid":{"rendered":"https:\/\/blog.urbanitae.com\/volatilite\/"},"modified":"2025-04-25T11:35:14","modified_gmt":"2025-04-25T09:35:14","slug":"volatilite","status":"publish","type":"page","link":"https:\/\/blog.urbanitae.com\/fr\/glossaire\/volatilite\/","title":{"rendered":"Volatilit\u00e9"},"content":{"rendered":"\t\t<div data-elementor-type=\"wp-page\" data-elementor-id=\"62121\" class=\"elementor elementor-62121 elementor-57342\">\n\t\t\t\t\t\t<section class=\"elementor-section elementor-top-section elementor-element elementor-element-d86d887 elementor-section-boxed elementor-section-height-default elementor-section-height-default\" data-id=\"d86d887\" data-element_type=\"section\" data-e-type=\"section\">\n\t\t\t\t\t\t<div class=\"elementor-container elementor-column-gap-default\">\n\t\t\t\t\t<div class=\"elementor-column elementor-col-100 elementor-top-column elementor-element elementor-element-8b49ddd\" data-id=\"8b49ddd\" data-element_type=\"column\" data-e-type=\"column\">\n\t\t\t<div class=\"elementor-widget-wrap elementor-element-populated\">\n\t\t\t\t\t\t<div class=\"elementor-element elementor-element-083b30b elementor-widget__width-initial elementor-widget elementor-widget-text-editor\" data-id=\"083b30b\" data-element_type=\"widget\" data-e-type=\"widget\" data-widget_type=\"text-editor.default\">\n\t\t\t\t<div class=\"elementor-widget-container\">\n\t\t\t\t\t\t\t\t\t<h3>Qu\u2019est-ce que c\u2019est?<\/h3><p style=\"color: #212121; font-family: Roboto, sans-serif; font-size: 16px;\"><strong>La volatilit\u00e9<\/strong> est une mesure de la <strong>fluctuation<\/strong> ou de la <strong>variabilit\u00e9<\/strong> des prix d\u2019un actif ou des rendements d\u2019un investissement au fil du temps. Cette mesure est utilis\u00e9e pour \u00e9valuer le risque associ\u00e9 \u00e0 un placement, car elle refl\u00e8te l\u2019ampleur des variations de prix ou de rendement. Une volatilit\u00e9 plus \u00e9lev\u00e9e indique que le prix d\u2019un actif ou le rendement d\u2019un investissement peut subir des <strong>changements plus brusques et plus fr\u00e9quents,<\/strong> ce qui implique un risque potentiel plus \u00e9lev\u00e9.  <\/p><p style=\"color: #212121; font-family: Roboto, sans-serif; font-size: 16px;\">La volatilit\u00e9 est un outil cl\u00e9 pour les investisseurs, car elle leur permet d\u2019anticiper les fluctuations potentielles du march\u00e9 et de prendre des d\u00e9cisions \u00e9clair\u00e9es sur le niveau de risque qu\u2019ils sont pr\u00eats \u00e0 prendre. Il est g\u00e9n\u00e9ralement mesur\u00e9 \u00e0 l\u2019aide de l\u2019\u00e9cart-type des rendements d\u2019un actif ou d\u2019un fonds, ce qui donne une vision claire de son rendement historique. <\/p>\t\t\t\t\t\t\t\t<\/div>\n\t\t\t\t<\/div>\n\t\t\t\t<div class=\"elementor-element elementor-element-11c28c4 elementor-widget__width-initial elementor-widget elementor-widget-text-editor\" data-id=\"11c28c4\" data-element_type=\"widget\" data-e-type=\"widget\" data-widget_type=\"text-editor.default\">\n\t\t\t\t<div class=\"elementor-widget-container\">\n\t\t\t\t\t\t\t\t\t<h3>Principaux aspects \u00e0 prendre en compte<\/h3>\n<p style=\"color: #212121; font-family: Roboto, sans-serif; font-size: 16px;\"><strong>La volatilit\u00e9<\/strong> est un indicateur fondamental pour <strong>la gestion du risque<\/strong> dans un portefeuille d\u2019investissement. Bien qu\u2019elle puisse pr\u00e9senter des opportunit\u00e9s pour <strong>les investisseurs actifs<\/strong> qui cherchent \u00e0 tirer parti des fluctuations du march\u00e9, elle peut \u00e9galement entra\u00eener de <strong>l\u2019incertitude<\/strong> pour les investisseurs en qu\u00eate de stabilit\u00e9. <\/p>\n<p style=\"color: #212121; font-family: Roboto, sans-serif; font-size: 16px;\">Il est important de noter que la volatilit\u00e9 ne refl\u00e8te pas n\u00e9cessairement la <strong>valeur \u00e0 long terme<\/strong> d\u2019un actif. Un actif \u00e0 forte volatilit\u00e9 peut offrir d\u2019excellents rendements sous certaines conditions, mais il peut \u00e9galement pr\u00e9senter des pertes importantes si les march\u00e9s \u00e9voluent contre lui. D\u2019autre part, les actifs \u00e0 faible volatilit\u00e9 sont g\u00e9n\u00e9ralement consid\u00e9r\u00e9s comme plus s\u00fbrs, mais leurs rendements ont tendance \u00e0 \u00eatre plus stables et modestes. <\/p>\n<p style=\"color: #212121; font-family: Roboto, sans-serif; font-size: 16px;\">Les investisseurs doivent tenir compte de leur <strong>profil de risque<\/strong> et de leur <strong>horizon temporel<\/strong> lorsqu\u2019ils prennent des d\u00e9cisions concernant des actifs pr\u00e9sentant diff\u00e9rents niveaux de volatilit\u00e9. La diversification des investissements dans des actifs de diff\u00e9rents niveaux de volatilit\u00e9 est une strat\u00e9gie courante pour \u00e9quilibrer le risque et les rendements. \t\t\t\t\t\t\t\t<\/div>\n\t\t\t\t<\/div>\n\t\t\t\t\t<\/div>\n\t\t<\/div>\n\t\t\t\t\t<\/div>\n\t\t<\/section>\n\t\t\t\t<section class=\"elementor-section elementor-top-section elementor-element elementor-element-aa563c5 elementor-section-full_width elementor-section-stretched elementor-section-height-default elementor-section-height-default\" data-id=\"aa563c5\" data-element_type=\"section\" data-e-type=\"section\" data-settings=\"{&quot;stretch_section&quot;:&quot;section-stretched&quot;}\">\n\t\t\t\t\t\t<div class=\"elementor-container elementor-column-gap-default\">\n\t\t\t\t\t<div class=\"elementor-column elementor-col-100 elementor-top-column elementor-element elementor-element-41114ac\" data-id=\"41114ac\" data-element_type=\"column\" data-e-type=\"column\">\n\t\t\t<div class=\"elementor-widget-wrap elementor-element-populated\">\n\t\t\t\t\t\t<div class=\"elementor-element elementor-element-43f7095 elementor-widget elementor-widget-html\" data-id=\"43f7095\" data-element_type=\"widget\" data-e-type=\"widget\" data-widget_type=\"html.default\">\n\t\t\t\t<div class=\"elementor-widget-container\">\n\t\t\t\t\t\r\n        <div class=\"qode-advanced-call-to-action qode-advanced-cta-gradient qode-advanced-cta-gradient-animation\" style=\"height:80px\">\r\n            <a class=\"advanced-cta-link\" href=\"https:\/\/mkt.urbanitae.com\/Urbanitae_suscripcion_newsletter.html?utm_source=blog&amp;utm_medium=link_blog&amp;utm_campaign=suscripcion_blog&amp;utm_content=boton\" target=\"_blank\" onclick=\"dataLayer.push({'event': 'ub_ga4_event', 'ub_ga4_event_name': 'newsletter', 'ub_ga4_event_element': 'aprende'})\"><\/a>\r\n            <div class=\"qode-advanced-cta-content\">\r\n                <span class=\"qode-advanced-cta-text-holder\" style=\"color:#FFFFFF;font-size:25px\">\r\n Abonnez-vous \u00e0 notre Newsletter <\/span>\r\n                <span class=\"qode-advanced-cta-icon-holder\" style=\"color:#FFFFFF;font-size:25px\">\r\n                    <span class=\"qode-advanced-cta-icon-holder-table\">\r\n                        <span class=\"qode-advanced-cta-icon-holder-cell\">\r\n                            <i class=\"qode_icon_font_awesome_5 fa5 fa fa-envelope-open-text qode-advanced-cta-icon\"><\/i> <\/span>\r\n                    <\/span>\r\n                <\/span>\r\n            <\/div>\r\n            <div class=\"qode-advanced-cta-background-holder\">\r\n                <span class=\"qode-advanced-cta-background-1 qode-type1-gradient-left-to-right\"><\/span>\r\n                <span class=\"qode-advanced-cta-background-2 qode-type1-gradient-left-to-right\"><\/span>\r\n                <span class=\"qode-advanced-cta-background-3\"><\/span>\r\n            <\/div>\r\n        <\/div>\r\n\t\t\t\t<\/div>\n\t\t\t\t<\/div>\n\t\t\t\t\t<\/div>\n\t\t<\/div>\n\t\t\t\t\t<\/div>\n\t\t<\/section>\n\t\t\t\t<\/div>\n\t\t","protected":false},"excerpt":{"rendered":"<p>Qu\u2019est-ce que c\u2019est? La volatilit\u00e9 est une mesure de la fluctuation ou de la variabilit\u00e9 des prix d\u2019un actif ou des rendements d\u2019un investissement au fil du temps. Cette mesure est utilis\u00e9e pour \u00e9valuer le risque associ\u00e9 \u00e0 un placement, car elle refl\u00e8te l\u2019ampleur des variations de prix ou de rendement. Une volatilit\u00e9 plus \u00e9lev\u00e9e [&hellip;]<\/p>\n","protected":false},"author":20,"featured_media":0,"parent":62174,"menu_order":0,"comment_status":"closed","ping_status":"closed","template":"","meta":{"inline_featured_image":false,"footnotes":""},"class_list":["post-62121","page","type-page","status-publish","hentry"],"yoast_head":"<!-- This site is optimized with the Yoast SEO plugin v27.4 - https:\/\/yoast.com\/product\/yoast-seo-wordpress\/ -->\n<title>Volatilit\u00e9 - Urbanitae Blog<\/title>\n<meta name=\"description\" content=\"Il s\u2019agit d\u2019une mesure de la fluctuation ou de la variabilit\u00e9 des prix d\u2019un actif ou des rendements d\u2019un investissement au fil du temps. La volatilit\u00e9 est utilis\u00e9e pour \u00e9valuer le risque associ\u00e9 \u00e0 un placement, tandis qu\u2019une volatilit\u00e9 plus \u00e9lev\u00e9e indique une plus grande variabilit\u00e9 et un risque potentiel.\" \/>\n<meta name=\"robots\" content=\"index, follow, max-snippet:-1, max-image-preview:large, max-video-preview:-1\" \/>\n<link rel=\"canonical\" href=\"https:\/\/blog.urbanitae.com\/fr\/glossaire\/volatilite\/\" \/>\n<meta property=\"og:locale\" content=\"fr_FR\" \/>\n<meta property=\"og:type\" content=\"article\" \/>\n<meta property=\"og:title\" content=\"Volatilit\u00e9 - Urbanitae Blog\" \/>\n<meta property=\"og:description\" content=\"Il s\u2019agit d\u2019une mesure de la fluctuation ou de la variabilit\u00e9 des prix d\u2019un actif ou des rendements d\u2019un investissement au fil du temps. La volatilit\u00e9 est utilis\u00e9e pour \u00e9valuer le risque associ\u00e9 \u00e0 un placement, tandis qu\u2019une volatilit\u00e9 plus \u00e9lev\u00e9e indique une plus grande variabilit\u00e9 et un risque potentiel.\" \/>\n<meta property=\"og:url\" content=\"https:\/\/blog.urbanitae.com\/fr\/glossaire\/volatilite\/\" \/>\n<meta property=\"og:site_name\" content=\"Urbanitae Blog | Les meilleures nouvelles sur l&#039;investissement immobilier\" \/>\n<meta property=\"article:publisher\" content=\"https:\/\/www.facebook.com\/urbanitae\" \/>\n<meta property=\"article:modified_time\" content=\"2025-04-25T09:35:14+00:00\" \/>\n<meta name=\"twitter:card\" content=\"summary_large_image\" \/>\n<meta name=\"twitter:site\" content=\"@urbanitae\" \/>\n<meta name=\"twitter:label1\" content=\"Dur\u00e9e de lecture estim\u00e9e\" \/>\n\t<meta name=\"twitter:data1\" content=\"2 minutes\" \/>\n<script type=\"application\/ld+json\" class=\"yoast-schema-graph\">{\"@context\":\"https:\\\/\\\/schema.org\",\"@graph\":[{\"@type\":\"WebPage\",\"@id\":\"https:\\\/\\\/blog.urbanitae.com\\\/fr\\\/glossaire\\\/volatilite\\\/\",\"url\":\"https:\\\/\\\/blog.urbanitae.com\\\/fr\\\/glossaire\\\/volatilite\\\/\",\"name\":\"Volatilit\u00e9 - Urbanitae Blog\",\"isPartOf\":{\"@id\":\"https:\\\/\\\/blog.urbanitae.com\\\/fr\\\/#website\"},\"datePublished\":\"2025-04-15T21:02:24+00:00\",\"dateModified\":\"2025-04-25T09:35:14+00:00\",\"description\":\"Il s\u2019agit d\u2019une mesure de la fluctuation ou de la variabilit\u00e9 des prix d\u2019un actif ou des rendements d\u2019un investissement au fil du temps. La volatilit\u00e9 est utilis\u00e9e pour \u00e9valuer le risque associ\u00e9 \u00e0 un placement, tandis qu\u2019une volatilit\u00e9 plus \u00e9lev\u00e9e indique une plus grande variabilit\u00e9 et un risque potentiel.\",\"breadcrumb\":{\"@id\":\"https:\\\/\\\/blog.urbanitae.com\\\/fr\\\/glossaire\\\/volatilite\\\/#breadcrumb\"},\"inLanguage\":\"fr-FR\",\"potentialAction\":[{\"@type\":\"ReadAction\",\"target\":[\"https:\\\/\\\/blog.urbanitae.com\\\/fr\\\/glossaire\\\/volatilite\\\/\"]}]},{\"@type\":\"BreadcrumbList\",\"@id\":\"https:\\\/\\\/blog.urbanitae.com\\\/fr\\\/glossaire\\\/volatilite\\\/#breadcrumb\",\"itemListElement\":[{\"@type\":\"ListItem\",\"position\":1,\"name\":\"Portada\",\"item\":\"https:\\\/\\\/blog.urbanitae.com\\\/fr\\\/\"},{\"@type\":\"ListItem\",\"position\":2,\"name\":\"Glossaire\",\"item\":\"https:\\\/\\\/blog.urbanitae.com\\\/fr\\\/glosario\\\/\"},{\"@type\":\"ListItem\",\"position\":3,\"name\":\"Volatilit\u00e9\"}]},{\"@type\":\"WebSite\",\"@id\":\"https:\\\/\\\/blog.urbanitae.com\\\/fr\\\/#website\",\"url\":\"https:\\\/\\\/blog.urbanitae.com\\\/fr\\\/\",\"name\":\"Urbanitae Blog | Las mejores noticias sobre inversi\u00f3n inmobiliaria\",\"description\":\"L'investissement immobilier \u00e0 la port\u00e9e de tous\",\"publisher\":{\"@id\":\"https:\\\/\\\/blog.urbanitae.com\\\/fr\\\/#organization\"},\"potentialAction\":[{\"@type\":\"SearchAction\",\"target\":{\"@type\":\"EntryPoint\",\"urlTemplate\":\"https:\\\/\\\/blog.urbanitae.com\\\/fr\\\/?s={search_term_string}\"},\"query-input\":{\"@type\":\"PropertyValueSpecification\",\"valueRequired\":true,\"valueName\":\"search_term_string\"}}],\"inLanguage\":\"fr-FR\"},{\"@type\":\"Organization\",\"@id\":\"https:\\\/\\\/blog.urbanitae.com\\\/fr\\\/#organization\",\"name\":\"Urbanitae\",\"url\":\"https:\\\/\\\/blog.urbanitae.com\\\/fr\\\/\",\"logo\":{\"@type\":\"ImageObject\",\"inLanguage\":\"fr-FR\",\"@id\":\"https:\\\/\\\/blog.urbanitae.com\\\/fr\\\/#\\\/schema\\\/logo\\\/image\\\/\",\"url\":\"https:\\\/\\\/blog.urbanitae.com\\\/wp-content\\\/uploads\\\/2020\\\/04\\\/logo-verde_350x100.svg\",\"contentUrl\":\"https:\\\/\\\/blog.urbanitae.com\\\/wp-content\\\/uploads\\\/2020\\\/04\\\/logo-verde_350x100.svg\",\"width\":350,\"height\":100,\"caption\":\"Urbanitae\"},\"image\":{\"@id\":\"https:\\\/\\\/blog.urbanitae.com\\\/fr\\\/#\\\/schema\\\/logo\\\/image\\\/\"},\"sameAs\":[\"https:\\\/\\\/www.facebook.com\\\/urbanitae\",\"https:\\\/\\\/x.com\\\/urbanitae\",\"https:\\\/\\\/www.instagram.com\\\/urbanitae\",\"https:\\\/\\\/www.linkedin.com\\\/company\\\/urbanitae\",\"https:\\\/\\\/www.pinterest.es\\\/UrbanitaeSL\\\/_created\\\/\",\"https:\\\/\\\/www.youtube.com\\\/c\\\/Urbanitae_RE\"]}]}<\/script>\n<!-- \/ Yoast SEO plugin. -->","yoast_head_json":{"title":"Volatilit\u00e9 - Urbanitae Blog","description":"Il s\u2019agit d\u2019une mesure de la fluctuation ou de la variabilit\u00e9 des prix d\u2019un actif ou des rendements d\u2019un investissement au fil du temps. La volatilit\u00e9 est utilis\u00e9e pour \u00e9valuer le risque associ\u00e9 \u00e0 un placement, tandis qu\u2019une volatilit\u00e9 plus \u00e9lev\u00e9e indique une plus grande variabilit\u00e9 et un risque potentiel.","robots":{"index":"index","follow":"follow","max-snippet":"max-snippet:-1","max-image-preview":"max-image-preview:large","max-video-preview":"max-video-preview:-1"},"canonical":"https:\/\/blog.urbanitae.com\/fr\/glossaire\/volatilite\/","og_locale":"fr_FR","og_type":"article","og_title":"Volatilit\u00e9 - Urbanitae Blog","og_description":"Il s\u2019agit d\u2019une mesure de la fluctuation ou de la variabilit\u00e9 des prix d\u2019un actif ou des rendements d\u2019un investissement au fil du temps. La volatilit\u00e9 est utilis\u00e9e pour \u00e9valuer le risque associ\u00e9 \u00e0 un placement, tandis qu\u2019une volatilit\u00e9 plus \u00e9lev\u00e9e indique une plus grande variabilit\u00e9 et un risque potentiel.","og_url":"https:\/\/blog.urbanitae.com\/fr\/glossaire\/volatilite\/","og_site_name":"Urbanitae Blog | Les meilleures nouvelles sur l'investissement immobilier","article_publisher":"https:\/\/www.facebook.com\/urbanitae","article_modified_time":"2025-04-25T09:35:14+00:00","twitter_card":"summary_large_image","twitter_site":"@urbanitae","twitter_misc":{"Dur\u00e9e de lecture estim\u00e9e":"2 minutes"},"schema":{"@context":"https:\/\/schema.org","@graph":[{"@type":"WebPage","@id":"https:\/\/blog.urbanitae.com\/fr\/glossaire\/volatilite\/","url":"https:\/\/blog.urbanitae.com\/fr\/glossaire\/volatilite\/","name":"Volatilit\u00e9 - Urbanitae Blog","isPartOf":{"@id":"https:\/\/blog.urbanitae.com\/fr\/#website"},"datePublished":"2025-04-15T21:02:24+00:00","dateModified":"2025-04-25T09:35:14+00:00","description":"Il s\u2019agit d\u2019une mesure de la fluctuation ou de la variabilit\u00e9 des prix d\u2019un actif ou des rendements d\u2019un investissement au fil du temps. La volatilit\u00e9 est utilis\u00e9e pour \u00e9valuer le risque associ\u00e9 \u00e0 un placement, tandis qu\u2019une volatilit\u00e9 plus \u00e9lev\u00e9e indique une plus grande variabilit\u00e9 et un risque potentiel.","breadcrumb":{"@id":"https:\/\/blog.urbanitae.com\/fr\/glossaire\/volatilite\/#breadcrumb"},"inLanguage":"fr-FR","potentialAction":[{"@type":"ReadAction","target":["https:\/\/blog.urbanitae.com\/fr\/glossaire\/volatilite\/"]}]},{"@type":"BreadcrumbList","@id":"https:\/\/blog.urbanitae.com\/fr\/glossaire\/volatilite\/#breadcrumb","itemListElement":[{"@type":"ListItem","position":1,"name":"Portada","item":"https:\/\/blog.urbanitae.com\/fr\/"},{"@type":"ListItem","position":2,"name":"Glossaire","item":"https:\/\/blog.urbanitae.com\/fr\/glosario\/"},{"@type":"ListItem","position":3,"name":"Volatilit\u00e9"}]},{"@type":"WebSite","@id":"https:\/\/blog.urbanitae.com\/fr\/#website","url":"https:\/\/blog.urbanitae.com\/fr\/","name":"Urbanitae Blog | Las mejores noticias sobre inversi\u00f3n inmobiliaria","description":"L'investissement immobilier \u00e0 la port\u00e9e de tous","publisher":{"@id":"https:\/\/blog.urbanitae.com\/fr\/#organization"},"potentialAction":[{"@type":"SearchAction","target":{"@type":"EntryPoint","urlTemplate":"https:\/\/blog.urbanitae.com\/fr\/?s={search_term_string}"},"query-input":{"@type":"PropertyValueSpecification","valueRequired":true,"valueName":"search_term_string"}}],"inLanguage":"fr-FR"},{"@type":"Organization","@id":"https:\/\/blog.urbanitae.com\/fr\/#organization","name":"Urbanitae","url":"https:\/\/blog.urbanitae.com\/fr\/","logo":{"@type":"ImageObject","inLanguage":"fr-FR","@id":"https:\/\/blog.urbanitae.com\/fr\/#\/schema\/logo\/image\/","url":"https:\/\/blog.urbanitae.com\/wp-content\/uploads\/2020\/04\/logo-verde_350x100.svg","contentUrl":"https:\/\/blog.urbanitae.com\/wp-content\/uploads\/2020\/04\/logo-verde_350x100.svg","width":350,"height":100,"caption":"Urbanitae"},"image":{"@id":"https:\/\/blog.urbanitae.com\/fr\/#\/schema\/logo\/image\/"},"sameAs":["https:\/\/www.facebook.com\/urbanitae","https:\/\/x.com\/urbanitae","https:\/\/www.instagram.com\/urbanitae","https:\/\/www.linkedin.com\/company\/urbanitae","https:\/\/www.pinterest.es\/UrbanitaeSL\/_created\/","https:\/\/www.youtube.com\/c\/Urbanitae_RE"]}]}},"_links":{"self":[{"href":"https:\/\/blog.urbanitae.com\/fr\/wp-json\/wp\/v2\/pages\/62121","targetHints":{"allow":["GET"]}}],"collection":[{"href":"https:\/\/blog.urbanitae.com\/fr\/wp-json\/wp\/v2\/pages"}],"about":[{"href":"https:\/\/blog.urbanitae.com\/fr\/wp-json\/wp\/v2\/types\/page"}],"author":[{"embeddable":true,"href":"https:\/\/blog.urbanitae.com\/fr\/wp-json\/wp\/v2\/users\/20"}],"replies":[{"embeddable":true,"href":"https:\/\/blog.urbanitae.com\/fr\/wp-json\/wp\/v2\/comments?post=62121"}],"version-history":[{"count":1,"href":"https:\/\/blog.urbanitae.com\/fr\/wp-json\/wp\/v2\/pages\/62121\/revisions"}],"predecessor-version":[{"id":62122,"href":"https:\/\/blog.urbanitae.com\/fr\/wp-json\/wp\/v2\/pages\/62121\/revisions\/62122"}],"up":[{"embeddable":true,"href":"https:\/\/blog.urbanitae.com\/fr\/wp-json\/wp\/v2\/pages\/62174"}],"wp:attachment":[{"href":"https:\/\/blog.urbanitae.com\/fr\/wp-json\/wp\/v2\/media?parent=62121"}],"curies":[{"name":"wp","href":"https:\/\/api.w.org\/{rel}","templated":true}]}}