{"id":62113,"date":"2025-04-15T22:42:49","date_gmt":"2025-04-15T20:42:49","guid":{"rendered":"https:\/\/blog.urbanitae.com\/track-record\/"},"modified":"2025-04-25T11:35:09","modified_gmt":"2025-04-25T09:35:09","slug":"track-record","status":"publish","type":"page","link":"https:\/\/blog.urbanitae.com\/fr\/glossaire\/track-record\/","title":{"rendered":"Track record"},"content":{"rendered":"\t\t<div data-elementor-type=\"wp-page\" data-elementor-id=\"62113\" class=\"elementor elementor-62113 elementor-57322\">\n\t\t\t\t\t\t<section class=\"elementor-section elementor-top-section elementor-element elementor-element-d86d887 elementor-section-boxed elementor-section-height-default elementor-section-height-default parallax_section_no qode_elementor_container_no\" data-id=\"d86d887\" data-element_type=\"section\" data-e-type=\"section\">\n\t\t\t\t\t\t<div class=\"elementor-container elementor-column-gap-default\">\n\t\t\t\t\t<div class=\"elementor-column elementor-col-100 elementor-top-column elementor-element elementor-element-8b49ddd\" data-id=\"8b49ddd\" data-element_type=\"column\" data-e-type=\"column\">\n\t\t\t<div class=\"elementor-widget-wrap elementor-element-populated\">\n\t\t\t\t\t\t<div class=\"elementor-element elementor-element-083b30b elementor-widget__width-initial elementor-widget elementor-widget-text-editor\" data-id=\"083b30b\" data-element_type=\"widget\" data-e-type=\"widget\" data-widget_type=\"text-editor.default\">\n\t\t\t\t<div class=\"elementor-widget-container\">\n\t\t\t\t\t\t\t\t\t<h3>Qu\u2019est-ce que c\u2019est?<\/h3><p style=\"color: #212121; font-family: Roboto, sans-serif; font-size: 16px;\">Le track record est <strong>l\u2019historique<\/strong> ou <strong>l\u2019historique de performance d\u2019un<\/strong> <strong>gestionnaire de fonds,<\/strong> d\u2019une entreprise ou d\u2019un projet au fil du temps. Cet indicateur permet d\u2019\u00e9valuer l\u2019uniformit\u00e9 et la capacit\u00e9 de g\u00e9n\u00e9rer des rendements en fonction des r\u00e9sultats obtenus pr\u00e9c\u00e9demment. Des ant\u00e9c\u00e9dents solides et positifs peuvent \u00eatre un facteur cl\u00e9 pour gagner la confiance des investisseurs, car ils d\u00e9montrent la capacit\u00e9 du gestionnaire ou de l\u2019entreprise \u00e0 g\u00e9rer diff\u00e9rentes conditions de march\u00e9 et \u00e0 g\u00e9n\u00e9rer des rendements \u00e0 long terme.  <\/p><p style=\"color: #212121; font-family: Roboto, sans-serif; font-size: 16px;\">Les ant\u00e9c\u00e9dents peuvent inclure des mesures telles que les rendements historiques, la gestion des risques, les d\u00e9cisions d\u2019investissement et d\u2019autres indicateurs pertinents qui montrent comment les investissements ont \u00e9t\u00e9 g\u00e9r\u00e9s dans le pass\u00e9.<\/p>\t\t\t\t\t\t\t\t<\/div>\n\t\t\t\t<\/div>\n\t\t\t\t<div class=\"elementor-element elementor-element-11c28c4 elementor-widget__width-initial elementor-widget elementor-widget-text-editor\" data-id=\"11c28c4\" data-element_type=\"widget\" data-e-type=\"widget\" data-widget_type=\"text-editor.default\">\n\t\t\t\t<div class=\"elementor-widget-container\">\n\t\t\t\t\t\t\t\t\t<h3>Principaux aspects \u00e0 prendre en compte<\/h3><p style=\"color: #212121; font-family: Roboto, sans-serif; font-size: 16px;\">Un<strong> solide track record<\/strong> est un bon indicateur des comp\u00e9tences et de l\u2019exp\u00e9rience d\u2019un gestionnaire de fonds ou d\u2019une entreprise, mais il ne garantit pas que les rendements futurs seront similaires. Bien que des ant\u00e9c\u00e9dents positifs sugg\u00e8rent que la strat\u00e9gie utilis\u00e9e a \u00e9t\u00e9 efficace, les conditions du march\u00e9 peuvent changer, et ce qui a bien fonctionn\u00e9 dans le pass\u00e9 ne se traduit pas toujours par le m\u00eame succ\u00e8s \u00e0 l\u2019avenir. <\/p><p style=\"color: #212121; font-family: Roboto, sans-serif; font-size: 16px;\">Lors de l\u2019\u00e9valuation des ant\u00e9c\u00e9dents, il est important de prendre en compte non seulement le rendement absolu, mais aussi d\u2019autres facteurs tels que <strong>la volatilit\u00e9<\/strong> des rendements, la gestion des risques et la coh\u00e9rence dans le temps. Un historique de rendements \u00e9lev\u00e9s avec une exposition au risque importante peut ne pas convenir \u00e0 tous les investisseurs. <\/p><p style=\"color: #212121; font-family: Roboto, sans-serif; font-size: 16px;\">Il est \u00e9galement essentiel de v\u00e9rifier la <strong>p\u00e9riode<\/strong> couverte par le bilan et si les conditions dans lesquelles les r\u00e9sultats ont \u00e9t\u00e9 obtenus \u00e9taient durables. Les investisseurs doivent regarder au-del\u00e0 des chiffres et s\u2019assurer que les ant\u00e9c\u00e9dents de performance correspondent \u00e0 leurs objectifs de placement et \u00e0 leur tol\u00e9rance au risque. <\/p>\t\t\t\t\t\t\t\t<\/div>\n\t\t\t\t<\/div>\n\t\t\t\t\t<\/div>\n\t\t<\/div>\n\t\t\t\t\t<\/div>\n\t\t<\/section>\n\t\t\t\t<section class=\"elementor-section elementor-top-section elementor-element elementor-element-aa563c5 elementor-section-full_width elementor-section-stretched elementor-section-height-default elementor-section-height-default parallax_section_no qode_elementor_container_no\" data-id=\"aa563c5\" data-element_type=\"section\" data-e-type=\"section\" data-settings=\"{&quot;stretch_section&quot;:&quot;section-stretched&quot;}\">\n\t\t\t\t\t\t<div class=\"elementor-container elementor-column-gap-default\">\n\t\t\t\t\t<div class=\"elementor-column elementor-col-100 elementor-top-column elementor-element elementor-element-41114ac\" data-id=\"41114ac\" data-element_type=\"column\" data-e-type=\"column\">\n\t\t\t<div class=\"elementor-widget-wrap elementor-element-populated\">\n\t\t\t\t\t\t<div class=\"elementor-element elementor-element-43f7095 elementor-widget elementor-widget-html\" data-id=\"43f7095\" data-element_type=\"widget\" data-e-type=\"widget\" data-widget_type=\"html.default\">\n\t\t\t\t<div class=\"elementor-widget-container\">\n\t\t\t\t\t\r\n        <div class=\"qode-advanced-call-to-action qode-advanced-cta-gradient qode-advanced-cta-gradient-animation\" style=\"height:80px\">\r\n            <a class=\"advanced-cta-link\" href=\"https:\/\/mkt.urbanitae.com\/Urbanitae_suscripcion_newsletter.html?utm_source=blog&amp;utm_medium=link_blog&amp;utm_campaign=suscripcion_blog&amp;utm_content=boton\" target=\"_blank\" onclick=\"dataLayer.push({'event': 'ub_ga4_event', 'ub_ga4_event_name': 'newsletter', 'ub_ga4_event_element': 'aprende'})\"><\/a>\r\n            <div class=\"qode-advanced-cta-content\">\r\n                <span class=\"qode-advanced-cta-text-holder\" style=\"color:#FFFFFF;font-size:25px\">\r\n Abonnez-vous \u00e0 notre Newsletter <\/span>\r\n                <span class=\"qode-advanced-cta-icon-holder\" style=\"color:#FFFFFF;font-size:25px\">\r\n                    <span class=\"qode-advanced-cta-icon-holder-table\">\r\n                        <span class=\"qode-advanced-cta-icon-holder-cell\">\r\n                            <i class=\"qode_icon_font_awesome_5 fa5 fa fa-envelope-open-text qode-advanced-cta-icon\"><\/i> <\/span>\r\n                    <\/span>\r\n                <\/span>\r\n            <\/div>\r\n            <div class=\"qode-advanced-cta-background-holder\">\r\n                <span class=\"qode-advanced-cta-background-1 qode-type1-gradient-left-to-right\"><\/span>\r\n                <span class=\"qode-advanced-cta-background-2 qode-type1-gradient-left-to-right\"><\/span>\r\n                <span class=\"qode-advanced-cta-background-3\"><\/span>\r\n            <\/div>\r\n        <\/div>\r\n\t\t\t\t<\/div>\n\t\t\t\t<\/div>\n\t\t\t\t\t<\/div>\n\t\t<\/div>\n\t\t\t\t\t<\/div>\n\t\t<\/section>\n\t\t\t\t<\/div>\n\t\t","protected":false},"excerpt":{"rendered":"<p>Qu\u2019est-ce que c\u2019est? Le track record est l\u2019historique ou l\u2019historique de performance d\u2019un gestionnaire de fonds, d\u2019une entreprise ou d\u2019un projet au fil du temps. Cet indicateur permet d\u2019\u00e9valuer l\u2019uniformit\u00e9 et la capacit\u00e9 de g\u00e9n\u00e9rer des rendements en fonction des r\u00e9sultats obtenus pr\u00e9c\u00e9demment. Des ant\u00e9c\u00e9dents&#8230;<\/p>\n","protected":false},"author":20,"featured_media":0,"parent":62174,"menu_order":0,"comment_status":"closed","ping_status":"closed","template":"","meta":{"inline_featured_image":false,"_lmt_disableupdate":"","_lmt_disable":"","footnotes":""},"class_list":["post-62113","page","type-page","status-publish","hentry"],"yoast_head":"<!-- This site is optimized with the Yoast SEO plugin v27.3 - https:\/\/yoast.com\/product\/yoast-seo-wordpress\/ -->\n<title>Track record - Urbanitae Blog<\/title>\n<meta name=\"description\" content=\"Il s\u2019agit de l\u2019historique ou de l\u2019historique des performances d\u2019un gestionnaire de fonds, d\u2019une entreprise ou d\u2019un projet au fil du temps. Les ant\u00e9c\u00e9dents sont utilis\u00e9s pour \u00e9valuer la coh\u00e9rence et la capacit\u00e9 \u00e0 g\u00e9n\u00e9rer des rendements bas\u00e9s sur les r\u00e9sultats pr\u00e9c\u00e9dents.\" \/>\n<meta name=\"robots\" content=\"index, follow, max-snippet:-1, max-image-preview:large, max-video-preview:-1\" \/>\n<link rel=\"canonical\" href=\"https:\/\/blog.urbanitae.com\/fr\/glossaire\/track-record\/\" \/>\n<meta property=\"og:locale\" content=\"fr_FR\" \/>\n<meta property=\"og:type\" content=\"article\" \/>\n<meta property=\"og:title\" content=\"Track record - Urbanitae Blog\" \/>\n<meta property=\"og:description\" content=\"Il s\u2019agit de l\u2019historique ou de l\u2019historique des performances d\u2019un gestionnaire de fonds, d\u2019une entreprise ou d\u2019un projet au fil du temps. Les ant\u00e9c\u00e9dents sont utilis\u00e9s pour \u00e9valuer la coh\u00e9rence et la capacit\u00e9 \u00e0 g\u00e9n\u00e9rer des rendements bas\u00e9s sur les r\u00e9sultats pr\u00e9c\u00e9dents.\" \/>\n<meta property=\"og:url\" content=\"https:\/\/blog.urbanitae.com\/fr\/glossaire\/track-record\/\" \/>\n<meta property=\"og:site_name\" content=\"Urbanitae Blog | Les meilleures nouvelles sur l&#039;investissement immobilier\" \/>\n<meta property=\"article:publisher\" content=\"https:\/\/www.facebook.com\/urbanitae\" \/>\n<meta property=\"article:modified_time\" content=\"2025-04-25T09:35:09+00:00\" \/>\n<meta name=\"twitter:card\" content=\"summary_large_image\" \/>\n<meta name=\"twitter:site\" content=\"@urbanitae\" \/>\n<meta name=\"twitter:label1\" content=\"Dur\u00e9e de lecture estim\u00e9e\" \/>\n\t<meta name=\"twitter:data1\" content=\"2 minutes\" \/>\n<script type=\"application\/ld+json\" class=\"yoast-schema-graph\">{\"@context\":\"https:\\\/\\\/schema.org\",\"@graph\":[{\"@type\":\"WebPage\",\"@id\":\"https:\\\/\\\/blog.urbanitae.com\\\/fr\\\/glossaire\\\/track-record\\\/\",\"url\":\"https:\\\/\\\/blog.urbanitae.com\\\/fr\\\/glossaire\\\/track-record\\\/\",\"name\":\"Track record - Urbanitae Blog\",\"isPartOf\":{\"@id\":\"https:\\\/\\\/blog.urbanitae.com\\\/fr\\\/#website\"},\"datePublished\":\"2025-04-15T20:42:49+00:00\",\"dateModified\":\"2025-04-25T09:35:09+00:00\",\"description\":\"Il s\u2019agit de l\u2019historique ou de l\u2019historique des performances d\u2019un gestionnaire de fonds, d\u2019une entreprise ou d\u2019un projet au fil du temps. Les ant\u00e9c\u00e9dents sont utilis\u00e9s pour \u00e9valuer la coh\u00e9rence et la capacit\u00e9 \u00e0 g\u00e9n\u00e9rer des rendements bas\u00e9s sur les r\u00e9sultats pr\u00e9c\u00e9dents.\",\"breadcrumb\":{\"@id\":\"https:\\\/\\\/blog.urbanitae.com\\\/fr\\\/glossaire\\\/track-record\\\/#breadcrumb\"},\"inLanguage\":\"fr-FR\",\"potentialAction\":[{\"@type\":\"ReadAction\",\"target\":[\"https:\\\/\\\/blog.urbanitae.com\\\/fr\\\/glossaire\\\/track-record\\\/\"]}]},{\"@type\":\"BreadcrumbList\",\"@id\":\"https:\\\/\\\/blog.urbanitae.com\\\/fr\\\/glossaire\\\/track-record\\\/#breadcrumb\",\"itemListElement\":[{\"@type\":\"ListItem\",\"position\":1,\"name\":\"Portada\",\"item\":\"https:\\\/\\\/blog.urbanitae.com\\\/fr\\\/\"},{\"@type\":\"ListItem\",\"position\":2,\"name\":\"Glossaire\",\"item\":\"https:\\\/\\\/blog.urbanitae.com\\\/fr\\\/glosario\\\/\"},{\"@type\":\"ListItem\",\"position\":3,\"name\":\"Track record\"}]},{\"@type\":\"WebSite\",\"@id\":\"https:\\\/\\\/blog.urbanitae.com\\\/fr\\\/#website\",\"url\":\"https:\\\/\\\/blog.urbanitae.com\\\/fr\\\/\",\"name\":\"Urbanitae Blog | Las mejores noticias sobre inversi\u00f3n inmobiliaria\",\"description\":\"L'investissement immobilier \u00e0 la port\u00e9e de tous\",\"publisher\":{\"@id\":\"https:\\\/\\\/blog.urbanitae.com\\\/fr\\\/#organization\"},\"potentialAction\":[{\"@type\":\"SearchAction\",\"target\":{\"@type\":\"EntryPoint\",\"urlTemplate\":\"https:\\\/\\\/blog.urbanitae.com\\\/fr\\\/?s={search_term_string}\"},\"query-input\":{\"@type\":\"PropertyValueSpecification\",\"valueRequired\":true,\"valueName\":\"search_term_string\"}}],\"inLanguage\":\"fr-FR\"},{\"@type\":\"Organization\",\"@id\":\"https:\\\/\\\/blog.urbanitae.com\\\/fr\\\/#organization\",\"name\":\"Urbanitae\",\"url\":\"https:\\\/\\\/blog.urbanitae.com\\\/fr\\\/\",\"logo\":{\"@type\":\"ImageObject\",\"inLanguage\":\"fr-FR\",\"@id\":\"https:\\\/\\\/blog.urbanitae.com\\\/fr\\\/#\\\/schema\\\/logo\\\/image\\\/\",\"url\":\"https:\\\/\\\/blog.urbanitae.com\\\/wp-content\\\/uploads\\\/2020\\\/04\\\/logo-verde_350x100.svg\",\"contentUrl\":\"https:\\\/\\\/blog.urbanitae.com\\\/wp-content\\\/uploads\\\/2020\\\/04\\\/logo-verde_350x100.svg\",\"width\":350,\"height\":100,\"caption\":\"Urbanitae\"},\"image\":{\"@id\":\"https:\\\/\\\/blog.urbanitae.com\\\/fr\\\/#\\\/schema\\\/logo\\\/image\\\/\"},\"sameAs\":[\"https:\\\/\\\/www.facebook.com\\\/urbanitae\",\"https:\\\/\\\/x.com\\\/urbanitae\",\"https:\\\/\\\/www.instagram.com\\\/urbanitae\",\"https:\\\/\\\/www.linkedin.com\\\/company\\\/urbanitae\",\"https:\\\/\\\/www.pinterest.es\\\/UrbanitaeSL\\\/_created\\\/\",\"https:\\\/\\\/www.youtube.com\\\/c\\\/Urbanitae_RE\"]}]}<\/script>\n<!-- \/ Yoast SEO plugin. -->","yoast_head_json":{"title":"Track record - Urbanitae Blog","description":"Il s\u2019agit de l\u2019historique ou de l\u2019historique des performances d\u2019un gestionnaire de fonds, d\u2019une entreprise ou d\u2019un projet au fil du temps. Les ant\u00e9c\u00e9dents sont utilis\u00e9s pour \u00e9valuer la coh\u00e9rence et la capacit\u00e9 \u00e0 g\u00e9n\u00e9rer des rendements bas\u00e9s sur les r\u00e9sultats pr\u00e9c\u00e9dents.","robots":{"index":"index","follow":"follow","max-snippet":"max-snippet:-1","max-image-preview":"max-image-preview:large","max-video-preview":"max-video-preview:-1"},"canonical":"https:\/\/blog.urbanitae.com\/fr\/glossaire\/track-record\/","og_locale":"fr_FR","og_type":"article","og_title":"Track record - Urbanitae Blog","og_description":"Il s\u2019agit de l\u2019historique ou de l\u2019historique des performances d\u2019un gestionnaire de fonds, d\u2019une entreprise ou d\u2019un projet au fil du temps. Les ant\u00e9c\u00e9dents sont utilis\u00e9s pour \u00e9valuer la coh\u00e9rence et la capacit\u00e9 \u00e0 g\u00e9n\u00e9rer des rendements bas\u00e9s sur les r\u00e9sultats pr\u00e9c\u00e9dents.","og_url":"https:\/\/blog.urbanitae.com\/fr\/glossaire\/track-record\/","og_site_name":"Urbanitae Blog | Les meilleures nouvelles sur l'investissement immobilier","article_publisher":"https:\/\/www.facebook.com\/urbanitae","article_modified_time":"2025-04-25T09:35:09+00:00","twitter_card":"summary_large_image","twitter_site":"@urbanitae","twitter_misc":{"Dur\u00e9e de lecture estim\u00e9e":"2 minutes"},"schema":{"@context":"https:\/\/schema.org","@graph":[{"@type":"WebPage","@id":"https:\/\/blog.urbanitae.com\/fr\/glossaire\/track-record\/","url":"https:\/\/blog.urbanitae.com\/fr\/glossaire\/track-record\/","name":"Track record - Urbanitae Blog","isPartOf":{"@id":"https:\/\/blog.urbanitae.com\/fr\/#website"},"datePublished":"2025-04-15T20:42:49+00:00","dateModified":"2025-04-25T09:35:09+00:00","description":"Il s\u2019agit de l\u2019historique ou de l\u2019historique des performances d\u2019un gestionnaire de fonds, d\u2019une entreprise ou d\u2019un projet au fil du temps. Les ant\u00e9c\u00e9dents sont utilis\u00e9s pour \u00e9valuer la coh\u00e9rence et la capacit\u00e9 \u00e0 g\u00e9n\u00e9rer des rendements bas\u00e9s sur les r\u00e9sultats pr\u00e9c\u00e9dents.","breadcrumb":{"@id":"https:\/\/blog.urbanitae.com\/fr\/glossaire\/track-record\/#breadcrumb"},"inLanguage":"fr-FR","potentialAction":[{"@type":"ReadAction","target":["https:\/\/blog.urbanitae.com\/fr\/glossaire\/track-record\/"]}]},{"@type":"BreadcrumbList","@id":"https:\/\/blog.urbanitae.com\/fr\/glossaire\/track-record\/#breadcrumb","itemListElement":[{"@type":"ListItem","position":1,"name":"Portada","item":"https:\/\/blog.urbanitae.com\/fr\/"},{"@type":"ListItem","position":2,"name":"Glossaire","item":"https:\/\/blog.urbanitae.com\/fr\/glosario\/"},{"@type":"ListItem","position":3,"name":"Track record"}]},{"@type":"WebSite","@id":"https:\/\/blog.urbanitae.com\/fr\/#website","url":"https:\/\/blog.urbanitae.com\/fr\/","name":"Urbanitae Blog | Las mejores noticias sobre inversi\u00f3n inmobiliaria","description":"L'investissement immobilier \u00e0 la port\u00e9e de tous","publisher":{"@id":"https:\/\/blog.urbanitae.com\/fr\/#organization"},"potentialAction":[{"@type":"SearchAction","target":{"@type":"EntryPoint","urlTemplate":"https:\/\/blog.urbanitae.com\/fr\/?s={search_term_string}"},"query-input":{"@type":"PropertyValueSpecification","valueRequired":true,"valueName":"search_term_string"}}],"inLanguage":"fr-FR"},{"@type":"Organization","@id":"https:\/\/blog.urbanitae.com\/fr\/#organization","name":"Urbanitae","url":"https:\/\/blog.urbanitae.com\/fr\/","logo":{"@type":"ImageObject","inLanguage":"fr-FR","@id":"https:\/\/blog.urbanitae.com\/fr\/#\/schema\/logo\/image\/","url":"https:\/\/blog.urbanitae.com\/wp-content\/uploads\/2020\/04\/logo-verde_350x100.svg","contentUrl":"https:\/\/blog.urbanitae.com\/wp-content\/uploads\/2020\/04\/logo-verde_350x100.svg","width":350,"height":100,"caption":"Urbanitae"},"image":{"@id":"https:\/\/blog.urbanitae.com\/fr\/#\/schema\/logo\/image\/"},"sameAs":["https:\/\/www.facebook.com\/urbanitae","https:\/\/x.com\/urbanitae","https:\/\/www.instagram.com\/urbanitae","https:\/\/www.linkedin.com\/company\/urbanitae","https:\/\/www.pinterest.es\/UrbanitaeSL\/_created\/","https:\/\/www.youtube.com\/c\/Urbanitae_RE"]}]}},"_links":{"self":[{"href":"https:\/\/blog.urbanitae.com\/fr\/wp-json\/wp\/v2\/pages\/62113","targetHints":{"allow":["GET"]}}],"collection":[{"href":"https:\/\/blog.urbanitae.com\/fr\/wp-json\/wp\/v2\/pages"}],"about":[{"href":"https:\/\/blog.urbanitae.com\/fr\/wp-json\/wp\/v2\/types\/page"}],"author":[{"embeddable":true,"href":"https:\/\/blog.urbanitae.com\/fr\/wp-json\/wp\/v2\/users\/20"}],"replies":[{"embeddable":true,"href":"https:\/\/blog.urbanitae.com\/fr\/wp-json\/wp\/v2\/comments?post=62113"}],"version-history":[{"count":1,"href":"https:\/\/blog.urbanitae.com\/fr\/wp-json\/wp\/v2\/pages\/62113\/revisions"}],"predecessor-version":[{"id":62114,"href":"https:\/\/blog.urbanitae.com\/fr\/wp-json\/wp\/v2\/pages\/62113\/revisions\/62114"}],"up":[{"embeddable":true,"href":"https:\/\/blog.urbanitae.com\/fr\/wp-json\/wp\/v2\/pages\/62174"}],"wp:attachment":[{"href":"https:\/\/blog.urbanitae.com\/fr\/wp-json\/wp\/v2\/media?parent=62113"}],"curies":[{"name":"wp","href":"https:\/\/api.w.org\/{rel}","templated":true}]}}