{"id":62105,"date":"2025-04-15T22:03:36","date_gmt":"2025-04-15T20:03:36","guid":{"rendered":"https:\/\/blog.urbanitae.com\/taux-dinteret-compose\/"},"modified":"2025-04-25T11:35:04","modified_gmt":"2025-04-25T09:35:04","slug":"taux-dinteret-compose","status":"publish","type":"page","link":"https:\/\/blog.urbanitae.com\/fr\/glossaire\/taux-dinteret-compose\/","title":{"rendered":"Taux d\u2019int\u00e9r\u00eat compos\u00e9"},"content":{"rendered":"\t\t<div data-elementor-type=\"wp-page\" data-elementor-id=\"62105\" class=\"elementor elementor-62105 elementor-57297\">\n\t\t\t\t\t\t<section class=\"elementor-section elementor-top-section elementor-element elementor-element-d86d887 elementor-section-boxed elementor-section-height-default elementor-section-height-default\" data-id=\"d86d887\" data-element_type=\"section\" data-e-type=\"section\">\n\t\t\t\t\t\t<div class=\"elementor-container elementor-column-gap-default\">\n\t\t\t\t\t<div class=\"elementor-column elementor-col-100 elementor-top-column elementor-element elementor-element-8b49ddd\" data-id=\"8b49ddd\" data-element_type=\"column\" data-e-type=\"column\">\n\t\t\t<div class=\"elementor-widget-wrap elementor-element-populated\">\n\t\t\t\t\t\t<div class=\"elementor-element elementor-element-083b30b elementor-widget__width-initial elementor-widget elementor-widget-text-editor\" data-id=\"083b30b\" data-element_type=\"widget\" data-e-type=\"widget\" data-widget_type=\"text-editor.default\">\n\t\t\t\t<div class=\"elementor-widget-container\">\n\t\t\t\t\t\t\t\t\t<h3>Qu\u2019est-ce que c\u2019est?<\/h3><p style=\"color: #212121; font-family: Roboto, sans-serif; font-size: 16px;\">Le <strong>taux d\u2019int\u00e9r\u00eat compos\u00e9<\/strong> est le taux appliqu\u00e9 \u00e0 un placement ou \u00e0 un pr\u00eat qui est calcul\u00e9 non seulement sur le capital initial, mais aussi sur les int\u00e9r\u00eats pr\u00e9c\u00e9demment courus. Comme les int\u00e9r\u00eats g\u00e9n\u00e9r\u00e9s sont r\u00e9investis, le taux d\u2019int\u00e9r\u00eat compos\u00e9 permet de les ajouter au capital initial, ce qui entra\u00eene une croissance exponentielle des investissements ou, le cas \u00e9ch\u00e9ant, de l\u2019endettement. Ce m\u00e9canisme est particuli\u00e8rement utile pour maximiser les rendements des investissements \u00e0 long terme, car les int\u00e9r\u00eats g\u00e9n\u00e9r\u00e9s augmentent \u00e0 mesure qu\u2019ils s\u2019accumulent.  <\/p><p style=\"color: #212121; font-family: Roboto, sans-serif; font-size: 16px;\">Ce taux d\u2019int\u00e9r\u00eat est couramment utilis\u00e9 dans les produits financiers tels que les d\u00e9p\u00f4ts \u00e0 terme, les fonds communs de placement et les pr\u00eats. La formule du taux d\u2019int\u00e9r\u00eat compos\u00e9 fait cro\u00eetre la valeur finale de l\u2019investissement plus rapidement que dans le cas du taux d\u2019int\u00e9r\u00eat simple, qui n\u2019est calcul\u00e9 que sur le capital initial. <\/p>\t\t\t\t\t\t\t\t<\/div>\n\t\t\t\t<\/div>\n\t\t\t\t<div class=\"elementor-element elementor-element-11c28c4 elementor-widget__width-initial elementor-widget elementor-widget-text-editor\" data-id=\"11c28c4\" data-element_type=\"widget\" data-e-type=\"widget\" data-widget_type=\"text-editor.default\">\n\t\t\t\t<div class=\"elementor-widget-container\">\n\t\t\t\t\t\t\t\t\t<h3>Principaux aspects \u00e0 prendre en compte<\/h3><p style=\"color: #212121; font-family: Roboto, sans-serif; font-size: 16px;\">Le <strong>taux d\u2019int\u00e9r\u00eat<\/strong> compos\u00e9 est un outil tr\u00e8s puissant pour augmenter les rendements d\u2019un investissement, surtout lorsque les int\u00e9r\u00eats peuvent \u00eatre r\u00e9investis sur une longue p\u00e9riode. Plus la capitalisation des int\u00e9r\u00eats (quotidienne, mensuelle, annuelle) est fr\u00e9quente, plus l\u2019impact de la croissance compos\u00e9e est important. <\/p><p style=\"color: #212121; font-family: Roboto, sans-serif; font-size: 16px;\">Cependant, si le taux d\u2019int\u00e9r\u00eat compos\u00e9 peut \u00eatre avantageux pour les investisseurs, il peut \u00e9galement entra\u00eener un co\u00fbt d\u2019emprunt important, car les int\u00e9r\u00eats s\u2019accumulent en plus des int\u00e9r\u00eats, ce qui augmente la dette totale de mani\u00e8re exponentielle. Par cons\u00e9quent, il est essentiel que les emprunteurs soient conscients du moment et de la fr\u00e9quence de la capitalisation afin d\u2019\u00e9valuer le co\u00fbt r\u00e9el d\u2019un pr\u00eat. <\/p><p style=\"color: #212121; font-family: Roboto, sans-serif; font-size: 16px;\">Lorsqu\u2019il s\u2019agit du <strong>taux d\u2019int\u00e9r\u00eat compos\u00e9<\/strong>, les investisseurs doivent calculer soigneusement les rendements accumul\u00e9s au fil du temps et s\u2019assurer que le rendement obtenu justifie le montant du capital investi et les risques associ\u00e9s.<\/p>\t\t\t\t\t\t\t\t<\/div>\n\t\t\t\t<\/div>\n\t\t\t\t\t<\/div>\n\t\t<\/div>\n\t\t\t\t\t<\/div>\n\t\t<\/section>\n\t\t\t\t<section class=\"elementor-section elementor-top-section elementor-element elementor-element-aa563c5 elementor-section-full_width elementor-section-height-default elementor-section-height-default\" data-id=\"aa563c5\" data-element_type=\"section\" data-e-type=\"section\">\n\t\t\t\t\t\t<div class=\"elementor-container elementor-column-gap-default\">\n\t\t\t\t\t<div class=\"elementor-column elementor-col-100 elementor-top-column elementor-element elementor-element-41114ac\" data-id=\"41114ac\" data-element_type=\"column\" data-e-type=\"column\">\n\t\t\t<div class=\"elementor-widget-wrap elementor-element-populated\">\n\t\t\t\t\t\t<div class=\"elementor-element elementor-element-43f7095 elementor-widget elementor-widget-html\" data-id=\"43f7095\" data-element_type=\"widget\" data-e-type=\"widget\" data-widget_type=\"html.default\">\n\t\t\t\t<div class=\"elementor-widget-container\">\n\t\t\t\t\t\r\n        <div class=\"qode-advanced-call-to-action qode-advanced-cta-gradient qode-advanced-cta-gradient-animation\" style=\"height:80px\">\r\n            <a class=\"advanced-cta-link\" href=\"https:\/\/mkt.urbanitae.com\/Urbanitae_suscripcion_newsletter.html?utm_source=blog&amp;utm_medium=link_blog&amp;utm_campaign=suscripcion_blog&amp;utm_content=boton\" target=\"_blank\" onclick=\"dataLayer.push({'event': 'ub_ga4_event', 'ub_ga4_event_name': 'newsletter', 'ub_ga4_event_element': 'aprende'})\"><\/a>\r\n            <div class=\"qode-advanced-cta-content\">\r\n                <span class=\"qode-advanced-cta-text-holder\" style=\"color:#FFFFFF;font-size:25px\">\r\n Abonnez-vous \u00e0 notre Newsletter <\/span>\r\n                <span class=\"qode-advanced-cta-icon-holder\" style=\"color:#FFFFFF;font-size:25px\">\r\n                    <span class=\"qode-advanced-cta-icon-holder-table\">\r\n                        <span class=\"qode-advanced-cta-icon-holder-cell\">\r\n                            <i class=\"qode_icon_font_awesome_5 fa5 fa fa-envelope-open-text qode-advanced-cta-icon\"><\/i> <\/span>\r\n                    <\/span>\r\n                <\/span>\r\n            <\/div>\r\n            <div class=\"qode-advanced-cta-background-holder\">\r\n                <span class=\"qode-advanced-cta-background-1 qode-type1-gradient-left-to-right\"><\/span>\r\n                <span class=\"qode-advanced-cta-background-2 qode-type1-gradient-left-to-right\"><\/span>\r\n                <span class=\"qode-advanced-cta-background-3\"><\/span>\r\n            <\/div>\r\n        <\/div>\r\n\t\t\t\t<\/div>\n\t\t\t\t<\/div>\n\t\t\t\t\t<\/div>\n\t\t<\/div>\n\t\t\t\t\t<\/div>\n\t\t<\/section>\n\t\t\t\t<\/div>\n\t\t","protected":false},"excerpt":{"rendered":"<p>Qu\u2019est-ce que c\u2019est? Le taux d\u2019int\u00e9r\u00eat compos\u00e9 est le taux appliqu\u00e9 \u00e0 un placement ou \u00e0 un pr\u00eat qui est calcul\u00e9 non seulement sur le capital initial, mais aussi sur les int\u00e9r\u00eats pr\u00e9c\u00e9demment courus. Comme les int\u00e9r\u00eats g\u00e9n\u00e9r\u00e9s sont r\u00e9investis, le taux d\u2019int\u00e9r\u00eat compos\u00e9 permet de les ajouter au capital initial, ce qui entra\u00eene une [&hellip;]<\/p>\n","protected":false},"author":20,"featured_media":0,"parent":62174,"menu_order":0,"comment_status":"closed","ping_status":"closed","template":"","meta":{"inline_featured_image":false,"footnotes":""},"class_list":["post-62105","page","type-page","status-publish","hentry"],"blocksy_meta":[],"yoast_head":"<!-- This site is optimized with the Yoast SEO plugin v27.4 - https:\/\/yoast.com\/product\/yoast-seo-wordpress\/ -->\n<title>Taux d\u2019int\u00e9r\u00eat compos\u00e9 - Urbanitae Blog<\/title>\n<meta name=\"description\" content=\"Il s\u2019agit d\u2019un taux d\u2019int\u00e9r\u00eat appliqu\u00e9 \u00e0 un investissement ou \u00e0 un pr\u00eat qui est calcul\u00e9 sur le capital initial et les int\u00e9r\u00eats pr\u00e9c\u00e9demment accumul\u00e9s. Au fur et \u00e0 mesure que les int\u00e9r\u00eats sont r\u00e9investis, le taux d\u2019int\u00e9r\u00eat compos\u00e9 permet d\u2019ajouter les int\u00e9r\u00eats g\u00e9n\u00e9r\u00e9s au capital initial, ce qui entra\u00eene une croissance exponentielle.\" \/>\n<meta name=\"robots\" content=\"index, follow, max-snippet:-1, max-image-preview:large, max-video-preview:-1\" \/>\n<link rel=\"canonical\" href=\"https:\/\/blog.urbanitae.com\/fr\/glossaire\/taux-dinteret-compose\/\" \/>\n<meta property=\"og:locale\" content=\"fr_FR\" \/>\n<meta property=\"og:type\" content=\"article\" \/>\n<meta property=\"og:title\" content=\"Taux d\u2019int\u00e9r\u00eat compos\u00e9 - Urbanitae Blog\" \/>\n<meta property=\"og:description\" content=\"Il s\u2019agit d\u2019un taux d\u2019int\u00e9r\u00eat appliqu\u00e9 \u00e0 un investissement ou \u00e0 un pr\u00eat qui est calcul\u00e9 sur le capital initial et les int\u00e9r\u00eats pr\u00e9c\u00e9demment accumul\u00e9s. Au fur et \u00e0 mesure que les int\u00e9r\u00eats sont r\u00e9investis, le taux d\u2019int\u00e9r\u00eat compos\u00e9 permet d\u2019ajouter les int\u00e9r\u00eats g\u00e9n\u00e9r\u00e9s au capital initial, ce qui entra\u00eene une croissance exponentielle.\" \/>\n<meta property=\"og:url\" content=\"https:\/\/blog.urbanitae.com\/fr\/glossaire\/taux-dinteret-compose\/\" \/>\n<meta property=\"og:site_name\" content=\"Urbanitae Blog | Les meilleures nouvelles sur l&#039;investissement immobilier\" \/>\n<meta property=\"article:publisher\" content=\"https:\/\/www.facebook.com\/urbanitae\" \/>\n<meta property=\"article:modified_time\" content=\"2025-04-25T09:35:04+00:00\" \/>\n<meta name=\"twitter:card\" content=\"summary_large_image\" \/>\n<meta name=\"twitter:site\" content=\"@urbanitae\" \/>\n<meta name=\"twitter:label1\" content=\"Dur\u00e9e de lecture estim\u00e9e\" \/>\n\t<meta name=\"twitter:data1\" content=\"2 minutes\" \/>\n<script type=\"application\/ld+json\" class=\"yoast-schema-graph\">{\"@context\":\"https:\\\/\\\/schema.org\",\"@graph\":[{\"@type\":\"WebPage\",\"@id\":\"https:\\\/\\\/blog.urbanitae.com\\\/fr\\\/glossaire\\\/taux-dinteret-compose\\\/\",\"url\":\"https:\\\/\\\/blog.urbanitae.com\\\/fr\\\/glossaire\\\/taux-dinteret-compose\\\/\",\"name\":\"Taux d\u2019int\u00e9r\u00eat compos\u00e9 - Urbanitae Blog\",\"isPartOf\":{\"@id\":\"https:\\\/\\\/blog.urbanitae.com\\\/fr\\\/#website\"},\"datePublished\":\"2025-04-15T20:03:36+00:00\",\"dateModified\":\"2025-04-25T09:35:04+00:00\",\"description\":\"Il s\u2019agit d\u2019un taux d\u2019int\u00e9r\u00eat appliqu\u00e9 \u00e0 un investissement ou \u00e0 un pr\u00eat qui est calcul\u00e9 sur le capital initial et les int\u00e9r\u00eats pr\u00e9c\u00e9demment accumul\u00e9s. Au fur et \u00e0 mesure que les int\u00e9r\u00eats sont r\u00e9investis, le taux d\u2019int\u00e9r\u00eat compos\u00e9 permet d\u2019ajouter les int\u00e9r\u00eats g\u00e9n\u00e9r\u00e9s au capital initial, ce qui entra\u00eene une croissance exponentielle.\",\"breadcrumb\":{\"@id\":\"https:\\\/\\\/blog.urbanitae.com\\\/fr\\\/glossaire\\\/taux-dinteret-compose\\\/#breadcrumb\"},\"inLanguage\":\"fr-FR\",\"potentialAction\":[{\"@type\":\"ReadAction\",\"target\":[\"https:\\\/\\\/blog.urbanitae.com\\\/fr\\\/glossaire\\\/taux-dinteret-compose\\\/\"]}]},{\"@type\":\"BreadcrumbList\",\"@id\":\"https:\\\/\\\/blog.urbanitae.com\\\/fr\\\/glossaire\\\/taux-dinteret-compose\\\/#breadcrumb\",\"itemListElement\":[{\"@type\":\"ListItem\",\"position\":1,\"name\":\"Portada\",\"item\":\"https:\\\/\\\/blog.urbanitae.com\\\/fr\\\/\"},{\"@type\":\"ListItem\",\"position\":2,\"name\":\"Glossaire\",\"item\":\"https:\\\/\\\/blog.urbanitae.com\\\/fr\\\/glosario\\\/\"},{\"@type\":\"ListItem\",\"position\":3,\"name\":\"Taux d\u2019int\u00e9r\u00eat compos\u00e9\"}]},{\"@type\":\"WebSite\",\"@id\":\"https:\\\/\\\/blog.urbanitae.com\\\/fr\\\/#website\",\"url\":\"https:\\\/\\\/blog.urbanitae.com\\\/fr\\\/\",\"name\":\"Urbanitae Blog | Las mejores noticias sobre inversi\u00f3n inmobiliaria\",\"description\":\"L'investissement immobilier \u00e0 la port\u00e9e de tous\",\"publisher\":{\"@id\":\"https:\\\/\\\/blog.urbanitae.com\\\/fr\\\/#organization\"},\"potentialAction\":[{\"@type\":\"SearchAction\",\"target\":{\"@type\":\"EntryPoint\",\"urlTemplate\":\"https:\\\/\\\/blog.urbanitae.com\\\/fr\\\/?s={search_term_string}\"},\"query-input\":{\"@type\":\"PropertyValueSpecification\",\"valueRequired\":true,\"valueName\":\"search_term_string\"}}],\"inLanguage\":\"fr-FR\"},{\"@type\":\"Organization\",\"@id\":\"https:\\\/\\\/blog.urbanitae.com\\\/fr\\\/#organization\",\"name\":\"Urbanitae\",\"url\":\"https:\\\/\\\/blog.urbanitae.com\\\/fr\\\/\",\"logo\":{\"@type\":\"ImageObject\",\"inLanguage\":\"fr-FR\",\"@id\":\"https:\\\/\\\/blog.urbanitae.com\\\/fr\\\/#\\\/schema\\\/logo\\\/image\\\/\",\"url\":\"https:\\\/\\\/blog.urbanitae.com\\\/wp-content\\\/uploads\\\/2020\\\/04\\\/logo-verde_350x100.svg\",\"contentUrl\":\"https:\\\/\\\/blog.urbanitae.com\\\/wp-content\\\/uploads\\\/2020\\\/04\\\/logo-verde_350x100.svg\",\"width\":350,\"height\":100,\"caption\":\"Urbanitae\"},\"image\":{\"@id\":\"https:\\\/\\\/blog.urbanitae.com\\\/fr\\\/#\\\/schema\\\/logo\\\/image\\\/\"},\"sameAs\":[\"https:\\\/\\\/www.facebook.com\\\/urbanitae\",\"https:\\\/\\\/x.com\\\/urbanitae\",\"https:\\\/\\\/www.instagram.com\\\/urbanitae\",\"https:\\\/\\\/www.linkedin.com\\\/company\\\/urbanitae\",\"https:\\\/\\\/www.pinterest.es\\\/UrbanitaeSL\\\/_created\\\/\",\"https:\\\/\\\/www.youtube.com\\\/c\\\/Urbanitae_RE\"]}]}<\/script>\n<!-- \/ Yoast SEO plugin. -->","yoast_head_json":{"title":"Taux d\u2019int\u00e9r\u00eat compos\u00e9 - Urbanitae Blog","description":"Il s\u2019agit d\u2019un taux d\u2019int\u00e9r\u00eat appliqu\u00e9 \u00e0 un investissement ou \u00e0 un pr\u00eat qui est calcul\u00e9 sur le capital initial et les int\u00e9r\u00eats pr\u00e9c\u00e9demment accumul\u00e9s. Au fur et \u00e0 mesure que les int\u00e9r\u00eats sont r\u00e9investis, le taux d\u2019int\u00e9r\u00eat compos\u00e9 permet d\u2019ajouter les int\u00e9r\u00eats g\u00e9n\u00e9r\u00e9s au capital initial, ce qui entra\u00eene une croissance exponentielle.","robots":{"index":"index","follow":"follow","max-snippet":"max-snippet:-1","max-image-preview":"max-image-preview:large","max-video-preview":"max-video-preview:-1"},"canonical":"https:\/\/blog.urbanitae.com\/fr\/glossaire\/taux-dinteret-compose\/","og_locale":"fr_FR","og_type":"article","og_title":"Taux d\u2019int\u00e9r\u00eat compos\u00e9 - Urbanitae Blog","og_description":"Il s\u2019agit d\u2019un taux d\u2019int\u00e9r\u00eat appliqu\u00e9 \u00e0 un investissement ou \u00e0 un pr\u00eat qui est calcul\u00e9 sur le capital initial et les int\u00e9r\u00eats pr\u00e9c\u00e9demment accumul\u00e9s. Au fur et \u00e0 mesure que les int\u00e9r\u00eats sont r\u00e9investis, le taux d\u2019int\u00e9r\u00eat compos\u00e9 permet d\u2019ajouter les int\u00e9r\u00eats g\u00e9n\u00e9r\u00e9s au capital initial, ce qui entra\u00eene une croissance exponentielle.","og_url":"https:\/\/blog.urbanitae.com\/fr\/glossaire\/taux-dinteret-compose\/","og_site_name":"Urbanitae Blog | Les meilleures nouvelles sur l'investissement immobilier","article_publisher":"https:\/\/www.facebook.com\/urbanitae","article_modified_time":"2025-04-25T09:35:04+00:00","twitter_card":"summary_large_image","twitter_site":"@urbanitae","twitter_misc":{"Dur\u00e9e de lecture estim\u00e9e":"2 minutes"},"schema":{"@context":"https:\/\/schema.org","@graph":[{"@type":"WebPage","@id":"https:\/\/blog.urbanitae.com\/fr\/glossaire\/taux-dinteret-compose\/","url":"https:\/\/blog.urbanitae.com\/fr\/glossaire\/taux-dinteret-compose\/","name":"Taux d\u2019int\u00e9r\u00eat compos\u00e9 - Urbanitae Blog","isPartOf":{"@id":"https:\/\/blog.urbanitae.com\/fr\/#website"},"datePublished":"2025-04-15T20:03:36+00:00","dateModified":"2025-04-25T09:35:04+00:00","description":"Il s\u2019agit d\u2019un taux d\u2019int\u00e9r\u00eat appliqu\u00e9 \u00e0 un investissement ou \u00e0 un pr\u00eat qui est calcul\u00e9 sur le capital initial et les int\u00e9r\u00eats pr\u00e9c\u00e9demment accumul\u00e9s. Au fur et \u00e0 mesure que les int\u00e9r\u00eats sont r\u00e9investis, le taux d\u2019int\u00e9r\u00eat compos\u00e9 permet d\u2019ajouter les int\u00e9r\u00eats g\u00e9n\u00e9r\u00e9s au capital initial, ce qui entra\u00eene une croissance exponentielle.","breadcrumb":{"@id":"https:\/\/blog.urbanitae.com\/fr\/glossaire\/taux-dinteret-compose\/#breadcrumb"},"inLanguage":"fr-FR","potentialAction":[{"@type":"ReadAction","target":["https:\/\/blog.urbanitae.com\/fr\/glossaire\/taux-dinteret-compose\/"]}]},{"@type":"BreadcrumbList","@id":"https:\/\/blog.urbanitae.com\/fr\/glossaire\/taux-dinteret-compose\/#breadcrumb","itemListElement":[{"@type":"ListItem","position":1,"name":"Portada","item":"https:\/\/blog.urbanitae.com\/fr\/"},{"@type":"ListItem","position":2,"name":"Glossaire","item":"https:\/\/blog.urbanitae.com\/fr\/glosario\/"},{"@type":"ListItem","position":3,"name":"Taux d\u2019int\u00e9r\u00eat compos\u00e9"}]},{"@type":"WebSite","@id":"https:\/\/blog.urbanitae.com\/fr\/#website","url":"https:\/\/blog.urbanitae.com\/fr\/","name":"Urbanitae Blog | Las mejores noticias sobre inversi\u00f3n inmobiliaria","description":"L'investissement immobilier \u00e0 la port\u00e9e de tous","publisher":{"@id":"https:\/\/blog.urbanitae.com\/fr\/#organization"},"potentialAction":[{"@type":"SearchAction","target":{"@type":"EntryPoint","urlTemplate":"https:\/\/blog.urbanitae.com\/fr\/?s={search_term_string}"},"query-input":{"@type":"PropertyValueSpecification","valueRequired":true,"valueName":"search_term_string"}}],"inLanguage":"fr-FR"},{"@type":"Organization","@id":"https:\/\/blog.urbanitae.com\/fr\/#organization","name":"Urbanitae","url":"https:\/\/blog.urbanitae.com\/fr\/","logo":{"@type":"ImageObject","inLanguage":"fr-FR","@id":"https:\/\/blog.urbanitae.com\/fr\/#\/schema\/logo\/image\/","url":"https:\/\/blog.urbanitae.com\/wp-content\/uploads\/2020\/04\/logo-verde_350x100.svg","contentUrl":"https:\/\/blog.urbanitae.com\/wp-content\/uploads\/2020\/04\/logo-verde_350x100.svg","width":350,"height":100,"caption":"Urbanitae"},"image":{"@id":"https:\/\/blog.urbanitae.com\/fr\/#\/schema\/logo\/image\/"},"sameAs":["https:\/\/www.facebook.com\/urbanitae","https:\/\/x.com\/urbanitae","https:\/\/www.instagram.com\/urbanitae","https:\/\/www.linkedin.com\/company\/urbanitae","https:\/\/www.pinterest.es\/UrbanitaeSL\/_created\/","https:\/\/www.youtube.com\/c\/Urbanitae_RE"]}]}},"_links":{"self":[{"href":"https:\/\/blog.urbanitae.com\/fr\/wp-json\/wp\/v2\/pages\/62105","targetHints":{"allow":["GET"]}}],"collection":[{"href":"https:\/\/blog.urbanitae.com\/fr\/wp-json\/wp\/v2\/pages"}],"about":[{"href":"https:\/\/blog.urbanitae.com\/fr\/wp-json\/wp\/v2\/types\/page"}],"author":[{"embeddable":true,"href":"https:\/\/blog.urbanitae.com\/fr\/wp-json\/wp\/v2\/users\/20"}],"replies":[{"embeddable":true,"href":"https:\/\/blog.urbanitae.com\/fr\/wp-json\/wp\/v2\/comments?post=62105"}],"version-history":[{"count":0,"href":"https:\/\/blog.urbanitae.com\/fr\/wp-json\/wp\/v2\/pages\/62105\/revisions"}],"up":[{"embeddable":true,"href":"https:\/\/blog.urbanitae.com\/fr\/wp-json\/wp\/v2\/pages\/62174"}],"wp:attachment":[{"href":"https:\/\/blog.urbanitae.com\/fr\/wp-json\/wp\/v2\/media?parent=62105"}],"curies":[{"name":"wp","href":"https:\/\/api.w.org\/{rel}","templated":true}]}}