{"id":62103,"date":"2025-02-27T12:01:47","date_gmt":"2025-02-27T11:01:47","guid":{"rendered":"https:\/\/blog.urbanitae.com\/taux-de-rendement-interne-tri\/"},"modified":"2025-04-25T11:35:05","modified_gmt":"2025-04-25T09:35:05","slug":"taux-de-rendement-interne-tri","status":"publish","type":"page","link":"https:\/\/blog.urbanitae.com\/fr\/glossaire\/taux-de-rendement-interne-tri\/","title":{"rendered":"Taux de rendement interne (TRI)"},"content":{"rendered":"\t\t<div data-elementor-type=\"wp-page\" data-elementor-id=\"62103\" class=\"elementor elementor-62103 elementor-57302\">\n\t\t\t\t\t\t<section class=\"elementor-section elementor-top-section elementor-element elementor-element-d86d887 elementor-section-boxed elementor-section-height-default elementor-section-height-default\" data-id=\"d86d887\" data-element_type=\"section\" data-e-type=\"section\">\n\t\t\t\t\t\t<div class=\"elementor-container elementor-column-gap-default\">\n\t\t\t\t\t<div class=\"elementor-column elementor-col-100 elementor-top-column elementor-element elementor-element-8b49ddd\" data-id=\"8b49ddd\" data-element_type=\"column\" data-e-type=\"column\">\n\t\t\t<div class=\"elementor-widget-wrap elementor-element-populated\">\n\t\t\t\t\t\t<div class=\"elementor-element elementor-element-083b30b elementor-widget__width-initial elementor-widget elementor-widget-text-editor\" data-id=\"083b30b\" data-element_type=\"widget\" data-e-type=\"widget\" data-widget_type=\"text-editor.default\">\n\t\t\t\t<div class=\"elementor-widget-container\">\n\t\t\t\t\t\t\t\t\t<h3>Qu\u2019est-ce que c\u2019est?<\/h3><p style=\"color: #212121; font-family: Roboto, sans-serif; font-size: 16px;\"><strong>Le TRI<\/strong> est une mesure cl\u00e9 pour \u00e9valuer la <strong>rentabilit\u00e9<\/strong> d\u2019un investissement. Il repr\u00e9sente le taux d\u2019actualisation qui est \u00e9gal \u00e0 la valeur actuelle<strong>des flux de tr\u00e9sorerie futurs<\/strong> avec le capital initialement investi. C\u2019est-\u00e0-dire qu\u2019il d\u00e9termine le taux auquel les revenus futurs actualis\u00e9s sont \u00e9gaux au montant investi au d\u00e9but du projet.  <\/p><p style=\"color: #212121; font-family: Roboto, sans-serif; font-size: 16px;\">Un TRI plus \u00e9lev\u00e9 indique un retour sur investissement plus \u00e9lev\u00e9, ce qui en fait un outil utile pour comparer diff\u00e9rents projets ou actifs. Il s\u2019applique \u00e0 divers domaines, tels que les projets immobiliers, le capital-risque, les actions et autres, o\u00f9 les flux de tr\u00e9sorerie futurs ne sont pas imm\u00e9diats et doivent \u00eatre ajust\u00e9s \u00e0 la valeur actuelle. <\/p>\t\t\t\t\t\t\t\t<\/div>\n\t\t\t\t<\/div>\n\t\t\t\t<div class=\"elementor-element elementor-element-11c28c4 elementor-widget__width-initial elementor-widget elementor-widget-text-editor\" data-id=\"11c28c4\" data-element_type=\"widget\" data-e-type=\"widget\" data-widget_type=\"text-editor.default\">\n\t\t\t\t<div class=\"elementor-widget-container\">\n\t\t\t\t\t\t\t\t\t<h3>Principaux aspects \u00e0 prendre en compte<\/h3><p style=\"color: #212121; font-family: Roboto, sans-serif; font-size: 16px;\">Cet indicateur est essentiel pour mesurer la <strong>viabilit\u00e9<\/strong> \u00e9conomique d\u2019un projet. Si le taux calcul\u00e9 est sup\u00e9rieur au co\u00fbt du capital ou au taux d\u2019actualisation utilis\u00e9, le projet est potentiellement rentable. De plus, le TRI permet <strong>de comparer de mani\u00e8re standardis\u00e9e les performances attendues ou r\u00e9elles de diff\u00e9rents produits d\u2019investissement, quel que soit<\/strong> le montant investi ou la dur\u00e9e, ce qui en fait un outil utile pour prendre des d\u00e9cisions d\u2019investissement.  <\/p><p style=\"color: #212121; font-family: Roboto, sans-serif; font-size: 16px;\">Cependant, il pr\u00e9sente certaines limites, comme la possibilit\u00e9 d\u2019obtenir <strong>plusieurs r\u00e9sultats<\/strong> dans les cas o\u00f9 les flux de tr\u00e9sorerie changent plusieurs fois de signes, ce qui peut compliquer son interpr\u00e9tation. Il est \u00e9galement important de se rappeler qu\u2019il ne refl\u00e8te pas la <strong>taille absolue<\/strong> de l\u2019investissement. Un projet avec un taux \u00e9lev\u00e9 peut ne pas \u00eatre aussi attrayant s\u2019il n\u00e9cessite beaucoup plus de capital par rapport \u00e0 d\u2019autres projets avec des taux plus bas mais des besoins d\u2019investissement initial plus faibles.  <\/p><p style=\"color: #212121; font-family: Roboto, sans-serif; font-size: 16px;\">Par cons\u00e9quent, il est conseill\u00e9 d\u2019utiliser le <strong>TRI<\/strong> en conjonction avec d\u2019autres mesures, telles que la valeur actuelle nette (VAN), afin d\u2019obtenir une vue plus compl\u00e8te du retour sur investissement et de sa capacit\u00e9 \u00e0 g\u00e9n\u00e9rer de la valeur.<\/p>\t\t\t\t\t\t\t\t<\/div>\n\t\t\t\t<\/div>\n\t\t\t\t\t<\/div>\n\t\t<\/div>\n\t\t\t\t\t<\/div>\n\t\t<\/section>\n\t\t\t\t<section class=\"elementor-section elementor-top-section elementor-element elementor-element-aa563c5 elementor-section-full_width elementor-section-stretched elementor-section-height-default elementor-section-height-default\" data-id=\"aa563c5\" data-element_type=\"section\" data-e-type=\"section\" data-settings=\"{&quot;stretch_section&quot;:&quot;section-stretched&quot;}\">\n\t\t\t\t\t\t<div class=\"elementor-container elementor-column-gap-default\">\n\t\t\t\t\t<div class=\"elementor-column elementor-col-100 elementor-top-column elementor-element elementor-element-41114ac\" data-id=\"41114ac\" data-element_type=\"column\" data-e-type=\"column\">\n\t\t\t<div class=\"elementor-widget-wrap elementor-element-populated\">\n\t\t\t\t\t\t<div class=\"elementor-element elementor-element-43f7095 elementor-widget elementor-widget-html\" data-id=\"43f7095\" data-element_type=\"widget\" data-e-type=\"widget\" data-widget_type=\"html.default\">\n\t\t\t\t<div class=\"elementor-widget-container\">\n\t\t\t\t\t\r\n        <div class=\"qode-advanced-call-to-action qode-advanced-cta-gradient qode-advanced-cta-gradient-animation\" style=\"height:80px\">\r\n            <a class=\"advanced-cta-link\" href=\"https:\/\/mkt.urbanitae.com\/Urbanitae_suscripcion_newsletter.html?utm_source=blog&amp;utm_medium=link_blog&amp;utm_campaign=suscripcion_blog&amp;utm_content=boton\" target=\"_blank\" onclick=\"dataLayer.push({'event': 'ub_ga4_event', 'ub_ga4_event_name': 'newsletter', 'ub_ga4_event_element': 'aprende'})\"><\/a>\r\n            <div class=\"qode-advanced-cta-content\">\r\n                <span class=\"qode-advanced-cta-text-holder\" style=\"color:#FFFFFF;font-size:25px\">\r\n Abonnez-vous \u00e0 notre Newsletter <\/span>\r\n                <span class=\"qode-advanced-cta-icon-holder\" style=\"color:#FFFFFF;font-size:25px\">\r\n                    <span class=\"qode-advanced-cta-icon-holder-table\">\r\n                        <span class=\"qode-advanced-cta-icon-holder-cell\">\r\n                            <i class=\"qode_icon_font_awesome_5 fa5 fa fa-envelope-open-text qode-advanced-cta-icon\"><\/i> <\/span>\r\n                    <\/span>\r\n                <\/span>\r\n            <\/div>\r\n            <div class=\"qode-advanced-cta-background-holder\">\r\n                <span class=\"qode-advanced-cta-background-1 qode-type1-gradient-left-to-right\"><\/span>\r\n                <span class=\"qode-advanced-cta-background-2 qode-type1-gradient-left-to-right\"><\/span>\r\n                <span class=\"qode-advanced-cta-background-3\"><\/span>\r\n            <\/div>\r\n        <\/div>\r\n\t\t\t\t<\/div>\n\t\t\t\t<\/div>\n\t\t\t\t\t<\/div>\n\t\t<\/div>\n\t\t\t\t\t<\/div>\n\t\t<\/section>\n\t\t\t\t<\/div>\n\t\t","protected":false},"excerpt":{"rendered":"<p>Qu\u2019est-ce que c\u2019est? Le TRI est une mesure cl\u00e9 pour \u00e9valuer la rentabilit\u00e9 d\u2019un investissement. Il repr\u00e9sente le taux d\u2019actualisation qui est \u00e9gal \u00e0 la valeur actuelledes flux de tr\u00e9sorerie futurs avec le capital initialement investi. C\u2019est-\u00e0-dire qu\u2019il d\u00e9termine le taux auquel les revenus futurs actualis\u00e9s sont \u00e9gaux au montant investi au d\u00e9but du projet. [&hellip;]<\/p>\n","protected":false},"author":20,"featured_media":0,"parent":62174,"menu_order":0,"comment_status":"closed","ping_status":"closed","template":"","meta":{"inline_featured_image":false,"footnotes":""},"class_list":["post-62103","page","type-page","status-publish","hentry"],"yoast_head":"<!-- This site is optimized with the Yoast SEO plugin v27.4 - https:\/\/yoast.com\/product\/yoast-seo-wordpress\/ -->\n<title>Taux de rendement interne (TRI) - Urbanitae Blog<\/title>\n<meta name=\"description\" content=\"Il s\u2019agit d\u2019une mesure utilis\u00e9e pour \u00e9valuer la rentabilit\u00e9 d\u2019un investissement. Le TRI est le taux d\u2019actualisation qui correspond \u00e0 la valeur actuelle des flux de tr\u00e9sorerie futurs d\u2019un placement par rapport au capital initialement investi. Un TRI plus \u00e9lev\u00e9 indique un retour sur investissement plus \u00e9lev\u00e9.\" \/>\n<meta name=\"robots\" content=\"index, follow, max-snippet:-1, max-image-preview:large, max-video-preview:-1\" \/>\n<link rel=\"canonical\" href=\"https:\/\/blog.urbanitae.com\/fr\/glossaire\/taux-de-rendement-interne-tri\/\" \/>\n<meta property=\"og:locale\" content=\"fr_FR\" \/>\n<meta property=\"og:type\" content=\"article\" \/>\n<meta property=\"og:title\" content=\"Taux de rendement interne (TRI) - Urbanitae Blog\" \/>\n<meta property=\"og:description\" content=\"Il s\u2019agit d\u2019une mesure utilis\u00e9e pour \u00e9valuer la rentabilit\u00e9 d\u2019un investissement. Le TRI est le taux d\u2019actualisation qui correspond \u00e0 la valeur actuelle des flux de tr\u00e9sorerie futurs d\u2019un placement par rapport au capital initialement investi. Un TRI plus \u00e9lev\u00e9 indique un retour sur investissement plus \u00e9lev\u00e9.\" \/>\n<meta property=\"og:url\" content=\"https:\/\/blog.urbanitae.com\/fr\/glossaire\/taux-de-rendement-interne-tri\/\" \/>\n<meta property=\"og:site_name\" content=\"Urbanitae Blog | Les meilleures nouvelles sur l&#039;investissement immobilier\" \/>\n<meta property=\"article:publisher\" content=\"https:\/\/www.facebook.com\/urbanitae\" \/>\n<meta property=\"article:modified_time\" content=\"2025-04-25T09:35:05+00:00\" \/>\n<meta name=\"twitter:card\" content=\"summary_large_image\" \/>\n<meta name=\"twitter:site\" content=\"@urbanitae\" \/>\n<meta name=\"twitter:label1\" content=\"Dur\u00e9e de lecture estim\u00e9e\" \/>\n\t<meta name=\"twitter:data1\" content=\"2 minutes\" \/>\n<script type=\"application\/ld+json\" class=\"yoast-schema-graph\">{\"@context\":\"https:\\\/\\\/schema.org\",\"@graph\":[{\"@type\":\"WebPage\",\"@id\":\"https:\\\/\\\/blog.urbanitae.com\\\/fr\\\/glossaire\\\/taux-de-rendement-interne-tri\\\/\",\"url\":\"https:\\\/\\\/blog.urbanitae.com\\\/fr\\\/glossaire\\\/taux-de-rendement-interne-tri\\\/\",\"name\":\"Taux de rendement interne (TRI) - Urbanitae Blog\",\"isPartOf\":{\"@id\":\"https:\\\/\\\/blog.urbanitae.com\\\/fr\\\/#website\"},\"datePublished\":\"2025-02-27T11:01:47+00:00\",\"dateModified\":\"2025-04-25T09:35:05+00:00\",\"description\":\"Il s\u2019agit d\u2019une mesure utilis\u00e9e pour \u00e9valuer la rentabilit\u00e9 d\u2019un investissement. Le TRI est le taux d\u2019actualisation qui correspond \u00e0 la valeur actuelle des flux de tr\u00e9sorerie futurs d\u2019un placement par rapport au capital initialement investi. Un TRI plus \u00e9lev\u00e9 indique un retour sur investissement plus \u00e9lev\u00e9.\",\"breadcrumb\":{\"@id\":\"https:\\\/\\\/blog.urbanitae.com\\\/fr\\\/glossaire\\\/taux-de-rendement-interne-tri\\\/#breadcrumb\"},\"inLanguage\":\"fr-FR\",\"potentialAction\":[{\"@type\":\"ReadAction\",\"target\":[\"https:\\\/\\\/blog.urbanitae.com\\\/fr\\\/glossaire\\\/taux-de-rendement-interne-tri\\\/\"]}]},{\"@type\":\"BreadcrumbList\",\"@id\":\"https:\\\/\\\/blog.urbanitae.com\\\/fr\\\/glossaire\\\/taux-de-rendement-interne-tri\\\/#breadcrumb\",\"itemListElement\":[{\"@type\":\"ListItem\",\"position\":1,\"name\":\"Portada\",\"item\":\"https:\\\/\\\/blog.urbanitae.com\\\/fr\\\/\"},{\"@type\":\"ListItem\",\"position\":2,\"name\":\"Glossaire\",\"item\":\"https:\\\/\\\/blog.urbanitae.com\\\/fr\\\/glosario\\\/\"},{\"@type\":\"ListItem\",\"position\":3,\"name\":\"Taux de rendement interne (TRI)\"}]},{\"@type\":\"WebSite\",\"@id\":\"https:\\\/\\\/blog.urbanitae.com\\\/fr\\\/#website\",\"url\":\"https:\\\/\\\/blog.urbanitae.com\\\/fr\\\/\",\"name\":\"Urbanitae Blog | Las mejores noticias sobre inversi\u00f3n inmobiliaria\",\"description\":\"L'investissement immobilier \u00e0 la port\u00e9e de tous\",\"publisher\":{\"@id\":\"https:\\\/\\\/blog.urbanitae.com\\\/fr\\\/#organization\"},\"potentialAction\":[{\"@type\":\"SearchAction\",\"target\":{\"@type\":\"EntryPoint\",\"urlTemplate\":\"https:\\\/\\\/blog.urbanitae.com\\\/fr\\\/?s={search_term_string}\"},\"query-input\":{\"@type\":\"PropertyValueSpecification\",\"valueRequired\":true,\"valueName\":\"search_term_string\"}}],\"inLanguage\":\"fr-FR\"},{\"@type\":\"Organization\",\"@id\":\"https:\\\/\\\/blog.urbanitae.com\\\/fr\\\/#organization\",\"name\":\"Urbanitae\",\"url\":\"https:\\\/\\\/blog.urbanitae.com\\\/fr\\\/\",\"logo\":{\"@type\":\"ImageObject\",\"inLanguage\":\"fr-FR\",\"@id\":\"https:\\\/\\\/blog.urbanitae.com\\\/fr\\\/#\\\/schema\\\/logo\\\/image\\\/\",\"url\":\"https:\\\/\\\/blog.urbanitae.com\\\/wp-content\\\/uploads\\\/2020\\\/04\\\/logo-verde_350x100.svg\",\"contentUrl\":\"https:\\\/\\\/blog.urbanitae.com\\\/wp-content\\\/uploads\\\/2020\\\/04\\\/logo-verde_350x100.svg\",\"width\":350,\"height\":100,\"caption\":\"Urbanitae\"},\"image\":{\"@id\":\"https:\\\/\\\/blog.urbanitae.com\\\/fr\\\/#\\\/schema\\\/logo\\\/image\\\/\"},\"sameAs\":[\"https:\\\/\\\/www.facebook.com\\\/urbanitae\",\"https:\\\/\\\/x.com\\\/urbanitae\",\"https:\\\/\\\/www.instagram.com\\\/urbanitae\",\"https:\\\/\\\/www.linkedin.com\\\/company\\\/urbanitae\",\"https:\\\/\\\/www.pinterest.es\\\/UrbanitaeSL\\\/_created\\\/\",\"https:\\\/\\\/www.youtube.com\\\/c\\\/Urbanitae_RE\"]}]}<\/script>\n<!-- \/ Yoast SEO plugin. -->","yoast_head_json":{"title":"Taux de rendement interne (TRI) - Urbanitae Blog","description":"Il s\u2019agit d\u2019une mesure utilis\u00e9e pour \u00e9valuer la rentabilit\u00e9 d\u2019un investissement. Le TRI est le taux d\u2019actualisation qui correspond \u00e0 la valeur actuelle des flux de tr\u00e9sorerie futurs d\u2019un placement par rapport au capital initialement investi. Un TRI plus \u00e9lev\u00e9 indique un retour sur investissement plus \u00e9lev\u00e9.","robots":{"index":"index","follow":"follow","max-snippet":"max-snippet:-1","max-image-preview":"max-image-preview:large","max-video-preview":"max-video-preview:-1"},"canonical":"https:\/\/blog.urbanitae.com\/fr\/glossaire\/taux-de-rendement-interne-tri\/","og_locale":"fr_FR","og_type":"article","og_title":"Taux de rendement interne (TRI) - Urbanitae Blog","og_description":"Il s\u2019agit d\u2019une mesure utilis\u00e9e pour \u00e9valuer la rentabilit\u00e9 d\u2019un investissement. Le TRI est le taux d\u2019actualisation qui correspond \u00e0 la valeur actuelle des flux de tr\u00e9sorerie futurs d\u2019un placement par rapport au capital initialement investi. Un TRI plus \u00e9lev\u00e9 indique un retour sur investissement plus \u00e9lev\u00e9.","og_url":"https:\/\/blog.urbanitae.com\/fr\/glossaire\/taux-de-rendement-interne-tri\/","og_site_name":"Urbanitae Blog | Les meilleures nouvelles sur l'investissement immobilier","article_publisher":"https:\/\/www.facebook.com\/urbanitae","article_modified_time":"2025-04-25T09:35:05+00:00","twitter_card":"summary_large_image","twitter_site":"@urbanitae","twitter_misc":{"Dur\u00e9e de lecture estim\u00e9e":"2 minutes"},"schema":{"@context":"https:\/\/schema.org","@graph":[{"@type":"WebPage","@id":"https:\/\/blog.urbanitae.com\/fr\/glossaire\/taux-de-rendement-interne-tri\/","url":"https:\/\/blog.urbanitae.com\/fr\/glossaire\/taux-de-rendement-interne-tri\/","name":"Taux de rendement interne (TRI) - Urbanitae Blog","isPartOf":{"@id":"https:\/\/blog.urbanitae.com\/fr\/#website"},"datePublished":"2025-02-27T11:01:47+00:00","dateModified":"2025-04-25T09:35:05+00:00","description":"Il s\u2019agit d\u2019une mesure utilis\u00e9e pour \u00e9valuer la rentabilit\u00e9 d\u2019un investissement. Le TRI est le taux d\u2019actualisation qui correspond \u00e0 la valeur actuelle des flux de tr\u00e9sorerie futurs d\u2019un placement par rapport au capital initialement investi. Un TRI plus \u00e9lev\u00e9 indique un retour sur investissement plus \u00e9lev\u00e9.","breadcrumb":{"@id":"https:\/\/blog.urbanitae.com\/fr\/glossaire\/taux-de-rendement-interne-tri\/#breadcrumb"},"inLanguage":"fr-FR","potentialAction":[{"@type":"ReadAction","target":["https:\/\/blog.urbanitae.com\/fr\/glossaire\/taux-de-rendement-interne-tri\/"]}]},{"@type":"BreadcrumbList","@id":"https:\/\/blog.urbanitae.com\/fr\/glossaire\/taux-de-rendement-interne-tri\/#breadcrumb","itemListElement":[{"@type":"ListItem","position":1,"name":"Portada","item":"https:\/\/blog.urbanitae.com\/fr\/"},{"@type":"ListItem","position":2,"name":"Glossaire","item":"https:\/\/blog.urbanitae.com\/fr\/glosario\/"},{"@type":"ListItem","position":3,"name":"Taux de rendement interne (TRI)"}]},{"@type":"WebSite","@id":"https:\/\/blog.urbanitae.com\/fr\/#website","url":"https:\/\/blog.urbanitae.com\/fr\/","name":"Urbanitae Blog | Las mejores noticias sobre inversi\u00f3n inmobiliaria","description":"L'investissement immobilier \u00e0 la port\u00e9e de tous","publisher":{"@id":"https:\/\/blog.urbanitae.com\/fr\/#organization"},"potentialAction":[{"@type":"SearchAction","target":{"@type":"EntryPoint","urlTemplate":"https:\/\/blog.urbanitae.com\/fr\/?s={search_term_string}"},"query-input":{"@type":"PropertyValueSpecification","valueRequired":true,"valueName":"search_term_string"}}],"inLanguage":"fr-FR"},{"@type":"Organization","@id":"https:\/\/blog.urbanitae.com\/fr\/#organization","name":"Urbanitae","url":"https:\/\/blog.urbanitae.com\/fr\/","logo":{"@type":"ImageObject","inLanguage":"fr-FR","@id":"https:\/\/blog.urbanitae.com\/fr\/#\/schema\/logo\/image\/","url":"https:\/\/blog.urbanitae.com\/wp-content\/uploads\/2020\/04\/logo-verde_350x100.svg","contentUrl":"https:\/\/blog.urbanitae.com\/wp-content\/uploads\/2020\/04\/logo-verde_350x100.svg","width":350,"height":100,"caption":"Urbanitae"},"image":{"@id":"https:\/\/blog.urbanitae.com\/fr\/#\/schema\/logo\/image\/"},"sameAs":["https:\/\/www.facebook.com\/urbanitae","https:\/\/x.com\/urbanitae","https:\/\/www.instagram.com\/urbanitae","https:\/\/www.linkedin.com\/company\/urbanitae","https:\/\/www.pinterest.es\/UrbanitaeSL\/_created\/","https:\/\/www.youtube.com\/c\/Urbanitae_RE"]}]}},"_links":{"self":[{"href":"https:\/\/blog.urbanitae.com\/fr\/wp-json\/wp\/v2\/pages\/62103","targetHints":{"allow":["GET"]}}],"collection":[{"href":"https:\/\/blog.urbanitae.com\/fr\/wp-json\/wp\/v2\/pages"}],"about":[{"href":"https:\/\/blog.urbanitae.com\/fr\/wp-json\/wp\/v2\/types\/page"}],"author":[{"embeddable":true,"href":"https:\/\/blog.urbanitae.com\/fr\/wp-json\/wp\/v2\/users\/20"}],"replies":[{"embeddable":true,"href":"https:\/\/blog.urbanitae.com\/fr\/wp-json\/wp\/v2\/comments?post=62103"}],"version-history":[{"count":1,"href":"https:\/\/blog.urbanitae.com\/fr\/wp-json\/wp\/v2\/pages\/62103\/revisions"}],"predecessor-version":[{"id":62104,"href":"https:\/\/blog.urbanitae.com\/fr\/wp-json\/wp\/v2\/pages\/62103\/revisions\/62104"}],"up":[{"embeddable":true,"href":"https:\/\/blog.urbanitae.com\/fr\/wp-json\/wp\/v2\/pages\/62174"}],"wp:attachment":[{"href":"https:\/\/blog.urbanitae.com\/fr\/wp-json\/wp\/v2\/media?parent=62103"}],"curies":[{"name":"wp","href":"https:\/\/api.w.org\/{rel}","templated":true}]}}