{"id":62101,"date":"2025-02-27T11:32:54","date_gmt":"2025-02-27T10:32:54","guid":{"rendered":"https:\/\/blog.urbanitae.com\/taeg-taux-annuel-effectif-global\/"},"modified":"2025-04-25T11:35:01","modified_gmt":"2025-04-25T09:35:01","slug":"taeg-taux-annuel-effectif-global","status":"publish","type":"page","link":"https:\/\/blog.urbanitae.com\/fr\/glossaire\/taeg-taux-annuel-effectif-global\/","title":{"rendered":"TAEG (Taux Annuel Effectif Global)"},"content":{"rendered":"\t\t<div data-elementor-type=\"wp-page\" data-elementor-id=\"62101\" class=\"elementor elementor-62101 elementor-57282\">\n\t\t\t\t\t\t<section class=\"elementor-section elementor-top-section elementor-element elementor-element-d86d887 elementor-section-boxed elementor-section-height-default elementor-section-height-default\" data-id=\"d86d887\" data-element_type=\"section\" data-e-type=\"section\">\n\t\t\t\t\t\t<div class=\"elementor-container elementor-column-gap-default\">\n\t\t\t\t\t<div class=\"elementor-column elementor-col-100 elementor-top-column elementor-element elementor-element-8b49ddd\" data-id=\"8b49ddd\" data-element_type=\"column\" data-e-type=\"column\">\n\t\t\t<div class=\"elementor-widget-wrap elementor-element-populated\">\n\t\t\t\t\t\t<div class=\"elementor-element elementor-element-083b30b elementor-widget__width-initial elementor-widget elementor-widget-text-editor\" data-id=\"083b30b\" data-element_type=\"widget\" data-e-type=\"widget\" data-widget_type=\"text-editor.default\">\n\t\t\t\t<div class=\"elementor-widget-container\">\n\t\t\t\t\t\t\t\t\t<h3>Qu\u2019est-ce que c\u2019est?<\/h3><p style=\"color: #212121; font-family: Roboto, sans-serif; font-size: 16px;\">Le <strong>TAEG (taux annuel en pourcentage)<\/strong> est une mesure standardis\u00e9e qui repr\u00e9sente le co\u00fbt ou le rendement annualis\u00e9 d\u2019un produit financier, en tenant compte \u00e0 la fois des int\u00e9r\u00eats et des autres co\u00fbts associ\u00e9s. Ce taux est utilis\u00e9 pour comparer des produits financiers de diff\u00e9rentes caract\u00e9ristiques, tels que des pr\u00eats, des hypoth\u00e8ques ou des d\u00e9p\u00f4ts, car il int\u00e8gre toutes les d\u00e9penses suppl\u00e9mentaires (commissions, assurances, etc.) qui peuvent \u00eatre associ\u00e9es \u00e0 l\u2019op\u00e9ration. Le TAEG offre une vision plus claire du co\u00fbt r\u00e9el ou de la rentabilit\u00e9 d\u2019un produit financier, car il prend en compte l\u2019effet compos\u00e9 des int\u00e9r\u00eats sur le capital investi ou emprunt\u00e9.  <\/p><p style=\"color: #212121; font-family: Roboto, sans-serif; font-size: 16px;\">Il est particuli\u00e8rement utile lorsque l\u2019on compare des pr\u00eats ou des produits d\u2019investissement ayant des conditions diff\u00e9rentes, car il fournit un taux unique qui refl\u00e8te l\u2019impact total des d\u00e9penses suppl\u00e9mentaires et du taux d\u2019int\u00e9r\u00eat sur le rendement ou le co\u00fbt au cours de l\u2019ann\u00e9e.<\/p>\t\t\t\t\t\t\t\t<\/div>\n\t\t\t\t<\/div>\n\t\t\t\t<div class=\"elementor-element elementor-element-11c28c4 elementor-widget__width-initial elementor-widget elementor-widget-text-editor\" data-id=\"11c28c4\" data-element_type=\"widget\" data-e-type=\"widget\" data-widget_type=\"text-editor.default\">\n\t\t\t\t<div class=\"elementor-widget-container\">\n\t\t\t\t\t\t\t\t\t<h3>Principaux aspects \u00e0 prendre en compte<\/h3>\n<p style=\"color: #212121; font-family: Roboto, sans-serif; font-size: 16px;\">Le TAEG comprend non seulement le taux d\u2019int\u00e9r\u00eat, mais aussi d\u2019autres d\u00e9penses suppl\u00e9mentaires qui peuvent affecter le produit financier, telles que les frais de dossier, les assurances obligatoires ou tout autre co\u00fbt connexe. C\u2019est pourquoi le TAEG est un outil essentiel pour \u00e9valuer la rentabilit\u00e9 ou le co\u00fbt r\u00e9el d\u2019un investissement ou d\u2019un pr\u00eat. <\/p>\n<p style=\"color: #212121; font-family: Roboto, sans-serif; font-size: 16px;\">Il est important de noter que le TAEG suppose que les int\u00e9r\u00eats sont compos\u00e9s annuellement, ce qui signifie que le taux refl\u00e8te l\u2019effet compos\u00e9 des int\u00e9r\u00eats, bien qu\u2019en pratique, les paiements puissent \u00eatre effectu\u00e9s sur une base mensuelle, trimestrielle ou annuelle, selon le produit.<\/p>\n<p style=\"color: #212121; font-family: Roboto, sans-serif; font-size: 16px;\">Lorsqu\u2019ils comparent des produits financiers, le TAEG permet aux investisseurs et aux emprunteurs de prendre des d\u00e9cisions plus \u00e9clair\u00e9es, car il fournit une mesure claire et comparable des co\u00fbts ou des rendements annuels. Cependant, les investisseurs doivent \u00eatre conscients que le TAEG ne refl\u00e8te pas toujours pleinement le risque d\u2019un produit, il doit donc \u00eatre consid\u00e9r\u00e9 en conjonction avec d\u2019autres facteurs, tels que la solvabilit\u00e9 de l\u2019\u00e9metteur ou la liquidit\u00e9 du produit. \t\t\t\t\t\t\t\t<\/div>\n\t\t\t\t<\/div>\n\t\t\t\t\t<\/div>\n\t\t<\/div>\n\t\t\t\t\t<\/div>\n\t\t<\/section>\n\t\t\t\t<section class=\"elementor-section elementor-top-section elementor-element elementor-element-aa563c5 elementor-section-full_width elementor-section-height-default elementor-section-height-default\" data-id=\"aa563c5\" data-element_type=\"section\" data-e-type=\"section\">\n\t\t\t\t\t\t<div class=\"elementor-container elementor-column-gap-default\">\n\t\t\t\t\t<div class=\"elementor-column elementor-col-100 elementor-top-column elementor-element elementor-element-41114ac\" data-id=\"41114ac\" data-element_type=\"column\" data-e-type=\"column\">\n\t\t\t<div class=\"elementor-widget-wrap elementor-element-populated\">\n\t\t\t\t\t\t<div class=\"elementor-element elementor-element-43f7095 elementor-widget elementor-widget-html\" data-id=\"43f7095\" data-element_type=\"widget\" data-e-type=\"widget\" data-widget_type=\"html.default\">\n\t\t\t\t<div class=\"elementor-widget-container\">\n\t\t\t\t\t\r\n        <div class=\"qode-advanced-call-to-action qode-advanced-cta-gradient qode-advanced-cta-gradient-animation\" style=\"height:80px\">\r\n            <a class=\"advanced-cta-link\" href=\"https:\/\/mkt.urbanitae.com\/Urbanitae_suscripcion_newsletter.html?utm_source=blog&amp;utm_medium=link_blog&amp;utm_campaign=suscripcion_blog&amp;utm_content=boton\" target=\"_blank\" onclick=\"dataLayer.push({'event': 'ub_ga4_event', 'ub_ga4_event_name': 'newsletter', 'ub_ga4_event_element': 'aprende'})\"><\/a>\r\n            <div class=\"qode-advanced-cta-content\">\r\n                <span class=\"qode-advanced-cta-text-holder\" style=\"color:#FFFFFF;font-size:25px\">\r\n Abonnez-vous \u00e0 notre Newsletter <\/span>\r\n                <span class=\"qode-advanced-cta-icon-holder\" style=\"color:#FFFFFF;font-size:25px\">\r\n                    <span class=\"qode-advanced-cta-icon-holder-table\">\r\n                        <span class=\"qode-advanced-cta-icon-holder-cell\">\r\n                            <i class=\"qode_icon_font_awesome_5 fa5 fa fa-envelope-open-text qode-advanced-cta-icon\"><\/i> <\/span>\r\n                    <\/span>\r\n                <\/span>\r\n            <\/div>\r\n            <div class=\"qode-advanced-cta-background-holder\">\r\n                <span class=\"qode-advanced-cta-background-1 qode-type1-gradient-left-to-right\"><\/span>\r\n                <span class=\"qode-advanced-cta-background-2 qode-type1-gradient-left-to-right\"><\/span>\r\n                <span class=\"qode-advanced-cta-background-3\"><\/span>\r\n            <\/div>\r\n        <\/div>\r\n\t\t\t\t<\/div>\n\t\t\t\t<\/div>\n\t\t\t\t\t<\/div>\n\t\t<\/div>\n\t\t\t\t\t<\/div>\n\t\t<\/section>\n\t\t\t\t<\/div>\n\t\t","protected":false},"excerpt":{"rendered":"<p>Qu\u2019est-ce que c\u2019est? Le TAEG (taux annuel en pourcentage) est une mesure standardis\u00e9e qui repr\u00e9sente le co\u00fbt ou le rendement annualis\u00e9 d\u2019un produit financier, en tenant compte \u00e0 la fois des int\u00e9r\u00eats et des autres co\u00fbts associ\u00e9s. Ce taux est utilis\u00e9 pour comparer des produits financiers de diff\u00e9rentes caract\u00e9ristiques, tels que des pr\u00eats, des hypoth\u00e8ques [&hellip;]<\/p>\n","protected":false},"author":20,"featured_media":0,"parent":62174,"menu_order":0,"comment_status":"closed","ping_status":"closed","template":"","meta":{"inline_featured_image":false,"footnotes":""},"class_list":["post-62101","page","type-page","status-publish","hentry"],"blocksy_meta":[],"yoast_head":"<!-- This site is optimized with the Yoast SEO plugin v27.4 - https:\/\/yoast.com\/product\/yoast-seo-wordpress\/ -->\n<title>TAEG (Taux Annuel Effectif Global) - Urbanitae Blog<\/title>\n<meta name=\"description\" content=\"Acronyme de \u00ab Annual Percentage Rate \u00bb. Il s\u2019agit d\u2019une mesure normalis\u00e9e qui repr\u00e9sente le co\u00fbt ou le rendement annualis\u00e9 d\u2019un produit financier, en tenant compte \u00e0 la fois des int\u00e9r\u00eats et des autres co\u00fbts associ\u00e9s.\" \/>\n<meta name=\"robots\" content=\"index, follow, max-snippet:-1, max-image-preview:large, max-video-preview:-1\" \/>\n<link rel=\"canonical\" href=\"https:\/\/blog.urbanitae.com\/fr\/glossaire\/taeg-taux-annuel-effectif-global\/\" \/>\n<meta property=\"og:locale\" content=\"fr_FR\" \/>\n<meta property=\"og:type\" content=\"article\" \/>\n<meta property=\"og:title\" content=\"TAEG (Taux Annuel Effectif Global) - Urbanitae Blog\" \/>\n<meta property=\"og:description\" content=\"Acronyme de \u00ab Annual Percentage Rate \u00bb. Il s\u2019agit d\u2019une mesure normalis\u00e9e qui repr\u00e9sente le co\u00fbt ou le rendement annualis\u00e9 d\u2019un produit financier, en tenant compte \u00e0 la fois des int\u00e9r\u00eats et des autres co\u00fbts associ\u00e9s.\" \/>\n<meta property=\"og:url\" content=\"https:\/\/blog.urbanitae.com\/fr\/glossaire\/taeg-taux-annuel-effectif-global\/\" \/>\n<meta property=\"og:site_name\" content=\"Urbanitae Blog | Les meilleures nouvelles sur l&#039;investissement immobilier\" \/>\n<meta property=\"article:publisher\" content=\"https:\/\/www.facebook.com\/urbanitae\" \/>\n<meta property=\"article:modified_time\" content=\"2025-04-25T09:35:01+00:00\" \/>\n<meta name=\"twitter:card\" content=\"summary_large_image\" \/>\n<meta name=\"twitter:site\" content=\"@urbanitae\" \/>\n<meta name=\"twitter:label1\" content=\"Dur\u00e9e de lecture estim\u00e9e\" \/>\n\t<meta name=\"twitter:data1\" content=\"2 minutes\" \/>\n<script type=\"application\/ld+json\" class=\"yoast-schema-graph\">{\"@context\":\"https:\\\/\\\/schema.org\",\"@graph\":[{\"@type\":\"WebPage\",\"@id\":\"https:\\\/\\\/blog.urbanitae.com\\\/fr\\\/glossaire\\\/taeg-taux-annuel-effectif-global\\\/\",\"url\":\"https:\\\/\\\/blog.urbanitae.com\\\/fr\\\/glossaire\\\/taeg-taux-annuel-effectif-global\\\/\",\"name\":\"TAEG (Taux Annuel Effectif Global) - Urbanitae Blog\",\"isPartOf\":{\"@id\":\"https:\\\/\\\/blog.urbanitae.com\\\/fr\\\/#website\"},\"datePublished\":\"2025-02-27T10:32:54+00:00\",\"dateModified\":\"2025-04-25T09:35:01+00:00\",\"description\":\"Acronyme de \u00ab Annual Percentage Rate \u00bb. Il s\u2019agit d\u2019une mesure normalis\u00e9e qui repr\u00e9sente le co\u00fbt ou le rendement annualis\u00e9 d\u2019un produit financier, en tenant compte \u00e0 la fois des int\u00e9r\u00eats et des autres co\u00fbts associ\u00e9s.\",\"breadcrumb\":{\"@id\":\"https:\\\/\\\/blog.urbanitae.com\\\/fr\\\/glossaire\\\/taeg-taux-annuel-effectif-global\\\/#breadcrumb\"},\"inLanguage\":\"fr-FR\",\"potentialAction\":[{\"@type\":\"ReadAction\",\"target\":[\"https:\\\/\\\/blog.urbanitae.com\\\/fr\\\/glossaire\\\/taeg-taux-annuel-effectif-global\\\/\"]}]},{\"@type\":\"BreadcrumbList\",\"@id\":\"https:\\\/\\\/blog.urbanitae.com\\\/fr\\\/glossaire\\\/taeg-taux-annuel-effectif-global\\\/#breadcrumb\",\"itemListElement\":[{\"@type\":\"ListItem\",\"position\":1,\"name\":\"Portada\",\"item\":\"https:\\\/\\\/blog.urbanitae.com\\\/fr\\\/\"},{\"@type\":\"ListItem\",\"position\":2,\"name\":\"Glossaire\",\"item\":\"https:\\\/\\\/blog.urbanitae.com\\\/fr\\\/glosario\\\/\"},{\"@type\":\"ListItem\",\"position\":3,\"name\":\"TAEG (Taux Annuel Effectif Global)\"}]},{\"@type\":\"WebSite\",\"@id\":\"https:\\\/\\\/blog.urbanitae.com\\\/fr\\\/#website\",\"url\":\"https:\\\/\\\/blog.urbanitae.com\\\/fr\\\/\",\"name\":\"Urbanitae Blog | Las mejores noticias sobre inversi\u00f3n inmobiliaria\",\"description\":\"L'investissement immobilier \u00e0 la port\u00e9e de tous\",\"publisher\":{\"@id\":\"https:\\\/\\\/blog.urbanitae.com\\\/fr\\\/#organization\"},\"potentialAction\":[{\"@type\":\"SearchAction\",\"target\":{\"@type\":\"EntryPoint\",\"urlTemplate\":\"https:\\\/\\\/blog.urbanitae.com\\\/fr\\\/?s={search_term_string}\"},\"query-input\":{\"@type\":\"PropertyValueSpecification\",\"valueRequired\":true,\"valueName\":\"search_term_string\"}}],\"inLanguage\":\"fr-FR\"},{\"@type\":\"Organization\",\"@id\":\"https:\\\/\\\/blog.urbanitae.com\\\/fr\\\/#organization\",\"name\":\"Urbanitae\",\"url\":\"https:\\\/\\\/blog.urbanitae.com\\\/fr\\\/\",\"logo\":{\"@type\":\"ImageObject\",\"inLanguage\":\"fr-FR\",\"@id\":\"https:\\\/\\\/blog.urbanitae.com\\\/fr\\\/#\\\/schema\\\/logo\\\/image\\\/\",\"url\":\"https:\\\/\\\/blog.urbanitae.com\\\/wp-content\\\/uploads\\\/2020\\\/04\\\/logo-verde_350x100.svg\",\"contentUrl\":\"https:\\\/\\\/blog.urbanitae.com\\\/wp-content\\\/uploads\\\/2020\\\/04\\\/logo-verde_350x100.svg\",\"width\":350,\"height\":100,\"caption\":\"Urbanitae\"},\"image\":{\"@id\":\"https:\\\/\\\/blog.urbanitae.com\\\/fr\\\/#\\\/schema\\\/logo\\\/image\\\/\"},\"sameAs\":[\"https:\\\/\\\/www.facebook.com\\\/urbanitae\",\"https:\\\/\\\/x.com\\\/urbanitae\",\"https:\\\/\\\/www.instagram.com\\\/urbanitae\",\"https:\\\/\\\/www.linkedin.com\\\/company\\\/urbanitae\",\"https:\\\/\\\/www.pinterest.es\\\/UrbanitaeSL\\\/_created\\\/\",\"https:\\\/\\\/www.youtube.com\\\/c\\\/Urbanitae_RE\"]}]}<\/script>\n<!-- \/ Yoast SEO plugin. -->","yoast_head_json":{"title":"TAEG (Taux Annuel Effectif Global) - Urbanitae Blog","description":"Acronyme de \u00ab Annual Percentage Rate \u00bb. Il s\u2019agit d\u2019une mesure normalis\u00e9e qui repr\u00e9sente le co\u00fbt ou le rendement annualis\u00e9 d\u2019un produit financier, en tenant compte \u00e0 la fois des int\u00e9r\u00eats et des autres co\u00fbts associ\u00e9s.","robots":{"index":"index","follow":"follow","max-snippet":"max-snippet:-1","max-image-preview":"max-image-preview:large","max-video-preview":"max-video-preview:-1"},"canonical":"https:\/\/blog.urbanitae.com\/fr\/glossaire\/taeg-taux-annuel-effectif-global\/","og_locale":"fr_FR","og_type":"article","og_title":"TAEG (Taux Annuel Effectif Global) - Urbanitae Blog","og_description":"Acronyme de \u00ab Annual Percentage Rate \u00bb. Il s\u2019agit d\u2019une mesure normalis\u00e9e qui repr\u00e9sente le co\u00fbt ou le rendement annualis\u00e9 d\u2019un produit financier, en tenant compte \u00e0 la fois des int\u00e9r\u00eats et des autres co\u00fbts associ\u00e9s.","og_url":"https:\/\/blog.urbanitae.com\/fr\/glossaire\/taeg-taux-annuel-effectif-global\/","og_site_name":"Urbanitae Blog | Les meilleures nouvelles sur l'investissement immobilier","article_publisher":"https:\/\/www.facebook.com\/urbanitae","article_modified_time":"2025-04-25T09:35:01+00:00","twitter_card":"summary_large_image","twitter_site":"@urbanitae","twitter_misc":{"Dur\u00e9e de lecture estim\u00e9e":"2 minutes"},"schema":{"@context":"https:\/\/schema.org","@graph":[{"@type":"WebPage","@id":"https:\/\/blog.urbanitae.com\/fr\/glossaire\/taeg-taux-annuel-effectif-global\/","url":"https:\/\/blog.urbanitae.com\/fr\/glossaire\/taeg-taux-annuel-effectif-global\/","name":"TAEG (Taux Annuel Effectif Global) - Urbanitae Blog","isPartOf":{"@id":"https:\/\/blog.urbanitae.com\/fr\/#website"},"datePublished":"2025-02-27T10:32:54+00:00","dateModified":"2025-04-25T09:35:01+00:00","description":"Acronyme de \u00ab Annual Percentage Rate \u00bb. Il s\u2019agit d\u2019une mesure normalis\u00e9e qui repr\u00e9sente le co\u00fbt ou le rendement annualis\u00e9 d\u2019un produit financier, en tenant compte \u00e0 la fois des int\u00e9r\u00eats et des autres co\u00fbts associ\u00e9s.","breadcrumb":{"@id":"https:\/\/blog.urbanitae.com\/fr\/glossaire\/taeg-taux-annuel-effectif-global\/#breadcrumb"},"inLanguage":"fr-FR","potentialAction":[{"@type":"ReadAction","target":["https:\/\/blog.urbanitae.com\/fr\/glossaire\/taeg-taux-annuel-effectif-global\/"]}]},{"@type":"BreadcrumbList","@id":"https:\/\/blog.urbanitae.com\/fr\/glossaire\/taeg-taux-annuel-effectif-global\/#breadcrumb","itemListElement":[{"@type":"ListItem","position":1,"name":"Portada","item":"https:\/\/blog.urbanitae.com\/fr\/"},{"@type":"ListItem","position":2,"name":"Glossaire","item":"https:\/\/blog.urbanitae.com\/fr\/glosario\/"},{"@type":"ListItem","position":3,"name":"TAEG (Taux Annuel Effectif Global)"}]},{"@type":"WebSite","@id":"https:\/\/blog.urbanitae.com\/fr\/#website","url":"https:\/\/blog.urbanitae.com\/fr\/","name":"Urbanitae Blog | Las mejores noticias sobre inversi\u00f3n inmobiliaria","description":"L'investissement immobilier \u00e0 la port\u00e9e de tous","publisher":{"@id":"https:\/\/blog.urbanitae.com\/fr\/#organization"},"potentialAction":[{"@type":"SearchAction","target":{"@type":"EntryPoint","urlTemplate":"https:\/\/blog.urbanitae.com\/fr\/?s={search_term_string}"},"query-input":{"@type":"PropertyValueSpecification","valueRequired":true,"valueName":"search_term_string"}}],"inLanguage":"fr-FR"},{"@type":"Organization","@id":"https:\/\/blog.urbanitae.com\/fr\/#organization","name":"Urbanitae","url":"https:\/\/blog.urbanitae.com\/fr\/","logo":{"@type":"ImageObject","inLanguage":"fr-FR","@id":"https:\/\/blog.urbanitae.com\/fr\/#\/schema\/logo\/image\/","url":"https:\/\/blog.urbanitae.com\/wp-content\/uploads\/2020\/04\/logo-verde_350x100.svg","contentUrl":"https:\/\/blog.urbanitae.com\/wp-content\/uploads\/2020\/04\/logo-verde_350x100.svg","width":350,"height":100,"caption":"Urbanitae"},"image":{"@id":"https:\/\/blog.urbanitae.com\/fr\/#\/schema\/logo\/image\/"},"sameAs":["https:\/\/www.facebook.com\/urbanitae","https:\/\/x.com\/urbanitae","https:\/\/www.instagram.com\/urbanitae","https:\/\/www.linkedin.com\/company\/urbanitae","https:\/\/www.pinterest.es\/UrbanitaeSL\/_created\/","https:\/\/www.youtube.com\/c\/Urbanitae_RE"]}]}},"_links":{"self":[{"href":"https:\/\/blog.urbanitae.com\/fr\/wp-json\/wp\/v2\/pages\/62101","targetHints":{"allow":["GET"]}}],"collection":[{"href":"https:\/\/blog.urbanitae.com\/fr\/wp-json\/wp\/v2\/pages"}],"about":[{"href":"https:\/\/blog.urbanitae.com\/fr\/wp-json\/wp\/v2\/types\/page"}],"author":[{"embeddable":true,"href":"https:\/\/blog.urbanitae.com\/fr\/wp-json\/wp\/v2\/users\/20"}],"replies":[{"embeddable":true,"href":"https:\/\/blog.urbanitae.com\/fr\/wp-json\/wp\/v2\/comments?post=62101"}],"version-history":[{"count":0,"href":"https:\/\/blog.urbanitae.com\/fr\/wp-json\/wp\/v2\/pages\/62101\/revisions"}],"up":[{"embeddable":true,"href":"https:\/\/blog.urbanitae.com\/fr\/wp-json\/wp\/v2\/pages\/62174"}],"wp:attachment":[{"href":"https:\/\/blog.urbanitae.com\/fr\/wp-json\/wp\/v2\/media?parent=62101"}],"curies":[{"name":"wp","href":"https:\/\/api.w.org\/{rel}","templated":true}]}}