{"id":62093,"date":"2025-02-27T10:52:28","date_gmt":"2025-02-27T09:52:28","guid":{"rendered":"https:\/\/blog.urbanitae.com\/socimi-societe-anonyme-cotee-dinvestissement-sur-le-marche-immobilier\/"},"modified":"2025-12-10T17:18:54","modified_gmt":"2025-12-10T16:18:54","slug":"socimi-societe-anonyme-cotee-dinvestissement-sur-le-marche-immobilier","status":"publish","type":"page","link":"https:\/\/blog.urbanitae.com\/fr\/glossaire\/socimi-societe-anonyme-cotee-dinvestissement-sur-le-marche-immobilier\/","title":{"rendered":"Socimi (Soci\u00e9t\u00e9 Anonyme Cot\u00e9e d&#8217;Investissement sur le March\u00e9 Immobilier)"},"content":{"rendered":"\t\t<div data-elementor-type=\"wp-page\" data-elementor-id=\"62093\" class=\"elementor elementor-62093 elementor-57247\">\n\t\t\t\t\t\t<section class=\"elementor-section elementor-top-section elementor-element elementor-element-d86d887 elementor-section-boxed elementor-section-height-default elementor-section-height-default parallax_section_no qode_elementor_container_no\" data-id=\"d86d887\" data-element_type=\"section\" data-e-type=\"section\">\n\t\t\t\t\t\t<div class=\"elementor-container elementor-column-gap-default\">\n\t\t\t\t\t<div class=\"elementor-column elementor-col-100 elementor-top-column elementor-element elementor-element-8b49ddd\" data-id=\"8b49ddd\" data-element_type=\"column\" data-e-type=\"column\">\n\t\t\t<div class=\"elementor-widget-wrap elementor-element-populated\">\n\t\t\t\t\t\t<div class=\"elementor-element elementor-element-083b30b elementor-widget__width-initial elementor-widget elementor-widget-text-editor\" data-id=\"083b30b\" data-element_type=\"widget\" data-e-type=\"widget\" data-widget_type=\"text-editor.default\">\n\t\t\t\t<div class=\"elementor-widget-container\">\n\t\t\t\t\t\t\t\t\t<h3>De quoi s\u2019agit-il ?<\/h3><p style=\"color: #212121; font-family: Roboto, sans-serif; font-size: 16px;\"><strong>Les REIT (soci\u00e9t\u00e9s d\u2019investissement immobilier cot\u00e9es)<\/strong> sont une entit\u00e9 juridique en Espagne qui permet aux entreprises d\u2019investir dans des actifs immobiliers et d\u2019\u00eatre cot\u00e9es en bourse. Ces entit\u00e9s sont con\u00e7ues pour promouvoir l\u2019investissement dans le secteur immobilier, offrant aux investisseurs un moyen facile d\u2019acc\u00e9der \u00e0 des propri\u00e9t\u00e9s immobili\u00e8res, telles que des immeubles de bureaux, des centres commerciaux ou des maisons, gr\u00e2ce \u00e0 l\u2019achat d\u2019actions sur le march\u00e9 boursier. <\/p><p style=\"color: #212121; font-family: Roboto, sans-serif; font-size: 16px;\">Les FPI b\u00e9n\u00e9ficient d\u2019un r\u00e9gime fiscal privil\u00e9gi\u00e9 qui leur permet d\u2019\u00eatre exon\u00e9r\u00e9es d\u2019imp\u00f4t sur les soci\u00e9t\u00e9s d\u00e8s lors qu\u2019elles distribuent un pourcentage significatif de leurs b\u00e9n\u00e9fices sous forme de dividendes \u00e0 leurs actionnaires. Cette structure s\u00e9duit les investisseurs \u00e0 la recherche de rendements r\u00e9guliers, notamment \u00e0 travers les revenus locatifs et les plus-values immobili\u00e8res potentielles. <\/p>\t\t\t\t\t\t\t\t<\/div>\n\t\t\t\t<\/div>\n\t\t\t\t<div class=\"elementor-element elementor-element-11c28c4 elementor-widget__width-initial elementor-widget elementor-widget-text-editor\" data-id=\"11c28c4\" data-element_type=\"widget\" data-e-type=\"widget\" data-widget_type=\"text-editor.default\">\n\t\t\t\t<div class=\"elementor-widget-container\">\n\t\t\t\t\t\t\t\t\t<h3>Principaux aspects \u00e0 prendre en compte<\/h3><p style=\"color: #212121; font-family: Roboto, sans-serif; font-size: 16px;\"><strong>Les FPI<\/strong> sont une option int\u00e9ressante pour les investisseurs qui souhaitent s\u2019exposer au march\u00e9 immobilier sans avoir \u00e0 g\u00e9rer directement des propri\u00e9t\u00e9s. La liquidit\u00e9 est l\u2019un des principaux avantages, car les actions REIT sont n\u00e9goci\u00e9es en bourse, ce qui permet aux investisseurs d\u2019acheter et de vendre leurs actions plus facilement par rapport \u00e0 l\u2019investissement direct dans l\u2019immobilier. <\/p><p style=\"color: #212121; font-family: Roboto, sans-serif; font-size: 16px;\">Cependant, les FPI pr\u00e9sentent \u00e9galement certains risques. Bien que soumis \u00e0 un r\u00e9gime fiscal avantageux, le march\u00e9 immobilier peut \u00eatre volatile, et les rendements de ces entreprises d\u00e9pendent en grande partie de la valorisation des actifs immobiliers et de leur gestion. De plus, bien que les FPI b\u00e9n\u00e9ficient de certaines exon\u00e9rations fiscales, elles doivent se conformer \u00e0 des exigences strictes en mati\u00e8re de distribution de dividendes et de gestion d\u2019actifs, ce qui peut limiter la flexibilit\u00e9 de leur strat\u00e9gie d\u2019investissement.  <\/p><p style=\"color: #212121; font-family: Roboto, sans-serif; font-size: 16px;\">Les investisseurs doivent \u00e9valuer \u00e0 la fois les rendements potentiels et les risques associ\u00e9s, en tenant compte de la situation \u00e9conomique et de la dynamique du march\u00e9 immobilier, qui peuvent influencer le revenu et l\u2019appr\u00e9ciation des actifs g\u00e9r\u00e9s par le FPI.<\/p>\t\t\t\t\t\t\t\t<\/div>\n\t\t\t\t<\/div>\n\t\t\t\t\t<\/div>\n\t\t<\/div>\n\t\t\t\t\t<\/div>\n\t\t<\/section>\n\t\t\t\t<section class=\"elementor-section elementor-top-section elementor-element elementor-element-aa563c5 elementor-section-full_width elementor-section-stretched elementor-section-height-default elementor-section-height-default parallax_section_no qode_elementor_container_no\" data-id=\"aa563c5\" data-element_type=\"section\" data-e-type=\"section\" data-settings=\"{&quot;stretch_section&quot;:&quot;section-stretched&quot;}\">\n\t\t\t\t\t\t<div class=\"elementor-container elementor-column-gap-default\">\n\t\t\t\t\t<div class=\"elementor-column elementor-col-100 elementor-top-column elementor-element elementor-element-41114ac\" data-id=\"41114ac\" data-element_type=\"column\" data-e-type=\"column\">\n\t\t\t<div class=\"elementor-widget-wrap elementor-element-populated\">\n\t\t\t\t\t\t<div class=\"elementor-element elementor-element-43f7095 elementor-widget elementor-widget-html\" data-id=\"43f7095\" data-element_type=\"widget\" data-e-type=\"widget\" data-widget_type=\"html.default\">\n\t\t\t\t<div class=\"elementor-widget-container\">\n\t\t\t\t\t\r\n        <div class=\"qode-advanced-call-to-action qode-advanced-cta-gradient qode-advanced-cta-gradient-animation\" style=\"height:80px\">\r\n            <a class=\"advanced-cta-link\" href=\"https:\/\/mkt.urbanitae.com\/Urbanitae_suscripcion_newsletter.html?utm_source=blog&amp;utm_medium=link_blog&amp;utm_campaign=suscripcion_blog&amp;utm_content=boton\" target=\"_blank\" onclick=\"dataLayer.push({'event': 'ub_ga4_event', 'ub_ga4_event_name': 'newsletter', 'ub_ga4_event_element': 'aprende'})\"><\/a>\r\n            <div class=\"qode-advanced-cta-content\">\r\n                <span class=\"qode-advanced-cta-text-holder\" style=\"color:#FFFFFF;font-size:25px\">\r\n Abonnez-vous \u00e0 notre Newsletter <\/span>\r\n                <span class=\"qode-advanced-cta-icon-holder\" style=\"color:#FFFFFF;font-size:25px\">\r\n                    <span class=\"qode-advanced-cta-icon-holder-table\">\r\n                        <span class=\"qode-advanced-cta-icon-holder-cell\">\r\n                            <i class=\"qode_icon_font_awesome_5 fa5 fa fa-envelope-open-text qode-advanced-cta-icon\"><\/i> <\/span>\r\n                    <\/span>\r\n                <\/span>\r\n            <\/div>\r\n            <div class=\"qode-advanced-cta-background-holder\">\r\n                <span class=\"qode-advanced-cta-background-1 qode-type1-gradient-left-to-right\"><\/span>\r\n                <span class=\"qode-advanced-cta-background-2 qode-type1-gradient-left-to-right\"><\/span>\r\n                <span class=\"qode-advanced-cta-background-3\"><\/span>\r\n            <\/div>\r\n        <\/div>\r\n\t\t\t\t<\/div>\n\t\t\t\t<\/div>\n\t\t\t\t\t<\/div>\n\t\t<\/div>\n\t\t\t\t\t<\/div>\n\t\t<\/section>\n\t\t\t\t<\/div>\n\t\t","protected":false},"excerpt":{"rendered":"<p>De quoi s\u2019agit-il ? Les REIT (soci\u00e9t\u00e9s d\u2019investissement immobilier cot\u00e9es) sont une entit\u00e9 juridique en Espagne qui permet aux entreprises d\u2019investir dans des actifs immobiliers et d\u2019\u00eatre cot\u00e9es en bourse. Ces entit\u00e9s sont con\u00e7ues pour promouvoir l\u2019investissement dans le secteur immobilier, offrant aux investisseurs un&#8230;<\/p>\n","protected":false},"author":20,"featured_media":0,"parent":62174,"menu_order":0,"comment_status":"closed","ping_status":"closed","template":"","meta":{"inline_featured_image":false,"_lmt_disableupdate":"","_lmt_disable":"","footnotes":""},"class_list":["post-62093","page","type-page","status-publish","hentry"],"yoast_head":"<!-- This site is optimized with the Yoast SEO plugin v27.4 - https:\/\/yoast.com\/product\/yoast-seo-wordpress\/ -->\n<title>Socimi (Soci\u00e9t\u00e9 Anonyme Cot\u00e9e d&#039;Investissement sur le March\u00e9 Immobilier) - Urbanitae Blog<\/title>\n<meta name=\"description\" content=\"SOCIMI signifie \u00ab\u00a0Sociedad An\u00f3nima Cotizada de Inversi\u00f3n en el Mercado Inmobiliario\u00a0\u00bb (Soci\u00e9t\u00e9 Anonyme Cot\u00e9e d&#039;Investissement Immobilier). Il s&#039;agit d&#039;une structure juridique espagnole permettant aux entreprises d&#039;investir dans des actifs immobiliers et d&#039;\u00eatre cot\u00e9es en bourse. Les SOCIMI offrent des avantages fiscaux et se concentrent sur l&#039;investissement dans le secteur immobilier.\" \/>\n<meta name=\"robots\" content=\"index, follow, max-snippet:-1, max-image-preview:large, max-video-preview:-1\" \/>\n<link rel=\"canonical\" href=\"https:\/\/blog.urbanitae.com\/fr\/glossaire\/socimi-societe-anonyme-cotee-dinvestissement-sur-le-marche-immobilier\/\" \/>\n<meta property=\"og:locale\" content=\"fr_FR\" \/>\n<meta property=\"og:type\" content=\"article\" \/>\n<meta property=\"og:title\" content=\"Socimi (Soci\u00e9t\u00e9 Anonyme Cot\u00e9e d&#039;Investissement sur le March\u00e9 Immobilier) - Urbanitae Blog\" \/>\n<meta property=\"og:description\" content=\"SOCIMI signifie \u00ab\u00a0Sociedad An\u00f3nima Cotizada de Inversi\u00f3n en el Mercado Inmobiliario\u00a0\u00bb (Soci\u00e9t\u00e9 Anonyme Cot\u00e9e d&#039;Investissement Immobilier). Il s&#039;agit d&#039;une structure juridique espagnole permettant aux entreprises d&#039;investir dans des actifs immobiliers et d&#039;\u00eatre cot\u00e9es en bourse. Les SOCIMI offrent des avantages fiscaux et se concentrent sur l&#039;investissement dans le secteur immobilier.\" \/>\n<meta property=\"og:url\" content=\"https:\/\/blog.urbanitae.com\/fr\/glossaire\/socimi-societe-anonyme-cotee-dinvestissement-sur-le-marche-immobilier\/\" \/>\n<meta property=\"og:site_name\" content=\"Urbanitae Blog | Les meilleures nouvelles sur l&#039;investissement immobilier\" \/>\n<meta property=\"article:publisher\" content=\"https:\/\/www.facebook.com\/urbanitae\" \/>\n<meta property=\"article:modified_time\" content=\"2025-12-10T16:18:54+00:00\" \/>\n<meta name=\"twitter:card\" content=\"summary_large_image\" \/>\n<meta name=\"twitter:site\" content=\"@urbanitae\" \/>\n<meta name=\"twitter:label1\" content=\"Dur\u00e9e de lecture estim\u00e9e\" \/>\n\t<meta name=\"twitter:data1\" content=\"2 minutes\" \/>\n<script type=\"application\/ld+json\" class=\"yoast-schema-graph\">{\"@context\":\"https:\\\/\\\/schema.org\",\"@graph\":[{\"@type\":\"WebPage\",\"@id\":\"https:\\\/\\\/blog.urbanitae.com\\\/fr\\\/glossaire\\\/socimi-societe-anonyme-cotee-dinvestissement-sur-le-marche-immobilier\\\/\",\"url\":\"https:\\\/\\\/blog.urbanitae.com\\\/fr\\\/glossaire\\\/socimi-societe-anonyme-cotee-dinvestissement-sur-le-marche-immobilier\\\/\",\"name\":\"Socimi (Soci\u00e9t\u00e9 Anonyme Cot\u00e9e d'Investissement sur le March\u00e9 Immobilier) - Urbanitae Blog\",\"isPartOf\":{\"@id\":\"https:\\\/\\\/blog.urbanitae.com\\\/fr\\\/#website\"},\"datePublished\":\"2025-02-27T09:52:28+00:00\",\"dateModified\":\"2025-12-10T16:18:54+00:00\",\"description\":\"SOCIMI signifie \u00ab\u00a0Sociedad An\u00f3nima Cotizada de Inversi\u00f3n en el Mercado Inmobiliario\u00a0\u00bb (Soci\u00e9t\u00e9 Anonyme Cot\u00e9e d'Investissement Immobilier). Il s'agit d'une structure juridique espagnole permettant aux entreprises d'investir dans des actifs immobiliers et d'\u00eatre cot\u00e9es en bourse. Les SOCIMI offrent des avantages fiscaux et se concentrent sur l'investissement dans le secteur immobilier.\",\"breadcrumb\":{\"@id\":\"https:\\\/\\\/blog.urbanitae.com\\\/fr\\\/glossaire\\\/socimi-societe-anonyme-cotee-dinvestissement-sur-le-marche-immobilier\\\/#breadcrumb\"},\"inLanguage\":\"fr-FR\",\"potentialAction\":[{\"@type\":\"ReadAction\",\"target\":[\"https:\\\/\\\/blog.urbanitae.com\\\/fr\\\/glossaire\\\/socimi-societe-anonyme-cotee-dinvestissement-sur-le-marche-immobilier\\\/\"]}]},{\"@type\":\"BreadcrumbList\",\"@id\":\"https:\\\/\\\/blog.urbanitae.com\\\/fr\\\/glossaire\\\/socimi-societe-anonyme-cotee-dinvestissement-sur-le-marche-immobilier\\\/#breadcrumb\",\"itemListElement\":[{\"@type\":\"ListItem\",\"position\":1,\"name\":\"Portada\",\"item\":\"https:\\\/\\\/blog.urbanitae.com\\\/fr\\\/\"},{\"@type\":\"ListItem\",\"position\":2,\"name\":\"Glossaire\",\"item\":\"https:\\\/\\\/blog.urbanitae.com\\\/fr\\\/glosario\\\/\"},{\"@type\":\"ListItem\",\"position\":3,\"name\":\"Socimi (Soci\u00e9t\u00e9 Anonyme Cot\u00e9e d&#8217;Investissement sur le March\u00e9 Immobilier)\"}]},{\"@type\":\"WebSite\",\"@id\":\"https:\\\/\\\/blog.urbanitae.com\\\/fr\\\/#website\",\"url\":\"https:\\\/\\\/blog.urbanitae.com\\\/fr\\\/\",\"name\":\"Urbanitae Blog | Las mejores noticias sobre inversi\u00f3n inmobiliaria\",\"description\":\"L'investissement immobilier \u00e0 la port\u00e9e de tous\",\"publisher\":{\"@id\":\"https:\\\/\\\/blog.urbanitae.com\\\/fr\\\/#organization\"},\"potentialAction\":[{\"@type\":\"SearchAction\",\"target\":{\"@type\":\"EntryPoint\",\"urlTemplate\":\"https:\\\/\\\/blog.urbanitae.com\\\/fr\\\/?s={search_term_string}\"},\"query-input\":{\"@type\":\"PropertyValueSpecification\",\"valueRequired\":true,\"valueName\":\"search_term_string\"}}],\"inLanguage\":\"fr-FR\"},{\"@type\":\"Organization\",\"@id\":\"https:\\\/\\\/blog.urbanitae.com\\\/fr\\\/#organization\",\"name\":\"Urbanitae\",\"url\":\"https:\\\/\\\/blog.urbanitae.com\\\/fr\\\/\",\"logo\":{\"@type\":\"ImageObject\",\"inLanguage\":\"fr-FR\",\"@id\":\"https:\\\/\\\/blog.urbanitae.com\\\/fr\\\/#\\\/schema\\\/logo\\\/image\\\/\",\"url\":\"https:\\\/\\\/blog.urbanitae.com\\\/wp-content\\\/uploads\\\/2020\\\/04\\\/logo-verde_350x100.svg\",\"contentUrl\":\"https:\\\/\\\/blog.urbanitae.com\\\/wp-content\\\/uploads\\\/2020\\\/04\\\/logo-verde_350x100.svg\",\"width\":350,\"height\":100,\"caption\":\"Urbanitae\"},\"image\":{\"@id\":\"https:\\\/\\\/blog.urbanitae.com\\\/fr\\\/#\\\/schema\\\/logo\\\/image\\\/\"},\"sameAs\":[\"https:\\\/\\\/www.facebook.com\\\/urbanitae\",\"https:\\\/\\\/x.com\\\/urbanitae\",\"https:\\\/\\\/www.instagram.com\\\/urbanitae\",\"https:\\\/\\\/www.linkedin.com\\\/company\\\/urbanitae\",\"https:\\\/\\\/www.pinterest.es\\\/UrbanitaeSL\\\/_created\\\/\",\"https:\\\/\\\/www.youtube.com\\\/c\\\/Urbanitae_RE\"]}]}<\/script>\n<!-- \/ Yoast SEO plugin. -->","yoast_head_json":{"title":"Socimi (Soci\u00e9t\u00e9 Anonyme Cot\u00e9e d'Investissement sur le March\u00e9 Immobilier) - Urbanitae Blog","description":"SOCIMI signifie \u00ab\u00a0Sociedad An\u00f3nima Cotizada de Inversi\u00f3n en el Mercado Inmobiliario\u00a0\u00bb (Soci\u00e9t\u00e9 Anonyme Cot\u00e9e d'Investissement Immobilier). Il s'agit d'une structure juridique espagnole permettant aux entreprises d'investir dans des actifs immobiliers et d'\u00eatre cot\u00e9es en bourse. Les SOCIMI offrent des avantages fiscaux et se concentrent sur l'investissement dans le secteur immobilier.","robots":{"index":"index","follow":"follow","max-snippet":"max-snippet:-1","max-image-preview":"max-image-preview:large","max-video-preview":"max-video-preview:-1"},"canonical":"https:\/\/blog.urbanitae.com\/fr\/glossaire\/socimi-societe-anonyme-cotee-dinvestissement-sur-le-marche-immobilier\/","og_locale":"fr_FR","og_type":"article","og_title":"Socimi (Soci\u00e9t\u00e9 Anonyme Cot\u00e9e d'Investissement sur le March\u00e9 Immobilier) - Urbanitae Blog","og_description":"SOCIMI signifie \u00ab\u00a0Sociedad An\u00f3nima Cotizada de Inversi\u00f3n en el Mercado Inmobiliario\u00a0\u00bb (Soci\u00e9t\u00e9 Anonyme Cot\u00e9e d'Investissement Immobilier). Il s'agit d'une structure juridique espagnole permettant aux entreprises d'investir dans des actifs immobiliers et d'\u00eatre cot\u00e9es en bourse. Les SOCIMI offrent des avantages fiscaux et se concentrent sur l'investissement dans le secteur immobilier.","og_url":"https:\/\/blog.urbanitae.com\/fr\/glossaire\/socimi-societe-anonyme-cotee-dinvestissement-sur-le-marche-immobilier\/","og_site_name":"Urbanitae Blog | Les meilleures nouvelles sur l'investissement immobilier","article_publisher":"https:\/\/www.facebook.com\/urbanitae","article_modified_time":"2025-12-10T16:18:54+00:00","twitter_card":"summary_large_image","twitter_site":"@urbanitae","twitter_misc":{"Dur\u00e9e de lecture estim\u00e9e":"2 minutes"},"schema":{"@context":"https:\/\/schema.org","@graph":[{"@type":"WebPage","@id":"https:\/\/blog.urbanitae.com\/fr\/glossaire\/socimi-societe-anonyme-cotee-dinvestissement-sur-le-marche-immobilier\/","url":"https:\/\/blog.urbanitae.com\/fr\/glossaire\/socimi-societe-anonyme-cotee-dinvestissement-sur-le-marche-immobilier\/","name":"Socimi (Soci\u00e9t\u00e9 Anonyme Cot\u00e9e d'Investissement sur le March\u00e9 Immobilier) - Urbanitae Blog","isPartOf":{"@id":"https:\/\/blog.urbanitae.com\/fr\/#website"},"datePublished":"2025-02-27T09:52:28+00:00","dateModified":"2025-12-10T16:18:54+00:00","description":"SOCIMI signifie \u00ab\u00a0Sociedad An\u00f3nima Cotizada de Inversi\u00f3n en el Mercado Inmobiliario\u00a0\u00bb (Soci\u00e9t\u00e9 Anonyme Cot\u00e9e d'Investissement Immobilier). Il s'agit d'une structure juridique espagnole permettant aux entreprises d'investir dans des actifs immobiliers et d'\u00eatre cot\u00e9es en bourse. Les SOCIMI offrent des avantages fiscaux et se concentrent sur l'investissement dans le secteur immobilier.","breadcrumb":{"@id":"https:\/\/blog.urbanitae.com\/fr\/glossaire\/socimi-societe-anonyme-cotee-dinvestissement-sur-le-marche-immobilier\/#breadcrumb"},"inLanguage":"fr-FR","potentialAction":[{"@type":"ReadAction","target":["https:\/\/blog.urbanitae.com\/fr\/glossaire\/socimi-societe-anonyme-cotee-dinvestissement-sur-le-marche-immobilier\/"]}]},{"@type":"BreadcrumbList","@id":"https:\/\/blog.urbanitae.com\/fr\/glossaire\/socimi-societe-anonyme-cotee-dinvestissement-sur-le-marche-immobilier\/#breadcrumb","itemListElement":[{"@type":"ListItem","position":1,"name":"Portada","item":"https:\/\/blog.urbanitae.com\/fr\/"},{"@type":"ListItem","position":2,"name":"Glossaire","item":"https:\/\/blog.urbanitae.com\/fr\/glosario\/"},{"@type":"ListItem","position":3,"name":"Socimi (Soci\u00e9t\u00e9 Anonyme Cot\u00e9e d&#8217;Investissement sur le March\u00e9 Immobilier)"}]},{"@type":"WebSite","@id":"https:\/\/blog.urbanitae.com\/fr\/#website","url":"https:\/\/blog.urbanitae.com\/fr\/","name":"Urbanitae Blog | Las mejores noticias sobre inversi\u00f3n inmobiliaria","description":"L'investissement immobilier \u00e0 la port\u00e9e de tous","publisher":{"@id":"https:\/\/blog.urbanitae.com\/fr\/#organization"},"potentialAction":[{"@type":"SearchAction","target":{"@type":"EntryPoint","urlTemplate":"https:\/\/blog.urbanitae.com\/fr\/?s={search_term_string}"},"query-input":{"@type":"PropertyValueSpecification","valueRequired":true,"valueName":"search_term_string"}}],"inLanguage":"fr-FR"},{"@type":"Organization","@id":"https:\/\/blog.urbanitae.com\/fr\/#organization","name":"Urbanitae","url":"https:\/\/blog.urbanitae.com\/fr\/","logo":{"@type":"ImageObject","inLanguage":"fr-FR","@id":"https:\/\/blog.urbanitae.com\/fr\/#\/schema\/logo\/image\/","url":"https:\/\/blog.urbanitae.com\/wp-content\/uploads\/2020\/04\/logo-verde_350x100.svg","contentUrl":"https:\/\/blog.urbanitae.com\/wp-content\/uploads\/2020\/04\/logo-verde_350x100.svg","width":350,"height":100,"caption":"Urbanitae"},"image":{"@id":"https:\/\/blog.urbanitae.com\/fr\/#\/schema\/logo\/image\/"},"sameAs":["https:\/\/www.facebook.com\/urbanitae","https:\/\/x.com\/urbanitae","https:\/\/www.instagram.com\/urbanitae","https:\/\/www.linkedin.com\/company\/urbanitae","https:\/\/www.pinterest.es\/UrbanitaeSL\/_created\/","https:\/\/www.youtube.com\/c\/Urbanitae_RE"]}]}},"_links":{"self":[{"href":"https:\/\/blog.urbanitae.com\/fr\/wp-json\/wp\/v2\/pages\/62093","targetHints":{"allow":["GET"]}}],"collection":[{"href":"https:\/\/blog.urbanitae.com\/fr\/wp-json\/wp\/v2\/pages"}],"about":[{"href":"https:\/\/blog.urbanitae.com\/fr\/wp-json\/wp\/v2\/types\/page"}],"author":[{"embeddable":true,"href":"https:\/\/blog.urbanitae.com\/fr\/wp-json\/wp\/v2\/users\/20"}],"replies":[{"embeddable":true,"href":"https:\/\/blog.urbanitae.com\/fr\/wp-json\/wp\/v2\/comments?post=62093"}],"version-history":[{"count":1,"href":"https:\/\/blog.urbanitae.com\/fr\/wp-json\/wp\/v2\/pages\/62093\/revisions"}],"predecessor-version":[{"id":62094,"href":"https:\/\/blog.urbanitae.com\/fr\/wp-json\/wp\/v2\/pages\/62093\/revisions\/62094"}],"up":[{"embeddable":true,"href":"https:\/\/blog.urbanitae.com\/fr\/wp-json\/wp\/v2\/pages\/62174"}],"wp:attachment":[{"href":"https:\/\/blog.urbanitae.com\/fr\/wp-json\/wp\/v2\/media?parent=62093"}],"curies":[{"name":"wp","href":"https:\/\/api.w.org\/{rel}","templated":true}]}}