{"id":62091,"date":"2025-02-26T18:16:12","date_gmt":"2025-02-26T17:16:12","guid":{"rendered":"https:\/\/blog.urbanitae.com\/sgiic-societe-de-gestion-dorganismes-de-placement-collectif\/"},"modified":"2025-04-25T11:34:56","modified_gmt":"2025-04-25T09:34:56","slug":"sgiic-societe-de-gestion-dorganismes-de-placement-collectif","status":"publish","type":"page","link":"https:\/\/blog.urbanitae.com\/fr\/glossaire\/sgiic-societe-de-gestion-dorganismes-de-placement-collectif\/","title":{"rendered":"SGIIC (Soci\u00e9t\u00e9 de gestion d&rsquo;organismes de placement collectif)"},"content":{"rendered":"\t\t<div data-elementor-type=\"wp-page\" data-elementor-id=\"62091\" class=\"elementor elementor-62091 elementor-57241\">\n\t\t\t\t\t\t<section class=\"elementor-section elementor-top-section elementor-element elementor-element-d86d887 elementor-section-boxed elementor-section-height-default elementor-section-height-default\" data-id=\"d86d887\" data-element_type=\"section\" data-e-type=\"section\">\n\t\t\t\t\t\t<div class=\"elementor-container elementor-column-gap-default\">\n\t\t\t\t\t<div class=\"elementor-column elementor-col-100 elementor-top-column elementor-element elementor-element-8b49ddd\" data-id=\"8b49ddd\" data-element_type=\"column\" data-e-type=\"column\">\n\t\t\t<div class=\"elementor-widget-wrap elementor-element-populated\">\n\t\t\t\t\t\t<div class=\"elementor-element elementor-element-083b30b elementor-widget__width-initial elementor-widget elementor-widget-text-editor\" data-id=\"083b30b\" data-element_type=\"widget\" data-e-type=\"widget\" data-widget_type=\"text-editor.default\">\n\t\t\t\t<div class=\"elementor-widget-container\">\n\t\t\t\t\t\t\t\t\t<h3>De quoi s\u2019agit-il ?<\/h3><p style=\"color: #212121; font-family: Roboto, sans-serif; font-size: 16px;\"><strong>Les SGII (soci\u00e9t\u00e9s de gestion d\u2019organismes de placement collectif)<\/strong> sont des entit\u00e9s r\u00e9glement\u00e9es charg\u00e9es de la gestion et de l\u2019administration de fonds d\u2019investissement ou d\u2019autres v\u00e9hicules de placement collectif. Ces soci\u00e9t\u00e9s sont charg\u00e9es de prendre les d\u00e9cisions d\u2019investissement pour le compte des investisseurs et de g\u00e9rer les actifs du fonds de mani\u00e8re efficace et conforme \u00e0 la r\u00e9glementation applicable. <\/p><p style=\"color: #212121; font-family: Roboto, sans-serif; font-size: 16px;\">L\u2019objectif principal de SGIIC est de maximiser les rendements pour les investisseurs dans les limites des param\u00e8tres de risque \u00e9tablis, conform\u00e9ment \u00e0 une politique d\u2019investissement pr\u00e9alablement d\u00e9finie. Ces entit\u00e9s g\u00e8rent des fonds d\u2019investissement \u00e0 capital variable et \u00e0 capital fixe, et leur travail est essentiel dans la structuration et l\u2019administration des fonds, ce qui comprend la s\u00e9lection des actifs, la prise de d\u00e9cisions d\u2019achat et de vente et le suivi des performances. <\/p>\t\t\t\t\t\t\t\t<\/div>\n\t\t\t\t<\/div>\n\t\t\t\t<div class=\"elementor-element elementor-element-11c28c4 elementor-widget__width-initial elementor-widget elementor-widget-text-editor\" data-id=\"11c28c4\" data-element_type=\"widget\" data-e-type=\"widget\" data-widget_type=\"text-editor.default\">\n\t\t\t\t<div class=\"elementor-widget-container\">\n\t\t\t\t\t\t\t\t\t<h3>Principaux aspects \u00e0 prendre en compte<\/h3>\n<p style=\"color: #212121; font-family: Roboto, sans-serif; font-size: 16px;\"><strong>Les SGII<\/strong> doivent \u00eatre autoris\u00e9s et supervis\u00e9s par des organismes de r\u00e9glementation nationaux, tels que la Commission nationale du march\u00e9 des valeurs mobili\u00e8res (CNMV) en Espagne, afin de garantir le respect de la r\u00e9glementation en vigueur et la protection des droits des investisseurs. Il est important pour les investisseurs de comprendre les politiques d\u2019investissement appliqu\u00e9es par ces soci\u00e9t\u00e9s et comment leur exp\u00e9rience et leur strat\u00e9gie influencent la performance des fonds. <\/p>\n<p style=\"color: #212121; font-family: Roboto, sans-serif; font-size: 16px;\">Lors du choix d\u2019un IQAS, les investisseurs doivent \u00e9valuer la solvabilit\u00e9 et l\u2019historique de la banque, car une gestion efficace et \u00e9thique des fonds est essentielle pour de bons rendements. Il est \u00e9galement pertinent de tenir compte des frais que la SGIIC peut facturer, car ceux-ci peuvent affecter les rendements nets du fonds. <\/p>\n<p style=\"color: #212121; font-family: Roboto, sans-serif; font-size: 16px;\">En outre, il est conseill\u00e9 aux investisseurs de v\u00e9rifier si la SGIIC dispose d\u2019une diversification suffisante de ses actifs sous gestion, ce qui peut contribuer \u00e0 att\u00e9nuer les risques associ\u00e9s \u00e0 une seule classe d\u2019actifs ou \u00e0 un seul secteur.\t\t\t\t\t\t\t\t<\/div>\n\t\t\t\t<\/div>\n\t\t\t\t\t<\/div>\n\t\t<\/div>\n\t\t\t\t\t<\/div>\n\t\t<\/section>\n\t\t\t\t<section class=\"elementor-section elementor-top-section elementor-element elementor-element-aa563c5 elementor-section-full_width elementor-section-height-default elementor-section-height-default\" data-id=\"aa563c5\" data-element_type=\"section\" data-e-type=\"section\">\n\t\t\t\t\t\t<div class=\"elementor-container elementor-column-gap-default\">\n\t\t\t\t\t<div class=\"elementor-column elementor-col-100 elementor-top-column elementor-element elementor-element-41114ac\" data-id=\"41114ac\" data-element_type=\"column\" data-e-type=\"column\">\n\t\t\t<div class=\"elementor-widget-wrap elementor-element-populated\">\n\t\t\t\t\t\t<div class=\"elementor-element elementor-element-43f7095 elementor-widget elementor-widget-html\" data-id=\"43f7095\" data-element_type=\"widget\" data-e-type=\"widget\" data-widget_type=\"html.default\">\n\t\t\t\t<div class=\"elementor-widget-container\">\n\t\t\t\t\t\r\n        <div class=\"qode-advanced-call-to-action qode-advanced-cta-gradient qode-advanced-cta-gradient-animation\" style=\"height:80px\">\r\n            <a class=\"advanced-cta-link\" href=\"https:\/\/mkt.urbanitae.com\/Urbanitae_suscripcion_newsletter.html?utm_source=blog&amp;utm_medium=link_blog&amp;utm_campaign=suscripcion_blog&amp;utm_content=boton\" target=\"_blank\" onclick=\"dataLayer.push({'event': 'ub_ga4_event', 'ub_ga4_event_name': 'newsletter', 'ub_ga4_event_element': 'aprende'})\"><\/a>\r\n            <div class=\"qode-advanced-cta-content\">\r\n                <span class=\"qode-advanced-cta-text-holder\" style=\"color:#FFFFFF;font-size:25px\">\r\n Abonnez-vous \u00e0 notre Newsletter <\/span>\r\n                <span class=\"qode-advanced-cta-icon-holder\" style=\"color:#FFFFFF;font-size:25px\">\r\n                    <span class=\"qode-advanced-cta-icon-holder-table\">\r\n                        <span class=\"qode-advanced-cta-icon-holder-cell\">\r\n                            <i class=\"qode_icon_font_awesome_5 fa5 fa fa-envelope-open-text qode-advanced-cta-icon\"><\/i> <\/span>\r\n                    <\/span>\r\n                <\/span>\r\n            <\/div>\r\n            <div class=\"qode-advanced-cta-background-holder\">\r\n                <span class=\"qode-advanced-cta-background-1 qode-type1-gradient-left-to-right\"><\/span>\r\n                <span class=\"qode-advanced-cta-background-2 qode-type1-gradient-left-to-right\"><\/span>\r\n                <span class=\"qode-advanced-cta-background-3\"><\/span>\r\n            <\/div>\r\n        <\/div>\r\n\t\t\t\t<\/div>\n\t\t\t\t<\/div>\n\t\t\t\t\t<\/div>\n\t\t<\/div>\n\t\t\t\t\t<\/div>\n\t\t<\/section>\n\t\t\t\t<\/div>\n\t\t","protected":false},"excerpt":{"rendered":"<p>De quoi s\u2019agit-il ? Les SGII (soci\u00e9t\u00e9s de gestion d\u2019organismes de placement collectif) sont des entit\u00e9s r\u00e9glement\u00e9es charg\u00e9es de la gestion et de l\u2019administration de fonds d\u2019investissement ou d\u2019autres v\u00e9hicules de placement collectif. Ces soci\u00e9t\u00e9s sont charg\u00e9es de prendre les d\u00e9cisions d\u2019investissement pour le compte des investisseurs et de g\u00e9rer les actifs du fonds de [&hellip;]<\/p>\n","protected":false},"author":20,"featured_media":0,"parent":62174,"menu_order":0,"comment_status":"closed","ping_status":"closed","template":"","meta":{"inline_featured_image":false,"footnotes":""},"class_list":["post-62091","page","type-page","status-publish","hentry"],"blocksy_meta":[],"yoast_head":"<!-- This site is optimized with the Yoast SEO plugin v27.4 - https:\/\/yoast.com\/product\/yoast-seo-wordpress\/ -->\n<title>SGIIC (Soci\u00e9t\u00e9 de gestion d&#039;organismes de placement collectif) - Urbanitae Blog<\/title>\n<meta name=\"description\" content=\"Acronyme de \u00ab\u00a0Sociedad Gestora de Instituciones de Inversi\u00f3n Colectiva\u00a0\u00bb. Il s\u2019agit d\u2019une entit\u00e9 r\u00e9glement\u00e9e charg\u00e9e de la gestion et de l\u2019administration de fonds d\u2019investissement ou d\u2019autres v\u00e9hicules de placement collectif.\" \/>\n<meta name=\"robots\" content=\"index, follow, max-snippet:-1, max-image-preview:large, max-video-preview:-1\" \/>\n<link rel=\"canonical\" href=\"https:\/\/blog.urbanitae.com\/fr\/glossaire\/sgiic-societe-de-gestion-dorganismes-de-placement-collectif\/\" \/>\n<meta property=\"og:locale\" content=\"fr_FR\" \/>\n<meta property=\"og:type\" content=\"article\" \/>\n<meta property=\"og:title\" content=\"SGIIC (Soci\u00e9t\u00e9 de gestion d&#039;organismes de placement collectif) - Urbanitae Blog\" \/>\n<meta property=\"og:description\" content=\"Acronyme de \u00ab\u00a0Sociedad Gestora de Instituciones de Inversi\u00f3n Colectiva\u00a0\u00bb. Il s\u2019agit d\u2019une entit\u00e9 r\u00e9glement\u00e9e charg\u00e9e de la gestion et de l\u2019administration de fonds d\u2019investissement ou d\u2019autres v\u00e9hicules de placement collectif.\" \/>\n<meta property=\"og:url\" content=\"https:\/\/blog.urbanitae.com\/fr\/glossaire\/sgiic-societe-de-gestion-dorganismes-de-placement-collectif\/\" \/>\n<meta property=\"og:site_name\" content=\"Urbanitae Blog | Les meilleures nouvelles sur l&#039;investissement immobilier\" \/>\n<meta property=\"article:publisher\" content=\"https:\/\/www.facebook.com\/urbanitae\" \/>\n<meta property=\"article:modified_time\" content=\"2025-04-25T09:34:56+00:00\" \/>\n<meta name=\"twitter:card\" content=\"summary_large_image\" \/>\n<meta name=\"twitter:site\" content=\"@urbanitae\" \/>\n<meta name=\"twitter:label1\" content=\"Dur\u00e9e de lecture estim\u00e9e\" \/>\n\t<meta name=\"twitter:data1\" content=\"2 minutes\" \/>\n<script type=\"application\/ld+json\" class=\"yoast-schema-graph\">{\"@context\":\"https:\\\/\\\/schema.org\",\"@graph\":[{\"@type\":\"WebPage\",\"@id\":\"https:\\\/\\\/blog.urbanitae.com\\\/fr\\\/glossaire\\\/sgiic-societe-de-gestion-dorganismes-de-placement-collectif\\\/\",\"url\":\"https:\\\/\\\/blog.urbanitae.com\\\/fr\\\/glossaire\\\/sgiic-societe-de-gestion-dorganismes-de-placement-collectif\\\/\",\"name\":\"SGIIC (Soci\u00e9t\u00e9 de gestion d'organismes de placement collectif) - Urbanitae Blog\",\"isPartOf\":{\"@id\":\"https:\\\/\\\/blog.urbanitae.com\\\/fr\\\/#website\"},\"datePublished\":\"2025-02-26T17:16:12+00:00\",\"dateModified\":\"2025-04-25T09:34:56+00:00\",\"description\":\"Acronyme de \u00ab\u00a0Sociedad Gestora de Instituciones de Inversi\u00f3n Colectiva\u00a0\u00bb. Il s\u2019agit d\u2019une entit\u00e9 r\u00e9glement\u00e9e charg\u00e9e de la gestion et de l\u2019administration de fonds d\u2019investissement ou d\u2019autres v\u00e9hicules de placement collectif.\",\"breadcrumb\":{\"@id\":\"https:\\\/\\\/blog.urbanitae.com\\\/fr\\\/glossaire\\\/sgiic-societe-de-gestion-dorganismes-de-placement-collectif\\\/#breadcrumb\"},\"inLanguage\":\"fr-FR\",\"potentialAction\":[{\"@type\":\"ReadAction\",\"target\":[\"https:\\\/\\\/blog.urbanitae.com\\\/fr\\\/glossaire\\\/sgiic-societe-de-gestion-dorganismes-de-placement-collectif\\\/\"]}]},{\"@type\":\"BreadcrumbList\",\"@id\":\"https:\\\/\\\/blog.urbanitae.com\\\/fr\\\/glossaire\\\/sgiic-societe-de-gestion-dorganismes-de-placement-collectif\\\/#breadcrumb\",\"itemListElement\":[{\"@type\":\"ListItem\",\"position\":1,\"name\":\"Portada\",\"item\":\"https:\\\/\\\/blog.urbanitae.com\\\/fr\\\/\"},{\"@type\":\"ListItem\",\"position\":2,\"name\":\"Glossaire\",\"item\":\"https:\\\/\\\/blog.urbanitae.com\\\/fr\\\/glosario\\\/\"},{\"@type\":\"ListItem\",\"position\":3,\"name\":\"SGIIC (Soci\u00e9t\u00e9 de gestion d&#8217;organismes de placement collectif)\"}]},{\"@type\":\"WebSite\",\"@id\":\"https:\\\/\\\/blog.urbanitae.com\\\/fr\\\/#website\",\"url\":\"https:\\\/\\\/blog.urbanitae.com\\\/fr\\\/\",\"name\":\"Urbanitae Blog | Las mejores noticias sobre inversi\u00f3n inmobiliaria\",\"description\":\"L'investissement immobilier \u00e0 la port\u00e9e de tous\",\"publisher\":{\"@id\":\"https:\\\/\\\/blog.urbanitae.com\\\/fr\\\/#organization\"},\"potentialAction\":[{\"@type\":\"SearchAction\",\"target\":{\"@type\":\"EntryPoint\",\"urlTemplate\":\"https:\\\/\\\/blog.urbanitae.com\\\/fr\\\/?s={search_term_string}\"},\"query-input\":{\"@type\":\"PropertyValueSpecification\",\"valueRequired\":true,\"valueName\":\"search_term_string\"}}],\"inLanguage\":\"fr-FR\"},{\"@type\":\"Organization\",\"@id\":\"https:\\\/\\\/blog.urbanitae.com\\\/fr\\\/#organization\",\"name\":\"Urbanitae\",\"url\":\"https:\\\/\\\/blog.urbanitae.com\\\/fr\\\/\",\"logo\":{\"@type\":\"ImageObject\",\"inLanguage\":\"fr-FR\",\"@id\":\"https:\\\/\\\/blog.urbanitae.com\\\/fr\\\/#\\\/schema\\\/logo\\\/image\\\/\",\"url\":\"https:\\\/\\\/blog.urbanitae.com\\\/wp-content\\\/uploads\\\/2020\\\/04\\\/logo-verde_350x100.svg\",\"contentUrl\":\"https:\\\/\\\/blog.urbanitae.com\\\/wp-content\\\/uploads\\\/2020\\\/04\\\/logo-verde_350x100.svg\",\"width\":350,\"height\":100,\"caption\":\"Urbanitae\"},\"image\":{\"@id\":\"https:\\\/\\\/blog.urbanitae.com\\\/fr\\\/#\\\/schema\\\/logo\\\/image\\\/\"},\"sameAs\":[\"https:\\\/\\\/www.facebook.com\\\/urbanitae\",\"https:\\\/\\\/x.com\\\/urbanitae\",\"https:\\\/\\\/www.instagram.com\\\/urbanitae\",\"https:\\\/\\\/www.linkedin.com\\\/company\\\/urbanitae\",\"https:\\\/\\\/www.pinterest.es\\\/UrbanitaeSL\\\/_created\\\/\",\"https:\\\/\\\/www.youtube.com\\\/c\\\/Urbanitae_RE\"]}]}<\/script>\n<!-- \/ Yoast SEO plugin. -->","yoast_head_json":{"title":"SGIIC (Soci\u00e9t\u00e9 de gestion d'organismes de placement collectif) - Urbanitae Blog","description":"Acronyme de \u00ab\u00a0Sociedad Gestora de Instituciones de Inversi\u00f3n Colectiva\u00a0\u00bb. Il s\u2019agit d\u2019une entit\u00e9 r\u00e9glement\u00e9e charg\u00e9e de la gestion et de l\u2019administration de fonds d\u2019investissement ou d\u2019autres v\u00e9hicules de placement collectif.","robots":{"index":"index","follow":"follow","max-snippet":"max-snippet:-1","max-image-preview":"max-image-preview:large","max-video-preview":"max-video-preview:-1"},"canonical":"https:\/\/blog.urbanitae.com\/fr\/glossaire\/sgiic-societe-de-gestion-dorganismes-de-placement-collectif\/","og_locale":"fr_FR","og_type":"article","og_title":"SGIIC (Soci\u00e9t\u00e9 de gestion d'organismes de placement collectif) - Urbanitae Blog","og_description":"Acronyme de \u00ab\u00a0Sociedad Gestora de Instituciones de Inversi\u00f3n Colectiva\u00a0\u00bb. Il s\u2019agit d\u2019une entit\u00e9 r\u00e9glement\u00e9e charg\u00e9e de la gestion et de l\u2019administration de fonds d\u2019investissement ou d\u2019autres v\u00e9hicules de placement collectif.","og_url":"https:\/\/blog.urbanitae.com\/fr\/glossaire\/sgiic-societe-de-gestion-dorganismes-de-placement-collectif\/","og_site_name":"Urbanitae Blog | Les meilleures nouvelles sur l'investissement immobilier","article_publisher":"https:\/\/www.facebook.com\/urbanitae","article_modified_time":"2025-04-25T09:34:56+00:00","twitter_card":"summary_large_image","twitter_site":"@urbanitae","twitter_misc":{"Dur\u00e9e de lecture estim\u00e9e":"2 minutes"},"schema":{"@context":"https:\/\/schema.org","@graph":[{"@type":"WebPage","@id":"https:\/\/blog.urbanitae.com\/fr\/glossaire\/sgiic-societe-de-gestion-dorganismes-de-placement-collectif\/","url":"https:\/\/blog.urbanitae.com\/fr\/glossaire\/sgiic-societe-de-gestion-dorganismes-de-placement-collectif\/","name":"SGIIC (Soci\u00e9t\u00e9 de gestion d'organismes de placement collectif) - Urbanitae Blog","isPartOf":{"@id":"https:\/\/blog.urbanitae.com\/fr\/#website"},"datePublished":"2025-02-26T17:16:12+00:00","dateModified":"2025-04-25T09:34:56+00:00","description":"Acronyme de \u00ab\u00a0Sociedad Gestora de Instituciones de Inversi\u00f3n Colectiva\u00a0\u00bb. Il s\u2019agit d\u2019une entit\u00e9 r\u00e9glement\u00e9e charg\u00e9e de la gestion et de l\u2019administration de fonds d\u2019investissement ou d\u2019autres v\u00e9hicules de placement collectif.","breadcrumb":{"@id":"https:\/\/blog.urbanitae.com\/fr\/glossaire\/sgiic-societe-de-gestion-dorganismes-de-placement-collectif\/#breadcrumb"},"inLanguage":"fr-FR","potentialAction":[{"@type":"ReadAction","target":["https:\/\/blog.urbanitae.com\/fr\/glossaire\/sgiic-societe-de-gestion-dorganismes-de-placement-collectif\/"]}]},{"@type":"BreadcrumbList","@id":"https:\/\/blog.urbanitae.com\/fr\/glossaire\/sgiic-societe-de-gestion-dorganismes-de-placement-collectif\/#breadcrumb","itemListElement":[{"@type":"ListItem","position":1,"name":"Portada","item":"https:\/\/blog.urbanitae.com\/fr\/"},{"@type":"ListItem","position":2,"name":"Glossaire","item":"https:\/\/blog.urbanitae.com\/fr\/glosario\/"},{"@type":"ListItem","position":3,"name":"SGIIC (Soci\u00e9t\u00e9 de gestion d&#8217;organismes de placement collectif)"}]},{"@type":"WebSite","@id":"https:\/\/blog.urbanitae.com\/fr\/#website","url":"https:\/\/blog.urbanitae.com\/fr\/","name":"Urbanitae Blog | Las mejores noticias sobre inversi\u00f3n inmobiliaria","description":"L'investissement immobilier \u00e0 la port\u00e9e de tous","publisher":{"@id":"https:\/\/blog.urbanitae.com\/fr\/#organization"},"potentialAction":[{"@type":"SearchAction","target":{"@type":"EntryPoint","urlTemplate":"https:\/\/blog.urbanitae.com\/fr\/?s={search_term_string}"},"query-input":{"@type":"PropertyValueSpecification","valueRequired":true,"valueName":"search_term_string"}}],"inLanguage":"fr-FR"},{"@type":"Organization","@id":"https:\/\/blog.urbanitae.com\/fr\/#organization","name":"Urbanitae","url":"https:\/\/blog.urbanitae.com\/fr\/","logo":{"@type":"ImageObject","inLanguage":"fr-FR","@id":"https:\/\/blog.urbanitae.com\/fr\/#\/schema\/logo\/image\/","url":"https:\/\/blog.urbanitae.com\/wp-content\/uploads\/2020\/04\/logo-verde_350x100.svg","contentUrl":"https:\/\/blog.urbanitae.com\/wp-content\/uploads\/2020\/04\/logo-verde_350x100.svg","width":350,"height":100,"caption":"Urbanitae"},"image":{"@id":"https:\/\/blog.urbanitae.com\/fr\/#\/schema\/logo\/image\/"},"sameAs":["https:\/\/www.facebook.com\/urbanitae","https:\/\/x.com\/urbanitae","https:\/\/www.instagram.com\/urbanitae","https:\/\/www.linkedin.com\/company\/urbanitae","https:\/\/www.pinterest.es\/UrbanitaeSL\/_created\/","https:\/\/www.youtube.com\/c\/Urbanitae_RE"]}]}},"_links":{"self":[{"href":"https:\/\/blog.urbanitae.com\/fr\/wp-json\/wp\/v2\/pages\/62091","targetHints":{"allow":["GET"]}}],"collection":[{"href":"https:\/\/blog.urbanitae.com\/fr\/wp-json\/wp\/v2\/pages"}],"about":[{"href":"https:\/\/blog.urbanitae.com\/fr\/wp-json\/wp\/v2\/types\/page"}],"author":[{"embeddable":true,"href":"https:\/\/blog.urbanitae.com\/fr\/wp-json\/wp\/v2\/users\/20"}],"replies":[{"embeddable":true,"href":"https:\/\/blog.urbanitae.com\/fr\/wp-json\/wp\/v2\/comments?post=62091"}],"version-history":[{"count":0,"href":"https:\/\/blog.urbanitae.com\/fr\/wp-json\/wp\/v2\/pages\/62091\/revisions"}],"up":[{"embeddable":true,"href":"https:\/\/blog.urbanitae.com\/fr\/wp-json\/wp\/v2\/pages\/62174"}],"wp:attachment":[{"href":"https:\/\/blog.urbanitae.com\/fr\/wp-json\/wp\/v2\/media?parent=62091"}],"curies":[{"name":"wp","href":"https:\/\/api.w.org\/{rel}","templated":true}]}}