{"id":62087,"date":"2025-02-26T17:22:05","date_gmt":"2025-02-26T16:22:05","guid":{"rendered":"https:\/\/blog.urbanitae.com\/roic-return-on-invested-capital\/"},"modified":"2025-04-25T11:34:54","modified_gmt":"2025-04-25T09:34:54","slug":"roic-return-on-invested-capital","status":"publish","type":"page","link":"https:\/\/blog.urbanitae.com\/fr\/glossaire\/roic-return-on-invested-capital\/","title":{"rendered":"ROIC (Return on Invested Capital)"},"content":{"rendered":"\t\t<div data-elementor-type=\"wp-page\" data-elementor-id=\"62087\" class=\"elementor elementor-62087 elementor-57231\">\n\t\t\t\t\t\t<section class=\"elementor-section elementor-top-section elementor-element elementor-element-d86d887 elementor-section-boxed elementor-section-height-default elementor-section-height-default parallax_section_no qode_elementor_container_no\" data-id=\"d86d887\" data-element_type=\"section\" data-e-type=\"section\">\n\t\t\t\t\t\t<div class=\"elementor-container elementor-column-gap-default\">\n\t\t\t\t\t<div class=\"elementor-column elementor-col-100 elementor-top-column elementor-element elementor-element-8b49ddd\" data-id=\"8b49ddd\" data-element_type=\"column\" data-e-type=\"column\">\n\t\t\t<div class=\"elementor-widget-wrap elementor-element-populated\">\n\t\t\t\t\t\t<div class=\"elementor-element elementor-element-083b30b elementor-widget__width-initial elementor-widget elementor-widget-text-editor\" data-id=\"083b30b\" data-element_type=\"widget\" data-e-type=\"widget\" data-widget_type=\"text-editor.default\">\n\t\t\t\t<div class=\"elementor-widget-container\">\n\t\t\t\t\t\t\t\t\t<h3>Qu\u2019est-ce que c\u2019est?<\/h3><p style=\"color: #212121; font-family: Roboto, sans-serif; font-size: 16px;\"><strong> Le ROIC <em>(return on invested capital)<\/em><\/strong> est une mesure financi\u00e8re qui indique la rentabilit\u00e9 g\u00e9n\u00e9r\u00e9e par une entreprise par rapport au capital investi dans celle-ci. Cet indicateur permet d\u2019\u00e9valuer l\u2019efficience et la rentabilit\u00e9 des investissements en capital r\u00e9alis\u00e9s par l\u2019entreprise, en tenant compte \u00e0 la fois de l\u2019investissement en dette et en fonds propres. Le retour sur investissement aide les investisseurs \u00e0 comprendre comment une entreprise utilise son capital pour g\u00e9n\u00e9rer des b\u00e9n\u00e9fices et si elle en tire un rendement ad\u00e9quat.  <\/p><p style=\"color: #212121; font-family: Roboto, sans-serif; font-size: 16px;\"><strong>Le retour sur investissement<\/strong> est calcul\u00e9 en divisant le b\u00e9n\u00e9fice net d\u2019exploitation apr\u00e8s imp\u00f4t (NOPAT) par le capital investi total. Un retour sur investissement \u00e9lev\u00e9 indique que l\u2019entreprise utilise efficacement son capital pour g\u00e9n\u00e9rer des b\u00e9n\u00e9fices, tandis qu\u2019un faible retour sur investissement peut indiquer que l\u2019entreprise n\u2019exploite pas correctement son capital. <\/p>\t\t\t\t\t\t\t\t<\/div>\n\t\t\t\t<\/div>\n\t\t\t\t<div class=\"elementor-element elementor-element-11c28c4 elementor-widget__width-initial elementor-widget elementor-widget-text-editor\" data-id=\"11c28c4\" data-element_type=\"widget\" data-e-type=\"widget\" data-widget_type=\"text-editor.default\">\n\t\t\t\t<div class=\"elementor-widget-container\">\n\t\t\t\t\t\t\t\t\t<h3>Principaux aspects \u00e0 prendre en compte<\/h3><p style=\"color: #212121; font-family: Roboto, sans-serif; font-size: 16px;\"><strong>Le ROIC<\/strong> est un indicateur essentiel pour \u00e9valuer la performance d\u2019une entreprise, car il refl\u00e8te sa capacit\u00e9 \u00e0 g\u00e9n\u00e9rer des rendements sur le capital investi, ce qui est essentiel pour les investisseurs \u00e0 la recherche d\u2019entreprises \u00e0 haut niveau de rentabilit\u00e9. Il est important de le comparer au co\u00fbt moyen pond\u00e9r\u00e9 du capital (CMW), car si le rendement du capital investi d\u00e9passe le co\u00fbt du capital, l\u2019entreprise cr\u00e9e de la valeur pour ses actionnaires. <\/p><p style=\"color: #212121; font-family: Roboto, sans-serif; font-size: 16px;\">Cet indicateur est utile pour mesurer l\u2019efficacit\u00e9 op\u00e9rationnelle et la rentabilit\u00e9 d\u2019une entreprise, en particulier lorsqu\u2019elle est compar\u00e9e \u00e0 d\u2019autres entreprises du m\u00eame secteur d\u2019activit\u00e9. Cependant, le retour sur investissement doit \u00eatre pris en compte en m\u00eame temps que d\u2019autres facteurs, tels que la structure de la dette de l\u2019entreprise et ses perspectives de croissance, car un retour sur investissement \u00e9lev\u00e9 n\u2019implique pas toujours que l\u2019entreprise est dans une position financi\u00e8re solide \u00e0 long terme. <\/p><p style=\"color: #212121; font-family: Roboto, sans-serif; font-size: 16px;\">De plus, les investisseurs doivent garder \u00e0 l\u2019esprit que le ROIC est une mesure statique, il est donc important d\u2019analyser son \u00e9volution dans le temps pour avoir une vision compl\u00e8te de la gestion du capital de l\u2019entreprise.<\/p>\t\t\t\t\t\t\t\t<\/div>\n\t\t\t\t<\/div>\n\t\t\t\t\t<\/div>\n\t\t<\/div>\n\t\t\t\t\t<\/div>\n\t\t<\/section>\n\t\t\t\t<section class=\"elementor-section elementor-top-section elementor-element elementor-element-aa563c5 elementor-section-full_width elementor-section-stretched elementor-section-height-default elementor-section-height-default parallax_section_no qode_elementor_container_no\" data-id=\"aa563c5\" data-element_type=\"section\" data-e-type=\"section\" data-settings=\"{&quot;stretch_section&quot;:&quot;section-stretched&quot;}\">\n\t\t\t\t\t\t<div class=\"elementor-container elementor-column-gap-default\">\n\t\t\t\t\t<div class=\"elementor-column elementor-col-100 elementor-top-column elementor-element elementor-element-41114ac\" data-id=\"41114ac\" data-element_type=\"column\" data-e-type=\"column\">\n\t\t\t<div class=\"elementor-widget-wrap elementor-element-populated\">\n\t\t\t\t\t\t<div class=\"elementor-element elementor-element-43f7095 elementor-widget elementor-widget-html\" data-id=\"43f7095\" data-element_type=\"widget\" data-e-type=\"widget\" data-widget_type=\"html.default\">\n\t\t\t\t<div class=\"elementor-widget-container\">\n\t\t\t\t\t\r\n        <div class=\"qode-advanced-call-to-action qode-advanced-cta-gradient qode-advanced-cta-gradient-animation\" style=\"height:80px\">\r\n            <a class=\"advanced-cta-link\" href=\"https:\/\/mkt.urbanitae.com\/Urbanitae_suscripcion_newsletter.html?utm_source=blog&amp;utm_medium=link_blog&amp;utm_campaign=suscripcion_blog&amp;utm_content=boton\" target=\"_blank\" onclick=\"dataLayer.push({'event': 'ub_ga4_event', 'ub_ga4_event_name': 'newsletter', 'ub_ga4_event_element': 'aprende'})\"><\/a>\r\n            <div class=\"qode-advanced-cta-content\">\r\n                <span class=\"qode-advanced-cta-text-holder\" style=\"color:#FFFFFF;font-size:25px\">\r\n Abonnez-vous \u00e0 notre Newsletter <\/span>\r\n                <span class=\"qode-advanced-cta-icon-holder\" style=\"color:#FFFFFF;font-size:25px\">\r\n                    <span class=\"qode-advanced-cta-icon-holder-table\">\r\n                        <span class=\"qode-advanced-cta-icon-holder-cell\">\r\n                            <i class=\"qode_icon_font_awesome_5 fa5 fa fa-envelope-open-text qode-advanced-cta-icon\"><\/i> <\/span>\r\n                    <\/span>\r\n                <\/span>\r\n            <\/div>\r\n            <div class=\"qode-advanced-cta-background-holder\">\r\n                <span class=\"qode-advanced-cta-background-1 qode-type1-gradient-left-to-right\"><\/span>\r\n                <span class=\"qode-advanced-cta-background-2 qode-type1-gradient-left-to-right\"><\/span>\r\n                <span class=\"qode-advanced-cta-background-3\"><\/span>\r\n            <\/div>\r\n        <\/div>\r\n\t\t\t\t<\/div>\n\t\t\t\t<\/div>\n\t\t\t\t\t<\/div>\n\t\t<\/div>\n\t\t\t\t\t<\/div>\n\t\t<\/section>\n\t\t\t\t<\/div>\n\t\t","protected":false},"excerpt":{"rendered":"<p>Qu\u2019est-ce que c\u2019est? Le ROIC (return on invested capital) est une mesure financi\u00e8re qui indique la rentabilit\u00e9 g\u00e9n\u00e9r\u00e9e par une entreprise par rapport au capital investi dans celle-ci. Cet indicateur permet d\u2019\u00e9valuer l\u2019efficience et la rentabilit\u00e9 des investissements en capital r\u00e9alis\u00e9s par l\u2019entreprise, en tenant&#8230;<\/p>\n","protected":false},"author":20,"featured_media":0,"parent":62174,"menu_order":0,"comment_status":"closed","ping_status":"closed","template":"","meta":{"inline_featured_image":false,"_lmt_disableupdate":"","_lmt_disable":"","footnotes":""},"class_list":["post-62087","page","type-page","status-publish","hentry"],"yoast_head":"<!-- This site is optimized with the Yoast SEO plugin v27.3 - https:\/\/yoast.com\/product\/yoast-seo-wordpress\/ -->\n<title>ROIC (Return on Invested Capital) - Urbanitae Blog<\/title>\n<meta name=\"description\" content=\"Acronyme de \u00ab Rendement du Capital Investi \u00bb. Il s\u2019agit d\u2019une mesure financi\u00e8re qui indique la rentabilit\u00e9 g\u00e9n\u00e9r\u00e9e par une entreprise par rapport au capital investi dans celle-ci. Le retour sur investissement est utilis\u00e9 pour \u00e9valuer l\u2019efficacit\u00e9 et la rentabilit\u00e9 des investissements en capital.\" \/>\n<meta name=\"robots\" content=\"index, follow, max-snippet:-1, max-image-preview:large, max-video-preview:-1\" \/>\n<link rel=\"canonical\" href=\"https:\/\/blog.urbanitae.com\/fr\/glossaire\/roic-return-on-invested-capital\/\" \/>\n<meta property=\"og:locale\" content=\"fr_FR\" \/>\n<meta property=\"og:type\" content=\"article\" \/>\n<meta property=\"og:title\" content=\"ROIC (Return on Invested Capital) - Urbanitae Blog\" \/>\n<meta property=\"og:description\" content=\"Acronyme de \u00ab Rendement du Capital Investi \u00bb. Il s\u2019agit d\u2019une mesure financi\u00e8re qui indique la rentabilit\u00e9 g\u00e9n\u00e9r\u00e9e par une entreprise par rapport au capital investi dans celle-ci. Le retour sur investissement est utilis\u00e9 pour \u00e9valuer l\u2019efficacit\u00e9 et la rentabilit\u00e9 des investissements en capital.\" \/>\n<meta property=\"og:url\" content=\"https:\/\/blog.urbanitae.com\/fr\/glossaire\/roic-return-on-invested-capital\/\" \/>\n<meta property=\"og:site_name\" content=\"Urbanitae Blog | Les meilleures nouvelles sur l&#039;investissement immobilier\" \/>\n<meta property=\"article:publisher\" content=\"https:\/\/www.facebook.com\/urbanitae\" \/>\n<meta property=\"article:modified_time\" content=\"2025-04-25T09:34:54+00:00\" \/>\n<meta name=\"twitter:card\" content=\"summary_large_image\" \/>\n<meta name=\"twitter:site\" content=\"@urbanitae\" \/>\n<meta name=\"twitter:label1\" content=\"Dur\u00e9e de lecture estim\u00e9e\" \/>\n\t<meta name=\"twitter:data1\" content=\"2 minutes\" \/>\n<script type=\"application\/ld+json\" class=\"yoast-schema-graph\">{\"@context\":\"https:\\\/\\\/schema.org\",\"@graph\":[{\"@type\":\"WebPage\",\"@id\":\"https:\\\/\\\/blog.urbanitae.com\\\/fr\\\/glossaire\\\/roic-return-on-invested-capital\\\/\",\"url\":\"https:\\\/\\\/blog.urbanitae.com\\\/fr\\\/glossaire\\\/roic-return-on-invested-capital\\\/\",\"name\":\"ROIC (Return on Invested Capital) - Urbanitae Blog\",\"isPartOf\":{\"@id\":\"https:\\\/\\\/blog.urbanitae.com\\\/fr\\\/#website\"},\"datePublished\":\"2025-02-26T16:22:05+00:00\",\"dateModified\":\"2025-04-25T09:34:54+00:00\",\"description\":\"Acronyme de \u00ab Rendement du Capital Investi \u00bb. Il s\u2019agit d\u2019une mesure financi\u00e8re qui indique la rentabilit\u00e9 g\u00e9n\u00e9r\u00e9e par une entreprise par rapport au capital investi dans celle-ci. Le retour sur investissement est utilis\u00e9 pour \u00e9valuer l\u2019efficacit\u00e9 et la rentabilit\u00e9 des investissements en capital.\",\"breadcrumb\":{\"@id\":\"https:\\\/\\\/blog.urbanitae.com\\\/fr\\\/glossaire\\\/roic-return-on-invested-capital\\\/#breadcrumb\"},\"inLanguage\":\"fr-FR\",\"potentialAction\":[{\"@type\":\"ReadAction\",\"target\":[\"https:\\\/\\\/blog.urbanitae.com\\\/fr\\\/glossaire\\\/roic-return-on-invested-capital\\\/\"]}]},{\"@type\":\"BreadcrumbList\",\"@id\":\"https:\\\/\\\/blog.urbanitae.com\\\/fr\\\/glossaire\\\/roic-return-on-invested-capital\\\/#breadcrumb\",\"itemListElement\":[{\"@type\":\"ListItem\",\"position\":1,\"name\":\"Portada\",\"item\":\"https:\\\/\\\/blog.urbanitae.com\\\/fr\\\/\"},{\"@type\":\"ListItem\",\"position\":2,\"name\":\"Glossaire\",\"item\":\"https:\\\/\\\/blog.urbanitae.com\\\/fr\\\/glosario\\\/\"},{\"@type\":\"ListItem\",\"position\":3,\"name\":\"ROIC (Return on Invested Capital)\"}]},{\"@type\":\"WebSite\",\"@id\":\"https:\\\/\\\/blog.urbanitae.com\\\/fr\\\/#website\",\"url\":\"https:\\\/\\\/blog.urbanitae.com\\\/fr\\\/\",\"name\":\"Urbanitae Blog | Las mejores noticias sobre inversi\u00f3n inmobiliaria\",\"description\":\"L'investissement immobilier \u00e0 la port\u00e9e de tous\",\"publisher\":{\"@id\":\"https:\\\/\\\/blog.urbanitae.com\\\/fr\\\/#organization\"},\"potentialAction\":[{\"@type\":\"SearchAction\",\"target\":{\"@type\":\"EntryPoint\",\"urlTemplate\":\"https:\\\/\\\/blog.urbanitae.com\\\/fr\\\/?s={search_term_string}\"},\"query-input\":{\"@type\":\"PropertyValueSpecification\",\"valueRequired\":true,\"valueName\":\"search_term_string\"}}],\"inLanguage\":\"fr-FR\"},{\"@type\":\"Organization\",\"@id\":\"https:\\\/\\\/blog.urbanitae.com\\\/fr\\\/#organization\",\"name\":\"Urbanitae\",\"url\":\"https:\\\/\\\/blog.urbanitae.com\\\/fr\\\/\",\"logo\":{\"@type\":\"ImageObject\",\"inLanguage\":\"fr-FR\",\"@id\":\"https:\\\/\\\/blog.urbanitae.com\\\/fr\\\/#\\\/schema\\\/logo\\\/image\\\/\",\"url\":\"https:\\\/\\\/blog.urbanitae.com\\\/wp-content\\\/uploads\\\/2020\\\/04\\\/logo-verde_350x100.svg\",\"contentUrl\":\"https:\\\/\\\/blog.urbanitae.com\\\/wp-content\\\/uploads\\\/2020\\\/04\\\/logo-verde_350x100.svg\",\"width\":350,\"height\":100,\"caption\":\"Urbanitae\"},\"image\":{\"@id\":\"https:\\\/\\\/blog.urbanitae.com\\\/fr\\\/#\\\/schema\\\/logo\\\/image\\\/\"},\"sameAs\":[\"https:\\\/\\\/www.facebook.com\\\/urbanitae\",\"https:\\\/\\\/x.com\\\/urbanitae\",\"https:\\\/\\\/www.instagram.com\\\/urbanitae\",\"https:\\\/\\\/www.linkedin.com\\\/company\\\/urbanitae\",\"https:\\\/\\\/www.pinterest.es\\\/UrbanitaeSL\\\/_created\\\/\",\"https:\\\/\\\/www.youtube.com\\\/c\\\/Urbanitae_RE\"]}]}<\/script>\n<!-- \/ Yoast SEO plugin. -->","yoast_head_json":{"title":"ROIC (Return on Invested Capital) - Urbanitae Blog","description":"Acronyme de \u00ab Rendement du Capital Investi \u00bb. Il s\u2019agit d\u2019une mesure financi\u00e8re qui indique la rentabilit\u00e9 g\u00e9n\u00e9r\u00e9e par une entreprise par rapport au capital investi dans celle-ci. Le retour sur investissement est utilis\u00e9 pour \u00e9valuer l\u2019efficacit\u00e9 et la rentabilit\u00e9 des investissements en capital.","robots":{"index":"index","follow":"follow","max-snippet":"max-snippet:-1","max-image-preview":"max-image-preview:large","max-video-preview":"max-video-preview:-1"},"canonical":"https:\/\/blog.urbanitae.com\/fr\/glossaire\/roic-return-on-invested-capital\/","og_locale":"fr_FR","og_type":"article","og_title":"ROIC (Return on Invested Capital) - Urbanitae Blog","og_description":"Acronyme de \u00ab Rendement du Capital Investi \u00bb. Il s\u2019agit d\u2019une mesure financi\u00e8re qui indique la rentabilit\u00e9 g\u00e9n\u00e9r\u00e9e par une entreprise par rapport au capital investi dans celle-ci. Le retour sur investissement est utilis\u00e9 pour \u00e9valuer l\u2019efficacit\u00e9 et la rentabilit\u00e9 des investissements en capital.","og_url":"https:\/\/blog.urbanitae.com\/fr\/glossaire\/roic-return-on-invested-capital\/","og_site_name":"Urbanitae Blog | Les meilleures nouvelles sur l'investissement immobilier","article_publisher":"https:\/\/www.facebook.com\/urbanitae","article_modified_time":"2025-04-25T09:34:54+00:00","twitter_card":"summary_large_image","twitter_site":"@urbanitae","twitter_misc":{"Dur\u00e9e de lecture estim\u00e9e":"2 minutes"},"schema":{"@context":"https:\/\/schema.org","@graph":[{"@type":"WebPage","@id":"https:\/\/blog.urbanitae.com\/fr\/glossaire\/roic-return-on-invested-capital\/","url":"https:\/\/blog.urbanitae.com\/fr\/glossaire\/roic-return-on-invested-capital\/","name":"ROIC (Return on Invested Capital) - Urbanitae Blog","isPartOf":{"@id":"https:\/\/blog.urbanitae.com\/fr\/#website"},"datePublished":"2025-02-26T16:22:05+00:00","dateModified":"2025-04-25T09:34:54+00:00","description":"Acronyme de \u00ab Rendement du Capital Investi \u00bb. Il s\u2019agit d\u2019une mesure financi\u00e8re qui indique la rentabilit\u00e9 g\u00e9n\u00e9r\u00e9e par une entreprise par rapport au capital investi dans celle-ci. Le retour sur investissement est utilis\u00e9 pour \u00e9valuer l\u2019efficacit\u00e9 et la rentabilit\u00e9 des investissements en capital.","breadcrumb":{"@id":"https:\/\/blog.urbanitae.com\/fr\/glossaire\/roic-return-on-invested-capital\/#breadcrumb"},"inLanguage":"fr-FR","potentialAction":[{"@type":"ReadAction","target":["https:\/\/blog.urbanitae.com\/fr\/glossaire\/roic-return-on-invested-capital\/"]}]},{"@type":"BreadcrumbList","@id":"https:\/\/blog.urbanitae.com\/fr\/glossaire\/roic-return-on-invested-capital\/#breadcrumb","itemListElement":[{"@type":"ListItem","position":1,"name":"Portada","item":"https:\/\/blog.urbanitae.com\/fr\/"},{"@type":"ListItem","position":2,"name":"Glossaire","item":"https:\/\/blog.urbanitae.com\/fr\/glosario\/"},{"@type":"ListItem","position":3,"name":"ROIC (Return on Invested Capital)"}]},{"@type":"WebSite","@id":"https:\/\/blog.urbanitae.com\/fr\/#website","url":"https:\/\/blog.urbanitae.com\/fr\/","name":"Urbanitae Blog | Las mejores noticias sobre inversi\u00f3n inmobiliaria","description":"L'investissement immobilier \u00e0 la port\u00e9e de tous","publisher":{"@id":"https:\/\/blog.urbanitae.com\/fr\/#organization"},"potentialAction":[{"@type":"SearchAction","target":{"@type":"EntryPoint","urlTemplate":"https:\/\/blog.urbanitae.com\/fr\/?s={search_term_string}"},"query-input":{"@type":"PropertyValueSpecification","valueRequired":true,"valueName":"search_term_string"}}],"inLanguage":"fr-FR"},{"@type":"Organization","@id":"https:\/\/blog.urbanitae.com\/fr\/#organization","name":"Urbanitae","url":"https:\/\/blog.urbanitae.com\/fr\/","logo":{"@type":"ImageObject","inLanguage":"fr-FR","@id":"https:\/\/blog.urbanitae.com\/fr\/#\/schema\/logo\/image\/","url":"https:\/\/blog.urbanitae.com\/wp-content\/uploads\/2020\/04\/logo-verde_350x100.svg","contentUrl":"https:\/\/blog.urbanitae.com\/wp-content\/uploads\/2020\/04\/logo-verde_350x100.svg","width":350,"height":100,"caption":"Urbanitae"},"image":{"@id":"https:\/\/blog.urbanitae.com\/fr\/#\/schema\/logo\/image\/"},"sameAs":["https:\/\/www.facebook.com\/urbanitae","https:\/\/x.com\/urbanitae","https:\/\/www.instagram.com\/urbanitae","https:\/\/www.linkedin.com\/company\/urbanitae","https:\/\/www.pinterest.es\/UrbanitaeSL\/_created\/","https:\/\/www.youtube.com\/c\/Urbanitae_RE"]}]}},"_links":{"self":[{"href":"https:\/\/blog.urbanitae.com\/fr\/wp-json\/wp\/v2\/pages\/62087","targetHints":{"allow":["GET"]}}],"collection":[{"href":"https:\/\/blog.urbanitae.com\/fr\/wp-json\/wp\/v2\/pages"}],"about":[{"href":"https:\/\/blog.urbanitae.com\/fr\/wp-json\/wp\/v2\/types\/page"}],"author":[{"embeddable":true,"href":"https:\/\/blog.urbanitae.com\/fr\/wp-json\/wp\/v2\/users\/20"}],"replies":[{"embeddable":true,"href":"https:\/\/blog.urbanitae.com\/fr\/wp-json\/wp\/v2\/comments?post=62087"}],"version-history":[{"count":1,"href":"https:\/\/blog.urbanitae.com\/fr\/wp-json\/wp\/v2\/pages\/62087\/revisions"}],"predecessor-version":[{"id":62088,"href":"https:\/\/blog.urbanitae.com\/fr\/wp-json\/wp\/v2\/pages\/62087\/revisions\/62088"}],"up":[{"embeddable":true,"href":"https:\/\/blog.urbanitae.com\/fr\/wp-json\/wp\/v2\/pages\/62174"}],"wp:attachment":[{"href":"https:\/\/blog.urbanitae.com\/fr\/wp-json\/wp\/v2\/media?parent=62087"}],"curies":[{"name":"wp","href":"https:\/\/api.w.org\/{rel}","templated":true}]}}