{"id":62083,"date":"2025-02-26T17:00:05","date_gmt":"2025-02-26T16:00:05","guid":{"rendered":"https:\/\/blog.urbanitae.com\/risque-operationnel\/"},"modified":"2025-04-25T11:34:51","modified_gmt":"2025-04-25T09:34:51","slug":"risque-operationnel","status":"publish","type":"page","link":"https:\/\/blog.urbanitae.com\/fr\/glossaire\/risque-operationnel\/","title":{"rendered":"Risque op\u00e9rationnel"},"content":{"rendered":"\t\t<div data-elementor-type=\"wp-page\" data-elementor-id=\"62083\" class=\"elementor elementor-62083 elementor-57221\">\n\t\t\t\t\t\t<section class=\"elementor-section elementor-top-section elementor-element elementor-element-d86d887 elementor-section-boxed elementor-section-height-default elementor-section-height-default parallax_section_no qode_elementor_container_no\" data-id=\"d86d887\" data-element_type=\"section\">\n\t\t\t\t\t\t<div class=\"elementor-container elementor-column-gap-default\">\n\t\t\t\t\t<div class=\"elementor-column elementor-col-100 elementor-top-column elementor-element elementor-element-8b49ddd\" data-id=\"8b49ddd\" data-element_type=\"column\">\n\t\t\t<div class=\"elementor-widget-wrap elementor-element-populated\">\n\t\t\t\t\t\t<div class=\"elementor-element elementor-element-083b30b elementor-widget__width-initial elementor-widget elementor-widget-text-editor\" data-id=\"083b30b\" data-element_type=\"widget\" data-widget_type=\"text-editor.default\">\n\t\t\t\t<div class=\"elementor-widget-container\">\n\t\t\t\t\t\t\t\t\t<h3>Qu\u2019est-ce que c\u2019est?<\/h3><p style=\"color: #212121; font-family: Roboto, sans-serif; font-size: 16px;\">Il s\u2019agit du risque associ\u00e9 \u00e0 des <strong>d\u00e9ficiences ou \u00e0 des d\u00e9faillances dans les processus, les proc\u00e9dures, les syst\u00e8mes ou les ressources op\u00e9rationnelles d\u2019une entreprise<\/strong> . Ces d\u00e9faillances peuvent entra\u00eener des pertes financi\u00e8res, des perturbations op\u00e9rationnelles, des atteintes \u00e0 la r\u00e9putation ou le non-respect des r\u00e9glementations. Le risque op\u00e9rationnel englobe un large \u00e9ventail de situations, telles que l\u2019erreur humaine, les d\u00e9faillances technologiques, la fraude interne, les catastrophes naturelles ou l\u2019inefficacit\u00e9 de la gestion des ressources. <\/p><p style=\"color: #212121; font-family: Roboto, sans-serif; font-size: 16px;\">Dans le contexte des affaires, ce risque est fondamental, car il peut affecter la continuit\u00e9 des op\u00e9rations quotidiennes et alt\u00e9rer les relations avec les clients, les fournisseurs et les autres parties prenantes. Les processus op\u00e9rationnels sont au c\u0153ur des activit\u00e9s, et toute perturbation importante peut compromettre la stabilit\u00e9 financi\u00e8re et op\u00e9rationnelle de l\u2019organisation. <\/p>\t\t\t\t\t\t\t\t<\/div>\n\t\t\t\t<\/div>\n\t\t\t\t<div class=\"elementor-element elementor-element-11c28c4 elementor-widget__width-initial elementor-widget elementor-widget-text-editor\" data-id=\"11c28c4\" data-element_type=\"widget\" data-widget_type=\"text-editor.default\">\n\t\t\t\t<div class=\"elementor-widget-container\">\n\t\t\t\t\t\t\t\t\t<h3>Principaux aspects \u00e0 prendre en compte<\/h3>\n<p style=\"color: #212121; font-family: Roboto, sans-serif; font-size: 16px;\">Le risque op\u00e9rationnel peut provenir de diff\u00e9rents domaines d\u2019une entreprise, du syst\u00e8me technologique utilis\u00e9 pour g\u00e9rer les transactions \u00e0 la gestion des ressources humaines. Les entreprises doivent mettre en \u0153uvre des contr\u00f4les internes et des proc\u00e9dures de gestion des risques pour identifier, \u00e9valuer et att\u00e9nuer ces risques avant qu\u2019ils ne deviennent des menaces graves. <\/p>\n<p style=\"color: #212121; font-family: Roboto, sans-serif; font-size: 16px;\"><strong>La cybers\u00e9curit\u00e9<\/strong> est l\u2019un des principaux aspects \u00e0 prendre en compte dans le risque op\u00e9rationnel, en particulier dans un environnement num\u00e9rique o\u00f9 les attaques informatiques peuvent compromettre les syst\u00e8mes et les donn\u00e9es critiques. De plus, la formation continue des employ\u00e9s et l\u2019optimisation des processus sont des strat\u00e9gies cl\u00e9s pour minimiser le risque op\u00e9rationnel associ\u00e9 \u00e0 l\u2019erreur humaine. <\/p>\n<p style=\"color: #212121; font-family: Roboto, sans-serif; font-size: 16px;\">Il est essentiel pour les entreprises d\u2019avoir un plan d\u2019urgence bien structur\u00e9 en place pour att\u00e9nuer les cons\u00e9quences de toute d\u00e9faillance op\u00e9rationnelle, ainsi que pour maintenir une surveillance r\u00e9glementaire afin de se conformer \u00e0 la r\u00e9glementation et d\u2019\u00e9viter les p\u00e9nalit\u00e9s potentielles ou les dommages \u00e0 la r\u00e9putation.\t\t\t\t\t\t\t\t<\/div>\n\t\t\t\t<\/div>\n\t\t\t\t\t<\/div>\n\t\t<\/div>\n\t\t\t\t\t<\/div>\n\t\t<\/section>\n\t\t\t\t<section class=\"elementor-section elementor-top-section elementor-element elementor-element-aa563c5 elementor-section-full_width elementor-section-stretched elementor-section-height-default elementor-section-height-default parallax_section_no qode_elementor_container_no\" data-id=\"aa563c5\" data-element_type=\"section\" data-settings=\"{&quot;stretch_section&quot;:&quot;section-stretched&quot;}\">\n\t\t\t\t\t\t<div class=\"elementor-container elementor-column-gap-default\">\n\t\t\t\t\t<div class=\"elementor-column elementor-col-100 elementor-top-column elementor-element elementor-element-41114ac\" data-id=\"41114ac\" data-element_type=\"column\">\n\t\t\t<div class=\"elementor-widget-wrap elementor-element-populated\">\n\t\t\t\t\t\t<div class=\"elementor-element elementor-element-43f7095 elementor-widget elementor-widget-html\" data-id=\"43f7095\" data-element_type=\"widget\" data-widget_type=\"html.default\">\n\t\t\t\t<div class=\"elementor-widget-container\">\n\t\t\t\t\t\r\n        <div class=\"qode-advanced-call-to-action qode-advanced-cta-gradient qode-advanced-cta-gradient-animation\" style=\"height:80px\">\r\n            <a class=\"advanced-cta-link\" href=\"https:\/\/mkt.urbanitae.com\/Urbanitae_suscripcion_newsletter.html?utm_source=blog&amp;utm_medium=link_blog&amp;utm_campaign=suscripcion_blog&amp;utm_content=boton\" target=\"_blank\" onclick=\"dataLayer.push({'event': 'ub_ga4_event', 'ub_ga4_event_name': 'newsletter', 'ub_ga4_event_element': 'aprende'})\"><\/a>\r\n            <div class=\"qode-advanced-cta-content\">\r\n                <span class=\"qode-advanced-cta-text-holder\" style=\"color:#FFFFFF;font-size:25px\">\r\n Abonnez-vous \u00e0 notre Newsletter <\/span>\r\n                <span class=\"qode-advanced-cta-icon-holder\" style=\"color:#FFFFFF;font-size:25px\">\r\n                    <span class=\"qode-advanced-cta-icon-holder-table\">\r\n                        <span class=\"qode-advanced-cta-icon-holder-cell\">\r\n                            <i class=\"qode_icon_font_awesome_5 fa5 fa fa-envelope-open-text qode-advanced-cta-icon\"><\/i> <\/span>\r\n                    <\/span>\r\n                <\/span>\r\n            <\/div>\r\n            <div class=\"qode-advanced-cta-background-holder\">\r\n                <span class=\"qode-advanced-cta-background-1 qode-type1-gradient-left-to-right\"><\/span>\r\n                <span class=\"qode-advanced-cta-background-2 qode-type1-gradient-left-to-right\"><\/span>\r\n                <span class=\"qode-advanced-cta-background-3\"><\/span>\r\n            <\/div>\r\n        <\/div>\r\n\t\t\t\t<\/div>\n\t\t\t\t<\/div>\n\t\t\t\t\t<\/div>\n\t\t<\/div>\n\t\t\t\t\t<\/div>\n\t\t<\/section>\n\t\t\t\t<\/div>\n\t\t","protected":false},"excerpt":{"rendered":"<p>Qu\u2019est-ce que c\u2019est? Il s\u2019agit du risque associ\u00e9 \u00e0 des d\u00e9ficiences ou \u00e0 des d\u00e9faillances dans les processus, les proc\u00e9dures, les syst\u00e8mes ou les ressources op\u00e9rationnelles d\u2019une entreprise . Ces d\u00e9faillances peuvent entra\u00eener des pertes financi\u00e8res, des perturbations op\u00e9rationnelles, des atteintes \u00e0 la r\u00e9putation ou&#8230;<\/p>\n","protected":false},"author":20,"featured_media":0,"parent":62174,"menu_order":0,"comment_status":"closed","ping_status":"closed","template":"","meta":{"inline_featured_image":false,"_lmt_disableupdate":"","_lmt_disable":"","footnotes":""},"class_list":["post-62083","page","type-page","status-publish","hentry"],"yoast_head":"<!-- This site is optimized with the Yoast SEO plugin v26.6 - https:\/\/yoast.com\/wordpress\/plugins\/seo\/ -->\n<title>Risque op\u00e9rationnel - Urbanitae Blog<\/title>\n<meta name=\"description\" content=\"Il s\u2019agit du risque associ\u00e9 \u00e0 des d\u00e9ficiences ou \u00e0 des d\u00e9faillances dans les processus, les proc\u00e9dures, les syst\u00e8mes ou les ressources op\u00e9rationnelles d\u2019une entreprise. Ces d\u00e9faillances peuvent entra\u00eener des pertes financi\u00e8res, des perturbations op\u00e9rationnelles, des atteintes \u00e0 la r\u00e9putation ou le non-respect de la r\u00e9glementation.\" \/>\n<meta name=\"robots\" content=\"index, follow, max-snippet:-1, max-image-preview:large, max-video-preview:-1\" \/>\n<link rel=\"canonical\" href=\"https:\/\/blog.urbanitae.com\/fr\/glossaire\/risque-operationnel\/\" \/>\n<meta property=\"og:locale\" content=\"fr_FR\" \/>\n<meta property=\"og:type\" content=\"article\" \/>\n<meta property=\"og:title\" content=\"Risque op\u00e9rationnel - Urbanitae Blog\" \/>\n<meta property=\"og:description\" content=\"Il s\u2019agit du risque associ\u00e9 \u00e0 des d\u00e9ficiences ou \u00e0 des d\u00e9faillances dans les processus, les proc\u00e9dures, les syst\u00e8mes ou les ressources op\u00e9rationnelles d\u2019une entreprise. Ces d\u00e9faillances peuvent entra\u00eener des pertes financi\u00e8res, des perturbations op\u00e9rationnelles, des atteintes \u00e0 la r\u00e9putation ou le non-respect de la r\u00e9glementation.\" \/>\n<meta property=\"og:url\" content=\"https:\/\/blog.urbanitae.com\/fr\/glossaire\/risque-operationnel\/\" \/>\n<meta property=\"og:site_name\" content=\"Urbanitae Blog | Les meilleures nouvelles sur l&#039;investissement immobilier\" \/>\n<meta property=\"article:publisher\" content=\"https:\/\/www.facebook.com\/urbanitae\" \/>\n<meta property=\"article:modified_time\" content=\"2025-04-25T09:34:51+00:00\" \/>\n<meta name=\"twitter:card\" content=\"summary_large_image\" \/>\n<meta name=\"twitter:site\" content=\"@urbanitae\" \/>\n<meta name=\"twitter:label1\" content=\"Dur\u00e9e de lecture estim\u00e9e\" \/>\n\t<meta name=\"twitter:data1\" content=\"2 minutes\" \/>\n<script type=\"application\/ld+json\" class=\"yoast-schema-graph\">{\"@context\":\"https:\/\/schema.org\",\"@graph\":[{\"@type\":\"WebPage\",\"@id\":\"https:\/\/blog.urbanitae.com\/fr\/glossaire\/risque-operationnel\/\",\"url\":\"https:\/\/blog.urbanitae.com\/fr\/glossaire\/risque-operationnel\/\",\"name\":\"Risque op\u00e9rationnel - Urbanitae Blog\",\"isPartOf\":{\"@id\":\"https:\/\/blog.urbanitae.com\/fr\/#website\"},\"datePublished\":\"2025-02-26T16:00:05+00:00\",\"dateModified\":\"2025-04-25T09:34:51+00:00\",\"description\":\"Il s\u2019agit du risque associ\u00e9 \u00e0 des d\u00e9ficiences ou \u00e0 des d\u00e9faillances dans les processus, les proc\u00e9dures, les syst\u00e8mes ou les ressources op\u00e9rationnelles d\u2019une entreprise. Ces d\u00e9faillances peuvent entra\u00eener des pertes financi\u00e8res, des perturbations op\u00e9rationnelles, des atteintes \u00e0 la r\u00e9putation ou le non-respect de la r\u00e9glementation.\",\"breadcrumb\":{\"@id\":\"https:\/\/blog.urbanitae.com\/fr\/glossaire\/risque-operationnel\/#breadcrumb\"},\"inLanguage\":\"fr-FR\",\"potentialAction\":[{\"@type\":\"ReadAction\",\"target\":[\"https:\/\/blog.urbanitae.com\/fr\/glossaire\/risque-operationnel\/\"]}]},{\"@type\":\"BreadcrumbList\",\"@id\":\"https:\/\/blog.urbanitae.com\/fr\/glossaire\/risque-operationnel\/#breadcrumb\",\"itemListElement\":[{\"@type\":\"ListItem\",\"position\":1,\"name\":\"Portada\",\"item\":\"https:\/\/blog.urbanitae.com\/fr\/\"},{\"@type\":\"ListItem\",\"position\":2,\"name\":\"Glossaire\",\"item\":\"https:\/\/blog.urbanitae.com\/fr\/glosario\/\"},{\"@type\":\"ListItem\",\"position\":3,\"name\":\"Risque op\u00e9rationnel\"}]},{\"@type\":\"WebSite\",\"@id\":\"https:\/\/blog.urbanitae.com\/fr\/#website\",\"url\":\"https:\/\/blog.urbanitae.com\/fr\/\",\"name\":\"Urbanitae Blog | Las mejores noticias sobre inversi\u00f3n inmobiliaria\",\"description\":\"L'investissement immobilier \u00e0 la port\u00e9e de tous\",\"publisher\":{\"@id\":\"https:\/\/blog.urbanitae.com\/fr\/#organization\"},\"potentialAction\":[{\"@type\":\"SearchAction\",\"target\":{\"@type\":\"EntryPoint\",\"urlTemplate\":\"https:\/\/blog.urbanitae.com\/fr\/?s={search_term_string}\"},\"query-input\":{\"@type\":\"PropertyValueSpecification\",\"valueRequired\":true,\"valueName\":\"search_term_string\"}}],\"inLanguage\":\"fr-FR\"},{\"@type\":\"Organization\",\"@id\":\"https:\/\/blog.urbanitae.com\/fr\/#organization\",\"name\":\"Urbanitae\",\"url\":\"https:\/\/blog.urbanitae.com\/fr\/\",\"logo\":{\"@type\":\"ImageObject\",\"inLanguage\":\"fr-FR\",\"@id\":\"https:\/\/blog.urbanitae.com\/fr\/#\/schema\/logo\/image\/\",\"url\":\"https:\/\/blog.urbanitae.com\/wp-content\/uploads\/2020\/04\/logo-verde_350x100.svg\",\"contentUrl\":\"https:\/\/blog.urbanitae.com\/wp-content\/uploads\/2020\/04\/logo-verde_350x100.svg\",\"width\":350,\"height\":100,\"caption\":\"Urbanitae\"},\"image\":{\"@id\":\"https:\/\/blog.urbanitae.com\/fr\/#\/schema\/logo\/image\/\"},\"sameAs\":[\"https:\/\/www.facebook.com\/urbanitae\",\"https:\/\/x.com\/urbanitae\",\"https:\/\/www.instagram.com\/urbanitae\",\"https:\/\/www.linkedin.com\/company\/urbanitae\",\"https:\/\/www.pinterest.es\/UrbanitaeSL\/_created\/\",\"https:\/\/www.youtube.com\/c\/Urbanitae_RE\"]}]}<\/script>\n<!-- \/ Yoast SEO plugin. -->","yoast_head_json":{"title":"Risque op\u00e9rationnel - Urbanitae Blog","description":"Il s\u2019agit du risque associ\u00e9 \u00e0 des d\u00e9ficiences ou \u00e0 des d\u00e9faillances dans les processus, les proc\u00e9dures, les syst\u00e8mes ou les ressources op\u00e9rationnelles d\u2019une entreprise. Ces d\u00e9faillances peuvent entra\u00eener des pertes financi\u00e8res, des perturbations op\u00e9rationnelles, des atteintes \u00e0 la r\u00e9putation ou le non-respect de la r\u00e9glementation.","robots":{"index":"index","follow":"follow","max-snippet":"max-snippet:-1","max-image-preview":"max-image-preview:large","max-video-preview":"max-video-preview:-1"},"canonical":"https:\/\/blog.urbanitae.com\/fr\/glossaire\/risque-operationnel\/","og_locale":"fr_FR","og_type":"article","og_title":"Risque op\u00e9rationnel - Urbanitae Blog","og_description":"Il s\u2019agit du risque associ\u00e9 \u00e0 des d\u00e9ficiences ou \u00e0 des d\u00e9faillances dans les processus, les proc\u00e9dures, les syst\u00e8mes ou les ressources op\u00e9rationnelles d\u2019une entreprise. Ces d\u00e9faillances peuvent entra\u00eener des pertes financi\u00e8res, des perturbations op\u00e9rationnelles, des atteintes \u00e0 la r\u00e9putation ou le non-respect de la r\u00e9glementation.","og_url":"https:\/\/blog.urbanitae.com\/fr\/glossaire\/risque-operationnel\/","og_site_name":"Urbanitae Blog | Les meilleures nouvelles sur l'investissement immobilier","article_publisher":"https:\/\/www.facebook.com\/urbanitae","article_modified_time":"2025-04-25T09:34:51+00:00","twitter_card":"summary_large_image","twitter_site":"@urbanitae","twitter_misc":{"Dur\u00e9e de lecture estim\u00e9e":"2 minutes"},"schema":{"@context":"https:\/\/schema.org","@graph":[{"@type":"WebPage","@id":"https:\/\/blog.urbanitae.com\/fr\/glossaire\/risque-operationnel\/","url":"https:\/\/blog.urbanitae.com\/fr\/glossaire\/risque-operationnel\/","name":"Risque op\u00e9rationnel - Urbanitae Blog","isPartOf":{"@id":"https:\/\/blog.urbanitae.com\/fr\/#website"},"datePublished":"2025-02-26T16:00:05+00:00","dateModified":"2025-04-25T09:34:51+00:00","description":"Il s\u2019agit du risque associ\u00e9 \u00e0 des d\u00e9ficiences ou \u00e0 des d\u00e9faillances dans les processus, les proc\u00e9dures, les syst\u00e8mes ou les ressources op\u00e9rationnelles d\u2019une entreprise. Ces d\u00e9faillances peuvent entra\u00eener des pertes financi\u00e8res, des perturbations op\u00e9rationnelles, des atteintes \u00e0 la r\u00e9putation ou le non-respect de la r\u00e9glementation.","breadcrumb":{"@id":"https:\/\/blog.urbanitae.com\/fr\/glossaire\/risque-operationnel\/#breadcrumb"},"inLanguage":"fr-FR","potentialAction":[{"@type":"ReadAction","target":["https:\/\/blog.urbanitae.com\/fr\/glossaire\/risque-operationnel\/"]}]},{"@type":"BreadcrumbList","@id":"https:\/\/blog.urbanitae.com\/fr\/glossaire\/risque-operationnel\/#breadcrumb","itemListElement":[{"@type":"ListItem","position":1,"name":"Portada","item":"https:\/\/blog.urbanitae.com\/fr\/"},{"@type":"ListItem","position":2,"name":"Glossaire","item":"https:\/\/blog.urbanitae.com\/fr\/glosario\/"},{"@type":"ListItem","position":3,"name":"Risque op\u00e9rationnel"}]},{"@type":"WebSite","@id":"https:\/\/blog.urbanitae.com\/fr\/#website","url":"https:\/\/blog.urbanitae.com\/fr\/","name":"Urbanitae Blog | Las mejores noticias sobre inversi\u00f3n inmobiliaria","description":"L'investissement immobilier \u00e0 la port\u00e9e de tous","publisher":{"@id":"https:\/\/blog.urbanitae.com\/fr\/#organization"},"potentialAction":[{"@type":"SearchAction","target":{"@type":"EntryPoint","urlTemplate":"https:\/\/blog.urbanitae.com\/fr\/?s={search_term_string}"},"query-input":{"@type":"PropertyValueSpecification","valueRequired":true,"valueName":"search_term_string"}}],"inLanguage":"fr-FR"},{"@type":"Organization","@id":"https:\/\/blog.urbanitae.com\/fr\/#organization","name":"Urbanitae","url":"https:\/\/blog.urbanitae.com\/fr\/","logo":{"@type":"ImageObject","inLanguage":"fr-FR","@id":"https:\/\/blog.urbanitae.com\/fr\/#\/schema\/logo\/image\/","url":"https:\/\/blog.urbanitae.com\/wp-content\/uploads\/2020\/04\/logo-verde_350x100.svg","contentUrl":"https:\/\/blog.urbanitae.com\/wp-content\/uploads\/2020\/04\/logo-verde_350x100.svg","width":350,"height":100,"caption":"Urbanitae"},"image":{"@id":"https:\/\/blog.urbanitae.com\/fr\/#\/schema\/logo\/image\/"},"sameAs":["https:\/\/www.facebook.com\/urbanitae","https:\/\/x.com\/urbanitae","https:\/\/www.instagram.com\/urbanitae","https:\/\/www.linkedin.com\/company\/urbanitae","https:\/\/www.pinterest.es\/UrbanitaeSL\/_created\/","https:\/\/www.youtube.com\/c\/Urbanitae_RE"]}]}},"_links":{"self":[{"href":"https:\/\/blog.urbanitae.com\/fr\/wp-json\/wp\/v2\/pages\/62083","targetHints":{"allow":["GET"]}}],"collection":[{"href":"https:\/\/blog.urbanitae.com\/fr\/wp-json\/wp\/v2\/pages"}],"about":[{"href":"https:\/\/blog.urbanitae.com\/fr\/wp-json\/wp\/v2\/types\/page"}],"author":[{"embeddable":true,"href":"https:\/\/blog.urbanitae.com\/fr\/wp-json\/wp\/v2\/users\/20"}],"replies":[{"embeddable":true,"href":"https:\/\/blog.urbanitae.com\/fr\/wp-json\/wp\/v2\/comments?post=62083"}],"version-history":[{"count":1,"href":"https:\/\/blog.urbanitae.com\/fr\/wp-json\/wp\/v2\/pages\/62083\/revisions"}],"predecessor-version":[{"id":62084,"href":"https:\/\/blog.urbanitae.com\/fr\/wp-json\/wp\/v2\/pages\/62083\/revisions\/62084"}],"up":[{"embeddable":true,"href":"https:\/\/blog.urbanitae.com\/fr\/wp-json\/wp\/v2\/pages\/62174"}],"wp:attachment":[{"href":"https:\/\/blog.urbanitae.com\/fr\/wp-json\/wp\/v2\/media?parent=62083"}],"curies":[{"name":"wp","href":"https:\/\/api.w.org\/{rel}","templated":true}]}}