{"id":62081,"date":"2025-04-15T21:02:44","date_gmt":"2025-04-15T19:02:44","guid":{"rendered":"https:\/\/blog.urbanitae.com\/risque-dinflation\/"},"modified":"2025-12-10T16:44:21","modified_gmt":"2025-12-10T15:44:21","slug":"risque-dinflation","status":"publish","type":"page","link":"https:\/\/blog.urbanitae.com\/fr\/glossaire\/risque-dinflation\/","title":{"rendered":"Risque d&#8217;inflation"},"content":{"rendered":"\t\t<div data-elementor-type=\"wp-page\" data-elementor-id=\"62081\" class=\"elementor elementor-62081 elementor-57212\">\n\t\t\t\t\t\t<section class=\"elementor-section elementor-top-section elementor-element elementor-element-d86d887 elementor-section-boxed elementor-section-height-default elementor-section-height-default parallax_section_no qode_elementor_container_no\" data-id=\"d86d887\" data-element_type=\"section\" data-e-type=\"section\">\n\t\t\t\t\t\t<div class=\"elementor-container elementor-column-gap-default\">\n\t\t\t\t\t<div class=\"elementor-column elementor-col-100 elementor-top-column elementor-element elementor-element-8b49ddd\" data-id=\"8b49ddd\" data-element_type=\"column\" data-e-type=\"column\">\n\t\t\t<div class=\"elementor-widget-wrap elementor-element-populated\">\n\t\t\t\t\t\t<div class=\"elementor-element elementor-element-083b30b elementor-widget__width-initial elementor-widget elementor-widget-text-editor\" data-id=\"083b30b\" data-element_type=\"widget\" data-e-type=\"widget\" data-widget_type=\"text-editor.default\">\n\t\t\t\t<div class=\"elementor-widget-container\">\n\t\t\t\t\t\t\t\t\t<h3>Qu\u2019est-ce que c\u2019est?<\/h3><p style=\"color: #212121; font-family: Roboto, sans-serif; font-size: 16px;\"><strong>C\u2019est le risque que l\u2019inflation<\/strong> r\u00e9duise la valeur d\u2019achat de l\u2019argent au fil du temps. L\u2019inflation implique une augmentation g\u00e9n\u00e9ralis\u00e9e des prix des biens et services, ce qui signifie qu\u2019au fil du temps, l\u2019argent perd son pouvoir d\u2019achat. Lorsque le taux d\u2019inflation est \u00e9lev\u00e9, les rendements nominaux des investissements peuvent ne pas \u00eatre suffisants pour compenser la hausse des prix, ce qui am\u00e8ne les investisseurs \u00e0 voir une baisse de la valeur r\u00e9elle de leurs rendements. Dans ces cas, le rendement d\u2019un investissement peut ne pas \u00eatre suffisant pour maintenir le niveau de vie de l\u2019investisseur.   <\/p><p style=\"color: #212121; font-family: Roboto, sans-serif; font-size: 16px;\">Ce risque est particuli\u00e8rement pertinent pour les investissements \u00e0 revenu fixe ou les actifs dont la valeur n\u2019est pas ajust\u00e9e \u00e0 l\u2019inflation, comme les obligations ou les d\u00e9p\u00f4ts \u00e0 terme, car leurs rendements peuvent \u00eatre absorb\u00e9s par la hausse des prix.<\/p>\t\t\t\t\t\t\t\t<\/div>\n\t\t\t\t<\/div>\n\t\t\t\t<div class=\"elementor-element elementor-element-11c28c4 elementor-widget__width-initial elementor-widget elementor-widget-text-editor\" data-id=\"11c28c4\" data-element_type=\"widget\" data-e-type=\"widget\" data-widget_type=\"text-editor.default\">\n\t\t\t\t<div class=\"elementor-widget-container\">\n\t\t\t\t\t\t\t\t\t<h3>Principaux aspects \u00e0 prendre en compte<\/h3>\n<p style=\"color: #212121; font-family: Roboto, sans-serif; font-size: 16px;\"><strong>Le risque d\u2019inflation<\/strong> peut avoir un impact significatif sur les investissements \u00e0 long terme, car m\u00eame si un investissement g\u00e9n\u00e8re des rendements positifs, une inflation \u00e9lev\u00e9e peut r\u00e9duire la capacit\u00e9 de l\u2019investisseur \u00e0 pr\u00e9server son pouvoir d\u2019achat. Pour se couvrir contre l\u2019inflation, les investisseurs peuvent envisager des actifs qui ont historiquement bien perform\u00e9 pendant les p\u00e9riodes inflationnistes, tels que les actions, l\u2019immobilier ou les mati\u00e8res premi\u00e8res. <\/p>\n<p style=\"color: #212121; font-family: Roboto, sans-serif; font-size: 16px;\">Un ajustement en fonction de l\u2019inflation est important lors de l\u2019\u00e9valuation du rendement r\u00e9el des investissements. Il est conseill\u00e9 de consid\u00e9rer le rendement r\u00e9el, qui ajuste les rendements nominaux en tenant compte de l\u2019inflation. Bien que certains actifs puissent offrir un rendement sup\u00e9rieur \u00e0 l\u2019inflation, les investisseurs doivent \u00eatre conscients que dans un environnement inflationniste \u00e9lev\u00e9, le rendement de nombreux investissements traditionnels peut \u00eatre r\u00e9duit.  <\/p>\n<p style=\"color: #212121; font-family: Roboto, sans-serif; font-size: 16px;\">De plus, il est important de tenir compte des politiques mon\u00e9taires et des taux d\u2019int\u00e9r\u00eat, car les banques centrales peuvent augmenter les taux d\u2019int\u00e9r\u00eat pour contr\u00f4ler l\u2019inflation, ce qui peut affecter la valeur des investissements et la rentabilit\u00e9 des portefeuilles.\t\t\t\t\t\t\t\t<\/div>\n\t\t\t\t<\/div>\n\t\t\t\t\t<\/div>\n\t\t<\/div>\n\t\t\t\t\t<\/div>\n\t\t<\/section>\n\t\t\t\t<section class=\"elementor-section elementor-top-section elementor-element elementor-element-aa563c5 elementor-section-full_width elementor-section-stretched elementor-section-height-default elementor-section-height-default parallax_section_no qode_elementor_container_no\" data-id=\"aa563c5\" data-element_type=\"section\" data-e-type=\"section\" data-settings=\"{&quot;stretch_section&quot;:&quot;section-stretched&quot;}\">\n\t\t\t\t\t\t<div class=\"elementor-container elementor-column-gap-default\">\n\t\t\t\t\t<div class=\"elementor-column elementor-col-100 elementor-top-column elementor-element elementor-element-41114ac\" data-id=\"41114ac\" data-element_type=\"column\" data-e-type=\"column\">\n\t\t\t<div class=\"elementor-widget-wrap elementor-element-populated\">\n\t\t\t\t\t\t<div class=\"elementor-element elementor-element-43f7095 elementor-widget elementor-widget-html\" data-id=\"43f7095\" data-element_type=\"widget\" data-e-type=\"widget\" data-widget_type=\"html.default\">\n\t\t\t\t<div class=\"elementor-widget-container\">\n\t\t\t\t\t\r\n        <div class=\"qode-advanced-call-to-action qode-advanced-cta-gradient qode-advanced-cta-gradient-animation\" style=\"height:80px\">\r\n            <a class=\"advanced-cta-link\" href=\"https:\/\/mkt.urbanitae.com\/Urbanitae_suscripcion_newsletter.html?utm_source=blog&amp;utm_medium=link_blog&amp;utm_campaign=suscripcion_blog&amp;utm_content=boton\" target=\"_blank\" onclick=\"dataLayer.push({'event': 'ub_ga4_event', 'ub_ga4_event_name': 'newsletter', 'ub_ga4_event_element': 'aprende'})\"><\/a>\r\n            <div class=\"qode-advanced-cta-content\">\r\n                <span class=\"qode-advanced-cta-text-holder\" style=\"color:#FFFFFF;font-size:25px\">\r\n Abonnez-vous \u00e0 notre Newsletter <\/span>\r\n                <span class=\"qode-advanced-cta-icon-holder\" style=\"color:#FFFFFF;font-size:25px\">\r\n                    <span class=\"qode-advanced-cta-icon-holder-table\">\r\n                        <span class=\"qode-advanced-cta-icon-holder-cell\">\r\n                            <i class=\"qode_icon_font_awesome_5 fa5 fa fa-envelope-open-text qode-advanced-cta-icon\"><\/i> <\/span>\r\n                    <\/span>\r\n                <\/span>\r\n            <\/div>\r\n            <div class=\"qode-advanced-cta-background-holder\">\r\n                <span class=\"qode-advanced-cta-background-1 qode-type1-gradient-left-to-right\"><\/span>\r\n                <span class=\"qode-advanced-cta-background-2 qode-type1-gradient-left-to-right\"><\/span>\r\n                <span class=\"qode-advanced-cta-background-3\"><\/span>\r\n            <\/div>\r\n        <\/div>\r\n\t\t\t\t<\/div>\n\t\t\t\t<\/div>\n\t\t\t\t\t<\/div>\n\t\t<\/div>\n\t\t\t\t\t<\/div>\n\t\t<\/section>\n\t\t\t\t<\/div>\n\t\t","protected":false},"excerpt":{"rendered":"<p>Qu\u2019est-ce que c\u2019est? C\u2019est le risque que l\u2019inflation r\u00e9duise la valeur d\u2019achat de l\u2019argent au fil du temps. L\u2019inflation implique une augmentation g\u00e9n\u00e9ralis\u00e9e des prix des biens et services, ce qui signifie qu\u2019au fil du temps, l\u2019argent perd son pouvoir d\u2019achat. Lorsque le taux d\u2019inflation&#8230;<\/p>\n","protected":false},"author":20,"featured_media":0,"parent":62174,"menu_order":0,"comment_status":"closed","ping_status":"closed","template":"","meta":{"inline_featured_image":false,"_lmt_disableupdate":"","_lmt_disable":"","footnotes":""},"class_list":["post-62081","page","type-page","status-publish","hentry"],"yoast_head":"<!-- This site is optimized with the Yoast SEO plugin v27.3 - https:\/\/yoast.com\/product\/yoast-seo-wordpress\/ -->\n<title>Risque d&#039;inflation - Urbanitae Blog<\/title>\n<meta name=\"description\" content=\"Il s&#039;agit du risque que l&#039;inflation r\u00e9duise le pouvoir d&#039;achat de la monnaie au fil du temps. Lorsque le taux d&#039;inflation est \u00e9lev\u00e9, les investisseurs risquent de voir leurs rendements r\u00e9els passer en dessous du taux d&#039;inflation, ce qui diminue leur pouvoir d&#039;achat.\" \/>\n<meta name=\"robots\" content=\"index, follow, max-snippet:-1, max-image-preview:large, max-video-preview:-1\" \/>\n<link rel=\"canonical\" href=\"https:\/\/blog.urbanitae.com\/fr\/glossaire\/risque-dinflation\/\" \/>\n<meta property=\"og:locale\" content=\"fr_FR\" \/>\n<meta property=\"og:type\" content=\"article\" \/>\n<meta property=\"og:title\" content=\"Risque d&#039;inflation - Urbanitae Blog\" \/>\n<meta property=\"og:description\" content=\"Il s&#039;agit du risque que l&#039;inflation r\u00e9duise le pouvoir d&#039;achat de la monnaie au fil du temps. Lorsque le taux d&#039;inflation est \u00e9lev\u00e9, les investisseurs risquent de voir leurs rendements r\u00e9els passer en dessous du taux d&#039;inflation, ce qui diminue leur pouvoir d&#039;achat.\" \/>\n<meta property=\"og:url\" content=\"https:\/\/blog.urbanitae.com\/fr\/glossaire\/risque-dinflation\/\" \/>\n<meta property=\"og:site_name\" content=\"Urbanitae Blog | Les meilleures nouvelles sur l&#039;investissement immobilier\" \/>\n<meta property=\"article:publisher\" content=\"https:\/\/www.facebook.com\/urbanitae\" \/>\n<meta property=\"article:modified_time\" content=\"2025-12-10T15:44:21+00:00\" \/>\n<meta name=\"twitter:card\" content=\"summary_large_image\" \/>\n<meta name=\"twitter:site\" content=\"@urbanitae\" \/>\n<meta name=\"twitter:label1\" content=\"Dur\u00e9e de lecture estim\u00e9e\" \/>\n\t<meta name=\"twitter:data1\" content=\"2 minutes\" \/>\n<script type=\"application\/ld+json\" class=\"yoast-schema-graph\">{\"@context\":\"https:\\\/\\\/schema.org\",\"@graph\":[{\"@type\":\"WebPage\",\"@id\":\"https:\\\/\\\/blog.urbanitae.com\\\/fr\\\/glossaire\\\/risque-dinflation\\\/\",\"url\":\"https:\\\/\\\/blog.urbanitae.com\\\/fr\\\/glossaire\\\/risque-dinflation\\\/\",\"name\":\"Risque d'inflation - Urbanitae Blog\",\"isPartOf\":{\"@id\":\"https:\\\/\\\/blog.urbanitae.com\\\/fr\\\/#website\"},\"datePublished\":\"2025-04-15T19:02:44+00:00\",\"dateModified\":\"2025-12-10T15:44:21+00:00\",\"description\":\"Il s'agit du risque que l'inflation r\u00e9duise le pouvoir d'achat de la monnaie au fil du temps. Lorsque le taux d'inflation est \u00e9lev\u00e9, les investisseurs risquent de voir leurs rendements r\u00e9els passer en dessous du taux d'inflation, ce qui diminue leur pouvoir d'achat.\",\"breadcrumb\":{\"@id\":\"https:\\\/\\\/blog.urbanitae.com\\\/fr\\\/glossaire\\\/risque-dinflation\\\/#breadcrumb\"},\"inLanguage\":\"fr-FR\",\"potentialAction\":[{\"@type\":\"ReadAction\",\"target\":[\"https:\\\/\\\/blog.urbanitae.com\\\/fr\\\/glossaire\\\/risque-dinflation\\\/\"]}]},{\"@type\":\"BreadcrumbList\",\"@id\":\"https:\\\/\\\/blog.urbanitae.com\\\/fr\\\/glossaire\\\/risque-dinflation\\\/#breadcrumb\",\"itemListElement\":[{\"@type\":\"ListItem\",\"position\":1,\"name\":\"Portada\",\"item\":\"https:\\\/\\\/blog.urbanitae.com\\\/fr\\\/\"},{\"@type\":\"ListItem\",\"position\":2,\"name\":\"Glossaire\",\"item\":\"https:\\\/\\\/blog.urbanitae.com\\\/fr\\\/glosario\\\/\"},{\"@type\":\"ListItem\",\"position\":3,\"name\":\"Risque d&#8217;inflation\"}]},{\"@type\":\"WebSite\",\"@id\":\"https:\\\/\\\/blog.urbanitae.com\\\/fr\\\/#website\",\"url\":\"https:\\\/\\\/blog.urbanitae.com\\\/fr\\\/\",\"name\":\"Urbanitae Blog | Las mejores noticias sobre inversi\u00f3n inmobiliaria\",\"description\":\"L'investissement immobilier \u00e0 la port\u00e9e de tous\",\"publisher\":{\"@id\":\"https:\\\/\\\/blog.urbanitae.com\\\/fr\\\/#organization\"},\"potentialAction\":[{\"@type\":\"SearchAction\",\"target\":{\"@type\":\"EntryPoint\",\"urlTemplate\":\"https:\\\/\\\/blog.urbanitae.com\\\/fr\\\/?s={search_term_string}\"},\"query-input\":{\"@type\":\"PropertyValueSpecification\",\"valueRequired\":true,\"valueName\":\"search_term_string\"}}],\"inLanguage\":\"fr-FR\"},{\"@type\":\"Organization\",\"@id\":\"https:\\\/\\\/blog.urbanitae.com\\\/fr\\\/#organization\",\"name\":\"Urbanitae\",\"url\":\"https:\\\/\\\/blog.urbanitae.com\\\/fr\\\/\",\"logo\":{\"@type\":\"ImageObject\",\"inLanguage\":\"fr-FR\",\"@id\":\"https:\\\/\\\/blog.urbanitae.com\\\/fr\\\/#\\\/schema\\\/logo\\\/image\\\/\",\"url\":\"https:\\\/\\\/blog.urbanitae.com\\\/wp-content\\\/uploads\\\/2020\\\/04\\\/logo-verde_350x100.svg\",\"contentUrl\":\"https:\\\/\\\/blog.urbanitae.com\\\/wp-content\\\/uploads\\\/2020\\\/04\\\/logo-verde_350x100.svg\",\"width\":350,\"height\":100,\"caption\":\"Urbanitae\"},\"image\":{\"@id\":\"https:\\\/\\\/blog.urbanitae.com\\\/fr\\\/#\\\/schema\\\/logo\\\/image\\\/\"},\"sameAs\":[\"https:\\\/\\\/www.facebook.com\\\/urbanitae\",\"https:\\\/\\\/x.com\\\/urbanitae\",\"https:\\\/\\\/www.instagram.com\\\/urbanitae\",\"https:\\\/\\\/www.linkedin.com\\\/company\\\/urbanitae\",\"https:\\\/\\\/www.pinterest.es\\\/UrbanitaeSL\\\/_created\\\/\",\"https:\\\/\\\/www.youtube.com\\\/c\\\/Urbanitae_RE\"]}]}<\/script>\n<!-- \/ Yoast SEO plugin. -->","yoast_head_json":{"title":"Risque d'inflation - Urbanitae Blog","description":"Il s'agit du risque que l'inflation r\u00e9duise le pouvoir d'achat de la monnaie au fil du temps. Lorsque le taux d'inflation est \u00e9lev\u00e9, les investisseurs risquent de voir leurs rendements r\u00e9els passer en dessous du taux d'inflation, ce qui diminue leur pouvoir d'achat.","robots":{"index":"index","follow":"follow","max-snippet":"max-snippet:-1","max-image-preview":"max-image-preview:large","max-video-preview":"max-video-preview:-1"},"canonical":"https:\/\/blog.urbanitae.com\/fr\/glossaire\/risque-dinflation\/","og_locale":"fr_FR","og_type":"article","og_title":"Risque d'inflation - Urbanitae Blog","og_description":"Il s'agit du risque que l'inflation r\u00e9duise le pouvoir d'achat de la monnaie au fil du temps. Lorsque le taux d'inflation est \u00e9lev\u00e9, les investisseurs risquent de voir leurs rendements r\u00e9els passer en dessous du taux d'inflation, ce qui diminue leur pouvoir d'achat.","og_url":"https:\/\/blog.urbanitae.com\/fr\/glossaire\/risque-dinflation\/","og_site_name":"Urbanitae Blog | Les meilleures nouvelles sur l'investissement immobilier","article_publisher":"https:\/\/www.facebook.com\/urbanitae","article_modified_time":"2025-12-10T15:44:21+00:00","twitter_card":"summary_large_image","twitter_site":"@urbanitae","twitter_misc":{"Dur\u00e9e de lecture estim\u00e9e":"2 minutes"},"schema":{"@context":"https:\/\/schema.org","@graph":[{"@type":"WebPage","@id":"https:\/\/blog.urbanitae.com\/fr\/glossaire\/risque-dinflation\/","url":"https:\/\/blog.urbanitae.com\/fr\/glossaire\/risque-dinflation\/","name":"Risque d'inflation - Urbanitae Blog","isPartOf":{"@id":"https:\/\/blog.urbanitae.com\/fr\/#website"},"datePublished":"2025-04-15T19:02:44+00:00","dateModified":"2025-12-10T15:44:21+00:00","description":"Il s'agit du risque que l'inflation r\u00e9duise le pouvoir d'achat de la monnaie au fil du temps. Lorsque le taux d'inflation est \u00e9lev\u00e9, les investisseurs risquent de voir leurs rendements r\u00e9els passer en dessous du taux d'inflation, ce qui diminue leur pouvoir d'achat.","breadcrumb":{"@id":"https:\/\/blog.urbanitae.com\/fr\/glossaire\/risque-dinflation\/#breadcrumb"},"inLanguage":"fr-FR","potentialAction":[{"@type":"ReadAction","target":["https:\/\/blog.urbanitae.com\/fr\/glossaire\/risque-dinflation\/"]}]},{"@type":"BreadcrumbList","@id":"https:\/\/blog.urbanitae.com\/fr\/glossaire\/risque-dinflation\/#breadcrumb","itemListElement":[{"@type":"ListItem","position":1,"name":"Portada","item":"https:\/\/blog.urbanitae.com\/fr\/"},{"@type":"ListItem","position":2,"name":"Glossaire","item":"https:\/\/blog.urbanitae.com\/fr\/glosario\/"},{"@type":"ListItem","position":3,"name":"Risque d&#8217;inflation"}]},{"@type":"WebSite","@id":"https:\/\/blog.urbanitae.com\/fr\/#website","url":"https:\/\/blog.urbanitae.com\/fr\/","name":"Urbanitae Blog | Las mejores noticias sobre inversi\u00f3n inmobiliaria","description":"L'investissement immobilier \u00e0 la port\u00e9e de tous","publisher":{"@id":"https:\/\/blog.urbanitae.com\/fr\/#organization"},"potentialAction":[{"@type":"SearchAction","target":{"@type":"EntryPoint","urlTemplate":"https:\/\/blog.urbanitae.com\/fr\/?s={search_term_string}"},"query-input":{"@type":"PropertyValueSpecification","valueRequired":true,"valueName":"search_term_string"}}],"inLanguage":"fr-FR"},{"@type":"Organization","@id":"https:\/\/blog.urbanitae.com\/fr\/#organization","name":"Urbanitae","url":"https:\/\/blog.urbanitae.com\/fr\/","logo":{"@type":"ImageObject","inLanguage":"fr-FR","@id":"https:\/\/blog.urbanitae.com\/fr\/#\/schema\/logo\/image\/","url":"https:\/\/blog.urbanitae.com\/wp-content\/uploads\/2020\/04\/logo-verde_350x100.svg","contentUrl":"https:\/\/blog.urbanitae.com\/wp-content\/uploads\/2020\/04\/logo-verde_350x100.svg","width":350,"height":100,"caption":"Urbanitae"},"image":{"@id":"https:\/\/blog.urbanitae.com\/fr\/#\/schema\/logo\/image\/"},"sameAs":["https:\/\/www.facebook.com\/urbanitae","https:\/\/x.com\/urbanitae","https:\/\/www.instagram.com\/urbanitae","https:\/\/www.linkedin.com\/company\/urbanitae","https:\/\/www.pinterest.es\/UrbanitaeSL\/_created\/","https:\/\/www.youtube.com\/c\/Urbanitae_RE"]}]}},"_links":{"self":[{"href":"https:\/\/blog.urbanitae.com\/fr\/wp-json\/wp\/v2\/pages\/62081","targetHints":{"allow":["GET"]}}],"collection":[{"href":"https:\/\/blog.urbanitae.com\/fr\/wp-json\/wp\/v2\/pages"}],"about":[{"href":"https:\/\/blog.urbanitae.com\/fr\/wp-json\/wp\/v2\/types\/page"}],"author":[{"embeddable":true,"href":"https:\/\/blog.urbanitae.com\/fr\/wp-json\/wp\/v2\/users\/20"}],"replies":[{"embeddable":true,"href":"https:\/\/blog.urbanitae.com\/fr\/wp-json\/wp\/v2\/comments?post=62081"}],"version-history":[{"count":1,"href":"https:\/\/blog.urbanitae.com\/fr\/wp-json\/wp\/v2\/pages\/62081\/revisions"}],"predecessor-version":[{"id":62082,"href":"https:\/\/blog.urbanitae.com\/fr\/wp-json\/wp\/v2\/pages\/62081\/revisions\/62082"}],"up":[{"embeddable":true,"href":"https:\/\/blog.urbanitae.com\/fr\/wp-json\/wp\/v2\/pages\/62174"}],"wp:attachment":[{"href":"https:\/\/blog.urbanitae.com\/fr\/wp-json\/wp\/v2\/media?parent=62081"}],"curies":[{"name":"wp","href":"https:\/\/api.w.org\/{rel}","templated":true}]}}