{"id":62059,"date":"2025-04-15T19:50:21","date_gmt":"2025-04-15T17:50:21","guid":{"rendered":"https:\/\/blog.urbanitae.com\/rcs-registre-du-commerce-et-des-societes\/"},"modified":"2025-04-25T11:34:40","modified_gmt":"2025-04-25T09:34:40","slug":"rcs-registre-du-commerce-et-des-societes","status":"publish","type":"page","link":"https:\/\/blog.urbanitae.com\/fr\/glossaire\/rcs-registre-du-commerce-et-des-societes\/","title":{"rendered":"RCS (Registre du commerce et des soci\u00e9t\u00e9s)"},"content":{"rendered":"\t\t<div data-elementor-type=\"wp-page\" data-elementor-id=\"62059\" class=\"elementor elementor-62059 elementor-57110\">\n\t\t\t\t\t\t<section class=\"elementor-section elementor-top-section elementor-element elementor-element-d86d887 elementor-section-boxed elementor-section-height-default elementor-section-height-default\" data-id=\"d86d887\" data-element_type=\"section\" data-e-type=\"section\">\n\t\t\t\t\t\t<div class=\"elementor-container elementor-column-gap-default\">\n\t\t\t\t\t<div class=\"elementor-column elementor-col-100 elementor-top-column elementor-element elementor-element-8b49ddd\" data-id=\"8b49ddd\" data-element_type=\"column\" data-e-type=\"column\">\n\t\t\t<div class=\"elementor-widget-wrap elementor-element-populated\">\n\t\t\t\t\t\t<div class=\"elementor-element elementor-element-083b30b elementor-widget__width-initial elementor-widget elementor-widget-text-editor\" data-id=\"083b30b\" data-element_type=\"widget\" data-e-type=\"widget\" data-widget_type=\"text-editor.default\">\n\t\t\t\t<div class=\"elementor-widget-container\">\n\t\t\t\t\t\t\t\t\t<h3>Qu\u2019est-ce que c\u2019est?<\/h3><p style=\"color: #212121; font-family: Roboto, sans-serif; font-size: 16px;\">Il s\u2019agit d\u2019un <strong>registre public<\/strong> o\u00f9 sont enregistr\u00e9es des soci\u00e9t\u00e9s et des soci\u00e9t\u00e9s commerciales. Le registre du commerce fournit des informations sur la constitution, la structure et les activit\u00e9s commerciales des soci\u00e9t\u00e9s, ainsi que sur les actes et documents li\u00e9s \u00e0 leur fonctionnement, tels que la modification des statuts, les augmentations de capital ou les changements d\u2019administration.<\/p><p style=\"color: #212121; font-family: Roboto, sans-serif; font-size: 16px;\">L\u2019objectif principal du <strong>registre du commerce<\/strong> est d\u2019offrir transparence et s\u00e9curit\u00e9 juridique tant aux entrepreneurs qu\u2019aux tiers qui souhaitent conna\u00eetre la situation juridique et financi\u00e8re d\u2019une entreprise. En outre, ce registre permet d\u2019assurer le respect de la r\u00e9glementation commerciale et de prot\u00e9ger les int\u00e9r\u00eats des investisseurs, des clients et des autres parties prenantes. <\/p>\t\t\t\t\t\t\t\t<\/div>\n\t\t\t\t<\/div>\n\t\t\t\t<div class=\"elementor-element elementor-element-11c28c4 elementor-widget__width-initial elementor-widget elementor-widget-text-editor\" data-id=\"11c28c4\" data-element_type=\"widget\" data-e-type=\"widget\" data-widget_type=\"text-editor.default\">\n\t\t\t\t<div class=\"elementor-widget-container\">\n\t\t\t\t\t\t\t\t\t<h3>Principaux aspects \u00e0 prendre en compte<\/h3><p style=\"color: #212121; font-family: Roboto, sans-serif; font-size: 16px;\">L\u2019inscription au <strong>registre du commerce<\/strong> est obligatoire pour les entreprises op\u00e9rant dans le domaine commercial, et constitue une obligation l\u00e9gale pour pouvoir effectuer certains actes, tels que l\u2019ouverture de comptes bancaires, la signature de contrats commerciaux ou la participation \u00e0 des appels d\u2019offres publics. Les informations inscrites dans ce registre sont accessibles au public, ce qui permet aux parties int\u00e9ress\u00e9es de v\u00e9rifier l\u2019existence, les ant\u00e9c\u00e9dents et le statut de l\u2019entreprise avant d\u2019effectuer des transactions avec elle. <\/p><p style=\"color: #212121; font-family: Roboto, sans-serif; font-size: 16px;\">Il est important de noter que le <strong>registre du commerce<\/strong> ne garantit pas la solvabilit\u00e9 ou la fiabilit\u00e9 d\u2019une entreprise, bien qu\u2019il fournisse une base juridique solide sur laquelle les risques de partenariat ou d\u2019investissement dans une entreprise peuvent \u00eatre \u00e9valu\u00e9s. En outre, la mise \u00e0 jour des informations enregistr\u00e9es est cruciale pour maintenir la v\u00e9racit\u00e9 des donn\u00e9es disponibles, de sorte que les entreprises doivent s\u2019assurer qu\u2019elles respectent leurs obligations d\u2019enregistrer les documents pertinents ou les modifications en temps opportun. <\/p>\t\t\t\t\t\t\t\t<\/div>\n\t\t\t\t<\/div>\n\t\t\t\t\t<\/div>\n\t\t<\/div>\n\t\t\t\t\t<\/div>\n\t\t<\/section>\n\t\t\t\t<section class=\"elementor-section elementor-top-section elementor-element elementor-element-aa563c5 elementor-section-full_width elementor-section-height-default elementor-section-height-default\" data-id=\"aa563c5\" data-element_type=\"section\" data-e-type=\"section\">\n\t\t\t\t\t\t<div class=\"elementor-container elementor-column-gap-default\">\n\t\t\t\t\t<div class=\"elementor-column elementor-col-100 elementor-top-column elementor-element elementor-element-41114ac\" data-id=\"41114ac\" data-element_type=\"column\" data-e-type=\"column\">\n\t\t\t<div class=\"elementor-widget-wrap elementor-element-populated\">\n\t\t\t\t\t\t<div class=\"elementor-element elementor-element-43f7095 elementor-widget elementor-widget-html\" data-id=\"43f7095\" data-element_type=\"widget\" data-e-type=\"widget\" data-widget_type=\"html.default\">\n\t\t\t\t<div class=\"elementor-widget-container\">\n\t\t\t\t\t\r\n        <div class=\"qode-advanced-call-to-action qode-advanced-cta-gradient qode-advanced-cta-gradient-animation\" style=\"height:80px\">\r\n            <a class=\"advanced-cta-link\" href=\"https:\/\/mkt.urbanitae.com\/Urbanitae_suscripcion_newsletter.html?utm_source=blog&amp;utm_medium=link_blog&amp;utm_campaign=suscripcion_blog&amp;utm_content=boton\" target=\"_blank\" onclick=\"dataLayer.push({'event': 'ub_ga4_event', 'ub_ga4_event_name': 'newsletter', 'ub_ga4_event_element': 'aprende'})\"><\/a>\r\n            <div class=\"qode-advanced-cta-content\">\r\n                <span class=\"qode-advanced-cta-text-holder\" style=\"color:#FFFFFF;font-size:25px\">\r\n Abonnez-vous \u00e0 notre Newsletter <\/span>\r\n                <span class=\"qode-advanced-cta-icon-holder\" style=\"color:#FFFFFF;font-size:25px\">\r\n                    <span class=\"qode-advanced-cta-icon-holder-table\">\r\n                        <span class=\"qode-advanced-cta-icon-holder-cell\">\r\n                            <i class=\"qode_icon_font_awesome_5 fa5 fa fa-envelope-open-text qode-advanced-cta-icon\"><\/i> <\/span>\r\n                    <\/span>\r\n                <\/span>\r\n            <\/div>\r\n            <div class=\"qode-advanced-cta-background-holder\">\r\n                <span class=\"qode-advanced-cta-background-1 qode-type1-gradient-left-to-right\"><\/span>\r\n                <span class=\"qode-advanced-cta-background-2 qode-type1-gradient-left-to-right\"><\/span>\r\n                <span class=\"qode-advanced-cta-background-3\"><\/span>\r\n            <\/div>\r\n        <\/div>\r\n\t\t\t\t<\/div>\n\t\t\t\t<\/div>\n\t\t\t\t\t<\/div>\n\t\t<\/div>\n\t\t\t\t\t<\/div>\n\t\t<\/section>\n\t\t\t\t<\/div>\n\t\t","protected":false},"excerpt":{"rendered":"<p>Qu\u2019est-ce que c\u2019est? Il s\u2019agit d\u2019un registre public o\u00f9 sont enregistr\u00e9es des soci\u00e9t\u00e9s et des soci\u00e9t\u00e9s commerciales. Le registre du commerce fournit des informations sur la constitution, la structure et les activit\u00e9s commerciales des soci\u00e9t\u00e9s, ainsi que sur les actes et documents li\u00e9s \u00e0 leur fonctionnement, tels que la modification des statuts, les augmentations de [&hellip;]<\/p>\n","protected":false},"author":20,"featured_media":0,"parent":62174,"menu_order":0,"comment_status":"closed","ping_status":"closed","template":"","meta":{"inline_featured_image":false,"footnotes":""},"class_list":["post-62059","page","type-page","status-publish","hentry"],"blocksy_meta":[],"yoast_head":"<!-- This site is optimized with the Yoast SEO plugin v27.4 - https:\/\/yoast.com\/product\/yoast-seo-wordpress\/ -->\n<title>RCS (Registre du commerce et des soci\u00e9t\u00e9s) - Urbanitae Blog<\/title>\n<meta name=\"description\" content=\"Il s\u2019agit d\u2019un registre public o\u00f9 sont enregistr\u00e9es des soci\u00e9t\u00e9s et des soci\u00e9t\u00e9s commerciales. Le registre du commerce fournit des informations sur la constitution, la structure et les activit\u00e9s commerciales des soci\u00e9t\u00e9s, ainsi que sur les actes et documents li\u00e9s \u00e0 leur fonctionnement.\" \/>\n<meta name=\"robots\" content=\"index, follow, max-snippet:-1, max-image-preview:large, max-video-preview:-1\" \/>\n<link rel=\"canonical\" href=\"https:\/\/blog.urbanitae.com\/fr\/glossaire\/rcs-registre-du-commerce-et-des-societes\/\" \/>\n<meta property=\"og:locale\" content=\"fr_FR\" \/>\n<meta property=\"og:type\" content=\"article\" \/>\n<meta property=\"og:title\" content=\"RCS (Registre du commerce et des soci\u00e9t\u00e9s) - Urbanitae Blog\" \/>\n<meta property=\"og:description\" content=\"Il s\u2019agit d\u2019un registre public o\u00f9 sont enregistr\u00e9es des soci\u00e9t\u00e9s et des soci\u00e9t\u00e9s commerciales. Le registre du commerce fournit des informations sur la constitution, la structure et les activit\u00e9s commerciales des soci\u00e9t\u00e9s, ainsi que sur les actes et documents li\u00e9s \u00e0 leur fonctionnement.\" \/>\n<meta property=\"og:url\" content=\"https:\/\/blog.urbanitae.com\/fr\/glossaire\/rcs-registre-du-commerce-et-des-societes\/\" \/>\n<meta property=\"og:site_name\" content=\"Urbanitae Blog | Les meilleures nouvelles sur l&#039;investissement immobilier\" \/>\n<meta property=\"article:publisher\" content=\"https:\/\/www.facebook.com\/urbanitae\" \/>\n<meta property=\"article:modified_time\" content=\"2025-04-25T09:34:40+00:00\" \/>\n<meta name=\"twitter:card\" content=\"summary_large_image\" \/>\n<meta name=\"twitter:site\" content=\"@urbanitae\" \/>\n<meta name=\"twitter:label1\" content=\"Dur\u00e9e de lecture estim\u00e9e\" \/>\n\t<meta name=\"twitter:data1\" content=\"2 minutes\" \/>\n<script type=\"application\/ld+json\" class=\"yoast-schema-graph\">{\"@context\":\"https:\\\/\\\/schema.org\",\"@graph\":[{\"@type\":\"WebPage\",\"@id\":\"https:\\\/\\\/blog.urbanitae.com\\\/fr\\\/glossaire\\\/rcs-registre-du-commerce-et-des-societes\\\/\",\"url\":\"https:\\\/\\\/blog.urbanitae.com\\\/fr\\\/glossaire\\\/rcs-registre-du-commerce-et-des-societes\\\/\",\"name\":\"RCS (Registre du commerce et des soci\u00e9t\u00e9s) - Urbanitae Blog\",\"isPartOf\":{\"@id\":\"https:\\\/\\\/blog.urbanitae.com\\\/fr\\\/#website\"},\"datePublished\":\"2025-04-15T17:50:21+00:00\",\"dateModified\":\"2025-04-25T09:34:40+00:00\",\"description\":\"Il s\u2019agit d\u2019un registre public o\u00f9 sont enregistr\u00e9es des soci\u00e9t\u00e9s et des soci\u00e9t\u00e9s commerciales. Le registre du commerce fournit des informations sur la constitution, la structure et les activit\u00e9s commerciales des soci\u00e9t\u00e9s, ainsi que sur les actes et documents li\u00e9s \u00e0 leur fonctionnement.\",\"breadcrumb\":{\"@id\":\"https:\\\/\\\/blog.urbanitae.com\\\/fr\\\/glossaire\\\/rcs-registre-du-commerce-et-des-societes\\\/#breadcrumb\"},\"inLanguage\":\"fr-FR\",\"potentialAction\":[{\"@type\":\"ReadAction\",\"target\":[\"https:\\\/\\\/blog.urbanitae.com\\\/fr\\\/glossaire\\\/rcs-registre-du-commerce-et-des-societes\\\/\"]}]},{\"@type\":\"BreadcrumbList\",\"@id\":\"https:\\\/\\\/blog.urbanitae.com\\\/fr\\\/glossaire\\\/rcs-registre-du-commerce-et-des-societes\\\/#breadcrumb\",\"itemListElement\":[{\"@type\":\"ListItem\",\"position\":1,\"name\":\"Portada\",\"item\":\"https:\\\/\\\/blog.urbanitae.com\\\/fr\\\/\"},{\"@type\":\"ListItem\",\"position\":2,\"name\":\"Glossaire\",\"item\":\"https:\\\/\\\/blog.urbanitae.com\\\/fr\\\/glosario\\\/\"},{\"@type\":\"ListItem\",\"position\":3,\"name\":\"RCS (Registre du commerce et des soci\u00e9t\u00e9s)\"}]},{\"@type\":\"WebSite\",\"@id\":\"https:\\\/\\\/blog.urbanitae.com\\\/fr\\\/#website\",\"url\":\"https:\\\/\\\/blog.urbanitae.com\\\/fr\\\/\",\"name\":\"Urbanitae Blog | Las mejores noticias sobre inversi\u00f3n inmobiliaria\",\"description\":\"L'investissement immobilier \u00e0 la port\u00e9e de tous\",\"publisher\":{\"@id\":\"https:\\\/\\\/blog.urbanitae.com\\\/fr\\\/#organization\"},\"potentialAction\":[{\"@type\":\"SearchAction\",\"target\":{\"@type\":\"EntryPoint\",\"urlTemplate\":\"https:\\\/\\\/blog.urbanitae.com\\\/fr\\\/?s={search_term_string}\"},\"query-input\":{\"@type\":\"PropertyValueSpecification\",\"valueRequired\":true,\"valueName\":\"search_term_string\"}}],\"inLanguage\":\"fr-FR\"},{\"@type\":\"Organization\",\"@id\":\"https:\\\/\\\/blog.urbanitae.com\\\/fr\\\/#organization\",\"name\":\"Urbanitae\",\"url\":\"https:\\\/\\\/blog.urbanitae.com\\\/fr\\\/\",\"logo\":{\"@type\":\"ImageObject\",\"inLanguage\":\"fr-FR\",\"@id\":\"https:\\\/\\\/blog.urbanitae.com\\\/fr\\\/#\\\/schema\\\/logo\\\/image\\\/\",\"url\":\"https:\\\/\\\/blog.urbanitae.com\\\/wp-content\\\/uploads\\\/2020\\\/04\\\/logo-verde_350x100.svg\",\"contentUrl\":\"https:\\\/\\\/blog.urbanitae.com\\\/wp-content\\\/uploads\\\/2020\\\/04\\\/logo-verde_350x100.svg\",\"width\":350,\"height\":100,\"caption\":\"Urbanitae\"},\"image\":{\"@id\":\"https:\\\/\\\/blog.urbanitae.com\\\/fr\\\/#\\\/schema\\\/logo\\\/image\\\/\"},\"sameAs\":[\"https:\\\/\\\/www.facebook.com\\\/urbanitae\",\"https:\\\/\\\/x.com\\\/urbanitae\",\"https:\\\/\\\/www.instagram.com\\\/urbanitae\",\"https:\\\/\\\/www.linkedin.com\\\/company\\\/urbanitae\",\"https:\\\/\\\/www.pinterest.es\\\/UrbanitaeSL\\\/_created\\\/\",\"https:\\\/\\\/www.youtube.com\\\/c\\\/Urbanitae_RE\"]}]}<\/script>\n<!-- \/ Yoast SEO plugin. -->","yoast_head_json":{"title":"RCS (Registre du commerce et des soci\u00e9t\u00e9s) - Urbanitae Blog","description":"Il s\u2019agit d\u2019un registre public o\u00f9 sont enregistr\u00e9es des soci\u00e9t\u00e9s et des soci\u00e9t\u00e9s commerciales. Le registre du commerce fournit des informations sur la constitution, la structure et les activit\u00e9s commerciales des soci\u00e9t\u00e9s, ainsi que sur les actes et documents li\u00e9s \u00e0 leur fonctionnement.","robots":{"index":"index","follow":"follow","max-snippet":"max-snippet:-1","max-image-preview":"max-image-preview:large","max-video-preview":"max-video-preview:-1"},"canonical":"https:\/\/blog.urbanitae.com\/fr\/glossaire\/rcs-registre-du-commerce-et-des-societes\/","og_locale":"fr_FR","og_type":"article","og_title":"RCS (Registre du commerce et des soci\u00e9t\u00e9s) - Urbanitae Blog","og_description":"Il s\u2019agit d\u2019un registre public o\u00f9 sont enregistr\u00e9es des soci\u00e9t\u00e9s et des soci\u00e9t\u00e9s commerciales. Le registre du commerce fournit des informations sur la constitution, la structure et les activit\u00e9s commerciales des soci\u00e9t\u00e9s, ainsi que sur les actes et documents li\u00e9s \u00e0 leur fonctionnement.","og_url":"https:\/\/blog.urbanitae.com\/fr\/glossaire\/rcs-registre-du-commerce-et-des-societes\/","og_site_name":"Urbanitae Blog | Les meilleures nouvelles sur l'investissement immobilier","article_publisher":"https:\/\/www.facebook.com\/urbanitae","article_modified_time":"2025-04-25T09:34:40+00:00","twitter_card":"summary_large_image","twitter_site":"@urbanitae","twitter_misc":{"Dur\u00e9e de lecture estim\u00e9e":"2 minutes"},"schema":{"@context":"https:\/\/schema.org","@graph":[{"@type":"WebPage","@id":"https:\/\/blog.urbanitae.com\/fr\/glossaire\/rcs-registre-du-commerce-et-des-societes\/","url":"https:\/\/blog.urbanitae.com\/fr\/glossaire\/rcs-registre-du-commerce-et-des-societes\/","name":"RCS (Registre du commerce et des soci\u00e9t\u00e9s) - Urbanitae Blog","isPartOf":{"@id":"https:\/\/blog.urbanitae.com\/fr\/#website"},"datePublished":"2025-04-15T17:50:21+00:00","dateModified":"2025-04-25T09:34:40+00:00","description":"Il s\u2019agit d\u2019un registre public o\u00f9 sont enregistr\u00e9es des soci\u00e9t\u00e9s et des soci\u00e9t\u00e9s commerciales. Le registre du commerce fournit des informations sur la constitution, la structure et les activit\u00e9s commerciales des soci\u00e9t\u00e9s, ainsi que sur les actes et documents li\u00e9s \u00e0 leur fonctionnement.","breadcrumb":{"@id":"https:\/\/blog.urbanitae.com\/fr\/glossaire\/rcs-registre-du-commerce-et-des-societes\/#breadcrumb"},"inLanguage":"fr-FR","potentialAction":[{"@type":"ReadAction","target":["https:\/\/blog.urbanitae.com\/fr\/glossaire\/rcs-registre-du-commerce-et-des-societes\/"]}]},{"@type":"BreadcrumbList","@id":"https:\/\/blog.urbanitae.com\/fr\/glossaire\/rcs-registre-du-commerce-et-des-societes\/#breadcrumb","itemListElement":[{"@type":"ListItem","position":1,"name":"Portada","item":"https:\/\/blog.urbanitae.com\/fr\/"},{"@type":"ListItem","position":2,"name":"Glossaire","item":"https:\/\/blog.urbanitae.com\/fr\/glosario\/"},{"@type":"ListItem","position":3,"name":"RCS (Registre du commerce et des soci\u00e9t\u00e9s)"}]},{"@type":"WebSite","@id":"https:\/\/blog.urbanitae.com\/fr\/#website","url":"https:\/\/blog.urbanitae.com\/fr\/","name":"Urbanitae Blog | Las mejores noticias sobre inversi\u00f3n inmobiliaria","description":"L'investissement immobilier \u00e0 la port\u00e9e de tous","publisher":{"@id":"https:\/\/blog.urbanitae.com\/fr\/#organization"},"potentialAction":[{"@type":"SearchAction","target":{"@type":"EntryPoint","urlTemplate":"https:\/\/blog.urbanitae.com\/fr\/?s={search_term_string}"},"query-input":{"@type":"PropertyValueSpecification","valueRequired":true,"valueName":"search_term_string"}}],"inLanguage":"fr-FR"},{"@type":"Organization","@id":"https:\/\/blog.urbanitae.com\/fr\/#organization","name":"Urbanitae","url":"https:\/\/blog.urbanitae.com\/fr\/","logo":{"@type":"ImageObject","inLanguage":"fr-FR","@id":"https:\/\/blog.urbanitae.com\/fr\/#\/schema\/logo\/image\/","url":"https:\/\/blog.urbanitae.com\/wp-content\/uploads\/2020\/04\/logo-verde_350x100.svg","contentUrl":"https:\/\/blog.urbanitae.com\/wp-content\/uploads\/2020\/04\/logo-verde_350x100.svg","width":350,"height":100,"caption":"Urbanitae"},"image":{"@id":"https:\/\/blog.urbanitae.com\/fr\/#\/schema\/logo\/image\/"},"sameAs":["https:\/\/www.facebook.com\/urbanitae","https:\/\/x.com\/urbanitae","https:\/\/www.instagram.com\/urbanitae","https:\/\/www.linkedin.com\/company\/urbanitae","https:\/\/www.pinterest.es\/UrbanitaeSL\/_created\/","https:\/\/www.youtube.com\/c\/Urbanitae_RE"]}]}},"_links":{"self":[{"href":"https:\/\/blog.urbanitae.com\/fr\/wp-json\/wp\/v2\/pages\/62059","targetHints":{"allow":["GET"]}}],"collection":[{"href":"https:\/\/blog.urbanitae.com\/fr\/wp-json\/wp\/v2\/pages"}],"about":[{"href":"https:\/\/blog.urbanitae.com\/fr\/wp-json\/wp\/v2\/types\/page"}],"author":[{"embeddable":true,"href":"https:\/\/blog.urbanitae.com\/fr\/wp-json\/wp\/v2\/users\/20"}],"replies":[{"embeddable":true,"href":"https:\/\/blog.urbanitae.com\/fr\/wp-json\/wp\/v2\/comments?post=62059"}],"version-history":[{"count":0,"href":"https:\/\/blog.urbanitae.com\/fr\/wp-json\/wp\/v2\/pages\/62059\/revisions"}],"up":[{"embeddable":true,"href":"https:\/\/blog.urbanitae.com\/fr\/wp-json\/wp\/v2\/pages\/62174"}],"wp:attachment":[{"href":"https:\/\/blog.urbanitae.com\/fr\/wp-json\/wp\/v2\/media?parent=62059"}],"curies":[{"name":"wp","href":"https:\/\/api.w.org\/{rel}","templated":true}]}}