{"id":62055,"date":"2025-04-15T19:37:41","date_gmt":"2025-04-15T17:37:41","guid":{"rendered":"https:\/\/blog.urbanitae.com\/reequilibrage-du-portefeuille\/"},"modified":"2025-04-25T11:35:27","modified_gmt":"2025-04-25T09:35:27","slug":"reequilibrage-du-portefeuille","status":"publish","type":"page","link":"https:\/\/blog.urbanitae.com\/fr\/glossaire\/reequilibrage-du-portefeuille\/","title":{"rendered":"R\u00e9\u00e9quilibrage du portefeuille"},"content":{"rendered":"\t\t<div data-elementor-type=\"wp-page\" data-elementor-id=\"62055\" class=\"elementor elementor-62055 elementor-60224\">\n\t\t\t\t\t\t<section class=\"elementor-section elementor-top-section elementor-element elementor-element-d86d887 elementor-section-boxed elementor-section-height-default elementor-section-height-default\" data-id=\"d86d887\" data-element_type=\"section\" data-e-type=\"section\">\n\t\t\t\t\t\t<div class=\"elementor-container elementor-column-gap-default\">\n\t\t\t\t\t<div class=\"elementor-column elementor-col-100 elementor-top-column elementor-element elementor-element-8b49ddd\" data-id=\"8b49ddd\" data-element_type=\"column\" data-e-type=\"column\">\n\t\t\t<div class=\"elementor-widget-wrap elementor-element-populated\">\n\t\t\t\t\t\t<div class=\"elementor-element elementor-element-083b30b elementor-widget__width-initial elementor-widget elementor-widget-text-editor\" data-id=\"083b30b\" data-element_type=\"widget\" data-e-type=\"widget\" data-widget_type=\"text-editor.default\">\n\t\t\t\t<div class=\"elementor-widget-container\">\n\t\t\t\t\t\t\t\t\t<h3>De quoi s\u2019agit-il ?<\/h3><p style=\"color: #212121; font-family: Roboto, sans-serif; font-size: 16px;\"><strong>Le r\u00e9\u00e9quilibrage de portefeuille<\/strong> fait r\u00e9f\u00e9rence \u00e0 l\u2019ajustement p\u00e9riodique des actifs d\u2019un portefeuille d\u2019investissement afin de maintenir la r\u00e9partition d\u2019actifs souhait\u00e9e. Il s\u2019agit de vendre ou d\u2019acheter des actifs dans le but de red\u00e9finir les pourcentages cibles de chaque classe d\u2019actifs (actions, obligations, immobilier, etc.), initialement d\u00e9finis en fonction des objectifs d\u2019investissement, du profil de risque et de l\u2019horizon temporel de l\u2019investisseur <\/p><p style=\"color: #212121; font-family: Roboto, sans-serif; font-size: 16px;\">Au fil du temps, en raison des fluctuations du march\u00e9, la valeur des diff\u00e9rents actifs du portefeuille peut cro\u00eetre ou diminuer, ce qui modifie la proportion initiale de l\u2019investissement. Le r\u00e9\u00e9quilibrage permet de r\u00e9tablir la strat\u00e9gie d\u2019investissement en r\u00e9allouant le capital en fonction des objectifs et des risques \u00e9tablis, en minimisant l\u2019exposition aux actifs surpond\u00e9r\u00e9s ou sous-pond\u00e9r\u00e9s. <\/p>\t\t\t\t\t\t\t\t<\/div>\n\t\t\t\t<\/div>\n\t\t\t\t<div class=\"elementor-element elementor-element-11c28c4 elementor-widget__width-initial elementor-widget elementor-widget-text-editor\" data-id=\"11c28c4\" data-element_type=\"widget\" data-e-type=\"widget\" data-widget_type=\"text-editor.default\">\n\t\t\t\t<div class=\"elementor-widget-container\">\n\t\t\t\t\t\t\t\t\t<h3>Principaux aspects \u00e0 prendre en compte<\/h3><p style=\"color: #212121; font-family: Roboto, sans-serif; font-size: 16px;\"><strong>Le r\u00e9\u00e9quilibrage du portefeuille<\/strong> est une strat\u00e9gie cl\u00e9 pour maintenir une bonne gestion des risques et s\u2019assurer que le portefeuille reste align\u00e9 sur les objectifs financiers de l\u2019investisseur. Lors d\u2019un r\u00e9\u00e9quilibrage, il est important d\u2019\u00e9valuer si des modifications de la r\u00e9partition de l\u2019actif sont n\u00e9cessaires en raison de changements dans les conditions du march\u00e9 ou des objectifs des investisseurs. <\/p><p style=\"color: #212121; font-family: Roboto, sans-serif; font-size: 16px;\">Certains investisseurs pr\u00e9f\u00e8rent proc\u00e9der \u00e0 des ajustements sur une base annuelle ou semestrielle, tandis que d\u2019autres peuvent opter pour une approche plus fr\u00e9quente, comme trimestrielle, en fonction de leur tol\u00e9rance au risque et de leur volont\u00e9 de g\u00e9rer activement le portefeuille.<\/p><p style=\"color: #212121; font-family: Roboto, sans-serif; font-size: 16px;\">Il est essentiel de tenir compte des co\u00fbts associ\u00e9s \u00e0 l\u2019achat et \u00e0 la vente d\u2019actifs, car un r\u00e9\u00e9quilibrage fr\u00e9quent peut entra\u00eener des frais ou des implications fiscales, en particulier sur les march\u00e9s des gains en capital. De plus, le r\u00e9\u00e9quilibrage doit \u00eatre effectu\u00e9 de mani\u00e8re disciplin\u00e9e afin d\u2019\u00e9viter les d\u00e9cisions impulsives fond\u00e9es sur la volatilit\u00e9 des march\u00e9s \u00e0 court terme.<br>. <\/p>\t\t\t\t\t\t\t\t<\/div>\n\t\t\t\t<\/div>\n\t\t\t\t\t<\/div>\n\t\t<\/div>\n\t\t\t\t\t<\/div>\n\t\t<\/section>\n\t\t\t\t<section class=\"elementor-section elementor-top-section elementor-element elementor-element-aa563c5 elementor-section-full_width elementor-section-stretched elementor-section-height-default elementor-section-height-default\" data-id=\"aa563c5\" data-element_type=\"section\" data-e-type=\"section\" data-settings=\"{&quot;stretch_section&quot;:&quot;section-stretched&quot;}\">\n\t\t\t\t\t\t<div class=\"elementor-container elementor-column-gap-default\">\n\t\t\t\t\t<div class=\"elementor-column elementor-col-100 elementor-top-column elementor-element elementor-element-41114ac\" data-id=\"41114ac\" data-element_type=\"column\" data-e-type=\"column\">\n\t\t\t<div class=\"elementor-widget-wrap elementor-element-populated\">\n\t\t\t\t\t\t<div class=\"elementor-element elementor-element-43f7095 elementor-widget elementor-widget-html\" data-id=\"43f7095\" data-element_type=\"widget\" data-e-type=\"widget\" data-widget_type=\"html.default\">\n\t\t\t\t<div class=\"elementor-widget-container\">\n\t\t\t\t\t\r\n        <div class=\"qode-advanced-call-to-action qode-advanced-cta-gradient qode-advanced-cta-gradient-animation\" style=\"height:80px\">\r\n            <a class=\"advanced-cta-link\" href=\"https:\/\/mkt.urbanitae.com\/Urbanitae_suscripcion_newsletter.html?utm_source=blog&amp;utm_medium=link_blog&amp;utm_campaign=suscripcion_blog&amp;utm_content=boton\" target=\"_blank\" onclick=\"dataLayer.push({'event': 'ub_ga4_event', 'ub_ga4_event_name': 'newsletter', 'ub_ga4_event_element': 'aprende'})\"><\/a>\r\n            <div class=\"qode-advanced-cta-content\">\r\n                <span class=\"qode-advanced-cta-text-holder\" style=\"color:#FFFFFF;font-size:25px\">\r\n Abonnez-vous \u00e0 notre Newsletter <\/span>\r\n                <span class=\"qode-advanced-cta-icon-holder\" style=\"color:#FFFFFF;font-size:25px\">\r\n                    <span class=\"qode-advanced-cta-icon-holder-table\">\r\n                        <span class=\"qode-advanced-cta-icon-holder-cell\">\r\n                            <i class=\"qode_icon_font_awesome_5 fa5 fa fa-envelope-open-text qode-advanced-cta-icon\"><\/i> <\/span>\r\n                    <\/span>\r\n                <\/span>\r\n            <\/div>\r\n            <div class=\"qode-advanced-cta-background-holder\">\r\n                <span class=\"qode-advanced-cta-background-1 qode-type1-gradient-left-to-right\"><\/span>\r\n                <span class=\"qode-advanced-cta-background-2 qode-type1-gradient-left-to-right\"><\/span>\r\n                <span class=\"qode-advanced-cta-background-3\"><\/span>\r\n            <\/div>\r\n        <\/div>\r\n\t\t\t\t<\/div>\n\t\t\t\t<\/div>\n\t\t\t\t\t<\/div>\n\t\t<\/div>\n\t\t\t\t\t<\/div>\n\t\t<\/section>\n\t\t\t\t<\/div>\n\t\t","protected":false},"excerpt":{"rendered":"<p>De quoi s\u2019agit-il ? Le r\u00e9\u00e9quilibrage de portefeuille fait r\u00e9f\u00e9rence \u00e0 l\u2019ajustement p\u00e9riodique des actifs d\u2019un portefeuille d\u2019investissement afin de maintenir la r\u00e9partition d\u2019actifs souhait\u00e9e. Il s\u2019agit de vendre ou d\u2019acheter des actifs dans le but de red\u00e9finir les pourcentages cibles de chaque classe d\u2019actifs (actions, obligations, immobilier, etc.), initialement d\u00e9finis en fonction des objectifs [&hellip;]<\/p>\n","protected":false},"author":4,"featured_media":0,"parent":62174,"menu_order":0,"comment_status":"closed","ping_status":"closed","template":"","meta":{"inline_featured_image":false,"footnotes":""},"class_list":["post-62055","page","type-page","status-publish","hentry"],"yoast_head":"<!-- This site is optimized with the Yoast SEO plugin v27.4 - https:\/\/yoast.com\/product\/yoast-seo-wordpress\/ -->\n<title>R\u00e9\u00e9quilibrage du portefeuille - Urbanitae Blog<\/title>\n<meta name=\"description\" content=\"Ajustement p\u00e9riodique des actifs d\u2019un portefeuille d\u2019investissement afin de maintenir l\u2019allocation souhait\u00e9e. Il s\u2019agit d\u2019acheter ou de vendre des actifs afin de r\u00e9initialiser les pourcentages cibles pour chaque classe d\u2019actifs.\" \/>\n<meta name=\"robots\" content=\"index, follow, max-snippet:-1, max-image-preview:large, max-video-preview:-1\" \/>\n<link rel=\"canonical\" href=\"https:\/\/blog.urbanitae.com\/fr\/glossaire\/reequilibrage-du-portefeuille\/\" \/>\n<meta property=\"og:locale\" content=\"fr_FR\" \/>\n<meta property=\"og:type\" content=\"article\" \/>\n<meta property=\"og:title\" content=\"R\u00e9\u00e9quilibrage du portefeuille - Urbanitae Blog\" \/>\n<meta property=\"og:description\" content=\"Ajustement p\u00e9riodique des actifs d\u2019un portefeuille d\u2019investissement afin de maintenir l\u2019allocation souhait\u00e9e. Il s\u2019agit d\u2019acheter ou de vendre des actifs afin de r\u00e9initialiser les pourcentages cibles pour chaque classe d\u2019actifs.\" \/>\n<meta property=\"og:url\" content=\"https:\/\/blog.urbanitae.com\/fr\/glossaire\/reequilibrage-du-portefeuille\/\" \/>\n<meta property=\"og:site_name\" content=\"Urbanitae Blog | Les meilleures nouvelles sur l&#039;investissement immobilier\" \/>\n<meta property=\"article:publisher\" content=\"https:\/\/www.facebook.com\/urbanitae\" \/>\n<meta property=\"article:modified_time\" content=\"2025-04-25T09:35:27+00:00\" \/>\n<meta name=\"twitter:card\" content=\"summary_large_image\" \/>\n<meta name=\"twitter:site\" content=\"@urbanitae\" \/>\n<meta name=\"twitter:label1\" content=\"Dur\u00e9e de lecture estim\u00e9e\" \/>\n\t<meta name=\"twitter:data1\" content=\"2 minutes\" \/>\n<script type=\"application\/ld+json\" class=\"yoast-schema-graph\">{\"@context\":\"https:\\\/\\\/schema.org\",\"@graph\":[{\"@type\":\"WebPage\",\"@id\":\"https:\\\/\\\/blog.urbanitae.com\\\/fr\\\/glossaire\\\/reequilibrage-du-portefeuille\\\/\",\"url\":\"https:\\\/\\\/blog.urbanitae.com\\\/fr\\\/glossaire\\\/reequilibrage-du-portefeuille\\\/\",\"name\":\"R\u00e9\u00e9quilibrage du portefeuille - Urbanitae Blog\",\"isPartOf\":{\"@id\":\"https:\\\/\\\/blog.urbanitae.com\\\/fr\\\/#website\"},\"datePublished\":\"2025-04-15T17:37:41+00:00\",\"dateModified\":\"2025-04-25T09:35:27+00:00\",\"description\":\"Ajustement p\u00e9riodique des actifs d\u2019un portefeuille d\u2019investissement afin de maintenir l\u2019allocation souhait\u00e9e. Il s\u2019agit d\u2019acheter ou de vendre des actifs afin de r\u00e9initialiser les pourcentages cibles pour chaque classe d\u2019actifs.\",\"breadcrumb\":{\"@id\":\"https:\\\/\\\/blog.urbanitae.com\\\/fr\\\/glossaire\\\/reequilibrage-du-portefeuille\\\/#breadcrumb\"},\"inLanguage\":\"fr-FR\",\"potentialAction\":[{\"@type\":\"ReadAction\",\"target\":[\"https:\\\/\\\/blog.urbanitae.com\\\/fr\\\/glossaire\\\/reequilibrage-du-portefeuille\\\/\"]}]},{\"@type\":\"BreadcrumbList\",\"@id\":\"https:\\\/\\\/blog.urbanitae.com\\\/fr\\\/glossaire\\\/reequilibrage-du-portefeuille\\\/#breadcrumb\",\"itemListElement\":[{\"@type\":\"ListItem\",\"position\":1,\"name\":\"Portada\",\"item\":\"https:\\\/\\\/blog.urbanitae.com\\\/fr\\\/\"},{\"@type\":\"ListItem\",\"position\":2,\"name\":\"Glossaire\",\"item\":\"https:\\\/\\\/blog.urbanitae.com\\\/fr\\\/glosario\\\/\"},{\"@type\":\"ListItem\",\"position\":3,\"name\":\"R\u00e9\u00e9quilibrage du portefeuille\"}]},{\"@type\":\"WebSite\",\"@id\":\"https:\\\/\\\/blog.urbanitae.com\\\/fr\\\/#website\",\"url\":\"https:\\\/\\\/blog.urbanitae.com\\\/fr\\\/\",\"name\":\"Urbanitae Blog | Las mejores noticias sobre inversi\u00f3n inmobiliaria\",\"description\":\"L'investissement immobilier \u00e0 la port\u00e9e de tous\",\"publisher\":{\"@id\":\"https:\\\/\\\/blog.urbanitae.com\\\/fr\\\/#organization\"},\"potentialAction\":[{\"@type\":\"SearchAction\",\"target\":{\"@type\":\"EntryPoint\",\"urlTemplate\":\"https:\\\/\\\/blog.urbanitae.com\\\/fr\\\/?s={search_term_string}\"},\"query-input\":{\"@type\":\"PropertyValueSpecification\",\"valueRequired\":true,\"valueName\":\"search_term_string\"}}],\"inLanguage\":\"fr-FR\"},{\"@type\":\"Organization\",\"@id\":\"https:\\\/\\\/blog.urbanitae.com\\\/fr\\\/#organization\",\"name\":\"Urbanitae\",\"url\":\"https:\\\/\\\/blog.urbanitae.com\\\/fr\\\/\",\"logo\":{\"@type\":\"ImageObject\",\"inLanguage\":\"fr-FR\",\"@id\":\"https:\\\/\\\/blog.urbanitae.com\\\/fr\\\/#\\\/schema\\\/logo\\\/image\\\/\",\"url\":\"https:\\\/\\\/blog.urbanitae.com\\\/wp-content\\\/uploads\\\/2020\\\/04\\\/logo-verde_350x100.svg\",\"contentUrl\":\"https:\\\/\\\/blog.urbanitae.com\\\/wp-content\\\/uploads\\\/2020\\\/04\\\/logo-verde_350x100.svg\",\"width\":350,\"height\":100,\"caption\":\"Urbanitae\"},\"image\":{\"@id\":\"https:\\\/\\\/blog.urbanitae.com\\\/fr\\\/#\\\/schema\\\/logo\\\/image\\\/\"},\"sameAs\":[\"https:\\\/\\\/www.facebook.com\\\/urbanitae\",\"https:\\\/\\\/x.com\\\/urbanitae\",\"https:\\\/\\\/www.instagram.com\\\/urbanitae\",\"https:\\\/\\\/www.linkedin.com\\\/company\\\/urbanitae\",\"https:\\\/\\\/www.pinterest.es\\\/UrbanitaeSL\\\/_created\\\/\",\"https:\\\/\\\/www.youtube.com\\\/c\\\/Urbanitae_RE\"]}]}<\/script>\n<!-- \/ Yoast SEO plugin. -->","yoast_head_json":{"title":"R\u00e9\u00e9quilibrage du portefeuille - Urbanitae Blog","description":"Ajustement p\u00e9riodique des actifs d\u2019un portefeuille d\u2019investissement afin de maintenir l\u2019allocation souhait\u00e9e. Il s\u2019agit d\u2019acheter ou de vendre des actifs afin de r\u00e9initialiser les pourcentages cibles pour chaque classe d\u2019actifs.","robots":{"index":"index","follow":"follow","max-snippet":"max-snippet:-1","max-image-preview":"max-image-preview:large","max-video-preview":"max-video-preview:-1"},"canonical":"https:\/\/blog.urbanitae.com\/fr\/glossaire\/reequilibrage-du-portefeuille\/","og_locale":"fr_FR","og_type":"article","og_title":"R\u00e9\u00e9quilibrage du portefeuille - Urbanitae Blog","og_description":"Ajustement p\u00e9riodique des actifs d\u2019un portefeuille d\u2019investissement afin de maintenir l\u2019allocation souhait\u00e9e. Il s\u2019agit d\u2019acheter ou de vendre des actifs afin de r\u00e9initialiser les pourcentages cibles pour chaque classe d\u2019actifs.","og_url":"https:\/\/blog.urbanitae.com\/fr\/glossaire\/reequilibrage-du-portefeuille\/","og_site_name":"Urbanitae Blog | Les meilleures nouvelles sur l'investissement immobilier","article_publisher":"https:\/\/www.facebook.com\/urbanitae","article_modified_time":"2025-04-25T09:35:27+00:00","twitter_card":"summary_large_image","twitter_site":"@urbanitae","twitter_misc":{"Dur\u00e9e de lecture estim\u00e9e":"2 minutes"},"schema":{"@context":"https:\/\/schema.org","@graph":[{"@type":"WebPage","@id":"https:\/\/blog.urbanitae.com\/fr\/glossaire\/reequilibrage-du-portefeuille\/","url":"https:\/\/blog.urbanitae.com\/fr\/glossaire\/reequilibrage-du-portefeuille\/","name":"R\u00e9\u00e9quilibrage du portefeuille - Urbanitae Blog","isPartOf":{"@id":"https:\/\/blog.urbanitae.com\/fr\/#website"},"datePublished":"2025-04-15T17:37:41+00:00","dateModified":"2025-04-25T09:35:27+00:00","description":"Ajustement p\u00e9riodique des actifs d\u2019un portefeuille d\u2019investissement afin de maintenir l\u2019allocation souhait\u00e9e. Il s\u2019agit d\u2019acheter ou de vendre des actifs afin de r\u00e9initialiser les pourcentages cibles pour chaque classe d\u2019actifs.","breadcrumb":{"@id":"https:\/\/blog.urbanitae.com\/fr\/glossaire\/reequilibrage-du-portefeuille\/#breadcrumb"},"inLanguage":"fr-FR","potentialAction":[{"@type":"ReadAction","target":["https:\/\/blog.urbanitae.com\/fr\/glossaire\/reequilibrage-du-portefeuille\/"]}]},{"@type":"BreadcrumbList","@id":"https:\/\/blog.urbanitae.com\/fr\/glossaire\/reequilibrage-du-portefeuille\/#breadcrumb","itemListElement":[{"@type":"ListItem","position":1,"name":"Portada","item":"https:\/\/blog.urbanitae.com\/fr\/"},{"@type":"ListItem","position":2,"name":"Glossaire","item":"https:\/\/blog.urbanitae.com\/fr\/glosario\/"},{"@type":"ListItem","position":3,"name":"R\u00e9\u00e9quilibrage du portefeuille"}]},{"@type":"WebSite","@id":"https:\/\/blog.urbanitae.com\/fr\/#website","url":"https:\/\/blog.urbanitae.com\/fr\/","name":"Urbanitae Blog | Las mejores noticias sobre inversi\u00f3n inmobiliaria","description":"L'investissement immobilier \u00e0 la port\u00e9e de tous","publisher":{"@id":"https:\/\/blog.urbanitae.com\/fr\/#organization"},"potentialAction":[{"@type":"SearchAction","target":{"@type":"EntryPoint","urlTemplate":"https:\/\/blog.urbanitae.com\/fr\/?s={search_term_string}"},"query-input":{"@type":"PropertyValueSpecification","valueRequired":true,"valueName":"search_term_string"}}],"inLanguage":"fr-FR"},{"@type":"Organization","@id":"https:\/\/blog.urbanitae.com\/fr\/#organization","name":"Urbanitae","url":"https:\/\/blog.urbanitae.com\/fr\/","logo":{"@type":"ImageObject","inLanguage":"fr-FR","@id":"https:\/\/blog.urbanitae.com\/fr\/#\/schema\/logo\/image\/","url":"https:\/\/blog.urbanitae.com\/wp-content\/uploads\/2020\/04\/logo-verde_350x100.svg","contentUrl":"https:\/\/blog.urbanitae.com\/wp-content\/uploads\/2020\/04\/logo-verde_350x100.svg","width":350,"height":100,"caption":"Urbanitae"},"image":{"@id":"https:\/\/blog.urbanitae.com\/fr\/#\/schema\/logo\/image\/"},"sameAs":["https:\/\/www.facebook.com\/urbanitae","https:\/\/x.com\/urbanitae","https:\/\/www.instagram.com\/urbanitae","https:\/\/www.linkedin.com\/company\/urbanitae","https:\/\/www.pinterest.es\/UrbanitaeSL\/_created\/","https:\/\/www.youtube.com\/c\/Urbanitae_RE"]}]}},"_links":{"self":[{"href":"https:\/\/blog.urbanitae.com\/fr\/wp-json\/wp\/v2\/pages\/62055","targetHints":{"allow":["GET"]}}],"collection":[{"href":"https:\/\/blog.urbanitae.com\/fr\/wp-json\/wp\/v2\/pages"}],"about":[{"href":"https:\/\/blog.urbanitae.com\/fr\/wp-json\/wp\/v2\/types\/page"}],"author":[{"embeddable":true,"href":"https:\/\/blog.urbanitae.com\/fr\/wp-json\/wp\/v2\/users\/4"}],"replies":[{"embeddable":true,"href":"https:\/\/blog.urbanitae.com\/fr\/wp-json\/wp\/v2\/comments?post=62055"}],"version-history":[{"count":1,"href":"https:\/\/blog.urbanitae.com\/fr\/wp-json\/wp\/v2\/pages\/62055\/revisions"}],"predecessor-version":[{"id":62056,"href":"https:\/\/blog.urbanitae.com\/fr\/wp-json\/wp\/v2\/pages\/62055\/revisions\/62056"}],"up":[{"embeddable":true,"href":"https:\/\/blog.urbanitae.com\/fr\/wp-json\/wp\/v2\/pages\/62174"}],"wp:attachment":[{"href":"https:\/\/blog.urbanitae.com\/fr\/wp-json\/wp\/v2\/media?parent=62055"}],"curies":[{"name":"wp","href":"https:\/\/api.w.org\/{rel}","templated":true}]}}