{"id":62049,"date":"2025-04-15T18:52:50","date_gmt":"2025-04-15T16:52:50","guid":{"rendered":"https:\/\/blog.urbanitae.com\/projets-de-capital\/"},"modified":"2025-04-25T11:34:38","modified_gmt":"2025-04-25T09:34:38","slug":"projets-de-capital","status":"publish","type":"page","link":"https:\/\/blog.urbanitae.com\/fr\/glossaire\/projets-de-capital\/","title":{"rendered":"Projets de capital"},"content":{"rendered":"\t\t<div data-elementor-type=\"wp-page\" data-elementor-id=\"62049\" class=\"elementor elementor-62049 elementor-57096\">\n\t\t\t\t\t\t<section class=\"elementor-section elementor-top-section elementor-element elementor-element-d86d887 elementor-section-boxed elementor-section-height-default elementor-section-height-default\" data-id=\"d86d887\" data-element_type=\"section\" data-e-type=\"section\">\n\t\t\t\t\t\t<div class=\"elementor-container elementor-column-gap-default\">\n\t\t\t\t\t<div class=\"elementor-column elementor-col-100 elementor-top-column elementor-element elementor-element-8b49ddd\" data-id=\"8b49ddd\" data-element_type=\"column\" data-e-type=\"column\">\n\t\t\t<div class=\"elementor-widget-wrap elementor-element-populated\">\n\t\t\t\t\t\t<div class=\"elementor-element elementor-element-083b30b elementor-widget__width-initial elementor-widget elementor-widget-text-editor\" data-id=\"083b30b\" data-element_type=\"widget\" data-e-type=\"widget\" data-widget_type=\"text-editor.default\">\n\t\t\t\t<div class=\"elementor-widget-container\">\n\t\t\t\t\t\t\t\t\t<h3>De quoi s\u2019agit-il ?<\/h3><p style=\"color: #212121; font-family: Roboto, sans-serif; font-size: 16px;\">Dans les projets d\u2019actions, les investisseurs deviennent des partenaires du promoteur immobilier, partageant avec lui \u00e0 la fois les risques et les avantages du projet. Contrairement aux pr\u00eats (projets de dette), il n\u2019y a pas de taux d\u2019int\u00e9r\u00eat fixe ni de calendrier de paiement fixe. Au lieu de cela, le retour sur investissement d\u00e9pend du succ\u00e8s commercial du projet, et les b\u00e9n\u00e9fices sont r\u00e9partis \u00e0 la fin ou tout au long du projet, en fonction de la strat\u00e9gie suivie.  <\/p><p style=\"color: #212121; font-family: Roboto, sans-serif; font-size: 16px;\">Dans le cas d\u2019Urbanitae, les projets d\u2019\u00e9quit\u00e9 sont divis\u00e9s en :<\/p><ul><li style=\"color: #212121; font-family: Roboto, sans-serif; font-size: 16px;\"><strong>Projets de plus-values :<\/strong> Ax\u00e9 sur la g\u00e9n\u00e9ration de b\u00e9n\u00e9fices par l\u2019achat, le d\u00e9veloppement et la vente d\u2019un actif immobilier, g\u00e9n\u00e9ralement \u00e0 court ou moyen terme. Le rendement pour l\u2019investisseur provient de la r\u00e9\u00e9valuation de l\u2019actif. <\/li><li style=\"color: #212121; font-family: Roboto, sans-serif; font-size: 16px;\"><strong>Projets de revenus :<\/strong> Con\u00e7u pour g\u00e9n\u00e9rer des revenus p\u00e9riodiques en louant un bien immobilier. En plus de ces revenus, l\u2019investisseur peut obtenir des plus-values si le bien est vendu \u00e0 la fin de la p\u00e9riode d\u2019investissement. <\/li><\/ul><p style=\"color: #212121; font-family: Roboto, sans-serif; font-size: 16px;\">Les deux types partagent la structure juridique des capitaux propres, bien qu\u2019ils diff\u00e8rent par la nature et le rythme des rendements attendus.<\/p>\t\t\t\t\t\t\t\t<\/div>\n\t\t\t\t<\/div>\n\t\t\t\t<div class=\"elementor-element elementor-element-11c28c4 elementor-widget__width-initial elementor-widget elementor-widget-text-editor\" data-id=\"11c28c4\" data-element_type=\"widget\" data-e-type=\"widget\" data-widget_type=\"text-editor.default\">\n\t\t\t\t<div class=\"elementor-widget-container\">\n\t\t\t\t\t\t\t\t\t<h3>Principaux aspects \u00e0 prendre en compte<\/h3><p style=\"color: #212121; font-family: Roboto, sans-serif; font-size: 16px;\"><strong>Participation directe :<\/strong> Les investisseurs deviennent partenaires d\u2019une soci\u00e9t\u00e9 automobile qui participe au projet immobilier, sans relation directe avec le promoteur ou avec la propri\u00e9t\u00e9 physique de l\u2019actif.<\/p><p style=\"color: #212121; font-family: Roboto, sans-serif; font-size: 16px;\"><strong>Rendement variable :<\/strong> Il n\u2019y a aucune garantie de rentabilit\u00e9 ou de remboursement de capital, puisque tout d\u00e9pend du d\u00e9veloppement et de l\u2019issue du projet.<\/p><p style=\"color: #212121; font-family: Roboto, sans-serif; font-size: 16px;\"><strong>Horizon temporel :<\/strong> Ils ont tendance \u00e0 avoir une dur\u00e9e d\u2019investissement plus longue que les projets de dette, en particulier dans le cas des projets locatifs.<\/p><p style=\"color: #212121; font-family: Roboto, sans-serif; font-size: 16px;\"><strong>Types de retour :<\/strong><\/p><ul><li style=\"color: #212121; font-family: Roboto, sans-serif; font-size: 16px;\">En <strong>plus-values<\/strong>, un rendement unique \u00e0 la fin du projet.<\/li><li style=\"color: #212121; font-family: Roboto, sans-serif; font-size: 16px;\">Dans <strong>les loyers<\/strong>, des rendements p\u00e9riodiques plus un r\u00e8glement final si le bien est vendu.<\/li><li style=\"color: #212121; font-family: Roboto, sans-serif; font-size: 16px;\"><strong>Diversification:<\/strong> Investir dans diff\u00e9rents projets d\u2019actions permet de se diversifier \u00e0 la fois par strat\u00e9gie (revenu vs plus-value) et par localisation g\u00e9ographique et type d\u2019actif.<\/li><li style=\"color: #212121; font-family: Roboto, sans-serif; font-size: 16px;\"><strong>Alignement des int\u00e9r\u00eats :<\/strong> Dans Urbanitae, le promoteur apporte des capitaux propres au projet, en veillant \u00e0 ce que ses int\u00e9r\u00eats soient align\u00e9s sur ceux des investisseurs.<\/li><\/ul>\t\t\t\t\t\t\t\t<\/div>\n\t\t\t\t<\/div>\n\t\t\t\t\t<\/div>\n\t\t<\/div>\n\t\t\t\t\t<\/div>\n\t\t<\/section>\n\t\t\t\t<section class=\"elementor-section elementor-top-section elementor-element elementor-element-aa563c5 elementor-section-full_width elementor-section-stretched elementor-section-height-default elementor-section-height-default\" data-id=\"aa563c5\" data-element_type=\"section\" data-e-type=\"section\" data-settings=\"{&quot;stretch_section&quot;:&quot;section-stretched&quot;}\">\n\t\t\t\t\t\t<div class=\"elementor-container elementor-column-gap-default\">\n\t\t\t\t\t<div class=\"elementor-column elementor-col-100 elementor-top-column elementor-element elementor-element-41114ac\" data-id=\"41114ac\" data-element_type=\"column\" data-e-type=\"column\">\n\t\t\t<div class=\"elementor-widget-wrap elementor-element-populated\">\n\t\t\t\t\t\t<div class=\"elementor-element elementor-element-43f7095 elementor-widget elementor-widget-html\" data-id=\"43f7095\" data-element_type=\"widget\" data-e-type=\"widget\" data-widget_type=\"html.default\">\n\t\t\t\t<div class=\"elementor-widget-container\">\n\t\t\t\t\t\r\n        <div class=\"qode-advanced-call-to-action qode-advanced-cta-gradient qode-advanced-cta-gradient-animation\" style=\"height:80px\">\r\n            <a class=\"advanced-cta-link\" href=\"https:\/\/mkt.urbanitae.com\/Urbanitae_suscripcion_newsletter.html?utm_source=blog&amp;utm_medium=link_blog&amp;utm_campaign=suscripcion_blog&amp;utm_content=boton\" target=\"_blank\" onclick=\"dataLayer.push({'event': 'ub_ga4_event', 'ub_ga4_event_name': 'newsletter', 'ub_ga4_event_element': 'aprende'})\"><\/a>\r\n            <div class=\"qode-advanced-cta-content\">\r\n                <span class=\"qode-advanced-cta-text-holder\" style=\"color:#FFFFFF;font-size:25px\">\r\n Abonnez-vous \u00e0 notre Newsletter <\/span>\r\n                <span class=\"qode-advanced-cta-icon-holder\" style=\"color:#FFFFFF;font-size:25px\">\r\n                    <span class=\"qode-advanced-cta-icon-holder-table\">\r\n                        <span class=\"qode-advanced-cta-icon-holder-cell\">\r\n                            <i class=\"qode_icon_font_awesome_5 fa5 fa fa-envelope-open-text qode-advanced-cta-icon\"><\/i> <\/span>\r\n                    <\/span>\r\n                <\/span>\r\n            <\/div>\r\n            <div class=\"qode-advanced-cta-background-holder\">\r\n                <span class=\"qode-advanced-cta-background-1 qode-type1-gradient-left-to-right\"><\/span>\r\n                <span class=\"qode-advanced-cta-background-2 qode-type1-gradient-left-to-right\"><\/span>\r\n                <span class=\"qode-advanced-cta-background-3\"><\/span>\r\n            <\/div>\r\n        <\/div>\r\n\t\t\t\t<\/div>\n\t\t\t\t<\/div>\n\t\t\t\t\t<\/div>\n\t\t<\/div>\n\t\t\t\t\t<\/div>\n\t\t<\/section>\n\t\t\t\t<\/div>\n\t\t","protected":false},"excerpt":{"rendered":"<p>De quoi s\u2019agit-il ? Dans les projets d\u2019actions, les investisseurs deviennent des partenaires du promoteur immobilier, partageant avec lui \u00e0 la fois les risques et les avantages du projet. Contrairement aux pr\u00eats (projets de dette), il n\u2019y a pas de taux d\u2019int\u00e9r\u00eat fixe ni de calendrier de paiement fixe. Au lieu de cela, le retour [&hellip;]<\/p>\n","protected":false},"author":20,"featured_media":0,"parent":62174,"menu_order":0,"comment_status":"closed","ping_status":"closed","template":"","meta":{"inline_featured_image":false,"footnotes":""},"class_list":["post-62049","page","type-page","status-publish","hentry"],"yoast_head":"<!-- This site is optimized with the Yoast SEO plugin v27.4 - https:\/\/yoast.com\/product\/yoast-seo-wordpress\/ -->\n<title>Projets de capital - Urbanitae Blog<\/title>\n<meta name=\"description\" content=\"Il s\u2019agit de projets d\u2019investissement dans lesquels les investisseurs acqui\u00e8rent des actions d\u2019une entreprise ou d\u2019un bien immobilier dans le but d\u2019obtenir des b\u00e9n\u00e9fices gr\u00e2ce \u00e0 l\u2019augmentation de la valeur de l\u2019investissement au fil du temps. Les projets d\u2019actions cherchent \u00e0 capter l\u2019appr\u00e9ciation du capital.\" \/>\n<meta name=\"robots\" content=\"index, follow, max-snippet:-1, max-image-preview:large, max-video-preview:-1\" \/>\n<link rel=\"canonical\" href=\"https:\/\/blog.urbanitae.com\/fr\/glossaire\/projets-de-capital\/\" \/>\n<meta property=\"og:locale\" content=\"fr_FR\" \/>\n<meta property=\"og:type\" content=\"article\" \/>\n<meta property=\"og:title\" content=\"Projets de capital - Urbanitae Blog\" \/>\n<meta property=\"og:description\" content=\"Il s\u2019agit de projets d\u2019investissement dans lesquels les investisseurs acqui\u00e8rent des actions d\u2019une entreprise ou d\u2019un bien immobilier dans le but d\u2019obtenir des b\u00e9n\u00e9fices gr\u00e2ce \u00e0 l\u2019augmentation de la valeur de l\u2019investissement au fil du temps. Les projets d\u2019actions cherchent \u00e0 capter l\u2019appr\u00e9ciation du capital.\" \/>\n<meta property=\"og:url\" content=\"https:\/\/blog.urbanitae.com\/fr\/glossaire\/projets-de-capital\/\" \/>\n<meta property=\"og:site_name\" content=\"Urbanitae Blog | Les meilleures nouvelles sur l&#039;investissement immobilier\" \/>\n<meta property=\"article:publisher\" content=\"https:\/\/www.facebook.com\/urbanitae\" \/>\n<meta property=\"article:modified_time\" content=\"2025-04-25T09:34:38+00:00\" \/>\n<meta name=\"twitter:card\" content=\"summary_large_image\" \/>\n<meta name=\"twitter:site\" content=\"@urbanitae\" \/>\n<meta name=\"twitter:label1\" content=\"Dur\u00e9e de lecture estim\u00e9e\" \/>\n\t<meta name=\"twitter:data1\" content=\"2 minutes\" \/>\n<script type=\"application\/ld+json\" class=\"yoast-schema-graph\">{\"@context\":\"https:\\\/\\\/schema.org\",\"@graph\":[{\"@type\":\"WebPage\",\"@id\":\"https:\\\/\\\/blog.urbanitae.com\\\/fr\\\/glossaire\\\/projets-de-capital\\\/\",\"url\":\"https:\\\/\\\/blog.urbanitae.com\\\/fr\\\/glossaire\\\/projets-de-capital\\\/\",\"name\":\"Projets de capital - Urbanitae Blog\",\"isPartOf\":{\"@id\":\"https:\\\/\\\/blog.urbanitae.com\\\/fr\\\/#website\"},\"datePublished\":\"2025-04-15T16:52:50+00:00\",\"dateModified\":\"2025-04-25T09:34:38+00:00\",\"description\":\"Il s\u2019agit de projets d\u2019investissement dans lesquels les investisseurs acqui\u00e8rent des actions d\u2019une entreprise ou d\u2019un bien immobilier dans le but d\u2019obtenir des b\u00e9n\u00e9fices gr\u00e2ce \u00e0 l\u2019augmentation de la valeur de l\u2019investissement au fil du temps. Les projets d\u2019actions cherchent \u00e0 capter l\u2019appr\u00e9ciation du capital.\",\"breadcrumb\":{\"@id\":\"https:\\\/\\\/blog.urbanitae.com\\\/fr\\\/glossaire\\\/projets-de-capital\\\/#breadcrumb\"},\"inLanguage\":\"fr-FR\",\"potentialAction\":[{\"@type\":\"ReadAction\",\"target\":[\"https:\\\/\\\/blog.urbanitae.com\\\/fr\\\/glossaire\\\/projets-de-capital\\\/\"]}]},{\"@type\":\"BreadcrumbList\",\"@id\":\"https:\\\/\\\/blog.urbanitae.com\\\/fr\\\/glossaire\\\/projets-de-capital\\\/#breadcrumb\",\"itemListElement\":[{\"@type\":\"ListItem\",\"position\":1,\"name\":\"Portada\",\"item\":\"https:\\\/\\\/blog.urbanitae.com\\\/fr\\\/\"},{\"@type\":\"ListItem\",\"position\":2,\"name\":\"Glossaire\",\"item\":\"https:\\\/\\\/blog.urbanitae.com\\\/fr\\\/glosario\\\/\"},{\"@type\":\"ListItem\",\"position\":3,\"name\":\"Projets de capital\"}]},{\"@type\":\"WebSite\",\"@id\":\"https:\\\/\\\/blog.urbanitae.com\\\/fr\\\/#website\",\"url\":\"https:\\\/\\\/blog.urbanitae.com\\\/fr\\\/\",\"name\":\"Urbanitae Blog | Las mejores noticias sobre inversi\u00f3n inmobiliaria\",\"description\":\"L'investissement immobilier \u00e0 la port\u00e9e de tous\",\"publisher\":{\"@id\":\"https:\\\/\\\/blog.urbanitae.com\\\/fr\\\/#organization\"},\"potentialAction\":[{\"@type\":\"SearchAction\",\"target\":{\"@type\":\"EntryPoint\",\"urlTemplate\":\"https:\\\/\\\/blog.urbanitae.com\\\/fr\\\/?s={search_term_string}\"},\"query-input\":{\"@type\":\"PropertyValueSpecification\",\"valueRequired\":true,\"valueName\":\"search_term_string\"}}],\"inLanguage\":\"fr-FR\"},{\"@type\":\"Organization\",\"@id\":\"https:\\\/\\\/blog.urbanitae.com\\\/fr\\\/#organization\",\"name\":\"Urbanitae\",\"url\":\"https:\\\/\\\/blog.urbanitae.com\\\/fr\\\/\",\"logo\":{\"@type\":\"ImageObject\",\"inLanguage\":\"fr-FR\",\"@id\":\"https:\\\/\\\/blog.urbanitae.com\\\/fr\\\/#\\\/schema\\\/logo\\\/image\\\/\",\"url\":\"https:\\\/\\\/blog.urbanitae.com\\\/wp-content\\\/uploads\\\/2020\\\/04\\\/logo-verde_350x100.svg\",\"contentUrl\":\"https:\\\/\\\/blog.urbanitae.com\\\/wp-content\\\/uploads\\\/2020\\\/04\\\/logo-verde_350x100.svg\",\"width\":350,\"height\":100,\"caption\":\"Urbanitae\"},\"image\":{\"@id\":\"https:\\\/\\\/blog.urbanitae.com\\\/fr\\\/#\\\/schema\\\/logo\\\/image\\\/\"},\"sameAs\":[\"https:\\\/\\\/www.facebook.com\\\/urbanitae\",\"https:\\\/\\\/x.com\\\/urbanitae\",\"https:\\\/\\\/www.instagram.com\\\/urbanitae\",\"https:\\\/\\\/www.linkedin.com\\\/company\\\/urbanitae\",\"https:\\\/\\\/www.pinterest.es\\\/UrbanitaeSL\\\/_created\\\/\",\"https:\\\/\\\/www.youtube.com\\\/c\\\/Urbanitae_RE\"]}]}<\/script>\n<!-- \/ Yoast SEO plugin. -->","yoast_head_json":{"title":"Projets de capital - Urbanitae Blog","description":"Il s\u2019agit de projets d\u2019investissement dans lesquels les investisseurs acqui\u00e8rent des actions d\u2019une entreprise ou d\u2019un bien immobilier dans le but d\u2019obtenir des b\u00e9n\u00e9fices gr\u00e2ce \u00e0 l\u2019augmentation de la valeur de l\u2019investissement au fil du temps. Les projets d\u2019actions cherchent \u00e0 capter l\u2019appr\u00e9ciation du capital.","robots":{"index":"index","follow":"follow","max-snippet":"max-snippet:-1","max-image-preview":"max-image-preview:large","max-video-preview":"max-video-preview:-1"},"canonical":"https:\/\/blog.urbanitae.com\/fr\/glossaire\/projets-de-capital\/","og_locale":"fr_FR","og_type":"article","og_title":"Projets de capital - Urbanitae Blog","og_description":"Il s\u2019agit de projets d\u2019investissement dans lesquels les investisseurs acqui\u00e8rent des actions d\u2019une entreprise ou d\u2019un bien immobilier dans le but d\u2019obtenir des b\u00e9n\u00e9fices gr\u00e2ce \u00e0 l\u2019augmentation de la valeur de l\u2019investissement au fil du temps. Les projets d\u2019actions cherchent \u00e0 capter l\u2019appr\u00e9ciation du capital.","og_url":"https:\/\/blog.urbanitae.com\/fr\/glossaire\/projets-de-capital\/","og_site_name":"Urbanitae Blog | Les meilleures nouvelles sur l'investissement immobilier","article_publisher":"https:\/\/www.facebook.com\/urbanitae","article_modified_time":"2025-04-25T09:34:38+00:00","twitter_card":"summary_large_image","twitter_site":"@urbanitae","twitter_misc":{"Dur\u00e9e de lecture estim\u00e9e":"2 minutes"},"schema":{"@context":"https:\/\/schema.org","@graph":[{"@type":"WebPage","@id":"https:\/\/blog.urbanitae.com\/fr\/glossaire\/projets-de-capital\/","url":"https:\/\/blog.urbanitae.com\/fr\/glossaire\/projets-de-capital\/","name":"Projets de capital - Urbanitae Blog","isPartOf":{"@id":"https:\/\/blog.urbanitae.com\/fr\/#website"},"datePublished":"2025-04-15T16:52:50+00:00","dateModified":"2025-04-25T09:34:38+00:00","description":"Il s\u2019agit de projets d\u2019investissement dans lesquels les investisseurs acqui\u00e8rent des actions d\u2019une entreprise ou d\u2019un bien immobilier dans le but d\u2019obtenir des b\u00e9n\u00e9fices gr\u00e2ce \u00e0 l\u2019augmentation de la valeur de l\u2019investissement au fil du temps. Les projets d\u2019actions cherchent \u00e0 capter l\u2019appr\u00e9ciation du capital.","breadcrumb":{"@id":"https:\/\/blog.urbanitae.com\/fr\/glossaire\/projets-de-capital\/#breadcrumb"},"inLanguage":"fr-FR","potentialAction":[{"@type":"ReadAction","target":["https:\/\/blog.urbanitae.com\/fr\/glossaire\/projets-de-capital\/"]}]},{"@type":"BreadcrumbList","@id":"https:\/\/blog.urbanitae.com\/fr\/glossaire\/projets-de-capital\/#breadcrumb","itemListElement":[{"@type":"ListItem","position":1,"name":"Portada","item":"https:\/\/blog.urbanitae.com\/fr\/"},{"@type":"ListItem","position":2,"name":"Glossaire","item":"https:\/\/blog.urbanitae.com\/fr\/glosario\/"},{"@type":"ListItem","position":3,"name":"Projets de capital"}]},{"@type":"WebSite","@id":"https:\/\/blog.urbanitae.com\/fr\/#website","url":"https:\/\/blog.urbanitae.com\/fr\/","name":"Urbanitae Blog | Las mejores noticias sobre inversi\u00f3n inmobiliaria","description":"L'investissement immobilier \u00e0 la port\u00e9e de tous","publisher":{"@id":"https:\/\/blog.urbanitae.com\/fr\/#organization"},"potentialAction":[{"@type":"SearchAction","target":{"@type":"EntryPoint","urlTemplate":"https:\/\/blog.urbanitae.com\/fr\/?s={search_term_string}"},"query-input":{"@type":"PropertyValueSpecification","valueRequired":true,"valueName":"search_term_string"}}],"inLanguage":"fr-FR"},{"@type":"Organization","@id":"https:\/\/blog.urbanitae.com\/fr\/#organization","name":"Urbanitae","url":"https:\/\/blog.urbanitae.com\/fr\/","logo":{"@type":"ImageObject","inLanguage":"fr-FR","@id":"https:\/\/blog.urbanitae.com\/fr\/#\/schema\/logo\/image\/","url":"https:\/\/blog.urbanitae.com\/wp-content\/uploads\/2020\/04\/logo-verde_350x100.svg","contentUrl":"https:\/\/blog.urbanitae.com\/wp-content\/uploads\/2020\/04\/logo-verde_350x100.svg","width":350,"height":100,"caption":"Urbanitae"},"image":{"@id":"https:\/\/blog.urbanitae.com\/fr\/#\/schema\/logo\/image\/"},"sameAs":["https:\/\/www.facebook.com\/urbanitae","https:\/\/x.com\/urbanitae","https:\/\/www.instagram.com\/urbanitae","https:\/\/www.linkedin.com\/company\/urbanitae","https:\/\/www.pinterest.es\/UrbanitaeSL\/_created\/","https:\/\/www.youtube.com\/c\/Urbanitae_RE"]}]}},"_links":{"self":[{"href":"https:\/\/blog.urbanitae.com\/fr\/wp-json\/wp\/v2\/pages\/62049","targetHints":{"allow":["GET"]}}],"collection":[{"href":"https:\/\/blog.urbanitae.com\/fr\/wp-json\/wp\/v2\/pages"}],"about":[{"href":"https:\/\/blog.urbanitae.com\/fr\/wp-json\/wp\/v2\/types\/page"}],"author":[{"embeddable":true,"href":"https:\/\/blog.urbanitae.com\/fr\/wp-json\/wp\/v2\/users\/20"}],"replies":[{"embeddable":true,"href":"https:\/\/blog.urbanitae.com\/fr\/wp-json\/wp\/v2\/comments?post=62049"}],"version-history":[{"count":1,"href":"https:\/\/blog.urbanitae.com\/fr\/wp-json\/wp\/v2\/pages\/62049\/revisions"}],"predecessor-version":[{"id":62050,"href":"https:\/\/blog.urbanitae.com\/fr\/wp-json\/wp\/v2\/pages\/62049\/revisions\/62050"}],"up":[{"embeddable":true,"href":"https:\/\/blog.urbanitae.com\/fr\/wp-json\/wp\/v2\/pages\/62174"}],"wp:attachment":[{"href":"https:\/\/blog.urbanitae.com\/fr\/wp-json\/wp\/v2\/media?parent=62049"}],"curies":[{"name":"wp","href":"https:\/\/api.w.org\/{rel}","templated":true}]}}