{"id":62035,"date":"2025-04-15T18:08:54","date_gmt":"2025-04-15T16:08:54","guid":{"rendered":"https:\/\/blog.urbanitae.com\/pret-non-garanti\/"},"modified":"2025-04-25T11:34:33","modified_gmt":"2025-04-25T09:34:33","slug":"pret-non-garanti","status":"publish","type":"page","link":"https:\/\/blog.urbanitae.com\/fr\/glossaire\/pret-non-garanti\/","title":{"rendered":"Pr\u00eat non garanti"},"content":{"rendered":"\t\t<div data-elementor-type=\"wp-page\" data-elementor-id=\"62035\" class=\"elementor elementor-62035 elementor-57065\">\n\t\t\t\t\t\t<section class=\"elementor-section elementor-top-section elementor-element elementor-element-d86d887 elementor-section-boxed elementor-section-height-default elementor-section-height-default\" data-id=\"d86d887\" data-element_type=\"section\" data-e-type=\"section\">\n\t\t\t\t\t\t<div class=\"elementor-container elementor-column-gap-default\">\n\t\t\t\t\t<div class=\"elementor-column elementor-col-100 elementor-top-column elementor-element elementor-element-8b49ddd\" data-id=\"8b49ddd\" data-element_type=\"column\" data-e-type=\"column\">\n\t\t\t<div class=\"elementor-widget-wrap elementor-element-populated\">\n\t\t\t\t\t\t<div class=\"elementor-element elementor-element-083b30b elementor-widget__width-initial elementor-widget elementor-widget-text-editor\" data-id=\"083b30b\" data-element_type=\"widget\" data-e-type=\"widget\" data-widget_type=\"text-editor.default\">\n\t\t\t\t<div class=\"elementor-widget-container\">\n\t\t\t\t\t\t\t\t\t<h3>Qu\u2019est-ce que c\u2019est?<\/h3><p style=\"color: #212121; font-family: Roboto, sans-serif; font-size: 16px;\">Il s\u2019agit <strong>de pr\u00eats<\/strong> qui sont accord\u00e9s sans qu\u2019il soit n\u00e9cessaire d\u2019offrir un actif en garantie. Ces pr\u00eats sont bas\u00e9s sur la confiance dans la capacit\u00e9 de payer de l\u2019emprunteur et ses ant\u00e9c\u00e9dents de cr\u00e9dit. Contrairement aux pr\u00eats garantis, o\u00f9 le pr\u00eateur a un actif en garantie, les pr\u00eats non garantis d\u00e9pendent enti\u00e8rement de la solvabilit\u00e9 de l\u2019emprunteur pour d\u00e9terminer son admissibilit\u00e9 et les conditions du pr\u00eat.<\/p><p style=\"color: #212121; font-family: Roboto, sans-serif; font-size: 16px;\">Ce type de pr\u00eat est courant dans les produits financiers tels que les pr\u00eats personnels, les cartes de cr\u00e9dit et certains types de financement pour les petites entreprises. \u00c9tant donn\u00e9 qu\u2019il n\u2019est pas n\u00e9cessaire d\u2019obtenir une garantie, le risque pour le pr\u00eateur est plus \u00e9lev\u00e9, ce qui peut se traduire par des taux d\u2019int\u00e9r\u00eat plus \u00e9lev\u00e9s. <\/p>\t\t\t\t\t\t\t\t<\/div>\n\t\t\t\t<\/div>\n\t\t\t\t<div class=\"elementor-element elementor-element-11c28c4 elementor-widget__width-initial elementor-widget elementor-widget-text-editor\" data-id=\"11c28c4\" data-element_type=\"widget\" data-e-type=\"widget\" data-widget_type=\"text-editor.default\">\n\t\t\t\t<div class=\"elementor-widget-container\">\n\t\t\t\t\t\t\t\t\t<h3>Principaux aspects \u00e0 prendre en compte<\/h3><p style=\"color: #212121; font-family: Roboto, sans-serif; font-size: 16px;\"><strong>Les pr\u00eats non garantis<\/strong> sont attrayants pour les emprunteurs qui n\u2019ont pas d\u2019actifs disponibles \u00e0 offrir en garantie, mais ils comportent \u00e9galement des risques suppl\u00e9mentaires. \u00c9tant donn\u00e9 que le pr\u00eateur n\u2019a pas de recours direct pour r\u00e9cup\u00e9rer l\u2019argent en cas de d\u00e9faut, ces pr\u00eats ont g\u00e9n\u00e9ralement des taux d\u2019int\u00e9r\u00eat plus \u00e9lev\u00e9s pour compenser ce risque. <\/p><p style=\"color: #212121; font-family: Roboto, sans-serif; font-size: 16px;\">Il est essentiel que l\u2019emprunteur ait de bons ant\u00e9c\u00e9dents de cr\u00e9dit, car ce sera le principal facteur pour d\u00e9terminer l\u2019\u00e9ligibilit\u00e9 et les conditions du pr\u00eat. De plus, les pr\u00eateurs effectuent g\u00e9n\u00e9ralement une analyse approfondie de la capacit\u00e9 de paiement de l\u2019emprunteur, ce qui implique une \u00e9valuation de ses revenus, de ses dettes et de son comportement financier. <\/p><p style=\"color: #212121; font-family: Roboto, sans-serif; font-size: 16px;\">Bien que ce type de pr\u00eat offre de la flexibilit\u00e9, les emprunteurs doivent conna\u00eetre les conditions de remboursement et s\u2019assurer qu\u2019ils peuvent effectuer les paiements \u00e0 temps pour \u00e9viter des frais suppl\u00e9mentaires ou des dommages \u00e0 leur historique de cr\u00e9dit.<\/p>\t\t\t\t\t\t\t\t<\/div>\n\t\t\t\t<\/div>\n\t\t\t\t\t<\/div>\n\t\t<\/div>\n\t\t\t\t\t<\/div>\n\t\t<\/section>\n\t\t\t\t<section class=\"elementor-section elementor-top-section elementor-element elementor-element-aa563c5 elementor-section-full_width elementor-section-height-default elementor-section-height-default\" data-id=\"aa563c5\" data-element_type=\"section\" data-e-type=\"section\">\n\t\t\t\t\t\t<div class=\"elementor-container elementor-column-gap-default\">\n\t\t\t\t\t<div class=\"elementor-column elementor-col-100 elementor-top-column elementor-element elementor-element-41114ac\" data-id=\"41114ac\" data-element_type=\"column\" data-e-type=\"column\">\n\t\t\t<div class=\"elementor-widget-wrap elementor-element-populated\">\n\t\t\t\t\t\t<div class=\"elementor-element elementor-element-43f7095 elementor-widget elementor-widget-html\" data-id=\"43f7095\" data-element_type=\"widget\" data-e-type=\"widget\" data-widget_type=\"html.default\">\n\t\t\t\t<div class=\"elementor-widget-container\">\n\t\t\t\t\t\r\n        <div class=\"qode-advanced-call-to-action qode-advanced-cta-gradient qode-advanced-cta-gradient-animation\" style=\"height:80px\">\r\n            <a class=\"advanced-cta-link\" href=\"https:\/\/mkt.urbanitae.com\/Urbanitae_suscripcion_newsletter.html?utm_source=blog&amp;utm_medium=link_blog&amp;utm_campaign=suscripcion_blog&amp;utm_content=boton\" target=\"_blank\" onclick=\"dataLayer.push({'event': 'ub_ga4_event', 'ub_ga4_event_name': 'newsletter', 'ub_ga4_event_element': 'aprende'})\"><\/a>\r\n            <div class=\"qode-advanced-cta-content\">\r\n                <span class=\"qode-advanced-cta-text-holder\" style=\"color:#FFFFFF;font-size:25px\">\r\n Abonnez-vous \u00e0 notre Newsletter <\/span>\r\n                <span class=\"qode-advanced-cta-icon-holder\" style=\"color:#FFFFFF;font-size:25px\">\r\n                    <span class=\"qode-advanced-cta-icon-holder-table\">\r\n                        <span class=\"qode-advanced-cta-icon-holder-cell\">\r\n                            <i class=\"qode_icon_font_awesome_5 fa5 fa fa-envelope-open-text qode-advanced-cta-icon\"><\/i> <\/span>\r\n                    <\/span>\r\n                <\/span>\r\n            <\/div>\r\n            <div class=\"qode-advanced-cta-background-holder\">\r\n                <span class=\"qode-advanced-cta-background-1 qode-type1-gradient-left-to-right\"><\/span>\r\n                <span class=\"qode-advanced-cta-background-2 qode-type1-gradient-left-to-right\"><\/span>\r\n                <span class=\"qode-advanced-cta-background-3\"><\/span>\r\n            <\/div>\r\n        <\/div>\r\n\t\t\t\t<\/div>\n\t\t\t\t<\/div>\n\t\t\t\t\t<\/div>\n\t\t<\/div>\n\t\t\t\t\t<\/div>\n\t\t<\/section>\n\t\t\t\t<\/div>\n\t\t","protected":false},"excerpt":{"rendered":"<p>Qu\u2019est-ce que c\u2019est? Il s\u2019agit de pr\u00eats qui sont accord\u00e9s sans qu\u2019il soit n\u00e9cessaire d\u2019offrir un actif en garantie. Ces pr\u00eats sont bas\u00e9s sur la confiance dans la capacit\u00e9 de payer de l\u2019emprunteur et ses ant\u00e9c\u00e9dents de cr\u00e9dit. Contrairement aux pr\u00eats garantis, o\u00f9 le pr\u00eateur a un actif en garantie, les pr\u00eats non garantis d\u00e9pendent [&hellip;]<\/p>\n","protected":false},"author":20,"featured_media":0,"parent":62174,"menu_order":0,"comment_status":"closed","ping_status":"closed","template":"","meta":{"inline_featured_image":false,"footnotes":""},"class_list":["post-62035","page","type-page","status-publish","hentry"],"blocksy_meta":[],"yoast_head":"<!-- This site is optimized with the Yoast SEO plugin v27.4 - https:\/\/yoast.com\/product\/yoast-seo-wordpress\/ -->\n<title>Pr\u00eat non garanti - Urbanitae Blog<\/title>\n<meta name=\"description\" content=\"Il s\u2019agit de pr\u00eats qui sont accord\u00e9s sans qu\u2019il soit n\u00e9cessaire d\u2019offrir un actif en garantie. Ces pr\u00eats sont bas\u00e9s sur la confiance dans la capacit\u00e9 de payer de l\u2019emprunteur et ses ant\u00e9c\u00e9dents de cr\u00e9dit.\" \/>\n<meta name=\"robots\" content=\"index, follow, max-snippet:-1, max-image-preview:large, max-video-preview:-1\" \/>\n<link rel=\"canonical\" href=\"https:\/\/blog.urbanitae.com\/fr\/glossaire\/pret-non-garanti\/\" \/>\n<meta property=\"og:locale\" content=\"fr_FR\" \/>\n<meta property=\"og:type\" content=\"article\" \/>\n<meta property=\"og:title\" content=\"Pr\u00eat non garanti - Urbanitae Blog\" \/>\n<meta property=\"og:description\" content=\"Il s\u2019agit de pr\u00eats qui sont accord\u00e9s sans qu\u2019il soit n\u00e9cessaire d\u2019offrir un actif en garantie. Ces pr\u00eats sont bas\u00e9s sur la confiance dans la capacit\u00e9 de payer de l\u2019emprunteur et ses ant\u00e9c\u00e9dents de cr\u00e9dit.\" \/>\n<meta property=\"og:url\" content=\"https:\/\/blog.urbanitae.com\/fr\/glossaire\/pret-non-garanti\/\" \/>\n<meta property=\"og:site_name\" content=\"Urbanitae Blog | Les meilleures nouvelles sur l&#039;investissement immobilier\" \/>\n<meta property=\"article:publisher\" content=\"https:\/\/www.facebook.com\/urbanitae\" \/>\n<meta property=\"article:modified_time\" content=\"2025-04-25T09:34:33+00:00\" \/>\n<meta name=\"twitter:card\" content=\"summary_large_image\" \/>\n<meta name=\"twitter:site\" content=\"@urbanitae\" \/>\n<meta name=\"twitter:label1\" content=\"Dur\u00e9e de lecture estim\u00e9e\" \/>\n\t<meta name=\"twitter:data1\" content=\"2 minutes\" \/>\n<script type=\"application\/ld+json\" class=\"yoast-schema-graph\">{\"@context\":\"https:\\\/\\\/schema.org\",\"@graph\":[{\"@type\":\"WebPage\",\"@id\":\"https:\\\/\\\/blog.urbanitae.com\\\/fr\\\/glossaire\\\/pret-non-garanti\\\/\",\"url\":\"https:\\\/\\\/blog.urbanitae.com\\\/fr\\\/glossaire\\\/pret-non-garanti\\\/\",\"name\":\"Pr\u00eat non garanti - Urbanitae Blog\",\"isPartOf\":{\"@id\":\"https:\\\/\\\/blog.urbanitae.com\\\/fr\\\/#website\"},\"datePublished\":\"2025-04-15T16:08:54+00:00\",\"dateModified\":\"2025-04-25T09:34:33+00:00\",\"description\":\"Il s\u2019agit de pr\u00eats qui sont accord\u00e9s sans qu\u2019il soit n\u00e9cessaire d\u2019offrir un actif en garantie. Ces pr\u00eats sont bas\u00e9s sur la confiance dans la capacit\u00e9 de payer de l\u2019emprunteur et ses ant\u00e9c\u00e9dents de cr\u00e9dit.\",\"breadcrumb\":{\"@id\":\"https:\\\/\\\/blog.urbanitae.com\\\/fr\\\/glossaire\\\/pret-non-garanti\\\/#breadcrumb\"},\"inLanguage\":\"fr-FR\",\"potentialAction\":[{\"@type\":\"ReadAction\",\"target\":[\"https:\\\/\\\/blog.urbanitae.com\\\/fr\\\/glossaire\\\/pret-non-garanti\\\/\"]}]},{\"@type\":\"BreadcrumbList\",\"@id\":\"https:\\\/\\\/blog.urbanitae.com\\\/fr\\\/glossaire\\\/pret-non-garanti\\\/#breadcrumb\",\"itemListElement\":[{\"@type\":\"ListItem\",\"position\":1,\"name\":\"Portada\",\"item\":\"https:\\\/\\\/blog.urbanitae.com\\\/fr\\\/\"},{\"@type\":\"ListItem\",\"position\":2,\"name\":\"Glossaire\",\"item\":\"https:\\\/\\\/blog.urbanitae.com\\\/fr\\\/glosario\\\/\"},{\"@type\":\"ListItem\",\"position\":3,\"name\":\"Pr\u00eat non garanti\"}]},{\"@type\":\"WebSite\",\"@id\":\"https:\\\/\\\/blog.urbanitae.com\\\/fr\\\/#website\",\"url\":\"https:\\\/\\\/blog.urbanitae.com\\\/fr\\\/\",\"name\":\"Urbanitae Blog | Las mejores noticias sobre inversi\u00f3n inmobiliaria\",\"description\":\"L'investissement immobilier \u00e0 la port\u00e9e de tous\",\"publisher\":{\"@id\":\"https:\\\/\\\/blog.urbanitae.com\\\/fr\\\/#organization\"},\"potentialAction\":[{\"@type\":\"SearchAction\",\"target\":{\"@type\":\"EntryPoint\",\"urlTemplate\":\"https:\\\/\\\/blog.urbanitae.com\\\/fr\\\/?s={search_term_string}\"},\"query-input\":{\"@type\":\"PropertyValueSpecification\",\"valueRequired\":true,\"valueName\":\"search_term_string\"}}],\"inLanguage\":\"fr-FR\"},{\"@type\":\"Organization\",\"@id\":\"https:\\\/\\\/blog.urbanitae.com\\\/fr\\\/#organization\",\"name\":\"Urbanitae\",\"url\":\"https:\\\/\\\/blog.urbanitae.com\\\/fr\\\/\",\"logo\":{\"@type\":\"ImageObject\",\"inLanguage\":\"fr-FR\",\"@id\":\"https:\\\/\\\/blog.urbanitae.com\\\/fr\\\/#\\\/schema\\\/logo\\\/image\\\/\",\"url\":\"https:\\\/\\\/blog.urbanitae.com\\\/wp-content\\\/uploads\\\/2020\\\/04\\\/logo-verde_350x100.svg\",\"contentUrl\":\"https:\\\/\\\/blog.urbanitae.com\\\/wp-content\\\/uploads\\\/2020\\\/04\\\/logo-verde_350x100.svg\",\"width\":350,\"height\":100,\"caption\":\"Urbanitae\"},\"image\":{\"@id\":\"https:\\\/\\\/blog.urbanitae.com\\\/fr\\\/#\\\/schema\\\/logo\\\/image\\\/\"},\"sameAs\":[\"https:\\\/\\\/www.facebook.com\\\/urbanitae\",\"https:\\\/\\\/x.com\\\/urbanitae\",\"https:\\\/\\\/www.instagram.com\\\/urbanitae\",\"https:\\\/\\\/www.linkedin.com\\\/company\\\/urbanitae\",\"https:\\\/\\\/www.pinterest.es\\\/UrbanitaeSL\\\/_created\\\/\",\"https:\\\/\\\/www.youtube.com\\\/c\\\/Urbanitae_RE\"]}]}<\/script>\n<!-- \/ Yoast SEO plugin. -->","yoast_head_json":{"title":"Pr\u00eat non garanti - Urbanitae Blog","description":"Il s\u2019agit de pr\u00eats qui sont accord\u00e9s sans qu\u2019il soit n\u00e9cessaire d\u2019offrir un actif en garantie. Ces pr\u00eats sont bas\u00e9s sur la confiance dans la capacit\u00e9 de payer de l\u2019emprunteur et ses ant\u00e9c\u00e9dents de cr\u00e9dit.","robots":{"index":"index","follow":"follow","max-snippet":"max-snippet:-1","max-image-preview":"max-image-preview:large","max-video-preview":"max-video-preview:-1"},"canonical":"https:\/\/blog.urbanitae.com\/fr\/glossaire\/pret-non-garanti\/","og_locale":"fr_FR","og_type":"article","og_title":"Pr\u00eat non garanti - Urbanitae Blog","og_description":"Il s\u2019agit de pr\u00eats qui sont accord\u00e9s sans qu\u2019il soit n\u00e9cessaire d\u2019offrir un actif en garantie. Ces pr\u00eats sont bas\u00e9s sur la confiance dans la capacit\u00e9 de payer de l\u2019emprunteur et ses ant\u00e9c\u00e9dents de cr\u00e9dit.","og_url":"https:\/\/blog.urbanitae.com\/fr\/glossaire\/pret-non-garanti\/","og_site_name":"Urbanitae Blog | Les meilleures nouvelles sur l'investissement immobilier","article_publisher":"https:\/\/www.facebook.com\/urbanitae","article_modified_time":"2025-04-25T09:34:33+00:00","twitter_card":"summary_large_image","twitter_site":"@urbanitae","twitter_misc":{"Dur\u00e9e de lecture estim\u00e9e":"2 minutes"},"schema":{"@context":"https:\/\/schema.org","@graph":[{"@type":"WebPage","@id":"https:\/\/blog.urbanitae.com\/fr\/glossaire\/pret-non-garanti\/","url":"https:\/\/blog.urbanitae.com\/fr\/glossaire\/pret-non-garanti\/","name":"Pr\u00eat non garanti - Urbanitae Blog","isPartOf":{"@id":"https:\/\/blog.urbanitae.com\/fr\/#website"},"datePublished":"2025-04-15T16:08:54+00:00","dateModified":"2025-04-25T09:34:33+00:00","description":"Il s\u2019agit de pr\u00eats qui sont accord\u00e9s sans qu\u2019il soit n\u00e9cessaire d\u2019offrir un actif en garantie. Ces pr\u00eats sont bas\u00e9s sur la confiance dans la capacit\u00e9 de payer de l\u2019emprunteur et ses ant\u00e9c\u00e9dents de cr\u00e9dit.","breadcrumb":{"@id":"https:\/\/blog.urbanitae.com\/fr\/glossaire\/pret-non-garanti\/#breadcrumb"},"inLanguage":"fr-FR","potentialAction":[{"@type":"ReadAction","target":["https:\/\/blog.urbanitae.com\/fr\/glossaire\/pret-non-garanti\/"]}]},{"@type":"BreadcrumbList","@id":"https:\/\/blog.urbanitae.com\/fr\/glossaire\/pret-non-garanti\/#breadcrumb","itemListElement":[{"@type":"ListItem","position":1,"name":"Portada","item":"https:\/\/blog.urbanitae.com\/fr\/"},{"@type":"ListItem","position":2,"name":"Glossaire","item":"https:\/\/blog.urbanitae.com\/fr\/glosario\/"},{"@type":"ListItem","position":3,"name":"Pr\u00eat non garanti"}]},{"@type":"WebSite","@id":"https:\/\/blog.urbanitae.com\/fr\/#website","url":"https:\/\/blog.urbanitae.com\/fr\/","name":"Urbanitae Blog | Las mejores noticias sobre inversi\u00f3n inmobiliaria","description":"L'investissement immobilier \u00e0 la port\u00e9e de tous","publisher":{"@id":"https:\/\/blog.urbanitae.com\/fr\/#organization"},"potentialAction":[{"@type":"SearchAction","target":{"@type":"EntryPoint","urlTemplate":"https:\/\/blog.urbanitae.com\/fr\/?s={search_term_string}"},"query-input":{"@type":"PropertyValueSpecification","valueRequired":true,"valueName":"search_term_string"}}],"inLanguage":"fr-FR"},{"@type":"Organization","@id":"https:\/\/blog.urbanitae.com\/fr\/#organization","name":"Urbanitae","url":"https:\/\/blog.urbanitae.com\/fr\/","logo":{"@type":"ImageObject","inLanguage":"fr-FR","@id":"https:\/\/blog.urbanitae.com\/fr\/#\/schema\/logo\/image\/","url":"https:\/\/blog.urbanitae.com\/wp-content\/uploads\/2020\/04\/logo-verde_350x100.svg","contentUrl":"https:\/\/blog.urbanitae.com\/wp-content\/uploads\/2020\/04\/logo-verde_350x100.svg","width":350,"height":100,"caption":"Urbanitae"},"image":{"@id":"https:\/\/blog.urbanitae.com\/fr\/#\/schema\/logo\/image\/"},"sameAs":["https:\/\/www.facebook.com\/urbanitae","https:\/\/x.com\/urbanitae","https:\/\/www.instagram.com\/urbanitae","https:\/\/www.linkedin.com\/company\/urbanitae","https:\/\/www.pinterest.es\/UrbanitaeSL\/_created\/","https:\/\/www.youtube.com\/c\/Urbanitae_RE"]}]}},"_links":{"self":[{"href":"https:\/\/blog.urbanitae.com\/fr\/wp-json\/wp\/v2\/pages\/62035","targetHints":{"allow":["GET"]}}],"collection":[{"href":"https:\/\/blog.urbanitae.com\/fr\/wp-json\/wp\/v2\/pages"}],"about":[{"href":"https:\/\/blog.urbanitae.com\/fr\/wp-json\/wp\/v2\/types\/page"}],"author":[{"embeddable":true,"href":"https:\/\/blog.urbanitae.com\/fr\/wp-json\/wp\/v2\/users\/20"}],"replies":[{"embeddable":true,"href":"https:\/\/blog.urbanitae.com\/fr\/wp-json\/wp\/v2\/comments?post=62035"}],"version-history":[{"count":0,"href":"https:\/\/blog.urbanitae.com\/fr\/wp-json\/wp\/v2\/pages\/62035\/revisions"}],"up":[{"embeddable":true,"href":"https:\/\/blog.urbanitae.com\/fr\/wp-json\/wp\/v2\/pages\/62174"}],"wp:attachment":[{"href":"https:\/\/blog.urbanitae.com\/fr\/wp-json\/wp\/v2\/media?parent=62035"}],"curies":[{"name":"wp","href":"https:\/\/api.w.org\/{rel}","templated":true}]}}