{"id":62011,"date":"2025-04-15T17:03:16","date_gmt":"2025-04-15T15:03:16","guid":{"rendered":"https:\/\/blog.urbanitae.com\/marches-prives\/"},"modified":"2025-04-25T11:35:31","modified_gmt":"2025-04-25T09:35:31","slug":"marches-prives","status":"publish","type":"page","link":"https:\/\/blog.urbanitae.com\/fr\/glossaire\/marches-prives\/","title":{"rendered":"March\u00e9s priv\u00e9s"},"content":{"rendered":"\t\t<div data-elementor-type=\"wp-page\" data-elementor-id=\"62011\" class=\"elementor elementor-62011 elementor-60228\">\n\t\t\t\t\t\t<section class=\"elementor-section elementor-top-section elementor-element elementor-element-d86d887 elementor-section-boxed elementor-section-height-default elementor-section-height-default parallax_section_no qode_elementor_container_no\" data-id=\"d86d887\" data-element_type=\"section\">\n\t\t\t\t\t\t<div class=\"elementor-container elementor-column-gap-default\">\n\t\t\t\t\t<div class=\"elementor-column elementor-col-100 elementor-top-column elementor-element elementor-element-8b49ddd\" data-id=\"8b49ddd\" data-element_type=\"column\">\n\t\t\t<div class=\"elementor-widget-wrap elementor-element-populated\">\n\t\t\t\t\t\t<div class=\"elementor-element elementor-element-083b30b elementor-widget__width-initial elementor-widget elementor-widget-text-editor\" data-id=\"083b30b\" data-element_type=\"widget\" data-widget_type=\"text-editor.default\">\n\t\t\t\t<div class=\"elementor-widget-container\">\n\t\t\t\t\t\t\t\t\t<h3>De quoi s\u2019agit-il ?<\/h3><p style=\"color: #212121; font-family: Roboto, sans-serif; font-size: 16px;\">Il s\u2019agit des march\u00e9s sur lesquels sont n\u00e9goci\u00e9s des actifs financiers qui ne sont pas accessibles au grand public et qui sont principalement destin\u00e9s \u00e0 des investisseurs institutionnels ou accr\u00e9dit\u00e9s. Les march\u00e9s priv\u00e9s comprennent des actifs tels que des actions de soci\u00e9t\u00e9s non cot\u00e9es, des obligations d\u2019entreprises priv\u00e9es, du capital-risque et des fonds sp\u00e9culatifs, entre autres. Contrairement aux march\u00e9s publics, o\u00f9 les titres sont n\u00e9goci\u00e9s ouvertement et accessibles \u00e0 tous les investisseurs, les march\u00e9s priv\u00e9s sont limit\u00e9s \u00e0 un groupe restreint de participants.  <\/p><p style=\"color: #212121; font-family: Roboto, sans-serif; font-size: 16px;\">Ces march\u00e9s sont g\u00e9n\u00e9ralement moins liquides que les march\u00e9s publics, ce qui signifie que l\u2019achat et la vente d\u2019actifs peuvent \u00eatre plus difficiles et prendre plus de temps. En outre, les transactions sur les march\u00e9s priv\u00e9s sont g\u00e9n\u00e9ralement plus complexes et peuvent entra\u00eener des co\u00fbts associ\u00e9s plus \u00e9lev\u00e9s en raison de la moindre concurrence et de la transparence des transactions. <\/p>\t\t\t\t\t\t\t\t<\/div>\n\t\t\t\t<\/div>\n\t\t\t\t<div class=\"elementor-element elementor-element-11c28c4 elementor-widget__width-initial elementor-widget elementor-widget-text-editor\" data-id=\"11c28c4\" data-element_type=\"widget\" data-widget_type=\"text-editor.default\">\n\t\t\t\t<div class=\"elementor-widget-container\">\n\t\t\t\t\t\t\t\t\t<h3>Principaux aspects \u00e0 prendre en compte<\/h3><p style=\"color: #212121; font-family: Roboto, sans-serif; font-size: 16px;\"><strong>Les march\u00e9s priv\u00e9s<\/strong> pr\u00e9sentent plusieurs caract\u00e9ristiques distinctives :<\/p><ul><li style=\"color: #212121; font-family: Roboto, sans-serif; font-size: 16px;\"><strong>Acc\u00e8s restreint :<\/strong> Seuls les investisseurs accr\u00e9dit\u00e9s ou institutionnels ont la possibilit\u00e9 d\u2019y participer, ce qui limite la disponibilit\u00e9 de ces actifs \u00e0 un public plus restreint.<\/li><li style=\"color: #212121; font-family: Roboto, sans-serif; font-size: 16px;\"><strong>Liquidit\u00e9 plus faible :<\/strong> L\u2019absence d\u2019un march\u00e9 secondaire efficace et la nature sp\u00e9cifique des actifs rendent la vente d\u2019actifs sur les march\u00e9s priv\u00e9s plus difficile et plus longue que sur les march\u00e9s publics.<\/li><li style=\"color: #212121; font-family: Roboto, sans-serif; font-size: 16px;\"><strong>R\u00e9glementations sp\u00e9cifiques :<\/strong> Bien qu\u2019ils ne soient pas soumis \u00e0 la m\u00eame r\u00e9glementation stricte que les march\u00e9s publics, les march\u00e9s priv\u00e9s sont soumis \u00e0 certaines r\u00e9glementations qui prot\u00e8gent les investisseurs et assurent la transparence des transactions dans cet environnement.<\/li><\/ul><p style=\"color: #212121; font-family: Roboto, sans-serif; font-size: 16px;\">Bien qu\u2019ils soient moins liquides, les march\u00e9s priv\u00e9s offrent des opportunit\u00e9s int\u00e9ressantes pour les investisseurs \u00e0 la recherche de diversification ou d\u2019un potentiel de rendement plus \u00e9lev\u00e9, comme dans le cas d\u2019investissements dans des startups, du capital-investissement ou de l\u2019immobilier. Cependant, les risques associ\u00e9s, tels que le manque de transparence et la possibilit\u00e9 de ne pas pouvoir vendre rapidement des actifs, doivent \u00eatre soigneusement \u00e9valu\u00e9s. <\/p>\t\t\t\t\t\t\t\t<\/div>\n\t\t\t\t<\/div>\n\t\t\t\t\t<\/div>\n\t\t<\/div>\n\t\t\t\t\t<\/div>\n\t\t<\/section>\n\t\t\t\t<section class=\"elementor-section elementor-top-section elementor-element elementor-element-aa563c5 elementor-section-full_width elementor-section-stretched elementor-section-height-default elementor-section-height-default parallax_section_no qode_elementor_container_no\" data-id=\"aa563c5\" data-element_type=\"section\" data-settings=\"{&quot;stretch_section&quot;:&quot;section-stretched&quot;}\">\n\t\t\t\t\t\t<div class=\"elementor-container elementor-column-gap-default\">\n\t\t\t\t\t<div class=\"elementor-column elementor-col-100 elementor-top-column elementor-element elementor-element-41114ac\" data-id=\"41114ac\" data-element_type=\"column\">\n\t\t\t<div class=\"elementor-widget-wrap elementor-element-populated\">\n\t\t\t\t\t\t<div class=\"elementor-element elementor-element-43f7095 elementor-widget elementor-widget-html\" data-id=\"43f7095\" data-element_type=\"widget\" data-widget_type=\"html.default\">\n\t\t\t\t<div class=\"elementor-widget-container\">\n\t\t\t\t\t\r\n        <div class=\"qode-advanced-call-to-action qode-advanced-cta-gradient qode-advanced-cta-gradient-animation\" style=\"height:80px\">\r\n            <a class=\"advanced-cta-link\" href=\"https:\/\/mkt.urbanitae.com\/Urbanitae_suscripcion_newsletter.html?utm_source=blog&amp;utm_medium=link_blog&amp;utm_campaign=suscripcion_blog&amp;utm_content=boton\" target=\"_blank\" onclick=\"dataLayer.push({'event': 'ub_ga4_event', 'ub_ga4_event_name': 'newsletter', 'ub_ga4_event_element': 'aprende'})\"><\/a>\r\n            <div class=\"qode-advanced-cta-content\">\r\n                <span class=\"qode-advanced-cta-text-holder\" style=\"color:#FFFFFF;font-size:25px\">\r\n Abonnez-vous \u00e0 notre Newsletter <\/span>\r\n                <span class=\"qode-advanced-cta-icon-holder\" style=\"color:#FFFFFF;font-size:25px\">\r\n                    <span class=\"qode-advanced-cta-icon-holder-table\">\r\n                        <span class=\"qode-advanced-cta-icon-holder-cell\">\r\n                            <i class=\"qode_icon_font_awesome_5 fa5 fa fa-envelope-open-text qode-advanced-cta-icon\"><\/i> <\/span>\r\n                    <\/span>\r\n                <\/span>\r\n            <\/div>\r\n            <div class=\"qode-advanced-cta-background-holder\">\r\n                <span class=\"qode-advanced-cta-background-1 qode-type1-gradient-left-to-right\"><\/span>\r\n                <span class=\"qode-advanced-cta-background-2 qode-type1-gradient-left-to-right\"><\/span>\r\n                <span class=\"qode-advanced-cta-background-3\"><\/span>\r\n            <\/div>\r\n        <\/div>\r\n\t\t\t\t<\/div>\n\t\t\t\t<\/div>\n\t\t\t\t\t<\/div>\n\t\t<\/div>\n\t\t\t\t\t<\/div>\n\t\t<\/section>\n\t\t\t\t<\/div>\n\t\t","protected":false},"excerpt":{"rendered":"<p>De quoi s\u2019agit-il ? Il s\u2019agit des march\u00e9s sur lesquels sont n\u00e9goci\u00e9s des actifs financiers qui ne sont pas accessibles au grand public et qui sont principalement destin\u00e9s \u00e0 des investisseurs institutionnels ou accr\u00e9dit\u00e9s. Les march\u00e9s priv\u00e9s comprennent des actifs tels que des actions de&#8230;<\/p>\n","protected":false},"author":4,"featured_media":0,"parent":62174,"menu_order":0,"comment_status":"closed","ping_status":"closed","template":"","meta":{"inline_featured_image":false,"_lmt_disableupdate":"","_lmt_disable":"","footnotes":""},"class_list":["post-62011","page","type-page","status-publish","hentry"],"yoast_head":"<!-- This site is optimized with the Yoast SEO plugin v26.6 - https:\/\/yoast.com\/wordpress\/plugins\/seo\/ -->\n<title>March\u00e9s priv\u00e9s - Urbanitae Blog<\/title>\n<meta name=\"description\" content=\"Il s\u2019agit des march\u00e9s o\u00f9 sont n\u00e9goci\u00e9s des actifs financiers qui ne sont pas accessibles au grand public et qui sont destin\u00e9s \u00e0 des investisseurs institutionnels ou accr\u00e9dit\u00e9s.\" \/>\n<meta name=\"robots\" content=\"index, follow, max-snippet:-1, max-image-preview:large, max-video-preview:-1\" \/>\n<link rel=\"canonical\" href=\"https:\/\/blog.urbanitae.com\/fr\/glossaire\/marches-prives\/\" \/>\n<meta property=\"og:locale\" content=\"fr_FR\" \/>\n<meta property=\"og:type\" content=\"article\" \/>\n<meta property=\"og:title\" content=\"March\u00e9s priv\u00e9s - Urbanitae Blog\" \/>\n<meta property=\"og:description\" content=\"Il s\u2019agit des march\u00e9s o\u00f9 sont n\u00e9goci\u00e9s des actifs financiers qui ne sont pas accessibles au grand public et qui sont destin\u00e9s \u00e0 des investisseurs institutionnels ou accr\u00e9dit\u00e9s.\" \/>\n<meta property=\"og:url\" content=\"https:\/\/blog.urbanitae.com\/fr\/glossaire\/marches-prives\/\" \/>\n<meta property=\"og:site_name\" content=\"Urbanitae Blog | Les meilleures nouvelles sur l&#039;investissement immobilier\" \/>\n<meta property=\"article:publisher\" content=\"https:\/\/www.facebook.com\/urbanitae\" \/>\n<meta property=\"article:modified_time\" content=\"2025-04-25T09:35:31+00:00\" \/>\n<meta name=\"twitter:card\" content=\"summary_large_image\" \/>\n<meta name=\"twitter:site\" content=\"@urbanitae\" \/>\n<meta name=\"twitter:label1\" content=\"Dur\u00e9e de lecture estim\u00e9e\" \/>\n\t<meta name=\"twitter:data1\" content=\"2 minutes\" \/>\n<script type=\"application\/ld+json\" class=\"yoast-schema-graph\">{\"@context\":\"https:\/\/schema.org\",\"@graph\":[{\"@type\":\"WebPage\",\"@id\":\"https:\/\/blog.urbanitae.com\/fr\/glossaire\/marches-prives\/\",\"url\":\"https:\/\/blog.urbanitae.com\/fr\/glossaire\/marches-prives\/\",\"name\":\"March\u00e9s priv\u00e9s - Urbanitae Blog\",\"isPartOf\":{\"@id\":\"https:\/\/blog.urbanitae.com\/fr\/#website\"},\"datePublished\":\"2025-04-15T15:03:16+00:00\",\"dateModified\":\"2025-04-25T09:35:31+00:00\",\"description\":\"Il s\u2019agit des march\u00e9s o\u00f9 sont n\u00e9goci\u00e9s des actifs financiers qui ne sont pas accessibles au grand public et qui sont destin\u00e9s \u00e0 des investisseurs institutionnels ou accr\u00e9dit\u00e9s.\",\"breadcrumb\":{\"@id\":\"https:\/\/blog.urbanitae.com\/fr\/glossaire\/marches-prives\/#breadcrumb\"},\"inLanguage\":\"fr-FR\",\"potentialAction\":[{\"@type\":\"ReadAction\",\"target\":[\"https:\/\/blog.urbanitae.com\/fr\/glossaire\/marches-prives\/\"]}]},{\"@type\":\"BreadcrumbList\",\"@id\":\"https:\/\/blog.urbanitae.com\/fr\/glossaire\/marches-prives\/#breadcrumb\",\"itemListElement\":[{\"@type\":\"ListItem\",\"position\":1,\"name\":\"Portada\",\"item\":\"https:\/\/blog.urbanitae.com\/fr\/\"},{\"@type\":\"ListItem\",\"position\":2,\"name\":\"Glossaire\",\"item\":\"https:\/\/blog.urbanitae.com\/fr\/glosario\/\"},{\"@type\":\"ListItem\",\"position\":3,\"name\":\"March\u00e9s priv\u00e9s\"}]},{\"@type\":\"WebSite\",\"@id\":\"https:\/\/blog.urbanitae.com\/fr\/#website\",\"url\":\"https:\/\/blog.urbanitae.com\/fr\/\",\"name\":\"Urbanitae Blog | Las mejores noticias sobre inversi\u00f3n inmobiliaria\",\"description\":\"L'investissement immobilier \u00e0 la port\u00e9e de tous\",\"publisher\":{\"@id\":\"https:\/\/blog.urbanitae.com\/fr\/#organization\"},\"potentialAction\":[{\"@type\":\"SearchAction\",\"target\":{\"@type\":\"EntryPoint\",\"urlTemplate\":\"https:\/\/blog.urbanitae.com\/fr\/?s={search_term_string}\"},\"query-input\":{\"@type\":\"PropertyValueSpecification\",\"valueRequired\":true,\"valueName\":\"search_term_string\"}}],\"inLanguage\":\"fr-FR\"},{\"@type\":\"Organization\",\"@id\":\"https:\/\/blog.urbanitae.com\/fr\/#organization\",\"name\":\"Urbanitae\",\"url\":\"https:\/\/blog.urbanitae.com\/fr\/\",\"logo\":{\"@type\":\"ImageObject\",\"inLanguage\":\"fr-FR\",\"@id\":\"https:\/\/blog.urbanitae.com\/fr\/#\/schema\/logo\/image\/\",\"url\":\"https:\/\/blog.urbanitae.com\/wp-content\/uploads\/2020\/04\/logo-verde_350x100.svg\",\"contentUrl\":\"https:\/\/blog.urbanitae.com\/wp-content\/uploads\/2020\/04\/logo-verde_350x100.svg\",\"width\":350,\"height\":100,\"caption\":\"Urbanitae\"},\"image\":{\"@id\":\"https:\/\/blog.urbanitae.com\/fr\/#\/schema\/logo\/image\/\"},\"sameAs\":[\"https:\/\/www.facebook.com\/urbanitae\",\"https:\/\/x.com\/urbanitae\",\"https:\/\/www.instagram.com\/urbanitae\",\"https:\/\/www.linkedin.com\/company\/urbanitae\",\"https:\/\/www.pinterest.es\/UrbanitaeSL\/_created\/\",\"https:\/\/www.youtube.com\/c\/Urbanitae_RE\"]}]}<\/script>\n<!-- \/ Yoast SEO plugin. -->","yoast_head_json":{"title":"March\u00e9s priv\u00e9s - Urbanitae Blog","description":"Il s\u2019agit des march\u00e9s o\u00f9 sont n\u00e9goci\u00e9s des actifs financiers qui ne sont pas accessibles au grand public et qui sont destin\u00e9s \u00e0 des investisseurs institutionnels ou accr\u00e9dit\u00e9s.","robots":{"index":"index","follow":"follow","max-snippet":"max-snippet:-1","max-image-preview":"max-image-preview:large","max-video-preview":"max-video-preview:-1"},"canonical":"https:\/\/blog.urbanitae.com\/fr\/glossaire\/marches-prives\/","og_locale":"fr_FR","og_type":"article","og_title":"March\u00e9s priv\u00e9s - Urbanitae Blog","og_description":"Il s\u2019agit des march\u00e9s o\u00f9 sont n\u00e9goci\u00e9s des actifs financiers qui ne sont pas accessibles au grand public et qui sont destin\u00e9s \u00e0 des investisseurs institutionnels ou accr\u00e9dit\u00e9s.","og_url":"https:\/\/blog.urbanitae.com\/fr\/glossaire\/marches-prives\/","og_site_name":"Urbanitae Blog | Les meilleures nouvelles sur l'investissement immobilier","article_publisher":"https:\/\/www.facebook.com\/urbanitae","article_modified_time":"2025-04-25T09:35:31+00:00","twitter_card":"summary_large_image","twitter_site":"@urbanitae","twitter_misc":{"Dur\u00e9e de lecture estim\u00e9e":"2 minutes"},"schema":{"@context":"https:\/\/schema.org","@graph":[{"@type":"WebPage","@id":"https:\/\/blog.urbanitae.com\/fr\/glossaire\/marches-prives\/","url":"https:\/\/blog.urbanitae.com\/fr\/glossaire\/marches-prives\/","name":"March\u00e9s priv\u00e9s - Urbanitae Blog","isPartOf":{"@id":"https:\/\/blog.urbanitae.com\/fr\/#website"},"datePublished":"2025-04-15T15:03:16+00:00","dateModified":"2025-04-25T09:35:31+00:00","description":"Il s\u2019agit des march\u00e9s o\u00f9 sont n\u00e9goci\u00e9s des actifs financiers qui ne sont pas accessibles au grand public et qui sont destin\u00e9s \u00e0 des investisseurs institutionnels ou accr\u00e9dit\u00e9s.","breadcrumb":{"@id":"https:\/\/blog.urbanitae.com\/fr\/glossaire\/marches-prives\/#breadcrumb"},"inLanguage":"fr-FR","potentialAction":[{"@type":"ReadAction","target":["https:\/\/blog.urbanitae.com\/fr\/glossaire\/marches-prives\/"]}]},{"@type":"BreadcrumbList","@id":"https:\/\/blog.urbanitae.com\/fr\/glossaire\/marches-prives\/#breadcrumb","itemListElement":[{"@type":"ListItem","position":1,"name":"Portada","item":"https:\/\/blog.urbanitae.com\/fr\/"},{"@type":"ListItem","position":2,"name":"Glossaire","item":"https:\/\/blog.urbanitae.com\/fr\/glosario\/"},{"@type":"ListItem","position":3,"name":"March\u00e9s priv\u00e9s"}]},{"@type":"WebSite","@id":"https:\/\/blog.urbanitae.com\/fr\/#website","url":"https:\/\/blog.urbanitae.com\/fr\/","name":"Urbanitae Blog | Las mejores noticias sobre inversi\u00f3n inmobiliaria","description":"L'investissement immobilier \u00e0 la port\u00e9e de tous","publisher":{"@id":"https:\/\/blog.urbanitae.com\/fr\/#organization"},"potentialAction":[{"@type":"SearchAction","target":{"@type":"EntryPoint","urlTemplate":"https:\/\/blog.urbanitae.com\/fr\/?s={search_term_string}"},"query-input":{"@type":"PropertyValueSpecification","valueRequired":true,"valueName":"search_term_string"}}],"inLanguage":"fr-FR"},{"@type":"Organization","@id":"https:\/\/blog.urbanitae.com\/fr\/#organization","name":"Urbanitae","url":"https:\/\/blog.urbanitae.com\/fr\/","logo":{"@type":"ImageObject","inLanguage":"fr-FR","@id":"https:\/\/blog.urbanitae.com\/fr\/#\/schema\/logo\/image\/","url":"https:\/\/blog.urbanitae.com\/wp-content\/uploads\/2020\/04\/logo-verde_350x100.svg","contentUrl":"https:\/\/blog.urbanitae.com\/wp-content\/uploads\/2020\/04\/logo-verde_350x100.svg","width":350,"height":100,"caption":"Urbanitae"},"image":{"@id":"https:\/\/blog.urbanitae.com\/fr\/#\/schema\/logo\/image\/"},"sameAs":["https:\/\/www.facebook.com\/urbanitae","https:\/\/x.com\/urbanitae","https:\/\/www.instagram.com\/urbanitae","https:\/\/www.linkedin.com\/company\/urbanitae","https:\/\/www.pinterest.es\/UrbanitaeSL\/_created\/","https:\/\/www.youtube.com\/c\/Urbanitae_RE"]}]}},"_links":{"self":[{"href":"https:\/\/blog.urbanitae.com\/fr\/wp-json\/wp\/v2\/pages\/62011","targetHints":{"allow":["GET"]}}],"collection":[{"href":"https:\/\/blog.urbanitae.com\/fr\/wp-json\/wp\/v2\/pages"}],"about":[{"href":"https:\/\/blog.urbanitae.com\/fr\/wp-json\/wp\/v2\/types\/page"}],"author":[{"embeddable":true,"href":"https:\/\/blog.urbanitae.com\/fr\/wp-json\/wp\/v2\/users\/4"}],"replies":[{"embeddable":true,"href":"https:\/\/blog.urbanitae.com\/fr\/wp-json\/wp\/v2\/comments?post=62011"}],"version-history":[{"count":1,"href":"https:\/\/blog.urbanitae.com\/fr\/wp-json\/wp\/v2\/pages\/62011\/revisions"}],"predecessor-version":[{"id":62012,"href":"https:\/\/blog.urbanitae.com\/fr\/wp-json\/wp\/v2\/pages\/62011\/revisions\/62012"}],"up":[{"embeddable":true,"href":"https:\/\/blog.urbanitae.com\/fr\/wp-json\/wp\/v2\/pages\/62174"}],"wp:attachment":[{"href":"https:\/\/blog.urbanitae.com\/fr\/wp-json\/wp\/v2\/media?parent=62011"}],"curies":[{"name":"wp","href":"https:\/\/api.w.org\/{rel}","templated":true}]}}