{"id":62009,"date":"2025-04-15T16:47:26","date_gmt":"2025-04-15T14:47:26","guid":{"rendered":"https:\/\/blog.urbanitae.com\/marche-des-valeurs-mobilieres\/"},"modified":"2025-04-25T11:34:23","modified_gmt":"2025-04-25T09:34:23","slug":"marche-des-valeurs-mobilieres","status":"publish","type":"page","link":"https:\/\/blog.urbanitae.com\/fr\/glossaire\/marche-des-valeurs-mobilieres\/","title":{"rendered":"March\u00e9 des valeurs mobili\u00e8res"},"content":{"rendered":"\t\t<div data-elementor-type=\"wp-page\" data-elementor-id=\"62009\" class=\"elementor elementor-62009 elementor-56968\">\n\t\t\t\t\t\t<section class=\"elementor-section elementor-top-section elementor-element elementor-element-d86d887 elementor-section-boxed elementor-section-height-default elementor-section-height-default parallax_section_no qode_elementor_container_no\" data-id=\"d86d887\" data-element_type=\"section\">\n\t\t\t\t\t\t<div class=\"elementor-container elementor-column-gap-default\">\n\t\t\t\t\t<div class=\"elementor-column elementor-col-100 elementor-top-column elementor-element elementor-element-8b49ddd\" data-id=\"8b49ddd\" data-element_type=\"column\">\n\t\t\t<div class=\"elementor-widget-wrap elementor-element-populated\">\n\t\t\t\t\t\t<div class=\"elementor-element elementor-element-083b30b elementor-widget__width-initial elementor-widget elementor-widget-text-editor\" data-id=\"083b30b\" data-element_type=\"widget\" data-widget_type=\"text-editor.default\">\n\t\t\t\t<div class=\"elementor-widget-container\">\n\t\t\t\t\t\t\t\t\t<h3>Qu\u2019est-ce que c\u2019est?<\/h3><p style=\"color: #212121; font-family: Roboto, sans-serif; font-size: 16px;\">Il s\u2019agit d\u2019un march\u00e9 organis\u00e9 dans lequel les titres financiers, tels que les actions et les obligations, sont achet\u00e9s et vendus. Les march\u00e9s boursiers facilitent la n\u00e9gociation et la liquidit\u00e9 des actifs financiers entre les investisseurs, en offrant un espace o\u00f9 les acheteurs et les vendeurs peuvent \u00e9changer des actifs de mani\u00e8re efficace et transparente.<\/p><p style=\"color: #212121; font-family: Roboto, sans-serif; font-size: 16px;\">Les march\u00e9s boursiers sont essentiels au fonctionnement des \u00e9conomies, car ils permettent aux entreprises de lever des capitaux par l\u2019\u00e9mission d\u2019actions et d\u2019obligations, tout en offrant aux investisseurs la possibilit\u00e9 d\u2019acheter des actifs pour diversifier leurs portefeuilles et obtenir des rendements. De plus, ils fournissent un m\u00e9canisme de tarification fond\u00e9 sur l\u2019offre et la demande, refl\u00e9tant la valeur actuelle des actifs en circulation. <\/p>\t\t\t\t\t\t\t\t<\/div>\n\t\t\t\t<\/div>\n\t\t\t\t<div class=\"elementor-element elementor-element-11c28c4 elementor-widget__width-initial elementor-widget elementor-widget-text-editor\" data-id=\"11c28c4\" data-element_type=\"widget\" data-widget_type=\"text-editor.default\">\n\t\t\t\t<div class=\"elementor-widget-container\">\n\t\t\t\t\t\t\t\t\t<h3>Principaux aspects \u00e0 prendre en compte<\/h3>\n<p style=\"color: #212121; font-family: Roboto, sans-serif; font-size: 16px;\">Deux grands types d\u2019actifs sont \u00e9chang\u00e9s en bourse :<\/p>\n<strong>Actions:<\/strong> Ils repr\u00e9sentent une participation dans une entreprise et accordent des droits sur ses b\u00e9n\u00e9fices et ses actifs.\n\n<strong>Bonus:<\/strong> Il s\u2019agit de titres de cr\u00e9ance \u00e9mis par des gouvernements, des entreprises ou des institutions, qui permettent aux investisseurs de recevoir des paiements d\u2019int\u00e9r\u00eats p\u00e9riodiques et un remboursement du principal \u00e0 l\u2019\u00e9ch\u00e9ance.\n\n<p style=\"color: #212121; font-family: Roboto, sans-serif; font-size: 16px;\"><strong>Les march\u00e9s des valeurs mobili\u00e8res<\/strong> offrent aux investisseurs la possibilit\u00e9 d\u2019effectuer des op\u00e9rations sur les march\u00e9s primaires (o\u00f9 de nouveaux titres sont \u00e9mis) et les march\u00e9s secondaires (o\u00f9 les titres d\u00e9j\u00e0 \u00e9mis sont n\u00e9goci\u00e9s). L\u2019existence d\u2019une infrastructure organis\u00e9e pour l\u2019achat et la vente de titres garantit la transparence, la liquidit\u00e9 et l\u2019efficacit\u00e9 des transactions. <\/p>\n<p style=\"color: #212121; font-family: Roboto, sans-serif; font-size: 16px;\">Ces march\u00e9s jouent \u00e9galement un r\u00f4le crucial dans l\u2019\u00e9valuation des actifs et la r\u00e9partition des risques, car ils permettent aux investisseurs d\u2019acc\u00e9der \u00e0 une vari\u00e9t\u00e9 d\u2019instruments financiers qui peuvent correspondre \u00e0 leurs objectifs et \u00e0 leur profil de risque.<\/p>\t\t\t\t\t\t\t\t<\/div>\n\t\t\t\t<\/div>\n\t\t\t\t\t<\/div>\n\t\t<\/div>\n\t\t\t\t\t<\/div>\n\t\t<\/section>\n\t\t\t\t<section class=\"elementor-section elementor-top-section elementor-element elementor-element-aa563c5 elementor-section-full_width elementor-section-stretched elementor-section-height-default elementor-section-height-default parallax_section_no qode_elementor_container_no\" data-id=\"aa563c5\" data-element_type=\"section\" data-settings=\"{&quot;stretch_section&quot;:&quot;section-stretched&quot;}\">\n\t\t\t\t\t\t<div class=\"elementor-container elementor-column-gap-default\">\n\t\t\t\t\t<div class=\"elementor-column elementor-col-100 elementor-top-column elementor-element elementor-element-41114ac\" data-id=\"41114ac\" data-element_type=\"column\">\n\t\t\t<div class=\"elementor-widget-wrap elementor-element-populated\">\n\t\t\t\t\t\t<div class=\"elementor-element elementor-element-43f7095 elementor-widget elementor-widget-html\" data-id=\"43f7095\" data-element_type=\"widget\" data-widget_type=\"html.default\">\n\t\t\t\t<div class=\"elementor-widget-container\">\n\t\t\t\t\t\r\n        <div class=\"qode-advanced-call-to-action qode-advanced-cta-gradient qode-advanced-cta-gradient-animation\" style=\"height:80px\">\r\n            <a class=\"advanced-cta-link\" href=\"https:\/\/mkt.urbanitae.com\/Urbanitae_suscripcion_newsletter.html?utm_source=blog&amp;utm_medium=link_blog&amp;utm_campaign=suscripcion_blog&amp;utm_content=boton\" target=\"_blank\" onclick=\"dataLayer.push({'event': 'ub_ga4_event', 'ub_ga4_event_name': 'newsletter', 'ub_ga4_event_element': 'aprende'})\"><\/a>\r\n            <div class=\"qode-advanced-cta-content\">\r\n                <span class=\"qode-advanced-cta-text-holder\" style=\"color:#FFFFFF;font-size:25px\">\r\n Abonnez-vous \u00e0 notre Newsletter <\/span>\r\n                <span class=\"qode-advanced-cta-icon-holder\" style=\"color:#FFFFFF;font-size:25px\">\r\n                    <span class=\"qode-advanced-cta-icon-holder-table\">\r\n                        <span class=\"qode-advanced-cta-icon-holder-cell\">\r\n                            <i class=\"qode_icon_font_awesome_5 fa5 fa fa-envelope-open-text qode-advanced-cta-icon\"><\/i> <\/span>\r\n                    <\/span>\r\n                <\/span>\r\n            <\/div>\r\n            <div class=\"qode-advanced-cta-background-holder\">\r\n                <span class=\"qode-advanced-cta-background-1 qode-type1-gradient-left-to-right\"><\/span>\r\n                <span class=\"qode-advanced-cta-background-2 qode-type1-gradient-left-to-right\"><\/span>\r\n                <span class=\"qode-advanced-cta-background-3\"><\/span>\r\n            <\/div>\r\n        <\/div>\r\n\t\t\t\t<\/div>\n\t\t\t\t<\/div>\n\t\t\t\t\t<\/div>\n\t\t<\/div>\n\t\t\t\t\t<\/div>\n\t\t<\/section>\n\t\t\t\t<\/div>\n\t\t","protected":false},"excerpt":{"rendered":"<p>Qu\u2019est-ce que c\u2019est? Il s\u2019agit d\u2019un march\u00e9 organis\u00e9 dans lequel les titres financiers, tels que les actions et les obligations, sont achet\u00e9s et vendus. Les march\u00e9s boursiers facilitent la n\u00e9gociation et la liquidit\u00e9 des actifs financiers entre les investisseurs, en offrant un espace o\u00f9 les&#8230;<\/p>\n","protected":false},"author":20,"featured_media":0,"parent":62174,"menu_order":0,"comment_status":"closed","ping_status":"closed","template":"","meta":{"inline_featured_image":false,"_lmt_disableupdate":"","_lmt_disable":"","footnotes":""},"class_list":["post-62009","page","type-page","status-publish","hentry"],"yoast_head":"<!-- This site is optimized with the Yoast SEO plugin v26.6 - https:\/\/yoast.com\/wordpress\/plugins\/seo\/ -->\n<title>March\u00e9 des valeurs mobili\u00e8res - Urbanitae Blog<\/title>\n<meta name=\"description\" content=\"Il s\u2019agit d\u2019un march\u00e9 organis\u00e9 dans lequel les titres financiers, tels que les actions et les obligations, sont achet\u00e9s et vendus. Les march\u00e9s boursiers facilitent la n\u00e9gociation et la liquidit\u00e9 des actifs financiers entre investisseurs.\" \/>\n<meta name=\"robots\" content=\"index, follow, max-snippet:-1, max-image-preview:large, max-video-preview:-1\" \/>\n<link rel=\"canonical\" href=\"https:\/\/blog.urbanitae.com\/fr\/glossaire\/marche-des-valeurs-mobilieres\/\" \/>\n<meta property=\"og:locale\" content=\"fr_FR\" \/>\n<meta property=\"og:type\" content=\"article\" \/>\n<meta property=\"og:title\" content=\"March\u00e9 des valeurs mobili\u00e8res - Urbanitae Blog\" \/>\n<meta property=\"og:description\" content=\"Il s\u2019agit d\u2019un march\u00e9 organis\u00e9 dans lequel les titres financiers, tels que les actions et les obligations, sont achet\u00e9s et vendus. Les march\u00e9s boursiers facilitent la n\u00e9gociation et la liquidit\u00e9 des actifs financiers entre investisseurs.\" \/>\n<meta property=\"og:url\" content=\"https:\/\/blog.urbanitae.com\/fr\/glossaire\/marche-des-valeurs-mobilieres\/\" \/>\n<meta property=\"og:site_name\" content=\"Urbanitae Blog | Les meilleures nouvelles sur l&#039;investissement immobilier\" \/>\n<meta property=\"article:publisher\" content=\"https:\/\/www.facebook.com\/urbanitae\" \/>\n<meta property=\"article:modified_time\" content=\"2025-04-25T09:34:23+00:00\" \/>\n<meta name=\"twitter:card\" content=\"summary_large_image\" \/>\n<meta name=\"twitter:site\" content=\"@urbanitae\" \/>\n<meta name=\"twitter:label1\" content=\"Dur\u00e9e de lecture estim\u00e9e\" \/>\n\t<meta name=\"twitter:data1\" content=\"2 minutes\" \/>\n<script type=\"application\/ld+json\" class=\"yoast-schema-graph\">{\"@context\":\"https:\/\/schema.org\",\"@graph\":[{\"@type\":\"WebPage\",\"@id\":\"https:\/\/blog.urbanitae.com\/fr\/glossaire\/marche-des-valeurs-mobilieres\/\",\"url\":\"https:\/\/blog.urbanitae.com\/fr\/glossaire\/marche-des-valeurs-mobilieres\/\",\"name\":\"March\u00e9 des valeurs mobili\u00e8res - Urbanitae Blog\",\"isPartOf\":{\"@id\":\"https:\/\/blog.urbanitae.com\/fr\/#website\"},\"datePublished\":\"2025-04-15T14:47:26+00:00\",\"dateModified\":\"2025-04-25T09:34:23+00:00\",\"description\":\"Il s\u2019agit d\u2019un march\u00e9 organis\u00e9 dans lequel les titres financiers, tels que les actions et les obligations, sont achet\u00e9s et vendus. Les march\u00e9s boursiers facilitent la n\u00e9gociation et la liquidit\u00e9 des actifs financiers entre investisseurs.\",\"breadcrumb\":{\"@id\":\"https:\/\/blog.urbanitae.com\/fr\/glossaire\/marche-des-valeurs-mobilieres\/#breadcrumb\"},\"inLanguage\":\"fr-FR\",\"potentialAction\":[{\"@type\":\"ReadAction\",\"target\":[\"https:\/\/blog.urbanitae.com\/fr\/glossaire\/marche-des-valeurs-mobilieres\/\"]}]},{\"@type\":\"BreadcrumbList\",\"@id\":\"https:\/\/blog.urbanitae.com\/fr\/glossaire\/marche-des-valeurs-mobilieres\/#breadcrumb\",\"itemListElement\":[{\"@type\":\"ListItem\",\"position\":1,\"name\":\"Portada\",\"item\":\"https:\/\/blog.urbanitae.com\/fr\/\"},{\"@type\":\"ListItem\",\"position\":2,\"name\":\"Glossaire\",\"item\":\"https:\/\/blog.urbanitae.com\/fr\/glosario\/\"},{\"@type\":\"ListItem\",\"position\":3,\"name\":\"March\u00e9 des valeurs mobili\u00e8res\"}]},{\"@type\":\"WebSite\",\"@id\":\"https:\/\/blog.urbanitae.com\/fr\/#website\",\"url\":\"https:\/\/blog.urbanitae.com\/fr\/\",\"name\":\"Urbanitae Blog | Las mejores noticias sobre inversi\u00f3n inmobiliaria\",\"description\":\"L'investissement immobilier \u00e0 la port\u00e9e de tous\",\"publisher\":{\"@id\":\"https:\/\/blog.urbanitae.com\/fr\/#organization\"},\"potentialAction\":[{\"@type\":\"SearchAction\",\"target\":{\"@type\":\"EntryPoint\",\"urlTemplate\":\"https:\/\/blog.urbanitae.com\/fr\/?s={search_term_string}\"},\"query-input\":{\"@type\":\"PropertyValueSpecification\",\"valueRequired\":true,\"valueName\":\"search_term_string\"}}],\"inLanguage\":\"fr-FR\"},{\"@type\":\"Organization\",\"@id\":\"https:\/\/blog.urbanitae.com\/fr\/#organization\",\"name\":\"Urbanitae\",\"url\":\"https:\/\/blog.urbanitae.com\/fr\/\",\"logo\":{\"@type\":\"ImageObject\",\"inLanguage\":\"fr-FR\",\"@id\":\"https:\/\/blog.urbanitae.com\/fr\/#\/schema\/logo\/image\/\",\"url\":\"https:\/\/blog.urbanitae.com\/wp-content\/uploads\/2020\/04\/logo-verde_350x100.svg\",\"contentUrl\":\"https:\/\/blog.urbanitae.com\/wp-content\/uploads\/2020\/04\/logo-verde_350x100.svg\",\"width\":350,\"height\":100,\"caption\":\"Urbanitae\"},\"image\":{\"@id\":\"https:\/\/blog.urbanitae.com\/fr\/#\/schema\/logo\/image\/\"},\"sameAs\":[\"https:\/\/www.facebook.com\/urbanitae\",\"https:\/\/x.com\/urbanitae\",\"https:\/\/www.instagram.com\/urbanitae\",\"https:\/\/www.linkedin.com\/company\/urbanitae\",\"https:\/\/www.pinterest.es\/UrbanitaeSL\/_created\/\",\"https:\/\/www.youtube.com\/c\/Urbanitae_RE\"]}]}<\/script>\n<!-- \/ Yoast SEO plugin. -->","yoast_head_json":{"title":"March\u00e9 des valeurs mobili\u00e8res - Urbanitae Blog","description":"Il s\u2019agit d\u2019un march\u00e9 organis\u00e9 dans lequel les titres financiers, tels que les actions et les obligations, sont achet\u00e9s et vendus. Les march\u00e9s boursiers facilitent la n\u00e9gociation et la liquidit\u00e9 des actifs financiers entre investisseurs.","robots":{"index":"index","follow":"follow","max-snippet":"max-snippet:-1","max-image-preview":"max-image-preview:large","max-video-preview":"max-video-preview:-1"},"canonical":"https:\/\/blog.urbanitae.com\/fr\/glossaire\/marche-des-valeurs-mobilieres\/","og_locale":"fr_FR","og_type":"article","og_title":"March\u00e9 des valeurs mobili\u00e8res - Urbanitae Blog","og_description":"Il s\u2019agit d\u2019un march\u00e9 organis\u00e9 dans lequel les titres financiers, tels que les actions et les obligations, sont achet\u00e9s et vendus. Les march\u00e9s boursiers facilitent la n\u00e9gociation et la liquidit\u00e9 des actifs financiers entre investisseurs.","og_url":"https:\/\/blog.urbanitae.com\/fr\/glossaire\/marche-des-valeurs-mobilieres\/","og_site_name":"Urbanitae Blog | Les meilleures nouvelles sur l'investissement immobilier","article_publisher":"https:\/\/www.facebook.com\/urbanitae","article_modified_time":"2025-04-25T09:34:23+00:00","twitter_card":"summary_large_image","twitter_site":"@urbanitae","twitter_misc":{"Dur\u00e9e de lecture estim\u00e9e":"2 minutes"},"schema":{"@context":"https:\/\/schema.org","@graph":[{"@type":"WebPage","@id":"https:\/\/blog.urbanitae.com\/fr\/glossaire\/marche-des-valeurs-mobilieres\/","url":"https:\/\/blog.urbanitae.com\/fr\/glossaire\/marche-des-valeurs-mobilieres\/","name":"March\u00e9 des valeurs mobili\u00e8res - Urbanitae Blog","isPartOf":{"@id":"https:\/\/blog.urbanitae.com\/fr\/#website"},"datePublished":"2025-04-15T14:47:26+00:00","dateModified":"2025-04-25T09:34:23+00:00","description":"Il s\u2019agit d\u2019un march\u00e9 organis\u00e9 dans lequel les titres financiers, tels que les actions et les obligations, sont achet\u00e9s et vendus. Les march\u00e9s boursiers facilitent la n\u00e9gociation et la liquidit\u00e9 des actifs financiers entre investisseurs.","breadcrumb":{"@id":"https:\/\/blog.urbanitae.com\/fr\/glossaire\/marche-des-valeurs-mobilieres\/#breadcrumb"},"inLanguage":"fr-FR","potentialAction":[{"@type":"ReadAction","target":["https:\/\/blog.urbanitae.com\/fr\/glossaire\/marche-des-valeurs-mobilieres\/"]}]},{"@type":"BreadcrumbList","@id":"https:\/\/blog.urbanitae.com\/fr\/glossaire\/marche-des-valeurs-mobilieres\/#breadcrumb","itemListElement":[{"@type":"ListItem","position":1,"name":"Portada","item":"https:\/\/blog.urbanitae.com\/fr\/"},{"@type":"ListItem","position":2,"name":"Glossaire","item":"https:\/\/blog.urbanitae.com\/fr\/glosario\/"},{"@type":"ListItem","position":3,"name":"March\u00e9 des valeurs mobili\u00e8res"}]},{"@type":"WebSite","@id":"https:\/\/blog.urbanitae.com\/fr\/#website","url":"https:\/\/blog.urbanitae.com\/fr\/","name":"Urbanitae Blog | Las mejores noticias sobre inversi\u00f3n inmobiliaria","description":"L'investissement immobilier \u00e0 la port\u00e9e de tous","publisher":{"@id":"https:\/\/blog.urbanitae.com\/fr\/#organization"},"potentialAction":[{"@type":"SearchAction","target":{"@type":"EntryPoint","urlTemplate":"https:\/\/blog.urbanitae.com\/fr\/?s={search_term_string}"},"query-input":{"@type":"PropertyValueSpecification","valueRequired":true,"valueName":"search_term_string"}}],"inLanguage":"fr-FR"},{"@type":"Organization","@id":"https:\/\/blog.urbanitae.com\/fr\/#organization","name":"Urbanitae","url":"https:\/\/blog.urbanitae.com\/fr\/","logo":{"@type":"ImageObject","inLanguage":"fr-FR","@id":"https:\/\/blog.urbanitae.com\/fr\/#\/schema\/logo\/image\/","url":"https:\/\/blog.urbanitae.com\/wp-content\/uploads\/2020\/04\/logo-verde_350x100.svg","contentUrl":"https:\/\/blog.urbanitae.com\/wp-content\/uploads\/2020\/04\/logo-verde_350x100.svg","width":350,"height":100,"caption":"Urbanitae"},"image":{"@id":"https:\/\/blog.urbanitae.com\/fr\/#\/schema\/logo\/image\/"},"sameAs":["https:\/\/www.facebook.com\/urbanitae","https:\/\/x.com\/urbanitae","https:\/\/www.instagram.com\/urbanitae","https:\/\/www.linkedin.com\/company\/urbanitae","https:\/\/www.pinterest.es\/UrbanitaeSL\/_created\/","https:\/\/www.youtube.com\/c\/Urbanitae_RE"]}]}},"_links":{"self":[{"href":"https:\/\/blog.urbanitae.com\/fr\/wp-json\/wp\/v2\/pages\/62009","targetHints":{"allow":["GET"]}}],"collection":[{"href":"https:\/\/blog.urbanitae.com\/fr\/wp-json\/wp\/v2\/pages"}],"about":[{"href":"https:\/\/blog.urbanitae.com\/fr\/wp-json\/wp\/v2\/types\/page"}],"author":[{"embeddable":true,"href":"https:\/\/blog.urbanitae.com\/fr\/wp-json\/wp\/v2\/users\/20"}],"replies":[{"embeddable":true,"href":"https:\/\/blog.urbanitae.com\/fr\/wp-json\/wp\/v2\/comments?post=62009"}],"version-history":[{"count":1,"href":"https:\/\/blog.urbanitae.com\/fr\/wp-json\/wp\/v2\/pages\/62009\/revisions"}],"predecessor-version":[{"id":62010,"href":"https:\/\/blog.urbanitae.com\/fr\/wp-json\/wp\/v2\/pages\/62009\/revisions\/62010"}],"up":[{"embeddable":true,"href":"https:\/\/blog.urbanitae.com\/fr\/wp-json\/wp\/v2\/pages\/62174"}],"wp:attachment":[{"href":"https:\/\/blog.urbanitae.com\/fr\/wp-json\/wp\/v2\/media?parent=62009"}],"curies":[{"name":"wp","href":"https:\/\/api.w.org\/{rel}","templated":true}]}}