{"id":62007,"date":"2025-04-15T16:44:19","date_gmt":"2025-04-15T14:44:19","guid":{"rendered":"https:\/\/blog.urbanitae.com\/marche-secondaire\/"},"modified":"2025-04-25T11:34:23","modified_gmt":"2025-04-25T09:34:23","slug":"marche-secondaire","status":"publish","type":"page","link":"https:\/\/blog.urbanitae.com\/fr\/glossaire\/marche-secondaire\/","title":{"rendered":"March\u00e9 secondaire"},"content":{"rendered":"\t\t<div data-elementor-type=\"wp-page\" data-elementor-id=\"62007\" class=\"elementor elementor-62007 elementor-56963\">\n\t\t\t\t\t\t<section class=\"elementor-section elementor-top-section elementor-element elementor-element-d86d887 elementor-section-boxed elementor-section-height-default elementor-section-height-default\" data-id=\"d86d887\" data-element_type=\"section\" data-e-type=\"section\">\n\t\t\t\t\t\t<div class=\"elementor-container elementor-column-gap-default\">\n\t\t\t\t\t<div class=\"elementor-column elementor-col-100 elementor-top-column elementor-element elementor-element-8b49ddd\" data-id=\"8b49ddd\" data-element_type=\"column\" data-e-type=\"column\">\n\t\t\t<div class=\"elementor-widget-wrap elementor-element-populated\">\n\t\t\t\t\t\t<div class=\"elementor-element elementor-element-083b30b elementor-widget__width-initial elementor-widget elementor-widget-text-editor\" data-id=\"083b30b\" data-element_type=\"widget\" data-e-type=\"widget\" data-widget_type=\"text-editor.default\">\n\t\t\t\t<div class=\"elementor-widget-container\">\n\t\t\t\t\t\t\t\t\t<h3>Qu\u2019est-ce que c\u2019est?<\/h3><p style=\"color: #212121; font-family: Roboto, sans-serif; font-size: 16px;\">Il s\u2019agit d\u2019un march\u00e9 sur lequel sont n\u00e9goci\u00e9s des actifs financiers qui ont d\u00e9j\u00e0 \u00e9t\u00e9 \u00e9mis pr\u00e9c\u00e9demment sur le march\u00e9 primaire. En d\u2019autres termes, les actifs qui sont d\u00e9j\u00e0 en circulation et qui ont \u00e9t\u00e9 achet\u00e9s ou \u00e9mis pour la premi\u00e8re fois sont soumis \u00e0 l\u2019achat et \u00e0 la vente sur ce march\u00e9. Le march\u00e9 secondaire est crucial car il fournit des liquidit\u00e9s aux investisseurs qui souhaitent vendre leurs actifs avant l\u2019\u00e9ch\u00e9ance ou l\u2019\u00e9ch\u00e9ance. <\/p><p style=\"color: #212121; font-family: Roboto, sans-serif; font-size: 16px;\">Dans le contexte immobilier, le march\u00e9 secondaire peut faire r\u00e9f\u00e9rence \u00e0 l\u2019achat et \u00e0 la vente de parts de fonds immobiliers ou de biens existants. Cela permet aux investisseurs d\u2019acheter ou de vendre des actifs immobiliers sans avoir besoin d\u2019\u00eatre directement impliqu\u00e9s dans l\u2019achat d\u2019un bien immobilier individuel, offrant ainsi plus de flexibilit\u00e9 et d\u2019acc\u00e8s au march\u00e9. <\/p>\t\t\t\t\t\t\t\t<\/div>\n\t\t\t\t<\/div>\n\t\t\t\t<div class=\"elementor-element elementor-element-11c28c4 elementor-widget__width-initial elementor-widget elementor-widget-text-editor\" data-id=\"11c28c4\" data-element_type=\"widget\" data-e-type=\"widget\" data-widget_type=\"text-editor.default\">\n\t\t\t\t<div class=\"elementor-widget-container\">\n\t\t\t\t\t\t\t\t\t<h3>Principaux aspects \u00e0 prendre en compte<\/h3><p style=\"color: #212121; font-family: Roboto, sans-serif; font-size: 16px;\">Le <strong>march\u00e9 secondaire<\/strong> est essentiel pour fournir de la liquidit\u00e9 sur les march\u00e9s d\u2019actifs qui, de par leur nature, peuvent \u00eatre moins liquides, comme l\u2019immobilier. Les investisseurs peuvent vendre leurs participations dans des fonds immobiliers \u00e0 d\u2019autres acteurs du march\u00e9, sans avoir \u00e0 attendre la vente d\u2019un actif physique. De cette fa\u00e7on, les fonds immobiliers, qui investissent g\u00e9n\u00e9ralement dans des biens immobiliers de longue dur\u00e9e, offrent aux investisseurs la possibilit\u00e9 de se diversifier et de g\u00e9rer plus efficacement les risques.  <\/p><p style=\"color: #212121; font-family: Roboto, sans-serif; font-size: 16px;\">De plus, le <strong>march\u00e9 secondaire<\/strong> permet \u00e9galement aux investisseurs qui cherchent \u00e0 sortir d\u2019un investissement de le faire plus efficacement, sans avoir \u00e0 attendre que l\u2019actif soit vendu sur le march\u00e9 primaire. Ce march\u00e9 peut \u00e9galement proposer des prix plus conformes \u00e0 la r\u00e9alit\u00e9 du march\u00e9 actuel, en fonction de l\u2019offre et de la demande pour les actifs en question. <\/p>\t\t\t\t\t\t\t\t<\/div>\n\t\t\t\t<\/div>\n\t\t\t\t\t<\/div>\n\t\t<\/div>\n\t\t\t\t\t<\/div>\n\t\t<\/section>\n\t\t\t\t<section class=\"elementor-section elementor-top-section elementor-element elementor-element-aa563c5 elementor-section-full_width elementor-section-height-default elementor-section-height-default\" data-id=\"aa563c5\" data-element_type=\"section\" data-e-type=\"section\">\n\t\t\t\t\t\t<div class=\"elementor-container elementor-column-gap-default\">\n\t\t\t\t\t<div class=\"elementor-column elementor-col-100 elementor-top-column elementor-element elementor-element-41114ac\" data-id=\"41114ac\" data-element_type=\"column\" data-e-type=\"column\">\n\t\t\t<div class=\"elementor-widget-wrap elementor-element-populated\">\n\t\t\t\t\t\t<div class=\"elementor-element elementor-element-43f7095 elementor-widget elementor-widget-html\" data-id=\"43f7095\" data-element_type=\"widget\" data-e-type=\"widget\" data-widget_type=\"html.default\">\n\t\t\t\t<div class=\"elementor-widget-container\">\n\t\t\t\t\t\r\n        <div class=\"qode-advanced-call-to-action qode-advanced-cta-gradient qode-advanced-cta-gradient-animation\" style=\"height:80px\">\r\n            <a class=\"advanced-cta-link\" href=\"https:\/\/mkt.urbanitae.com\/Urbanitae_suscripcion_newsletter.html?utm_source=blog&amp;utm_medium=link_blog&amp;utm_campaign=suscripcion_blog&amp;utm_content=boton\" target=\"_blank\" onclick=\"dataLayer.push({'event': 'ub_ga4_event', 'ub_ga4_event_name': 'newsletter', 'ub_ga4_event_element': 'aprende'})\"><\/a>\r\n            <div class=\"qode-advanced-cta-content\">\r\n                <span class=\"qode-advanced-cta-text-holder\" style=\"color:#FFFFFF;font-size:25px\">\r\n Abonnez-vous \u00e0 notre Newsletter <\/span>\r\n                <span class=\"qode-advanced-cta-icon-holder\" style=\"color:#FFFFFF;font-size:25px\">\r\n                    <span class=\"qode-advanced-cta-icon-holder-table\">\r\n                        <span class=\"qode-advanced-cta-icon-holder-cell\">\r\n                            <i class=\"qode_icon_font_awesome_5 fa5 fa fa-envelope-open-text qode-advanced-cta-icon\"><\/i> <\/span>\r\n                    <\/span>\r\n                <\/span>\r\n            <\/div>\r\n            <div class=\"qode-advanced-cta-background-holder\">\r\n                <span class=\"qode-advanced-cta-background-1 qode-type1-gradient-left-to-right\"><\/span>\r\n                <span class=\"qode-advanced-cta-background-2 qode-type1-gradient-left-to-right\"><\/span>\r\n                <span class=\"qode-advanced-cta-background-3\"><\/span>\r\n            <\/div>\r\n        <\/div>\r\n\t\t\t\t<\/div>\n\t\t\t\t<\/div>\n\t\t\t\t\t<\/div>\n\t\t<\/div>\n\t\t\t\t\t<\/div>\n\t\t<\/section>\n\t\t\t\t<\/div>\n\t\t","protected":false},"excerpt":{"rendered":"<p>Qu\u2019est-ce que c\u2019est? Il s\u2019agit d\u2019un march\u00e9 sur lequel sont n\u00e9goci\u00e9s des actifs financiers qui ont d\u00e9j\u00e0 \u00e9t\u00e9 \u00e9mis pr\u00e9c\u00e9demment sur le march\u00e9 primaire. En d\u2019autres termes, les actifs qui sont d\u00e9j\u00e0 en circulation et qui ont \u00e9t\u00e9 achet\u00e9s ou \u00e9mis pour la premi\u00e8re fois sont soumis \u00e0 l\u2019achat et \u00e0 la vente sur ce [&hellip;]<\/p>\n","protected":false},"author":20,"featured_media":0,"parent":62174,"menu_order":0,"comment_status":"closed","ping_status":"closed","template":"","meta":{"inline_featured_image":false,"footnotes":""},"class_list":["post-62007","page","type-page","status-publish","hentry"],"blocksy_meta":[],"yoast_head":"<!-- This site is optimized with the Yoast SEO plugin v27.4 - https:\/\/yoast.com\/product\/yoast-seo-wordpress\/ -->\n<title>March\u00e9 secondaire - Urbanitae Blog<\/title>\n<meta name=\"description\" content=\"Il s\u2019agit d\u2019un march\u00e9 sur lequel sont n\u00e9goci\u00e9s des actifs financiers qui ont d\u00e9j\u00e0 \u00e9t\u00e9 \u00e9mis pr\u00e9c\u00e9demment sur le march\u00e9 primaire. Dans le contexte immobilier, le march\u00e9 secondaire peut faire r\u00e9f\u00e9rence \u00e0 l\u2019achat et \u00e0 la vente de parts de fonds immobiliers ou de biens existants.\" \/>\n<meta name=\"robots\" content=\"index, follow, max-snippet:-1, max-image-preview:large, max-video-preview:-1\" \/>\n<link rel=\"canonical\" href=\"https:\/\/blog.urbanitae.com\/fr\/glossaire\/marche-secondaire\/\" \/>\n<meta property=\"og:locale\" content=\"fr_FR\" \/>\n<meta property=\"og:type\" content=\"article\" \/>\n<meta property=\"og:title\" content=\"March\u00e9 secondaire - Urbanitae Blog\" \/>\n<meta property=\"og:description\" content=\"Il s\u2019agit d\u2019un march\u00e9 sur lequel sont n\u00e9goci\u00e9s des actifs financiers qui ont d\u00e9j\u00e0 \u00e9t\u00e9 \u00e9mis pr\u00e9c\u00e9demment sur le march\u00e9 primaire. Dans le contexte immobilier, le march\u00e9 secondaire peut faire r\u00e9f\u00e9rence \u00e0 l\u2019achat et \u00e0 la vente de parts de fonds immobiliers ou de biens existants.\" \/>\n<meta property=\"og:url\" content=\"https:\/\/blog.urbanitae.com\/fr\/glossaire\/marche-secondaire\/\" \/>\n<meta property=\"og:site_name\" content=\"Urbanitae Blog | Les meilleures nouvelles sur l&#039;investissement immobilier\" \/>\n<meta property=\"article:publisher\" content=\"https:\/\/www.facebook.com\/urbanitae\" \/>\n<meta property=\"article:modified_time\" content=\"2025-04-25T09:34:23+00:00\" \/>\n<meta name=\"twitter:card\" content=\"summary_large_image\" \/>\n<meta name=\"twitter:site\" content=\"@urbanitae\" \/>\n<meta name=\"twitter:label1\" content=\"Dur\u00e9e de lecture estim\u00e9e\" \/>\n\t<meta name=\"twitter:data1\" content=\"2 minutes\" \/>\n<script type=\"application\/ld+json\" class=\"yoast-schema-graph\">{\"@context\":\"https:\\\/\\\/schema.org\",\"@graph\":[{\"@type\":\"WebPage\",\"@id\":\"https:\\\/\\\/blog.urbanitae.com\\\/fr\\\/glossaire\\\/marche-secondaire\\\/\",\"url\":\"https:\\\/\\\/blog.urbanitae.com\\\/fr\\\/glossaire\\\/marche-secondaire\\\/\",\"name\":\"March\u00e9 secondaire - Urbanitae Blog\",\"isPartOf\":{\"@id\":\"https:\\\/\\\/blog.urbanitae.com\\\/fr\\\/#website\"},\"datePublished\":\"2025-04-15T14:44:19+00:00\",\"dateModified\":\"2025-04-25T09:34:23+00:00\",\"description\":\"Il s\u2019agit d\u2019un march\u00e9 sur lequel sont n\u00e9goci\u00e9s des actifs financiers qui ont d\u00e9j\u00e0 \u00e9t\u00e9 \u00e9mis pr\u00e9c\u00e9demment sur le march\u00e9 primaire. Dans le contexte immobilier, le march\u00e9 secondaire peut faire r\u00e9f\u00e9rence \u00e0 l\u2019achat et \u00e0 la vente de parts de fonds immobiliers ou de biens existants.\",\"breadcrumb\":{\"@id\":\"https:\\\/\\\/blog.urbanitae.com\\\/fr\\\/glossaire\\\/marche-secondaire\\\/#breadcrumb\"},\"inLanguage\":\"fr-FR\",\"potentialAction\":[{\"@type\":\"ReadAction\",\"target\":[\"https:\\\/\\\/blog.urbanitae.com\\\/fr\\\/glossaire\\\/marche-secondaire\\\/\"]}]},{\"@type\":\"BreadcrumbList\",\"@id\":\"https:\\\/\\\/blog.urbanitae.com\\\/fr\\\/glossaire\\\/marche-secondaire\\\/#breadcrumb\",\"itemListElement\":[{\"@type\":\"ListItem\",\"position\":1,\"name\":\"Portada\",\"item\":\"https:\\\/\\\/blog.urbanitae.com\\\/fr\\\/\"},{\"@type\":\"ListItem\",\"position\":2,\"name\":\"Glossaire\",\"item\":\"https:\\\/\\\/blog.urbanitae.com\\\/fr\\\/glosario\\\/\"},{\"@type\":\"ListItem\",\"position\":3,\"name\":\"March\u00e9 secondaire\"}]},{\"@type\":\"WebSite\",\"@id\":\"https:\\\/\\\/blog.urbanitae.com\\\/fr\\\/#website\",\"url\":\"https:\\\/\\\/blog.urbanitae.com\\\/fr\\\/\",\"name\":\"Urbanitae Blog | Las mejores noticias sobre inversi\u00f3n inmobiliaria\",\"description\":\"L'investissement immobilier \u00e0 la port\u00e9e de tous\",\"publisher\":{\"@id\":\"https:\\\/\\\/blog.urbanitae.com\\\/fr\\\/#organization\"},\"potentialAction\":[{\"@type\":\"SearchAction\",\"target\":{\"@type\":\"EntryPoint\",\"urlTemplate\":\"https:\\\/\\\/blog.urbanitae.com\\\/fr\\\/?s={search_term_string}\"},\"query-input\":{\"@type\":\"PropertyValueSpecification\",\"valueRequired\":true,\"valueName\":\"search_term_string\"}}],\"inLanguage\":\"fr-FR\"},{\"@type\":\"Organization\",\"@id\":\"https:\\\/\\\/blog.urbanitae.com\\\/fr\\\/#organization\",\"name\":\"Urbanitae\",\"url\":\"https:\\\/\\\/blog.urbanitae.com\\\/fr\\\/\",\"logo\":{\"@type\":\"ImageObject\",\"inLanguage\":\"fr-FR\",\"@id\":\"https:\\\/\\\/blog.urbanitae.com\\\/fr\\\/#\\\/schema\\\/logo\\\/image\\\/\",\"url\":\"https:\\\/\\\/blog.urbanitae.com\\\/wp-content\\\/uploads\\\/2020\\\/04\\\/logo-verde_350x100.svg\",\"contentUrl\":\"https:\\\/\\\/blog.urbanitae.com\\\/wp-content\\\/uploads\\\/2020\\\/04\\\/logo-verde_350x100.svg\",\"width\":350,\"height\":100,\"caption\":\"Urbanitae\"},\"image\":{\"@id\":\"https:\\\/\\\/blog.urbanitae.com\\\/fr\\\/#\\\/schema\\\/logo\\\/image\\\/\"},\"sameAs\":[\"https:\\\/\\\/www.facebook.com\\\/urbanitae\",\"https:\\\/\\\/x.com\\\/urbanitae\",\"https:\\\/\\\/www.instagram.com\\\/urbanitae\",\"https:\\\/\\\/www.linkedin.com\\\/company\\\/urbanitae\",\"https:\\\/\\\/www.pinterest.es\\\/UrbanitaeSL\\\/_created\\\/\",\"https:\\\/\\\/www.youtube.com\\\/c\\\/Urbanitae_RE\"]}]}<\/script>\n<!-- \/ Yoast SEO plugin. -->","yoast_head_json":{"title":"March\u00e9 secondaire - Urbanitae Blog","description":"Il s\u2019agit d\u2019un march\u00e9 sur lequel sont n\u00e9goci\u00e9s des actifs financiers qui ont d\u00e9j\u00e0 \u00e9t\u00e9 \u00e9mis pr\u00e9c\u00e9demment sur le march\u00e9 primaire. Dans le contexte immobilier, le march\u00e9 secondaire peut faire r\u00e9f\u00e9rence \u00e0 l\u2019achat et \u00e0 la vente de parts de fonds immobiliers ou de biens existants.","robots":{"index":"index","follow":"follow","max-snippet":"max-snippet:-1","max-image-preview":"max-image-preview:large","max-video-preview":"max-video-preview:-1"},"canonical":"https:\/\/blog.urbanitae.com\/fr\/glossaire\/marche-secondaire\/","og_locale":"fr_FR","og_type":"article","og_title":"March\u00e9 secondaire - Urbanitae Blog","og_description":"Il s\u2019agit d\u2019un march\u00e9 sur lequel sont n\u00e9goci\u00e9s des actifs financiers qui ont d\u00e9j\u00e0 \u00e9t\u00e9 \u00e9mis pr\u00e9c\u00e9demment sur le march\u00e9 primaire. Dans le contexte immobilier, le march\u00e9 secondaire peut faire r\u00e9f\u00e9rence \u00e0 l\u2019achat et \u00e0 la vente de parts de fonds immobiliers ou de biens existants.","og_url":"https:\/\/blog.urbanitae.com\/fr\/glossaire\/marche-secondaire\/","og_site_name":"Urbanitae Blog | Les meilleures nouvelles sur l'investissement immobilier","article_publisher":"https:\/\/www.facebook.com\/urbanitae","article_modified_time":"2025-04-25T09:34:23+00:00","twitter_card":"summary_large_image","twitter_site":"@urbanitae","twitter_misc":{"Dur\u00e9e de lecture estim\u00e9e":"2 minutes"},"schema":{"@context":"https:\/\/schema.org","@graph":[{"@type":"WebPage","@id":"https:\/\/blog.urbanitae.com\/fr\/glossaire\/marche-secondaire\/","url":"https:\/\/blog.urbanitae.com\/fr\/glossaire\/marche-secondaire\/","name":"March\u00e9 secondaire - Urbanitae Blog","isPartOf":{"@id":"https:\/\/blog.urbanitae.com\/fr\/#website"},"datePublished":"2025-04-15T14:44:19+00:00","dateModified":"2025-04-25T09:34:23+00:00","description":"Il s\u2019agit d\u2019un march\u00e9 sur lequel sont n\u00e9goci\u00e9s des actifs financiers qui ont d\u00e9j\u00e0 \u00e9t\u00e9 \u00e9mis pr\u00e9c\u00e9demment sur le march\u00e9 primaire. Dans le contexte immobilier, le march\u00e9 secondaire peut faire r\u00e9f\u00e9rence \u00e0 l\u2019achat et \u00e0 la vente de parts de fonds immobiliers ou de biens existants.","breadcrumb":{"@id":"https:\/\/blog.urbanitae.com\/fr\/glossaire\/marche-secondaire\/#breadcrumb"},"inLanguage":"fr-FR","potentialAction":[{"@type":"ReadAction","target":["https:\/\/blog.urbanitae.com\/fr\/glossaire\/marche-secondaire\/"]}]},{"@type":"BreadcrumbList","@id":"https:\/\/blog.urbanitae.com\/fr\/glossaire\/marche-secondaire\/#breadcrumb","itemListElement":[{"@type":"ListItem","position":1,"name":"Portada","item":"https:\/\/blog.urbanitae.com\/fr\/"},{"@type":"ListItem","position":2,"name":"Glossaire","item":"https:\/\/blog.urbanitae.com\/fr\/glosario\/"},{"@type":"ListItem","position":3,"name":"March\u00e9 secondaire"}]},{"@type":"WebSite","@id":"https:\/\/blog.urbanitae.com\/fr\/#website","url":"https:\/\/blog.urbanitae.com\/fr\/","name":"Urbanitae Blog | Las mejores noticias sobre inversi\u00f3n inmobiliaria","description":"L'investissement immobilier \u00e0 la port\u00e9e de tous","publisher":{"@id":"https:\/\/blog.urbanitae.com\/fr\/#organization"},"potentialAction":[{"@type":"SearchAction","target":{"@type":"EntryPoint","urlTemplate":"https:\/\/blog.urbanitae.com\/fr\/?s={search_term_string}"},"query-input":{"@type":"PropertyValueSpecification","valueRequired":true,"valueName":"search_term_string"}}],"inLanguage":"fr-FR"},{"@type":"Organization","@id":"https:\/\/blog.urbanitae.com\/fr\/#organization","name":"Urbanitae","url":"https:\/\/blog.urbanitae.com\/fr\/","logo":{"@type":"ImageObject","inLanguage":"fr-FR","@id":"https:\/\/blog.urbanitae.com\/fr\/#\/schema\/logo\/image\/","url":"https:\/\/blog.urbanitae.com\/wp-content\/uploads\/2020\/04\/logo-verde_350x100.svg","contentUrl":"https:\/\/blog.urbanitae.com\/wp-content\/uploads\/2020\/04\/logo-verde_350x100.svg","width":350,"height":100,"caption":"Urbanitae"},"image":{"@id":"https:\/\/blog.urbanitae.com\/fr\/#\/schema\/logo\/image\/"},"sameAs":["https:\/\/www.facebook.com\/urbanitae","https:\/\/x.com\/urbanitae","https:\/\/www.instagram.com\/urbanitae","https:\/\/www.linkedin.com\/company\/urbanitae","https:\/\/www.pinterest.es\/UrbanitaeSL\/_created\/","https:\/\/www.youtube.com\/c\/Urbanitae_RE"]}]}},"_links":{"self":[{"href":"https:\/\/blog.urbanitae.com\/fr\/wp-json\/wp\/v2\/pages\/62007","targetHints":{"allow":["GET"]}}],"collection":[{"href":"https:\/\/blog.urbanitae.com\/fr\/wp-json\/wp\/v2\/pages"}],"about":[{"href":"https:\/\/blog.urbanitae.com\/fr\/wp-json\/wp\/v2\/types\/page"}],"author":[{"embeddable":true,"href":"https:\/\/blog.urbanitae.com\/fr\/wp-json\/wp\/v2\/users\/20"}],"replies":[{"embeddable":true,"href":"https:\/\/blog.urbanitae.com\/fr\/wp-json\/wp\/v2\/comments?post=62007"}],"version-history":[{"count":0,"href":"https:\/\/blog.urbanitae.com\/fr\/wp-json\/wp\/v2\/pages\/62007\/revisions"}],"up":[{"embeddable":true,"href":"https:\/\/blog.urbanitae.com\/fr\/wp-json\/wp\/v2\/pages\/62174"}],"wp:attachment":[{"href":"https:\/\/blog.urbanitae.com\/fr\/wp-json\/wp\/v2\/media?parent=62007"}],"curies":[{"name":"wp","href":"https:\/\/api.w.org\/{rel}","templated":true}]}}