{"id":61989,"date":"2025-02-24T18:36:04","date_gmt":"2025-02-24T17:36:04","guid":{"rendered":"https:\/\/blog.urbanitae.com\/kyc-et-pbc\/"},"modified":"2025-04-25T11:34:21","modified_gmt":"2025-04-25T09:34:21","slug":"kyc-et-pbc","status":"publish","type":"page","link":"https:\/\/blog.urbanitae.com\/fr\/glossaire\/kyc-et-pbc\/","title":{"rendered":"KYC et PBC"},"content":{"rendered":"\t\t<div data-elementor-type=\"wp-page\" data-elementor-id=\"61989\" class=\"elementor elementor-61989 elementor-56907\">\n\t\t\t\t\t\t<section class=\"elementor-section elementor-top-section elementor-element elementor-element-d86d887 elementor-section-boxed elementor-section-height-default elementor-section-height-default\" data-id=\"d86d887\" data-element_type=\"section\" data-e-type=\"section\">\n\t\t\t\t\t\t<div class=\"elementor-container elementor-column-gap-default\">\n\t\t\t\t\t<div class=\"elementor-column elementor-col-100 elementor-top-column elementor-element elementor-element-8b49ddd\" data-id=\"8b49ddd\" data-element_type=\"column\" data-e-type=\"column\">\n\t\t\t<div class=\"elementor-widget-wrap elementor-element-populated\">\n\t\t\t\t\t\t<div class=\"elementor-element elementor-element-083b30b elementor-widget__width-initial elementor-widget elementor-widget-text-editor\" data-id=\"083b30b\" data-element_type=\"widget\" data-e-type=\"widget\" data-widget_type=\"text-editor.default\">\n\t\t\t\t<div class=\"elementor-widget-container\">\n\t\t\t\t\t\t\t\t\t<h3>Qu\u2019est-ce que c\u2019est?<\/h3><p style=\"color: #212121; font-family: Roboto, sans-serif; font-size: 16px;\"><strong>Le KYC (Know Your Customer)<\/strong> et <strong>le AML (Anti-Money Laundering)<\/strong> sont des processus et des mesures appliqu\u00e9s par les institutions financi\u00e8res pour identifier et conna\u00eetre leurs clients, ainsi que pour \u00e9valuer les risques associ\u00e9s \u00e0 leurs op\u00e9rations. Ces pratiques sont essentielles pour assurer la transparence du syst\u00e8me financier et pr\u00e9venir les activit\u00e9s illicites telles que le blanchiment d\u2019argent et le financement du terrorisme. <\/p><p style=\"color: #212121; font-family: Roboto, sans-serif; font-size: 16px;\">Le processus <strong>KYC<\/strong> implique la collecte et la v\u00e9rification d\u2019informations pertinentes sur le client, telles que son identit\u00e9, son activit\u00e9 professionnelle ou commerciale, et l\u2019origine des fonds. Gr\u00e2ce \u00e0 ces donn\u00e9es, les institutions peuvent \u00e9valuer s\u2019il existe un risque potentiel de fraude, de blanchiment d\u2019argent ou d\u2019autres crimes financiers. <\/p><p style=\"color: #212121; font-family: Roboto, sans-serif; font-size: 16px;\">Pour sa part, la <strong>CLCC<\/strong> couvre un ensemble de proc\u00e9dures visant \u00e0 d\u00e9tecter, \u00e0 pr\u00e9venir et, le cas \u00e9ch\u00e9ant, \u00e0 d\u00e9clarer les op\u00e9rations douteuses. Cela comprend le suivi continu des transactions, l\u2019analyse des mod\u00e8les de comportement et l\u2019obligation de signaler aux autorit\u00e9s comp\u00e9tentes tout indice d\u2019activit\u00e9 inhabituelle ou suspecte. <\/p>\t\t\t\t\t\t\t\t<\/div>\n\t\t\t\t<\/div>\n\t\t\t\t<div class=\"elementor-element elementor-element-11c28c4 elementor-widget__width-initial elementor-widget elementor-widget-text-editor\" data-id=\"11c28c4\" data-element_type=\"widget\" data-e-type=\"widget\" data-widget_type=\"text-editor.default\">\n\t\t\t\t<div class=\"elementor-widget-container\">\n\t\t\t\t\t\t\t\t\t<h3>Principaux aspects \u00e0 prendre en compte<\/h3><p style=\"color: #212121; font-family: Roboto, sans-serif; font-size: 16px;\"><strong>Les processus KYC<\/strong> et <strong>AML<\/strong> sont essentiels pour garantir la transparence et la s\u00e9curit\u00e9 sur les march\u00e9s financiers. Gr\u00e2ce \u00e0 son application, les \u00e9tablissements respectent non seulement la r\u00e9glementation en vigueur, mais contribuent \u00e9galement \u00e0 prot\u00e9ger \u00e0 la fois leurs clients et le syst\u00e8me financier dans son ensemble. Les institutions financi\u00e8res sont soumises \u00e0 des obligations strictes en mati\u00e8re de v\u00e9rification d\u2019identit\u00e9 et de suivi des transactions, ce qui permet d\u2019\u00e9viter que leurs services ne soient utilis\u00e9s \u00e0 des fins illicites.  <\/p><p style=\"color: #212121; font-family: Roboto, sans-serif; font-size: 16px;\">Bien que ces proc\u00e9dures puissent parfois \u00eatre fastidieuses ou causer quelques d\u00e9sagr\u00e9ments aux clients, elles sont essentielles pour minimiser le risque d\u2019activit\u00e9s criminelles et renforcer la confiance dans le syst\u00e8me financier, tant au niveau national qu\u2019international.<\/p>\t\t\t\t\t\t\t\t<\/div>\n\t\t\t\t<\/div>\n\t\t\t\t\t<\/div>\n\t\t<\/div>\n\t\t\t\t\t<\/div>\n\t\t<\/section>\n\t\t\t\t<section class=\"elementor-section elementor-top-section elementor-element elementor-element-aa563c5 elementor-section-full_width elementor-section-stretched elementor-section-height-default elementor-section-height-default\" data-id=\"aa563c5\" data-element_type=\"section\" data-e-type=\"section\" data-settings=\"{&quot;stretch_section&quot;:&quot;section-stretched&quot;}\">\n\t\t\t\t\t\t<div class=\"elementor-container elementor-column-gap-default\">\n\t\t\t\t\t<div class=\"elementor-column elementor-col-100 elementor-top-column elementor-element elementor-element-41114ac\" data-id=\"41114ac\" data-element_type=\"column\" data-e-type=\"column\">\n\t\t\t<div class=\"elementor-widget-wrap elementor-element-populated\">\n\t\t\t\t\t\t<div class=\"elementor-element elementor-element-43f7095 elementor-widget elementor-widget-html\" data-id=\"43f7095\" data-element_type=\"widget\" data-e-type=\"widget\" data-widget_type=\"html.default\">\n\t\t\t\t<div class=\"elementor-widget-container\">\n\t\t\t\t\t\r\n        <div class=\"qode-advanced-call-to-action qode-advanced-cta-gradient qode-advanced-cta-gradient-animation\" style=\"height:80px\">\r\n            <a class=\"advanced-cta-link\" href=\"https:\/\/mkt.urbanitae.com\/Urbanitae_suscripcion_newsletter.html?utm_source=blog&amp;utm_medium=link_blog&amp;utm_campaign=suscripcion_blog&amp;utm_content=boton\" target=\"_blank\" onclick=\"dataLayer.push({'event': 'ub_ga4_event', 'ub_ga4_event_name': 'newsletter', 'ub_ga4_event_element': 'aprende'})\"><\/a>\r\n            <div class=\"qode-advanced-cta-content\">\r\n                <span class=\"qode-advanced-cta-text-holder\" style=\"color:#FFFFFF;font-size:25px\">\r\n Abonnez-vous \u00e0 notre Newsletter <\/span>\r\n                <span class=\"qode-advanced-cta-icon-holder\" style=\"color:#FFFFFF;font-size:25px\">\r\n                    <span class=\"qode-advanced-cta-icon-holder-table\">\r\n                        <span class=\"qode-advanced-cta-icon-holder-cell\">\r\n                            <i class=\"qode_icon_font_awesome_5 fa5 fa fa-envelope-open-text qode-advanced-cta-icon\"><\/i> <\/span>\r\n                    <\/span>\r\n                <\/span>\r\n            <\/div>\r\n            <div class=\"qode-advanced-cta-background-holder\">\r\n                <span class=\"qode-advanced-cta-background-1 qode-type1-gradient-left-to-right\"><\/span>\r\n                <span class=\"qode-advanced-cta-background-2 qode-type1-gradient-left-to-right\"><\/span>\r\n                <span class=\"qode-advanced-cta-background-3\"><\/span>\r\n            <\/div>\r\n        <\/div>\r\n\t\t\t\t<\/div>\n\t\t\t\t<\/div>\n\t\t\t\t\t<\/div>\n\t\t<\/div>\n\t\t\t\t\t<\/div>\n\t\t<\/section>\n\t\t\t\t<\/div>\n\t\t","protected":false},"excerpt":{"rendered":"<p>Qu\u2019est-ce que c\u2019est? Le KYC (Know Your Customer) et le AML (Anti-Money Laundering) sont des processus et des mesures appliqu\u00e9s par les institutions financi\u00e8res pour identifier et conna\u00eetre leurs clients, ainsi que pour \u00e9valuer les risques associ\u00e9s \u00e0 leurs op\u00e9rations. Ces pratiques sont essentielles pour assurer la transparence du syst\u00e8me financier et pr\u00e9venir les activit\u00e9s [&hellip;]<\/p>\n","protected":false},"author":20,"featured_media":0,"parent":62174,"menu_order":0,"comment_status":"closed","ping_status":"closed","template":"","meta":{"inline_featured_image":false,"footnotes":""},"class_list":["post-61989","page","type-page","status-publish","hentry"],"yoast_head":"<!-- This site is optimized with the Yoast SEO plugin v27.4 - https:\/\/yoast.com\/product\/yoast-seo-wordpress\/ -->\n<title>KYC et PBC - Urbanitae Blog<\/title>\n<meta name=\"description\" content=\"Le KYC (Know Your Customer) et le AML (Anti-Money Laundering) sont des processus et mesures mis en \u0153uvre par les institutions financi\u00e8res pour conna\u00eetre l\u2019identit\u00e9 de leurs clients et \u00e9valuer les risques li\u00e9s \u00e0 leurs activit\u00e9s financi\u00e8res. Ces processus visent \u00e0 pr\u00e9venir le blanchiment d\u2019argent et le financement du terrorisme.\" \/>\n<meta name=\"robots\" content=\"index, follow, max-snippet:-1, max-image-preview:large, max-video-preview:-1\" \/>\n<link rel=\"canonical\" href=\"https:\/\/blog.urbanitae.com\/fr\/glossaire\/kyc-et-pbc\/\" \/>\n<meta property=\"og:locale\" content=\"fr_FR\" \/>\n<meta property=\"og:type\" content=\"article\" \/>\n<meta property=\"og:title\" content=\"KYC et PBC - Urbanitae Blog\" \/>\n<meta property=\"og:description\" content=\"Le KYC (Know Your Customer) et le AML (Anti-Money Laundering) sont des processus et mesures mis en \u0153uvre par les institutions financi\u00e8res pour conna\u00eetre l\u2019identit\u00e9 de leurs clients et \u00e9valuer les risques li\u00e9s \u00e0 leurs activit\u00e9s financi\u00e8res. Ces processus visent \u00e0 pr\u00e9venir le blanchiment d\u2019argent et le financement du terrorisme.\" \/>\n<meta property=\"og:url\" content=\"https:\/\/blog.urbanitae.com\/fr\/glossaire\/kyc-et-pbc\/\" \/>\n<meta property=\"og:site_name\" content=\"Urbanitae Blog | Les meilleures nouvelles sur l&#039;investissement immobilier\" \/>\n<meta property=\"article:publisher\" content=\"https:\/\/www.facebook.com\/urbanitae\" \/>\n<meta property=\"article:modified_time\" content=\"2025-04-25T09:34:21+00:00\" \/>\n<meta name=\"twitter:card\" content=\"summary_large_image\" \/>\n<meta name=\"twitter:site\" content=\"@urbanitae\" \/>\n<meta name=\"twitter:label1\" content=\"Dur\u00e9e de lecture estim\u00e9e\" \/>\n\t<meta name=\"twitter:data1\" content=\"2 minutes\" \/>\n<script type=\"application\/ld+json\" class=\"yoast-schema-graph\">{\"@context\":\"https:\\\/\\\/schema.org\",\"@graph\":[{\"@type\":\"WebPage\",\"@id\":\"https:\\\/\\\/blog.urbanitae.com\\\/fr\\\/glossaire\\\/kyc-et-pbc\\\/\",\"url\":\"https:\\\/\\\/blog.urbanitae.com\\\/fr\\\/glossaire\\\/kyc-et-pbc\\\/\",\"name\":\"KYC et PBC - Urbanitae Blog\",\"isPartOf\":{\"@id\":\"https:\\\/\\\/blog.urbanitae.com\\\/fr\\\/#website\"},\"datePublished\":\"2025-02-24T17:36:04+00:00\",\"dateModified\":\"2025-04-25T09:34:21+00:00\",\"description\":\"Le KYC (Know Your Customer) et le AML (Anti-Money Laundering) sont des processus et mesures mis en \u0153uvre par les institutions financi\u00e8res pour conna\u00eetre l\u2019identit\u00e9 de leurs clients et \u00e9valuer les risques li\u00e9s \u00e0 leurs activit\u00e9s financi\u00e8res. Ces processus visent \u00e0 pr\u00e9venir le blanchiment d\u2019argent et le financement du terrorisme.\",\"breadcrumb\":{\"@id\":\"https:\\\/\\\/blog.urbanitae.com\\\/fr\\\/glossaire\\\/kyc-et-pbc\\\/#breadcrumb\"},\"inLanguage\":\"fr-FR\",\"potentialAction\":[{\"@type\":\"ReadAction\",\"target\":[\"https:\\\/\\\/blog.urbanitae.com\\\/fr\\\/glossaire\\\/kyc-et-pbc\\\/\"]}]},{\"@type\":\"BreadcrumbList\",\"@id\":\"https:\\\/\\\/blog.urbanitae.com\\\/fr\\\/glossaire\\\/kyc-et-pbc\\\/#breadcrumb\",\"itemListElement\":[{\"@type\":\"ListItem\",\"position\":1,\"name\":\"Portada\",\"item\":\"https:\\\/\\\/blog.urbanitae.com\\\/fr\\\/\"},{\"@type\":\"ListItem\",\"position\":2,\"name\":\"Glossaire\",\"item\":\"https:\\\/\\\/blog.urbanitae.com\\\/fr\\\/glosario\\\/\"},{\"@type\":\"ListItem\",\"position\":3,\"name\":\"KYC et PBC\"}]},{\"@type\":\"WebSite\",\"@id\":\"https:\\\/\\\/blog.urbanitae.com\\\/fr\\\/#website\",\"url\":\"https:\\\/\\\/blog.urbanitae.com\\\/fr\\\/\",\"name\":\"Urbanitae Blog | Las mejores noticias sobre inversi\u00f3n inmobiliaria\",\"description\":\"L'investissement immobilier \u00e0 la port\u00e9e de tous\",\"publisher\":{\"@id\":\"https:\\\/\\\/blog.urbanitae.com\\\/fr\\\/#organization\"},\"potentialAction\":[{\"@type\":\"SearchAction\",\"target\":{\"@type\":\"EntryPoint\",\"urlTemplate\":\"https:\\\/\\\/blog.urbanitae.com\\\/fr\\\/?s={search_term_string}\"},\"query-input\":{\"@type\":\"PropertyValueSpecification\",\"valueRequired\":true,\"valueName\":\"search_term_string\"}}],\"inLanguage\":\"fr-FR\"},{\"@type\":\"Organization\",\"@id\":\"https:\\\/\\\/blog.urbanitae.com\\\/fr\\\/#organization\",\"name\":\"Urbanitae\",\"url\":\"https:\\\/\\\/blog.urbanitae.com\\\/fr\\\/\",\"logo\":{\"@type\":\"ImageObject\",\"inLanguage\":\"fr-FR\",\"@id\":\"https:\\\/\\\/blog.urbanitae.com\\\/fr\\\/#\\\/schema\\\/logo\\\/image\\\/\",\"url\":\"https:\\\/\\\/blog.urbanitae.com\\\/wp-content\\\/uploads\\\/2020\\\/04\\\/logo-verde_350x100.svg\",\"contentUrl\":\"https:\\\/\\\/blog.urbanitae.com\\\/wp-content\\\/uploads\\\/2020\\\/04\\\/logo-verde_350x100.svg\",\"width\":350,\"height\":100,\"caption\":\"Urbanitae\"},\"image\":{\"@id\":\"https:\\\/\\\/blog.urbanitae.com\\\/fr\\\/#\\\/schema\\\/logo\\\/image\\\/\"},\"sameAs\":[\"https:\\\/\\\/www.facebook.com\\\/urbanitae\",\"https:\\\/\\\/x.com\\\/urbanitae\",\"https:\\\/\\\/www.instagram.com\\\/urbanitae\",\"https:\\\/\\\/www.linkedin.com\\\/company\\\/urbanitae\",\"https:\\\/\\\/www.pinterest.es\\\/UrbanitaeSL\\\/_created\\\/\",\"https:\\\/\\\/www.youtube.com\\\/c\\\/Urbanitae_RE\"]}]}<\/script>\n<!-- \/ Yoast SEO plugin. -->","yoast_head_json":{"title":"KYC et PBC - Urbanitae Blog","description":"Le KYC (Know Your Customer) et le AML (Anti-Money Laundering) sont des processus et mesures mis en \u0153uvre par les institutions financi\u00e8res pour conna\u00eetre l\u2019identit\u00e9 de leurs clients et \u00e9valuer les risques li\u00e9s \u00e0 leurs activit\u00e9s financi\u00e8res. Ces processus visent \u00e0 pr\u00e9venir le blanchiment d\u2019argent et le financement du terrorisme.","robots":{"index":"index","follow":"follow","max-snippet":"max-snippet:-1","max-image-preview":"max-image-preview:large","max-video-preview":"max-video-preview:-1"},"canonical":"https:\/\/blog.urbanitae.com\/fr\/glossaire\/kyc-et-pbc\/","og_locale":"fr_FR","og_type":"article","og_title":"KYC et PBC - Urbanitae Blog","og_description":"Le KYC (Know Your Customer) et le AML (Anti-Money Laundering) sont des processus et mesures mis en \u0153uvre par les institutions financi\u00e8res pour conna\u00eetre l\u2019identit\u00e9 de leurs clients et \u00e9valuer les risques li\u00e9s \u00e0 leurs activit\u00e9s financi\u00e8res. Ces processus visent \u00e0 pr\u00e9venir le blanchiment d\u2019argent et le financement du terrorisme.","og_url":"https:\/\/blog.urbanitae.com\/fr\/glossaire\/kyc-et-pbc\/","og_site_name":"Urbanitae Blog | Les meilleures nouvelles sur l'investissement immobilier","article_publisher":"https:\/\/www.facebook.com\/urbanitae","article_modified_time":"2025-04-25T09:34:21+00:00","twitter_card":"summary_large_image","twitter_site":"@urbanitae","twitter_misc":{"Dur\u00e9e de lecture estim\u00e9e":"2 minutes"},"schema":{"@context":"https:\/\/schema.org","@graph":[{"@type":"WebPage","@id":"https:\/\/blog.urbanitae.com\/fr\/glossaire\/kyc-et-pbc\/","url":"https:\/\/blog.urbanitae.com\/fr\/glossaire\/kyc-et-pbc\/","name":"KYC et PBC - Urbanitae Blog","isPartOf":{"@id":"https:\/\/blog.urbanitae.com\/fr\/#website"},"datePublished":"2025-02-24T17:36:04+00:00","dateModified":"2025-04-25T09:34:21+00:00","description":"Le KYC (Know Your Customer) et le AML (Anti-Money Laundering) sont des processus et mesures mis en \u0153uvre par les institutions financi\u00e8res pour conna\u00eetre l\u2019identit\u00e9 de leurs clients et \u00e9valuer les risques li\u00e9s \u00e0 leurs activit\u00e9s financi\u00e8res. Ces processus visent \u00e0 pr\u00e9venir le blanchiment d\u2019argent et le financement du terrorisme.","breadcrumb":{"@id":"https:\/\/blog.urbanitae.com\/fr\/glossaire\/kyc-et-pbc\/#breadcrumb"},"inLanguage":"fr-FR","potentialAction":[{"@type":"ReadAction","target":["https:\/\/blog.urbanitae.com\/fr\/glossaire\/kyc-et-pbc\/"]}]},{"@type":"BreadcrumbList","@id":"https:\/\/blog.urbanitae.com\/fr\/glossaire\/kyc-et-pbc\/#breadcrumb","itemListElement":[{"@type":"ListItem","position":1,"name":"Portada","item":"https:\/\/blog.urbanitae.com\/fr\/"},{"@type":"ListItem","position":2,"name":"Glossaire","item":"https:\/\/blog.urbanitae.com\/fr\/glosario\/"},{"@type":"ListItem","position":3,"name":"KYC et PBC"}]},{"@type":"WebSite","@id":"https:\/\/blog.urbanitae.com\/fr\/#website","url":"https:\/\/blog.urbanitae.com\/fr\/","name":"Urbanitae Blog | Las mejores noticias sobre inversi\u00f3n inmobiliaria","description":"L'investissement immobilier \u00e0 la port\u00e9e de tous","publisher":{"@id":"https:\/\/blog.urbanitae.com\/fr\/#organization"},"potentialAction":[{"@type":"SearchAction","target":{"@type":"EntryPoint","urlTemplate":"https:\/\/blog.urbanitae.com\/fr\/?s={search_term_string}"},"query-input":{"@type":"PropertyValueSpecification","valueRequired":true,"valueName":"search_term_string"}}],"inLanguage":"fr-FR"},{"@type":"Organization","@id":"https:\/\/blog.urbanitae.com\/fr\/#organization","name":"Urbanitae","url":"https:\/\/blog.urbanitae.com\/fr\/","logo":{"@type":"ImageObject","inLanguage":"fr-FR","@id":"https:\/\/blog.urbanitae.com\/fr\/#\/schema\/logo\/image\/","url":"https:\/\/blog.urbanitae.com\/wp-content\/uploads\/2020\/04\/logo-verde_350x100.svg","contentUrl":"https:\/\/blog.urbanitae.com\/wp-content\/uploads\/2020\/04\/logo-verde_350x100.svg","width":350,"height":100,"caption":"Urbanitae"},"image":{"@id":"https:\/\/blog.urbanitae.com\/fr\/#\/schema\/logo\/image\/"},"sameAs":["https:\/\/www.facebook.com\/urbanitae","https:\/\/x.com\/urbanitae","https:\/\/www.instagram.com\/urbanitae","https:\/\/www.linkedin.com\/company\/urbanitae","https:\/\/www.pinterest.es\/UrbanitaeSL\/_created\/","https:\/\/www.youtube.com\/c\/Urbanitae_RE"]}]}},"_links":{"self":[{"href":"https:\/\/blog.urbanitae.com\/fr\/wp-json\/wp\/v2\/pages\/61989","targetHints":{"allow":["GET"]}}],"collection":[{"href":"https:\/\/blog.urbanitae.com\/fr\/wp-json\/wp\/v2\/pages"}],"about":[{"href":"https:\/\/blog.urbanitae.com\/fr\/wp-json\/wp\/v2\/types\/page"}],"author":[{"embeddable":true,"href":"https:\/\/blog.urbanitae.com\/fr\/wp-json\/wp\/v2\/users\/20"}],"replies":[{"embeddable":true,"href":"https:\/\/blog.urbanitae.com\/fr\/wp-json\/wp\/v2\/comments?post=61989"}],"version-history":[{"count":1,"href":"https:\/\/blog.urbanitae.com\/fr\/wp-json\/wp\/v2\/pages\/61989\/revisions"}],"predecessor-version":[{"id":61990,"href":"https:\/\/blog.urbanitae.com\/fr\/wp-json\/wp\/v2\/pages\/61989\/revisions\/61990"}],"up":[{"embeddable":true,"href":"https:\/\/blog.urbanitae.com\/fr\/wp-json\/wp\/v2\/pages\/62174"}],"wp:attachment":[{"href":"https:\/\/blog.urbanitae.com\/fr\/wp-json\/wp\/v2\/media?parent=61989"}],"curies":[{"name":"wp","href":"https:\/\/api.w.org\/{rel}","templated":true}]}}