{"id":61985,"date":"2025-04-15T14:52:48","date_gmt":"2025-04-15T12:52:48","guid":{"rendered":"https:\/\/blog.urbanitae.com\/investisseur-non-experimente\/"},"modified":"2025-04-25T11:35:20","modified_gmt":"2025-04-25T09:35:20","slug":"investisseur-non-experimente","status":"publish","type":"page","link":"https:\/\/blog.urbanitae.com\/fr\/glossaire\/investisseur-non-experimente\/","title":{"rendered":"Investisseur non exp\u00e9riment\u00e9"},"content":{"rendered":"\t\t<div data-elementor-type=\"wp-page\" data-elementor-id=\"61985\" class=\"elementor elementor-61985 elementor-60116\">\n\t\t\t\t\t\t<section class=\"elementor-section elementor-top-section elementor-element elementor-element-d86d887 elementor-section-boxed elementor-section-height-default elementor-section-height-default\" data-id=\"d86d887\" data-element_type=\"section\" data-e-type=\"section\">\n\t\t\t\t\t\t<div class=\"elementor-container elementor-column-gap-default\">\n\t\t\t\t\t<div class=\"elementor-column elementor-col-100 elementor-top-column elementor-element elementor-element-8b49ddd\" data-id=\"8b49ddd\" data-element_type=\"column\" data-e-type=\"column\">\n\t\t\t<div class=\"elementor-widget-wrap elementor-element-populated\">\n\t\t\t\t\t\t<div class=\"elementor-element elementor-element-083b30b elementor-widget__width-initial elementor-widget elementor-widget-text-editor\" data-id=\"083b30b\" data-element_type=\"widget\" data-e-type=\"widget\" data-widget_type=\"text-editor.default\">\n\t\t\t\t<div class=\"elementor-widget-container\">\n\t\t\t\t\t\t\t\t\t<h3>De quoi s\u2019agit-il ?<\/h3><p style=\"color: #212121; font-family: Roboto, sans-serif; font-size: 16px;\">Dans le domaine du financement participatif r\u00e9glement\u00e9 par le r\u00e8glement (UE) 2020\/1503, une distinction est faite entre les investisseurs exp\u00e9riment\u00e9s et les investisseurs non exp\u00e9riment\u00e9s afin de fournir des niveaux de protection appropri\u00e9s pour chaque cat\u00e9gorie. Les investisseurs inexp\u00e9riment\u00e9s sont ceux qui ne r\u00e9pondent pas aux crit\u00e8res financiers ou d\u2019exp\u00e9rience n\u00e9cessaires pour \u00eatre class\u00e9s comme exp\u00e9riment\u00e9s. Cette cat\u00e9gorie comprend g\u00e9n\u00e9ralement des investisseurs particuliers ou individuels qui n\u2019ont peut-\u00eatre pas une compr\u00e9hension approfondie des march\u00e9s financiers ou une capacit\u00e9 financi\u00e8re significative \u00e0 prendre des risques \u00e9lev\u00e9s.<\/p><p style=\"color: #212121; font-family: Roboto, sans-serif; font-size: 16px;\">\u00c9tant donn\u00e9 que les investisseurs inexp\u00e9riment\u00e9s peuvent \u00eatre moins familiers avec les risques associ\u00e9s \u00e0 l\u2019investissement dans des plateformes de financement participatif, le r\u00e8glement pr\u00e9voit un certain nombre de garanties sp\u00e9cifiques pour eux. Ces mesures visent \u00e0 faire en sorte que ces investisseurs comprennent parfaitement les risques et les caract\u00e9ristiques des investissements qu\u2019ils effectuent, en leur fournissant des informations claires et ad\u00e9quates pour faciliter des d\u00e9cisions d\u2019investissement \u00e9clair\u00e9es. <\/p>\t\t\t\t\t\t\t\t<\/div>\n\t\t\t\t<\/div>\n\t\t\t\t<div class=\"elementor-element elementor-element-11c28c4 elementor-widget__width-initial elementor-widget elementor-widget-text-editor\" data-id=\"11c28c4\" data-element_type=\"widget\" data-e-type=\"widget\" data-widget_type=\"text-editor.default\">\n\t\t\t\t<div class=\"elementor-widget-container\">\n\t\t\t\t\t\t\t\t\t<h3>Principaux aspects \u00e0 prendre en compte<\/h3>\n<ul>\n \t<li style=\"color: #212121; font-family: Roboto, sans-serif; font-size: 16px;\"><strong>Test de connaissances initiales et simulation de la capacit\u00e9 de perte :<\/strong> Avant d\u2019accepter un investissement d\u2019un investisseur inexp\u00e9riment\u00e9, un prestataire de services de financement participatif doit \u00e9valuer si celui-ci poss\u00e8de l\u2019exp\u00e9rience et l\u2019expertise n\u00e9cessaires pour comprendre les risques associ\u00e9s. De plus, une simulation doit \u00eatre effectu\u00e9e pour d\u00e9terminer la capacit\u00e9 de l\u2019investisseur \u00e0 r\u00e9sister aux pertes financi\u00e8res. <\/li>\n \t<li style=\"color: #212121; font-family: Roboto, sans-serif; font-size: 16px;\"><strong>D\u00e9lai de r\u00e9flexion pr\u00e9contractuel :<\/strong> Les investisseurs inexp\u00e9riment\u00e9s ont droit \u00e0 un d\u00e9lai de r\u00e9flexion d\u2019au moins quatre jours calendaires pendant lequel ils peuvent retirer leur offre d\u2019investissement sans p\u00e9nalit\u00e9.<\/li>\n \t<li style=\"color: #212121; font-family: Roboto, sans-serif; font-size: 16px;\"><strong>Avertissements explicites sur les risques :<\/strong> Si, apr\u00e8s l\u2019\u00e9valuation initiale, il est d\u00e9termin\u00e9 que les services de financement participatif ne conviennent pas \u00e0 un investisseur inexp\u00e9riment\u00e9, le prestataire doit en informer express\u00e9ment l\u2019investisseur inexp\u00e9riment\u00e9. Malgr\u00e9 l\u2019avertissement, l\u2019investisseur peut d\u00e9cider de poursuivre l\u2019investissement, en reconnaissant qu\u2019il a re\u00e7u et compris l\u2019avertissement. <\/li>\n \t<li style=\"color: #212121; font-family: Roboto, sans-serif; font-size: 16px;\"><strong>Limites de placement recommand\u00e9es :<\/strong> Il est recommand\u00e9 aux investisseurs inexp\u00e9riment\u00e9s d\u2019investir au maximum 1 000 \u20ac ou 5 % de leur valeur nette dans un seul projet de crowdfunding. Cependant, les investisseurs sont libres d\u2019investir des montants plus importants s\u2019ils le souhaitent.<\/li>\n<\/ul>\n<p style=\"color: #212121; font-family: Roboto, sans-serif; font-size: 16px;\">La classification en tant qu\u2019investisseur non exp\u00e9riment\u00e9 en vertu du r\u00e8glement (UE) 2020\/1503 pr\u00e9voit un certain nombre de garanties destin\u00e9es \u00e0 prot\u00e9ger les investisseurs ayant moins d\u2019exp\u00e9rience ou de capacit\u00e9 financi\u00e8re dans le domaine du <strong>financement participatif.<\/strong> Ces mesures visent \u00e0 faire en sorte que ces investisseurs soient pleinement inform\u00e9s des risques et des caract\u00e9ristiques des investissements qu\u2019ils effectuent. Cependant, ces protections peuvent \u00e9galement impliquer certaines limitations ou proc\u00e9dures suppl\u00e9mentaires par rapport aux investisseurs exp\u00e9riment\u00e9s. Par cons\u00e9quent, il est essentiel pour les investisseurs de comprendre leur classification et les implications associ\u00e9es \u00e0 la participation \u00e0 des plateformes de financement participatif.  <\/p>\n\t\t\t\t\t\t\t\t<\/div>\n\t\t\t\t<\/div>\n\t\t\t\t\t<\/div>\n\t\t<\/div>\n\t\t\t\t\t<\/div>\n\t\t<\/section>\n\t\t\t\t<section class=\"elementor-section elementor-top-section elementor-element elementor-element-aa563c5 elementor-section-full_width elementor-section-stretched elementor-section-height-default elementor-section-height-default\" data-id=\"aa563c5\" data-element_type=\"section\" data-e-type=\"section\" data-settings=\"{&quot;stretch_section&quot;:&quot;section-stretched&quot;}\">\n\t\t\t\t\t\t<div class=\"elementor-container elementor-column-gap-default\">\n\t\t\t\t\t<div class=\"elementor-column elementor-col-100 elementor-top-column elementor-element elementor-element-41114ac\" data-id=\"41114ac\" data-element_type=\"column\" data-e-type=\"column\">\n\t\t\t<div class=\"elementor-widget-wrap elementor-element-populated\">\n\t\t\t\t\t\t<div class=\"elementor-element elementor-element-43f7095 elementor-widget elementor-widget-html\" data-id=\"43f7095\" data-element_type=\"widget\" data-e-type=\"widget\" data-widget_type=\"html.default\">\n\t\t\t\t<div class=\"elementor-widget-container\">\n\t\t\t\t\t\r\n        <div class=\"qode-advanced-call-to-action qode-advanced-cta-gradient qode-advanced-cta-gradient-animation\" style=\"height:80px\">\r\n            <a class=\"advanced-cta-link\" href=\"https:\/\/mkt.urbanitae.com\/Urbanitae_suscripcion_newsletter.html?utm_source=blog&amp;utm_medium=link_blog&amp;utm_campaign=suscripcion_blog&amp;utm_content=boton\" target=\"_blank\" onclick=\"dataLayer.push({'event': 'ub_ga4_event', 'ub_ga4_event_name': 'newsletter', 'ub_ga4_event_element': 'aprende'})\"><\/a>\r\n            <div class=\"qode-advanced-cta-content\">\r\n                <span class=\"qode-advanced-cta-text-holder\" style=\"color:#FFFFFF;font-size:25px\">\r\n Abonnez-vous \u00e0 notre Newsletter <\/span>\r\n                <span class=\"qode-advanced-cta-icon-holder\" style=\"color:#FFFFFF;font-size:25px\">\r\n                    <span class=\"qode-advanced-cta-icon-holder-table\">\r\n                        <span class=\"qode-advanced-cta-icon-holder-cell\">\r\n                            <i class=\"qode_icon_font_awesome_5 fa5 fa fa-envelope-open-text qode-advanced-cta-icon\"><\/i> <\/span>\r\n                    <\/span>\r\n                <\/span>\r\n            <\/div>\r\n            <div class=\"qode-advanced-cta-background-holder\">\r\n                <span class=\"qode-advanced-cta-background-1 qode-type1-gradient-left-to-right\"><\/span>\r\n                <span class=\"qode-advanced-cta-background-2 qode-type1-gradient-left-to-right\"><\/span>\r\n                <span class=\"qode-advanced-cta-background-3\"><\/span>\r\n            <\/div>\r\n        <\/div>\r\n\t\t\t\t<\/div>\n\t\t\t\t<\/div>\n\t\t\t\t\t<\/div>\n\t\t<\/div>\n\t\t\t\t\t<\/div>\n\t\t<\/section>\n\t\t\t\t<\/div>\n\t\t","protected":false},"excerpt":{"rendered":"<p>De quoi s\u2019agit-il ? Dans le domaine du financement participatif r\u00e9glement\u00e9 par le r\u00e8glement (UE) 2020\/1503, une distinction est faite entre les investisseurs exp\u00e9riment\u00e9s et les investisseurs non exp\u00e9riment\u00e9s afin de fournir des niveaux de protection appropri\u00e9s pour chaque cat\u00e9gorie. Les investisseurs inexp\u00e9riment\u00e9s sont ceux qui ne r\u00e9pondent pas aux crit\u00e8res financiers ou d\u2019exp\u00e9rience n\u00e9cessaires [&hellip;]<\/p>\n","protected":false},"author":4,"featured_media":0,"parent":62174,"menu_order":0,"comment_status":"closed","ping_status":"closed","template":"","meta":{"inline_featured_image":false,"footnotes":""},"class_list":["post-61985","page","type-page","status-publish","hentry"],"yoast_head":"<!-- This site is optimized with the Yoast SEO plugin v27.4 - https:\/\/yoast.com\/product\/yoast-seo-wordpress\/ -->\n<title>Investisseur non exp\u00e9riment\u00e9 - Urbanitae Blog<\/title>\n<meta name=\"description\" content=\"Il s\u2019agit d\u2019investisseurs particuliers ou individuels qui n\u2019ont peut-\u00eatre pas une compr\u00e9hension approfondie des march\u00e9s financiers ou une capacit\u00e9 financi\u00e8re significative \u00e0 prendre des risques \u00e9lev\u00e9s.\" \/>\n<meta name=\"robots\" content=\"index, follow, max-snippet:-1, max-image-preview:large, max-video-preview:-1\" \/>\n<link rel=\"canonical\" href=\"https:\/\/blog.urbanitae.com\/fr\/glossaire\/investisseur-non-experimente\/\" \/>\n<meta property=\"og:locale\" content=\"fr_FR\" \/>\n<meta property=\"og:type\" content=\"article\" \/>\n<meta property=\"og:title\" content=\"Investisseur non exp\u00e9riment\u00e9 - Urbanitae Blog\" \/>\n<meta property=\"og:description\" content=\"Il s\u2019agit d\u2019investisseurs particuliers ou individuels qui n\u2019ont peut-\u00eatre pas une compr\u00e9hension approfondie des march\u00e9s financiers ou une capacit\u00e9 financi\u00e8re significative \u00e0 prendre des risques \u00e9lev\u00e9s.\" \/>\n<meta property=\"og:url\" content=\"https:\/\/blog.urbanitae.com\/fr\/glossaire\/investisseur-non-experimente\/\" \/>\n<meta property=\"og:site_name\" content=\"Urbanitae Blog | Les meilleures nouvelles sur l&#039;investissement immobilier\" \/>\n<meta property=\"article:publisher\" content=\"https:\/\/www.facebook.com\/urbanitae\" \/>\n<meta property=\"article:modified_time\" content=\"2025-04-25T09:35:20+00:00\" \/>\n<meta name=\"twitter:card\" content=\"summary_large_image\" \/>\n<meta name=\"twitter:site\" content=\"@urbanitae\" \/>\n<meta name=\"twitter:label1\" content=\"Dur\u00e9e de lecture estim\u00e9e\" \/>\n\t<meta name=\"twitter:data1\" content=\"3 minutes\" \/>\n<script type=\"application\/ld+json\" class=\"yoast-schema-graph\">{\"@context\":\"https:\\\/\\\/schema.org\",\"@graph\":[{\"@type\":\"WebPage\",\"@id\":\"https:\\\/\\\/blog.urbanitae.com\\\/fr\\\/glossaire\\\/investisseur-non-experimente\\\/\",\"url\":\"https:\\\/\\\/blog.urbanitae.com\\\/fr\\\/glossaire\\\/investisseur-non-experimente\\\/\",\"name\":\"Investisseur non exp\u00e9riment\u00e9 - Urbanitae Blog\",\"isPartOf\":{\"@id\":\"https:\\\/\\\/blog.urbanitae.com\\\/fr\\\/#website\"},\"datePublished\":\"2025-04-15T12:52:48+00:00\",\"dateModified\":\"2025-04-25T09:35:20+00:00\",\"description\":\"Il s\u2019agit d\u2019investisseurs particuliers ou individuels qui n\u2019ont peut-\u00eatre pas une compr\u00e9hension approfondie des march\u00e9s financiers ou une capacit\u00e9 financi\u00e8re significative \u00e0 prendre des risques \u00e9lev\u00e9s.\",\"breadcrumb\":{\"@id\":\"https:\\\/\\\/blog.urbanitae.com\\\/fr\\\/glossaire\\\/investisseur-non-experimente\\\/#breadcrumb\"},\"inLanguage\":\"fr-FR\",\"potentialAction\":[{\"@type\":\"ReadAction\",\"target\":[\"https:\\\/\\\/blog.urbanitae.com\\\/fr\\\/glossaire\\\/investisseur-non-experimente\\\/\"]}]},{\"@type\":\"BreadcrumbList\",\"@id\":\"https:\\\/\\\/blog.urbanitae.com\\\/fr\\\/glossaire\\\/investisseur-non-experimente\\\/#breadcrumb\",\"itemListElement\":[{\"@type\":\"ListItem\",\"position\":1,\"name\":\"Portada\",\"item\":\"https:\\\/\\\/blog.urbanitae.com\\\/fr\\\/\"},{\"@type\":\"ListItem\",\"position\":2,\"name\":\"Glossaire\",\"item\":\"https:\\\/\\\/blog.urbanitae.com\\\/fr\\\/glosario\\\/\"},{\"@type\":\"ListItem\",\"position\":3,\"name\":\"Investisseur non exp\u00e9riment\u00e9\"}]},{\"@type\":\"WebSite\",\"@id\":\"https:\\\/\\\/blog.urbanitae.com\\\/fr\\\/#website\",\"url\":\"https:\\\/\\\/blog.urbanitae.com\\\/fr\\\/\",\"name\":\"Urbanitae Blog | Las mejores noticias sobre inversi\u00f3n inmobiliaria\",\"description\":\"L'investissement immobilier \u00e0 la port\u00e9e de tous\",\"publisher\":{\"@id\":\"https:\\\/\\\/blog.urbanitae.com\\\/fr\\\/#organization\"},\"potentialAction\":[{\"@type\":\"SearchAction\",\"target\":{\"@type\":\"EntryPoint\",\"urlTemplate\":\"https:\\\/\\\/blog.urbanitae.com\\\/fr\\\/?s={search_term_string}\"},\"query-input\":{\"@type\":\"PropertyValueSpecification\",\"valueRequired\":true,\"valueName\":\"search_term_string\"}}],\"inLanguage\":\"fr-FR\"},{\"@type\":\"Organization\",\"@id\":\"https:\\\/\\\/blog.urbanitae.com\\\/fr\\\/#organization\",\"name\":\"Urbanitae\",\"url\":\"https:\\\/\\\/blog.urbanitae.com\\\/fr\\\/\",\"logo\":{\"@type\":\"ImageObject\",\"inLanguage\":\"fr-FR\",\"@id\":\"https:\\\/\\\/blog.urbanitae.com\\\/fr\\\/#\\\/schema\\\/logo\\\/image\\\/\",\"url\":\"https:\\\/\\\/blog.urbanitae.com\\\/wp-content\\\/uploads\\\/2020\\\/04\\\/logo-verde_350x100.svg\",\"contentUrl\":\"https:\\\/\\\/blog.urbanitae.com\\\/wp-content\\\/uploads\\\/2020\\\/04\\\/logo-verde_350x100.svg\",\"width\":350,\"height\":100,\"caption\":\"Urbanitae\"},\"image\":{\"@id\":\"https:\\\/\\\/blog.urbanitae.com\\\/fr\\\/#\\\/schema\\\/logo\\\/image\\\/\"},\"sameAs\":[\"https:\\\/\\\/www.facebook.com\\\/urbanitae\",\"https:\\\/\\\/x.com\\\/urbanitae\",\"https:\\\/\\\/www.instagram.com\\\/urbanitae\",\"https:\\\/\\\/www.linkedin.com\\\/company\\\/urbanitae\",\"https:\\\/\\\/www.pinterest.es\\\/UrbanitaeSL\\\/_created\\\/\",\"https:\\\/\\\/www.youtube.com\\\/c\\\/Urbanitae_RE\"]}]}<\/script>\n<!-- \/ Yoast SEO plugin. -->","yoast_head_json":{"title":"Investisseur non exp\u00e9riment\u00e9 - Urbanitae Blog","description":"Il s\u2019agit d\u2019investisseurs particuliers ou individuels qui n\u2019ont peut-\u00eatre pas une compr\u00e9hension approfondie des march\u00e9s financiers ou une capacit\u00e9 financi\u00e8re significative \u00e0 prendre des risques \u00e9lev\u00e9s.","robots":{"index":"index","follow":"follow","max-snippet":"max-snippet:-1","max-image-preview":"max-image-preview:large","max-video-preview":"max-video-preview:-1"},"canonical":"https:\/\/blog.urbanitae.com\/fr\/glossaire\/investisseur-non-experimente\/","og_locale":"fr_FR","og_type":"article","og_title":"Investisseur non exp\u00e9riment\u00e9 - Urbanitae Blog","og_description":"Il s\u2019agit d\u2019investisseurs particuliers ou individuels qui n\u2019ont peut-\u00eatre pas une compr\u00e9hension approfondie des march\u00e9s financiers ou une capacit\u00e9 financi\u00e8re significative \u00e0 prendre des risques \u00e9lev\u00e9s.","og_url":"https:\/\/blog.urbanitae.com\/fr\/glossaire\/investisseur-non-experimente\/","og_site_name":"Urbanitae Blog | Les meilleures nouvelles sur l'investissement immobilier","article_publisher":"https:\/\/www.facebook.com\/urbanitae","article_modified_time":"2025-04-25T09:35:20+00:00","twitter_card":"summary_large_image","twitter_site":"@urbanitae","twitter_misc":{"Dur\u00e9e de lecture estim\u00e9e":"3 minutes"},"schema":{"@context":"https:\/\/schema.org","@graph":[{"@type":"WebPage","@id":"https:\/\/blog.urbanitae.com\/fr\/glossaire\/investisseur-non-experimente\/","url":"https:\/\/blog.urbanitae.com\/fr\/glossaire\/investisseur-non-experimente\/","name":"Investisseur non exp\u00e9riment\u00e9 - Urbanitae Blog","isPartOf":{"@id":"https:\/\/blog.urbanitae.com\/fr\/#website"},"datePublished":"2025-04-15T12:52:48+00:00","dateModified":"2025-04-25T09:35:20+00:00","description":"Il s\u2019agit d\u2019investisseurs particuliers ou individuels qui n\u2019ont peut-\u00eatre pas une compr\u00e9hension approfondie des march\u00e9s financiers ou une capacit\u00e9 financi\u00e8re significative \u00e0 prendre des risques \u00e9lev\u00e9s.","breadcrumb":{"@id":"https:\/\/blog.urbanitae.com\/fr\/glossaire\/investisseur-non-experimente\/#breadcrumb"},"inLanguage":"fr-FR","potentialAction":[{"@type":"ReadAction","target":["https:\/\/blog.urbanitae.com\/fr\/glossaire\/investisseur-non-experimente\/"]}]},{"@type":"BreadcrumbList","@id":"https:\/\/blog.urbanitae.com\/fr\/glossaire\/investisseur-non-experimente\/#breadcrumb","itemListElement":[{"@type":"ListItem","position":1,"name":"Portada","item":"https:\/\/blog.urbanitae.com\/fr\/"},{"@type":"ListItem","position":2,"name":"Glossaire","item":"https:\/\/blog.urbanitae.com\/fr\/glosario\/"},{"@type":"ListItem","position":3,"name":"Investisseur non exp\u00e9riment\u00e9"}]},{"@type":"WebSite","@id":"https:\/\/blog.urbanitae.com\/fr\/#website","url":"https:\/\/blog.urbanitae.com\/fr\/","name":"Urbanitae Blog | Las mejores noticias sobre inversi\u00f3n inmobiliaria","description":"L'investissement immobilier \u00e0 la port\u00e9e de tous","publisher":{"@id":"https:\/\/blog.urbanitae.com\/fr\/#organization"},"potentialAction":[{"@type":"SearchAction","target":{"@type":"EntryPoint","urlTemplate":"https:\/\/blog.urbanitae.com\/fr\/?s={search_term_string}"},"query-input":{"@type":"PropertyValueSpecification","valueRequired":true,"valueName":"search_term_string"}}],"inLanguage":"fr-FR"},{"@type":"Organization","@id":"https:\/\/blog.urbanitae.com\/fr\/#organization","name":"Urbanitae","url":"https:\/\/blog.urbanitae.com\/fr\/","logo":{"@type":"ImageObject","inLanguage":"fr-FR","@id":"https:\/\/blog.urbanitae.com\/fr\/#\/schema\/logo\/image\/","url":"https:\/\/blog.urbanitae.com\/wp-content\/uploads\/2020\/04\/logo-verde_350x100.svg","contentUrl":"https:\/\/blog.urbanitae.com\/wp-content\/uploads\/2020\/04\/logo-verde_350x100.svg","width":350,"height":100,"caption":"Urbanitae"},"image":{"@id":"https:\/\/blog.urbanitae.com\/fr\/#\/schema\/logo\/image\/"},"sameAs":["https:\/\/www.facebook.com\/urbanitae","https:\/\/x.com\/urbanitae","https:\/\/www.instagram.com\/urbanitae","https:\/\/www.linkedin.com\/company\/urbanitae","https:\/\/www.pinterest.es\/UrbanitaeSL\/_created\/","https:\/\/www.youtube.com\/c\/Urbanitae_RE"]}]}},"_links":{"self":[{"href":"https:\/\/blog.urbanitae.com\/fr\/wp-json\/wp\/v2\/pages\/61985","targetHints":{"allow":["GET"]}}],"collection":[{"href":"https:\/\/blog.urbanitae.com\/fr\/wp-json\/wp\/v2\/pages"}],"about":[{"href":"https:\/\/blog.urbanitae.com\/fr\/wp-json\/wp\/v2\/types\/page"}],"author":[{"embeddable":true,"href":"https:\/\/blog.urbanitae.com\/fr\/wp-json\/wp\/v2\/users\/4"}],"replies":[{"embeddable":true,"href":"https:\/\/blog.urbanitae.com\/fr\/wp-json\/wp\/v2\/comments?post=61985"}],"version-history":[{"count":1,"href":"https:\/\/blog.urbanitae.com\/fr\/wp-json\/wp\/v2\/pages\/61985\/revisions"}],"predecessor-version":[{"id":61986,"href":"https:\/\/blog.urbanitae.com\/fr\/wp-json\/wp\/v2\/pages\/61985\/revisions\/61986"}],"up":[{"embeddable":true,"href":"https:\/\/blog.urbanitae.com\/fr\/wp-json\/wp\/v2\/pages\/62174"}],"wp:attachment":[{"href":"https:\/\/blog.urbanitae.com\/fr\/wp-json\/wp\/v2\/media?parent=61985"}],"curies":[{"name":"wp","href":"https:\/\/api.w.org\/{rel}","templated":true}]}}