{"id":61983,"date":"2025-02-24T18:12:09","date_gmt":"2025-02-24T17:12:09","guid":{"rendered":"https:\/\/blog.urbanitae.com\/investisseur-non-accredite\/"},"modified":"2025-04-25T11:34:20","modified_gmt":"2025-04-25T09:34:20","slug":"investisseur-non-accredite","status":"publish","type":"page","link":"https:\/\/blog.urbanitae.com\/fr\/glossaire\/investisseur-non-accredite\/","title":{"rendered":"Investisseur non accr\u00e9dit\u00e9"},"content":{"rendered":"\t\t<div data-elementor-type=\"wp-page\" data-elementor-id=\"61983\" class=\"elementor elementor-61983 elementor-56897\">\n\t\t\t\t\t\t<section class=\"elementor-section elementor-top-section elementor-element elementor-element-d86d887 elementor-section-boxed elementor-section-height-default elementor-section-height-default\" data-id=\"d86d887\" data-element_type=\"section\" data-e-type=\"section\">\n\t\t\t\t\t\t<div class=\"elementor-container elementor-column-gap-default\">\n\t\t\t\t\t<div class=\"elementor-column elementor-col-100 elementor-top-column elementor-element elementor-element-8b49ddd\" data-id=\"8b49ddd\" data-element_type=\"column\" data-e-type=\"column\">\n\t\t\t<div class=\"elementor-widget-wrap elementor-element-populated\">\n\t\t\t\t\t\t<div class=\"elementor-element elementor-element-083b30b elementor-widget__width-initial elementor-widget elementor-widget-text-editor\" data-id=\"083b30b\" data-element_type=\"widget\" data-e-type=\"widget\" data-widget_type=\"text-editor.default\">\n\t\t\t\t<div class=\"elementor-widget-container\">\n\t\t\t\t\t\t\t\t\t<h3>Qu\u2019est-ce que c\u2019est?<\/h3><p style=\"color: #212121; font-family: Roboto, sans-serif; font-size: 16px;\">Un investisseur non accr\u00e9dit\u00e9 est un investisseur qui ne remplit pas les crit\u00e8res \u00e9tablis par la r\u00e9glementation financi\u00e8re pour \u00eatre consid\u00e9r\u00e9 comme un investisseur accr\u00e9dit\u00e9. Les investisseurs non accr\u00e9dit\u00e9s ont g\u00e9n\u00e9ralement des limitations concernant les opportunit\u00e9s d&rsquo;investissement auxquelles ils peuvent participer, car la l\u00e9gislation prot\u00e8ge ce groupe de produits financiers jug\u00e9s plus risqu\u00e9s.<\/p><p style=\"color: #212121; font-family: Roboto, sans-serif; font-size: 16px;\">Bien que les investisseurs non accr\u00e9dit\u00e9s n\u2019aient pas acc\u00e8s aux m\u00eames investissements exclusifs que les investisseurs qualifi\u00e9s, tels que les fonds de capital-investissement ou certains produits alternatifs, ils peuvent tout de m\u00eame participer \u00e0 une grande vari\u00e9t\u00e9 d\u2019investissements par le biais de produits financiers plus traditionnels et r\u00e9glement\u00e9s, tels que les actions, les obligations et les fonds n\u00e9goci\u00e9s en bourse (<strong>FNB<\/strong>).<\/p><p style=\"color: #212121; font-family: Roboto, sans-serif; font-size: 16px;\"> <\/p>\t\t\t\t\t\t\t\t<\/div>\n\t\t\t\t<\/div>\n\t\t\t\t<div class=\"elementor-element elementor-element-11c28c4 elementor-widget__width-initial elementor-widget elementor-widget-text-editor\" data-id=\"11c28c4\" data-element_type=\"widget\" data-e-type=\"widget\" data-widget_type=\"text-editor.default\">\n\t\t\t\t<div class=\"elementor-widget-container\">\n\t\t\t\t\t\t\t\t\t<h3>Principaux aspects \u00e0 prendre en compte<\/h3><p style=\"color: #212121; font-family: Roboto, sans-serif; font-size: 16px;\">Les restrictions auxquelles sont confront\u00e9s les investisseurs non accr\u00e9dit\u00e9s sont dues au fait qu&rsquo;on consid\u00e8re qu&rsquo;ils ne poss\u00e8dent pas l&rsquo;exp\u00e9rience, le capital ou les connaissances n\u00e9cessaires pour comprendre et assumer les risques associ\u00e9s \u00e0 certains types d&rsquo;investissements plus complexes. Malgr\u00e9 ces limitations, les plateformes d&rsquo;investissement et la croissance des march\u00e9s en ligne ont permis aux investisseurs non accr\u00e9dit\u00e9s d&rsquo;acc\u00e9der \u00e0 une plus grande vari\u00e9t\u00e9 d&rsquo;actifs et d&rsquo;opportunit\u00e9s d&rsquo;investissement. <\/p><p style=\"color: #212121; font-family: Roboto, sans-serif; font-size: 16px;\">Il est important de noter que, bien qu&rsquo;ils n&rsquo;aient pas acc\u00e8s \u00e0 certaines opportunit\u00e9s \u00e0 haut risque, les investisseurs non accr\u00e9dit\u00e9s peuvent tirer parti d&rsquo;un certain nombre d&rsquo;outils et de produits leur permettant de diversifier leurs portefeuilles et d&rsquo;optimiser leur rendement dans un cadre de risque plus faible. De plus, avec le temps et l&rsquo;accumulation de patrimoine et d&rsquo;exp\u00e9rience, certains peuvent finir par \u00eatre qualifi\u00e9s d&rsquo;investisseurs accr\u00e9dit\u00e9s. <\/p>\t\t\t\t\t\t\t\t<\/div>\n\t\t\t\t<\/div>\n\t\t\t\t\t<\/div>\n\t\t<\/div>\n\t\t\t\t\t<\/div>\n\t\t<\/section>\n\t\t\t\t<section class=\"elementor-section elementor-top-section elementor-element elementor-element-aa563c5 elementor-section-full_width elementor-section-stretched elementor-section-height-default elementor-section-height-default\" data-id=\"aa563c5\" data-element_type=\"section\" data-e-type=\"section\" data-settings=\"{&quot;stretch_section&quot;:&quot;section-stretched&quot;}\">\n\t\t\t\t\t\t<div class=\"elementor-container elementor-column-gap-default\">\n\t\t\t\t\t<div class=\"elementor-column elementor-col-100 elementor-top-column elementor-element elementor-element-41114ac\" data-id=\"41114ac\" data-element_type=\"column\" data-e-type=\"column\">\n\t\t\t<div class=\"elementor-widget-wrap elementor-element-populated\">\n\t\t\t\t\t\t<div class=\"elementor-element elementor-element-43f7095 elementor-widget elementor-widget-html\" data-id=\"43f7095\" data-element_type=\"widget\" data-e-type=\"widget\" data-widget_type=\"html.default\">\n\t\t\t\t<div class=\"elementor-widget-container\">\n\t\t\t\t\t\r\n        <div class=\"qode-advanced-call-to-action qode-advanced-cta-gradient qode-advanced-cta-gradient-animation\" style=\"height:80px\">\r\n            <a class=\"advanced-cta-link\" href=\"https:\/\/mkt.urbanitae.com\/Urbanitae_suscripcion_newsletter.html?utm_source=blog&amp;utm_medium=link_blog&amp;utm_campaign=suscripcion_blog&amp;utm_content=boton\" target=\"_blank\" onclick=\"dataLayer.push({'event': 'ub_ga4_event', 'ub_ga4_event_name': 'newsletter', 'ub_ga4_event_element': 'aprende'})\"><\/a>\r\n            <div class=\"qode-advanced-cta-content\">\r\n                <span class=\"qode-advanced-cta-text-holder\" style=\"color:#FFFFFF;font-size:25px\">\r\n Abonnez-vous \u00e0 notre Newsletter <\/span>\r\n                <span class=\"qode-advanced-cta-icon-holder\" style=\"color:#FFFFFF;font-size:25px\">\r\n                    <span class=\"qode-advanced-cta-icon-holder-table\">\r\n                        <span class=\"qode-advanced-cta-icon-holder-cell\">\r\n                            <i class=\"qode_icon_font_awesome_5 fa5 fa fa-envelope-open-text qode-advanced-cta-icon\"><\/i> <\/span>\r\n                    <\/span>\r\n                <\/span>\r\n            <\/div>\r\n            <div class=\"qode-advanced-cta-background-holder\">\r\n                <span class=\"qode-advanced-cta-background-1 qode-type1-gradient-left-to-right\"><\/span>\r\n                <span class=\"qode-advanced-cta-background-2 qode-type1-gradient-left-to-right\"><\/span>\r\n                <span class=\"qode-advanced-cta-background-3\"><\/span>\r\n            <\/div>\r\n        <\/div>\r\n\t\t\t\t<\/div>\n\t\t\t\t<\/div>\n\t\t\t\t\t<\/div>\n\t\t<\/div>\n\t\t\t\t\t<\/div>\n\t\t<\/section>\n\t\t\t\t<\/div>\n\t\t","protected":false},"excerpt":{"rendered":"<p>Qu\u2019est-ce que c\u2019est? Un investisseur non accr\u00e9dit\u00e9 est un investisseur qui ne remplit pas les crit\u00e8res \u00e9tablis par la r\u00e9glementation financi\u00e8re pour \u00eatre consid\u00e9r\u00e9 comme un investisseur accr\u00e9dit\u00e9. Les investisseurs non accr\u00e9dit\u00e9s ont g\u00e9n\u00e9ralement des limitations concernant les opportunit\u00e9s d&rsquo;investissement auxquelles ils peuvent participer, car la l\u00e9gislation prot\u00e8ge ce groupe de produits financiers jug\u00e9s plus [&hellip;]<\/p>\n","protected":false},"author":20,"featured_media":0,"parent":62174,"menu_order":0,"comment_status":"closed","ping_status":"closed","template":"","meta":{"inline_featured_image":false,"footnotes":""},"class_list":["post-61983","page","type-page","status-publish","hentry"],"yoast_head":"<!-- This site is optimized with the Yoast SEO plugin v27.4 - https:\/\/yoast.com\/product\/yoast-seo-wordpress\/ -->\n<title>Investisseur non accr\u00e9dit\u00e9 - Urbanitae Blog<\/title>\n<meta name=\"description\" content=\"Il s\u2019agit d\u2019un investisseur qui ne remplit pas les conditions \u00e9tablies par la r\u00e9glementation financi\u00e8re pour \u00eatre consid\u00e9r\u00e9 comme un investisseur accr\u00e9dit\u00e9. Les investisseurs non accr\u00e9dit\u00e9s peuvent avoir des limites en termes d\u2019opportunit\u00e9s d\u2019investissement auxquelles ils peuvent participer.\" \/>\n<meta name=\"robots\" content=\"index, follow, max-snippet:-1, max-image-preview:large, max-video-preview:-1\" \/>\n<link rel=\"canonical\" href=\"https:\/\/blog.urbanitae.com\/fr\/glossaire\/investisseur-non-accredite\/\" \/>\n<meta property=\"og:locale\" content=\"fr_FR\" \/>\n<meta property=\"og:type\" content=\"article\" \/>\n<meta property=\"og:title\" content=\"Investisseur non accr\u00e9dit\u00e9 - Urbanitae Blog\" \/>\n<meta property=\"og:description\" content=\"Il s\u2019agit d\u2019un investisseur qui ne remplit pas les conditions \u00e9tablies par la r\u00e9glementation financi\u00e8re pour \u00eatre consid\u00e9r\u00e9 comme un investisseur accr\u00e9dit\u00e9. Les investisseurs non accr\u00e9dit\u00e9s peuvent avoir des limites en termes d\u2019opportunit\u00e9s d\u2019investissement auxquelles ils peuvent participer.\" \/>\n<meta property=\"og:url\" content=\"https:\/\/blog.urbanitae.com\/fr\/glossaire\/investisseur-non-accredite\/\" \/>\n<meta property=\"og:site_name\" content=\"Urbanitae Blog | Les meilleures nouvelles sur l&#039;investissement immobilier\" \/>\n<meta property=\"article:publisher\" content=\"https:\/\/www.facebook.com\/urbanitae\" \/>\n<meta property=\"article:modified_time\" content=\"2025-04-25T09:34:20+00:00\" \/>\n<meta name=\"twitter:card\" content=\"summary_large_image\" \/>\n<meta name=\"twitter:site\" content=\"@urbanitae\" \/>\n<meta name=\"twitter:label1\" content=\"Dur\u00e9e de lecture estim\u00e9e\" \/>\n\t<meta name=\"twitter:data1\" content=\"2 minutes\" \/>\n<script type=\"application\/ld+json\" class=\"yoast-schema-graph\">{\"@context\":\"https:\\\/\\\/schema.org\",\"@graph\":[{\"@type\":\"WebPage\",\"@id\":\"https:\\\/\\\/blog.urbanitae.com\\\/fr\\\/glossaire\\\/investisseur-non-accredite\\\/\",\"url\":\"https:\\\/\\\/blog.urbanitae.com\\\/fr\\\/glossaire\\\/investisseur-non-accredite\\\/\",\"name\":\"Investisseur non accr\u00e9dit\u00e9 - Urbanitae Blog\",\"isPartOf\":{\"@id\":\"https:\\\/\\\/blog.urbanitae.com\\\/fr\\\/#website\"},\"datePublished\":\"2025-02-24T17:12:09+00:00\",\"dateModified\":\"2025-04-25T09:34:20+00:00\",\"description\":\"Il s\u2019agit d\u2019un investisseur qui ne remplit pas les conditions \u00e9tablies par la r\u00e9glementation financi\u00e8re pour \u00eatre consid\u00e9r\u00e9 comme un investisseur accr\u00e9dit\u00e9. Les investisseurs non accr\u00e9dit\u00e9s peuvent avoir des limites en termes d\u2019opportunit\u00e9s d\u2019investissement auxquelles ils peuvent participer.\",\"breadcrumb\":{\"@id\":\"https:\\\/\\\/blog.urbanitae.com\\\/fr\\\/glossaire\\\/investisseur-non-accredite\\\/#breadcrumb\"},\"inLanguage\":\"fr-FR\",\"potentialAction\":[{\"@type\":\"ReadAction\",\"target\":[\"https:\\\/\\\/blog.urbanitae.com\\\/fr\\\/glossaire\\\/investisseur-non-accredite\\\/\"]}]},{\"@type\":\"BreadcrumbList\",\"@id\":\"https:\\\/\\\/blog.urbanitae.com\\\/fr\\\/glossaire\\\/investisseur-non-accredite\\\/#breadcrumb\",\"itemListElement\":[{\"@type\":\"ListItem\",\"position\":1,\"name\":\"Portada\",\"item\":\"https:\\\/\\\/blog.urbanitae.com\\\/fr\\\/\"},{\"@type\":\"ListItem\",\"position\":2,\"name\":\"Glossaire\",\"item\":\"https:\\\/\\\/blog.urbanitae.com\\\/fr\\\/glosario\\\/\"},{\"@type\":\"ListItem\",\"position\":3,\"name\":\"Investisseur non accr\u00e9dit\u00e9\"}]},{\"@type\":\"WebSite\",\"@id\":\"https:\\\/\\\/blog.urbanitae.com\\\/fr\\\/#website\",\"url\":\"https:\\\/\\\/blog.urbanitae.com\\\/fr\\\/\",\"name\":\"Urbanitae Blog | Las mejores noticias sobre inversi\u00f3n inmobiliaria\",\"description\":\"L'investissement immobilier \u00e0 la port\u00e9e de tous\",\"publisher\":{\"@id\":\"https:\\\/\\\/blog.urbanitae.com\\\/fr\\\/#organization\"},\"potentialAction\":[{\"@type\":\"SearchAction\",\"target\":{\"@type\":\"EntryPoint\",\"urlTemplate\":\"https:\\\/\\\/blog.urbanitae.com\\\/fr\\\/?s={search_term_string}\"},\"query-input\":{\"@type\":\"PropertyValueSpecification\",\"valueRequired\":true,\"valueName\":\"search_term_string\"}}],\"inLanguage\":\"fr-FR\"},{\"@type\":\"Organization\",\"@id\":\"https:\\\/\\\/blog.urbanitae.com\\\/fr\\\/#organization\",\"name\":\"Urbanitae\",\"url\":\"https:\\\/\\\/blog.urbanitae.com\\\/fr\\\/\",\"logo\":{\"@type\":\"ImageObject\",\"inLanguage\":\"fr-FR\",\"@id\":\"https:\\\/\\\/blog.urbanitae.com\\\/fr\\\/#\\\/schema\\\/logo\\\/image\\\/\",\"url\":\"https:\\\/\\\/blog.urbanitae.com\\\/wp-content\\\/uploads\\\/2020\\\/04\\\/logo-verde_350x100.svg\",\"contentUrl\":\"https:\\\/\\\/blog.urbanitae.com\\\/wp-content\\\/uploads\\\/2020\\\/04\\\/logo-verde_350x100.svg\",\"width\":350,\"height\":100,\"caption\":\"Urbanitae\"},\"image\":{\"@id\":\"https:\\\/\\\/blog.urbanitae.com\\\/fr\\\/#\\\/schema\\\/logo\\\/image\\\/\"},\"sameAs\":[\"https:\\\/\\\/www.facebook.com\\\/urbanitae\",\"https:\\\/\\\/x.com\\\/urbanitae\",\"https:\\\/\\\/www.instagram.com\\\/urbanitae\",\"https:\\\/\\\/www.linkedin.com\\\/company\\\/urbanitae\",\"https:\\\/\\\/www.pinterest.es\\\/UrbanitaeSL\\\/_created\\\/\",\"https:\\\/\\\/www.youtube.com\\\/c\\\/Urbanitae_RE\"]}]}<\/script>\n<!-- \/ Yoast SEO plugin. -->","yoast_head_json":{"title":"Investisseur non accr\u00e9dit\u00e9 - Urbanitae Blog","description":"Il s\u2019agit d\u2019un investisseur qui ne remplit pas les conditions \u00e9tablies par la r\u00e9glementation financi\u00e8re pour \u00eatre consid\u00e9r\u00e9 comme un investisseur accr\u00e9dit\u00e9. Les investisseurs non accr\u00e9dit\u00e9s peuvent avoir des limites en termes d\u2019opportunit\u00e9s d\u2019investissement auxquelles ils peuvent participer.","robots":{"index":"index","follow":"follow","max-snippet":"max-snippet:-1","max-image-preview":"max-image-preview:large","max-video-preview":"max-video-preview:-1"},"canonical":"https:\/\/blog.urbanitae.com\/fr\/glossaire\/investisseur-non-accredite\/","og_locale":"fr_FR","og_type":"article","og_title":"Investisseur non accr\u00e9dit\u00e9 - Urbanitae Blog","og_description":"Il s\u2019agit d\u2019un investisseur qui ne remplit pas les conditions \u00e9tablies par la r\u00e9glementation financi\u00e8re pour \u00eatre consid\u00e9r\u00e9 comme un investisseur accr\u00e9dit\u00e9. Les investisseurs non accr\u00e9dit\u00e9s peuvent avoir des limites en termes d\u2019opportunit\u00e9s d\u2019investissement auxquelles ils peuvent participer.","og_url":"https:\/\/blog.urbanitae.com\/fr\/glossaire\/investisseur-non-accredite\/","og_site_name":"Urbanitae Blog | Les meilleures nouvelles sur l'investissement immobilier","article_publisher":"https:\/\/www.facebook.com\/urbanitae","article_modified_time":"2025-04-25T09:34:20+00:00","twitter_card":"summary_large_image","twitter_site":"@urbanitae","twitter_misc":{"Dur\u00e9e de lecture estim\u00e9e":"2 minutes"},"schema":{"@context":"https:\/\/schema.org","@graph":[{"@type":"WebPage","@id":"https:\/\/blog.urbanitae.com\/fr\/glossaire\/investisseur-non-accredite\/","url":"https:\/\/blog.urbanitae.com\/fr\/glossaire\/investisseur-non-accredite\/","name":"Investisseur non accr\u00e9dit\u00e9 - Urbanitae Blog","isPartOf":{"@id":"https:\/\/blog.urbanitae.com\/fr\/#website"},"datePublished":"2025-02-24T17:12:09+00:00","dateModified":"2025-04-25T09:34:20+00:00","description":"Il s\u2019agit d\u2019un investisseur qui ne remplit pas les conditions \u00e9tablies par la r\u00e9glementation financi\u00e8re pour \u00eatre consid\u00e9r\u00e9 comme un investisseur accr\u00e9dit\u00e9. Les investisseurs non accr\u00e9dit\u00e9s peuvent avoir des limites en termes d\u2019opportunit\u00e9s d\u2019investissement auxquelles ils peuvent participer.","breadcrumb":{"@id":"https:\/\/blog.urbanitae.com\/fr\/glossaire\/investisseur-non-accredite\/#breadcrumb"},"inLanguage":"fr-FR","potentialAction":[{"@type":"ReadAction","target":["https:\/\/blog.urbanitae.com\/fr\/glossaire\/investisseur-non-accredite\/"]}]},{"@type":"BreadcrumbList","@id":"https:\/\/blog.urbanitae.com\/fr\/glossaire\/investisseur-non-accredite\/#breadcrumb","itemListElement":[{"@type":"ListItem","position":1,"name":"Portada","item":"https:\/\/blog.urbanitae.com\/fr\/"},{"@type":"ListItem","position":2,"name":"Glossaire","item":"https:\/\/blog.urbanitae.com\/fr\/glosario\/"},{"@type":"ListItem","position":3,"name":"Investisseur non accr\u00e9dit\u00e9"}]},{"@type":"WebSite","@id":"https:\/\/blog.urbanitae.com\/fr\/#website","url":"https:\/\/blog.urbanitae.com\/fr\/","name":"Urbanitae Blog | Las mejores noticias sobre inversi\u00f3n inmobiliaria","description":"L'investissement immobilier \u00e0 la port\u00e9e de tous","publisher":{"@id":"https:\/\/blog.urbanitae.com\/fr\/#organization"},"potentialAction":[{"@type":"SearchAction","target":{"@type":"EntryPoint","urlTemplate":"https:\/\/blog.urbanitae.com\/fr\/?s={search_term_string}"},"query-input":{"@type":"PropertyValueSpecification","valueRequired":true,"valueName":"search_term_string"}}],"inLanguage":"fr-FR"},{"@type":"Organization","@id":"https:\/\/blog.urbanitae.com\/fr\/#organization","name":"Urbanitae","url":"https:\/\/blog.urbanitae.com\/fr\/","logo":{"@type":"ImageObject","inLanguage":"fr-FR","@id":"https:\/\/blog.urbanitae.com\/fr\/#\/schema\/logo\/image\/","url":"https:\/\/blog.urbanitae.com\/wp-content\/uploads\/2020\/04\/logo-verde_350x100.svg","contentUrl":"https:\/\/blog.urbanitae.com\/wp-content\/uploads\/2020\/04\/logo-verde_350x100.svg","width":350,"height":100,"caption":"Urbanitae"},"image":{"@id":"https:\/\/blog.urbanitae.com\/fr\/#\/schema\/logo\/image\/"},"sameAs":["https:\/\/www.facebook.com\/urbanitae","https:\/\/x.com\/urbanitae","https:\/\/www.instagram.com\/urbanitae","https:\/\/www.linkedin.com\/company\/urbanitae","https:\/\/www.pinterest.es\/UrbanitaeSL\/_created\/","https:\/\/www.youtube.com\/c\/Urbanitae_RE"]}]}},"_links":{"self":[{"href":"https:\/\/blog.urbanitae.com\/fr\/wp-json\/wp\/v2\/pages\/61983","targetHints":{"allow":["GET"]}}],"collection":[{"href":"https:\/\/blog.urbanitae.com\/fr\/wp-json\/wp\/v2\/pages"}],"about":[{"href":"https:\/\/blog.urbanitae.com\/fr\/wp-json\/wp\/v2\/types\/page"}],"author":[{"embeddable":true,"href":"https:\/\/blog.urbanitae.com\/fr\/wp-json\/wp\/v2\/users\/20"}],"replies":[{"embeddable":true,"href":"https:\/\/blog.urbanitae.com\/fr\/wp-json\/wp\/v2\/comments?post=61983"}],"version-history":[{"count":1,"href":"https:\/\/blog.urbanitae.com\/fr\/wp-json\/wp\/v2\/pages\/61983\/revisions"}],"predecessor-version":[{"id":61984,"href":"https:\/\/blog.urbanitae.com\/fr\/wp-json\/wp\/v2\/pages\/61983\/revisions\/61984"}],"up":[{"embeddable":true,"href":"https:\/\/blog.urbanitae.com\/fr\/wp-json\/wp\/v2\/pages\/62174"}],"wp:attachment":[{"href":"https:\/\/blog.urbanitae.com\/fr\/wp-json\/wp\/v2\/media?parent=61983"}],"curies":[{"name":"wp","href":"https:\/\/api.w.org\/{rel}","templated":true}]}}