{"id":61979,"date":"2025-04-15T14:20:35","date_gmt":"2025-04-15T12:20:35","guid":{"rendered":"https:\/\/blog.urbanitae.com\/investisseur-immobilier\/"},"modified":"2025-04-25T11:34:19","modified_gmt":"2025-04-25T09:34:19","slug":"investisseur-immobilier","status":"publish","type":"page","link":"https:\/\/blog.urbanitae.com\/fr\/glossaire\/investisseur-immobilier\/","title":{"rendered":"Investisseur immobilier"},"content":{"rendered":"\t\t<div data-elementor-type=\"wp-page\" data-elementor-id=\"61979\" class=\"elementor elementor-61979 elementor-56462\">\n\t\t\t\t\t\t<section class=\"elementor-section elementor-top-section elementor-element elementor-element-d86d887 elementor-section-boxed elementor-section-height-default elementor-section-height-default parallax_section_no qode_elementor_container_no\" data-id=\"d86d887\" data-element_type=\"section\" data-e-type=\"section\">\n\t\t\t\t\t\t<div class=\"elementor-container elementor-column-gap-default\">\n\t\t\t\t\t<div class=\"elementor-column elementor-col-100 elementor-top-column elementor-element elementor-element-8b49ddd\" data-id=\"8b49ddd\" data-element_type=\"column\" data-e-type=\"column\">\n\t\t\t<div class=\"elementor-widget-wrap elementor-element-populated\">\n\t\t\t\t\t\t<div class=\"elementor-element elementor-element-083b30b elementor-widget__width-initial elementor-widget elementor-widget-text-editor\" data-id=\"083b30b\" data-element_type=\"widget\" data-e-type=\"widget\" data-widget_type=\"text-editor.default\">\n\t\t\t\t<div class=\"elementor-widget-container\">\n\t\t\t\t\t\t\t\t\t<h3>Qu\u2019est-ce que c\u2019est?<\/h3><p style=\"color: #212121; font-family: Roboto, sans-serif; font-size: 16px;\">Un investisseur immobilier est une personne ou une entit\u00e9 qui investit sp\u00e9cifiquement dans des actifs immobiliers, tels que des propri\u00e9t\u00e9s r\u00e9sidentielles, commerciales ou des terrains. L&#8217;investisseur immobilier cherche \u00e0 g\u00e9n\u00e9rer des b\u00e9n\u00e9fices par l&#8217;achat, la location, la vente ou le d\u00e9veloppement de propri\u00e9t\u00e9s. Ces investisseurs peuvent op\u00e9rer de diff\u00e9rentes mani\u00e8res, que ce soit en acqu\u00e9rant des propri\u00e9t\u00e9s pour obtenir des revenus passifs gr\u00e2ce aux loyers, ou en d\u00e9veloppant des terrains et des propri\u00e9t\u00e9s pour r\u00e9aliser des gains par la revalorisation de ces biens.<\/p><p style=\"color: #212121; font-family: Roboto, sans-serif; font-size: 16px;\">L&#8217;investissement immobilier est consid\u00e9r\u00e9 comme l&#8217;une des formes les plus traditionnelles et populaires de cr\u00e9ation de richesse, en raison de sa capacit\u00e9 \u00e0 fournir des rendements stables et un certain niveau de s\u00e9curit\u00e9, en particulier sur les march\u00e9s immobiliers consolid\u00e9s. De plus, la diversification g\u00e9ographique et sectorielle permet aux investisseurs de s&#8217;adapter aux fluctuations du march\u00e9 et de maximiser leurs opportunit\u00e9s de revenus. <\/p>\t\t\t\t\t\t\t\t<\/div>\n\t\t\t\t<\/div>\n\t\t\t\t<div class=\"elementor-element elementor-element-11c28c4 elementor-widget__width-initial elementor-widget elementor-widget-text-editor\" data-id=\"11c28c4\" data-element_type=\"widget\" data-e-type=\"widget\" data-widget_type=\"text-editor.default\">\n\t\t\t\t<div class=\"elementor-widget-container\">\n\t\t\t\t\t\t\t\t\t<h3>Principaux aspects \u00e0 prendre en compte<\/h3><p style=\"color: #212121; font-family: Roboto, sans-serif; font-size: 16px;\">Un <strong>investisseur immobilier<\/strong> peut adopter diff\u00e9rentes approches en fonction de ses objectifs et de sa tol\u00e9rance au risque. Certains pr\u00e9f\u00e8rent acqu\u00e9rir des propri\u00e9t\u00e9s pour les louer \u00e0 long terme, g\u00e9n\u00e9rant ainsi des revenus r\u00e9currents. D&#8217;autres optent pour l&#8217;achat et la vente de propri\u00e9t\u00e9s (flipping) afin de r\u00e9aliser des b\u00e9n\u00e9fices \u00e0 court terme gr\u00e2ce \u00e0 la revalorisation des biens immobiliers. De plus, certains investisseurs se sp\u00e9cialisent dans le d\u00e9veloppement de projets immobiliers, allant de la construction de nouvelles propri\u00e9t\u00e9s \u00e0 la r\u00e9novation de biens existants pour les revendre \u00e0 un prix plus \u00e9lev\u00e9.   <\/p><p style=\"color: #212121; font-family: Roboto, sans-serif; font-size: 16px;\">L&#8217;investissement immobilier offre de nombreux avantages, tels que la possibilit\u00e9 d&#8217;acc\u00e9der \u00e0 un march\u00e9 tangible, l&#8217;appr\u00e9ciation \u00e0 long terme et la protection contre l&#8217;inflation. Cependant, il comporte \u00e9galement des risques, tels que la volatilit\u00e9 du march\u00e9 immobilier, les co\u00fbts d&#8217;entretien et le manque de liquidit\u00e9 pour certains actifs. Dans ce contexte, le <strong>crowdfunding immobilier<\/strong> est apparu comme une alternative attrayante pour les investisseurs souhaitant participer au secteur sans avoir \u00e0 acqu\u00e9rir un bien complet. Gr\u00e2ce \u00e0 des plateformes sp\u00e9cialis\u00e9es, il est possible d&#8217;investir de petites sommes dans des projets immobiliers diversifi\u00e9s, acc\u00e9dant ainsi \u00e0 des opportunit\u00e9s qui \u00e9taient auparavant r\u00e9serv\u00e9es aux grands capitaux, tout en combinant potentiel de rentabilit\u00e9 et une meilleure accessibilit\u00e9 et gestion du risque.   <\/p>\t\t\t\t\t\t\t\t<\/div>\n\t\t\t\t<\/div>\n\t\t\t\t\t<\/div>\n\t\t<\/div>\n\t\t\t\t\t<\/div>\n\t\t<\/section>\n\t\t\t\t<section class=\"elementor-section elementor-top-section elementor-element elementor-element-aa563c5 elementor-section-full_width elementor-section-stretched elementor-section-height-default elementor-section-height-default parallax_section_no qode_elementor_container_no\" data-id=\"aa563c5\" data-element_type=\"section\" data-e-type=\"section\" data-settings=\"{&quot;stretch_section&quot;:&quot;section-stretched&quot;}\">\n\t\t\t\t\t\t<div class=\"elementor-container elementor-column-gap-default\">\n\t\t\t\t\t<div class=\"elementor-column elementor-col-100 elementor-top-column elementor-element elementor-element-41114ac\" data-id=\"41114ac\" data-element_type=\"column\" data-e-type=\"column\">\n\t\t\t<div class=\"elementor-widget-wrap elementor-element-populated\">\n\t\t\t\t\t\t<div class=\"elementor-element elementor-element-43f7095 elementor-widget elementor-widget-html\" data-id=\"43f7095\" data-element_type=\"widget\" data-e-type=\"widget\" data-widget_type=\"html.default\">\n\t\t\t\t<div class=\"elementor-widget-container\">\n\t\t\t\t\t\r\n        <div class=\"qode-advanced-call-to-action qode-advanced-cta-gradient qode-advanced-cta-gradient-animation\" style=\"height:80px\">\r\n            <a class=\"advanced-cta-link\" href=\"https:\/\/mkt.urbanitae.com\/Urbanitae_suscripcion_newsletter.html?utm_source=blog&amp;utm_medium=link_blog&amp;utm_campaign=suscripcion_blog&amp;utm_content=boton\" target=\"_blank\" onclick=\"dataLayer.push({'event': 'ub_ga4_event', 'ub_ga4_event_name': 'newsletter', 'ub_ga4_event_element': 'aprende'})\"><\/a>\r\n            <div class=\"qode-advanced-cta-content\">\r\n                <span class=\"qode-advanced-cta-text-holder\" style=\"color:#FFFFFF;font-size:25px\">\r\n Abonnez-vous \u00e0 notre Newsletter <\/span>\r\n                <span class=\"qode-advanced-cta-icon-holder\" style=\"color:#FFFFFF;font-size:25px\">\r\n                    <span class=\"qode-advanced-cta-icon-holder-table\">\r\n                        <span class=\"qode-advanced-cta-icon-holder-cell\">\r\n                            <i class=\"qode_icon_font_awesome_5 fa5 fa fa-envelope-open-text qode-advanced-cta-icon\"><\/i> <\/span>\r\n                    <\/span>\r\n                <\/span>\r\n            <\/div>\r\n            <div class=\"qode-advanced-cta-background-holder\">\r\n                <span class=\"qode-advanced-cta-background-1 qode-type1-gradient-left-to-right\"><\/span>\r\n                <span class=\"qode-advanced-cta-background-2 qode-type1-gradient-left-to-right\"><\/span>\r\n                <span class=\"qode-advanced-cta-background-3\"><\/span>\r\n            <\/div>\r\n        <\/div>\r\n\t\t\t\t<\/div>\n\t\t\t\t<\/div>\n\t\t\t\t\t<\/div>\n\t\t<\/div>\n\t\t\t\t\t<\/div>\n\t\t<\/section>\n\t\t\t\t<\/div>\n\t\t","protected":false},"excerpt":{"rendered":"<p>Qu\u2019est-ce que c\u2019est? Un investisseur immobilier est une personne ou une entit\u00e9 qui investit sp\u00e9cifiquement dans des actifs immobiliers, tels que des propri\u00e9t\u00e9s r\u00e9sidentielles, commerciales ou des terrains. L&#8217;investisseur immobilier cherche \u00e0 g\u00e9n\u00e9rer des b\u00e9n\u00e9fices par l&#8217;achat, la location, la vente ou le d\u00e9veloppement de&#8230;<\/p>\n","protected":false},"author":20,"featured_media":0,"parent":62174,"menu_order":0,"comment_status":"closed","ping_status":"closed","template":"","meta":{"inline_featured_image":false,"_lmt_disableupdate":"","_lmt_disable":"","footnotes":""},"class_list":["post-61979","page","type-page","status-publish","hentry"],"yoast_head":"<!-- This site is optimized with the Yoast SEO plugin v27.3 - https:\/\/yoast.com\/product\/yoast-seo-wordpress\/ -->\n<title>Investisseur immobilier - Urbanitae Blog<\/title>\n<meta name=\"description\" content=\"Il s\u2019agit d\u2019une personne ou d\u2019une entit\u00e9 qui investit sp\u00e9cifiquement dans des actifs immobiliers, tels que des biens r\u00e9sidentiels, commerciaux ou fonciers. L\u2019investisseur immobilier cherche \u00e0 g\u00e9n\u00e9rer des b\u00e9n\u00e9fices par l\u2019achat, la location, la vente ou la promotion de biens immobiliers.\" \/>\n<meta name=\"robots\" content=\"index, follow, max-snippet:-1, max-image-preview:large, max-video-preview:-1\" \/>\n<link rel=\"canonical\" href=\"https:\/\/blog.urbanitae.com\/fr\/glossaire\/investisseur-immobilier\/\" \/>\n<meta property=\"og:locale\" content=\"fr_FR\" \/>\n<meta property=\"og:type\" content=\"article\" \/>\n<meta property=\"og:title\" content=\"Investisseur immobilier - Urbanitae Blog\" \/>\n<meta property=\"og:description\" content=\"Il s\u2019agit d\u2019une personne ou d\u2019une entit\u00e9 qui investit sp\u00e9cifiquement dans des actifs immobiliers, tels que des biens r\u00e9sidentiels, commerciaux ou fonciers. L\u2019investisseur immobilier cherche \u00e0 g\u00e9n\u00e9rer des b\u00e9n\u00e9fices par l\u2019achat, la location, la vente ou la promotion de biens immobiliers.\" \/>\n<meta property=\"og:url\" content=\"https:\/\/blog.urbanitae.com\/fr\/glossaire\/investisseur-immobilier\/\" \/>\n<meta property=\"og:site_name\" content=\"Urbanitae Blog | Les meilleures nouvelles sur l&#039;investissement immobilier\" \/>\n<meta property=\"article:publisher\" content=\"https:\/\/www.facebook.com\/urbanitae\" \/>\n<meta property=\"article:modified_time\" content=\"2025-04-25T09:34:19+00:00\" \/>\n<meta name=\"twitter:card\" content=\"summary_large_image\" \/>\n<meta name=\"twitter:site\" content=\"@urbanitae\" \/>\n<meta name=\"twitter:label1\" content=\"Dur\u00e9e de lecture estim\u00e9e\" \/>\n\t<meta name=\"twitter:data1\" content=\"2 minutes\" \/>\n<script type=\"application\/ld+json\" class=\"yoast-schema-graph\">{\"@context\":\"https:\\\/\\\/schema.org\",\"@graph\":[{\"@type\":\"WebPage\",\"@id\":\"https:\\\/\\\/blog.urbanitae.com\\\/fr\\\/glossaire\\\/investisseur-immobilier\\\/\",\"url\":\"https:\\\/\\\/blog.urbanitae.com\\\/fr\\\/glossaire\\\/investisseur-immobilier\\\/\",\"name\":\"Investisseur immobilier - Urbanitae Blog\",\"isPartOf\":{\"@id\":\"https:\\\/\\\/blog.urbanitae.com\\\/fr\\\/#website\"},\"datePublished\":\"2025-04-15T12:20:35+00:00\",\"dateModified\":\"2025-04-25T09:34:19+00:00\",\"description\":\"Il s\u2019agit d\u2019une personne ou d\u2019une entit\u00e9 qui investit sp\u00e9cifiquement dans des actifs immobiliers, tels que des biens r\u00e9sidentiels, commerciaux ou fonciers. L\u2019investisseur immobilier cherche \u00e0 g\u00e9n\u00e9rer des b\u00e9n\u00e9fices par l\u2019achat, la location, la vente ou la promotion de biens immobiliers.\",\"breadcrumb\":{\"@id\":\"https:\\\/\\\/blog.urbanitae.com\\\/fr\\\/glossaire\\\/investisseur-immobilier\\\/#breadcrumb\"},\"inLanguage\":\"fr-FR\",\"potentialAction\":[{\"@type\":\"ReadAction\",\"target\":[\"https:\\\/\\\/blog.urbanitae.com\\\/fr\\\/glossaire\\\/investisseur-immobilier\\\/\"]}]},{\"@type\":\"BreadcrumbList\",\"@id\":\"https:\\\/\\\/blog.urbanitae.com\\\/fr\\\/glossaire\\\/investisseur-immobilier\\\/#breadcrumb\",\"itemListElement\":[{\"@type\":\"ListItem\",\"position\":1,\"name\":\"Portada\",\"item\":\"https:\\\/\\\/blog.urbanitae.com\\\/fr\\\/\"},{\"@type\":\"ListItem\",\"position\":2,\"name\":\"Glossaire\",\"item\":\"https:\\\/\\\/blog.urbanitae.com\\\/fr\\\/glosario\\\/\"},{\"@type\":\"ListItem\",\"position\":3,\"name\":\"Investisseur immobilier\"}]},{\"@type\":\"WebSite\",\"@id\":\"https:\\\/\\\/blog.urbanitae.com\\\/fr\\\/#website\",\"url\":\"https:\\\/\\\/blog.urbanitae.com\\\/fr\\\/\",\"name\":\"Urbanitae Blog | Las mejores noticias sobre inversi\u00f3n inmobiliaria\",\"description\":\"L'investissement immobilier \u00e0 la port\u00e9e de tous\",\"publisher\":{\"@id\":\"https:\\\/\\\/blog.urbanitae.com\\\/fr\\\/#organization\"},\"potentialAction\":[{\"@type\":\"SearchAction\",\"target\":{\"@type\":\"EntryPoint\",\"urlTemplate\":\"https:\\\/\\\/blog.urbanitae.com\\\/fr\\\/?s={search_term_string}\"},\"query-input\":{\"@type\":\"PropertyValueSpecification\",\"valueRequired\":true,\"valueName\":\"search_term_string\"}}],\"inLanguage\":\"fr-FR\"},{\"@type\":\"Organization\",\"@id\":\"https:\\\/\\\/blog.urbanitae.com\\\/fr\\\/#organization\",\"name\":\"Urbanitae\",\"url\":\"https:\\\/\\\/blog.urbanitae.com\\\/fr\\\/\",\"logo\":{\"@type\":\"ImageObject\",\"inLanguage\":\"fr-FR\",\"@id\":\"https:\\\/\\\/blog.urbanitae.com\\\/fr\\\/#\\\/schema\\\/logo\\\/image\\\/\",\"url\":\"https:\\\/\\\/blog.urbanitae.com\\\/wp-content\\\/uploads\\\/2020\\\/04\\\/logo-verde_350x100.svg\",\"contentUrl\":\"https:\\\/\\\/blog.urbanitae.com\\\/wp-content\\\/uploads\\\/2020\\\/04\\\/logo-verde_350x100.svg\",\"width\":350,\"height\":100,\"caption\":\"Urbanitae\"},\"image\":{\"@id\":\"https:\\\/\\\/blog.urbanitae.com\\\/fr\\\/#\\\/schema\\\/logo\\\/image\\\/\"},\"sameAs\":[\"https:\\\/\\\/www.facebook.com\\\/urbanitae\",\"https:\\\/\\\/x.com\\\/urbanitae\",\"https:\\\/\\\/www.instagram.com\\\/urbanitae\",\"https:\\\/\\\/www.linkedin.com\\\/company\\\/urbanitae\",\"https:\\\/\\\/www.pinterest.es\\\/UrbanitaeSL\\\/_created\\\/\",\"https:\\\/\\\/www.youtube.com\\\/c\\\/Urbanitae_RE\"]}]}<\/script>\n<!-- \/ Yoast SEO plugin. -->","yoast_head_json":{"title":"Investisseur immobilier - Urbanitae Blog","description":"Il s\u2019agit d\u2019une personne ou d\u2019une entit\u00e9 qui investit sp\u00e9cifiquement dans des actifs immobiliers, tels que des biens r\u00e9sidentiels, commerciaux ou fonciers. L\u2019investisseur immobilier cherche \u00e0 g\u00e9n\u00e9rer des b\u00e9n\u00e9fices par l\u2019achat, la location, la vente ou la promotion de biens immobiliers.","robots":{"index":"index","follow":"follow","max-snippet":"max-snippet:-1","max-image-preview":"max-image-preview:large","max-video-preview":"max-video-preview:-1"},"canonical":"https:\/\/blog.urbanitae.com\/fr\/glossaire\/investisseur-immobilier\/","og_locale":"fr_FR","og_type":"article","og_title":"Investisseur immobilier - Urbanitae Blog","og_description":"Il s\u2019agit d\u2019une personne ou d\u2019une entit\u00e9 qui investit sp\u00e9cifiquement dans des actifs immobiliers, tels que des biens r\u00e9sidentiels, commerciaux ou fonciers. L\u2019investisseur immobilier cherche \u00e0 g\u00e9n\u00e9rer des b\u00e9n\u00e9fices par l\u2019achat, la location, la vente ou la promotion de biens immobiliers.","og_url":"https:\/\/blog.urbanitae.com\/fr\/glossaire\/investisseur-immobilier\/","og_site_name":"Urbanitae Blog | Les meilleures nouvelles sur l'investissement immobilier","article_publisher":"https:\/\/www.facebook.com\/urbanitae","article_modified_time":"2025-04-25T09:34:19+00:00","twitter_card":"summary_large_image","twitter_site":"@urbanitae","twitter_misc":{"Dur\u00e9e de lecture estim\u00e9e":"2 minutes"},"schema":{"@context":"https:\/\/schema.org","@graph":[{"@type":"WebPage","@id":"https:\/\/blog.urbanitae.com\/fr\/glossaire\/investisseur-immobilier\/","url":"https:\/\/blog.urbanitae.com\/fr\/glossaire\/investisseur-immobilier\/","name":"Investisseur immobilier - Urbanitae Blog","isPartOf":{"@id":"https:\/\/blog.urbanitae.com\/fr\/#website"},"datePublished":"2025-04-15T12:20:35+00:00","dateModified":"2025-04-25T09:34:19+00:00","description":"Il s\u2019agit d\u2019une personne ou d\u2019une entit\u00e9 qui investit sp\u00e9cifiquement dans des actifs immobiliers, tels que des biens r\u00e9sidentiels, commerciaux ou fonciers. L\u2019investisseur immobilier cherche \u00e0 g\u00e9n\u00e9rer des b\u00e9n\u00e9fices par l\u2019achat, la location, la vente ou la promotion de biens immobiliers.","breadcrumb":{"@id":"https:\/\/blog.urbanitae.com\/fr\/glossaire\/investisseur-immobilier\/#breadcrumb"},"inLanguage":"fr-FR","potentialAction":[{"@type":"ReadAction","target":["https:\/\/blog.urbanitae.com\/fr\/glossaire\/investisseur-immobilier\/"]}]},{"@type":"BreadcrumbList","@id":"https:\/\/blog.urbanitae.com\/fr\/glossaire\/investisseur-immobilier\/#breadcrumb","itemListElement":[{"@type":"ListItem","position":1,"name":"Portada","item":"https:\/\/blog.urbanitae.com\/fr\/"},{"@type":"ListItem","position":2,"name":"Glossaire","item":"https:\/\/blog.urbanitae.com\/fr\/glosario\/"},{"@type":"ListItem","position":3,"name":"Investisseur immobilier"}]},{"@type":"WebSite","@id":"https:\/\/blog.urbanitae.com\/fr\/#website","url":"https:\/\/blog.urbanitae.com\/fr\/","name":"Urbanitae Blog | Las mejores noticias sobre inversi\u00f3n inmobiliaria","description":"L'investissement immobilier \u00e0 la port\u00e9e de tous","publisher":{"@id":"https:\/\/blog.urbanitae.com\/fr\/#organization"},"potentialAction":[{"@type":"SearchAction","target":{"@type":"EntryPoint","urlTemplate":"https:\/\/blog.urbanitae.com\/fr\/?s={search_term_string}"},"query-input":{"@type":"PropertyValueSpecification","valueRequired":true,"valueName":"search_term_string"}}],"inLanguage":"fr-FR"},{"@type":"Organization","@id":"https:\/\/blog.urbanitae.com\/fr\/#organization","name":"Urbanitae","url":"https:\/\/blog.urbanitae.com\/fr\/","logo":{"@type":"ImageObject","inLanguage":"fr-FR","@id":"https:\/\/blog.urbanitae.com\/fr\/#\/schema\/logo\/image\/","url":"https:\/\/blog.urbanitae.com\/wp-content\/uploads\/2020\/04\/logo-verde_350x100.svg","contentUrl":"https:\/\/blog.urbanitae.com\/wp-content\/uploads\/2020\/04\/logo-verde_350x100.svg","width":350,"height":100,"caption":"Urbanitae"},"image":{"@id":"https:\/\/blog.urbanitae.com\/fr\/#\/schema\/logo\/image\/"},"sameAs":["https:\/\/www.facebook.com\/urbanitae","https:\/\/x.com\/urbanitae","https:\/\/www.instagram.com\/urbanitae","https:\/\/www.linkedin.com\/company\/urbanitae","https:\/\/www.pinterest.es\/UrbanitaeSL\/_created\/","https:\/\/www.youtube.com\/c\/Urbanitae_RE"]}]}},"_links":{"self":[{"href":"https:\/\/blog.urbanitae.com\/fr\/wp-json\/wp\/v2\/pages\/61979","targetHints":{"allow":["GET"]}}],"collection":[{"href":"https:\/\/blog.urbanitae.com\/fr\/wp-json\/wp\/v2\/pages"}],"about":[{"href":"https:\/\/blog.urbanitae.com\/fr\/wp-json\/wp\/v2\/types\/page"}],"author":[{"embeddable":true,"href":"https:\/\/blog.urbanitae.com\/fr\/wp-json\/wp\/v2\/users\/20"}],"replies":[{"embeddable":true,"href":"https:\/\/blog.urbanitae.com\/fr\/wp-json\/wp\/v2\/comments?post=61979"}],"version-history":[{"count":1,"href":"https:\/\/blog.urbanitae.com\/fr\/wp-json\/wp\/v2\/pages\/61979\/revisions"}],"predecessor-version":[{"id":61980,"href":"https:\/\/blog.urbanitae.com\/fr\/wp-json\/wp\/v2\/pages\/61979\/revisions\/61980"}],"up":[{"embeddable":true,"href":"https:\/\/blog.urbanitae.com\/fr\/wp-json\/wp\/v2\/pages\/62174"}],"wp:attachment":[{"href":"https:\/\/blog.urbanitae.com\/fr\/wp-json\/wp\/v2\/media?parent=61979"}],"curies":[{"name":"wp","href":"https:\/\/api.w.org\/{rel}","templated":true}]}}