{"id":61957,"date":"2025-04-15T13:22:52","date_gmt":"2025-04-15T11:22:52","guid":{"rendered":"https:\/\/blog.urbanitae.com\/garantie-hypothecaire\/"},"modified":"2025-04-25T11:34:15","modified_gmt":"2025-04-25T09:34:15","slug":"garantie-hypothecaire","status":"publish","type":"page","link":"https:\/\/blog.urbanitae.com\/fr\/glossaire\/garantie-hypothecaire\/","title":{"rendered":"Garantie hypoth\u00e9caire"},"content":{"rendered":"\t\t<div data-elementor-type=\"wp-page\" data-elementor-id=\"61957\" class=\"elementor elementor-61957 elementor-56396\">\n\t\t\t\t\t\t<section class=\"elementor-section elementor-top-section elementor-element elementor-element-d86d887 elementor-section-boxed elementor-section-height-default elementor-section-height-default\" data-id=\"d86d887\" data-element_type=\"section\" data-e-type=\"section\">\n\t\t\t\t\t\t<div class=\"elementor-container elementor-column-gap-default\">\n\t\t\t\t\t<div class=\"elementor-column elementor-col-100 elementor-top-column elementor-element elementor-element-8b49ddd\" data-id=\"8b49ddd\" data-element_type=\"column\" data-e-type=\"column\">\n\t\t\t<div class=\"elementor-widget-wrap elementor-element-populated\">\n\t\t\t\t\t\t<div class=\"elementor-element elementor-element-083b30b elementor-widget__width-initial elementor-widget elementor-widget-text-editor\" data-id=\"083b30b\" data-element_type=\"widget\" data-e-type=\"widget\" data-widget_type=\"text-editor.default\">\n\t\t\t\t<div class=\"elementor-widget-container\">\n\t\t\t\t\t\t\t\t\t<h3>Qu\u2019est-ce que c\u2019est?<\/h3><p style=\"color: #212121; font-family: Roboto, sans-serif; font-size: 16px;\">Il s\u2019agit d\u2019un droit r\u00e9el constitu\u00e9 sur un bien immobilier (g\u00e9n\u00e9ralement une propri\u00e9t\u00e9) en tant que garantie pour assurer l\u2019ex\u00e9cution d\u2019une obligation financi\u00e8re, comme un pr\u00eat hypoth\u00e9caire. Cette garantie offre une s\u00e9curit\u00e9 au pr\u00eateur, en lui permettant, en cas de d\u00e9faut de paiement de la part de l\u2019emprunteur, d\u2019ex\u00e9cuter la garantie et de vendre le bien immobilier afin de r\u00e9cup\u00e9rer le capital pr\u00eat\u00e9.<\/p><p style=\"color: #212121; font-family: Roboto, sans-serif; font-size: 16px;\">Dans une op\u00e9ration hypoth\u00e9caire, l\u2019emprunteur accorde au pr\u00eateur le droit d\u2019ex\u00e9cuter la garantie s\u2019il ne respecte pas les paiements convenus. Contrairement \u00e0 d\u2019autres types de pr\u00eats, la garantie hypoth\u00e9caire offre au pr\u00eateur une forme de protection suppl\u00e9mentaire, car le bien immobilier constitue g\u00e9n\u00e9ralement un actif de valeur importante. <\/p>\t\t\t\t\t\t\t\t<\/div>\n\t\t\t\t<\/div>\n\t\t\t\t<div class=\"elementor-element elementor-element-11c28c4 elementor-widget__width-initial elementor-widget elementor-widget-text-editor\" data-id=\"11c28c4\" data-element_type=\"widget\" data-e-type=\"widget\" data-widget_type=\"text-editor.default\">\n\t\t\t\t<div class=\"elementor-widget-container\">\n\t\t\t\t\t\t\t\t\t<h3>Principaux aspects \u00e0 prendre en compte<\/h3><p style=\"color: #212121; font-family: Roboto, sans-serif; font-size: 16px;\">La caract\u00e9ristique principale de la garantie hypoth\u00e9caire est la s\u00e9curit\u00e9 qu\u2019elle offre au pr\u00eateur, car en cas de non-paiement, il dispose du droit l\u00e9gal de r\u00e9cup\u00e9rer l\u2019argent pr\u00eat\u00e9 par la vente du bien immobilier. Parmi les \u00e9l\u00e9ments cl\u00e9s, on trouve : <\/p><ul><li style=\"color: #212121; font-family: Roboto, sans-serif; font-size: 16px;\"><strong>L\u2019immobilier en sauvegarde :<\/strong> L\u2019emprunteur offre un bien immobilier sp\u00e9cifique (comme une maison ou des locaux commerciaux) en garantie du pr\u00eat.<\/li><li style=\"color: #212121; font-family: Roboto, sans-serif; font-size: 16px;\"><strong>Risque ma\u00eetris\u00e9 pour le pr\u00eateur :<\/strong> En ayant acc\u00e8s \u00e0 la propri\u00e9t\u00e9 en cas de d\u00e9faut, le pr\u00eateur r\u00e9duit votre risque de perte.<\/li><li style=\"color: #212121; font-family: Roboto, sans-serif; font-size: 16px;\"><strong>Processus d\u2019ex\u00e9cution :<\/strong> Si l\u2019emprunteur ne paie pas comme convenu, le pr\u00eateur peut entamer une proc\u00e9dure judiciaire pour prendre possession de la propri\u00e9t\u00e9 et la vendre, r\u00e9cup\u00e9rant ainsi l\u2019argent emprunt\u00e9.<\/li><\/ul><p style=\"color: #212121; font-family: Roboto, sans-serif; font-size: 16px;\">Ce type de garantie est courant dans les pr\u00eats hypoth\u00e9caires, utilis\u00e9s pour financer l\u2019achat de maisons, de locaux commerciaux ou d\u2019autres propri\u00e9t\u00e9s. Bien qu\u2019il b\u00e9n\u00e9ficie au pr\u00eateur, il pr\u00e9sente \u00e9galement des avantages pour l\u2019emprunteur, car il lui permet d\u2019acc\u00e9der \u00e0 un cr\u00e9dit dans de meilleures conditions, \u00e9tant donn\u00e9 que la dette est garantie par un bien tangible. <\/p>\t\t\t\t\t\t\t\t<\/div>\n\t\t\t\t<\/div>\n\t\t\t\t\t<\/div>\n\t\t<\/div>\n\t\t\t\t\t<\/div>\n\t\t<\/section>\n\t\t\t\t<section class=\"elementor-section elementor-top-section elementor-element elementor-element-aa563c5 elementor-section-full_width elementor-section-stretched elementor-section-height-default elementor-section-height-default\" data-id=\"aa563c5\" data-element_type=\"section\" data-e-type=\"section\" data-settings=\"{&quot;stretch_section&quot;:&quot;section-stretched&quot;}\">\n\t\t\t\t\t\t<div class=\"elementor-container elementor-column-gap-default\">\n\t\t\t\t\t<div class=\"elementor-column elementor-col-100 elementor-top-column elementor-element elementor-element-41114ac\" data-id=\"41114ac\" data-element_type=\"column\" data-e-type=\"column\">\n\t\t\t<div class=\"elementor-widget-wrap elementor-element-populated\">\n\t\t\t\t\t\t<div class=\"elementor-element elementor-element-43f7095 elementor-widget elementor-widget-html\" data-id=\"43f7095\" data-element_type=\"widget\" data-e-type=\"widget\" data-widget_type=\"html.default\">\n\t\t\t\t<div class=\"elementor-widget-container\">\n\t\t\t\t\t\r\n        <div class=\"qode-advanced-call-to-action qode-advanced-cta-gradient qode-advanced-cta-gradient-animation\" style=\"height:80px\">\r\n            <a class=\"advanced-cta-link\" href=\"https:\/\/mkt.urbanitae.com\/Urbanitae_suscripcion_newsletter.html?utm_source=blog&amp;utm_medium=link_blog&amp;utm_campaign=suscripcion_blog&amp;utm_content=boton\" target=\"_blank\" onclick=\"dataLayer.push({'event': 'ub_ga4_event', 'ub_ga4_event_name': 'newsletter', 'ub_ga4_event_element': 'aprende'})\"><\/a>\r\n            <div class=\"qode-advanced-cta-content\">\r\n                <span class=\"qode-advanced-cta-text-holder\" style=\"color:#FFFFFF;font-size:25px\">\r\n Abonnez-vous \u00e0 notre Newsletter <\/span>\r\n                <span class=\"qode-advanced-cta-icon-holder\" style=\"color:#FFFFFF;font-size:25px\">\r\n                    <span class=\"qode-advanced-cta-icon-holder-table\">\r\n                        <span class=\"qode-advanced-cta-icon-holder-cell\">\r\n                            <i class=\"qode_icon_font_awesome_5 fa5 fa fa-envelope-open-text qode-advanced-cta-icon\"><\/i> <\/span>\r\n                    <\/span>\r\n                <\/span>\r\n            <\/div>\r\n            <div class=\"qode-advanced-cta-background-holder\">\r\n                <span class=\"qode-advanced-cta-background-1 qode-type1-gradient-left-to-right\"><\/span>\r\n                <span class=\"qode-advanced-cta-background-2 qode-type1-gradient-left-to-right\"><\/span>\r\n                <span class=\"qode-advanced-cta-background-3\"><\/span>\r\n            <\/div>\r\n        <\/div>\r\n\t\t\t\t<\/div>\n\t\t\t\t<\/div>\n\t\t\t\t\t<\/div>\n\t\t<\/div>\n\t\t\t\t\t<\/div>\n\t\t<\/section>\n\t\t\t\t<\/div>\n\t\t","protected":false},"excerpt":{"rendered":"<p>Qu\u2019est-ce que c\u2019est? Il s\u2019agit d\u2019un droit r\u00e9el constitu\u00e9 sur un bien immobilier (g\u00e9n\u00e9ralement une propri\u00e9t\u00e9) en tant que garantie pour assurer l\u2019ex\u00e9cution d\u2019une obligation financi\u00e8re, comme un pr\u00eat hypoth\u00e9caire. Cette garantie offre une s\u00e9curit\u00e9 au pr\u00eateur, en lui permettant, en cas de d\u00e9faut de paiement de la part de l\u2019emprunteur, d\u2019ex\u00e9cuter la garantie et [&hellip;]<\/p>\n","protected":false},"author":20,"featured_media":0,"parent":62174,"menu_order":0,"comment_status":"closed","ping_status":"closed","template":"","meta":{"inline_featured_image":false,"footnotes":""},"class_list":["post-61957","page","type-page","status-publish","hentry"],"yoast_head":"<!-- This site is optimized with the Yoast SEO plugin v27.4 - https:\/\/yoast.com\/product\/yoast-seo-wordpress\/ -->\n<title>Garantie hypoth\u00e9caire - Urbanitae Blog<\/title>\n<meta name=\"description\" content=\"Il s\u2019agit d\u2019un droit r\u00e9el qui est constitu\u00e9 sur un bien immobilier (g\u00e9n\u00e9ralement un bien) \u00e0 titre de garantie pour soutenir l\u2019ex\u00e9cution d\u2019une obligation financi\u00e8re, telle qu\u2019un pr\u00eat hypoth\u00e9caire. En cas de d\u00e9faut, le pr\u00eateur peut ex\u00e9cuter la garantie et vendre le bien immobilier pour r\u00e9cup\u00e9rer le capital emprunt\u00e9.\" \/>\n<meta name=\"robots\" content=\"index, follow, max-snippet:-1, max-image-preview:large, max-video-preview:-1\" \/>\n<link rel=\"canonical\" href=\"https:\/\/blog.urbanitae.com\/fr\/glossaire\/garantie-hypothecaire\/\" \/>\n<meta property=\"og:locale\" content=\"fr_FR\" \/>\n<meta property=\"og:type\" content=\"article\" \/>\n<meta property=\"og:title\" content=\"Garantie hypoth\u00e9caire - Urbanitae Blog\" \/>\n<meta property=\"og:description\" content=\"Il s\u2019agit d\u2019un droit r\u00e9el qui est constitu\u00e9 sur un bien immobilier (g\u00e9n\u00e9ralement un bien) \u00e0 titre de garantie pour soutenir l\u2019ex\u00e9cution d\u2019une obligation financi\u00e8re, telle qu\u2019un pr\u00eat hypoth\u00e9caire. En cas de d\u00e9faut, le pr\u00eateur peut ex\u00e9cuter la garantie et vendre le bien immobilier pour r\u00e9cup\u00e9rer le capital emprunt\u00e9.\" \/>\n<meta property=\"og:url\" content=\"https:\/\/blog.urbanitae.com\/fr\/glossaire\/garantie-hypothecaire\/\" \/>\n<meta property=\"og:site_name\" content=\"Urbanitae Blog | Les meilleures nouvelles sur l&#039;investissement immobilier\" \/>\n<meta property=\"article:publisher\" content=\"https:\/\/www.facebook.com\/urbanitae\" \/>\n<meta property=\"article:modified_time\" content=\"2025-04-25T09:34:15+00:00\" \/>\n<meta name=\"twitter:card\" content=\"summary_large_image\" \/>\n<meta name=\"twitter:site\" content=\"@urbanitae\" \/>\n<meta name=\"twitter:label1\" content=\"Dur\u00e9e de lecture estim\u00e9e\" \/>\n\t<meta name=\"twitter:data1\" content=\"2 minutes\" \/>\n<script type=\"application\/ld+json\" class=\"yoast-schema-graph\">{\"@context\":\"https:\\\/\\\/schema.org\",\"@graph\":[{\"@type\":\"WebPage\",\"@id\":\"https:\\\/\\\/blog.urbanitae.com\\\/fr\\\/glossaire\\\/garantie-hypothecaire\\\/\",\"url\":\"https:\\\/\\\/blog.urbanitae.com\\\/fr\\\/glossaire\\\/garantie-hypothecaire\\\/\",\"name\":\"Garantie hypoth\u00e9caire - Urbanitae Blog\",\"isPartOf\":{\"@id\":\"https:\\\/\\\/blog.urbanitae.com\\\/fr\\\/#website\"},\"datePublished\":\"2025-04-15T11:22:52+00:00\",\"dateModified\":\"2025-04-25T09:34:15+00:00\",\"description\":\"Il s\u2019agit d\u2019un droit r\u00e9el qui est constitu\u00e9 sur un bien immobilier (g\u00e9n\u00e9ralement un bien) \u00e0 titre de garantie pour soutenir l\u2019ex\u00e9cution d\u2019une obligation financi\u00e8re, telle qu\u2019un pr\u00eat hypoth\u00e9caire. En cas de d\u00e9faut, le pr\u00eateur peut ex\u00e9cuter la garantie et vendre le bien immobilier pour r\u00e9cup\u00e9rer le capital emprunt\u00e9.\",\"breadcrumb\":{\"@id\":\"https:\\\/\\\/blog.urbanitae.com\\\/fr\\\/glossaire\\\/garantie-hypothecaire\\\/#breadcrumb\"},\"inLanguage\":\"fr-FR\",\"potentialAction\":[{\"@type\":\"ReadAction\",\"target\":[\"https:\\\/\\\/blog.urbanitae.com\\\/fr\\\/glossaire\\\/garantie-hypothecaire\\\/\"]}]},{\"@type\":\"BreadcrumbList\",\"@id\":\"https:\\\/\\\/blog.urbanitae.com\\\/fr\\\/glossaire\\\/garantie-hypothecaire\\\/#breadcrumb\",\"itemListElement\":[{\"@type\":\"ListItem\",\"position\":1,\"name\":\"Portada\",\"item\":\"https:\\\/\\\/blog.urbanitae.com\\\/fr\\\/\"},{\"@type\":\"ListItem\",\"position\":2,\"name\":\"Glossaire\",\"item\":\"https:\\\/\\\/blog.urbanitae.com\\\/fr\\\/glosario\\\/\"},{\"@type\":\"ListItem\",\"position\":3,\"name\":\"Garantie hypoth\u00e9caire\"}]},{\"@type\":\"WebSite\",\"@id\":\"https:\\\/\\\/blog.urbanitae.com\\\/fr\\\/#website\",\"url\":\"https:\\\/\\\/blog.urbanitae.com\\\/fr\\\/\",\"name\":\"Urbanitae Blog | Las mejores noticias sobre inversi\u00f3n inmobiliaria\",\"description\":\"L'investissement immobilier \u00e0 la port\u00e9e de tous\",\"publisher\":{\"@id\":\"https:\\\/\\\/blog.urbanitae.com\\\/fr\\\/#organization\"},\"potentialAction\":[{\"@type\":\"SearchAction\",\"target\":{\"@type\":\"EntryPoint\",\"urlTemplate\":\"https:\\\/\\\/blog.urbanitae.com\\\/fr\\\/?s={search_term_string}\"},\"query-input\":{\"@type\":\"PropertyValueSpecification\",\"valueRequired\":true,\"valueName\":\"search_term_string\"}}],\"inLanguage\":\"fr-FR\"},{\"@type\":\"Organization\",\"@id\":\"https:\\\/\\\/blog.urbanitae.com\\\/fr\\\/#organization\",\"name\":\"Urbanitae\",\"url\":\"https:\\\/\\\/blog.urbanitae.com\\\/fr\\\/\",\"logo\":{\"@type\":\"ImageObject\",\"inLanguage\":\"fr-FR\",\"@id\":\"https:\\\/\\\/blog.urbanitae.com\\\/fr\\\/#\\\/schema\\\/logo\\\/image\\\/\",\"url\":\"https:\\\/\\\/blog.urbanitae.com\\\/wp-content\\\/uploads\\\/2020\\\/04\\\/logo-verde_350x100.svg\",\"contentUrl\":\"https:\\\/\\\/blog.urbanitae.com\\\/wp-content\\\/uploads\\\/2020\\\/04\\\/logo-verde_350x100.svg\",\"width\":350,\"height\":100,\"caption\":\"Urbanitae\"},\"image\":{\"@id\":\"https:\\\/\\\/blog.urbanitae.com\\\/fr\\\/#\\\/schema\\\/logo\\\/image\\\/\"},\"sameAs\":[\"https:\\\/\\\/www.facebook.com\\\/urbanitae\",\"https:\\\/\\\/x.com\\\/urbanitae\",\"https:\\\/\\\/www.instagram.com\\\/urbanitae\",\"https:\\\/\\\/www.linkedin.com\\\/company\\\/urbanitae\",\"https:\\\/\\\/www.pinterest.es\\\/UrbanitaeSL\\\/_created\\\/\",\"https:\\\/\\\/www.youtube.com\\\/c\\\/Urbanitae_RE\"]}]}<\/script>\n<!-- \/ Yoast SEO plugin. -->","yoast_head_json":{"title":"Garantie hypoth\u00e9caire - Urbanitae Blog","description":"Il s\u2019agit d\u2019un droit r\u00e9el qui est constitu\u00e9 sur un bien immobilier (g\u00e9n\u00e9ralement un bien) \u00e0 titre de garantie pour soutenir l\u2019ex\u00e9cution d\u2019une obligation financi\u00e8re, telle qu\u2019un pr\u00eat hypoth\u00e9caire. En cas de d\u00e9faut, le pr\u00eateur peut ex\u00e9cuter la garantie et vendre le bien immobilier pour r\u00e9cup\u00e9rer le capital emprunt\u00e9.","robots":{"index":"index","follow":"follow","max-snippet":"max-snippet:-1","max-image-preview":"max-image-preview:large","max-video-preview":"max-video-preview:-1"},"canonical":"https:\/\/blog.urbanitae.com\/fr\/glossaire\/garantie-hypothecaire\/","og_locale":"fr_FR","og_type":"article","og_title":"Garantie hypoth\u00e9caire - Urbanitae Blog","og_description":"Il s\u2019agit d\u2019un droit r\u00e9el qui est constitu\u00e9 sur un bien immobilier (g\u00e9n\u00e9ralement un bien) \u00e0 titre de garantie pour soutenir l\u2019ex\u00e9cution d\u2019une obligation financi\u00e8re, telle qu\u2019un pr\u00eat hypoth\u00e9caire. En cas de d\u00e9faut, le pr\u00eateur peut ex\u00e9cuter la garantie et vendre le bien immobilier pour r\u00e9cup\u00e9rer le capital emprunt\u00e9.","og_url":"https:\/\/blog.urbanitae.com\/fr\/glossaire\/garantie-hypothecaire\/","og_site_name":"Urbanitae Blog | Les meilleures nouvelles sur l'investissement immobilier","article_publisher":"https:\/\/www.facebook.com\/urbanitae","article_modified_time":"2025-04-25T09:34:15+00:00","twitter_card":"summary_large_image","twitter_site":"@urbanitae","twitter_misc":{"Dur\u00e9e de lecture estim\u00e9e":"2 minutes"},"schema":{"@context":"https:\/\/schema.org","@graph":[{"@type":"WebPage","@id":"https:\/\/blog.urbanitae.com\/fr\/glossaire\/garantie-hypothecaire\/","url":"https:\/\/blog.urbanitae.com\/fr\/glossaire\/garantie-hypothecaire\/","name":"Garantie hypoth\u00e9caire - Urbanitae Blog","isPartOf":{"@id":"https:\/\/blog.urbanitae.com\/fr\/#website"},"datePublished":"2025-04-15T11:22:52+00:00","dateModified":"2025-04-25T09:34:15+00:00","description":"Il s\u2019agit d\u2019un droit r\u00e9el qui est constitu\u00e9 sur un bien immobilier (g\u00e9n\u00e9ralement un bien) \u00e0 titre de garantie pour soutenir l\u2019ex\u00e9cution d\u2019une obligation financi\u00e8re, telle qu\u2019un pr\u00eat hypoth\u00e9caire. En cas de d\u00e9faut, le pr\u00eateur peut ex\u00e9cuter la garantie et vendre le bien immobilier pour r\u00e9cup\u00e9rer le capital emprunt\u00e9.","breadcrumb":{"@id":"https:\/\/blog.urbanitae.com\/fr\/glossaire\/garantie-hypothecaire\/#breadcrumb"},"inLanguage":"fr-FR","potentialAction":[{"@type":"ReadAction","target":["https:\/\/blog.urbanitae.com\/fr\/glossaire\/garantie-hypothecaire\/"]}]},{"@type":"BreadcrumbList","@id":"https:\/\/blog.urbanitae.com\/fr\/glossaire\/garantie-hypothecaire\/#breadcrumb","itemListElement":[{"@type":"ListItem","position":1,"name":"Portada","item":"https:\/\/blog.urbanitae.com\/fr\/"},{"@type":"ListItem","position":2,"name":"Glossaire","item":"https:\/\/blog.urbanitae.com\/fr\/glosario\/"},{"@type":"ListItem","position":3,"name":"Garantie hypoth\u00e9caire"}]},{"@type":"WebSite","@id":"https:\/\/blog.urbanitae.com\/fr\/#website","url":"https:\/\/blog.urbanitae.com\/fr\/","name":"Urbanitae Blog | Las mejores noticias sobre inversi\u00f3n inmobiliaria","description":"L'investissement immobilier \u00e0 la port\u00e9e de tous","publisher":{"@id":"https:\/\/blog.urbanitae.com\/fr\/#organization"},"potentialAction":[{"@type":"SearchAction","target":{"@type":"EntryPoint","urlTemplate":"https:\/\/blog.urbanitae.com\/fr\/?s={search_term_string}"},"query-input":{"@type":"PropertyValueSpecification","valueRequired":true,"valueName":"search_term_string"}}],"inLanguage":"fr-FR"},{"@type":"Organization","@id":"https:\/\/blog.urbanitae.com\/fr\/#organization","name":"Urbanitae","url":"https:\/\/blog.urbanitae.com\/fr\/","logo":{"@type":"ImageObject","inLanguage":"fr-FR","@id":"https:\/\/blog.urbanitae.com\/fr\/#\/schema\/logo\/image\/","url":"https:\/\/blog.urbanitae.com\/wp-content\/uploads\/2020\/04\/logo-verde_350x100.svg","contentUrl":"https:\/\/blog.urbanitae.com\/wp-content\/uploads\/2020\/04\/logo-verde_350x100.svg","width":350,"height":100,"caption":"Urbanitae"},"image":{"@id":"https:\/\/blog.urbanitae.com\/fr\/#\/schema\/logo\/image\/"},"sameAs":["https:\/\/www.facebook.com\/urbanitae","https:\/\/x.com\/urbanitae","https:\/\/www.instagram.com\/urbanitae","https:\/\/www.linkedin.com\/company\/urbanitae","https:\/\/www.pinterest.es\/UrbanitaeSL\/_created\/","https:\/\/www.youtube.com\/c\/Urbanitae_RE"]}]}},"_links":{"self":[{"href":"https:\/\/blog.urbanitae.com\/fr\/wp-json\/wp\/v2\/pages\/61957","targetHints":{"allow":["GET"]}}],"collection":[{"href":"https:\/\/blog.urbanitae.com\/fr\/wp-json\/wp\/v2\/pages"}],"about":[{"href":"https:\/\/blog.urbanitae.com\/fr\/wp-json\/wp\/v2\/types\/page"}],"author":[{"embeddable":true,"href":"https:\/\/blog.urbanitae.com\/fr\/wp-json\/wp\/v2\/users\/20"}],"replies":[{"embeddable":true,"href":"https:\/\/blog.urbanitae.com\/fr\/wp-json\/wp\/v2\/comments?post=61957"}],"version-history":[{"count":1,"href":"https:\/\/blog.urbanitae.com\/fr\/wp-json\/wp\/v2\/pages\/61957\/revisions"}],"predecessor-version":[{"id":61958,"href":"https:\/\/blog.urbanitae.com\/fr\/wp-json\/wp\/v2\/pages\/61957\/revisions\/61958"}],"up":[{"embeddable":true,"href":"https:\/\/blog.urbanitae.com\/fr\/wp-json\/wp\/v2\/pages\/62174"}],"wp:attachment":[{"href":"https:\/\/blog.urbanitae.com\/fr\/wp-json\/wp\/v2\/media?parent=61957"}],"curies":[{"name":"wp","href":"https:\/\/api.w.org\/{rel}","templated":true}]}}