{"id":61955,"date":"2025-04-15T13:12:57","date_gmt":"2025-04-15T11:12:57","guid":{"rendered":"https:\/\/blog.urbanitae.com\/fonds-de-placement-prives\/"},"modified":"2025-04-25T11:34:15","modified_gmt":"2025-04-25T09:34:15","slug":"fonds-de-placement-prives","status":"publish","type":"page","link":"https:\/\/blog.urbanitae.com\/fr\/glossaire\/fonds-de-placement-prives\/","title":{"rendered":"Fonds de Placement Priv\u00e9s"},"content":{"rendered":"\t\t<div data-elementor-type=\"wp-page\" data-elementor-id=\"61955\" class=\"elementor elementor-61955 elementor-56384\">\n\t\t\t\t\t\t<section class=\"elementor-section elementor-top-section elementor-element elementor-element-d86d887 elementor-section-boxed elementor-section-height-default elementor-section-height-default\" data-id=\"d86d887\" data-element_type=\"section\" data-e-type=\"section\">\n\t\t\t\t\t\t<div class=\"elementor-container elementor-column-gap-default\">\n\t\t\t\t\t<div class=\"elementor-column elementor-col-100 elementor-top-column elementor-element elementor-element-8b49ddd\" data-id=\"8b49ddd\" data-element_type=\"column\" data-e-type=\"column\">\n\t\t\t<div class=\"elementor-widget-wrap elementor-element-populated\">\n\t\t\t\t\t\t<div class=\"elementor-element elementor-element-083b30b elementor-widget__width-initial elementor-widget elementor-widget-text-editor\" data-id=\"083b30b\" data-element_type=\"widget\" data-e-type=\"widget\" data-widget_type=\"text-editor.default\">\n\t\t\t\t<div class=\"elementor-widget-container\">\n\t\t\t\t\t\t\t\t\t<h3>De quoi s\u2019agit-il ?<\/h3><p style=\"color: #212121; font-family: Roboto, sans-serif; font-size: 16px;\">Ce sont des fonds d&rsquo;investissement qui investissent dans des entreprises non cot\u00e9es, g\u00e9n\u00e9ralement par l&rsquo;achat de participations majoritaires ou significatives. L&rsquo;objectif des fonds de capital-investissement est de g\u00e9n\u00e9rer des b\u00e9n\u00e9fices \u00e0 long terme gr\u00e2ce \u00e0 l&rsquo;am\u00e9lioration et \u00e0 la croissance des entreprises dans lesquelles ils investissent, puis de r\u00e9aliser des rendements par la vente ou l&rsquo;introduction en bourse de ces entreprises.<\/p><p style=\"color: #212121; font-family: Roboto, sans-serif; font-size: 16px;\">Contrairement \u00e0 d&rsquo;autres types de fonds, les fonds de capital-investissement ne se concentrent pas sur les actifs cot\u00e9s, mais sur des entreprises priv\u00e9es \u00e0 fort potentiel de croissance, n\u00e9cessitant du capital pour se d\u00e9velopper ou am\u00e9liorer leur structure. Ce type de fonds cherche \u00e0 ajouter de la valeur aux entreprises par des strat\u00e9gies telles que la restructuration, l&rsquo;optimisation op\u00e9rationnelle ou l&rsquo;expansion sur de nouveaux march\u00e9s. <\/p>\t\t\t\t\t\t\t\t<\/div>\n\t\t\t\t<\/div>\n\t\t\t\t<div class=\"elementor-element elementor-element-11c28c4 elementor-widget__width-initial elementor-widget elementor-widget-text-editor\" data-id=\"11c28c4\" data-element_type=\"widget\" data-e-type=\"widget\" data-widget_type=\"text-editor.default\">\n\t\t\t\t<div class=\"elementor-widget-container\">\n\t\t\t\t\t\t\t\t\t<h3>Principaux aspects \u00e0 prendre en compte<\/h3><p style=\"color: #212121; font-family: Roboto, sans-serif; font-size: 16px;\">Les fonds de capital-investissement investissent g\u00e9n\u00e9ralement dans des secteurs sp\u00e9cifiques et recherchent des entreprises ayant un fort potentiel de valorisation. Les caract\u00e9ristiques cl\u00e9s de ces fonds incluent : <\/p><ul><li style=\"color: #212121; font-family: Roboto, sans-serif; font-size: 16px;\"><strong>Participations majoritaires ou significatives :<\/strong> Les fonds acqui\u00e8rent g\u00e9n\u00e9ralement une part importante des entreprises, ce qui leur permet d\u2019influencer les d\u00e9cisions strat\u00e9giques et op\u00e9rationnelles.<\/li><li style=\"color: #212121; font-family: Roboto, sans-serif; font-size: 16px;\"><strong>Valeur ajout\u00e9e:<\/strong> Les gestionnaires de fonds travaillent activement \u00e0 am\u00e9liorer la gestion et les op\u00e9rations de l\u2019entreprise, contribuant ainsi \u00e0 maximiser le rendement.<\/li><li style=\"color: #212121; font-family: Roboto, sans-serif; font-size: 16px;\"><strong>Horizon d\u2019investissement \u00e0 long terme :<\/strong> Les fonds de capital-investissement d\u00e9tiennent g\u00e9n\u00e9ralement leurs investissements pendant plusieurs ann\u00e9es avant de chercher une sortie rentable, soit en vendant l\u2019entreprise, soit en entrant en bourse.<\/li><\/ul><p style=\"color: #212121; font-family: Roboto, sans-serif; font-size: 16px;\">Bien que ces fonds offrent un potentiel de rendement \u00e9lev\u00e9, ils comportent \u00e9galement un niveau de risque \u00e9lev\u00e9, car les entreprises dans lesquelles ils investissent sont souvent en phase de croissance ou de restructuration. Par cons\u00e9quent, les fonds de private equity conviennent mieux aux investisseurs ayant une tol\u00e9rance au risque \u00e9lev\u00e9e et un horizon temporel \u00e0 long terme. <\/p>\t\t\t\t\t\t\t\t<\/div>\n\t\t\t\t<\/div>\n\t\t\t\t\t<\/div>\n\t\t<\/div>\n\t\t\t\t\t<\/div>\n\t\t<\/section>\n\t\t\t\t<section class=\"elementor-section elementor-top-section elementor-element elementor-element-aa563c5 elementor-section-full_width elementor-section-height-default elementor-section-height-default\" data-id=\"aa563c5\" data-element_type=\"section\" data-e-type=\"section\">\n\t\t\t\t\t\t<div class=\"elementor-container elementor-column-gap-default\">\n\t\t\t\t\t<div class=\"elementor-column elementor-col-100 elementor-top-column elementor-element elementor-element-41114ac\" data-id=\"41114ac\" data-element_type=\"column\" data-e-type=\"column\">\n\t\t\t<div class=\"elementor-widget-wrap elementor-element-populated\">\n\t\t\t\t\t\t<div class=\"elementor-element elementor-element-43f7095 elementor-widget elementor-widget-html\" data-id=\"43f7095\" data-element_type=\"widget\" data-e-type=\"widget\" data-widget_type=\"html.default\">\n\t\t\t\t<div class=\"elementor-widget-container\">\n\t\t\t\t\t\r\n        <div class=\"qode-advanced-call-to-action qode-advanced-cta-gradient qode-advanced-cta-gradient-animation\" style=\"height:80px\">\r\n            <a class=\"advanced-cta-link\" href=\"https:\/\/mkt.urbanitae.com\/Urbanitae_suscripcion_newsletter.html?utm_source=blog&amp;utm_medium=link_blog&amp;utm_campaign=suscripcion_blog&amp;utm_content=boton\" target=\"_blank\" onclick=\"dataLayer.push({'event': 'ub_ga4_event', 'ub_ga4_event_name': 'newsletter', 'ub_ga4_event_element': 'aprende'})\"><\/a>\r\n            <div class=\"qode-advanced-cta-content\">\r\n                <span class=\"qode-advanced-cta-text-holder\" style=\"color:#FFFFFF;font-size:25px\">\r\n Abonnez-vous \u00e0 notre Newsletter <\/span>\r\n                <span class=\"qode-advanced-cta-icon-holder\" style=\"color:#FFFFFF;font-size:25px\">\r\n                    <span class=\"qode-advanced-cta-icon-holder-table\">\r\n                        <span class=\"qode-advanced-cta-icon-holder-cell\">\r\n                            <i class=\"qode_icon_font_awesome_5 fa5 fa fa-envelope-open-text qode-advanced-cta-icon\"><\/i> <\/span>\r\n                    <\/span>\r\n                <\/span>\r\n            <\/div>\r\n            <div class=\"qode-advanced-cta-background-holder\">\r\n                <span class=\"qode-advanced-cta-background-1 qode-type1-gradient-left-to-right\"><\/span>\r\n                <span class=\"qode-advanced-cta-background-2 qode-type1-gradient-left-to-right\"><\/span>\r\n                <span class=\"qode-advanced-cta-background-3\"><\/span>\r\n            <\/div>\r\n        <\/div>\r\n\t\t\t\t<\/div>\n\t\t\t\t<\/div>\n\t\t\t\t\t<\/div>\n\t\t<\/div>\n\t\t\t\t\t<\/div>\n\t\t<\/section>\n\t\t\t\t<\/div>\n\t\t","protected":false},"excerpt":{"rendered":"<p>De quoi s\u2019agit-il ? Ce sont des fonds d&rsquo;investissement qui investissent dans des entreprises non cot\u00e9es, g\u00e9n\u00e9ralement par l&rsquo;achat de participations majoritaires ou significatives. L&rsquo;objectif des fonds de capital-investissement est de g\u00e9n\u00e9rer des b\u00e9n\u00e9fices \u00e0 long terme gr\u00e2ce \u00e0 l&rsquo;am\u00e9lioration et \u00e0 la croissance des entreprises dans lesquelles ils investissent, puis de r\u00e9aliser des rendements [&hellip;]<\/p>\n","protected":false},"author":20,"featured_media":0,"parent":62174,"menu_order":0,"comment_status":"closed","ping_status":"closed","template":"","meta":{"inline_featured_image":false,"footnotes":""},"class_list":["post-61955","page","type-page","status-publish","hentry"],"blocksy_meta":[],"yoast_head":"<!-- This site is optimized with the Yoast SEO plugin v27.4 - https:\/\/yoast.com\/product\/yoast-seo-wordpress\/ -->\n<title>Fonds de Placement Priv\u00e9s - Urbanitae Blog<\/title>\n<meta name=\"description\" content=\"Il s\u2019agit de fonds d\u2019investissement qui investissent dans des soci\u00e9t\u00e9s non cot\u00e9es, g\u00e9n\u00e9ralement par l\u2019achat de participations majoritaires ou significatives. Ces fonds cherchent \u00e0 g\u00e9n\u00e9rer des b\u00e9n\u00e9fices \u00e0 long terme en am\u00e9liorant et en faisant cro\u00eetre les entreprises dans lesquelles ils investissent.\" \/>\n<meta name=\"robots\" content=\"index, follow, max-snippet:-1, max-image-preview:large, max-video-preview:-1\" \/>\n<link rel=\"canonical\" href=\"https:\/\/blog.urbanitae.com\/fr\/glossaire\/fonds-de-placement-prives\/\" \/>\n<meta property=\"og:locale\" content=\"fr_FR\" \/>\n<meta property=\"og:type\" content=\"article\" \/>\n<meta property=\"og:title\" content=\"Fonds de Placement Priv\u00e9s - Urbanitae Blog\" \/>\n<meta property=\"og:description\" content=\"Il s\u2019agit de fonds d\u2019investissement qui investissent dans des soci\u00e9t\u00e9s non cot\u00e9es, g\u00e9n\u00e9ralement par l\u2019achat de participations majoritaires ou significatives. Ces fonds cherchent \u00e0 g\u00e9n\u00e9rer des b\u00e9n\u00e9fices \u00e0 long terme en am\u00e9liorant et en faisant cro\u00eetre les entreprises dans lesquelles ils investissent.\" \/>\n<meta property=\"og:url\" content=\"https:\/\/blog.urbanitae.com\/fr\/glossaire\/fonds-de-placement-prives\/\" \/>\n<meta property=\"og:site_name\" content=\"Urbanitae Blog | Les meilleures nouvelles sur l&#039;investissement immobilier\" \/>\n<meta property=\"article:publisher\" content=\"https:\/\/www.facebook.com\/urbanitae\" \/>\n<meta property=\"article:modified_time\" content=\"2025-04-25T09:34:15+00:00\" \/>\n<meta name=\"twitter:card\" content=\"summary_large_image\" \/>\n<meta name=\"twitter:site\" content=\"@urbanitae\" \/>\n<meta name=\"twitter:label1\" content=\"Dur\u00e9e de lecture estim\u00e9e\" \/>\n\t<meta name=\"twitter:data1\" content=\"2 minutes\" \/>\n<script type=\"application\/ld+json\" class=\"yoast-schema-graph\">{\"@context\":\"https:\\\/\\\/schema.org\",\"@graph\":[{\"@type\":\"WebPage\",\"@id\":\"https:\\\/\\\/blog.urbanitae.com\\\/fr\\\/glossaire\\\/fonds-de-placement-prives\\\/\",\"url\":\"https:\\\/\\\/blog.urbanitae.com\\\/fr\\\/glossaire\\\/fonds-de-placement-prives\\\/\",\"name\":\"Fonds de Placement Priv\u00e9s - Urbanitae Blog\",\"isPartOf\":{\"@id\":\"https:\\\/\\\/blog.urbanitae.com\\\/fr\\\/#website\"},\"datePublished\":\"2025-04-15T11:12:57+00:00\",\"dateModified\":\"2025-04-25T09:34:15+00:00\",\"description\":\"Il s\u2019agit de fonds d\u2019investissement qui investissent dans des soci\u00e9t\u00e9s non cot\u00e9es, g\u00e9n\u00e9ralement par l\u2019achat de participations majoritaires ou significatives. Ces fonds cherchent \u00e0 g\u00e9n\u00e9rer des b\u00e9n\u00e9fices \u00e0 long terme en am\u00e9liorant et en faisant cro\u00eetre les entreprises dans lesquelles ils investissent.\",\"breadcrumb\":{\"@id\":\"https:\\\/\\\/blog.urbanitae.com\\\/fr\\\/glossaire\\\/fonds-de-placement-prives\\\/#breadcrumb\"},\"inLanguage\":\"fr-FR\",\"potentialAction\":[{\"@type\":\"ReadAction\",\"target\":[\"https:\\\/\\\/blog.urbanitae.com\\\/fr\\\/glossaire\\\/fonds-de-placement-prives\\\/\"]}]},{\"@type\":\"BreadcrumbList\",\"@id\":\"https:\\\/\\\/blog.urbanitae.com\\\/fr\\\/glossaire\\\/fonds-de-placement-prives\\\/#breadcrumb\",\"itemListElement\":[{\"@type\":\"ListItem\",\"position\":1,\"name\":\"Portada\",\"item\":\"https:\\\/\\\/blog.urbanitae.com\\\/fr\\\/\"},{\"@type\":\"ListItem\",\"position\":2,\"name\":\"Glossaire\",\"item\":\"https:\\\/\\\/blog.urbanitae.com\\\/fr\\\/glosario\\\/\"},{\"@type\":\"ListItem\",\"position\":3,\"name\":\"Fonds de Placement Priv\u00e9s\"}]},{\"@type\":\"WebSite\",\"@id\":\"https:\\\/\\\/blog.urbanitae.com\\\/fr\\\/#website\",\"url\":\"https:\\\/\\\/blog.urbanitae.com\\\/fr\\\/\",\"name\":\"Urbanitae Blog | Las mejores noticias sobre inversi\u00f3n inmobiliaria\",\"description\":\"L'investissement immobilier \u00e0 la port\u00e9e de tous\",\"publisher\":{\"@id\":\"https:\\\/\\\/blog.urbanitae.com\\\/fr\\\/#organization\"},\"potentialAction\":[{\"@type\":\"SearchAction\",\"target\":{\"@type\":\"EntryPoint\",\"urlTemplate\":\"https:\\\/\\\/blog.urbanitae.com\\\/fr\\\/?s={search_term_string}\"},\"query-input\":{\"@type\":\"PropertyValueSpecification\",\"valueRequired\":true,\"valueName\":\"search_term_string\"}}],\"inLanguage\":\"fr-FR\"},{\"@type\":\"Organization\",\"@id\":\"https:\\\/\\\/blog.urbanitae.com\\\/fr\\\/#organization\",\"name\":\"Urbanitae\",\"url\":\"https:\\\/\\\/blog.urbanitae.com\\\/fr\\\/\",\"logo\":{\"@type\":\"ImageObject\",\"inLanguage\":\"fr-FR\",\"@id\":\"https:\\\/\\\/blog.urbanitae.com\\\/fr\\\/#\\\/schema\\\/logo\\\/image\\\/\",\"url\":\"https:\\\/\\\/blog.urbanitae.com\\\/wp-content\\\/uploads\\\/2020\\\/04\\\/logo-verde_350x100.svg\",\"contentUrl\":\"https:\\\/\\\/blog.urbanitae.com\\\/wp-content\\\/uploads\\\/2020\\\/04\\\/logo-verde_350x100.svg\",\"width\":350,\"height\":100,\"caption\":\"Urbanitae\"},\"image\":{\"@id\":\"https:\\\/\\\/blog.urbanitae.com\\\/fr\\\/#\\\/schema\\\/logo\\\/image\\\/\"},\"sameAs\":[\"https:\\\/\\\/www.facebook.com\\\/urbanitae\",\"https:\\\/\\\/x.com\\\/urbanitae\",\"https:\\\/\\\/www.instagram.com\\\/urbanitae\",\"https:\\\/\\\/www.linkedin.com\\\/company\\\/urbanitae\",\"https:\\\/\\\/www.pinterest.es\\\/UrbanitaeSL\\\/_created\\\/\",\"https:\\\/\\\/www.youtube.com\\\/c\\\/Urbanitae_RE\"]}]}<\/script>\n<!-- \/ Yoast SEO plugin. -->","yoast_head_json":{"title":"Fonds de Placement Priv\u00e9s - Urbanitae Blog","description":"Il s\u2019agit de fonds d\u2019investissement qui investissent dans des soci\u00e9t\u00e9s non cot\u00e9es, g\u00e9n\u00e9ralement par l\u2019achat de participations majoritaires ou significatives. Ces fonds cherchent \u00e0 g\u00e9n\u00e9rer des b\u00e9n\u00e9fices \u00e0 long terme en am\u00e9liorant et en faisant cro\u00eetre les entreprises dans lesquelles ils investissent.","robots":{"index":"index","follow":"follow","max-snippet":"max-snippet:-1","max-image-preview":"max-image-preview:large","max-video-preview":"max-video-preview:-1"},"canonical":"https:\/\/blog.urbanitae.com\/fr\/glossaire\/fonds-de-placement-prives\/","og_locale":"fr_FR","og_type":"article","og_title":"Fonds de Placement Priv\u00e9s - Urbanitae Blog","og_description":"Il s\u2019agit de fonds d\u2019investissement qui investissent dans des soci\u00e9t\u00e9s non cot\u00e9es, g\u00e9n\u00e9ralement par l\u2019achat de participations majoritaires ou significatives. Ces fonds cherchent \u00e0 g\u00e9n\u00e9rer des b\u00e9n\u00e9fices \u00e0 long terme en am\u00e9liorant et en faisant cro\u00eetre les entreprises dans lesquelles ils investissent.","og_url":"https:\/\/blog.urbanitae.com\/fr\/glossaire\/fonds-de-placement-prives\/","og_site_name":"Urbanitae Blog | Les meilleures nouvelles sur l'investissement immobilier","article_publisher":"https:\/\/www.facebook.com\/urbanitae","article_modified_time":"2025-04-25T09:34:15+00:00","twitter_card":"summary_large_image","twitter_site":"@urbanitae","twitter_misc":{"Dur\u00e9e de lecture estim\u00e9e":"2 minutes"},"schema":{"@context":"https:\/\/schema.org","@graph":[{"@type":"WebPage","@id":"https:\/\/blog.urbanitae.com\/fr\/glossaire\/fonds-de-placement-prives\/","url":"https:\/\/blog.urbanitae.com\/fr\/glossaire\/fonds-de-placement-prives\/","name":"Fonds de Placement Priv\u00e9s - Urbanitae Blog","isPartOf":{"@id":"https:\/\/blog.urbanitae.com\/fr\/#website"},"datePublished":"2025-04-15T11:12:57+00:00","dateModified":"2025-04-25T09:34:15+00:00","description":"Il s\u2019agit de fonds d\u2019investissement qui investissent dans des soci\u00e9t\u00e9s non cot\u00e9es, g\u00e9n\u00e9ralement par l\u2019achat de participations majoritaires ou significatives. Ces fonds cherchent \u00e0 g\u00e9n\u00e9rer des b\u00e9n\u00e9fices \u00e0 long terme en am\u00e9liorant et en faisant cro\u00eetre les entreprises dans lesquelles ils investissent.","breadcrumb":{"@id":"https:\/\/blog.urbanitae.com\/fr\/glossaire\/fonds-de-placement-prives\/#breadcrumb"},"inLanguage":"fr-FR","potentialAction":[{"@type":"ReadAction","target":["https:\/\/blog.urbanitae.com\/fr\/glossaire\/fonds-de-placement-prives\/"]}]},{"@type":"BreadcrumbList","@id":"https:\/\/blog.urbanitae.com\/fr\/glossaire\/fonds-de-placement-prives\/#breadcrumb","itemListElement":[{"@type":"ListItem","position":1,"name":"Portada","item":"https:\/\/blog.urbanitae.com\/fr\/"},{"@type":"ListItem","position":2,"name":"Glossaire","item":"https:\/\/blog.urbanitae.com\/fr\/glosario\/"},{"@type":"ListItem","position":3,"name":"Fonds de Placement Priv\u00e9s"}]},{"@type":"WebSite","@id":"https:\/\/blog.urbanitae.com\/fr\/#website","url":"https:\/\/blog.urbanitae.com\/fr\/","name":"Urbanitae Blog | Las mejores noticias sobre inversi\u00f3n inmobiliaria","description":"L'investissement immobilier \u00e0 la port\u00e9e de tous","publisher":{"@id":"https:\/\/blog.urbanitae.com\/fr\/#organization"},"potentialAction":[{"@type":"SearchAction","target":{"@type":"EntryPoint","urlTemplate":"https:\/\/blog.urbanitae.com\/fr\/?s={search_term_string}"},"query-input":{"@type":"PropertyValueSpecification","valueRequired":true,"valueName":"search_term_string"}}],"inLanguage":"fr-FR"},{"@type":"Organization","@id":"https:\/\/blog.urbanitae.com\/fr\/#organization","name":"Urbanitae","url":"https:\/\/blog.urbanitae.com\/fr\/","logo":{"@type":"ImageObject","inLanguage":"fr-FR","@id":"https:\/\/blog.urbanitae.com\/fr\/#\/schema\/logo\/image\/","url":"https:\/\/blog.urbanitae.com\/wp-content\/uploads\/2020\/04\/logo-verde_350x100.svg","contentUrl":"https:\/\/blog.urbanitae.com\/wp-content\/uploads\/2020\/04\/logo-verde_350x100.svg","width":350,"height":100,"caption":"Urbanitae"},"image":{"@id":"https:\/\/blog.urbanitae.com\/fr\/#\/schema\/logo\/image\/"},"sameAs":["https:\/\/www.facebook.com\/urbanitae","https:\/\/x.com\/urbanitae","https:\/\/www.instagram.com\/urbanitae","https:\/\/www.linkedin.com\/company\/urbanitae","https:\/\/www.pinterest.es\/UrbanitaeSL\/_created\/","https:\/\/www.youtube.com\/c\/Urbanitae_RE"]}]}},"_links":{"self":[{"href":"https:\/\/blog.urbanitae.com\/fr\/wp-json\/wp\/v2\/pages\/61955","targetHints":{"allow":["GET"]}}],"collection":[{"href":"https:\/\/blog.urbanitae.com\/fr\/wp-json\/wp\/v2\/pages"}],"about":[{"href":"https:\/\/blog.urbanitae.com\/fr\/wp-json\/wp\/v2\/types\/page"}],"author":[{"embeddable":true,"href":"https:\/\/blog.urbanitae.com\/fr\/wp-json\/wp\/v2\/users\/20"}],"replies":[{"embeddable":true,"href":"https:\/\/blog.urbanitae.com\/fr\/wp-json\/wp\/v2\/comments?post=61955"}],"version-history":[{"count":0,"href":"https:\/\/blog.urbanitae.com\/fr\/wp-json\/wp\/v2\/pages\/61955\/revisions"}],"up":[{"embeddable":true,"href":"https:\/\/blog.urbanitae.com\/fr\/wp-json\/wp\/v2\/pages\/62174"}],"wp:attachment":[{"href":"https:\/\/blog.urbanitae.com\/fr\/wp-json\/wp\/v2\/media?parent=61955"}],"curies":[{"name":"wp","href":"https:\/\/api.w.org\/{rel}","templated":true}]}}