{"id":61953,"date":"2025-04-15T11:05:08","date_gmt":"2025-04-15T09:05:08","guid":{"rendered":"https:\/\/blog.urbanitae.com\/garantie-collateral\/"},"modified":"2025-04-25T11:34:00","modified_gmt":"2025-04-25T09:34:00","slug":"garantie-collateral","status":"publish","type":"page","link":"https:\/\/blog.urbanitae.com\/fr\/glossaire\/garantie-collateral\/","title":{"rendered":"Garantie (collat\u00e9ral)"},"content":{"rendered":"\t\t<div data-elementor-type=\"wp-page\" data-elementor-id=\"61953\" class=\"elementor elementor-61953 elementor-56144\">\n\t\t\t\t\t\t<section class=\"elementor-section elementor-top-section elementor-element elementor-element-d86d887 elementor-section-boxed elementor-section-height-default elementor-section-height-default\" data-id=\"d86d887\" data-element_type=\"section\" data-e-type=\"section\">\n\t\t\t\t\t\t<div class=\"elementor-container elementor-column-gap-default\">\n\t\t\t\t\t<div class=\"elementor-column elementor-col-100 elementor-top-column elementor-element elementor-element-8b49ddd\" data-id=\"8b49ddd\" data-element_type=\"column\" data-e-type=\"column\">\n\t\t\t<div class=\"elementor-widget-wrap elementor-element-populated\">\n\t\t\t\t\t\t<div class=\"elementor-element elementor-element-083b30b elementor-widget__width-initial elementor-widget elementor-widget-text-editor\" data-id=\"083b30b\" data-element_type=\"widget\" data-e-type=\"widget\" data-widget_type=\"text-editor.default\">\n\t\t\t\t<div class=\"elementor-widget-container\">\n\t\t\t\t\t\t\t\t\t<h3>Qu\u2019est-ce que c\u2019est?<\/h3><p style=\"color: #212121; font-family: Roboto, sans-serif; font-size: 16px;\">Une garantie est un actif tangible ou une caution offerte en tant que soutien pour assurer le respect d\u2019une obligation financi\u00e8re. Elle sert de protection pour la partie qui accorde le financement, car en cas de d\u00e9faut de paiement de l\u2019emprunteur, le collat\u00e9ral peut \u00eatre liquid\u00e9 ou ex\u00e9cut\u00e9 pour r\u00e9cup\u00e9rer la somme due. Dans le contexte immobilier, la garantie est g\u00e9n\u00e9ralement un bien immobilier utilis\u00e9 comme aval pour soutenir un pr\u00eat ou un investissement.  <\/p><p style=\"color: #212121; font-family: Roboto, sans-serif; font-size: 16px;\">Ce concept est couramment utilis\u00e9 dans des produits financiers tels que les hypoth\u00e8ques, les pr\u00eats commerciaux ou les projets d\u2019investissement, o\u00f9 la s\u00e9curit\u00e9 du pr\u00eateur d\u00e9pend de la valeur de l\u2019actif offert en garantie. Par exemple, dans le cadre d\u2019une hypoth\u00e8que, le bien acquis devient le collat\u00e9ral du pr\u00eat. <\/p>\t\t\t\t\t\t\t\t<\/div>\n\t\t\t\t<\/div>\n\t\t\t\t<div class=\"elementor-element elementor-element-11c28c4 elementor-widget__width-initial elementor-widget elementor-widget-text-editor\" data-id=\"11c28c4\" data-element_type=\"widget\" data-e-type=\"widget\" data-widget_type=\"text-editor.default\">\n\t\t\t\t<div class=\"elementor-widget-container\">\n\t\t\t\t\t\t\t\t\t<h3>Principaux aspects \u00e0 prendre en compte<\/h3><p style=\"color: #212121; font-family: Roboto, sans-serif; font-size: 16px;\">La garantie offre plusieurs avantages tant pour les pr\u00eateurs que pour les emprunteurs :<\/p><ul><li style=\"color: #212121; font-family: Roboto, sans-serif; font-size: 16px;\"><strong>Pour le pr\u00eateur :<\/strong> Cela r\u00e9duit le risque de perte financi\u00e8re, car l\u2019actif garanti peut \u00eatre saisi si le d\u00e9biteur ne respecte pas ses obligations.<\/li><li style=\"color: #212121; font-family: Roboto, sans-serif; font-size: 16px;\"><strong>Pour l\u2019emprunteur :<\/strong> Il permet d\u2019acc\u00e9der \u00e0 de meilleures conditions de financement, comme des taux d\u2019int\u00e9r\u00eat plus bas ou des d\u00e9lais de paiement plus longs, gr\u00e2ce \u00e0 la r\u00e9duction du risque per\u00e7u par le pr\u00eateur.<\/li><\/ul><p style=\"color: #212121; font-family: Roboto, sans-serif; font-size: 16px;\">Sin embargo, es importante tener en cuenta los riesgos asociados. Si el prestatario no cumple con los t\u00e9rminos del acuerdo, el activo garant\u00eda puede ser confiscado, lo que podr\u00eda generar p\u00e9rdidas significativas. <\/p><p style=\"color: #212121; font-family: Roboto, sans-serif; font-size: 16px;\">Dans l\u2019immobilier, le collat\u00e9ral peut \u00e9galement \u00eatre utilis\u00e9 pour structurer des investissements plus complexes, tels que des projets de d\u00e9veloppement o\u00f9 le bien sert de garantie pour un financement suppl\u00e9mentaire. L\u2019\u00e9valuation correcte de la garantie est essentielle pour s\u2019assurer que sa valeur couvre la dette contract\u00e9e et pour prot\u00e9ger les int\u00e9r\u00eats des deux parties. <\/p>\t\t\t\t\t\t\t\t<\/div>\n\t\t\t\t<\/div>\n\t\t\t\t\t<\/div>\n\t\t<\/div>\n\t\t\t\t\t<\/div>\n\t\t<\/section>\n\t\t\t\t<section class=\"elementor-section elementor-top-section elementor-element elementor-element-aa563c5 elementor-section-full_width elementor-section-height-default elementor-section-height-default\" data-id=\"aa563c5\" data-element_type=\"section\" data-e-type=\"section\">\n\t\t\t\t\t\t<div class=\"elementor-container elementor-column-gap-default\">\n\t\t\t\t\t<div class=\"elementor-column elementor-col-100 elementor-top-column elementor-element elementor-element-41114ac\" data-id=\"41114ac\" data-element_type=\"column\" data-e-type=\"column\">\n\t\t\t<div class=\"elementor-widget-wrap elementor-element-populated\">\n\t\t\t\t\t\t<div class=\"elementor-element elementor-element-43f7095 elementor-widget elementor-widget-html\" data-id=\"43f7095\" data-element_type=\"widget\" data-e-type=\"widget\" data-widget_type=\"html.default\">\n\t\t\t\t<div class=\"elementor-widget-container\">\n\t\t\t\t\t\r\n        <div class=\"qode-advanced-call-to-action qode-advanced-cta-gradient qode-advanced-cta-gradient-animation\" style=\"height:80px\">\r\n            <a class=\"advanced-cta-link\" href=\"https:\/\/mkt.urbanitae.com\/Urbanitae_suscripcion_newsletter.html?utm_source=blog&amp;utm_medium=link_blog&amp;utm_campaign=suscripcion_blog&amp;utm_content=boton\" target=\"_blank\" onclick=\"dataLayer.push({'event': 'ub_ga4_event', 'ub_ga4_event_name': 'newsletter', 'ub_ga4_event_element': 'aprende'})\"><\/a>\r\n            <div class=\"qode-advanced-cta-content\">\r\n                <span class=\"qode-advanced-cta-text-holder\" style=\"color:#FFFFFF;font-size:25px\">\r\n Abonnez-vous \u00e0 notre Newsletter <\/span>\r\n                <span class=\"qode-advanced-cta-icon-holder\" style=\"color:#FFFFFF;font-size:25px\">\r\n                    <span class=\"qode-advanced-cta-icon-holder-table\">\r\n                        <span class=\"qode-advanced-cta-icon-holder-cell\">\r\n                            <i class=\"qode_icon_font_awesome_5 fa5 fa fa-envelope-open-text qode-advanced-cta-icon\"><\/i> <\/span>\r\n                    <\/span>\r\n                <\/span>\r\n            <\/div>\r\n            <div class=\"qode-advanced-cta-background-holder\">\r\n                <span class=\"qode-advanced-cta-background-1 qode-type1-gradient-left-to-right\"><\/span>\r\n                <span class=\"qode-advanced-cta-background-2 qode-type1-gradient-left-to-right\"><\/span>\r\n                <span class=\"qode-advanced-cta-background-3\"><\/span>\r\n            <\/div>\r\n        <\/div>\r\n\t\t\t\t<\/div>\n\t\t\t\t<\/div>\n\t\t\t\t\t<\/div>\n\t\t<\/div>\n\t\t\t\t\t<\/div>\n\t\t<\/section>\n\t\t\t\t<\/div>\n\t\t","protected":false},"excerpt":{"rendered":"<p>Qu\u2019est-ce que c\u2019est? Une garantie est un actif tangible ou une caution offerte en tant que soutien pour assurer le respect d\u2019une obligation financi\u00e8re. Elle sert de protection pour la partie qui accorde le financement, car en cas de d\u00e9faut de paiement de l\u2019emprunteur, le collat\u00e9ral peut \u00eatre liquid\u00e9 ou ex\u00e9cut\u00e9 pour r\u00e9cup\u00e9rer la somme [&hellip;]<\/p>\n","protected":false},"author":20,"featured_media":0,"parent":62174,"menu_order":0,"comment_status":"closed","ping_status":"closed","template":"","meta":{"inline_featured_image":false,"footnotes":""},"class_list":["post-61953","page","type-page","status-publish","hentry"],"blocksy_meta":[],"yoast_head":"<!-- This site is optimized with the Yoast SEO plugin v27.5 - https:\/\/yoast.com\/product\/yoast-seo-wordpress\/ -->\n<title>Garantie (collat\u00e9ral) - Urbanitae Blog<\/title>\n<meta name=\"description\" content=\"Il s\u2019agit d\u2019un actif corporel ou d\u2019une garantie qui est offert \u00e0 titre de soutien pour assurer le respect d\u2019une obligation financi\u00e8re. Il peut s\u2019agir d\u2019une propri\u00e9t\u00e9 qui est utilis\u00e9e comme garantie pour soutenir un pr\u00eat ou un investissement.\" \/>\n<meta name=\"robots\" content=\"index, follow, max-snippet:-1, max-image-preview:large, max-video-preview:-1\" \/>\n<link rel=\"canonical\" href=\"https:\/\/blog.urbanitae.com\/fr\/glossaire\/garantie-collateral\/\" \/>\n<meta property=\"og:locale\" content=\"fr_FR\" \/>\n<meta property=\"og:type\" content=\"article\" \/>\n<meta property=\"og:title\" content=\"Garantie (collat\u00e9ral) - Urbanitae Blog\" \/>\n<meta property=\"og:description\" content=\"Il s\u2019agit d\u2019un actif corporel ou d\u2019une garantie qui est offert \u00e0 titre de soutien pour assurer le respect d\u2019une obligation financi\u00e8re. Il peut s\u2019agir d\u2019une propri\u00e9t\u00e9 qui est utilis\u00e9e comme garantie pour soutenir un pr\u00eat ou un investissement.\" \/>\n<meta property=\"og:url\" content=\"https:\/\/blog.urbanitae.com\/fr\/glossaire\/garantie-collateral\/\" \/>\n<meta property=\"og:site_name\" content=\"Urbanitae Blog | Les meilleures nouvelles sur l&#039;investissement immobilier\" \/>\n<meta property=\"article:publisher\" content=\"https:\/\/www.facebook.com\/urbanitae\" \/>\n<meta property=\"article:modified_time\" content=\"2025-04-25T09:34:00+00:00\" \/>\n<meta name=\"twitter:card\" content=\"summary_large_image\" \/>\n<meta name=\"twitter:site\" content=\"@urbanitae\" \/>\n<meta name=\"twitter:label1\" content=\"Dur\u00e9e de lecture estim\u00e9e\" \/>\n\t<meta name=\"twitter:data1\" content=\"2 minutes\" \/>\n<script type=\"application\/ld+json\" class=\"yoast-schema-graph\">{\"@context\":\"https:\\\/\\\/schema.org\",\"@graph\":[{\"@type\":\"WebPage\",\"@id\":\"https:\\\/\\\/blog.urbanitae.com\\\/fr\\\/glossaire\\\/garantie-collateral\\\/\",\"url\":\"https:\\\/\\\/blog.urbanitae.com\\\/fr\\\/glossaire\\\/garantie-collateral\\\/\",\"name\":\"Garantie (collat\u00e9ral) - Urbanitae Blog\",\"isPartOf\":{\"@id\":\"https:\\\/\\\/blog.urbanitae.com\\\/fr\\\/#website\"},\"datePublished\":\"2025-04-15T09:05:08+00:00\",\"dateModified\":\"2025-04-25T09:34:00+00:00\",\"description\":\"Il s\u2019agit d\u2019un actif corporel ou d\u2019une garantie qui est offert \u00e0 titre de soutien pour assurer le respect d\u2019une obligation financi\u00e8re. Il peut s\u2019agir d\u2019une propri\u00e9t\u00e9 qui est utilis\u00e9e comme garantie pour soutenir un pr\u00eat ou un investissement.\",\"breadcrumb\":{\"@id\":\"https:\\\/\\\/blog.urbanitae.com\\\/fr\\\/glossaire\\\/garantie-collateral\\\/#breadcrumb\"},\"inLanguage\":\"fr-FR\",\"potentialAction\":[{\"@type\":\"ReadAction\",\"target\":[\"https:\\\/\\\/blog.urbanitae.com\\\/fr\\\/glossaire\\\/garantie-collateral\\\/\"]}]},{\"@type\":\"BreadcrumbList\",\"@id\":\"https:\\\/\\\/blog.urbanitae.com\\\/fr\\\/glossaire\\\/garantie-collateral\\\/#breadcrumb\",\"itemListElement\":[{\"@type\":\"ListItem\",\"position\":1,\"name\":\"Portada\",\"item\":\"https:\\\/\\\/blog.urbanitae.com\\\/fr\\\/\"},{\"@type\":\"ListItem\",\"position\":2,\"name\":\"Glossaire\",\"item\":\"https:\\\/\\\/blog.urbanitae.com\\\/fr\\\/glosario\\\/\"},{\"@type\":\"ListItem\",\"position\":3,\"name\":\"Garantie (collat\u00e9ral)\"}]},{\"@type\":\"WebSite\",\"@id\":\"https:\\\/\\\/blog.urbanitae.com\\\/fr\\\/#website\",\"url\":\"https:\\\/\\\/blog.urbanitae.com\\\/fr\\\/\",\"name\":\"Urbanitae Blog | Las mejores noticias sobre inversi\u00f3n inmobiliaria\",\"description\":\"L'investissement immobilier \u00e0 la port\u00e9e de tous\",\"publisher\":{\"@id\":\"https:\\\/\\\/blog.urbanitae.com\\\/fr\\\/#organization\"},\"potentialAction\":[{\"@type\":\"SearchAction\",\"target\":{\"@type\":\"EntryPoint\",\"urlTemplate\":\"https:\\\/\\\/blog.urbanitae.com\\\/fr\\\/?s={search_term_string}\"},\"query-input\":{\"@type\":\"PropertyValueSpecification\",\"valueRequired\":true,\"valueName\":\"search_term_string\"}}],\"inLanguage\":\"fr-FR\"},{\"@type\":\"Organization\",\"@id\":\"https:\\\/\\\/blog.urbanitae.com\\\/fr\\\/#organization\",\"name\":\"Urbanitae\",\"url\":\"https:\\\/\\\/blog.urbanitae.com\\\/fr\\\/\",\"logo\":{\"@type\":\"ImageObject\",\"inLanguage\":\"fr-FR\",\"@id\":\"https:\\\/\\\/blog.urbanitae.com\\\/fr\\\/#\\\/schema\\\/logo\\\/image\\\/\",\"url\":\"https:\\\/\\\/blog.urbanitae.com\\\/wp-content\\\/uploads\\\/2020\\\/04\\\/logo-verde_350x100.svg\",\"contentUrl\":\"https:\\\/\\\/blog.urbanitae.com\\\/wp-content\\\/uploads\\\/2020\\\/04\\\/logo-verde_350x100.svg\",\"width\":350,\"height\":100,\"caption\":\"Urbanitae\"},\"image\":{\"@id\":\"https:\\\/\\\/blog.urbanitae.com\\\/fr\\\/#\\\/schema\\\/logo\\\/image\\\/\"},\"sameAs\":[\"https:\\\/\\\/www.facebook.com\\\/urbanitae\",\"https:\\\/\\\/x.com\\\/urbanitae\",\"https:\\\/\\\/www.instagram.com\\\/urbanitae\",\"https:\\\/\\\/www.linkedin.com\\\/company\\\/urbanitae\",\"https:\\\/\\\/www.pinterest.es\\\/UrbanitaeSL\\\/_created\\\/\",\"https:\\\/\\\/www.youtube.com\\\/c\\\/Urbanitae_RE\"]}]}<\/script>\n<!-- \/ Yoast SEO plugin. -->","yoast_head_json":{"title":"Garantie (collat\u00e9ral) - Urbanitae Blog","description":"Il s\u2019agit d\u2019un actif corporel ou d\u2019une garantie qui est offert \u00e0 titre de soutien pour assurer le respect d\u2019une obligation financi\u00e8re. Il peut s\u2019agir d\u2019une propri\u00e9t\u00e9 qui est utilis\u00e9e comme garantie pour soutenir un pr\u00eat ou un investissement.","robots":{"index":"index","follow":"follow","max-snippet":"max-snippet:-1","max-image-preview":"max-image-preview:large","max-video-preview":"max-video-preview:-1"},"canonical":"https:\/\/blog.urbanitae.com\/fr\/glossaire\/garantie-collateral\/","og_locale":"fr_FR","og_type":"article","og_title":"Garantie (collat\u00e9ral) - Urbanitae Blog","og_description":"Il s\u2019agit d\u2019un actif corporel ou d\u2019une garantie qui est offert \u00e0 titre de soutien pour assurer le respect d\u2019une obligation financi\u00e8re. Il peut s\u2019agir d\u2019une propri\u00e9t\u00e9 qui est utilis\u00e9e comme garantie pour soutenir un pr\u00eat ou un investissement.","og_url":"https:\/\/blog.urbanitae.com\/fr\/glossaire\/garantie-collateral\/","og_site_name":"Urbanitae Blog | Les meilleures nouvelles sur l'investissement immobilier","article_publisher":"https:\/\/www.facebook.com\/urbanitae","article_modified_time":"2025-04-25T09:34:00+00:00","twitter_card":"summary_large_image","twitter_site":"@urbanitae","twitter_misc":{"Dur\u00e9e de lecture estim\u00e9e":"2 minutes"},"schema":{"@context":"https:\/\/schema.org","@graph":[{"@type":"WebPage","@id":"https:\/\/blog.urbanitae.com\/fr\/glossaire\/garantie-collateral\/","url":"https:\/\/blog.urbanitae.com\/fr\/glossaire\/garantie-collateral\/","name":"Garantie (collat\u00e9ral) - Urbanitae Blog","isPartOf":{"@id":"https:\/\/blog.urbanitae.com\/fr\/#website"},"datePublished":"2025-04-15T09:05:08+00:00","dateModified":"2025-04-25T09:34:00+00:00","description":"Il s\u2019agit d\u2019un actif corporel ou d\u2019une garantie qui est offert \u00e0 titre de soutien pour assurer le respect d\u2019une obligation financi\u00e8re. Il peut s\u2019agir d\u2019une propri\u00e9t\u00e9 qui est utilis\u00e9e comme garantie pour soutenir un pr\u00eat ou un investissement.","breadcrumb":{"@id":"https:\/\/blog.urbanitae.com\/fr\/glossaire\/garantie-collateral\/#breadcrumb"},"inLanguage":"fr-FR","potentialAction":[{"@type":"ReadAction","target":["https:\/\/blog.urbanitae.com\/fr\/glossaire\/garantie-collateral\/"]}]},{"@type":"BreadcrumbList","@id":"https:\/\/blog.urbanitae.com\/fr\/glossaire\/garantie-collateral\/#breadcrumb","itemListElement":[{"@type":"ListItem","position":1,"name":"Portada","item":"https:\/\/blog.urbanitae.com\/fr\/"},{"@type":"ListItem","position":2,"name":"Glossaire","item":"https:\/\/blog.urbanitae.com\/fr\/glosario\/"},{"@type":"ListItem","position":3,"name":"Garantie (collat\u00e9ral)"}]},{"@type":"WebSite","@id":"https:\/\/blog.urbanitae.com\/fr\/#website","url":"https:\/\/blog.urbanitae.com\/fr\/","name":"Urbanitae Blog | Las mejores noticias sobre inversi\u00f3n inmobiliaria","description":"L'investissement immobilier \u00e0 la port\u00e9e de tous","publisher":{"@id":"https:\/\/blog.urbanitae.com\/fr\/#organization"},"potentialAction":[{"@type":"SearchAction","target":{"@type":"EntryPoint","urlTemplate":"https:\/\/blog.urbanitae.com\/fr\/?s={search_term_string}"},"query-input":{"@type":"PropertyValueSpecification","valueRequired":true,"valueName":"search_term_string"}}],"inLanguage":"fr-FR"},{"@type":"Organization","@id":"https:\/\/blog.urbanitae.com\/fr\/#organization","name":"Urbanitae","url":"https:\/\/blog.urbanitae.com\/fr\/","logo":{"@type":"ImageObject","inLanguage":"fr-FR","@id":"https:\/\/blog.urbanitae.com\/fr\/#\/schema\/logo\/image\/","url":"https:\/\/blog.urbanitae.com\/wp-content\/uploads\/2020\/04\/logo-verde_350x100.svg","contentUrl":"https:\/\/blog.urbanitae.com\/wp-content\/uploads\/2020\/04\/logo-verde_350x100.svg","width":350,"height":100,"caption":"Urbanitae"},"image":{"@id":"https:\/\/blog.urbanitae.com\/fr\/#\/schema\/logo\/image\/"},"sameAs":["https:\/\/www.facebook.com\/urbanitae","https:\/\/x.com\/urbanitae","https:\/\/www.instagram.com\/urbanitae","https:\/\/www.linkedin.com\/company\/urbanitae","https:\/\/www.pinterest.es\/UrbanitaeSL\/_created\/","https:\/\/www.youtube.com\/c\/Urbanitae_RE"]}]}},"_links":{"self":[{"href":"https:\/\/blog.urbanitae.com\/fr\/wp-json\/wp\/v2\/pages\/61953","targetHints":{"allow":["GET"]}}],"collection":[{"href":"https:\/\/blog.urbanitae.com\/fr\/wp-json\/wp\/v2\/pages"}],"about":[{"href":"https:\/\/blog.urbanitae.com\/fr\/wp-json\/wp\/v2\/types\/page"}],"author":[{"embeddable":true,"href":"https:\/\/blog.urbanitae.com\/fr\/wp-json\/wp\/v2\/users\/20"}],"replies":[{"embeddable":true,"href":"https:\/\/blog.urbanitae.com\/fr\/wp-json\/wp\/v2\/comments?post=61953"}],"version-history":[{"count":0,"href":"https:\/\/blog.urbanitae.com\/fr\/wp-json\/wp\/v2\/pages\/61953\/revisions"}],"up":[{"embeddable":true,"href":"https:\/\/blog.urbanitae.com\/fr\/wp-json\/wp\/v2\/pages\/62174"}],"wp:attachment":[{"href":"https:\/\/blog.urbanitae.com\/fr\/wp-json\/wp\/v2\/media?parent=61953"}],"curies":[{"name":"wp","href":"https:\/\/api.w.org\/{rel}","templated":true}]}}