{"id":61945,"date":"2025-04-15T13:04:47","date_gmt":"2025-04-15T11:04:47","guid":{"rendered":"https:\/\/blog.urbanitae.com\/filpe-fonds-dinvestissement-a-long-terme-europeen\/"},"modified":"2025-04-25T11:34:13","modified_gmt":"2025-04-25T09:34:13","slug":"filpe-fonds-dinvestissement-a-long-terme-europeen","status":"publish","type":"page","link":"https:\/\/blog.urbanitae.com\/fr\/glossaire\/filpe-fonds-dinvestissement-a-long-terme-europeen\/","title":{"rendered":"FILPE (Fonds d\u2019investissement \u00e0 long terme europ\u00e9en)"},"content":{"rendered":"\t\t<div data-elementor-type=\"wp-page\" data-elementor-id=\"61945\" class=\"elementor elementor-61945 elementor-56312\">\n\t\t\t\t\t\t<section class=\"elementor-section elementor-top-section elementor-element elementor-element-d86d887 elementor-section-boxed elementor-section-height-default elementor-section-height-default\" data-id=\"d86d887\" data-element_type=\"section\" data-e-type=\"section\">\n\t\t\t\t\t\t<div class=\"elementor-container elementor-column-gap-default\">\n\t\t\t\t\t<div class=\"elementor-column elementor-col-100 elementor-top-column elementor-element elementor-element-8b49ddd\" data-id=\"8b49ddd\" data-element_type=\"column\" data-e-type=\"column\">\n\t\t\t<div class=\"elementor-widget-wrap elementor-element-populated\">\n\t\t\t\t\t\t<div class=\"elementor-element elementor-element-083b30b elementor-widget__width-initial elementor-widget elementor-widget-text-editor\" data-id=\"083b30b\" data-element_type=\"widget\" data-e-type=\"widget\" data-widget_type=\"text-editor.default\">\n\t\t\t\t<div class=\"elementor-widget-container\">\n\t\t\t\t\t\t\t\t\t<h3>Qu\u2019est-ce que c\u2019est?<\/h3><p style=\"color: #212121; font-family: Roboto, sans-serif; font-size: 16px;\">Les fonds europ\u00e9ens d\u2019investissement \u00e0 long terme (<strong>FILPE<\/strong>), ou ELTIF (European Long-Term Investment Funds), sont des v\u00e9hicules cr\u00e9\u00e9s par l\u2019Union europ\u00e9enne pour canaliser les capitaux vers des secteurs n\u00e9cessitant un financement soutenu, tels que les infrastructures, les \u00e9nergies renouvelables, le logement abordable ou les PME. Ils sont soumis \u00e0 une r\u00e9glementation sp\u00e9cifique visant \u00e0 promouvoir l\u2019investissement dans l\u2019\u00e9conomie r\u00e9elle tout en garantissant une protection solide des investisseurs. Une de leurs caract\u00e9ristiques principales est l\u2019obligation d\u2019allouer une part significative de leurs actifs \u00e0 des investissements illiquides, comme les entreprises non cot\u00e9es ou les actifs r\u00e9els.  <\/p><p style=\"color: #212121; font-family: Roboto, sans-serif; font-size: 16px;\">La r\u00e9glementation des <strong>FILPE<\/strong> a \u00e9t\u00e9 r\u00e9vis\u00e9e en 2023 afin de les rendre plus accessibles, en particulier pour les investisseurs particuliers. Parmi les am\u00e9liorations figurent la r\u00e9duction des barri\u00e8res \u00e0 l\u2019entr\u00e9e, des r\u00e8gles de diversification plus souples et la possibilit\u00e9 d\u2019offrir une liquidit\u00e9 partielle. De plus, gr\u00e2ce \u00e0 leur \u00ab passeport europ\u00e9en \u00bb, ces fonds peuvent \u00eatre commercialis\u00e9s dans tous les pays de l\u2019UE sans exigences suppl\u00e9mentaires, ce qui facilite la lev\u00e9e de capitaux \u00e0 l\u2019\u00e9chelle continentale.  <\/p>\t\t\t\t\t\t\t\t<\/div>\n\t\t\t\t<\/div>\n\t\t\t\t<div class=\"elementor-element elementor-element-11c28c4 elementor-widget__width-initial elementor-widget elementor-widget-text-editor\" data-id=\"11c28c4\" data-element_type=\"widget\" data-e-type=\"widget\" data-widget_type=\"text-editor.default\">\n\t\t\t\t<div class=\"elementor-widget-container\">\n\t\t\t\t\t\t\t\t\t<h3>Principaux aspects \u00e0 prendre en compte<\/h3><p style=\"color: #212121; font-family: Roboto, sans-serif; font-size: 16px;\">Les principales caract\u00e9ristiques des FILPE comprennent :<\/p><ul><li style=\"color: #212121; font-family: Roboto, sans-serif; font-size: 16px;\"><strong>Horizon de placement :<\/strong> Les FEILT sont con\u00e7us pour des investissements \u00e0 long terme, ce qui implique un engagement \u00e0 plus long terme et une liquidit\u00e9 plus faible.<\/li><li style=\"color: #212121; font-family: Roboto, sans-serif; font-size: 16px;\"><strong>Type d\u2019actifs :<\/strong> Ils doivent investir au moins 55 % (selon la r\u00e9glementation modifi\u00e9e) dans des actifs r\u00e9els ou des soci\u00e9t\u00e9s non cot\u00e9es.<\/li><li style=\"color: #212121; font-family: Roboto, sans-serif; font-size: 16px;\"><strong>Protection de l\u2019onduleur :<\/strong> Elles comprennent des exigences sp\u00e9cifiques en mati\u00e8re de transparence, d\u2019\u00e9valuation de l\u2019honorabilit\u00e9 et de la comp\u00e9tence et de surveillance afin d\u2019assurer la protection des investisseurs, en particulier des investisseurs de d\u00e9tail.<\/li><li style=\"color: #212121; font-family: Roboto, sans-serif; font-size: 16px;\"><strong>Avantages fiscaux et r\u00e9glementaires :<\/strong> Dans certains pays, ils peuvent offrir des avantages fiscaux et disposer du passeport europ\u00e9en qui permet leur distribution transfrontali\u00e8re.<\/li><\/ul><p style=\"color: #212121; font-family: Roboto, sans-serif; font-size: 16px;\">Los FILPE representan una opci\u00f3n atractiva para quienes buscan diversificar su cartera con inversiones estables y con impacto en la econom\u00eda real, especialmente en sectores estrat\u00e9gicos como las infraestructuras o la innovaci\u00f3n. Su marco regulatorio ofrece garant\u00edas s\u00f3lidas y una perspectiva europea que favorece la eficiencia y la diversificaci\u00f3n. No obstante, su menor liquidez y el horizonte temporal prolongado que exigen pueden no ser adecuados para todos los perfiles inversores, por lo que es fundamental valorar cuidadosamente los objetivos y necesidades antes de invertir.  <\/p>\t\t\t\t\t\t\t\t<\/div>\n\t\t\t\t<\/div>\n\t\t\t\t\t<\/div>\n\t\t<\/div>\n\t\t\t\t\t<\/div>\n\t\t<\/section>\n\t\t\t\t<section class=\"elementor-section elementor-top-section elementor-element elementor-element-aa563c5 elementor-section-full_width elementor-section-stretched elementor-section-height-default elementor-section-height-default\" data-id=\"aa563c5\" data-element_type=\"section\" data-e-type=\"section\" data-settings=\"{&quot;stretch_section&quot;:&quot;section-stretched&quot;}\">\n\t\t\t\t\t\t<div class=\"elementor-container elementor-column-gap-default\">\n\t\t\t\t\t<div class=\"elementor-column elementor-col-100 elementor-top-column elementor-element elementor-element-41114ac\" data-id=\"41114ac\" data-element_type=\"column\" data-e-type=\"column\">\n\t\t\t<div class=\"elementor-widget-wrap elementor-element-populated\">\n\t\t\t\t\t\t<div class=\"elementor-element elementor-element-43f7095 elementor-widget elementor-widget-html\" data-id=\"43f7095\" data-element_type=\"widget\" data-e-type=\"widget\" data-widget_type=\"html.default\">\n\t\t\t\t<div class=\"elementor-widget-container\">\n\t\t\t\t\t\r\n        <div class=\"qode-advanced-call-to-action qode-advanced-cta-gradient qode-advanced-cta-gradient-animation\" style=\"height:80px\">\r\n            <a class=\"advanced-cta-link\" href=\"https:\/\/mkt.urbanitae.com\/Urbanitae_suscripcion_newsletter.html?utm_source=blog&amp;utm_medium=link_blog&amp;utm_campaign=suscripcion_blog&amp;utm_content=boton\" target=\"_blank\" onclick=\"dataLayer.push({'event': 'ub_ga4_event', 'ub_ga4_event_name': 'newsletter', 'ub_ga4_event_element': 'aprende'})\"><\/a>\r\n            <div class=\"qode-advanced-cta-content\">\r\n                <span class=\"qode-advanced-cta-text-holder\" style=\"color:#FFFFFF;font-size:25px\">\r\n Abonnez-vous \u00e0 notre Newsletter <\/span>\r\n                <span class=\"qode-advanced-cta-icon-holder\" style=\"color:#FFFFFF;font-size:25px\">\r\n                    <span class=\"qode-advanced-cta-icon-holder-table\">\r\n                        <span class=\"qode-advanced-cta-icon-holder-cell\">\r\n                            <i class=\"qode_icon_font_awesome_5 fa5 fa fa-envelope-open-text qode-advanced-cta-icon\"><\/i> <\/span>\r\n                    <\/span>\r\n                <\/span>\r\n            <\/div>\r\n            <div class=\"qode-advanced-cta-background-holder\">\r\n                <span class=\"qode-advanced-cta-background-1 qode-type1-gradient-left-to-right\"><\/span>\r\n                <span class=\"qode-advanced-cta-background-2 qode-type1-gradient-left-to-right\"><\/span>\r\n                <span class=\"qode-advanced-cta-background-3\"><\/span>\r\n            <\/div>\r\n        <\/div>\r\n\t\t\t\t<\/div>\n\t\t\t\t<\/div>\n\t\t\t\t\t<\/div>\n\t\t<\/div>\n\t\t\t\t\t<\/div>\n\t\t<\/section>\n\t\t\t\t<\/div>\n\t\t","protected":false},"excerpt":{"rendered":"<p>Qu\u2019est-ce que c\u2019est? Les fonds europ\u00e9ens d\u2019investissement \u00e0 long terme (FILPE), ou ELTIF (European Long-Term Investment Funds), sont des v\u00e9hicules cr\u00e9\u00e9s par l\u2019Union europ\u00e9enne pour canaliser les capitaux vers des secteurs n\u00e9cessitant un financement soutenu, tels que les infrastructures, les \u00e9nergies renouvelables, le logement abordable ou les PME. Ils sont soumis \u00e0 une r\u00e9glementation sp\u00e9cifique [&hellip;]<\/p>\n","protected":false},"author":20,"featured_media":0,"parent":62174,"menu_order":0,"comment_status":"closed","ping_status":"closed","template":"","meta":{"inline_featured_image":false,"footnotes":""},"class_list":["post-61945","page","type-page","status-publish","hentry"],"yoast_head":"<!-- This site is optimized with the Yoast SEO plugin v27.4 - https:\/\/yoast.com\/product\/yoast-seo-wordpress\/ -->\n<title>FILPE (Fonds d\u2019investissement \u00e0 long terme europ\u00e9en) - Urbanitae Blog<\/title>\n<meta name=\"description\" content=\"Acronyme de \u00ab Fondo de Inversi\u00f3n Libre de Promoci\u00f3n Empresarial \u00bb. Il s\u2019agit de fonds d\u2019investissement qui b\u00e9n\u00e9ficient d\u2019une fiscalit\u00e9 avantageuse en Espagne et qui sont destin\u00e9s \u00e0 investir dans des petites et moyennes entreprises en croissance.\" \/>\n<meta name=\"robots\" content=\"index, follow, max-snippet:-1, max-image-preview:large, max-video-preview:-1\" \/>\n<link rel=\"canonical\" href=\"https:\/\/blog.urbanitae.com\/fr\/glossaire\/filpe-fonds-dinvestissement-a-long-terme-europeen\/\" \/>\n<meta property=\"og:locale\" content=\"fr_FR\" \/>\n<meta property=\"og:type\" content=\"article\" \/>\n<meta property=\"og:title\" content=\"FILPE (Fonds d\u2019investissement \u00e0 long terme europ\u00e9en) - Urbanitae Blog\" \/>\n<meta property=\"og:description\" content=\"Acronyme de \u00ab Fondo de Inversi\u00f3n Libre de Promoci\u00f3n Empresarial \u00bb. Il s\u2019agit de fonds d\u2019investissement qui b\u00e9n\u00e9ficient d\u2019une fiscalit\u00e9 avantageuse en Espagne et qui sont destin\u00e9s \u00e0 investir dans des petites et moyennes entreprises en croissance.\" \/>\n<meta property=\"og:url\" content=\"https:\/\/blog.urbanitae.com\/fr\/glossaire\/filpe-fonds-dinvestissement-a-long-terme-europeen\/\" \/>\n<meta property=\"og:site_name\" content=\"Urbanitae Blog | Les meilleures nouvelles sur l&#039;investissement immobilier\" \/>\n<meta property=\"article:publisher\" content=\"https:\/\/www.facebook.com\/urbanitae\" \/>\n<meta property=\"article:modified_time\" content=\"2025-04-25T09:34:13+00:00\" \/>\n<meta name=\"twitter:card\" content=\"summary_large_image\" \/>\n<meta name=\"twitter:site\" content=\"@urbanitae\" \/>\n<meta name=\"twitter:label1\" content=\"Dur\u00e9e de lecture estim\u00e9e\" \/>\n\t<meta name=\"twitter:data1\" content=\"2 minutes\" \/>\n<script type=\"application\/ld+json\" class=\"yoast-schema-graph\">{\"@context\":\"https:\\\/\\\/schema.org\",\"@graph\":[{\"@type\":\"WebPage\",\"@id\":\"https:\\\/\\\/blog.urbanitae.com\\\/fr\\\/glossaire\\\/filpe-fonds-dinvestissement-a-long-terme-europeen\\\/\",\"url\":\"https:\\\/\\\/blog.urbanitae.com\\\/fr\\\/glossaire\\\/filpe-fonds-dinvestissement-a-long-terme-europeen\\\/\",\"name\":\"FILPE (Fonds d\u2019investissement \u00e0 long terme europ\u00e9en) - Urbanitae Blog\",\"isPartOf\":{\"@id\":\"https:\\\/\\\/blog.urbanitae.com\\\/fr\\\/#website\"},\"datePublished\":\"2025-04-15T11:04:47+00:00\",\"dateModified\":\"2025-04-25T09:34:13+00:00\",\"description\":\"Acronyme de \u00ab Fondo de Inversi\u00f3n Libre de Promoci\u00f3n Empresarial \u00bb. Il s\u2019agit de fonds d\u2019investissement qui b\u00e9n\u00e9ficient d\u2019une fiscalit\u00e9 avantageuse en Espagne et qui sont destin\u00e9s \u00e0 investir dans des petites et moyennes entreprises en croissance.\",\"breadcrumb\":{\"@id\":\"https:\\\/\\\/blog.urbanitae.com\\\/fr\\\/glossaire\\\/filpe-fonds-dinvestissement-a-long-terme-europeen\\\/#breadcrumb\"},\"inLanguage\":\"fr-FR\",\"potentialAction\":[{\"@type\":\"ReadAction\",\"target\":[\"https:\\\/\\\/blog.urbanitae.com\\\/fr\\\/glossaire\\\/filpe-fonds-dinvestissement-a-long-terme-europeen\\\/\"]}]},{\"@type\":\"BreadcrumbList\",\"@id\":\"https:\\\/\\\/blog.urbanitae.com\\\/fr\\\/glossaire\\\/filpe-fonds-dinvestissement-a-long-terme-europeen\\\/#breadcrumb\",\"itemListElement\":[{\"@type\":\"ListItem\",\"position\":1,\"name\":\"Portada\",\"item\":\"https:\\\/\\\/blog.urbanitae.com\\\/fr\\\/\"},{\"@type\":\"ListItem\",\"position\":2,\"name\":\"Glossaire\",\"item\":\"https:\\\/\\\/blog.urbanitae.com\\\/fr\\\/glosario\\\/\"},{\"@type\":\"ListItem\",\"position\":3,\"name\":\"FILPE (Fonds d\u2019investissement \u00e0 long terme europ\u00e9en)\"}]},{\"@type\":\"WebSite\",\"@id\":\"https:\\\/\\\/blog.urbanitae.com\\\/fr\\\/#website\",\"url\":\"https:\\\/\\\/blog.urbanitae.com\\\/fr\\\/\",\"name\":\"Urbanitae Blog | Las mejores noticias sobre inversi\u00f3n inmobiliaria\",\"description\":\"L'investissement immobilier \u00e0 la port\u00e9e de tous\",\"publisher\":{\"@id\":\"https:\\\/\\\/blog.urbanitae.com\\\/fr\\\/#organization\"},\"potentialAction\":[{\"@type\":\"SearchAction\",\"target\":{\"@type\":\"EntryPoint\",\"urlTemplate\":\"https:\\\/\\\/blog.urbanitae.com\\\/fr\\\/?s={search_term_string}\"},\"query-input\":{\"@type\":\"PropertyValueSpecification\",\"valueRequired\":true,\"valueName\":\"search_term_string\"}}],\"inLanguage\":\"fr-FR\"},{\"@type\":\"Organization\",\"@id\":\"https:\\\/\\\/blog.urbanitae.com\\\/fr\\\/#organization\",\"name\":\"Urbanitae\",\"url\":\"https:\\\/\\\/blog.urbanitae.com\\\/fr\\\/\",\"logo\":{\"@type\":\"ImageObject\",\"inLanguage\":\"fr-FR\",\"@id\":\"https:\\\/\\\/blog.urbanitae.com\\\/fr\\\/#\\\/schema\\\/logo\\\/image\\\/\",\"url\":\"https:\\\/\\\/blog.urbanitae.com\\\/wp-content\\\/uploads\\\/2020\\\/04\\\/logo-verde_350x100.svg\",\"contentUrl\":\"https:\\\/\\\/blog.urbanitae.com\\\/wp-content\\\/uploads\\\/2020\\\/04\\\/logo-verde_350x100.svg\",\"width\":350,\"height\":100,\"caption\":\"Urbanitae\"},\"image\":{\"@id\":\"https:\\\/\\\/blog.urbanitae.com\\\/fr\\\/#\\\/schema\\\/logo\\\/image\\\/\"},\"sameAs\":[\"https:\\\/\\\/www.facebook.com\\\/urbanitae\",\"https:\\\/\\\/x.com\\\/urbanitae\",\"https:\\\/\\\/www.instagram.com\\\/urbanitae\",\"https:\\\/\\\/www.linkedin.com\\\/company\\\/urbanitae\",\"https:\\\/\\\/www.pinterest.es\\\/UrbanitaeSL\\\/_created\\\/\",\"https:\\\/\\\/www.youtube.com\\\/c\\\/Urbanitae_RE\"]}]}<\/script>\n<!-- \/ Yoast SEO plugin. -->","yoast_head_json":{"title":"FILPE (Fonds d\u2019investissement \u00e0 long terme europ\u00e9en) - Urbanitae Blog","description":"Acronyme de \u00ab Fondo de Inversi\u00f3n Libre de Promoci\u00f3n Empresarial \u00bb. Il s\u2019agit de fonds d\u2019investissement qui b\u00e9n\u00e9ficient d\u2019une fiscalit\u00e9 avantageuse en Espagne et qui sont destin\u00e9s \u00e0 investir dans des petites et moyennes entreprises en croissance.","robots":{"index":"index","follow":"follow","max-snippet":"max-snippet:-1","max-image-preview":"max-image-preview:large","max-video-preview":"max-video-preview:-1"},"canonical":"https:\/\/blog.urbanitae.com\/fr\/glossaire\/filpe-fonds-dinvestissement-a-long-terme-europeen\/","og_locale":"fr_FR","og_type":"article","og_title":"FILPE (Fonds d\u2019investissement \u00e0 long terme europ\u00e9en) - Urbanitae Blog","og_description":"Acronyme de \u00ab Fondo de Inversi\u00f3n Libre de Promoci\u00f3n Empresarial \u00bb. Il s\u2019agit de fonds d\u2019investissement qui b\u00e9n\u00e9ficient d\u2019une fiscalit\u00e9 avantageuse en Espagne et qui sont destin\u00e9s \u00e0 investir dans des petites et moyennes entreprises en croissance.","og_url":"https:\/\/blog.urbanitae.com\/fr\/glossaire\/filpe-fonds-dinvestissement-a-long-terme-europeen\/","og_site_name":"Urbanitae Blog | Les meilleures nouvelles sur l'investissement immobilier","article_publisher":"https:\/\/www.facebook.com\/urbanitae","article_modified_time":"2025-04-25T09:34:13+00:00","twitter_card":"summary_large_image","twitter_site":"@urbanitae","twitter_misc":{"Dur\u00e9e de lecture estim\u00e9e":"2 minutes"},"schema":{"@context":"https:\/\/schema.org","@graph":[{"@type":"WebPage","@id":"https:\/\/blog.urbanitae.com\/fr\/glossaire\/filpe-fonds-dinvestissement-a-long-terme-europeen\/","url":"https:\/\/blog.urbanitae.com\/fr\/glossaire\/filpe-fonds-dinvestissement-a-long-terme-europeen\/","name":"FILPE (Fonds d\u2019investissement \u00e0 long terme europ\u00e9en) - Urbanitae Blog","isPartOf":{"@id":"https:\/\/blog.urbanitae.com\/fr\/#website"},"datePublished":"2025-04-15T11:04:47+00:00","dateModified":"2025-04-25T09:34:13+00:00","description":"Acronyme de \u00ab Fondo de Inversi\u00f3n Libre de Promoci\u00f3n Empresarial \u00bb. Il s\u2019agit de fonds d\u2019investissement qui b\u00e9n\u00e9ficient d\u2019une fiscalit\u00e9 avantageuse en Espagne et qui sont destin\u00e9s \u00e0 investir dans des petites et moyennes entreprises en croissance.","breadcrumb":{"@id":"https:\/\/blog.urbanitae.com\/fr\/glossaire\/filpe-fonds-dinvestissement-a-long-terme-europeen\/#breadcrumb"},"inLanguage":"fr-FR","potentialAction":[{"@type":"ReadAction","target":["https:\/\/blog.urbanitae.com\/fr\/glossaire\/filpe-fonds-dinvestissement-a-long-terme-europeen\/"]}]},{"@type":"BreadcrumbList","@id":"https:\/\/blog.urbanitae.com\/fr\/glossaire\/filpe-fonds-dinvestissement-a-long-terme-europeen\/#breadcrumb","itemListElement":[{"@type":"ListItem","position":1,"name":"Portada","item":"https:\/\/blog.urbanitae.com\/fr\/"},{"@type":"ListItem","position":2,"name":"Glossaire","item":"https:\/\/blog.urbanitae.com\/fr\/glosario\/"},{"@type":"ListItem","position":3,"name":"FILPE (Fonds d\u2019investissement \u00e0 long terme europ\u00e9en)"}]},{"@type":"WebSite","@id":"https:\/\/blog.urbanitae.com\/fr\/#website","url":"https:\/\/blog.urbanitae.com\/fr\/","name":"Urbanitae Blog | Las mejores noticias sobre inversi\u00f3n inmobiliaria","description":"L'investissement immobilier \u00e0 la port\u00e9e de tous","publisher":{"@id":"https:\/\/blog.urbanitae.com\/fr\/#organization"},"potentialAction":[{"@type":"SearchAction","target":{"@type":"EntryPoint","urlTemplate":"https:\/\/blog.urbanitae.com\/fr\/?s={search_term_string}"},"query-input":{"@type":"PropertyValueSpecification","valueRequired":true,"valueName":"search_term_string"}}],"inLanguage":"fr-FR"},{"@type":"Organization","@id":"https:\/\/blog.urbanitae.com\/fr\/#organization","name":"Urbanitae","url":"https:\/\/blog.urbanitae.com\/fr\/","logo":{"@type":"ImageObject","inLanguage":"fr-FR","@id":"https:\/\/blog.urbanitae.com\/fr\/#\/schema\/logo\/image\/","url":"https:\/\/blog.urbanitae.com\/wp-content\/uploads\/2020\/04\/logo-verde_350x100.svg","contentUrl":"https:\/\/blog.urbanitae.com\/wp-content\/uploads\/2020\/04\/logo-verde_350x100.svg","width":350,"height":100,"caption":"Urbanitae"},"image":{"@id":"https:\/\/blog.urbanitae.com\/fr\/#\/schema\/logo\/image\/"},"sameAs":["https:\/\/www.facebook.com\/urbanitae","https:\/\/x.com\/urbanitae","https:\/\/www.instagram.com\/urbanitae","https:\/\/www.linkedin.com\/company\/urbanitae","https:\/\/www.pinterest.es\/UrbanitaeSL\/_created\/","https:\/\/www.youtube.com\/c\/Urbanitae_RE"]}]}},"_links":{"self":[{"href":"https:\/\/blog.urbanitae.com\/fr\/wp-json\/wp\/v2\/pages\/61945","targetHints":{"allow":["GET"]}}],"collection":[{"href":"https:\/\/blog.urbanitae.com\/fr\/wp-json\/wp\/v2\/pages"}],"about":[{"href":"https:\/\/blog.urbanitae.com\/fr\/wp-json\/wp\/v2\/types\/page"}],"author":[{"embeddable":true,"href":"https:\/\/blog.urbanitae.com\/fr\/wp-json\/wp\/v2\/users\/20"}],"replies":[{"embeddable":true,"href":"https:\/\/blog.urbanitae.com\/fr\/wp-json\/wp\/v2\/comments?post=61945"}],"version-history":[{"count":1,"href":"https:\/\/blog.urbanitae.com\/fr\/wp-json\/wp\/v2\/pages\/61945\/revisions"}],"predecessor-version":[{"id":61946,"href":"https:\/\/blog.urbanitae.com\/fr\/wp-json\/wp\/v2\/pages\/61945\/revisions\/61946"}],"up":[{"embeddable":true,"href":"https:\/\/blog.urbanitae.com\/fr\/wp-json\/wp\/v2\/pages\/62174"}],"wp:attachment":[{"href":"https:\/\/blog.urbanitae.com\/fr\/wp-json\/wp\/v2\/media?parent=61945"}],"curies":[{"name":"wp","href":"https:\/\/api.w.org\/{rel}","templated":true}]}}