{"id":61943,"date":"2025-04-15T12:59:29","date_gmt":"2025-04-15T10:59:29","guid":{"rendered":"https:\/\/blog.urbanitae.com\/fonds-dinvestissement-libre-fil\/"},"modified":"2025-04-25T11:34:13","modified_gmt":"2025-04-25T09:34:13","slug":"fonds-dinvestissement-libre-fil","status":"publish","type":"page","link":"https:\/\/blog.urbanitae.com\/fr\/glossaire\/fonds-dinvestissement-libre-fil\/","title":{"rendered":"Fonds d&rsquo;investissement libre (FIL)"},"content":{"rendered":"\t\t<div data-elementor-type=\"wp-page\" data-elementor-id=\"61943\" class=\"elementor elementor-61943 elementor-56304\">\n\t\t\t\t\t\t<section class=\"elementor-section elementor-top-section elementor-element elementor-element-d86d887 elementor-section-boxed elementor-section-height-default elementor-section-height-default\" data-id=\"d86d887\" data-element_type=\"section\" data-e-type=\"section\">\n\t\t\t\t\t\t<div class=\"elementor-container elementor-column-gap-default\">\n\t\t\t\t\t<div class=\"elementor-column elementor-col-100 elementor-top-column elementor-element elementor-element-8b49ddd\" data-id=\"8b49ddd\" data-element_type=\"column\" data-e-type=\"column\">\n\t\t\t<div class=\"elementor-widget-wrap elementor-element-populated\">\n\t\t\t\t\t\t<div class=\"elementor-element elementor-element-083b30b elementor-widget__width-initial elementor-widget elementor-widget-text-editor\" data-id=\"083b30b\" data-element_type=\"widget\" data-e-type=\"widget\" data-widget_type=\"text-editor.default\">\n\t\t\t\t<div class=\"elementor-widget-container\">\n\t\t\t\t\t\t\t\t\t<h3>Qu\u2019est-ce que c\u2019est?<\/h3><p style=\"color: #212121; font-family: Roboto, sans-serif; font-size: 16px;\">Ce sont des fonds d&rsquo;investissement priv\u00e9s et non r\u00e9glement\u00e9s qui cherchent \u00e0 obtenir des rendements \u00e0 travers diff\u00e9rentes strat\u00e9gies d&rsquo;investissement. \u00c9galement appel\u00e9s hedge funds, ils sont con\u00e7us pour maximiser le rendement des investisseurs, ind\u00e9pendamment des conditions du march\u00e9, en utilisant une vari\u00e9t\u00e9 de techniques sophistiqu\u00e9es. Leur objectif principal est de g\u00e9n\u00e9rer des b\u00e9n\u00e9fices constants et sup\u00e9rieurs au march\u00e9, tout en minimisant les risques. <\/p><p style=\"color: #212121; font-family: Roboto, sans-serif; font-size: 16px;\">Contrairement aux fonds traditionnels, les hedge funds peuvent op\u00e9rer de mani\u00e8re plus flexible et avec moins de restrictions, ce qui leur permet d&#8217;employer des strat\u00e9gies agressives, telles que l&rsquo;effet de levier, la vente \u00e0 d\u00e9couvert et l&rsquo;utilisation de d\u00e9riv\u00e9s. Cela leur permet de r\u00e9aliser des b\u00e9n\u00e9fices m\u00eame lorsque les march\u00e9s sont \u00e0 la baisse ou en p\u00e9riode de grande volatilit\u00e9. <\/p>\t\t\t\t\t\t\t\t<\/div>\n\t\t\t\t<\/div>\n\t\t\t\t<div class=\"elementor-element elementor-element-11c28c4 elementor-widget__width-initial elementor-widget elementor-widget-text-editor\" data-id=\"11c28c4\" data-element_type=\"widget\" data-e-type=\"widget\" data-widget_type=\"text-editor.default\">\n\t\t\t\t<div class=\"elementor-widget-container\">\n\t\t\t\t\t\t\t\t\t<h3>Principaux aspects \u00e0 prendre en compte<\/h3><p style=\"color: #212121; font-family: Roboto, sans-serif; font-size: 16px;\"><strong>Les hedge funds<\/strong> emploient une vari\u00e9t\u00e9 de strat\u00e9gies d\u2019investissement, notamment :<\/p><ul><li style=\"color: #212121; font-family: Roboto, sans-serif; font-size: 16px;\"><strong>Arbitrage:<\/strong> Recherchez les diff\u00e9rences de prix entre les diff\u00e9rents march\u00e9s pour r\u00e9aliser des b\u00e9n\u00e9fices sans vous exposer \u00e0 des risques importants.<\/li><li style=\"color: #212121; font-family: Roboto, sans-serif; font-size: 16px;\"><strong>Actions longues\/courtes :<\/strong> Investir dans des actions dont la valeur devrait augmenter et vendre \u00e0 d\u00e9couvert celles qui devraient diminuer.<\/li><li style=\"color: #212121; font-family: Roboto, sans-serif; font-size: 16px;\"><strong>Utilisation de produits d\u00e9riv\u00e9s et d\u2019effet de levier :<\/strong> Utilisez des instruments financiers tels que des contrats \u00e0 terme et des options pour augmenter les rendements potentiels.<\/li><li style=\"color: #212121; font-family: Roboto, sans-serif; font-size: 16px;\"><strong>Investissements dans des actifs alternatifs :<\/strong> Investir dans des actifs non traditionnels, tels que l\u2019immobilier, les mati\u00e8res premi\u00e8res ou la dette d\u2019entreprise.<\/li><\/ul><p style=\"color: #212121; font-family: Roboto, sans-serif; font-size: 16px;\">Malgr\u00e9 leur flexibilit\u00e9 et leur potentiel de rendement \u00e9lev\u00e9, les hedge funds pr\u00e9sentent un niveau de risque \u00e9lev\u00e9 et sont souvent inaccessibles aux investisseurs particuliers, car ils n\u00e9cessitent des investissements initiaux importants et sont r\u00e9serv\u00e9s aux investisseurs accr\u00e9dit\u00e9s ou institutionnels.<\/p>\t\t\t\t\t\t\t\t<\/div>\n\t\t\t\t<\/div>\n\t\t\t\t\t<\/div>\n\t\t<\/div>\n\t\t\t\t\t<\/div>\n\t\t<\/section>\n\t\t\t\t<section class=\"elementor-section elementor-top-section elementor-element elementor-element-aa563c5 elementor-section-full_width elementor-section-stretched elementor-section-height-default elementor-section-height-default\" data-id=\"aa563c5\" data-element_type=\"section\" data-e-type=\"section\" data-settings=\"{&quot;stretch_section&quot;:&quot;section-stretched&quot;}\">\n\t\t\t\t\t\t<div class=\"elementor-container elementor-column-gap-default\">\n\t\t\t\t\t<div class=\"elementor-column elementor-col-100 elementor-top-column elementor-element elementor-element-41114ac\" data-id=\"41114ac\" data-element_type=\"column\" data-e-type=\"column\">\n\t\t\t<div class=\"elementor-widget-wrap elementor-element-populated\">\n\t\t\t\t\t\t<div class=\"elementor-element elementor-element-43f7095 elementor-widget elementor-widget-html\" data-id=\"43f7095\" data-element_type=\"widget\" data-e-type=\"widget\" data-widget_type=\"html.default\">\n\t\t\t\t<div class=\"elementor-widget-container\">\n\t\t\t\t\t\r\n        <div class=\"qode-advanced-call-to-action qode-advanced-cta-gradient qode-advanced-cta-gradient-animation\" style=\"height:80px\">\r\n            <a class=\"advanced-cta-link\" href=\"https:\/\/mkt.urbanitae.com\/Urbanitae_suscripcion_newsletter.html?utm_source=blog&amp;utm_medium=link_blog&amp;utm_campaign=suscripcion_blog&amp;utm_content=boton\" target=\"_blank\" onclick=\"dataLayer.push({'event': 'ub_ga4_event', 'ub_ga4_event_name': 'newsletter', 'ub_ga4_event_element': 'aprende'})\"><\/a>\r\n            <div class=\"qode-advanced-cta-content\">\r\n                <span class=\"qode-advanced-cta-text-holder\" style=\"color:#FFFFFF;font-size:25px\">\r\n Abonnez-vous \u00e0 notre Newsletter <\/span>\r\n                <span class=\"qode-advanced-cta-icon-holder\" style=\"color:#FFFFFF;font-size:25px\">\r\n                    <span class=\"qode-advanced-cta-icon-holder-table\">\r\n                        <span class=\"qode-advanced-cta-icon-holder-cell\">\r\n                            <i class=\"qode_icon_font_awesome_5 fa5 fa fa-envelope-open-text qode-advanced-cta-icon\"><\/i> <\/span>\r\n                    <\/span>\r\n                <\/span>\r\n            <\/div>\r\n            <div class=\"qode-advanced-cta-background-holder\">\r\n                <span class=\"qode-advanced-cta-background-1 qode-type1-gradient-left-to-right\"><\/span>\r\n                <span class=\"qode-advanced-cta-background-2 qode-type1-gradient-left-to-right\"><\/span>\r\n                <span class=\"qode-advanced-cta-background-3\"><\/span>\r\n            <\/div>\r\n        <\/div>\r\n\t\t\t\t<\/div>\n\t\t\t\t<\/div>\n\t\t\t\t\t<\/div>\n\t\t<\/div>\n\t\t\t\t\t<\/div>\n\t\t<\/section>\n\t\t\t\t<\/div>\n\t\t","protected":false},"excerpt":{"rendered":"<p>Qu\u2019est-ce que c\u2019est? Ce sont des fonds d&rsquo;investissement priv\u00e9s et non r\u00e9glement\u00e9s qui cherchent \u00e0 obtenir des rendements \u00e0 travers diff\u00e9rentes strat\u00e9gies d&rsquo;investissement. \u00c9galement appel\u00e9s hedge funds, ils sont con\u00e7us pour maximiser le rendement des investisseurs, ind\u00e9pendamment des conditions du march\u00e9, en utilisant une vari\u00e9t\u00e9 de techniques sophistiqu\u00e9es. Leur objectif principal est de g\u00e9n\u00e9rer des [&hellip;]<\/p>\n","protected":false},"author":20,"featured_media":0,"parent":62174,"menu_order":0,"comment_status":"closed","ping_status":"closed","template":"","meta":{"inline_featured_image":false,"footnotes":""},"class_list":["post-61943","page","type-page","status-publish","hentry"],"yoast_head":"<!-- This site is optimized with the Yoast SEO plugin v27.4 - https:\/\/yoast.com\/product\/yoast-seo-wordpress\/ -->\n<title>Fonds d&#039;investissement libre (FIL) - Urbanitae Blog<\/title>\n<meta name=\"description\" content=\"Il s\u2019agit de fonds d\u2019investissement priv\u00e9s non r\u00e9glement\u00e9s qui cherchent \u00e0 obtenir des rendements gr\u00e2ce \u00e0 diff\u00e9rentes strat\u00e9gies d\u2019investissement. Les fonds sp\u00e9culatifs peuvent utiliser des techniques sophistiqu\u00e9es, telles que l\u2019effet de levier et l\u2019utilisation de produits d\u00e9riv\u00e9s, pour g\u00e9n\u00e9rer des b\u00e9n\u00e9fices dans diff\u00e9rentes conditions de march\u00e9.\" \/>\n<meta name=\"robots\" content=\"index, follow, max-snippet:-1, max-image-preview:large, max-video-preview:-1\" \/>\n<link rel=\"canonical\" href=\"https:\/\/blog.urbanitae.com\/fr\/glossaire\/fonds-dinvestissement-libre-fil\/\" \/>\n<meta property=\"og:locale\" content=\"fr_FR\" \/>\n<meta property=\"og:type\" content=\"article\" \/>\n<meta property=\"og:title\" content=\"Fonds d&#039;investissement libre (FIL) - Urbanitae Blog\" \/>\n<meta property=\"og:description\" content=\"Il s\u2019agit de fonds d\u2019investissement priv\u00e9s non r\u00e9glement\u00e9s qui cherchent \u00e0 obtenir des rendements gr\u00e2ce \u00e0 diff\u00e9rentes strat\u00e9gies d\u2019investissement. Les fonds sp\u00e9culatifs peuvent utiliser des techniques sophistiqu\u00e9es, telles que l\u2019effet de levier et l\u2019utilisation de produits d\u00e9riv\u00e9s, pour g\u00e9n\u00e9rer des b\u00e9n\u00e9fices dans diff\u00e9rentes conditions de march\u00e9.\" \/>\n<meta property=\"og:url\" content=\"https:\/\/blog.urbanitae.com\/fr\/glossaire\/fonds-dinvestissement-libre-fil\/\" \/>\n<meta property=\"og:site_name\" content=\"Urbanitae Blog | Les meilleures nouvelles sur l&#039;investissement immobilier\" \/>\n<meta property=\"article:publisher\" content=\"https:\/\/www.facebook.com\/urbanitae\" \/>\n<meta property=\"article:modified_time\" content=\"2025-04-25T09:34:13+00:00\" \/>\n<meta name=\"twitter:card\" content=\"summary_large_image\" \/>\n<meta name=\"twitter:site\" content=\"@urbanitae\" \/>\n<meta name=\"twitter:label1\" content=\"Dur\u00e9e de lecture estim\u00e9e\" \/>\n\t<meta name=\"twitter:data1\" content=\"2 minutes\" \/>\n<script type=\"application\/ld+json\" class=\"yoast-schema-graph\">{\"@context\":\"https:\\\/\\\/schema.org\",\"@graph\":[{\"@type\":\"WebPage\",\"@id\":\"https:\\\/\\\/blog.urbanitae.com\\\/fr\\\/glossaire\\\/fonds-dinvestissement-libre-fil\\\/\",\"url\":\"https:\\\/\\\/blog.urbanitae.com\\\/fr\\\/glossaire\\\/fonds-dinvestissement-libre-fil\\\/\",\"name\":\"Fonds d'investissement libre (FIL) - Urbanitae Blog\",\"isPartOf\":{\"@id\":\"https:\\\/\\\/blog.urbanitae.com\\\/fr\\\/#website\"},\"datePublished\":\"2025-04-15T10:59:29+00:00\",\"dateModified\":\"2025-04-25T09:34:13+00:00\",\"description\":\"Il s\u2019agit de fonds d\u2019investissement priv\u00e9s non r\u00e9glement\u00e9s qui cherchent \u00e0 obtenir des rendements gr\u00e2ce \u00e0 diff\u00e9rentes strat\u00e9gies d\u2019investissement. Les fonds sp\u00e9culatifs peuvent utiliser des techniques sophistiqu\u00e9es, telles que l\u2019effet de levier et l\u2019utilisation de produits d\u00e9riv\u00e9s, pour g\u00e9n\u00e9rer des b\u00e9n\u00e9fices dans diff\u00e9rentes conditions de march\u00e9.\",\"breadcrumb\":{\"@id\":\"https:\\\/\\\/blog.urbanitae.com\\\/fr\\\/glossaire\\\/fonds-dinvestissement-libre-fil\\\/#breadcrumb\"},\"inLanguage\":\"fr-FR\",\"potentialAction\":[{\"@type\":\"ReadAction\",\"target\":[\"https:\\\/\\\/blog.urbanitae.com\\\/fr\\\/glossaire\\\/fonds-dinvestissement-libre-fil\\\/\"]}]},{\"@type\":\"BreadcrumbList\",\"@id\":\"https:\\\/\\\/blog.urbanitae.com\\\/fr\\\/glossaire\\\/fonds-dinvestissement-libre-fil\\\/#breadcrumb\",\"itemListElement\":[{\"@type\":\"ListItem\",\"position\":1,\"name\":\"Portada\",\"item\":\"https:\\\/\\\/blog.urbanitae.com\\\/fr\\\/\"},{\"@type\":\"ListItem\",\"position\":2,\"name\":\"Glossaire\",\"item\":\"https:\\\/\\\/blog.urbanitae.com\\\/fr\\\/glosario\\\/\"},{\"@type\":\"ListItem\",\"position\":3,\"name\":\"Fonds d&#8217;investissement libre (FIL)\"}]},{\"@type\":\"WebSite\",\"@id\":\"https:\\\/\\\/blog.urbanitae.com\\\/fr\\\/#website\",\"url\":\"https:\\\/\\\/blog.urbanitae.com\\\/fr\\\/\",\"name\":\"Urbanitae Blog | Las mejores noticias sobre inversi\u00f3n inmobiliaria\",\"description\":\"L'investissement immobilier \u00e0 la port\u00e9e de tous\",\"publisher\":{\"@id\":\"https:\\\/\\\/blog.urbanitae.com\\\/fr\\\/#organization\"},\"potentialAction\":[{\"@type\":\"SearchAction\",\"target\":{\"@type\":\"EntryPoint\",\"urlTemplate\":\"https:\\\/\\\/blog.urbanitae.com\\\/fr\\\/?s={search_term_string}\"},\"query-input\":{\"@type\":\"PropertyValueSpecification\",\"valueRequired\":true,\"valueName\":\"search_term_string\"}}],\"inLanguage\":\"fr-FR\"},{\"@type\":\"Organization\",\"@id\":\"https:\\\/\\\/blog.urbanitae.com\\\/fr\\\/#organization\",\"name\":\"Urbanitae\",\"url\":\"https:\\\/\\\/blog.urbanitae.com\\\/fr\\\/\",\"logo\":{\"@type\":\"ImageObject\",\"inLanguage\":\"fr-FR\",\"@id\":\"https:\\\/\\\/blog.urbanitae.com\\\/fr\\\/#\\\/schema\\\/logo\\\/image\\\/\",\"url\":\"https:\\\/\\\/blog.urbanitae.com\\\/wp-content\\\/uploads\\\/2020\\\/04\\\/logo-verde_350x100.svg\",\"contentUrl\":\"https:\\\/\\\/blog.urbanitae.com\\\/wp-content\\\/uploads\\\/2020\\\/04\\\/logo-verde_350x100.svg\",\"width\":350,\"height\":100,\"caption\":\"Urbanitae\"},\"image\":{\"@id\":\"https:\\\/\\\/blog.urbanitae.com\\\/fr\\\/#\\\/schema\\\/logo\\\/image\\\/\"},\"sameAs\":[\"https:\\\/\\\/www.facebook.com\\\/urbanitae\",\"https:\\\/\\\/x.com\\\/urbanitae\",\"https:\\\/\\\/www.instagram.com\\\/urbanitae\",\"https:\\\/\\\/www.linkedin.com\\\/company\\\/urbanitae\",\"https:\\\/\\\/www.pinterest.es\\\/UrbanitaeSL\\\/_created\\\/\",\"https:\\\/\\\/www.youtube.com\\\/c\\\/Urbanitae_RE\"]}]}<\/script>\n<!-- \/ Yoast SEO plugin. -->","yoast_head_json":{"title":"Fonds d'investissement libre (FIL) - Urbanitae Blog","description":"Il s\u2019agit de fonds d\u2019investissement priv\u00e9s non r\u00e9glement\u00e9s qui cherchent \u00e0 obtenir des rendements gr\u00e2ce \u00e0 diff\u00e9rentes strat\u00e9gies d\u2019investissement. Les fonds sp\u00e9culatifs peuvent utiliser des techniques sophistiqu\u00e9es, telles que l\u2019effet de levier et l\u2019utilisation de produits d\u00e9riv\u00e9s, pour g\u00e9n\u00e9rer des b\u00e9n\u00e9fices dans diff\u00e9rentes conditions de march\u00e9.","robots":{"index":"index","follow":"follow","max-snippet":"max-snippet:-1","max-image-preview":"max-image-preview:large","max-video-preview":"max-video-preview:-1"},"canonical":"https:\/\/blog.urbanitae.com\/fr\/glossaire\/fonds-dinvestissement-libre-fil\/","og_locale":"fr_FR","og_type":"article","og_title":"Fonds d'investissement libre (FIL) - Urbanitae Blog","og_description":"Il s\u2019agit de fonds d\u2019investissement priv\u00e9s non r\u00e9glement\u00e9s qui cherchent \u00e0 obtenir des rendements gr\u00e2ce \u00e0 diff\u00e9rentes strat\u00e9gies d\u2019investissement. Les fonds sp\u00e9culatifs peuvent utiliser des techniques sophistiqu\u00e9es, telles que l\u2019effet de levier et l\u2019utilisation de produits d\u00e9riv\u00e9s, pour g\u00e9n\u00e9rer des b\u00e9n\u00e9fices dans diff\u00e9rentes conditions de march\u00e9.","og_url":"https:\/\/blog.urbanitae.com\/fr\/glossaire\/fonds-dinvestissement-libre-fil\/","og_site_name":"Urbanitae Blog | Les meilleures nouvelles sur l'investissement immobilier","article_publisher":"https:\/\/www.facebook.com\/urbanitae","article_modified_time":"2025-04-25T09:34:13+00:00","twitter_card":"summary_large_image","twitter_site":"@urbanitae","twitter_misc":{"Dur\u00e9e de lecture estim\u00e9e":"2 minutes"},"schema":{"@context":"https:\/\/schema.org","@graph":[{"@type":"WebPage","@id":"https:\/\/blog.urbanitae.com\/fr\/glossaire\/fonds-dinvestissement-libre-fil\/","url":"https:\/\/blog.urbanitae.com\/fr\/glossaire\/fonds-dinvestissement-libre-fil\/","name":"Fonds d'investissement libre (FIL) - Urbanitae Blog","isPartOf":{"@id":"https:\/\/blog.urbanitae.com\/fr\/#website"},"datePublished":"2025-04-15T10:59:29+00:00","dateModified":"2025-04-25T09:34:13+00:00","description":"Il s\u2019agit de fonds d\u2019investissement priv\u00e9s non r\u00e9glement\u00e9s qui cherchent \u00e0 obtenir des rendements gr\u00e2ce \u00e0 diff\u00e9rentes strat\u00e9gies d\u2019investissement. Les fonds sp\u00e9culatifs peuvent utiliser des techniques sophistiqu\u00e9es, telles que l\u2019effet de levier et l\u2019utilisation de produits d\u00e9riv\u00e9s, pour g\u00e9n\u00e9rer des b\u00e9n\u00e9fices dans diff\u00e9rentes conditions de march\u00e9.","breadcrumb":{"@id":"https:\/\/blog.urbanitae.com\/fr\/glossaire\/fonds-dinvestissement-libre-fil\/#breadcrumb"},"inLanguage":"fr-FR","potentialAction":[{"@type":"ReadAction","target":["https:\/\/blog.urbanitae.com\/fr\/glossaire\/fonds-dinvestissement-libre-fil\/"]}]},{"@type":"BreadcrumbList","@id":"https:\/\/blog.urbanitae.com\/fr\/glossaire\/fonds-dinvestissement-libre-fil\/#breadcrumb","itemListElement":[{"@type":"ListItem","position":1,"name":"Portada","item":"https:\/\/blog.urbanitae.com\/fr\/"},{"@type":"ListItem","position":2,"name":"Glossaire","item":"https:\/\/blog.urbanitae.com\/fr\/glosario\/"},{"@type":"ListItem","position":3,"name":"Fonds d&#8217;investissement libre (FIL)"}]},{"@type":"WebSite","@id":"https:\/\/blog.urbanitae.com\/fr\/#website","url":"https:\/\/blog.urbanitae.com\/fr\/","name":"Urbanitae Blog | Las mejores noticias sobre inversi\u00f3n inmobiliaria","description":"L'investissement immobilier \u00e0 la port\u00e9e de tous","publisher":{"@id":"https:\/\/blog.urbanitae.com\/fr\/#organization"},"potentialAction":[{"@type":"SearchAction","target":{"@type":"EntryPoint","urlTemplate":"https:\/\/blog.urbanitae.com\/fr\/?s={search_term_string}"},"query-input":{"@type":"PropertyValueSpecification","valueRequired":true,"valueName":"search_term_string"}}],"inLanguage":"fr-FR"},{"@type":"Organization","@id":"https:\/\/blog.urbanitae.com\/fr\/#organization","name":"Urbanitae","url":"https:\/\/blog.urbanitae.com\/fr\/","logo":{"@type":"ImageObject","inLanguage":"fr-FR","@id":"https:\/\/blog.urbanitae.com\/fr\/#\/schema\/logo\/image\/","url":"https:\/\/blog.urbanitae.com\/wp-content\/uploads\/2020\/04\/logo-verde_350x100.svg","contentUrl":"https:\/\/blog.urbanitae.com\/wp-content\/uploads\/2020\/04\/logo-verde_350x100.svg","width":350,"height":100,"caption":"Urbanitae"},"image":{"@id":"https:\/\/blog.urbanitae.com\/fr\/#\/schema\/logo\/image\/"},"sameAs":["https:\/\/www.facebook.com\/urbanitae","https:\/\/x.com\/urbanitae","https:\/\/www.instagram.com\/urbanitae","https:\/\/www.linkedin.com\/company\/urbanitae","https:\/\/www.pinterest.es\/UrbanitaeSL\/_created\/","https:\/\/www.youtube.com\/c\/Urbanitae_RE"]}]}},"_links":{"self":[{"href":"https:\/\/blog.urbanitae.com\/fr\/wp-json\/wp\/v2\/pages\/61943","targetHints":{"allow":["GET"]}}],"collection":[{"href":"https:\/\/blog.urbanitae.com\/fr\/wp-json\/wp\/v2\/pages"}],"about":[{"href":"https:\/\/blog.urbanitae.com\/fr\/wp-json\/wp\/v2\/types\/page"}],"author":[{"embeddable":true,"href":"https:\/\/blog.urbanitae.com\/fr\/wp-json\/wp\/v2\/users\/20"}],"replies":[{"embeddable":true,"href":"https:\/\/blog.urbanitae.com\/fr\/wp-json\/wp\/v2\/comments?post=61943"}],"version-history":[{"count":1,"href":"https:\/\/blog.urbanitae.com\/fr\/wp-json\/wp\/v2\/pages\/61943\/revisions"}],"predecessor-version":[{"id":61944,"href":"https:\/\/blog.urbanitae.com\/fr\/wp-json\/wp\/v2\/pages\/61943\/revisions\/61944"}],"up":[{"embeddable":true,"href":"https:\/\/blog.urbanitae.com\/fr\/wp-json\/wp\/v2\/pages\/62174"}],"wp:attachment":[{"href":"https:\/\/blog.urbanitae.com\/fr\/wp-json\/wp\/v2\/media?parent=61943"}],"curies":[{"name":"wp","href":"https:\/\/api.w.org\/{rel}","templated":true}]}}