{"id":61937,"date":"2025-04-15T12:30:11","date_gmt":"2025-04-15T10:30:11","guid":{"rendered":"https:\/\/blog.urbanitae.com\/strategie-de-valeur-ajoutee-value-add\/"},"modified":"2025-04-25T11:34:12","modified_gmt":"2025-04-25T09:34:12","slug":"strategie-de-valeur-ajoutee-value-add","status":"publish","type":"page","link":"https:\/\/blog.urbanitae.com\/fr\/glossaire\/strategie-de-valeur-ajoutee-value-add\/","title":{"rendered":"Strat\u00e9gie de valeur ajout\u00e9e (value add)"},"content":{"rendered":"\t\t<div data-elementor-type=\"wp-page\" data-elementor-id=\"61937\" class=\"elementor elementor-61937 elementor-56286\">\n\t\t\t\t\t\t<section class=\"elementor-section elementor-top-section elementor-element elementor-element-d86d887 elementor-section-boxed elementor-section-height-default elementor-section-height-default\" data-id=\"d86d887\" data-element_type=\"section\" data-e-type=\"section\">\n\t\t\t\t\t\t<div class=\"elementor-container elementor-column-gap-default\">\n\t\t\t\t\t<div class=\"elementor-column elementor-col-100 elementor-top-column elementor-element elementor-element-8b49ddd\" data-id=\"8b49ddd\" data-element_type=\"column\" data-e-type=\"column\">\n\t\t\t<div class=\"elementor-widget-wrap elementor-element-populated\">\n\t\t\t\t\t\t<div class=\"elementor-element elementor-element-083b30b elementor-widget__width-initial elementor-widget elementor-widget-text-editor\" data-id=\"083b30b\" data-element_type=\"widget\" data-e-type=\"widget\" data-widget_type=\"text-editor.default\">\n\t\t\t\t<div class=\"elementor-widget-container\">\n\t\t\t\t\t\t\t\t\t<h3>Qu\u2019est-ce que c\u2019est?<\/h3><p style=\"color: #212121; font-family: Roboto, sans-serif; font-size: 16px;\">Il s&rsquo;agit d&rsquo;une strat\u00e9gie d&rsquo;investissement immobilier qui se concentre sur l&rsquo;ajout de valeur aux actifs gr\u00e2ce \u00e0 des am\u00e9liorations, des r\u00e9novations ou des reconfigurations. L&rsquo;objectif principal est d&rsquo;augmenter les revenus et la rentabilit\u00e9 des actifs au fil du temps, par des interventions qui augmentent leur attractivit\u00e9 et leur fonctionnalit\u00e9 sur le march\u00e9.<\/p><p style=\"color: #212121; font-family: Roboto, sans-serif; font-size: 16px;\">La strat\u00e9gie de valeur ajout\u00e9e implique l&rsquo;achat de propri\u00e9t\u00e9s qui ne fonctionnent pas n\u00e9cessairement \u00e0 leur plein potentiel, et la mise en \u0153uvre d&rsquo;am\u00e9liorations pour optimiser leur performance. Cela peut inclure des r\u00e9novations des espaces, des am\u00e9liorations de l&rsquo;efficacit\u00e9 \u00e9nerg\u00e9tique, la modernisation des installations ou des changements dans la gestion des baux. <\/p>\t\t\t\t\t\t\t\t<\/div>\n\t\t\t\t<\/div>\n\t\t\t\t<div class=\"elementor-element elementor-element-11c28c4 elementor-widget__width-initial elementor-widget elementor-widget-text-editor\" data-id=\"11c28c4\" data-element_type=\"widget\" data-e-type=\"widget\" data-widget_type=\"text-editor.default\">\n\t\t\t\t<div class=\"elementor-widget-container\">\n\t\t\t\t\t\t\t\t\t<h3>Principaux aspects \u00e0 prendre en compte<\/h3>\n<p style=\"color: #212121; font-family: Roboto, sans-serif; font-size: 16px;\">Les principales caract\u00e9ristiques de la strat\u00e9gie \u00e0 valeur ajout\u00e9e sont les suivantes :<\/p>\n<ul>\n<li style=\"color: #212121; font-family: Roboto, sans-serif; font-size: 16px;\"><strong>Am\u00e9liorations op\u00e9rationnelles :<\/strong> Investissement dans des r\u00e9novations ou des r\u00e9novations pour augmenter la demande et les revenus locatifs.<\/li>\n<li style=\"color: #212121; font-family: Roboto, sans-serif; font-size: 16px;\"><strong>R\u00e9\u00e9valuation de l\u2019actif :<\/strong> L\u2019objectif est d\u2019augmenter la valeur de l\u2019actif sur le march\u00e9 en am\u00e9liorant ses caract\u00e9ristiques et ses conditions.<\/li>\n<li style=\"color: #212121; font-family: Roboto, sans-serif; font-size: 16px;\"><strong>Performances accrues :<\/strong> En augmentant les revenus ou l\u2019occupation, la rentabilit\u00e9 de la propri\u00e9t\u00e9 augmente.<\/li>\n<\/ul>\n<p style=\"color: #212121; font-family: Roboto, sans-serif; font-size: 16px;\">Cette strat\u00e9gie est moins risqu\u00e9e que la strat\u00e9gie opportuniste, mais elle n\u00e9cessite tout de m\u00eame une gestion active pour maximiser la performance. Les propri\u00e9t\u00e9s dans lesquelles vous investissez peuvent se trouver dans des zones \u00e0 fort potentiel de croissance, mais elles ne sont pas encore enti\u00e8rement d\u00e9velopp\u00e9es ou n\u2019ont pas \u00e9t\u00e9 optimis\u00e9es pour une utilisation la plus efficace. <\/p>\n<p style=\"color: #212121; font-family: Roboto, sans-serif; font-size: 16px;\">Par rapport \u00e0 la strat\u00e9gie de base, la strat\u00e9gie \u00e0 valeur ajout\u00e9e offre des rendements plus \u00e9lev\u00e9s, mais elle implique \u00e9galement plus de travaux et de risques li\u00e9s aux am\u00e9liorations et \u00e0 la gestion immobili\u00e8re. Il s\u2019agit d\u2019une option attrayante pour les investisseurs qui cherchent \u00e0 g\u00e9n\u00e9rer des rendements \u00e0 moyen et long terme gr\u00e2ce \u00e0 une intervention active dans les actifs immobiliers. <\/p>\t\t\t\t\t\t\t\t<\/div>\n\t\t\t\t<\/div>\n\t\t\t\t\t<\/div>\n\t\t<\/div>\n\t\t\t\t\t<\/div>\n\t\t<\/section>\n\t\t\t\t<section class=\"elementor-section elementor-top-section elementor-element elementor-element-aa563c5 elementor-section-full_width elementor-section-stretched elementor-section-height-default elementor-section-height-default\" data-id=\"aa563c5\" data-element_type=\"section\" data-e-type=\"section\" data-settings=\"{&quot;stretch_section&quot;:&quot;section-stretched&quot;}\">\n\t\t\t\t\t\t<div class=\"elementor-container elementor-column-gap-default\">\n\t\t\t\t\t<div class=\"elementor-column elementor-col-100 elementor-top-column elementor-element elementor-element-41114ac\" data-id=\"41114ac\" data-element_type=\"column\" data-e-type=\"column\">\n\t\t\t<div class=\"elementor-widget-wrap elementor-element-populated\">\n\t\t\t\t\t\t<div class=\"elementor-element elementor-element-43f7095 elementor-widget elementor-widget-html\" data-id=\"43f7095\" data-element_type=\"widget\" data-e-type=\"widget\" data-widget_type=\"html.default\">\n\t\t\t\t<div class=\"elementor-widget-container\">\n\t\t\t\t\t\r\n        <div class=\"qode-advanced-call-to-action qode-advanced-cta-gradient qode-advanced-cta-gradient-animation\" style=\"height:80px\">\r\n            <a class=\"advanced-cta-link\" href=\"https:\/\/mkt.urbanitae.com\/Urbanitae_suscripcion_newsletter.html?utm_source=blog&amp;utm_medium=link_blog&amp;utm_campaign=suscripcion_blog&amp;utm_content=boton\" target=\"_blank\" onclick=\"dataLayer.push({'event': 'ub_ga4_event', 'ub_ga4_event_name': 'newsletter', 'ub_ga4_event_element': 'aprende'})\"><\/a>\r\n            <div class=\"qode-advanced-cta-content\">\r\n                <span class=\"qode-advanced-cta-text-holder\" style=\"color:#FFFFFF;font-size:25px\">\r\n Abonnez-vous \u00e0 notre Newsletter <\/span>\r\n                <span class=\"qode-advanced-cta-icon-holder\" style=\"color:#FFFFFF;font-size:25px\">\r\n                    <span class=\"qode-advanced-cta-icon-holder-table\">\r\n                        <span class=\"qode-advanced-cta-icon-holder-cell\">\r\n                            <i class=\"qode_icon_font_awesome_5 fa5 fa fa-envelope-open-text qode-advanced-cta-icon\"><\/i> <\/span>\r\n                    <\/span>\r\n                <\/span>\r\n            <\/div>\r\n            <div class=\"qode-advanced-cta-background-holder\">\r\n                <span class=\"qode-advanced-cta-background-1 qode-type1-gradient-left-to-right\"><\/span>\r\n                <span class=\"qode-advanced-cta-background-2 qode-type1-gradient-left-to-right\"><\/span>\r\n                <span class=\"qode-advanced-cta-background-3\"><\/span>\r\n            <\/div>\r\n        <\/div>\r\n\t\t\t\t<\/div>\n\t\t\t\t<\/div>\n\t\t\t\t\t<\/div>\n\t\t<\/div>\n\t\t\t\t\t<\/div>\n\t\t<\/section>\n\t\t\t\t<\/div>\n\t\t","protected":false},"excerpt":{"rendered":"<p>Qu\u2019est-ce que c\u2019est? Il s&rsquo;agit d&rsquo;une strat\u00e9gie d&rsquo;investissement immobilier qui se concentre sur l&rsquo;ajout de valeur aux actifs gr\u00e2ce \u00e0 des am\u00e9liorations, des r\u00e9novations ou des reconfigurations. L&rsquo;objectif principal est d&rsquo;augmenter les revenus et la rentabilit\u00e9 des actifs au fil du temps, par des interventions qui augmentent leur attractivit\u00e9 et leur fonctionnalit\u00e9 sur le march\u00e9. [&hellip;]<\/p>\n","protected":false},"author":20,"featured_media":0,"parent":62174,"menu_order":0,"comment_status":"closed","ping_status":"closed","template":"","meta":{"inline_featured_image":false,"footnotes":""},"class_list":["post-61937","page","type-page","status-publish","hentry"],"yoast_head":"<!-- This site is optimized with the Yoast SEO plugin v27.4 - https:\/\/yoast.com\/product\/yoast-seo-wordpress\/ -->\n<title>Strat\u00e9gie de valeur ajout\u00e9e (value add) - Urbanitae Blog<\/title>\n<meta name=\"description\" content=\"Il s\u2019agit d\u2019une strat\u00e9gie d\u2019investissement immobilier qui se concentre sur l\u2019ajout de valeur aux actifs par le biais d\u2019am\u00e9liorations, de r\u00e9novations ou de reconfigurations. L\u2019objectif est d\u2019augmenter les revenus et les rendements des actifs au fil du temps.\" \/>\n<meta name=\"robots\" content=\"index, follow, max-snippet:-1, max-image-preview:large, max-video-preview:-1\" \/>\n<link rel=\"canonical\" href=\"https:\/\/blog.urbanitae.com\/fr\/glossaire\/strategie-de-valeur-ajoutee-value-add\/\" \/>\n<meta property=\"og:locale\" content=\"fr_FR\" \/>\n<meta property=\"og:type\" content=\"article\" \/>\n<meta property=\"og:title\" content=\"Strat\u00e9gie de valeur ajout\u00e9e (value add) - Urbanitae Blog\" \/>\n<meta property=\"og:description\" content=\"Il s\u2019agit d\u2019une strat\u00e9gie d\u2019investissement immobilier qui se concentre sur l\u2019ajout de valeur aux actifs par le biais d\u2019am\u00e9liorations, de r\u00e9novations ou de reconfigurations. L\u2019objectif est d\u2019augmenter les revenus et les rendements des actifs au fil du temps.\" \/>\n<meta property=\"og:url\" content=\"https:\/\/blog.urbanitae.com\/fr\/glossaire\/strategie-de-valeur-ajoutee-value-add\/\" \/>\n<meta property=\"og:site_name\" content=\"Urbanitae Blog | Les meilleures nouvelles sur l&#039;investissement immobilier\" \/>\n<meta property=\"article:publisher\" content=\"https:\/\/www.facebook.com\/urbanitae\" \/>\n<meta property=\"article:modified_time\" content=\"2025-04-25T09:34:12+00:00\" \/>\n<meta name=\"twitter:card\" content=\"summary_large_image\" \/>\n<meta name=\"twitter:site\" content=\"@urbanitae\" \/>\n<meta name=\"twitter:label1\" content=\"Dur\u00e9e de lecture estim\u00e9e\" \/>\n\t<meta name=\"twitter:data1\" content=\"2 minutes\" \/>\n<script type=\"application\/ld+json\" class=\"yoast-schema-graph\">{\"@context\":\"https:\\\/\\\/schema.org\",\"@graph\":[{\"@type\":\"WebPage\",\"@id\":\"https:\\\/\\\/blog.urbanitae.com\\\/fr\\\/glossaire\\\/strategie-de-valeur-ajoutee-value-add\\\/\",\"url\":\"https:\\\/\\\/blog.urbanitae.com\\\/fr\\\/glossaire\\\/strategie-de-valeur-ajoutee-value-add\\\/\",\"name\":\"Strat\u00e9gie de valeur ajout\u00e9e (value add) - Urbanitae Blog\",\"isPartOf\":{\"@id\":\"https:\\\/\\\/blog.urbanitae.com\\\/fr\\\/#website\"},\"datePublished\":\"2025-04-15T10:30:11+00:00\",\"dateModified\":\"2025-04-25T09:34:12+00:00\",\"description\":\"Il s\u2019agit d\u2019une strat\u00e9gie d\u2019investissement immobilier qui se concentre sur l\u2019ajout de valeur aux actifs par le biais d\u2019am\u00e9liorations, de r\u00e9novations ou de reconfigurations. L\u2019objectif est d\u2019augmenter les revenus et les rendements des actifs au fil du temps.\",\"breadcrumb\":{\"@id\":\"https:\\\/\\\/blog.urbanitae.com\\\/fr\\\/glossaire\\\/strategie-de-valeur-ajoutee-value-add\\\/#breadcrumb\"},\"inLanguage\":\"fr-FR\",\"potentialAction\":[{\"@type\":\"ReadAction\",\"target\":[\"https:\\\/\\\/blog.urbanitae.com\\\/fr\\\/glossaire\\\/strategie-de-valeur-ajoutee-value-add\\\/\"]}]},{\"@type\":\"BreadcrumbList\",\"@id\":\"https:\\\/\\\/blog.urbanitae.com\\\/fr\\\/glossaire\\\/strategie-de-valeur-ajoutee-value-add\\\/#breadcrumb\",\"itemListElement\":[{\"@type\":\"ListItem\",\"position\":1,\"name\":\"Portada\",\"item\":\"https:\\\/\\\/blog.urbanitae.com\\\/fr\\\/\"},{\"@type\":\"ListItem\",\"position\":2,\"name\":\"Glossaire\",\"item\":\"https:\\\/\\\/blog.urbanitae.com\\\/fr\\\/glosario\\\/\"},{\"@type\":\"ListItem\",\"position\":3,\"name\":\"Strat\u00e9gie de valeur ajout\u00e9e (value add)\"}]},{\"@type\":\"WebSite\",\"@id\":\"https:\\\/\\\/blog.urbanitae.com\\\/fr\\\/#website\",\"url\":\"https:\\\/\\\/blog.urbanitae.com\\\/fr\\\/\",\"name\":\"Urbanitae Blog | Las mejores noticias sobre inversi\u00f3n inmobiliaria\",\"description\":\"L'investissement immobilier \u00e0 la port\u00e9e de tous\",\"publisher\":{\"@id\":\"https:\\\/\\\/blog.urbanitae.com\\\/fr\\\/#organization\"},\"potentialAction\":[{\"@type\":\"SearchAction\",\"target\":{\"@type\":\"EntryPoint\",\"urlTemplate\":\"https:\\\/\\\/blog.urbanitae.com\\\/fr\\\/?s={search_term_string}\"},\"query-input\":{\"@type\":\"PropertyValueSpecification\",\"valueRequired\":true,\"valueName\":\"search_term_string\"}}],\"inLanguage\":\"fr-FR\"},{\"@type\":\"Organization\",\"@id\":\"https:\\\/\\\/blog.urbanitae.com\\\/fr\\\/#organization\",\"name\":\"Urbanitae\",\"url\":\"https:\\\/\\\/blog.urbanitae.com\\\/fr\\\/\",\"logo\":{\"@type\":\"ImageObject\",\"inLanguage\":\"fr-FR\",\"@id\":\"https:\\\/\\\/blog.urbanitae.com\\\/fr\\\/#\\\/schema\\\/logo\\\/image\\\/\",\"url\":\"https:\\\/\\\/blog.urbanitae.com\\\/wp-content\\\/uploads\\\/2020\\\/04\\\/logo-verde_350x100.svg\",\"contentUrl\":\"https:\\\/\\\/blog.urbanitae.com\\\/wp-content\\\/uploads\\\/2020\\\/04\\\/logo-verde_350x100.svg\",\"width\":350,\"height\":100,\"caption\":\"Urbanitae\"},\"image\":{\"@id\":\"https:\\\/\\\/blog.urbanitae.com\\\/fr\\\/#\\\/schema\\\/logo\\\/image\\\/\"},\"sameAs\":[\"https:\\\/\\\/www.facebook.com\\\/urbanitae\",\"https:\\\/\\\/x.com\\\/urbanitae\",\"https:\\\/\\\/www.instagram.com\\\/urbanitae\",\"https:\\\/\\\/www.linkedin.com\\\/company\\\/urbanitae\",\"https:\\\/\\\/www.pinterest.es\\\/UrbanitaeSL\\\/_created\\\/\",\"https:\\\/\\\/www.youtube.com\\\/c\\\/Urbanitae_RE\"]}]}<\/script>\n<!-- \/ Yoast SEO plugin. -->","yoast_head_json":{"title":"Strat\u00e9gie de valeur ajout\u00e9e (value add) - Urbanitae Blog","description":"Il s\u2019agit d\u2019une strat\u00e9gie d\u2019investissement immobilier qui se concentre sur l\u2019ajout de valeur aux actifs par le biais d\u2019am\u00e9liorations, de r\u00e9novations ou de reconfigurations. L\u2019objectif est d\u2019augmenter les revenus et les rendements des actifs au fil du temps.","robots":{"index":"index","follow":"follow","max-snippet":"max-snippet:-1","max-image-preview":"max-image-preview:large","max-video-preview":"max-video-preview:-1"},"canonical":"https:\/\/blog.urbanitae.com\/fr\/glossaire\/strategie-de-valeur-ajoutee-value-add\/","og_locale":"fr_FR","og_type":"article","og_title":"Strat\u00e9gie de valeur ajout\u00e9e (value add) - Urbanitae Blog","og_description":"Il s\u2019agit d\u2019une strat\u00e9gie d\u2019investissement immobilier qui se concentre sur l\u2019ajout de valeur aux actifs par le biais d\u2019am\u00e9liorations, de r\u00e9novations ou de reconfigurations. L\u2019objectif est d\u2019augmenter les revenus et les rendements des actifs au fil du temps.","og_url":"https:\/\/blog.urbanitae.com\/fr\/glossaire\/strategie-de-valeur-ajoutee-value-add\/","og_site_name":"Urbanitae Blog | Les meilleures nouvelles sur l'investissement immobilier","article_publisher":"https:\/\/www.facebook.com\/urbanitae","article_modified_time":"2025-04-25T09:34:12+00:00","twitter_card":"summary_large_image","twitter_site":"@urbanitae","twitter_misc":{"Dur\u00e9e de lecture estim\u00e9e":"2 minutes"},"schema":{"@context":"https:\/\/schema.org","@graph":[{"@type":"WebPage","@id":"https:\/\/blog.urbanitae.com\/fr\/glossaire\/strategie-de-valeur-ajoutee-value-add\/","url":"https:\/\/blog.urbanitae.com\/fr\/glossaire\/strategie-de-valeur-ajoutee-value-add\/","name":"Strat\u00e9gie de valeur ajout\u00e9e (value add) - Urbanitae Blog","isPartOf":{"@id":"https:\/\/blog.urbanitae.com\/fr\/#website"},"datePublished":"2025-04-15T10:30:11+00:00","dateModified":"2025-04-25T09:34:12+00:00","description":"Il s\u2019agit d\u2019une strat\u00e9gie d\u2019investissement immobilier qui se concentre sur l\u2019ajout de valeur aux actifs par le biais d\u2019am\u00e9liorations, de r\u00e9novations ou de reconfigurations. L\u2019objectif est d\u2019augmenter les revenus et les rendements des actifs au fil du temps.","breadcrumb":{"@id":"https:\/\/blog.urbanitae.com\/fr\/glossaire\/strategie-de-valeur-ajoutee-value-add\/#breadcrumb"},"inLanguage":"fr-FR","potentialAction":[{"@type":"ReadAction","target":["https:\/\/blog.urbanitae.com\/fr\/glossaire\/strategie-de-valeur-ajoutee-value-add\/"]}]},{"@type":"BreadcrumbList","@id":"https:\/\/blog.urbanitae.com\/fr\/glossaire\/strategie-de-valeur-ajoutee-value-add\/#breadcrumb","itemListElement":[{"@type":"ListItem","position":1,"name":"Portada","item":"https:\/\/blog.urbanitae.com\/fr\/"},{"@type":"ListItem","position":2,"name":"Glossaire","item":"https:\/\/blog.urbanitae.com\/fr\/glosario\/"},{"@type":"ListItem","position":3,"name":"Strat\u00e9gie de valeur ajout\u00e9e (value add)"}]},{"@type":"WebSite","@id":"https:\/\/blog.urbanitae.com\/fr\/#website","url":"https:\/\/blog.urbanitae.com\/fr\/","name":"Urbanitae Blog | Las mejores noticias sobre inversi\u00f3n inmobiliaria","description":"L'investissement immobilier \u00e0 la port\u00e9e de tous","publisher":{"@id":"https:\/\/blog.urbanitae.com\/fr\/#organization"},"potentialAction":[{"@type":"SearchAction","target":{"@type":"EntryPoint","urlTemplate":"https:\/\/blog.urbanitae.com\/fr\/?s={search_term_string}"},"query-input":{"@type":"PropertyValueSpecification","valueRequired":true,"valueName":"search_term_string"}}],"inLanguage":"fr-FR"},{"@type":"Organization","@id":"https:\/\/blog.urbanitae.com\/fr\/#organization","name":"Urbanitae","url":"https:\/\/blog.urbanitae.com\/fr\/","logo":{"@type":"ImageObject","inLanguage":"fr-FR","@id":"https:\/\/blog.urbanitae.com\/fr\/#\/schema\/logo\/image\/","url":"https:\/\/blog.urbanitae.com\/wp-content\/uploads\/2020\/04\/logo-verde_350x100.svg","contentUrl":"https:\/\/blog.urbanitae.com\/wp-content\/uploads\/2020\/04\/logo-verde_350x100.svg","width":350,"height":100,"caption":"Urbanitae"},"image":{"@id":"https:\/\/blog.urbanitae.com\/fr\/#\/schema\/logo\/image\/"},"sameAs":["https:\/\/www.facebook.com\/urbanitae","https:\/\/x.com\/urbanitae","https:\/\/www.instagram.com\/urbanitae","https:\/\/www.linkedin.com\/company\/urbanitae","https:\/\/www.pinterest.es\/UrbanitaeSL\/_created\/","https:\/\/www.youtube.com\/c\/Urbanitae_RE"]}]}},"_links":{"self":[{"href":"https:\/\/blog.urbanitae.com\/fr\/wp-json\/wp\/v2\/pages\/61937","targetHints":{"allow":["GET"]}}],"collection":[{"href":"https:\/\/blog.urbanitae.com\/fr\/wp-json\/wp\/v2\/pages"}],"about":[{"href":"https:\/\/blog.urbanitae.com\/fr\/wp-json\/wp\/v2\/types\/page"}],"author":[{"embeddable":true,"href":"https:\/\/blog.urbanitae.com\/fr\/wp-json\/wp\/v2\/users\/20"}],"replies":[{"embeddable":true,"href":"https:\/\/blog.urbanitae.com\/fr\/wp-json\/wp\/v2\/comments?post=61937"}],"version-history":[{"count":1,"href":"https:\/\/blog.urbanitae.com\/fr\/wp-json\/wp\/v2\/pages\/61937\/revisions"}],"predecessor-version":[{"id":61938,"href":"https:\/\/blog.urbanitae.com\/fr\/wp-json\/wp\/v2\/pages\/61937\/revisions\/61938"}],"up":[{"embeddable":true,"href":"https:\/\/blog.urbanitae.com\/fr\/wp-json\/wp\/v2\/pages\/62174"}],"wp:attachment":[{"href":"https:\/\/blog.urbanitae.com\/fr\/wp-json\/wp\/v2\/media?parent=61937"}],"curies":[{"name":"wp","href":"https:\/\/api.w.org\/{rel}","templated":true}]}}