{"id":61935,"date":"2025-04-15T12:28:22","date_gmt":"2025-04-15T10:28:22","guid":{"rendered":"https:\/\/blog.urbanitae.com\/strategie-opportuniste\/"},"modified":"2025-04-25T11:34:12","modified_gmt":"2025-04-25T09:34:12","slug":"strategie-opportuniste","status":"publish","type":"page","link":"https:\/\/blog.urbanitae.com\/fr\/glossaire\/strategie-opportuniste\/","title":{"rendered":"Strat\u00e9gie opportuniste"},"content":{"rendered":"\t\t<div data-elementor-type=\"wp-page\" data-elementor-id=\"61935\" class=\"elementor elementor-61935 elementor-56281\">\n\t\t\t\t\t\t<section class=\"elementor-section elementor-top-section elementor-element elementor-element-d86d887 elementor-section-boxed elementor-section-height-default elementor-section-height-default\" data-id=\"d86d887\" data-element_type=\"section\" data-e-type=\"section\">\n\t\t\t\t\t\t<div class=\"elementor-container elementor-column-gap-default\">\n\t\t\t\t\t<div class=\"elementor-column elementor-col-100 elementor-top-column elementor-element elementor-element-8b49ddd\" data-id=\"8b49ddd\" data-element_type=\"column\" data-e-type=\"column\">\n\t\t\t<div class=\"elementor-widget-wrap elementor-element-populated\">\n\t\t\t\t\t\t<div class=\"elementor-element elementor-element-083b30b elementor-widget__width-initial elementor-widget elementor-widget-text-editor\" data-id=\"083b30b\" data-element_type=\"widget\" data-e-type=\"widget\" data-widget_type=\"text-editor.default\">\n\t\t\t\t<div class=\"elementor-widget-container\">\n\t\t\t\t\t\t\t\t\t<h3>Qu\u2019est-ce que c\u2019est?<\/h3><p style=\"color: #212121; font-family: Roboto, sans-serif; font-size: 16px;\">Il s&rsquo;agit d&rsquo;une strat\u00e9gie d&rsquo;investissement immobilier qui cherche \u00e0 exploiter des situations sp\u00e9ciales et des d\u00e9s\u00e9quilibres sur le march\u00e9. Les investisseurs qui adoptent une strat\u00e9gie opportuniste recherchent des opportunit\u00e9s \u00e0 haut rendement gr\u00e2ce \u00e0 des investissements plus risqu\u00e9s, tels que la restructuration d&rsquo;actifs, l&rsquo;acquisition de propri\u00e9t\u00e9s en difficult\u00e9 ou le d\u00e9veloppement de nouveaux projets dans des march\u00e9s \u00e9mergents.<\/p><p style=\"color: #212121; font-family: Roboto, sans-serif; font-size: 16px;\">La strat\u00e9gie opportuniste se caract\u00e9rise par une prise de risques plus \u00e9lev\u00e9e \u00e0 la recherche de rendements plus importants. Les actifs acquis peuvent \u00eatre sous-\u00e9valu\u00e9s ou traverser des probl\u00e8mes financiers, ce qui cr\u00e9e la possibilit\u00e9 d&rsquo;obtenir une revalorisation significative une fois que des am\u00e9liorations sont apport\u00e9es ou que les probl\u00e8mes sous-jacents sont r\u00e9solus. <\/p>\t\t\t\t\t\t\t\t<\/div>\n\t\t\t\t<\/div>\n\t\t\t\t<div class=\"elementor-element elementor-element-11c28c4 elementor-widget__width-initial elementor-widget elementor-widget-text-editor\" data-id=\"11c28c4\" data-element_type=\"widget\" data-e-type=\"widget\" data-widget_type=\"text-editor.default\">\n\t\t\t\t<div class=\"elementor-widget-container\">\n\t\t\t\t\t\t\t\t\t<h3>Principaux aspects \u00e0 prendre en compte<\/h3><p style=\"color: #212121; font-family: Roboto, sans-serif; font-size: 16px;\">Les principales <strong>caract\u00e9ristiques<\/strong> de la strat\u00e9gie opportuniste sont les suivantes :<\/p><ul><li style=\"color: #212121; font-family: Roboto, sans-serif; font-size: 16px;\"><strong>Risque \u00e9lev\u00e9 et rendement \u00e9lev\u00e9 :<\/strong> Les investisseurs prennent des risques importants, tels que l\u2019achat de propri\u00e9t\u00e9s en difficult\u00e9, la restructuration d\u2019actifs ou l\u2019am\u00e9nagement de terrains sans infrastructures.<\/li><li style=\"color: #212121; font-family: Roboto, sans-serif; font-size: 16px;\"><strong>Intervention active :<\/strong> Les projets opportunistes n\u00e9cessitent souvent une gestion active, comme des r\u00e9novations importantes, des changements de direction ou m\u00eame la reconfiguration de la strat\u00e9gie de location.<\/li><li style=\"color: #212121; font-family: Roboto, sans-serif; font-size: 16px;\"><strong>Opportunit\u00e9s sur les march\u00e9s sous-\u00e9valu\u00e9s :<\/strong> Ces investissements peuvent tirer parti des d\u00e9s\u00e9quilibres du march\u00e9, tels que les crises \u00e9conomiques, les changements de politiques gouvernementales ou les fluctuations de la demande immobili\u00e8re.<\/li><\/ul><p style=\"color: #212121; font-family: Roboto, sans-serif; font-size: 16px;\">Compar\u00e9e aux strat\u00e9gies core et core-plus, la strat\u00e9gie opportuniste est beaucoup plus risqu\u00e9e, car elle d\u00e9pend de facteurs impr\u00e9visibles et n\u00e9cessite une intervention active et experte pour g\u00e9rer les risques. Cependant, en contrepartie de ces risques, les investisseurs peuvent obtenir des rendements significativement plus \u00e9lev\u00e9s, surtout lorsque le projet est men\u00e9 \u00e0 bien avec succ\u00e8s. <\/p><p style=\"color: #212121; font-family: Roboto, sans-serif; font-size: 16px;\">Cette strat\u00e9gie est adapt\u00e9e aux investisseurs ayant un profil de risque \u00e9lev\u00e9, qui cherchent \u00e0 maximiser leur rentabilit\u00e9 en identifiant et en exploitant des opportunit\u00e9s uniques sur le march\u00e9 immobilier.<\/p>\t\t\t\t\t\t\t\t<\/div>\n\t\t\t\t<\/div>\n\t\t\t\t\t<\/div>\n\t\t<\/div>\n\t\t\t\t\t<\/div>\n\t\t<\/section>\n\t\t\t\t<section class=\"elementor-section elementor-top-section elementor-element elementor-element-aa563c5 elementor-section-full_width elementor-section-stretched elementor-section-height-default elementor-section-height-default\" data-id=\"aa563c5\" data-element_type=\"section\" data-e-type=\"section\" data-settings=\"{&quot;stretch_section&quot;:&quot;section-stretched&quot;}\">\n\t\t\t\t\t\t<div class=\"elementor-container elementor-column-gap-default\">\n\t\t\t\t\t<div class=\"elementor-column elementor-col-100 elementor-top-column elementor-element elementor-element-41114ac\" data-id=\"41114ac\" data-element_type=\"column\" data-e-type=\"column\">\n\t\t\t<div class=\"elementor-widget-wrap elementor-element-populated\">\n\t\t\t\t\t\t<div class=\"elementor-element elementor-element-43f7095 elementor-widget elementor-widget-html\" data-id=\"43f7095\" data-element_type=\"widget\" data-e-type=\"widget\" data-widget_type=\"html.default\">\n\t\t\t\t<div class=\"elementor-widget-container\">\n\t\t\t\t\t\r\n        <div class=\"qode-advanced-call-to-action qode-advanced-cta-gradient qode-advanced-cta-gradient-animation\" style=\"height:80px\">\r\n            <a class=\"advanced-cta-link\" href=\"https:\/\/mkt.urbanitae.com\/Urbanitae_suscripcion_newsletter.html?utm_source=blog&amp;utm_medium=link_blog&amp;utm_campaign=suscripcion_blog&amp;utm_content=boton\" target=\"_blank\" onclick=\"dataLayer.push({'event': 'ub_ga4_event', 'ub_ga4_event_name': 'newsletter', 'ub_ga4_event_element': 'aprende'})\"><\/a>\r\n            <div class=\"qode-advanced-cta-content\">\r\n                <span class=\"qode-advanced-cta-text-holder\" style=\"color:#FFFFFF;font-size:25px\">\r\n Abonnez-vous \u00e0 notre Newsletter <\/span>\r\n                <span class=\"qode-advanced-cta-icon-holder\" style=\"color:#FFFFFF;font-size:25px\">\r\n                    <span class=\"qode-advanced-cta-icon-holder-table\">\r\n                        <span class=\"qode-advanced-cta-icon-holder-cell\">\r\n                            <i class=\"qode_icon_font_awesome_5 fa5 fa fa-envelope-open-text qode-advanced-cta-icon\"><\/i> <\/span>\r\n                    <\/span>\r\n                <\/span>\r\n            <\/div>\r\n            <div class=\"qode-advanced-cta-background-holder\">\r\n                <span class=\"qode-advanced-cta-background-1 qode-type1-gradient-left-to-right\"><\/span>\r\n                <span class=\"qode-advanced-cta-background-2 qode-type1-gradient-left-to-right\"><\/span>\r\n                <span class=\"qode-advanced-cta-background-3\"><\/span>\r\n            <\/div>\r\n        <\/div>\r\n\t\t\t\t<\/div>\n\t\t\t\t<\/div>\n\t\t\t\t\t<\/div>\n\t\t<\/div>\n\t\t\t\t\t<\/div>\n\t\t<\/section>\n\t\t\t\t<\/div>\n\t\t","protected":false},"excerpt":{"rendered":"<p>Qu\u2019est-ce que c\u2019est? Il s&rsquo;agit d&rsquo;une strat\u00e9gie d&rsquo;investissement immobilier qui cherche \u00e0 exploiter des situations sp\u00e9ciales et des d\u00e9s\u00e9quilibres sur le march\u00e9. Les investisseurs qui adoptent une strat\u00e9gie opportuniste recherchent des opportunit\u00e9s \u00e0 haut rendement gr\u00e2ce \u00e0 des investissements plus risqu\u00e9s, tels que la restructuration d&rsquo;actifs, l&rsquo;acquisition de propri\u00e9t\u00e9s en difficult\u00e9 ou le d\u00e9veloppement de [&hellip;]<\/p>\n","protected":false},"author":20,"featured_media":0,"parent":62174,"menu_order":0,"comment_status":"closed","ping_status":"closed","template":"","meta":{"inline_featured_image":false,"footnotes":""},"class_list":["post-61935","page","type-page","status-publish","hentry"],"yoast_head":"<!-- This site is optimized with the Yoast SEO plugin v27.4 - https:\/\/yoast.com\/product\/yoast-seo-wordpress\/ -->\n<title>Strat\u00e9gie opportuniste - Urbanitae Blog<\/title>\n<meta name=\"description\" content=\"Strat\u00e9gie opportuniste : Il s\u2019agit d\u2019une strat\u00e9gie d\u2019investissement immobilier qui cherche \u00e0 tirer parti des situations particuli\u00e8res et des d\u00e9s\u00e9quilibres du march\u00e9. Les investisseurs recherchent des opportunit\u00e9s \u00e0 haut rendement par le biais d\u2019investissements plus risqu\u00e9s, tels que la restructuration d\u2019actifs ou l\u2019acquisition de propri\u00e9t\u00e9s en difficult\u00e9.\" \/>\n<meta name=\"robots\" content=\"index, follow, max-snippet:-1, max-image-preview:large, max-video-preview:-1\" \/>\n<link rel=\"canonical\" href=\"https:\/\/blog.urbanitae.com\/fr\/glossaire\/strategie-opportuniste\/\" \/>\n<meta property=\"og:locale\" content=\"fr_FR\" \/>\n<meta property=\"og:type\" content=\"article\" \/>\n<meta property=\"og:title\" content=\"Strat\u00e9gie opportuniste - Urbanitae Blog\" \/>\n<meta property=\"og:description\" content=\"Strat\u00e9gie opportuniste : Il s\u2019agit d\u2019une strat\u00e9gie d\u2019investissement immobilier qui cherche \u00e0 tirer parti des situations particuli\u00e8res et des d\u00e9s\u00e9quilibres du march\u00e9. Les investisseurs recherchent des opportunit\u00e9s \u00e0 haut rendement par le biais d\u2019investissements plus risqu\u00e9s, tels que la restructuration d\u2019actifs ou l\u2019acquisition de propri\u00e9t\u00e9s en difficult\u00e9.\" \/>\n<meta property=\"og:url\" content=\"https:\/\/blog.urbanitae.com\/fr\/glossaire\/strategie-opportuniste\/\" \/>\n<meta property=\"og:site_name\" content=\"Urbanitae Blog | Les meilleures nouvelles sur l&#039;investissement immobilier\" \/>\n<meta property=\"article:publisher\" content=\"https:\/\/www.facebook.com\/urbanitae\" \/>\n<meta property=\"article:modified_time\" content=\"2025-04-25T09:34:12+00:00\" \/>\n<meta name=\"twitter:card\" content=\"summary_large_image\" \/>\n<meta name=\"twitter:site\" content=\"@urbanitae\" \/>\n<meta name=\"twitter:label1\" content=\"Dur\u00e9e de lecture estim\u00e9e\" \/>\n\t<meta name=\"twitter:data1\" content=\"2 minutes\" \/>\n<script type=\"application\/ld+json\" class=\"yoast-schema-graph\">{\"@context\":\"https:\\\/\\\/schema.org\",\"@graph\":[{\"@type\":\"WebPage\",\"@id\":\"https:\\\/\\\/blog.urbanitae.com\\\/fr\\\/glossaire\\\/strategie-opportuniste\\\/\",\"url\":\"https:\\\/\\\/blog.urbanitae.com\\\/fr\\\/glossaire\\\/strategie-opportuniste\\\/\",\"name\":\"Strat\u00e9gie opportuniste - Urbanitae Blog\",\"isPartOf\":{\"@id\":\"https:\\\/\\\/blog.urbanitae.com\\\/fr\\\/#website\"},\"datePublished\":\"2025-04-15T10:28:22+00:00\",\"dateModified\":\"2025-04-25T09:34:12+00:00\",\"description\":\"Strat\u00e9gie opportuniste : Il s\u2019agit d\u2019une strat\u00e9gie d\u2019investissement immobilier qui cherche \u00e0 tirer parti des situations particuli\u00e8res et des d\u00e9s\u00e9quilibres du march\u00e9. Les investisseurs recherchent des opportunit\u00e9s \u00e0 haut rendement par le biais d\u2019investissements plus risqu\u00e9s, tels que la restructuration d\u2019actifs ou l\u2019acquisition de propri\u00e9t\u00e9s en difficult\u00e9.\",\"breadcrumb\":{\"@id\":\"https:\\\/\\\/blog.urbanitae.com\\\/fr\\\/glossaire\\\/strategie-opportuniste\\\/#breadcrumb\"},\"inLanguage\":\"fr-FR\",\"potentialAction\":[{\"@type\":\"ReadAction\",\"target\":[\"https:\\\/\\\/blog.urbanitae.com\\\/fr\\\/glossaire\\\/strategie-opportuniste\\\/\"]}]},{\"@type\":\"BreadcrumbList\",\"@id\":\"https:\\\/\\\/blog.urbanitae.com\\\/fr\\\/glossaire\\\/strategie-opportuniste\\\/#breadcrumb\",\"itemListElement\":[{\"@type\":\"ListItem\",\"position\":1,\"name\":\"Portada\",\"item\":\"https:\\\/\\\/blog.urbanitae.com\\\/fr\\\/\"},{\"@type\":\"ListItem\",\"position\":2,\"name\":\"Glossaire\",\"item\":\"https:\\\/\\\/blog.urbanitae.com\\\/fr\\\/glosario\\\/\"},{\"@type\":\"ListItem\",\"position\":3,\"name\":\"Strat\u00e9gie opportuniste\"}]},{\"@type\":\"WebSite\",\"@id\":\"https:\\\/\\\/blog.urbanitae.com\\\/fr\\\/#website\",\"url\":\"https:\\\/\\\/blog.urbanitae.com\\\/fr\\\/\",\"name\":\"Urbanitae Blog | Las mejores noticias sobre inversi\u00f3n inmobiliaria\",\"description\":\"L'investissement immobilier \u00e0 la port\u00e9e de tous\",\"publisher\":{\"@id\":\"https:\\\/\\\/blog.urbanitae.com\\\/fr\\\/#organization\"},\"potentialAction\":[{\"@type\":\"SearchAction\",\"target\":{\"@type\":\"EntryPoint\",\"urlTemplate\":\"https:\\\/\\\/blog.urbanitae.com\\\/fr\\\/?s={search_term_string}\"},\"query-input\":{\"@type\":\"PropertyValueSpecification\",\"valueRequired\":true,\"valueName\":\"search_term_string\"}}],\"inLanguage\":\"fr-FR\"},{\"@type\":\"Organization\",\"@id\":\"https:\\\/\\\/blog.urbanitae.com\\\/fr\\\/#organization\",\"name\":\"Urbanitae\",\"url\":\"https:\\\/\\\/blog.urbanitae.com\\\/fr\\\/\",\"logo\":{\"@type\":\"ImageObject\",\"inLanguage\":\"fr-FR\",\"@id\":\"https:\\\/\\\/blog.urbanitae.com\\\/fr\\\/#\\\/schema\\\/logo\\\/image\\\/\",\"url\":\"https:\\\/\\\/blog.urbanitae.com\\\/wp-content\\\/uploads\\\/2020\\\/04\\\/logo-verde_350x100.svg\",\"contentUrl\":\"https:\\\/\\\/blog.urbanitae.com\\\/wp-content\\\/uploads\\\/2020\\\/04\\\/logo-verde_350x100.svg\",\"width\":350,\"height\":100,\"caption\":\"Urbanitae\"},\"image\":{\"@id\":\"https:\\\/\\\/blog.urbanitae.com\\\/fr\\\/#\\\/schema\\\/logo\\\/image\\\/\"},\"sameAs\":[\"https:\\\/\\\/www.facebook.com\\\/urbanitae\",\"https:\\\/\\\/x.com\\\/urbanitae\",\"https:\\\/\\\/www.instagram.com\\\/urbanitae\",\"https:\\\/\\\/www.linkedin.com\\\/company\\\/urbanitae\",\"https:\\\/\\\/www.pinterest.es\\\/UrbanitaeSL\\\/_created\\\/\",\"https:\\\/\\\/www.youtube.com\\\/c\\\/Urbanitae_RE\"]}]}<\/script>\n<!-- \/ Yoast SEO plugin. -->","yoast_head_json":{"title":"Strat\u00e9gie opportuniste - Urbanitae Blog","description":"Strat\u00e9gie opportuniste : Il s\u2019agit d\u2019une strat\u00e9gie d\u2019investissement immobilier qui cherche \u00e0 tirer parti des situations particuli\u00e8res et des d\u00e9s\u00e9quilibres du march\u00e9. Les investisseurs recherchent des opportunit\u00e9s \u00e0 haut rendement par le biais d\u2019investissements plus risqu\u00e9s, tels que la restructuration d\u2019actifs ou l\u2019acquisition de propri\u00e9t\u00e9s en difficult\u00e9.","robots":{"index":"index","follow":"follow","max-snippet":"max-snippet:-1","max-image-preview":"max-image-preview:large","max-video-preview":"max-video-preview:-1"},"canonical":"https:\/\/blog.urbanitae.com\/fr\/glossaire\/strategie-opportuniste\/","og_locale":"fr_FR","og_type":"article","og_title":"Strat\u00e9gie opportuniste - Urbanitae Blog","og_description":"Strat\u00e9gie opportuniste : Il s\u2019agit d\u2019une strat\u00e9gie d\u2019investissement immobilier qui cherche \u00e0 tirer parti des situations particuli\u00e8res et des d\u00e9s\u00e9quilibres du march\u00e9. Les investisseurs recherchent des opportunit\u00e9s \u00e0 haut rendement par le biais d\u2019investissements plus risqu\u00e9s, tels que la restructuration d\u2019actifs ou l\u2019acquisition de propri\u00e9t\u00e9s en difficult\u00e9.","og_url":"https:\/\/blog.urbanitae.com\/fr\/glossaire\/strategie-opportuniste\/","og_site_name":"Urbanitae Blog | Les meilleures nouvelles sur l'investissement immobilier","article_publisher":"https:\/\/www.facebook.com\/urbanitae","article_modified_time":"2025-04-25T09:34:12+00:00","twitter_card":"summary_large_image","twitter_site":"@urbanitae","twitter_misc":{"Dur\u00e9e de lecture estim\u00e9e":"2 minutes"},"schema":{"@context":"https:\/\/schema.org","@graph":[{"@type":"WebPage","@id":"https:\/\/blog.urbanitae.com\/fr\/glossaire\/strategie-opportuniste\/","url":"https:\/\/blog.urbanitae.com\/fr\/glossaire\/strategie-opportuniste\/","name":"Strat\u00e9gie opportuniste - Urbanitae Blog","isPartOf":{"@id":"https:\/\/blog.urbanitae.com\/fr\/#website"},"datePublished":"2025-04-15T10:28:22+00:00","dateModified":"2025-04-25T09:34:12+00:00","description":"Strat\u00e9gie opportuniste : Il s\u2019agit d\u2019une strat\u00e9gie d\u2019investissement immobilier qui cherche \u00e0 tirer parti des situations particuli\u00e8res et des d\u00e9s\u00e9quilibres du march\u00e9. Les investisseurs recherchent des opportunit\u00e9s \u00e0 haut rendement par le biais d\u2019investissements plus risqu\u00e9s, tels que la restructuration d\u2019actifs ou l\u2019acquisition de propri\u00e9t\u00e9s en difficult\u00e9.","breadcrumb":{"@id":"https:\/\/blog.urbanitae.com\/fr\/glossaire\/strategie-opportuniste\/#breadcrumb"},"inLanguage":"fr-FR","potentialAction":[{"@type":"ReadAction","target":["https:\/\/blog.urbanitae.com\/fr\/glossaire\/strategie-opportuniste\/"]}]},{"@type":"BreadcrumbList","@id":"https:\/\/blog.urbanitae.com\/fr\/glossaire\/strategie-opportuniste\/#breadcrumb","itemListElement":[{"@type":"ListItem","position":1,"name":"Portada","item":"https:\/\/blog.urbanitae.com\/fr\/"},{"@type":"ListItem","position":2,"name":"Glossaire","item":"https:\/\/blog.urbanitae.com\/fr\/glosario\/"},{"@type":"ListItem","position":3,"name":"Strat\u00e9gie opportuniste"}]},{"@type":"WebSite","@id":"https:\/\/blog.urbanitae.com\/fr\/#website","url":"https:\/\/blog.urbanitae.com\/fr\/","name":"Urbanitae Blog | Las mejores noticias sobre inversi\u00f3n inmobiliaria","description":"L'investissement immobilier \u00e0 la port\u00e9e de tous","publisher":{"@id":"https:\/\/blog.urbanitae.com\/fr\/#organization"},"potentialAction":[{"@type":"SearchAction","target":{"@type":"EntryPoint","urlTemplate":"https:\/\/blog.urbanitae.com\/fr\/?s={search_term_string}"},"query-input":{"@type":"PropertyValueSpecification","valueRequired":true,"valueName":"search_term_string"}}],"inLanguage":"fr-FR"},{"@type":"Organization","@id":"https:\/\/blog.urbanitae.com\/fr\/#organization","name":"Urbanitae","url":"https:\/\/blog.urbanitae.com\/fr\/","logo":{"@type":"ImageObject","inLanguage":"fr-FR","@id":"https:\/\/blog.urbanitae.com\/fr\/#\/schema\/logo\/image\/","url":"https:\/\/blog.urbanitae.com\/wp-content\/uploads\/2020\/04\/logo-verde_350x100.svg","contentUrl":"https:\/\/blog.urbanitae.com\/wp-content\/uploads\/2020\/04\/logo-verde_350x100.svg","width":350,"height":100,"caption":"Urbanitae"},"image":{"@id":"https:\/\/blog.urbanitae.com\/fr\/#\/schema\/logo\/image\/"},"sameAs":["https:\/\/www.facebook.com\/urbanitae","https:\/\/x.com\/urbanitae","https:\/\/www.instagram.com\/urbanitae","https:\/\/www.linkedin.com\/company\/urbanitae","https:\/\/www.pinterest.es\/UrbanitaeSL\/_created\/","https:\/\/www.youtube.com\/c\/Urbanitae_RE"]}]}},"_links":{"self":[{"href":"https:\/\/blog.urbanitae.com\/fr\/wp-json\/wp\/v2\/pages\/61935","targetHints":{"allow":["GET"]}}],"collection":[{"href":"https:\/\/blog.urbanitae.com\/fr\/wp-json\/wp\/v2\/pages"}],"about":[{"href":"https:\/\/blog.urbanitae.com\/fr\/wp-json\/wp\/v2\/types\/page"}],"author":[{"embeddable":true,"href":"https:\/\/blog.urbanitae.com\/fr\/wp-json\/wp\/v2\/users\/20"}],"replies":[{"embeddable":true,"href":"https:\/\/blog.urbanitae.com\/fr\/wp-json\/wp\/v2\/comments?post=61935"}],"version-history":[{"count":1,"href":"https:\/\/blog.urbanitae.com\/fr\/wp-json\/wp\/v2\/pages\/61935\/revisions"}],"predecessor-version":[{"id":61936,"href":"https:\/\/blog.urbanitae.com\/fr\/wp-json\/wp\/v2\/pages\/61935\/revisions\/61936"}],"up":[{"embeddable":true,"href":"https:\/\/blog.urbanitae.com\/fr\/wp-json\/wp\/v2\/pages\/62174"}],"wp:attachment":[{"href":"https:\/\/blog.urbanitae.com\/fr\/wp-json\/wp\/v2\/media?parent=61935"}],"curies":[{"name":"wp","href":"https:\/\/api.w.org\/{rel}","templated":true}]}}