{"id":61931,"date":"2025-02-12T13:59:52","date_gmt":"2025-02-12T12:59:52","guid":{"rendered":"https:\/\/blog.urbanitae.com\/strategie-core\/"},"modified":"2025-04-25T11:34:11","modified_gmt":"2025-04-25T09:34:11","slug":"strategie-core","status":"publish","type":"page","link":"https:\/\/blog.urbanitae.com\/fr\/glossaire\/strategie-core\/","title":{"rendered":"Strat\u00e9gie core"},"content":{"rendered":"\t\t<div data-elementor-type=\"wp-page\" data-elementor-id=\"61931\" class=\"elementor elementor-61931 elementor-56271\">\n\t\t\t\t\t\t<section class=\"elementor-section elementor-top-section elementor-element elementor-element-d86d887 elementor-section-boxed elementor-section-height-default elementor-section-height-default\" data-id=\"d86d887\" data-element_type=\"section\" data-e-type=\"section\">\n\t\t\t\t\t\t<div class=\"elementor-container elementor-column-gap-default\">\n\t\t\t\t\t<div class=\"elementor-column elementor-col-100 elementor-top-column elementor-element elementor-element-8b49ddd\" data-id=\"8b49ddd\" data-element_type=\"column\" data-e-type=\"column\">\n\t\t\t<div class=\"elementor-widget-wrap elementor-element-populated\">\n\t\t\t\t\t\t<div class=\"elementor-element elementor-element-083b30b elementor-widget__width-initial elementor-widget elementor-widget-text-editor\" data-id=\"083b30b\" data-element_type=\"widget\" data-e-type=\"widget\" data-widget_type=\"text-editor.default\">\n\t\t\t\t<div class=\"elementor-widget-container\">\n\t\t\t\t\t\t\t\t\t<h3>Qu\u2019est-ce que c\u2019est?<\/h3><p style=\"color: #212121; font-family: Roboto, sans-serif; font-size: 16px;\">Il s&rsquo;agit d&rsquo;une strat\u00e9gie d&rsquo;investissement immobilier qui se concentre sur l&rsquo;acquisition et la gestion d&rsquo;actifs immobiliers stables et de qualit\u00e9 situ\u00e9s dans des emplacements primaires. L&rsquo;objectif est de g\u00e9n\u00e9rer des revenus r\u00e9guliers gr\u00e2ce \u00e0 des loyers \u00e0 long terme, offrant ainsi un flux de tr\u00e9sorerie constant et une appr\u00e9ciation mod\u00e9r\u00e9e de la valeur des actifs au fil du temps.<\/p><p style=\"color: #212121; font-family: Roboto, sans-serif; font-size: 16px;\">Cette strat\u00e9gie se caract\u00e9rise par son approche conservatrice et \u00e0 long terme, visant \u00e0 minimiser les risques et \u00e0 fournir de la stabilit\u00e9 aux investisseurs. Les actifs dans lesquels on investit sous la strat\u00e9gie core sont g\u00e9n\u00e9ralement des propri\u00e9t\u00e9s bien situ\u00e9es, \u00e0 forte demande, telles que des bureaux dans des quartiers financiers, des immeubles r\u00e9sidentiels dans des zones urbaines \u00e9tablies ou des centres commerciaux dans des emplacements strat\u00e9giques. <\/p>\t\t\t\t\t\t\t\t<\/div>\n\t\t\t\t<\/div>\n\t\t\t\t<div class=\"elementor-element elementor-element-11c28c4 elementor-widget__width-initial elementor-widget elementor-widget-text-editor\" data-id=\"11c28c4\" data-element_type=\"widget\" data-e-type=\"widget\" data-widget_type=\"text-editor.default\">\n\t\t\t\t<div class=\"elementor-widget-container\">\n\t\t\t\t\t\t\t\t\t<h3>Principaux aspects \u00e0 prendre en compte<\/h3><p style=\"color: #212121; font-family: Roboto, sans-serif; font-size: 16px;\">Les principales <strong>caract\u00e9ristiques<\/strong> de la strat\u00e9gie de base sont les suivantes :<\/p><ul><li style=\"color: #212121; font-family: Roboto, sans-serif; font-size: 16px;\"><strong>Stabilit\u00e9 et faible volatilit\u00e9 :<\/strong> Les actifs acquis sont g\u00e9n\u00e9ralement \u00e0 faible risque, avec des baux \u00e0 long terme et des locataires de qualit\u00e9.<\/li><li style=\"color: #212121; font-family: Roboto, sans-serif; font-size: 16px;\"><strong>Performances constantes :<\/strong> Les investisseurs s\u2019attendent \u00e0 gagner un revenu r\u00e9gulier gr\u00e2ce aux locations, avec moins de d\u00e9pendance aux fluctuations du march\u00e9 immobilier.<\/li><li style=\"color: #212121; font-family: Roboto, sans-serif; font-size: 16px;\"><strong>\u00c9valuations prudentes :<\/strong> Vous investissez dans des biens immobiliers qui sont d\u00e9j\u00e0 en exploitation et qui ont fait leurs preuves en mati\u00e8re de revenus stables.<\/li><\/ul><p style=\"color: #212121; font-family: Roboto, sans-serif; font-size: 16px;\">Compar\u00e9e \u00e0 d&rsquo;autres strat\u00e9gies plus agressives, comme la strat\u00e9gie value-add ou opportunistic, la strat\u00e9gie core ne comporte pas de grandes r\u00e9novations ni de risques li\u00e9s au d\u00e9veloppement de nouveaux projets, ce qui en fait une option privil\u00e9gi\u00e9e par les investisseurs recherchant s\u00e9curit\u00e9 et stabilit\u00e9 \u00e0 long terme.<\/p><p style=\"color: #212121; font-family: Roboto, sans-serif; font-size: 16px;\">La strat\u00e9gie core est id\u00e9ale pour les fonds d&rsquo;investissement immobilier et les portefeuilles qui cherchent un rendement pr\u00e9visible et durable, avec un risque ma\u00eetris\u00e9.<\/p>\t\t\t\t\t\t\t\t<\/div>\n\t\t\t\t<\/div>\n\t\t\t\t\t<\/div>\n\t\t<\/div>\n\t\t\t\t\t<\/div>\n\t\t<\/section>\n\t\t\t\t<section class=\"elementor-section elementor-top-section elementor-element elementor-element-aa563c5 elementor-section-full_width elementor-section-stretched elementor-section-height-default elementor-section-height-default\" data-id=\"aa563c5\" data-element_type=\"section\" data-e-type=\"section\" data-settings=\"{&quot;stretch_section&quot;:&quot;section-stretched&quot;}\">\n\t\t\t\t\t\t<div class=\"elementor-container elementor-column-gap-default\">\n\t\t\t\t\t<div class=\"elementor-column elementor-col-100 elementor-top-column elementor-element elementor-element-41114ac\" data-id=\"41114ac\" data-element_type=\"column\" data-e-type=\"column\">\n\t\t\t<div class=\"elementor-widget-wrap elementor-element-populated\">\n\t\t\t\t\t\t<div class=\"elementor-element elementor-element-43f7095 elementor-widget elementor-widget-html\" data-id=\"43f7095\" data-element_type=\"widget\" data-e-type=\"widget\" data-widget_type=\"html.default\">\n\t\t\t\t<div class=\"elementor-widget-container\">\n\t\t\t\t\t\r\n        <div class=\"qode-advanced-call-to-action qode-advanced-cta-gradient qode-advanced-cta-gradient-animation\" style=\"height:80px\">\r\n            <a class=\"advanced-cta-link\" href=\"https:\/\/mkt.urbanitae.com\/Urbanitae_suscripcion_newsletter.html?utm_source=blog&amp;utm_medium=link_blog&amp;utm_campaign=suscripcion_blog&amp;utm_content=boton\" target=\"_blank\" onclick=\"dataLayer.push({'event': 'ub_ga4_event', 'ub_ga4_event_name': 'newsletter', 'ub_ga4_event_element': 'aprende'})\"><\/a>\r\n            <div class=\"qode-advanced-cta-content\">\r\n                <span class=\"qode-advanced-cta-text-holder\" style=\"color:#FFFFFF;font-size:25px\">\r\n Abonnez-vous \u00e0 notre Newsletter <\/span>\r\n                <span class=\"qode-advanced-cta-icon-holder\" style=\"color:#FFFFFF;font-size:25px\">\r\n                    <span class=\"qode-advanced-cta-icon-holder-table\">\r\n                        <span class=\"qode-advanced-cta-icon-holder-cell\">\r\n                            <i class=\"qode_icon_font_awesome_5 fa5 fa fa-envelope-open-text qode-advanced-cta-icon\"><\/i> <\/span>\r\n                    <\/span>\r\n                <\/span>\r\n            <\/div>\r\n            <div class=\"qode-advanced-cta-background-holder\">\r\n                <span class=\"qode-advanced-cta-background-1 qode-type1-gradient-left-to-right\"><\/span>\r\n                <span class=\"qode-advanced-cta-background-2 qode-type1-gradient-left-to-right\"><\/span>\r\n                <span class=\"qode-advanced-cta-background-3\"><\/span>\r\n            <\/div>\r\n        <\/div>\r\n\t\t\t\t<\/div>\n\t\t\t\t<\/div>\n\t\t\t\t\t<\/div>\n\t\t<\/div>\n\t\t\t\t\t<\/div>\n\t\t<\/section>\n\t\t\t\t<\/div>\n\t\t","protected":false},"excerpt":{"rendered":"<p>Qu\u2019est-ce que c\u2019est? Il s&rsquo;agit d&rsquo;une strat\u00e9gie d&rsquo;investissement immobilier qui se concentre sur l&rsquo;acquisition et la gestion d&rsquo;actifs immobiliers stables et de qualit\u00e9 situ\u00e9s dans des emplacements primaires. L&rsquo;objectif est de g\u00e9n\u00e9rer des revenus r\u00e9guliers gr\u00e2ce \u00e0 des loyers \u00e0 long terme, offrant ainsi un flux de tr\u00e9sorerie constant et une appr\u00e9ciation mod\u00e9r\u00e9e de la [&hellip;]<\/p>\n","protected":false},"author":20,"featured_media":0,"parent":62174,"menu_order":0,"comment_status":"closed","ping_status":"closed","template":"","meta":{"inline_featured_image":false,"footnotes":""},"class_list":["post-61931","page","type-page","status-publish","hentry"],"yoast_head":"<!-- This site is optimized with the Yoast SEO plugin v27.4 - https:\/\/yoast.com\/product\/yoast-seo-wordpress\/ -->\n<title>Strat\u00e9gie core - Urbanitae Blog<\/title>\n<meta name=\"description\" content=\"Il s\u2019agit d\u2019une strat\u00e9gie d\u2019investissement immobilier qui se concentre sur l\u2019acquisition et le maintien d\u2019actifs immobiliers stables et de qualit\u00e9 dans des emplacements de choix. L\u2019objectif est de g\u00e9n\u00e9rer des revenus r\u00e9guliers gr\u00e2ce \u00e0 la location \u00e0 long terme.\" \/>\n<meta name=\"robots\" content=\"index, follow, max-snippet:-1, max-image-preview:large, max-video-preview:-1\" \/>\n<link rel=\"canonical\" href=\"https:\/\/blog.urbanitae.com\/fr\/glossaire\/strategie-core\/\" \/>\n<meta property=\"og:locale\" content=\"fr_FR\" \/>\n<meta property=\"og:type\" content=\"article\" \/>\n<meta property=\"og:title\" content=\"Strat\u00e9gie core - Urbanitae Blog\" \/>\n<meta property=\"og:description\" content=\"Il s\u2019agit d\u2019une strat\u00e9gie d\u2019investissement immobilier qui se concentre sur l\u2019acquisition et le maintien d\u2019actifs immobiliers stables et de qualit\u00e9 dans des emplacements de choix. L\u2019objectif est de g\u00e9n\u00e9rer des revenus r\u00e9guliers gr\u00e2ce \u00e0 la location \u00e0 long terme.\" \/>\n<meta property=\"og:url\" content=\"https:\/\/blog.urbanitae.com\/fr\/glossaire\/strategie-core\/\" \/>\n<meta property=\"og:site_name\" content=\"Urbanitae Blog | Les meilleures nouvelles sur l&#039;investissement immobilier\" \/>\n<meta property=\"article:publisher\" content=\"https:\/\/www.facebook.com\/urbanitae\" \/>\n<meta property=\"article:modified_time\" content=\"2025-04-25T09:34:11+00:00\" \/>\n<meta name=\"twitter:card\" content=\"summary_large_image\" \/>\n<meta name=\"twitter:site\" content=\"@urbanitae\" \/>\n<meta name=\"twitter:label1\" content=\"Dur\u00e9e de lecture estim\u00e9e\" \/>\n\t<meta name=\"twitter:data1\" content=\"2 minutes\" \/>\n<script type=\"application\/ld+json\" class=\"yoast-schema-graph\">{\"@context\":\"https:\\\/\\\/schema.org\",\"@graph\":[{\"@type\":\"WebPage\",\"@id\":\"https:\\\/\\\/blog.urbanitae.com\\\/fr\\\/glossaire\\\/strategie-core\\\/\",\"url\":\"https:\\\/\\\/blog.urbanitae.com\\\/fr\\\/glossaire\\\/strategie-core\\\/\",\"name\":\"Strat\u00e9gie core - Urbanitae Blog\",\"isPartOf\":{\"@id\":\"https:\\\/\\\/blog.urbanitae.com\\\/fr\\\/#website\"},\"datePublished\":\"2025-02-12T12:59:52+00:00\",\"dateModified\":\"2025-04-25T09:34:11+00:00\",\"description\":\"Il s\u2019agit d\u2019une strat\u00e9gie d\u2019investissement immobilier qui se concentre sur l\u2019acquisition et le maintien d\u2019actifs immobiliers stables et de qualit\u00e9 dans des emplacements de choix. L\u2019objectif est de g\u00e9n\u00e9rer des revenus r\u00e9guliers gr\u00e2ce \u00e0 la location \u00e0 long terme.\",\"breadcrumb\":{\"@id\":\"https:\\\/\\\/blog.urbanitae.com\\\/fr\\\/glossaire\\\/strategie-core\\\/#breadcrumb\"},\"inLanguage\":\"fr-FR\",\"potentialAction\":[{\"@type\":\"ReadAction\",\"target\":[\"https:\\\/\\\/blog.urbanitae.com\\\/fr\\\/glossaire\\\/strategie-core\\\/\"]}]},{\"@type\":\"BreadcrumbList\",\"@id\":\"https:\\\/\\\/blog.urbanitae.com\\\/fr\\\/glossaire\\\/strategie-core\\\/#breadcrumb\",\"itemListElement\":[{\"@type\":\"ListItem\",\"position\":1,\"name\":\"Portada\",\"item\":\"https:\\\/\\\/blog.urbanitae.com\\\/fr\\\/\"},{\"@type\":\"ListItem\",\"position\":2,\"name\":\"Glossaire\",\"item\":\"https:\\\/\\\/blog.urbanitae.com\\\/fr\\\/glosario\\\/\"},{\"@type\":\"ListItem\",\"position\":3,\"name\":\"Strat\u00e9gie core\"}]},{\"@type\":\"WebSite\",\"@id\":\"https:\\\/\\\/blog.urbanitae.com\\\/fr\\\/#website\",\"url\":\"https:\\\/\\\/blog.urbanitae.com\\\/fr\\\/\",\"name\":\"Urbanitae Blog | Las mejores noticias sobre inversi\u00f3n inmobiliaria\",\"description\":\"L'investissement immobilier \u00e0 la port\u00e9e de tous\",\"publisher\":{\"@id\":\"https:\\\/\\\/blog.urbanitae.com\\\/fr\\\/#organization\"},\"potentialAction\":[{\"@type\":\"SearchAction\",\"target\":{\"@type\":\"EntryPoint\",\"urlTemplate\":\"https:\\\/\\\/blog.urbanitae.com\\\/fr\\\/?s={search_term_string}\"},\"query-input\":{\"@type\":\"PropertyValueSpecification\",\"valueRequired\":true,\"valueName\":\"search_term_string\"}}],\"inLanguage\":\"fr-FR\"},{\"@type\":\"Organization\",\"@id\":\"https:\\\/\\\/blog.urbanitae.com\\\/fr\\\/#organization\",\"name\":\"Urbanitae\",\"url\":\"https:\\\/\\\/blog.urbanitae.com\\\/fr\\\/\",\"logo\":{\"@type\":\"ImageObject\",\"inLanguage\":\"fr-FR\",\"@id\":\"https:\\\/\\\/blog.urbanitae.com\\\/fr\\\/#\\\/schema\\\/logo\\\/image\\\/\",\"url\":\"https:\\\/\\\/blog.urbanitae.com\\\/wp-content\\\/uploads\\\/2020\\\/04\\\/logo-verde_350x100.svg\",\"contentUrl\":\"https:\\\/\\\/blog.urbanitae.com\\\/wp-content\\\/uploads\\\/2020\\\/04\\\/logo-verde_350x100.svg\",\"width\":350,\"height\":100,\"caption\":\"Urbanitae\"},\"image\":{\"@id\":\"https:\\\/\\\/blog.urbanitae.com\\\/fr\\\/#\\\/schema\\\/logo\\\/image\\\/\"},\"sameAs\":[\"https:\\\/\\\/www.facebook.com\\\/urbanitae\",\"https:\\\/\\\/x.com\\\/urbanitae\",\"https:\\\/\\\/www.instagram.com\\\/urbanitae\",\"https:\\\/\\\/www.linkedin.com\\\/company\\\/urbanitae\",\"https:\\\/\\\/www.pinterest.es\\\/UrbanitaeSL\\\/_created\\\/\",\"https:\\\/\\\/www.youtube.com\\\/c\\\/Urbanitae_RE\"]}]}<\/script>\n<!-- \/ Yoast SEO plugin. -->","yoast_head_json":{"title":"Strat\u00e9gie core - Urbanitae Blog","description":"Il s\u2019agit d\u2019une strat\u00e9gie d\u2019investissement immobilier qui se concentre sur l\u2019acquisition et le maintien d\u2019actifs immobiliers stables et de qualit\u00e9 dans des emplacements de choix. L\u2019objectif est de g\u00e9n\u00e9rer des revenus r\u00e9guliers gr\u00e2ce \u00e0 la location \u00e0 long terme.","robots":{"index":"index","follow":"follow","max-snippet":"max-snippet:-1","max-image-preview":"max-image-preview:large","max-video-preview":"max-video-preview:-1"},"canonical":"https:\/\/blog.urbanitae.com\/fr\/glossaire\/strategie-core\/","og_locale":"fr_FR","og_type":"article","og_title":"Strat\u00e9gie core - Urbanitae Blog","og_description":"Il s\u2019agit d\u2019une strat\u00e9gie d\u2019investissement immobilier qui se concentre sur l\u2019acquisition et le maintien d\u2019actifs immobiliers stables et de qualit\u00e9 dans des emplacements de choix. L\u2019objectif est de g\u00e9n\u00e9rer des revenus r\u00e9guliers gr\u00e2ce \u00e0 la location \u00e0 long terme.","og_url":"https:\/\/blog.urbanitae.com\/fr\/glossaire\/strategie-core\/","og_site_name":"Urbanitae Blog | Les meilleures nouvelles sur l'investissement immobilier","article_publisher":"https:\/\/www.facebook.com\/urbanitae","article_modified_time":"2025-04-25T09:34:11+00:00","twitter_card":"summary_large_image","twitter_site":"@urbanitae","twitter_misc":{"Dur\u00e9e de lecture estim\u00e9e":"2 minutes"},"schema":{"@context":"https:\/\/schema.org","@graph":[{"@type":"WebPage","@id":"https:\/\/blog.urbanitae.com\/fr\/glossaire\/strategie-core\/","url":"https:\/\/blog.urbanitae.com\/fr\/glossaire\/strategie-core\/","name":"Strat\u00e9gie core - Urbanitae Blog","isPartOf":{"@id":"https:\/\/blog.urbanitae.com\/fr\/#website"},"datePublished":"2025-02-12T12:59:52+00:00","dateModified":"2025-04-25T09:34:11+00:00","description":"Il s\u2019agit d\u2019une strat\u00e9gie d\u2019investissement immobilier qui se concentre sur l\u2019acquisition et le maintien d\u2019actifs immobiliers stables et de qualit\u00e9 dans des emplacements de choix. L\u2019objectif est de g\u00e9n\u00e9rer des revenus r\u00e9guliers gr\u00e2ce \u00e0 la location \u00e0 long terme.","breadcrumb":{"@id":"https:\/\/blog.urbanitae.com\/fr\/glossaire\/strategie-core\/#breadcrumb"},"inLanguage":"fr-FR","potentialAction":[{"@type":"ReadAction","target":["https:\/\/blog.urbanitae.com\/fr\/glossaire\/strategie-core\/"]}]},{"@type":"BreadcrumbList","@id":"https:\/\/blog.urbanitae.com\/fr\/glossaire\/strategie-core\/#breadcrumb","itemListElement":[{"@type":"ListItem","position":1,"name":"Portada","item":"https:\/\/blog.urbanitae.com\/fr\/"},{"@type":"ListItem","position":2,"name":"Glossaire","item":"https:\/\/blog.urbanitae.com\/fr\/glosario\/"},{"@type":"ListItem","position":3,"name":"Strat\u00e9gie core"}]},{"@type":"WebSite","@id":"https:\/\/blog.urbanitae.com\/fr\/#website","url":"https:\/\/blog.urbanitae.com\/fr\/","name":"Urbanitae Blog | Las mejores noticias sobre inversi\u00f3n inmobiliaria","description":"L'investissement immobilier \u00e0 la port\u00e9e de tous","publisher":{"@id":"https:\/\/blog.urbanitae.com\/fr\/#organization"},"potentialAction":[{"@type":"SearchAction","target":{"@type":"EntryPoint","urlTemplate":"https:\/\/blog.urbanitae.com\/fr\/?s={search_term_string}"},"query-input":{"@type":"PropertyValueSpecification","valueRequired":true,"valueName":"search_term_string"}}],"inLanguage":"fr-FR"},{"@type":"Organization","@id":"https:\/\/blog.urbanitae.com\/fr\/#organization","name":"Urbanitae","url":"https:\/\/blog.urbanitae.com\/fr\/","logo":{"@type":"ImageObject","inLanguage":"fr-FR","@id":"https:\/\/blog.urbanitae.com\/fr\/#\/schema\/logo\/image\/","url":"https:\/\/blog.urbanitae.com\/wp-content\/uploads\/2020\/04\/logo-verde_350x100.svg","contentUrl":"https:\/\/blog.urbanitae.com\/wp-content\/uploads\/2020\/04\/logo-verde_350x100.svg","width":350,"height":100,"caption":"Urbanitae"},"image":{"@id":"https:\/\/blog.urbanitae.com\/fr\/#\/schema\/logo\/image\/"},"sameAs":["https:\/\/www.facebook.com\/urbanitae","https:\/\/x.com\/urbanitae","https:\/\/www.instagram.com\/urbanitae","https:\/\/www.linkedin.com\/company\/urbanitae","https:\/\/www.pinterest.es\/UrbanitaeSL\/_created\/","https:\/\/www.youtube.com\/c\/Urbanitae_RE"]}]}},"_links":{"self":[{"href":"https:\/\/blog.urbanitae.com\/fr\/wp-json\/wp\/v2\/pages\/61931","targetHints":{"allow":["GET"]}}],"collection":[{"href":"https:\/\/blog.urbanitae.com\/fr\/wp-json\/wp\/v2\/pages"}],"about":[{"href":"https:\/\/blog.urbanitae.com\/fr\/wp-json\/wp\/v2\/types\/page"}],"author":[{"embeddable":true,"href":"https:\/\/blog.urbanitae.com\/fr\/wp-json\/wp\/v2\/users\/20"}],"replies":[{"embeddable":true,"href":"https:\/\/blog.urbanitae.com\/fr\/wp-json\/wp\/v2\/comments?post=61931"}],"version-history":[{"count":1,"href":"https:\/\/blog.urbanitae.com\/fr\/wp-json\/wp\/v2\/pages\/61931\/revisions"}],"predecessor-version":[{"id":61932,"href":"https:\/\/blog.urbanitae.com\/fr\/wp-json\/wp\/v2\/pages\/61931\/revisions\/61932"}],"up":[{"embeddable":true,"href":"https:\/\/blog.urbanitae.com\/fr\/wp-json\/wp\/v2\/pages\/62174"}],"wp:attachment":[{"href":"https:\/\/blog.urbanitae.com\/fr\/wp-json\/wp\/v2\/media?parent=61931"}],"curies":[{"name":"wp","href":"https:\/\/api.w.org\/{rel}","templated":true}]}}