{"id":61929,"date":"2025-04-15T12:19:23","date_gmt":"2025-04-15T10:19:23","guid":{"rendered":"https:\/\/blog.urbanitae.com\/statuts-dune-societe\/"},"modified":"2025-04-25T11:34:10","modified_gmt":"2025-04-25T09:34:10","slug":"statuts-dune-societe","status":"publish","type":"page","link":"https:\/\/blog.urbanitae.com\/fr\/glossaire\/statuts-dune-societe\/","title":{"rendered":"Statuts d&rsquo;une soci\u00e9t\u00e9"},"content":{"rendered":"\t\t<div data-elementor-type=\"wp-page\" data-elementor-id=\"61929\" class=\"elementor elementor-61929 elementor-56270\">\n\t\t\t\t\t\t<section class=\"elementor-section elementor-top-section elementor-element elementor-element-d86d887 elementor-section-boxed elementor-section-height-default elementor-section-height-default\" data-id=\"d86d887\" data-element_type=\"section\" data-e-type=\"section\">\n\t\t\t\t\t\t<div class=\"elementor-container elementor-column-gap-default\">\n\t\t\t\t\t<div class=\"elementor-column elementor-col-100 elementor-top-column elementor-element elementor-element-8b49ddd\" data-id=\"8b49ddd\" data-element_type=\"column\" data-e-type=\"column\">\n\t\t\t<div class=\"elementor-widget-wrap elementor-element-populated\">\n\t\t\t\t\t\t<div class=\"elementor-element elementor-element-083b30b elementor-widget__width-initial elementor-widget elementor-widget-text-editor\" data-id=\"083b30b\" data-element_type=\"widget\" data-e-type=\"widget\" data-widget_type=\"text-editor.default\">\n\t\t\t\t<div class=\"elementor-widget-container\">\n\t\t\t\t\t\t\t\t\t<h3>De quoi s\u2019agit-il ?<\/h3><p style=\"color: #212121; font-family: Roboto, sans-serif; font-size: 16px;\">Ce sont les r\u00e8gles et normes internes qui r\u00e9gissent le fonctionnement d&rsquo;une soci\u00e9t\u00e9 ou d&rsquo;une entreprise. Les statuts \u00e9tablissent la structure de gouvernance, les droits et obligations des actionnaires, ainsi que d&rsquo;autres dispositions l\u00e9gales de la soci\u00e9t\u00e9.<\/p><p style=\"color: #212121; font-family: Roboto, sans-serif; font-size: 16px;\">Les statuts sont essentiels car ils d\u00e9finissent le cadre op\u00e9rationnel et organisationnel de la soci\u00e9t\u00e9. Ils constituent le document qui r\u00e9git son fonctionnement, depuis sa constitution jusqu&rsquo;\u00e0 sa dissolution, et doivent \u00eatre approuv\u00e9s par les associ\u00e9s ou actionnaires fondateurs. Ceux-ci peuvent \u00eatre modifi\u00e9s lors d&rsquo;assembl\u00e9es ou de r\u00e9unions d&rsquo;actionnaires si n\u00e9cessaire.  <\/p>\t\t\t\t\t\t\t\t<\/div>\n\t\t\t\t<\/div>\n\t\t\t\t<div class=\"elementor-element elementor-element-11c28c4 elementor-widget__width-initial elementor-widget elementor-widget-text-editor\" data-id=\"11c28c4\" data-element_type=\"widget\" data-e-type=\"widget\" data-widget_type=\"text-editor.default\">\n\t\t\t\t<div class=\"elementor-widget-container\">\n\t\t\t\t\t\t\t\t\t<h3>Principaux aspects \u00e0 prendre en compte<\/h3>\n<p style=\"color: #212121; font-family: Roboto, sans-serif; font-size: 16px;\">Les \u00e9l\u00e9ments que les statuts d&rsquo;une soci\u00e9t\u00e9 incluent g\u00e9n\u00e9ralement sont :<\/p>\n\n<ul>\n \t<li style=\"color: #212121; font-family: Roboto, sans-serif; font-size: 16px;\"><strong>Objet social :<\/strong> Il d\u00e9finit l\u2019activit\u00e9 ou les activit\u00e9s auxquelles l\u2019entreprise est d\u00e9di\u00e9e.<\/li>\n \t<li style=\"color: #212121; font-family: Roboto, sans-serif; font-size: 16px;\"><strong>Capital social:<\/strong> Il fixe le montant du capital initial et les modalit\u00e9s de sa r\u00e9partition entre les associ\u00e9s ou les actionnaires.<\/li>\n \t<li style=\"color: #212121; font-family: Roboto, sans-serif; font-size: 16px;\"><strong>Gouvernance et administration :<\/strong> Il r\u00e9glemente la structure des organes administratifs, tels que le conseil d\u2019administration, le pr\u00e9sident ou le conseil d\u2019administration.<\/li>\n \t<li style=\"color: #212121; font-family: Roboto, sans-serif; font-size: 16px;\"><strong>Droits et obligations des actionnaires :<\/strong> Il comprend des d\u00e9tails sur la distribution des dividendes, les droits de vote, les transferts d\u2019actions et d\u2019autres pr\u00e9rogatives des actionnaires.<\/li>\n \t<li style=\"color: #212121; font-family: Roboto, sans-serif; font-size: 16px;\"><strong>Dur\u00e9e et dissolution :<\/strong> Il fixe la dur\u00e9e d\u2019existence de la soci\u00e9t\u00e9 et les conditions dans lesquelles elle peut \u00eatre dissoute.<\/li>\n<\/ul>\n<p style=\"color: #212121; font-family: Roboto, sans-serif; font-size: 16px;\">Dans le domaine immobilier, les statuts d&rsquo;une soci\u00e9t\u00e9 immobili\u00e8re ou d&rsquo;un fonds d&rsquo;investissement immobilier (REIT) sont essentiels pour d\u00e9terminer comment les actifs sont g\u00e9r\u00e9s, comment les rendements sont distribu\u00e9s entre les investisseurs et comment les d\u00e9cisions d&rsquo;investissement sont prises. Ces statuts doivent \u00e9galement respecter la l\u00e9gislation en vigueur et les r\u00e9glementations des march\u00e9s financiers sur lesquels ils op\u00e8rent. <\/p>\n<p style=\"color: #212121; font-family: Roboto, sans-serif; font-size: 16px;\">Les statuts fournissent la base l\u00e9gale qui garantit que les op\u00e9rations de la soci\u00e9t\u00e9 se d\u00e9roulent de mani\u00e8re transparente et ordonn\u00e9e, prot\u00e9geant ainsi les droits de toutes les parties prenantes.<\/p>\t\t\t\t\t\t\t\t<\/div>\n\t\t\t\t<\/div>\n\t\t\t\t\t<\/div>\n\t\t<\/div>\n\t\t\t\t\t<\/div>\n\t\t<\/section>\n\t\t\t\t<section class=\"elementor-section elementor-top-section elementor-element elementor-element-aa563c5 elementor-section-full_width elementor-section-height-default elementor-section-height-default\" data-id=\"aa563c5\" data-element_type=\"section\" data-e-type=\"section\">\n\t\t\t\t\t\t<div class=\"elementor-container elementor-column-gap-default\">\n\t\t\t\t\t<div class=\"elementor-column elementor-col-100 elementor-top-column elementor-element elementor-element-41114ac\" data-id=\"41114ac\" data-element_type=\"column\" data-e-type=\"column\">\n\t\t\t<div class=\"elementor-widget-wrap elementor-element-populated\">\n\t\t\t\t\t\t<div class=\"elementor-element elementor-element-43f7095 elementor-widget elementor-widget-html\" data-id=\"43f7095\" data-element_type=\"widget\" data-e-type=\"widget\" data-widget_type=\"html.default\">\n\t\t\t\t<div class=\"elementor-widget-container\">\n\t\t\t\t\t\r\n        <div class=\"qode-advanced-call-to-action qode-advanced-cta-gradient qode-advanced-cta-gradient-animation\" style=\"height:80px\">\r\n            <a class=\"advanced-cta-link\" href=\"https:\/\/mkt.urbanitae.com\/Urbanitae_suscripcion_newsletter.html?utm_source=blog&amp;utm_medium=link_blog&amp;utm_campaign=suscripcion_blog&amp;utm_content=boton\" target=\"_blank\" onclick=\"dataLayer.push({'event': 'ub_ga4_event', 'ub_ga4_event_name': 'newsletter', 'ub_ga4_event_element': 'aprende'})\"><\/a>\r\n            <div class=\"qode-advanced-cta-content\">\r\n                <span class=\"qode-advanced-cta-text-holder\" style=\"color:#FFFFFF;font-size:25px\">\r\n Abonnez-vous \u00e0 notre Newsletter <\/span>\r\n                <span class=\"qode-advanced-cta-icon-holder\" style=\"color:#FFFFFF;font-size:25px\">\r\n                    <span class=\"qode-advanced-cta-icon-holder-table\">\r\n                        <span class=\"qode-advanced-cta-icon-holder-cell\">\r\n                            <i class=\"qode_icon_font_awesome_5 fa5 fa fa-envelope-open-text qode-advanced-cta-icon\"><\/i> <\/span>\r\n                    <\/span>\r\n                <\/span>\r\n            <\/div>\r\n            <div class=\"qode-advanced-cta-background-holder\">\r\n                <span class=\"qode-advanced-cta-background-1 qode-type1-gradient-left-to-right\"><\/span>\r\n                <span class=\"qode-advanced-cta-background-2 qode-type1-gradient-left-to-right\"><\/span>\r\n                <span class=\"qode-advanced-cta-background-3\"><\/span>\r\n            <\/div>\r\n        <\/div>\r\n\t\t\t\t<\/div>\n\t\t\t\t<\/div>\n\t\t\t\t\t<\/div>\n\t\t<\/div>\n\t\t\t\t\t<\/div>\n\t\t<\/section>\n\t\t\t\t<\/div>\n\t\t","protected":false},"excerpt":{"rendered":"<p>De quoi s\u2019agit-il ? Ce sont les r\u00e8gles et normes internes qui r\u00e9gissent le fonctionnement d&rsquo;une soci\u00e9t\u00e9 ou d&rsquo;une entreprise. Les statuts \u00e9tablissent la structure de gouvernance, les droits et obligations des actionnaires, ainsi que d&rsquo;autres dispositions l\u00e9gales de la soci\u00e9t\u00e9. Les statuts sont essentiels car ils d\u00e9finissent le cadre op\u00e9rationnel et organisationnel de la [&hellip;]<\/p>\n","protected":false},"author":20,"featured_media":0,"parent":62174,"menu_order":0,"comment_status":"closed","ping_status":"closed","template":"","meta":{"inline_featured_image":false,"footnotes":""},"class_list":["post-61929","page","type-page","status-publish","hentry"],"blocksy_meta":[],"yoast_head":"<!-- This site is optimized with the Yoast SEO plugin v27.4 - https:\/\/yoast.com\/product\/yoast-seo-wordpress\/ -->\n<title>Statuts d&#039;une soci\u00e9t\u00e9 - Urbanitae Blog<\/title>\n<meta name=\"description\" content=\"Il s\u2019agit du r\u00e8glement int\u00e9rieur qui r\u00e9git le fonctionnement d\u2019une soci\u00e9t\u00e9 ou d\u2019une soci\u00e9t\u00e9. Les statuts d\u00e9finissent la structure de gouvernance, les droits et obligations des actionnaires et les autres dispositions juridiques de la soci\u00e9t\u00e9.\" \/>\n<meta name=\"robots\" content=\"index, follow, max-snippet:-1, max-image-preview:large, max-video-preview:-1\" \/>\n<link rel=\"canonical\" href=\"https:\/\/blog.urbanitae.com\/fr\/glossaire\/statuts-dune-societe\/\" \/>\n<meta property=\"og:locale\" content=\"fr_FR\" \/>\n<meta property=\"og:type\" content=\"article\" \/>\n<meta property=\"og:title\" content=\"Statuts d&#039;une soci\u00e9t\u00e9 - Urbanitae Blog\" \/>\n<meta property=\"og:description\" content=\"Il s\u2019agit du r\u00e8glement int\u00e9rieur qui r\u00e9git le fonctionnement d\u2019une soci\u00e9t\u00e9 ou d\u2019une soci\u00e9t\u00e9. Les statuts d\u00e9finissent la structure de gouvernance, les droits et obligations des actionnaires et les autres dispositions juridiques de la soci\u00e9t\u00e9.\" \/>\n<meta property=\"og:url\" content=\"https:\/\/blog.urbanitae.com\/fr\/glossaire\/statuts-dune-societe\/\" \/>\n<meta property=\"og:site_name\" content=\"Urbanitae Blog | Les meilleures nouvelles sur l&#039;investissement immobilier\" \/>\n<meta property=\"article:publisher\" content=\"https:\/\/www.facebook.com\/urbanitae\" \/>\n<meta property=\"article:modified_time\" content=\"2025-04-25T09:34:10+00:00\" \/>\n<meta name=\"twitter:card\" content=\"summary_large_image\" \/>\n<meta name=\"twitter:site\" content=\"@urbanitae\" \/>\n<meta name=\"twitter:label1\" content=\"Dur\u00e9e de lecture estim\u00e9e\" \/>\n\t<meta name=\"twitter:data1\" content=\"2 minutes\" \/>\n<script type=\"application\/ld+json\" class=\"yoast-schema-graph\">{\"@context\":\"https:\\\/\\\/schema.org\",\"@graph\":[{\"@type\":\"WebPage\",\"@id\":\"https:\\\/\\\/blog.urbanitae.com\\\/fr\\\/glossaire\\\/statuts-dune-societe\\\/\",\"url\":\"https:\\\/\\\/blog.urbanitae.com\\\/fr\\\/glossaire\\\/statuts-dune-societe\\\/\",\"name\":\"Statuts d'une soci\u00e9t\u00e9 - Urbanitae Blog\",\"isPartOf\":{\"@id\":\"https:\\\/\\\/blog.urbanitae.com\\\/fr\\\/#website\"},\"datePublished\":\"2025-04-15T10:19:23+00:00\",\"dateModified\":\"2025-04-25T09:34:10+00:00\",\"description\":\"Il s\u2019agit du r\u00e8glement int\u00e9rieur qui r\u00e9git le fonctionnement d\u2019une soci\u00e9t\u00e9 ou d\u2019une soci\u00e9t\u00e9. Les statuts d\u00e9finissent la structure de gouvernance, les droits et obligations des actionnaires et les autres dispositions juridiques de la soci\u00e9t\u00e9.\",\"breadcrumb\":{\"@id\":\"https:\\\/\\\/blog.urbanitae.com\\\/fr\\\/glossaire\\\/statuts-dune-societe\\\/#breadcrumb\"},\"inLanguage\":\"fr-FR\",\"potentialAction\":[{\"@type\":\"ReadAction\",\"target\":[\"https:\\\/\\\/blog.urbanitae.com\\\/fr\\\/glossaire\\\/statuts-dune-societe\\\/\"]}]},{\"@type\":\"BreadcrumbList\",\"@id\":\"https:\\\/\\\/blog.urbanitae.com\\\/fr\\\/glossaire\\\/statuts-dune-societe\\\/#breadcrumb\",\"itemListElement\":[{\"@type\":\"ListItem\",\"position\":1,\"name\":\"Portada\",\"item\":\"https:\\\/\\\/blog.urbanitae.com\\\/fr\\\/\"},{\"@type\":\"ListItem\",\"position\":2,\"name\":\"Glossaire\",\"item\":\"https:\\\/\\\/blog.urbanitae.com\\\/fr\\\/glosario\\\/\"},{\"@type\":\"ListItem\",\"position\":3,\"name\":\"Statuts d&#8217;une soci\u00e9t\u00e9\"}]},{\"@type\":\"WebSite\",\"@id\":\"https:\\\/\\\/blog.urbanitae.com\\\/fr\\\/#website\",\"url\":\"https:\\\/\\\/blog.urbanitae.com\\\/fr\\\/\",\"name\":\"Urbanitae Blog | Las mejores noticias sobre inversi\u00f3n inmobiliaria\",\"description\":\"L'investissement immobilier \u00e0 la port\u00e9e de tous\",\"publisher\":{\"@id\":\"https:\\\/\\\/blog.urbanitae.com\\\/fr\\\/#organization\"},\"potentialAction\":[{\"@type\":\"SearchAction\",\"target\":{\"@type\":\"EntryPoint\",\"urlTemplate\":\"https:\\\/\\\/blog.urbanitae.com\\\/fr\\\/?s={search_term_string}\"},\"query-input\":{\"@type\":\"PropertyValueSpecification\",\"valueRequired\":true,\"valueName\":\"search_term_string\"}}],\"inLanguage\":\"fr-FR\"},{\"@type\":\"Organization\",\"@id\":\"https:\\\/\\\/blog.urbanitae.com\\\/fr\\\/#organization\",\"name\":\"Urbanitae\",\"url\":\"https:\\\/\\\/blog.urbanitae.com\\\/fr\\\/\",\"logo\":{\"@type\":\"ImageObject\",\"inLanguage\":\"fr-FR\",\"@id\":\"https:\\\/\\\/blog.urbanitae.com\\\/fr\\\/#\\\/schema\\\/logo\\\/image\\\/\",\"url\":\"https:\\\/\\\/blog.urbanitae.com\\\/wp-content\\\/uploads\\\/2020\\\/04\\\/logo-verde_350x100.svg\",\"contentUrl\":\"https:\\\/\\\/blog.urbanitae.com\\\/wp-content\\\/uploads\\\/2020\\\/04\\\/logo-verde_350x100.svg\",\"width\":350,\"height\":100,\"caption\":\"Urbanitae\"},\"image\":{\"@id\":\"https:\\\/\\\/blog.urbanitae.com\\\/fr\\\/#\\\/schema\\\/logo\\\/image\\\/\"},\"sameAs\":[\"https:\\\/\\\/www.facebook.com\\\/urbanitae\",\"https:\\\/\\\/x.com\\\/urbanitae\",\"https:\\\/\\\/www.instagram.com\\\/urbanitae\",\"https:\\\/\\\/www.linkedin.com\\\/company\\\/urbanitae\",\"https:\\\/\\\/www.pinterest.es\\\/UrbanitaeSL\\\/_created\\\/\",\"https:\\\/\\\/www.youtube.com\\\/c\\\/Urbanitae_RE\"]}]}<\/script>\n<!-- \/ Yoast SEO plugin. -->","yoast_head_json":{"title":"Statuts d'une soci\u00e9t\u00e9 - Urbanitae Blog","description":"Il s\u2019agit du r\u00e8glement int\u00e9rieur qui r\u00e9git le fonctionnement d\u2019une soci\u00e9t\u00e9 ou d\u2019une soci\u00e9t\u00e9. Les statuts d\u00e9finissent la structure de gouvernance, les droits et obligations des actionnaires et les autres dispositions juridiques de la soci\u00e9t\u00e9.","robots":{"index":"index","follow":"follow","max-snippet":"max-snippet:-1","max-image-preview":"max-image-preview:large","max-video-preview":"max-video-preview:-1"},"canonical":"https:\/\/blog.urbanitae.com\/fr\/glossaire\/statuts-dune-societe\/","og_locale":"fr_FR","og_type":"article","og_title":"Statuts d'une soci\u00e9t\u00e9 - Urbanitae Blog","og_description":"Il s\u2019agit du r\u00e8glement int\u00e9rieur qui r\u00e9git le fonctionnement d\u2019une soci\u00e9t\u00e9 ou d\u2019une soci\u00e9t\u00e9. Les statuts d\u00e9finissent la structure de gouvernance, les droits et obligations des actionnaires et les autres dispositions juridiques de la soci\u00e9t\u00e9.","og_url":"https:\/\/blog.urbanitae.com\/fr\/glossaire\/statuts-dune-societe\/","og_site_name":"Urbanitae Blog | Les meilleures nouvelles sur l'investissement immobilier","article_publisher":"https:\/\/www.facebook.com\/urbanitae","article_modified_time":"2025-04-25T09:34:10+00:00","twitter_card":"summary_large_image","twitter_site":"@urbanitae","twitter_misc":{"Dur\u00e9e de lecture estim\u00e9e":"2 minutes"},"schema":{"@context":"https:\/\/schema.org","@graph":[{"@type":"WebPage","@id":"https:\/\/blog.urbanitae.com\/fr\/glossaire\/statuts-dune-societe\/","url":"https:\/\/blog.urbanitae.com\/fr\/glossaire\/statuts-dune-societe\/","name":"Statuts d'une soci\u00e9t\u00e9 - Urbanitae Blog","isPartOf":{"@id":"https:\/\/blog.urbanitae.com\/fr\/#website"},"datePublished":"2025-04-15T10:19:23+00:00","dateModified":"2025-04-25T09:34:10+00:00","description":"Il s\u2019agit du r\u00e8glement int\u00e9rieur qui r\u00e9git le fonctionnement d\u2019une soci\u00e9t\u00e9 ou d\u2019une soci\u00e9t\u00e9. Les statuts d\u00e9finissent la structure de gouvernance, les droits et obligations des actionnaires et les autres dispositions juridiques de la soci\u00e9t\u00e9.","breadcrumb":{"@id":"https:\/\/blog.urbanitae.com\/fr\/glossaire\/statuts-dune-societe\/#breadcrumb"},"inLanguage":"fr-FR","potentialAction":[{"@type":"ReadAction","target":["https:\/\/blog.urbanitae.com\/fr\/glossaire\/statuts-dune-societe\/"]}]},{"@type":"BreadcrumbList","@id":"https:\/\/blog.urbanitae.com\/fr\/glossaire\/statuts-dune-societe\/#breadcrumb","itemListElement":[{"@type":"ListItem","position":1,"name":"Portada","item":"https:\/\/blog.urbanitae.com\/fr\/"},{"@type":"ListItem","position":2,"name":"Glossaire","item":"https:\/\/blog.urbanitae.com\/fr\/glosario\/"},{"@type":"ListItem","position":3,"name":"Statuts d&#8217;une soci\u00e9t\u00e9"}]},{"@type":"WebSite","@id":"https:\/\/blog.urbanitae.com\/fr\/#website","url":"https:\/\/blog.urbanitae.com\/fr\/","name":"Urbanitae Blog | Las mejores noticias sobre inversi\u00f3n inmobiliaria","description":"L'investissement immobilier \u00e0 la port\u00e9e de tous","publisher":{"@id":"https:\/\/blog.urbanitae.com\/fr\/#organization"},"potentialAction":[{"@type":"SearchAction","target":{"@type":"EntryPoint","urlTemplate":"https:\/\/blog.urbanitae.com\/fr\/?s={search_term_string}"},"query-input":{"@type":"PropertyValueSpecification","valueRequired":true,"valueName":"search_term_string"}}],"inLanguage":"fr-FR"},{"@type":"Organization","@id":"https:\/\/blog.urbanitae.com\/fr\/#organization","name":"Urbanitae","url":"https:\/\/blog.urbanitae.com\/fr\/","logo":{"@type":"ImageObject","inLanguage":"fr-FR","@id":"https:\/\/blog.urbanitae.com\/fr\/#\/schema\/logo\/image\/","url":"https:\/\/blog.urbanitae.com\/wp-content\/uploads\/2020\/04\/logo-verde_350x100.svg","contentUrl":"https:\/\/blog.urbanitae.com\/wp-content\/uploads\/2020\/04\/logo-verde_350x100.svg","width":350,"height":100,"caption":"Urbanitae"},"image":{"@id":"https:\/\/blog.urbanitae.com\/fr\/#\/schema\/logo\/image\/"},"sameAs":["https:\/\/www.facebook.com\/urbanitae","https:\/\/x.com\/urbanitae","https:\/\/www.instagram.com\/urbanitae","https:\/\/www.linkedin.com\/company\/urbanitae","https:\/\/www.pinterest.es\/UrbanitaeSL\/_created\/","https:\/\/www.youtube.com\/c\/Urbanitae_RE"]}]}},"_links":{"self":[{"href":"https:\/\/blog.urbanitae.com\/fr\/wp-json\/wp\/v2\/pages\/61929","targetHints":{"allow":["GET"]}}],"collection":[{"href":"https:\/\/blog.urbanitae.com\/fr\/wp-json\/wp\/v2\/pages"}],"about":[{"href":"https:\/\/blog.urbanitae.com\/fr\/wp-json\/wp\/v2\/types\/page"}],"author":[{"embeddable":true,"href":"https:\/\/blog.urbanitae.com\/fr\/wp-json\/wp\/v2\/users\/20"}],"replies":[{"embeddable":true,"href":"https:\/\/blog.urbanitae.com\/fr\/wp-json\/wp\/v2\/comments?post=61929"}],"version-history":[{"count":0,"href":"https:\/\/blog.urbanitae.com\/fr\/wp-json\/wp\/v2\/pages\/61929\/revisions"}],"up":[{"embeddable":true,"href":"https:\/\/blog.urbanitae.com\/fr\/wp-json\/wp\/v2\/pages\/62174"}],"wp:attachment":[{"href":"https:\/\/blog.urbanitae.com\/fr\/wp-json\/wp\/v2\/media?parent=61929"}],"curies":[{"name":"wp","href":"https:\/\/api.w.org\/{rel}","templated":true}]}}