{"id":61927,"date":"2025-04-15T12:16:18","date_gmt":"2025-04-15T10:16:18","guid":{"rendered":"https:\/\/blog.urbanitae.com\/entite-de-paiement\/"},"modified":"2025-04-25T11:34:10","modified_gmt":"2025-04-25T09:34:10","slug":"entite-de-paiement","status":"publish","type":"page","link":"https:\/\/blog.urbanitae.com\/fr\/glossaire\/entite-de-paiement\/","title":{"rendered":"Entit\u00e9 de paiement"},"content":{"rendered":"\t\t<div data-elementor-type=\"wp-page\" data-elementor-id=\"61927\" class=\"elementor elementor-61927 elementor-56265\">\n\t\t\t\t\t\t<section class=\"elementor-section elementor-top-section elementor-element elementor-element-d86d887 elementor-section-boxed elementor-section-height-default elementor-section-height-default\" data-id=\"d86d887\" data-element_type=\"section\" data-e-type=\"section\">\n\t\t\t\t\t\t<div class=\"elementor-container elementor-column-gap-default\">\n\t\t\t\t\t<div class=\"elementor-column elementor-col-100 elementor-top-column elementor-element elementor-element-8b49ddd\" data-id=\"8b49ddd\" data-element_type=\"column\" data-e-type=\"column\">\n\t\t\t<div class=\"elementor-widget-wrap elementor-element-populated\">\n\t\t\t\t\t\t<div class=\"elementor-element elementor-element-083b30b elementor-widget__width-initial elementor-widget elementor-widget-text-editor\" data-id=\"083b30b\" data-element_type=\"widget\" data-e-type=\"widget\" data-widget_type=\"text-editor.default\">\n\t\t\t\t<div class=\"elementor-widget-container\">\n\t\t\t\t\t\t\t\t\t<h3>De quoi s\u2019agit-il ?<\/h3><p style=\"color: #212121; font-family: Roboto, sans-serif; font-size: 16px;\">Il s&rsquo;agit d&rsquo;une institution financi\u00e8re autoris\u00e9e et r\u00e9gul\u00e9e qui fournit des services de paiement, tels que les transferts de fonds, les pr\u00e9l\u00e8vements bancaires et l&rsquo;\u00e9mission de cartes. Dans le domaine de l&rsquo;investissement immobilier, les \u00e9tablissements de paiement peuvent faciliter les transactions entre investisseurs et promoteurs immobiliers.<\/p><p style=\"color: #212121; font-family: Roboto, sans-serif; font-size: 16px;\">Les \u00e9tablissements de paiement jouent un r\u00f4le cl\u00e9 dans l&rsquo;\u00e9conomie num\u00e9rique, car ils offrent une alternative rapide et s\u00e9curis\u00e9e aux banques traditionnelles pour g\u00e9rer les paiements et les mouvements de fonds. Ces institutions sont r\u00e9gul\u00e9es par les autorit\u00e9s comp\u00e9tentes afin de garantir la protection des utilisateurs et la transparence de leurs op\u00e9rations. <\/p>\t\t\t\t\t\t\t\t<\/div>\n\t\t\t\t<\/div>\n\t\t\t\t<div class=\"elementor-element elementor-element-11c28c4 elementor-widget__width-initial elementor-widget elementor-widget-text-editor\" data-id=\"11c28c4\" data-element_type=\"widget\" data-e-type=\"widget\" data-widget_type=\"text-editor.default\">\n\t\t\t\t<div class=\"elementor-widget-container\">\n\t\t\t\t\t\t\t\t\t<h3>Principaux aspects \u00e0 prendre en compte<\/h3>\n<p style=\"color: #212121; font-family: Roboto, sans-serif; font-size: 16px;\">Dans le contexte immobilier, les \u00e9tablissements de paiement offrent des services tels que :<\/p>\n\n<ul>\n \t<li style=\"color: #212121; font-family: Roboto, sans-serif; font-size: 16px;\"><strong>Gestion du fonds :<\/strong> Ils agissent en tant qu\u2019interm\u00e9diaires pour s\u2019assurer que les ressources fournies par les investisseurs parviennent aux promoteurs en toute s\u00e9curit\u00e9.<\/li>\n \t<li style=\"color: #212121; font-family: Roboto, sans-serif; font-size: 16px;\"><strong>Paiements automatis\u00e9s :<\/strong> Ils permettent des transferts r\u00e9currents, tels que des paiements \u00e9chelonn\u00e9s sur des investissements ou des distributions de revenus.<\/li>\n \t<li style=\"color: #212121; font-family: Roboto, sans-serif; font-size: 16px;\"><strong>S\u00e9curit\u00e9 dans les transactions :<\/strong> Ils mettent en place des mesures de protection pour pr\u00e9venir la fraude et assurer l\u2019int\u00e9grit\u00e9 des fonds.<\/li>\n<\/ul>\n<p style=\"color: #212121; font-family: Roboto, sans-serif; font-size: 16px;\">De plus, ces entit\u00e9s sont essentielles dans les plateformes de crowdfunding immobilier, o\u00f9 elles g\u00e8rent les flux d\u2019argent entre les participants au projet. Cela comprend tout, de la r\u00e9ception du capital engag\u00e9 \u00e0 la distribution des b\u00e9n\u00e9fices g\u00e9n\u00e9r\u00e9s par l\u2019investissement. <\/p>\n<p style=\"color: #212121; font-family: Roboto, sans-serif; font-size: 16px;\">Les \u00e9tablissements de paiement doivent se conformer \u00e0 des r\u00e9glementations financi\u00e8res strictes, telles que celles li\u00e9es \u00e0 la pr\u00e9vention du blanchiment d\u2019argent et \u00e0 la transparence des transactions. Ce cadre r\u00e9glementaire renforce la confiance dans les processus de paiement et contribue au bon fonctionnement des march\u00e9s financiers. <\/p>\n\n<p style=\"color: #212121; font-family: Roboto, sans-serif; font-size: 16px;\">Leur r\u00f4le dans l\u2019immobilier est essentiel pour rationaliser les op\u00e9rations et s\u2019assurer que les transactions sont effectu\u00e9es efficacement et en toute s\u00e9curit\u00e9.<\/p>\t\t\t\t\t\t\t\t<\/div>\n\t\t\t\t<\/div>\n\t\t\t\t\t<\/div>\n\t\t<\/div>\n\t\t\t\t\t<\/div>\n\t\t<\/section>\n\t\t\t\t<section class=\"elementor-section elementor-top-section elementor-element elementor-element-aa563c5 elementor-section-full_width elementor-section-stretched elementor-section-height-default elementor-section-height-default\" data-id=\"aa563c5\" data-element_type=\"section\" data-e-type=\"section\" data-settings=\"{&quot;stretch_section&quot;:&quot;section-stretched&quot;}\">\n\t\t\t\t\t\t<div class=\"elementor-container elementor-column-gap-default\">\n\t\t\t\t\t<div class=\"elementor-column elementor-col-100 elementor-top-column elementor-element elementor-element-41114ac\" data-id=\"41114ac\" data-element_type=\"column\" data-e-type=\"column\">\n\t\t\t<div class=\"elementor-widget-wrap elementor-element-populated\">\n\t\t\t\t\t\t<div class=\"elementor-element elementor-element-43f7095 elementor-widget elementor-widget-html\" data-id=\"43f7095\" data-element_type=\"widget\" data-e-type=\"widget\" data-widget_type=\"html.default\">\n\t\t\t\t<div class=\"elementor-widget-container\">\n\t\t\t\t\t\r\n        <div class=\"qode-advanced-call-to-action qode-advanced-cta-gradient qode-advanced-cta-gradient-animation\" style=\"height:80px\">\r\n            <a class=\"advanced-cta-link\" href=\"https:\/\/mkt.urbanitae.com\/Urbanitae_suscripcion_newsletter.html?utm_source=blog&amp;utm_medium=link_blog&amp;utm_campaign=suscripcion_blog&amp;utm_content=boton\" target=\"_blank\" onclick=\"dataLayer.push({'event': 'ub_ga4_event', 'ub_ga4_event_name': 'newsletter', 'ub_ga4_event_element': 'aprende'})\"><\/a>\r\n            <div class=\"qode-advanced-cta-content\">\r\n                <span class=\"qode-advanced-cta-text-holder\" style=\"color:#FFFFFF;font-size:25px\">\r\n Abonnez-vous \u00e0 notre Newsletter <\/span>\r\n                <span class=\"qode-advanced-cta-icon-holder\" style=\"color:#FFFFFF;font-size:25px\">\r\n                    <span class=\"qode-advanced-cta-icon-holder-table\">\r\n                        <span class=\"qode-advanced-cta-icon-holder-cell\">\r\n                            <i class=\"qode_icon_font_awesome_5 fa5 fa fa-envelope-open-text qode-advanced-cta-icon\"><\/i> <\/span>\r\n                    <\/span>\r\n                <\/span>\r\n            <\/div>\r\n            <div class=\"qode-advanced-cta-background-holder\">\r\n                <span class=\"qode-advanced-cta-background-1 qode-type1-gradient-left-to-right\"><\/span>\r\n                <span class=\"qode-advanced-cta-background-2 qode-type1-gradient-left-to-right\"><\/span>\r\n                <span class=\"qode-advanced-cta-background-3\"><\/span>\r\n            <\/div>\r\n        <\/div>\r\n\t\t\t\t<\/div>\n\t\t\t\t<\/div>\n\t\t\t\t\t<\/div>\n\t\t<\/div>\n\t\t\t\t\t<\/div>\n\t\t<\/section>\n\t\t\t\t<\/div>\n\t\t","protected":false},"excerpt":{"rendered":"<p>De quoi s\u2019agit-il ? Il s&rsquo;agit d&rsquo;une institution financi\u00e8re autoris\u00e9e et r\u00e9gul\u00e9e qui fournit des services de paiement, tels que les transferts de fonds, les pr\u00e9l\u00e8vements bancaires et l&rsquo;\u00e9mission de cartes. Dans le domaine de l&rsquo;investissement immobilier, les \u00e9tablissements de paiement peuvent faciliter les transactions entre investisseurs et promoteurs immobiliers. Les \u00e9tablissements de paiement jouent [&hellip;]<\/p>\n","protected":false},"author":20,"featured_media":0,"parent":62174,"menu_order":0,"comment_status":"closed","ping_status":"closed","template":"","meta":{"inline_featured_image":false,"footnotes":""},"class_list":["post-61927","page","type-page","status-publish","hentry"],"yoast_head":"<!-- This site is optimized with the Yoast SEO plugin v27.4 - https:\/\/yoast.com\/product\/yoast-seo-wordpress\/ -->\n<title>Entit\u00e9 de paiement - Urbanitae Blog<\/title>\n<meta name=\"description\" content=\"Il s\u2019agit d\u2019une institution financi\u00e8re agr\u00e9\u00e9e et r\u00e9glement\u00e9e qui fournit des services de paiement, tels que des transferts de fonds, des pr\u00e9l\u00e8vements automatiques et l\u2019\u00e9mission de cartes. Dans le domaine de l\u2019investissement immobilier, les \u00e9tablissements de paiement peuvent faciliter les transactions entre investisseurs et promoteurs immobiliers.\" \/>\n<meta name=\"robots\" content=\"index, follow, max-snippet:-1, max-image-preview:large, max-video-preview:-1\" \/>\n<link rel=\"canonical\" href=\"https:\/\/blog.urbanitae.com\/fr\/glossaire\/entite-de-paiement\/\" \/>\n<meta property=\"og:locale\" content=\"fr_FR\" \/>\n<meta property=\"og:type\" content=\"article\" \/>\n<meta property=\"og:title\" content=\"Entit\u00e9 de paiement - Urbanitae Blog\" \/>\n<meta property=\"og:description\" content=\"Il s\u2019agit d\u2019une institution financi\u00e8re agr\u00e9\u00e9e et r\u00e9glement\u00e9e qui fournit des services de paiement, tels que des transferts de fonds, des pr\u00e9l\u00e8vements automatiques et l\u2019\u00e9mission de cartes. Dans le domaine de l\u2019investissement immobilier, les \u00e9tablissements de paiement peuvent faciliter les transactions entre investisseurs et promoteurs immobiliers.\" \/>\n<meta property=\"og:url\" content=\"https:\/\/blog.urbanitae.com\/fr\/glossaire\/entite-de-paiement\/\" \/>\n<meta property=\"og:site_name\" content=\"Urbanitae Blog | Les meilleures nouvelles sur l&#039;investissement immobilier\" \/>\n<meta property=\"article:publisher\" content=\"https:\/\/www.facebook.com\/urbanitae\" \/>\n<meta property=\"article:modified_time\" content=\"2025-04-25T09:34:10+00:00\" \/>\n<meta name=\"twitter:card\" content=\"summary_large_image\" \/>\n<meta name=\"twitter:site\" content=\"@urbanitae\" \/>\n<meta name=\"twitter:label1\" content=\"Dur\u00e9e de lecture estim\u00e9e\" \/>\n\t<meta name=\"twitter:data1\" content=\"2 minutes\" \/>\n<script type=\"application\/ld+json\" class=\"yoast-schema-graph\">{\"@context\":\"https:\\\/\\\/schema.org\",\"@graph\":[{\"@type\":\"WebPage\",\"@id\":\"https:\\\/\\\/blog.urbanitae.com\\\/fr\\\/glossaire\\\/entite-de-paiement\\\/\",\"url\":\"https:\\\/\\\/blog.urbanitae.com\\\/fr\\\/glossaire\\\/entite-de-paiement\\\/\",\"name\":\"Entit\u00e9 de paiement - Urbanitae Blog\",\"isPartOf\":{\"@id\":\"https:\\\/\\\/blog.urbanitae.com\\\/fr\\\/#website\"},\"datePublished\":\"2025-04-15T10:16:18+00:00\",\"dateModified\":\"2025-04-25T09:34:10+00:00\",\"description\":\"Il s\u2019agit d\u2019une institution financi\u00e8re agr\u00e9\u00e9e et r\u00e9glement\u00e9e qui fournit des services de paiement, tels que des transferts de fonds, des pr\u00e9l\u00e8vements automatiques et l\u2019\u00e9mission de cartes. Dans le domaine de l\u2019investissement immobilier, les \u00e9tablissements de paiement peuvent faciliter les transactions entre investisseurs et promoteurs immobiliers.\",\"breadcrumb\":{\"@id\":\"https:\\\/\\\/blog.urbanitae.com\\\/fr\\\/glossaire\\\/entite-de-paiement\\\/#breadcrumb\"},\"inLanguage\":\"fr-FR\",\"potentialAction\":[{\"@type\":\"ReadAction\",\"target\":[\"https:\\\/\\\/blog.urbanitae.com\\\/fr\\\/glossaire\\\/entite-de-paiement\\\/\"]}]},{\"@type\":\"BreadcrumbList\",\"@id\":\"https:\\\/\\\/blog.urbanitae.com\\\/fr\\\/glossaire\\\/entite-de-paiement\\\/#breadcrumb\",\"itemListElement\":[{\"@type\":\"ListItem\",\"position\":1,\"name\":\"Portada\",\"item\":\"https:\\\/\\\/blog.urbanitae.com\\\/fr\\\/\"},{\"@type\":\"ListItem\",\"position\":2,\"name\":\"Glossaire\",\"item\":\"https:\\\/\\\/blog.urbanitae.com\\\/fr\\\/glosario\\\/\"},{\"@type\":\"ListItem\",\"position\":3,\"name\":\"Entit\u00e9 de paiement\"}]},{\"@type\":\"WebSite\",\"@id\":\"https:\\\/\\\/blog.urbanitae.com\\\/fr\\\/#website\",\"url\":\"https:\\\/\\\/blog.urbanitae.com\\\/fr\\\/\",\"name\":\"Urbanitae Blog | Las mejores noticias sobre inversi\u00f3n inmobiliaria\",\"description\":\"L'investissement immobilier \u00e0 la port\u00e9e de tous\",\"publisher\":{\"@id\":\"https:\\\/\\\/blog.urbanitae.com\\\/fr\\\/#organization\"},\"potentialAction\":[{\"@type\":\"SearchAction\",\"target\":{\"@type\":\"EntryPoint\",\"urlTemplate\":\"https:\\\/\\\/blog.urbanitae.com\\\/fr\\\/?s={search_term_string}\"},\"query-input\":{\"@type\":\"PropertyValueSpecification\",\"valueRequired\":true,\"valueName\":\"search_term_string\"}}],\"inLanguage\":\"fr-FR\"},{\"@type\":\"Organization\",\"@id\":\"https:\\\/\\\/blog.urbanitae.com\\\/fr\\\/#organization\",\"name\":\"Urbanitae\",\"url\":\"https:\\\/\\\/blog.urbanitae.com\\\/fr\\\/\",\"logo\":{\"@type\":\"ImageObject\",\"inLanguage\":\"fr-FR\",\"@id\":\"https:\\\/\\\/blog.urbanitae.com\\\/fr\\\/#\\\/schema\\\/logo\\\/image\\\/\",\"url\":\"https:\\\/\\\/blog.urbanitae.com\\\/wp-content\\\/uploads\\\/2020\\\/04\\\/logo-verde_350x100.svg\",\"contentUrl\":\"https:\\\/\\\/blog.urbanitae.com\\\/wp-content\\\/uploads\\\/2020\\\/04\\\/logo-verde_350x100.svg\",\"width\":350,\"height\":100,\"caption\":\"Urbanitae\"},\"image\":{\"@id\":\"https:\\\/\\\/blog.urbanitae.com\\\/fr\\\/#\\\/schema\\\/logo\\\/image\\\/\"},\"sameAs\":[\"https:\\\/\\\/www.facebook.com\\\/urbanitae\",\"https:\\\/\\\/x.com\\\/urbanitae\",\"https:\\\/\\\/www.instagram.com\\\/urbanitae\",\"https:\\\/\\\/www.linkedin.com\\\/company\\\/urbanitae\",\"https:\\\/\\\/www.pinterest.es\\\/UrbanitaeSL\\\/_created\\\/\",\"https:\\\/\\\/www.youtube.com\\\/c\\\/Urbanitae_RE\"]}]}<\/script>\n<!-- \/ Yoast SEO plugin. -->","yoast_head_json":{"title":"Entit\u00e9 de paiement - Urbanitae Blog","description":"Il s\u2019agit d\u2019une institution financi\u00e8re agr\u00e9\u00e9e et r\u00e9glement\u00e9e qui fournit des services de paiement, tels que des transferts de fonds, des pr\u00e9l\u00e8vements automatiques et l\u2019\u00e9mission de cartes. Dans le domaine de l\u2019investissement immobilier, les \u00e9tablissements de paiement peuvent faciliter les transactions entre investisseurs et promoteurs immobiliers.","robots":{"index":"index","follow":"follow","max-snippet":"max-snippet:-1","max-image-preview":"max-image-preview:large","max-video-preview":"max-video-preview:-1"},"canonical":"https:\/\/blog.urbanitae.com\/fr\/glossaire\/entite-de-paiement\/","og_locale":"fr_FR","og_type":"article","og_title":"Entit\u00e9 de paiement - Urbanitae Blog","og_description":"Il s\u2019agit d\u2019une institution financi\u00e8re agr\u00e9\u00e9e et r\u00e9glement\u00e9e qui fournit des services de paiement, tels que des transferts de fonds, des pr\u00e9l\u00e8vements automatiques et l\u2019\u00e9mission de cartes. Dans le domaine de l\u2019investissement immobilier, les \u00e9tablissements de paiement peuvent faciliter les transactions entre investisseurs et promoteurs immobiliers.","og_url":"https:\/\/blog.urbanitae.com\/fr\/glossaire\/entite-de-paiement\/","og_site_name":"Urbanitae Blog | Les meilleures nouvelles sur l'investissement immobilier","article_publisher":"https:\/\/www.facebook.com\/urbanitae","article_modified_time":"2025-04-25T09:34:10+00:00","twitter_card":"summary_large_image","twitter_site":"@urbanitae","twitter_misc":{"Dur\u00e9e de lecture estim\u00e9e":"2 minutes"},"schema":{"@context":"https:\/\/schema.org","@graph":[{"@type":"WebPage","@id":"https:\/\/blog.urbanitae.com\/fr\/glossaire\/entite-de-paiement\/","url":"https:\/\/blog.urbanitae.com\/fr\/glossaire\/entite-de-paiement\/","name":"Entit\u00e9 de paiement - Urbanitae Blog","isPartOf":{"@id":"https:\/\/blog.urbanitae.com\/fr\/#website"},"datePublished":"2025-04-15T10:16:18+00:00","dateModified":"2025-04-25T09:34:10+00:00","description":"Il s\u2019agit d\u2019une institution financi\u00e8re agr\u00e9\u00e9e et r\u00e9glement\u00e9e qui fournit des services de paiement, tels que des transferts de fonds, des pr\u00e9l\u00e8vements automatiques et l\u2019\u00e9mission de cartes. Dans le domaine de l\u2019investissement immobilier, les \u00e9tablissements de paiement peuvent faciliter les transactions entre investisseurs et promoteurs immobiliers.","breadcrumb":{"@id":"https:\/\/blog.urbanitae.com\/fr\/glossaire\/entite-de-paiement\/#breadcrumb"},"inLanguage":"fr-FR","potentialAction":[{"@type":"ReadAction","target":["https:\/\/blog.urbanitae.com\/fr\/glossaire\/entite-de-paiement\/"]}]},{"@type":"BreadcrumbList","@id":"https:\/\/blog.urbanitae.com\/fr\/glossaire\/entite-de-paiement\/#breadcrumb","itemListElement":[{"@type":"ListItem","position":1,"name":"Portada","item":"https:\/\/blog.urbanitae.com\/fr\/"},{"@type":"ListItem","position":2,"name":"Glossaire","item":"https:\/\/blog.urbanitae.com\/fr\/glosario\/"},{"@type":"ListItem","position":3,"name":"Entit\u00e9 de paiement"}]},{"@type":"WebSite","@id":"https:\/\/blog.urbanitae.com\/fr\/#website","url":"https:\/\/blog.urbanitae.com\/fr\/","name":"Urbanitae Blog | Las mejores noticias sobre inversi\u00f3n inmobiliaria","description":"L'investissement immobilier \u00e0 la port\u00e9e de tous","publisher":{"@id":"https:\/\/blog.urbanitae.com\/fr\/#organization"},"potentialAction":[{"@type":"SearchAction","target":{"@type":"EntryPoint","urlTemplate":"https:\/\/blog.urbanitae.com\/fr\/?s={search_term_string}"},"query-input":{"@type":"PropertyValueSpecification","valueRequired":true,"valueName":"search_term_string"}}],"inLanguage":"fr-FR"},{"@type":"Organization","@id":"https:\/\/blog.urbanitae.com\/fr\/#organization","name":"Urbanitae","url":"https:\/\/blog.urbanitae.com\/fr\/","logo":{"@type":"ImageObject","inLanguage":"fr-FR","@id":"https:\/\/blog.urbanitae.com\/fr\/#\/schema\/logo\/image\/","url":"https:\/\/blog.urbanitae.com\/wp-content\/uploads\/2020\/04\/logo-verde_350x100.svg","contentUrl":"https:\/\/blog.urbanitae.com\/wp-content\/uploads\/2020\/04\/logo-verde_350x100.svg","width":350,"height":100,"caption":"Urbanitae"},"image":{"@id":"https:\/\/blog.urbanitae.com\/fr\/#\/schema\/logo\/image\/"},"sameAs":["https:\/\/www.facebook.com\/urbanitae","https:\/\/x.com\/urbanitae","https:\/\/www.instagram.com\/urbanitae","https:\/\/www.linkedin.com\/company\/urbanitae","https:\/\/www.pinterest.es\/UrbanitaeSL\/_created\/","https:\/\/www.youtube.com\/c\/Urbanitae_RE"]}]}},"_links":{"self":[{"href":"https:\/\/blog.urbanitae.com\/fr\/wp-json\/wp\/v2\/pages\/61927","targetHints":{"allow":["GET"]}}],"collection":[{"href":"https:\/\/blog.urbanitae.com\/fr\/wp-json\/wp\/v2\/pages"}],"about":[{"href":"https:\/\/blog.urbanitae.com\/fr\/wp-json\/wp\/v2\/types\/page"}],"author":[{"embeddable":true,"href":"https:\/\/blog.urbanitae.com\/fr\/wp-json\/wp\/v2\/users\/20"}],"replies":[{"embeddable":true,"href":"https:\/\/blog.urbanitae.com\/fr\/wp-json\/wp\/v2\/comments?post=61927"}],"version-history":[{"count":1,"href":"https:\/\/blog.urbanitae.com\/fr\/wp-json\/wp\/v2\/pages\/61927\/revisions"}],"predecessor-version":[{"id":61928,"href":"https:\/\/blog.urbanitae.com\/fr\/wp-json\/wp\/v2\/pages\/61927\/revisions\/61928"}],"up":[{"embeddable":true,"href":"https:\/\/blog.urbanitae.com\/fr\/wp-json\/wp\/v2\/pages\/62174"}],"wp:attachment":[{"href":"https:\/\/blog.urbanitae.com\/fr\/wp-json\/wp\/v2\/media?parent=61927"}],"curies":[{"name":"wp","href":"https:\/\/api.w.org\/{rel}","templated":true}]}}