{"id":61925,"date":"2025-04-15T12:13:55","date_gmt":"2025-04-15T10:13:55","guid":{"rendered":"https:\/\/blog.urbanitae.com\/economie-reelle\/"},"modified":"2025-04-25T11:34:09","modified_gmt":"2025-04-25T09:34:09","slug":"economie-reelle","status":"publish","type":"page","link":"https:\/\/blog.urbanitae.com\/fr\/glossaire\/economie-reelle\/","title":{"rendered":"\u00c9conomie r\u00e9elle"},"content":{"rendered":"\t\t<div data-elementor-type=\"wp-page\" data-elementor-id=\"61925\" class=\"elementor elementor-61925 elementor-56260\">\n\t\t\t\t\t\t<section class=\"elementor-section elementor-top-section elementor-element elementor-element-d86d887 elementor-section-boxed elementor-section-height-default elementor-section-height-default\" data-id=\"d86d887\" data-element_type=\"section\" data-e-type=\"section\">\n\t\t\t\t\t\t<div class=\"elementor-container elementor-column-gap-default\">\n\t\t\t\t\t<div class=\"elementor-column elementor-col-100 elementor-top-column elementor-element elementor-element-8b49ddd\" data-id=\"8b49ddd\" data-element_type=\"column\" data-e-type=\"column\">\n\t\t\t<div class=\"elementor-widget-wrap elementor-element-populated\">\n\t\t\t\t\t\t<div class=\"elementor-element elementor-element-083b30b elementor-widget__width-initial elementor-widget elementor-widget-text-editor\" data-id=\"083b30b\" data-element_type=\"widget\" data-e-type=\"widget\" data-widget_type=\"text-editor.default\">\n\t\t\t\t<div class=\"elementor-widget-container\">\n\t\t\t\t\t\t\t\t\t<h3>Qu\u2019est-ce que c\u2019est?<\/h3><p style=\"color: #212121; font-family: Roboto, sans-serif; font-size: 16px;\">Elle fait r\u00e9f\u00e9rence \u00e0 la partie de l&rsquo;\u00e9conomie li\u00e9e \u00e0 la production, \u00e0 la distribution et \u00e0 la consommation de biens et de services tangibles. Dans le contexte immobilier, l&rsquo;investissement dans l&rsquo;\u00e9conomie r\u00e9elle fait r\u00e9f\u00e9rence \u00e0 l&rsquo;acquisition et au d\u00e9veloppement d&rsquo;actifs physiques, tels que des propri\u00e9t\u00e9s immobili\u00e8res.<\/p><p style=\"color: #212121; font-family: Roboto, sans-serif; font-size: 16px;\">Contrairement aux march\u00e9s financiers, qui traitent des actifs intangibles comme des actions, des obligations ou des d\u00e9riv\u00e9s, l&rsquo;\u00e9conomie r\u00e9elle se concentre sur des activit\u00e9s productives et des biens tangibles. Ces activit\u00e9s sont essentielles pour la croissance \u00e9conomique, car elles g\u00e9n\u00e8rent de l&#8217;emploi, des infrastructures et des ressources pour r\u00e9pondre aux besoins fondamentaux de la soci\u00e9t\u00e9. <\/p>\t\t\t\t\t\t\t\t<\/div>\n\t\t\t\t<\/div>\n\t\t\t\t<div class=\"elementor-element elementor-element-11c28c4 elementor-widget__width-initial elementor-widget elementor-widget-text-editor\" data-id=\"11c28c4\" data-element_type=\"widget\" data-e-type=\"widget\" data-widget_type=\"text-editor.default\">\n\t\t\t\t<div class=\"elementor-widget-container\">\n\t\t\t\t\t\t\t\t\t<h3>Principaux aspects \u00e0 prendre en compte<\/h3>\n<p style=\"color: #212121; font-family: Roboto, sans-serif; font-size: 16px;\">Dans le domaine immobilier, l&rsquo;investissement dans l&rsquo;\u00e9conomie r\u00e9elle comprend :<\/p>\n\n<ul>\n \t<li style=\"color: #212121; font-family: Roboto, sans-serif; font-size: 16px;\"><strong>Construction de logements et de b\u00e2timents commerciaux :<\/strong> Des projets qui g\u00e9n\u00e8rent une valeur directe \u00e0 travers des loyers ou des ventes.<\/li>\n \t<li style=\"color: #212121; font-family: Roboto, sans-serif; font-size: 16px;\"><strong>Infrastructures urbaines :<\/strong> D\u00e9veloppement de routes, de ponts et d\u2019espaces publics qui favorisent la connectivit\u00e9 et le bien-\u00eatre social.<\/li>\n \t<li style=\"color: #212121; font-family: Roboto, sans-serif; font-size: 16px;\"><strong>R\u00e9habilitation immobili\u00e8re :<\/strong> Am\u00e9liorations apport\u00e9es aux actifs existants afin d\u2019accro\u00eetre leur valeur et leur attractivit\u00e9 sur le march\u00e9.<\/li>\n<\/ul>\n<p style=\"color: #212121; font-family: Roboto, sans-serif; font-size: 16px;\">Les avantages d&rsquo;investir dans l&rsquo;\u00e9conomie r\u00e9elle, notamment dans le secteur immobilier, incluent la stabilit\u00e9 \u00e0 long terme, la protection contre l&rsquo;inflation et la possibilit\u00e9 de g\u00e9n\u00e9rer des revenus r\u00e9currents. Cependant, ces investissements peuvent \u00e9galement pr\u00e9senter des d\u00e9fis, tels que des co\u00fbts initiaux \u00e9lev\u00e9s, une faible liquidit\u00e9 et une exposition aux cycles \u00e9conomiques. <\/p>\n<p style=\"color: #212121; font-family: Roboto, sans-serif; font-size: 16px;\">L&rsquo;\u00e9conomie r\u00e9elle est un pilier essentiel pour le d\u00e9veloppement durable, car elle relie directement les investissements au progr\u00e8s tangible. Dans le secteur immobilier, ces investissements g\u00e9n\u00e8rent non seulement des rendements financiers, mais contribuent \u00e9galement \u00e0 r\u00e9pondre aux besoins en mati\u00e8re de logement, de commerce et d&rsquo;industrie. <\/p>\t\t\t\t\t\t\t\t<\/div>\n\t\t\t\t<\/div>\n\t\t\t\t\t<\/div>\n\t\t<\/div>\n\t\t\t\t\t<\/div>\n\t\t<\/section>\n\t\t\t\t<section class=\"elementor-section elementor-top-section elementor-element elementor-element-aa563c5 elementor-section-full_width elementor-section-stretched elementor-section-height-default elementor-section-height-default\" data-id=\"aa563c5\" data-element_type=\"section\" data-e-type=\"section\" data-settings=\"{&quot;stretch_section&quot;:&quot;section-stretched&quot;}\">\n\t\t\t\t\t\t<div class=\"elementor-container elementor-column-gap-default\">\n\t\t\t\t\t<div class=\"elementor-column elementor-col-100 elementor-top-column elementor-element elementor-element-41114ac\" data-id=\"41114ac\" data-element_type=\"column\" data-e-type=\"column\">\n\t\t\t<div class=\"elementor-widget-wrap elementor-element-populated\">\n\t\t\t\t\t\t<div class=\"elementor-element elementor-element-43f7095 elementor-widget elementor-widget-html\" data-id=\"43f7095\" data-element_type=\"widget\" data-e-type=\"widget\" data-widget_type=\"html.default\">\n\t\t\t\t<div class=\"elementor-widget-container\">\n\t\t\t\t\t\r\n        <div class=\"qode-advanced-call-to-action qode-advanced-cta-gradient qode-advanced-cta-gradient-animation\" style=\"height:80px\">\r\n            <a class=\"advanced-cta-link\" href=\"https:\/\/mkt.urbanitae.com\/Urbanitae_suscripcion_newsletter.html?utm_source=blog&amp;utm_medium=link_blog&amp;utm_campaign=suscripcion_blog&amp;utm_content=boton\" target=\"_blank\" onclick=\"dataLayer.push({'event': 'ub_ga4_event', 'ub_ga4_event_name': 'newsletter', 'ub_ga4_event_element': 'aprende'})\"><\/a>\r\n            <div class=\"qode-advanced-cta-content\">\r\n                <span class=\"qode-advanced-cta-text-holder\" style=\"color:#FFFFFF;font-size:25px\">\r\n Abonnez-vous \u00e0 notre Newsletter <\/span>\r\n                <span class=\"qode-advanced-cta-icon-holder\" style=\"color:#FFFFFF;font-size:25px\">\r\n                    <span class=\"qode-advanced-cta-icon-holder-table\">\r\n                        <span class=\"qode-advanced-cta-icon-holder-cell\">\r\n                            <i class=\"qode_icon_font_awesome_5 fa5 fa fa-envelope-open-text qode-advanced-cta-icon\"><\/i> <\/span>\r\n                    <\/span>\r\n                <\/span>\r\n            <\/div>\r\n            <div class=\"qode-advanced-cta-background-holder\">\r\n                <span class=\"qode-advanced-cta-background-1 qode-type1-gradient-left-to-right\"><\/span>\r\n                <span class=\"qode-advanced-cta-background-2 qode-type1-gradient-left-to-right\"><\/span>\r\n                <span class=\"qode-advanced-cta-background-3\"><\/span>\r\n            <\/div>\r\n        <\/div>\r\n\t\t\t\t<\/div>\n\t\t\t\t<\/div>\n\t\t\t\t\t<\/div>\n\t\t<\/div>\n\t\t\t\t\t<\/div>\n\t\t<\/section>\n\t\t\t\t<\/div>\n\t\t","protected":false},"excerpt":{"rendered":"<p>Qu\u2019est-ce que c\u2019est? Elle fait r\u00e9f\u00e9rence \u00e0 la partie de l&rsquo;\u00e9conomie li\u00e9e \u00e0 la production, \u00e0 la distribution et \u00e0 la consommation de biens et de services tangibles. Dans le contexte immobilier, l&rsquo;investissement dans l&rsquo;\u00e9conomie r\u00e9elle fait r\u00e9f\u00e9rence \u00e0 l&rsquo;acquisition et au d\u00e9veloppement d&rsquo;actifs physiques, tels que des propri\u00e9t\u00e9s immobili\u00e8res. Contrairement aux march\u00e9s financiers, qui [&hellip;]<\/p>\n","protected":false},"author":20,"featured_media":0,"parent":62174,"menu_order":0,"comment_status":"closed","ping_status":"closed","template":"","meta":{"inline_featured_image":false,"footnotes":""},"class_list":["post-61925","page","type-page","status-publish","hentry"],"yoast_head":"<!-- This site is optimized with the Yoast SEO plugin v27.4 - https:\/\/yoast.com\/product\/yoast-seo-wordpress\/ -->\n<title>\u00c9conomie r\u00e9elle - Urbanitae Blog<\/title>\n<meta name=\"description\" content=\"Il s\u2019agit de la partie de l\u2019\u00e9conomie li\u00e9e \u00e0 la production, \u00e0 la distribution et \u00e0 la consommation de biens et de services tangibles. Dans le contexte immobilier, l\u2019investissement dans l\u2019\u00e9conomie r\u00e9elle fait r\u00e9f\u00e9rence \u00e0 l\u2019acquisition et au d\u00e9veloppement d\u2019actifs physiques, tels que l\u2019immobilier.\" \/>\n<meta name=\"robots\" content=\"index, follow, max-snippet:-1, max-image-preview:large, max-video-preview:-1\" \/>\n<link rel=\"canonical\" href=\"https:\/\/blog.urbanitae.com\/fr\/glossaire\/economie-reelle\/\" \/>\n<meta property=\"og:locale\" content=\"fr_FR\" \/>\n<meta property=\"og:type\" content=\"article\" \/>\n<meta property=\"og:title\" content=\"\u00c9conomie r\u00e9elle - Urbanitae Blog\" \/>\n<meta property=\"og:description\" content=\"Il s\u2019agit de la partie de l\u2019\u00e9conomie li\u00e9e \u00e0 la production, \u00e0 la distribution et \u00e0 la consommation de biens et de services tangibles. Dans le contexte immobilier, l\u2019investissement dans l\u2019\u00e9conomie r\u00e9elle fait r\u00e9f\u00e9rence \u00e0 l\u2019acquisition et au d\u00e9veloppement d\u2019actifs physiques, tels que l\u2019immobilier.\" \/>\n<meta property=\"og:url\" content=\"https:\/\/blog.urbanitae.com\/fr\/glossaire\/economie-reelle\/\" \/>\n<meta property=\"og:site_name\" content=\"Urbanitae Blog | Les meilleures nouvelles sur l&#039;investissement immobilier\" \/>\n<meta property=\"article:publisher\" content=\"https:\/\/www.facebook.com\/urbanitae\" \/>\n<meta property=\"article:modified_time\" content=\"2025-04-25T09:34:09+00:00\" \/>\n<meta name=\"twitter:card\" content=\"summary_large_image\" \/>\n<meta name=\"twitter:site\" content=\"@urbanitae\" \/>\n<meta name=\"twitter:label1\" content=\"Dur\u00e9e de lecture estim\u00e9e\" \/>\n\t<meta name=\"twitter:data1\" content=\"2 minutes\" \/>\n<script type=\"application\/ld+json\" class=\"yoast-schema-graph\">{\"@context\":\"https:\\\/\\\/schema.org\",\"@graph\":[{\"@type\":\"WebPage\",\"@id\":\"https:\\\/\\\/blog.urbanitae.com\\\/fr\\\/glossaire\\\/economie-reelle\\\/\",\"url\":\"https:\\\/\\\/blog.urbanitae.com\\\/fr\\\/glossaire\\\/economie-reelle\\\/\",\"name\":\"\u00c9conomie r\u00e9elle - Urbanitae Blog\",\"isPartOf\":{\"@id\":\"https:\\\/\\\/blog.urbanitae.com\\\/fr\\\/#website\"},\"datePublished\":\"2025-04-15T10:13:55+00:00\",\"dateModified\":\"2025-04-25T09:34:09+00:00\",\"description\":\"Il s\u2019agit de la partie de l\u2019\u00e9conomie li\u00e9e \u00e0 la production, \u00e0 la distribution et \u00e0 la consommation de biens et de services tangibles. Dans le contexte immobilier, l\u2019investissement dans l\u2019\u00e9conomie r\u00e9elle fait r\u00e9f\u00e9rence \u00e0 l\u2019acquisition et au d\u00e9veloppement d\u2019actifs physiques, tels que l\u2019immobilier.\",\"breadcrumb\":{\"@id\":\"https:\\\/\\\/blog.urbanitae.com\\\/fr\\\/glossaire\\\/economie-reelle\\\/#breadcrumb\"},\"inLanguage\":\"fr-FR\",\"potentialAction\":[{\"@type\":\"ReadAction\",\"target\":[\"https:\\\/\\\/blog.urbanitae.com\\\/fr\\\/glossaire\\\/economie-reelle\\\/\"]}]},{\"@type\":\"BreadcrumbList\",\"@id\":\"https:\\\/\\\/blog.urbanitae.com\\\/fr\\\/glossaire\\\/economie-reelle\\\/#breadcrumb\",\"itemListElement\":[{\"@type\":\"ListItem\",\"position\":1,\"name\":\"Portada\",\"item\":\"https:\\\/\\\/blog.urbanitae.com\\\/fr\\\/\"},{\"@type\":\"ListItem\",\"position\":2,\"name\":\"Glossaire\",\"item\":\"https:\\\/\\\/blog.urbanitae.com\\\/fr\\\/glosario\\\/\"},{\"@type\":\"ListItem\",\"position\":3,\"name\":\"\u00c9conomie r\u00e9elle\"}]},{\"@type\":\"WebSite\",\"@id\":\"https:\\\/\\\/blog.urbanitae.com\\\/fr\\\/#website\",\"url\":\"https:\\\/\\\/blog.urbanitae.com\\\/fr\\\/\",\"name\":\"Urbanitae Blog | Las mejores noticias sobre inversi\u00f3n inmobiliaria\",\"description\":\"L'investissement immobilier \u00e0 la port\u00e9e de tous\",\"publisher\":{\"@id\":\"https:\\\/\\\/blog.urbanitae.com\\\/fr\\\/#organization\"},\"potentialAction\":[{\"@type\":\"SearchAction\",\"target\":{\"@type\":\"EntryPoint\",\"urlTemplate\":\"https:\\\/\\\/blog.urbanitae.com\\\/fr\\\/?s={search_term_string}\"},\"query-input\":{\"@type\":\"PropertyValueSpecification\",\"valueRequired\":true,\"valueName\":\"search_term_string\"}}],\"inLanguage\":\"fr-FR\"},{\"@type\":\"Organization\",\"@id\":\"https:\\\/\\\/blog.urbanitae.com\\\/fr\\\/#organization\",\"name\":\"Urbanitae\",\"url\":\"https:\\\/\\\/blog.urbanitae.com\\\/fr\\\/\",\"logo\":{\"@type\":\"ImageObject\",\"inLanguage\":\"fr-FR\",\"@id\":\"https:\\\/\\\/blog.urbanitae.com\\\/fr\\\/#\\\/schema\\\/logo\\\/image\\\/\",\"url\":\"https:\\\/\\\/blog.urbanitae.com\\\/wp-content\\\/uploads\\\/2020\\\/04\\\/logo-verde_350x100.svg\",\"contentUrl\":\"https:\\\/\\\/blog.urbanitae.com\\\/wp-content\\\/uploads\\\/2020\\\/04\\\/logo-verde_350x100.svg\",\"width\":350,\"height\":100,\"caption\":\"Urbanitae\"},\"image\":{\"@id\":\"https:\\\/\\\/blog.urbanitae.com\\\/fr\\\/#\\\/schema\\\/logo\\\/image\\\/\"},\"sameAs\":[\"https:\\\/\\\/www.facebook.com\\\/urbanitae\",\"https:\\\/\\\/x.com\\\/urbanitae\",\"https:\\\/\\\/www.instagram.com\\\/urbanitae\",\"https:\\\/\\\/www.linkedin.com\\\/company\\\/urbanitae\",\"https:\\\/\\\/www.pinterest.es\\\/UrbanitaeSL\\\/_created\\\/\",\"https:\\\/\\\/www.youtube.com\\\/c\\\/Urbanitae_RE\"]}]}<\/script>\n<!-- \/ Yoast SEO plugin. -->","yoast_head_json":{"title":"\u00c9conomie r\u00e9elle - Urbanitae Blog","description":"Il s\u2019agit de la partie de l\u2019\u00e9conomie li\u00e9e \u00e0 la production, \u00e0 la distribution et \u00e0 la consommation de biens et de services tangibles. Dans le contexte immobilier, l\u2019investissement dans l\u2019\u00e9conomie r\u00e9elle fait r\u00e9f\u00e9rence \u00e0 l\u2019acquisition et au d\u00e9veloppement d\u2019actifs physiques, tels que l\u2019immobilier.","robots":{"index":"index","follow":"follow","max-snippet":"max-snippet:-1","max-image-preview":"max-image-preview:large","max-video-preview":"max-video-preview:-1"},"canonical":"https:\/\/blog.urbanitae.com\/fr\/glossaire\/economie-reelle\/","og_locale":"fr_FR","og_type":"article","og_title":"\u00c9conomie r\u00e9elle - Urbanitae Blog","og_description":"Il s\u2019agit de la partie de l\u2019\u00e9conomie li\u00e9e \u00e0 la production, \u00e0 la distribution et \u00e0 la consommation de biens et de services tangibles. Dans le contexte immobilier, l\u2019investissement dans l\u2019\u00e9conomie r\u00e9elle fait r\u00e9f\u00e9rence \u00e0 l\u2019acquisition et au d\u00e9veloppement d\u2019actifs physiques, tels que l\u2019immobilier.","og_url":"https:\/\/blog.urbanitae.com\/fr\/glossaire\/economie-reelle\/","og_site_name":"Urbanitae Blog | Les meilleures nouvelles sur l'investissement immobilier","article_publisher":"https:\/\/www.facebook.com\/urbanitae","article_modified_time":"2025-04-25T09:34:09+00:00","twitter_card":"summary_large_image","twitter_site":"@urbanitae","twitter_misc":{"Dur\u00e9e de lecture estim\u00e9e":"2 minutes"},"schema":{"@context":"https:\/\/schema.org","@graph":[{"@type":"WebPage","@id":"https:\/\/blog.urbanitae.com\/fr\/glossaire\/economie-reelle\/","url":"https:\/\/blog.urbanitae.com\/fr\/glossaire\/economie-reelle\/","name":"\u00c9conomie r\u00e9elle - Urbanitae Blog","isPartOf":{"@id":"https:\/\/blog.urbanitae.com\/fr\/#website"},"datePublished":"2025-04-15T10:13:55+00:00","dateModified":"2025-04-25T09:34:09+00:00","description":"Il s\u2019agit de la partie de l\u2019\u00e9conomie li\u00e9e \u00e0 la production, \u00e0 la distribution et \u00e0 la consommation de biens et de services tangibles. Dans le contexte immobilier, l\u2019investissement dans l\u2019\u00e9conomie r\u00e9elle fait r\u00e9f\u00e9rence \u00e0 l\u2019acquisition et au d\u00e9veloppement d\u2019actifs physiques, tels que l\u2019immobilier.","breadcrumb":{"@id":"https:\/\/blog.urbanitae.com\/fr\/glossaire\/economie-reelle\/#breadcrumb"},"inLanguage":"fr-FR","potentialAction":[{"@type":"ReadAction","target":["https:\/\/blog.urbanitae.com\/fr\/glossaire\/economie-reelle\/"]}]},{"@type":"BreadcrumbList","@id":"https:\/\/blog.urbanitae.com\/fr\/glossaire\/economie-reelle\/#breadcrumb","itemListElement":[{"@type":"ListItem","position":1,"name":"Portada","item":"https:\/\/blog.urbanitae.com\/fr\/"},{"@type":"ListItem","position":2,"name":"Glossaire","item":"https:\/\/blog.urbanitae.com\/fr\/glosario\/"},{"@type":"ListItem","position":3,"name":"\u00c9conomie r\u00e9elle"}]},{"@type":"WebSite","@id":"https:\/\/blog.urbanitae.com\/fr\/#website","url":"https:\/\/blog.urbanitae.com\/fr\/","name":"Urbanitae Blog | Las mejores noticias sobre inversi\u00f3n inmobiliaria","description":"L'investissement immobilier \u00e0 la port\u00e9e de tous","publisher":{"@id":"https:\/\/blog.urbanitae.com\/fr\/#organization"},"potentialAction":[{"@type":"SearchAction","target":{"@type":"EntryPoint","urlTemplate":"https:\/\/blog.urbanitae.com\/fr\/?s={search_term_string}"},"query-input":{"@type":"PropertyValueSpecification","valueRequired":true,"valueName":"search_term_string"}}],"inLanguage":"fr-FR"},{"@type":"Organization","@id":"https:\/\/blog.urbanitae.com\/fr\/#organization","name":"Urbanitae","url":"https:\/\/blog.urbanitae.com\/fr\/","logo":{"@type":"ImageObject","inLanguage":"fr-FR","@id":"https:\/\/blog.urbanitae.com\/fr\/#\/schema\/logo\/image\/","url":"https:\/\/blog.urbanitae.com\/wp-content\/uploads\/2020\/04\/logo-verde_350x100.svg","contentUrl":"https:\/\/blog.urbanitae.com\/wp-content\/uploads\/2020\/04\/logo-verde_350x100.svg","width":350,"height":100,"caption":"Urbanitae"},"image":{"@id":"https:\/\/blog.urbanitae.com\/fr\/#\/schema\/logo\/image\/"},"sameAs":["https:\/\/www.facebook.com\/urbanitae","https:\/\/x.com\/urbanitae","https:\/\/www.instagram.com\/urbanitae","https:\/\/www.linkedin.com\/company\/urbanitae","https:\/\/www.pinterest.es\/UrbanitaeSL\/_created\/","https:\/\/www.youtube.com\/c\/Urbanitae_RE"]}]}},"_links":{"self":[{"href":"https:\/\/blog.urbanitae.com\/fr\/wp-json\/wp\/v2\/pages\/61925","targetHints":{"allow":["GET"]}}],"collection":[{"href":"https:\/\/blog.urbanitae.com\/fr\/wp-json\/wp\/v2\/pages"}],"about":[{"href":"https:\/\/blog.urbanitae.com\/fr\/wp-json\/wp\/v2\/types\/page"}],"author":[{"embeddable":true,"href":"https:\/\/blog.urbanitae.com\/fr\/wp-json\/wp\/v2\/users\/20"}],"replies":[{"embeddable":true,"href":"https:\/\/blog.urbanitae.com\/fr\/wp-json\/wp\/v2\/comments?post=61925"}],"version-history":[{"count":1,"href":"https:\/\/blog.urbanitae.com\/fr\/wp-json\/wp\/v2\/pages\/61925\/revisions"}],"predecessor-version":[{"id":61926,"href":"https:\/\/blog.urbanitae.com\/fr\/wp-json\/wp\/v2\/pages\/61925\/revisions\/61926"}],"up":[{"embeddable":true,"href":"https:\/\/blog.urbanitae.com\/fr\/wp-json\/wp\/v2\/pages\/62174"}],"wp:attachment":[{"href":"https:\/\/blog.urbanitae.com\/fr\/wp-json\/wp\/v2\/media?parent=61925"}],"curies":[{"name":"wp","href":"https:\/\/api.w.org\/{rel}","templated":true}]}}