{"id":61923,"date":"2025-04-15T12:08:15","date_gmt":"2025-04-15T10:08:15","guid":{"rendered":"https:\/\/blog.urbanitae.com\/ebitda-resultat-brut-dexploitation\/"},"modified":"2025-04-25T11:34:08","modified_gmt":"2025-04-25T09:34:08","slug":"ebitda-resultat-brut-dexploitation","status":"publish","type":"page","link":"https:\/\/blog.urbanitae.com\/fr\/glossaire\/ebitda-resultat-brut-dexploitation\/","title":{"rendered":"EBITDA (r\u00e9sultat brut d&rsquo;exploitation)"},"content":{"rendered":"\t\t<div data-elementor-type=\"wp-page\" data-elementor-id=\"61923\" class=\"elementor elementor-61923 elementor-56255\">\n\t\t\t\t\t\t<section class=\"elementor-section elementor-top-section elementor-element elementor-element-d86d887 elementor-section-boxed elementor-section-height-default elementor-section-height-default\" data-id=\"d86d887\" data-element_type=\"section\" data-e-type=\"section\">\n\t\t\t\t\t\t<div class=\"elementor-container elementor-column-gap-default\">\n\t\t\t\t\t<div class=\"elementor-column elementor-col-100 elementor-top-column elementor-element elementor-element-8b49ddd\" data-id=\"8b49ddd\" data-element_type=\"column\" data-e-type=\"column\">\n\t\t\t<div class=\"elementor-widget-wrap elementor-element-populated\">\n\t\t\t\t\t\t<div class=\"elementor-element elementor-element-083b30b elementor-widget__width-initial elementor-widget elementor-widget-text-editor\" data-id=\"083b30b\" data-element_type=\"widget\" data-e-type=\"widget\" data-widget_type=\"text-editor.default\">\n\t\t\t\t<div class=\"elementor-widget-container\">\n\t\t\t\t\t\t\t\t\t<h3>Qu\u2019est-ce que c\u2019est?<\/h3><p style=\"color: #212121; font-family: Roboto, sans-serif; font-size: 16px;\">Sigle en anglais de <em>earnings before interest, taxes, depreciation, and amortization<\/em> (b\u00e9n\u00e9fices avant int\u00e9r\u00eats, imp\u00f4ts, amortissements et d\u00e9pr\u00e9ciation). Il s&rsquo;agit d&rsquo;un indicateur financier qui mesure les b\u00e9n\u00e9fices op\u00e9rationnels d&rsquo;une entreprise avant de prendre en compte les co\u00fbts financiers, les imp\u00f4ts et l&rsquo;amortissement des actifs.<\/p><p style=\"color: #212121; font-family: Roboto, sans-serif; font-size: 16px;\">L&rsquo;<strong>EBITDA<\/strong> est un outil largement utilis\u00e9 pour \u00e9valuer la rentabilit\u00e9 op\u00e9rationnelle et l&rsquo;efficacit\u00e9 d&rsquo;une entreprise sans tenir compte de sa structure de capital, de ses politiques comptables ou de ses charges fiscales. En excluant ces facteurs, il offre une vision plus claire de la capacit\u00e9 de l&rsquo;entreprise \u00e0 g\u00e9n\u00e9rer des b\u00e9n\u00e9fices gr\u00e2ce \u00e0 ses activit\u00e9s principales. <\/p>\t\t\t\t\t\t\t\t<\/div>\n\t\t\t\t<\/div>\n\t\t\t\t<div class=\"elementor-element elementor-element-11c28c4 elementor-widget__width-initial elementor-widget elementor-widget-text-editor\" data-id=\"11c28c4\" data-element_type=\"widget\" data-e-type=\"widget\" data-widget_type=\"text-editor.default\">\n\t\t\t\t<div class=\"elementor-widget-container\">\n\t\t\t\t\t\t\t\t\t<h3>Principaux aspects \u00e0 prendre en compte<\/h3><p style=\"color: #212121; font-family: Roboto, sans-serif; font-size: 16px;\">Le calcul de <strong>l&rsquo;EBITDA<\/strong> se fait en ajoutant au b\u00e9n\u00e9fice net les int\u00e9r\u00eats, les imp\u00f4ts, les amortissements et les d\u00e9pr\u00e9ciations. Il est utile pour : <\/p><ul><li style=\"color: #212121; font-family: Roboto, sans-serif; font-size: 16px;\"><strong>Comparaison entre entreprises :<\/strong> Il \u00e9limine les distorsions caus\u00e9es par diff\u00e9rentes structures financi\u00e8res et pratiques comptables.<\/li><li style=\"color: #212121; font-family: Roboto, sans-serif; font-size: 16px;\"><strong>\u00c9valuation de l&rsquo;entreprise :<\/strong> Il est utilis\u00e9 dans des m\u00e9thodes comme le multiple EV\/EBITDA pour estimer la valeur d&rsquo;une entreprise.<\/li><li style=\"color: #212121; font-family: Roboto, sans-serif; font-size: 16px;\"><strong>\u00c9valuation op\u00e9rationnelle :<\/strong> Il mesure la capacit\u00e9 de l&rsquo;entreprise \u00e0 g\u00e9n\u00e9rer des revenus avant les facteurs externes.<\/li><\/ul><p style=\"color: #212121; font-family: Roboto, sans-serif; font-size: 16px;\">Cependant, l<span style=\"background-color: #f8f8f8;\">&lsquo;EBITDA<\/span> pr\u00e9sente des limitations, car il ne refl\u00e8te pas les flux de tr\u00e9sorerie r\u00e9els et ne prend pas en compte les d\u00e9penses non mon\u00e9taires, telles que l&rsquo;amortissement, qui affectent la valeur des actifs. C&rsquo;est pourquoi il doit \u00eatre compl\u00e9t\u00e9 par d&rsquo;autres m\u00e9triques pour obtenir une vision compl\u00e8te de la sant\u00e9 financi\u00e8re. <\/p>\t\t\t\t\t\t\t\t<\/div>\n\t\t\t\t<\/div>\n\t\t\t\t\t<\/div>\n\t\t<\/div>\n\t\t\t\t\t<\/div>\n\t\t<\/section>\n\t\t\t\t<section class=\"elementor-section elementor-top-section elementor-element elementor-element-aa563c5 elementor-section-full_width elementor-section-height-default elementor-section-height-default\" data-id=\"aa563c5\" data-element_type=\"section\" data-e-type=\"section\">\n\t\t\t\t\t\t<div class=\"elementor-container elementor-column-gap-default\">\n\t\t\t\t\t<div class=\"elementor-column elementor-col-100 elementor-top-column elementor-element elementor-element-41114ac\" data-id=\"41114ac\" data-element_type=\"column\" data-e-type=\"column\">\n\t\t\t<div class=\"elementor-widget-wrap elementor-element-populated\">\n\t\t\t\t\t\t<div class=\"elementor-element elementor-element-43f7095 elementor-widget elementor-widget-html\" data-id=\"43f7095\" data-element_type=\"widget\" data-e-type=\"widget\" data-widget_type=\"html.default\">\n\t\t\t\t<div class=\"elementor-widget-container\">\n\t\t\t\t\t\r\n        <div class=\"qode-advanced-call-to-action qode-advanced-cta-gradient qode-advanced-cta-gradient-animation\" style=\"height:80px\">\r\n            <a class=\"advanced-cta-link\" href=\"https:\/\/mkt.urbanitae.com\/Urbanitae_suscripcion_newsletter.html?utm_source=blog&amp;utm_medium=link_blog&amp;utm_campaign=suscripcion_blog&amp;utm_content=boton\" target=\"_blank\" onclick=\"dataLayer.push({'event': 'ub_ga4_event', 'ub_ga4_event_name': 'newsletter', 'ub_ga4_event_element': 'aprende'})\"><\/a>\r\n            <div class=\"qode-advanced-cta-content\">\r\n                <span class=\"qode-advanced-cta-text-holder\" style=\"color:#FFFFFF;font-size:25px\">\r\n Abonnez-vous \u00e0 notre Newsletter <\/span>\r\n                <span class=\"qode-advanced-cta-icon-holder\" style=\"color:#FFFFFF;font-size:25px\">\r\n                    <span class=\"qode-advanced-cta-icon-holder-table\">\r\n                        <span class=\"qode-advanced-cta-icon-holder-cell\">\r\n                            <i class=\"qode_icon_font_awesome_5 fa5 fa fa-envelope-open-text qode-advanced-cta-icon\"><\/i> <\/span>\r\n                    <\/span>\r\n                <\/span>\r\n            <\/div>\r\n            <div class=\"qode-advanced-cta-background-holder\">\r\n                <span class=\"qode-advanced-cta-background-1 qode-type1-gradient-left-to-right\"><\/span>\r\n                <span class=\"qode-advanced-cta-background-2 qode-type1-gradient-left-to-right\"><\/span>\r\n                <span class=\"qode-advanced-cta-background-3\"><\/span>\r\n            <\/div>\r\n        <\/div>\r\n\t\t\t\t<\/div>\n\t\t\t\t<\/div>\n\t\t\t\t\t<\/div>\n\t\t<\/div>\n\t\t\t\t\t<\/div>\n\t\t<\/section>\n\t\t\t\t<\/div>\n\t\t","protected":false},"excerpt":{"rendered":"<p>Qu\u2019est-ce que c\u2019est? Sigle en anglais de earnings before interest, taxes, depreciation, and amortization (b\u00e9n\u00e9fices avant int\u00e9r\u00eats, imp\u00f4ts, amortissements et d\u00e9pr\u00e9ciation). Il s&rsquo;agit d&rsquo;un indicateur financier qui mesure les b\u00e9n\u00e9fices op\u00e9rationnels d&rsquo;une entreprise avant de prendre en compte les co\u00fbts financiers, les imp\u00f4ts et l&rsquo;amortissement des actifs. L&rsquo;EBITDA est un outil largement utilis\u00e9 pour \u00e9valuer [&hellip;]<\/p>\n","protected":false},"author":20,"featured_media":0,"parent":62174,"menu_order":0,"comment_status":"closed","ping_status":"closed","template":"","meta":{"inline_featured_image":false,"footnotes":""},"class_list":["post-61923","page","type-page","status-publish","hentry"],"blocksy_meta":[],"yoast_head":"<!-- This site is optimized with the Yoast SEO plugin v27.4 - https:\/\/yoast.com\/product\/yoast-seo-wordpress\/ -->\n<title>EBITDA (r\u00e9sultat brut d&#039;exploitation) - Urbanitae Blog<\/title>\n<meta name=\"description\" content=\"B\u00e9n\u00e9fice avant int\u00e9r\u00eats, imp\u00f4ts, d\u00e9pr\u00e9ciation et amortissement. Il s\u2019agit d\u2019une mesure financi\u00e8re qui indique les b\u00e9n\u00e9fices d\u2019exploitation d\u2019une entreprise avant prise en compte des charges financi\u00e8res, des imp\u00f4ts et de la d\u00e9pr\u00e9ciation des actifs.\" \/>\n<meta name=\"robots\" content=\"index, follow, max-snippet:-1, max-image-preview:large, max-video-preview:-1\" \/>\n<link rel=\"canonical\" href=\"https:\/\/blog.urbanitae.com\/fr\/glossaire\/ebitda-resultat-brut-dexploitation\/\" \/>\n<meta property=\"og:locale\" content=\"fr_FR\" \/>\n<meta property=\"og:type\" content=\"article\" \/>\n<meta property=\"og:title\" content=\"EBITDA (r\u00e9sultat brut d&#039;exploitation) - Urbanitae Blog\" \/>\n<meta property=\"og:description\" content=\"B\u00e9n\u00e9fice avant int\u00e9r\u00eats, imp\u00f4ts, d\u00e9pr\u00e9ciation et amortissement. Il s\u2019agit d\u2019une mesure financi\u00e8re qui indique les b\u00e9n\u00e9fices d\u2019exploitation d\u2019une entreprise avant prise en compte des charges financi\u00e8res, des imp\u00f4ts et de la d\u00e9pr\u00e9ciation des actifs.\" \/>\n<meta property=\"og:url\" content=\"https:\/\/blog.urbanitae.com\/fr\/glossaire\/ebitda-resultat-brut-dexploitation\/\" \/>\n<meta property=\"og:site_name\" content=\"Urbanitae Blog | Les meilleures nouvelles sur l&#039;investissement immobilier\" \/>\n<meta property=\"article:publisher\" content=\"https:\/\/www.facebook.com\/urbanitae\" \/>\n<meta property=\"article:modified_time\" content=\"2025-04-25T09:34:08+00:00\" \/>\n<meta name=\"twitter:card\" content=\"summary_large_image\" \/>\n<meta name=\"twitter:site\" content=\"@urbanitae\" \/>\n<meta name=\"twitter:label1\" content=\"Dur\u00e9e de lecture estim\u00e9e\" \/>\n\t<meta name=\"twitter:data1\" content=\"1 minute\" \/>\n<script type=\"application\/ld+json\" class=\"yoast-schema-graph\">{\"@context\":\"https:\\\/\\\/schema.org\",\"@graph\":[{\"@type\":\"WebPage\",\"@id\":\"https:\\\/\\\/blog.urbanitae.com\\\/fr\\\/glossaire\\\/ebitda-resultat-brut-dexploitation\\\/\",\"url\":\"https:\\\/\\\/blog.urbanitae.com\\\/fr\\\/glossaire\\\/ebitda-resultat-brut-dexploitation\\\/\",\"name\":\"EBITDA (r\u00e9sultat brut d'exploitation) - Urbanitae Blog\",\"isPartOf\":{\"@id\":\"https:\\\/\\\/blog.urbanitae.com\\\/fr\\\/#website\"},\"datePublished\":\"2025-04-15T10:08:15+00:00\",\"dateModified\":\"2025-04-25T09:34:08+00:00\",\"description\":\"B\u00e9n\u00e9fice avant int\u00e9r\u00eats, imp\u00f4ts, d\u00e9pr\u00e9ciation et amortissement. Il s\u2019agit d\u2019une mesure financi\u00e8re qui indique les b\u00e9n\u00e9fices d\u2019exploitation d\u2019une entreprise avant prise en compte des charges financi\u00e8res, des imp\u00f4ts et de la d\u00e9pr\u00e9ciation des actifs.\",\"breadcrumb\":{\"@id\":\"https:\\\/\\\/blog.urbanitae.com\\\/fr\\\/glossaire\\\/ebitda-resultat-brut-dexploitation\\\/#breadcrumb\"},\"inLanguage\":\"fr-FR\",\"potentialAction\":[{\"@type\":\"ReadAction\",\"target\":[\"https:\\\/\\\/blog.urbanitae.com\\\/fr\\\/glossaire\\\/ebitda-resultat-brut-dexploitation\\\/\"]}]},{\"@type\":\"BreadcrumbList\",\"@id\":\"https:\\\/\\\/blog.urbanitae.com\\\/fr\\\/glossaire\\\/ebitda-resultat-brut-dexploitation\\\/#breadcrumb\",\"itemListElement\":[{\"@type\":\"ListItem\",\"position\":1,\"name\":\"Portada\",\"item\":\"https:\\\/\\\/blog.urbanitae.com\\\/fr\\\/\"},{\"@type\":\"ListItem\",\"position\":2,\"name\":\"Glossaire\",\"item\":\"https:\\\/\\\/blog.urbanitae.com\\\/fr\\\/glosario\\\/\"},{\"@type\":\"ListItem\",\"position\":3,\"name\":\"EBITDA (r\u00e9sultat brut d&#8217;exploitation)\"}]},{\"@type\":\"WebSite\",\"@id\":\"https:\\\/\\\/blog.urbanitae.com\\\/fr\\\/#website\",\"url\":\"https:\\\/\\\/blog.urbanitae.com\\\/fr\\\/\",\"name\":\"Urbanitae Blog | Las mejores noticias sobre inversi\u00f3n inmobiliaria\",\"description\":\"L'investissement immobilier \u00e0 la port\u00e9e de tous\",\"publisher\":{\"@id\":\"https:\\\/\\\/blog.urbanitae.com\\\/fr\\\/#organization\"},\"potentialAction\":[{\"@type\":\"SearchAction\",\"target\":{\"@type\":\"EntryPoint\",\"urlTemplate\":\"https:\\\/\\\/blog.urbanitae.com\\\/fr\\\/?s={search_term_string}\"},\"query-input\":{\"@type\":\"PropertyValueSpecification\",\"valueRequired\":true,\"valueName\":\"search_term_string\"}}],\"inLanguage\":\"fr-FR\"},{\"@type\":\"Organization\",\"@id\":\"https:\\\/\\\/blog.urbanitae.com\\\/fr\\\/#organization\",\"name\":\"Urbanitae\",\"url\":\"https:\\\/\\\/blog.urbanitae.com\\\/fr\\\/\",\"logo\":{\"@type\":\"ImageObject\",\"inLanguage\":\"fr-FR\",\"@id\":\"https:\\\/\\\/blog.urbanitae.com\\\/fr\\\/#\\\/schema\\\/logo\\\/image\\\/\",\"url\":\"https:\\\/\\\/blog.urbanitae.com\\\/wp-content\\\/uploads\\\/2020\\\/04\\\/logo-verde_350x100.svg\",\"contentUrl\":\"https:\\\/\\\/blog.urbanitae.com\\\/wp-content\\\/uploads\\\/2020\\\/04\\\/logo-verde_350x100.svg\",\"width\":350,\"height\":100,\"caption\":\"Urbanitae\"},\"image\":{\"@id\":\"https:\\\/\\\/blog.urbanitae.com\\\/fr\\\/#\\\/schema\\\/logo\\\/image\\\/\"},\"sameAs\":[\"https:\\\/\\\/www.facebook.com\\\/urbanitae\",\"https:\\\/\\\/x.com\\\/urbanitae\",\"https:\\\/\\\/www.instagram.com\\\/urbanitae\",\"https:\\\/\\\/www.linkedin.com\\\/company\\\/urbanitae\",\"https:\\\/\\\/www.pinterest.es\\\/UrbanitaeSL\\\/_created\\\/\",\"https:\\\/\\\/www.youtube.com\\\/c\\\/Urbanitae_RE\"]}]}<\/script>\n<!-- \/ Yoast SEO plugin. -->","yoast_head_json":{"title":"EBITDA (r\u00e9sultat brut d'exploitation) - Urbanitae Blog","description":"B\u00e9n\u00e9fice avant int\u00e9r\u00eats, imp\u00f4ts, d\u00e9pr\u00e9ciation et amortissement. Il s\u2019agit d\u2019une mesure financi\u00e8re qui indique les b\u00e9n\u00e9fices d\u2019exploitation d\u2019une entreprise avant prise en compte des charges financi\u00e8res, des imp\u00f4ts et de la d\u00e9pr\u00e9ciation des actifs.","robots":{"index":"index","follow":"follow","max-snippet":"max-snippet:-1","max-image-preview":"max-image-preview:large","max-video-preview":"max-video-preview:-1"},"canonical":"https:\/\/blog.urbanitae.com\/fr\/glossaire\/ebitda-resultat-brut-dexploitation\/","og_locale":"fr_FR","og_type":"article","og_title":"EBITDA (r\u00e9sultat brut d'exploitation) - Urbanitae Blog","og_description":"B\u00e9n\u00e9fice avant int\u00e9r\u00eats, imp\u00f4ts, d\u00e9pr\u00e9ciation et amortissement. Il s\u2019agit d\u2019une mesure financi\u00e8re qui indique les b\u00e9n\u00e9fices d\u2019exploitation d\u2019une entreprise avant prise en compte des charges financi\u00e8res, des imp\u00f4ts et de la d\u00e9pr\u00e9ciation des actifs.","og_url":"https:\/\/blog.urbanitae.com\/fr\/glossaire\/ebitda-resultat-brut-dexploitation\/","og_site_name":"Urbanitae Blog | Les meilleures nouvelles sur l'investissement immobilier","article_publisher":"https:\/\/www.facebook.com\/urbanitae","article_modified_time":"2025-04-25T09:34:08+00:00","twitter_card":"summary_large_image","twitter_site":"@urbanitae","twitter_misc":{"Dur\u00e9e de lecture estim\u00e9e":"1 minute"},"schema":{"@context":"https:\/\/schema.org","@graph":[{"@type":"WebPage","@id":"https:\/\/blog.urbanitae.com\/fr\/glossaire\/ebitda-resultat-brut-dexploitation\/","url":"https:\/\/blog.urbanitae.com\/fr\/glossaire\/ebitda-resultat-brut-dexploitation\/","name":"EBITDA (r\u00e9sultat brut d'exploitation) - Urbanitae Blog","isPartOf":{"@id":"https:\/\/blog.urbanitae.com\/fr\/#website"},"datePublished":"2025-04-15T10:08:15+00:00","dateModified":"2025-04-25T09:34:08+00:00","description":"B\u00e9n\u00e9fice avant int\u00e9r\u00eats, imp\u00f4ts, d\u00e9pr\u00e9ciation et amortissement. Il s\u2019agit d\u2019une mesure financi\u00e8re qui indique les b\u00e9n\u00e9fices d\u2019exploitation d\u2019une entreprise avant prise en compte des charges financi\u00e8res, des imp\u00f4ts et de la d\u00e9pr\u00e9ciation des actifs.","breadcrumb":{"@id":"https:\/\/blog.urbanitae.com\/fr\/glossaire\/ebitda-resultat-brut-dexploitation\/#breadcrumb"},"inLanguage":"fr-FR","potentialAction":[{"@type":"ReadAction","target":["https:\/\/blog.urbanitae.com\/fr\/glossaire\/ebitda-resultat-brut-dexploitation\/"]}]},{"@type":"BreadcrumbList","@id":"https:\/\/blog.urbanitae.com\/fr\/glossaire\/ebitda-resultat-brut-dexploitation\/#breadcrumb","itemListElement":[{"@type":"ListItem","position":1,"name":"Portada","item":"https:\/\/blog.urbanitae.com\/fr\/"},{"@type":"ListItem","position":2,"name":"Glossaire","item":"https:\/\/blog.urbanitae.com\/fr\/glosario\/"},{"@type":"ListItem","position":3,"name":"EBITDA (r\u00e9sultat brut d&#8217;exploitation)"}]},{"@type":"WebSite","@id":"https:\/\/blog.urbanitae.com\/fr\/#website","url":"https:\/\/blog.urbanitae.com\/fr\/","name":"Urbanitae Blog | Las mejores noticias sobre inversi\u00f3n inmobiliaria","description":"L'investissement immobilier \u00e0 la port\u00e9e de tous","publisher":{"@id":"https:\/\/blog.urbanitae.com\/fr\/#organization"},"potentialAction":[{"@type":"SearchAction","target":{"@type":"EntryPoint","urlTemplate":"https:\/\/blog.urbanitae.com\/fr\/?s={search_term_string}"},"query-input":{"@type":"PropertyValueSpecification","valueRequired":true,"valueName":"search_term_string"}}],"inLanguage":"fr-FR"},{"@type":"Organization","@id":"https:\/\/blog.urbanitae.com\/fr\/#organization","name":"Urbanitae","url":"https:\/\/blog.urbanitae.com\/fr\/","logo":{"@type":"ImageObject","inLanguage":"fr-FR","@id":"https:\/\/blog.urbanitae.com\/fr\/#\/schema\/logo\/image\/","url":"https:\/\/blog.urbanitae.com\/wp-content\/uploads\/2020\/04\/logo-verde_350x100.svg","contentUrl":"https:\/\/blog.urbanitae.com\/wp-content\/uploads\/2020\/04\/logo-verde_350x100.svg","width":350,"height":100,"caption":"Urbanitae"},"image":{"@id":"https:\/\/blog.urbanitae.com\/fr\/#\/schema\/logo\/image\/"},"sameAs":["https:\/\/www.facebook.com\/urbanitae","https:\/\/x.com\/urbanitae","https:\/\/www.instagram.com\/urbanitae","https:\/\/www.linkedin.com\/company\/urbanitae","https:\/\/www.pinterest.es\/UrbanitaeSL\/_created\/","https:\/\/www.youtube.com\/c\/Urbanitae_RE"]}]}},"_links":{"self":[{"href":"https:\/\/blog.urbanitae.com\/fr\/wp-json\/wp\/v2\/pages\/61923","targetHints":{"allow":["GET"]}}],"collection":[{"href":"https:\/\/blog.urbanitae.com\/fr\/wp-json\/wp\/v2\/pages"}],"about":[{"href":"https:\/\/blog.urbanitae.com\/fr\/wp-json\/wp\/v2\/types\/page"}],"author":[{"embeddable":true,"href":"https:\/\/blog.urbanitae.com\/fr\/wp-json\/wp\/v2\/users\/20"}],"replies":[{"embeddable":true,"href":"https:\/\/blog.urbanitae.com\/fr\/wp-json\/wp\/v2\/comments?post=61923"}],"version-history":[{"count":0,"href":"https:\/\/blog.urbanitae.com\/fr\/wp-json\/wp\/v2\/pages\/61923\/revisions"}],"up":[{"embeddable":true,"href":"https:\/\/blog.urbanitae.com\/fr\/wp-json\/wp\/v2\/pages\/62174"}],"wp:attachment":[{"href":"https:\/\/blog.urbanitae.com\/fr\/wp-json\/wp\/v2\/media?parent=61923"}],"curies":[{"name":"wp","href":"https:\/\/api.w.org\/{rel}","templated":true}]}}