{"id":61865,"date":"2025-04-15T11:31:52","date_gmt":"2025-04-15T09:31:52","guid":{"rendered":"https:\/\/blog.urbanitae.com\/dette-privee\/"},"modified":"2025-04-25T11:34:05","modified_gmt":"2025-04-25T09:34:05","slug":"dette-privee","status":"publish","type":"page","link":"https:\/\/blog.urbanitae.com\/fr\/glossaire\/dette-privee\/","title":{"rendered":"Dette priv\u00e9e"},"content":{"rendered":"\t\t<div data-elementor-type=\"wp-page\" data-elementor-id=\"61865\" class=\"elementor elementor-61865 elementor-56218\">\n\t\t\t\t\t\t<section class=\"elementor-section elementor-top-section elementor-element elementor-element-d86d887 elementor-section-boxed elementor-section-height-default elementor-section-height-default parallax_section_no qode_elementor_container_no\" data-id=\"d86d887\" data-element_type=\"section\">\n\t\t\t\t\t\t<div class=\"elementor-container elementor-column-gap-default\">\n\t\t\t\t\t<div class=\"elementor-column elementor-col-100 elementor-top-column elementor-element elementor-element-8b49ddd\" data-id=\"8b49ddd\" data-element_type=\"column\">\n\t\t\t<div class=\"elementor-widget-wrap elementor-element-populated\">\n\t\t\t\t\t\t<div class=\"elementor-element elementor-element-083b30b elementor-widget__width-initial elementor-widget elementor-widget-text-editor\" data-id=\"083b30b\" data-element_type=\"widget\" data-widget_type=\"text-editor.default\">\n\t\t\t\t<div class=\"elementor-widget-container\">\n\t\t\t\t\t\t\t\t\t<h3>Qu\u2019est-ce que c\u2019est?<\/h3><p style=\"color: #212121; font-family: Roboto, sans-serif; font-size: 16px;\">La dette priv\u00e9e d\u00e9signe les pr\u00eats ou cr\u00e9dits accord\u00e9s par des investisseurs priv\u00e9s ou des soci\u00e9t\u00e9s sp\u00e9cialis\u00e9es dans le financement, plut\u00f4t que par des \u00e9tablissements financiers traditionnels. Dans le secteur immobilier, la dette priv\u00e9e peut \u00eatre utilis\u00e9e pour financer des projets port\u00e9s par des promoteurs immobiliers.<\/p><p style=\"color: #212121; font-family: Roboto, sans-serif; font-size: 16px;\">La dette priv\u00e9e est devenue une alternative populaire au financement bancaire, car elle offre une plus grande flexibilit\u00e9 tant pour les emprunteurs que pour les pr\u00eateurs. Ce type de financement est particuli\u00e8rement utile dans les projets immobiliers, o\u00f9 les promoteurs ont besoin d\u2019un acc\u00e8s rapide au capital pour acqu\u00e9rir des terrains, d\u00e9velopper des biens ou couvrir les co\u00fbts op\u00e9rationnels pendant la phase de construction. <\/p>\t\t\t\t\t\t\t\t<\/div>\n\t\t\t\t<\/div>\n\t\t\t\t<div class=\"elementor-element elementor-element-11c28c4 elementor-widget__width-initial elementor-widget elementor-widget-text-editor\" data-id=\"11c28c4\" data-element_type=\"widget\" data-widget_type=\"text-editor.default\">\n\t\t\t\t<div class=\"elementor-widget-container\">\n\t\t\t\t\t\t\t\t\t<h3>Principaux aspects \u00e0 prendre en compte<\/h3><p style=\"color: #212121; font-family: Roboto, sans-serif; font-size: 16px;\">Dans le domaine immobilier, la dette priv\u00e9e pr\u00e9sente plusieurs caract\u00e9ristiques cl\u00e9s :<\/p><ul><li style=\"color: #212121; font-family: Roboto, sans-serif; font-size: 16px;\"><strong>Souplesse des conditions :<\/strong> Les soci\u00e9t\u00e9s de dette priv\u00e9e peuvent n\u00e9gocier des conditions plus adapt\u00e9es aux besoins sp\u00e9cifiques du projet que les banques traditionnelles.<\/li><li style=\"color: #212121; font-family: Roboto, sans-serif; font-size: 16px;\"><strong>D\u00e9lais d\u2019approbation plus courts :<\/strong> Les processus d\u2019analyse et de d\u00e9caissement sont g\u00e9n\u00e9ralement plus rapides, permettant aux promoteurs de saisir des opportunit\u00e9s de march\u00e9 sans retard.<\/li><li style=\"color: #212121; font-family: Roboto, sans-serif; font-size: 16px;\"><strong>Garanties : <\/strong>Les pr\u00eats sont souvent garantis par le projet immobilier lui-m\u00eame, ce qui apporte une s\u00e9curit\u00e9 au pr\u00eateur.<\/li><\/ul><p style=\"color: #212121; font-family: Roboto, sans-serif; font-size: 16px;\">Les avantages pour les investisseurs qui participent \u00e0 la dette priv\u00e9e incluent des rendements stables gr\u00e2ce aux int\u00e9r\u00eats per\u00e7us, ainsi qu\u2019une exposition r\u00e9duite \u00e0 la volatilit\u00e9 des march\u00e9s financiers. Toutefois, des risques subsistent, tels que le d\u00e9faut de paiement de l\u2019emprunteur ou des difficult\u00e9s dans la r\u00e9alisation du projet. <\/p><p style=\"color: #212121; font-family: Roboto, sans-serif; font-size: 16px;\">Pour les promoteurs, la dette priv\u00e9e peut constituer une solution efficace pour compl\u00e9ter le financement de leurs projets, notamment dans des contextes o\u00f9 les institutions financi\u00e8res traditionnelles imposent des conditions plus strictes. Il est cependant essentiel d\u2019\u00e9valuer attentivement les co\u00fbts et les conditions associ\u00e9s, afin de garantir la viabilit\u00e9 \u00e9conomique de l\u2019op\u00e9ration. <\/p>\t\t\t\t\t\t\t\t<\/div>\n\t\t\t\t<\/div>\n\t\t\t\t\t<\/div>\n\t\t<\/div>\n\t\t\t\t\t<\/div>\n\t\t<\/section>\n\t\t\t\t<section class=\"elementor-section elementor-top-section elementor-element elementor-element-aa563c5 elementor-section-full_width elementor-section-stretched elementor-section-height-default elementor-section-height-default parallax_section_no qode_elementor_container_no\" data-id=\"aa563c5\" data-element_type=\"section\" data-settings=\"{&quot;stretch_section&quot;:&quot;section-stretched&quot;}\">\n\t\t\t\t\t\t<div class=\"elementor-container elementor-column-gap-default\">\n\t\t\t\t\t<div class=\"elementor-column elementor-col-100 elementor-top-column elementor-element elementor-element-41114ac\" data-id=\"41114ac\" data-element_type=\"column\">\n\t\t\t<div class=\"elementor-widget-wrap elementor-element-populated\">\n\t\t\t\t\t\t<div class=\"elementor-element elementor-element-43f7095 elementor-widget elementor-widget-html\" data-id=\"43f7095\" data-element_type=\"widget\" data-widget_type=\"html.default\">\n\t\t\t\t<div class=\"elementor-widget-container\">\n\t\t\t\t\t\r\n        <div class=\"qode-advanced-call-to-action qode-advanced-cta-gradient qode-advanced-cta-gradient-animation\" style=\"height:80px\">\r\n            <a class=\"advanced-cta-link\" href=\"https:\/\/mkt.urbanitae.com\/Urbanitae_suscripcion_newsletter.html?utm_source=blog&amp;utm_medium=link_blog&amp;utm_campaign=suscripcion_blog&amp;utm_content=boton\" target=\"_blank\" onclick=\"dataLayer.push({'event': 'ub_ga4_event', 'ub_ga4_event_name': 'newsletter', 'ub_ga4_event_element': 'aprende'})\"><\/a>\r\n            <div class=\"qode-advanced-cta-content\">\r\n                <span class=\"qode-advanced-cta-text-holder\" style=\"color:#FFFFFF;font-size:25px\">\r\n Abonnez-vous \u00e0 notre Newsletter <\/span>\r\n                <span class=\"qode-advanced-cta-icon-holder\" style=\"color:#FFFFFF;font-size:25px\">\r\n                    <span class=\"qode-advanced-cta-icon-holder-table\">\r\n                        <span class=\"qode-advanced-cta-icon-holder-cell\">\r\n                            <i class=\"qode_icon_font_awesome_5 fa5 fa fa-envelope-open-text qode-advanced-cta-icon\"><\/i> <\/span>\r\n                    <\/span>\r\n                <\/span>\r\n            <\/div>\r\n            <div class=\"qode-advanced-cta-background-holder\">\r\n                <span class=\"qode-advanced-cta-background-1 qode-type1-gradient-left-to-right\"><\/span>\r\n                <span class=\"qode-advanced-cta-background-2 qode-type1-gradient-left-to-right\"><\/span>\r\n                <span class=\"qode-advanced-cta-background-3\"><\/span>\r\n            <\/div>\r\n        <\/div>\r\n\t\t\t\t<\/div>\n\t\t\t\t<\/div>\n\t\t\t\t\t<\/div>\n\t\t<\/div>\n\t\t\t\t\t<\/div>\n\t\t<\/section>\n\t\t\t\t<\/div>\n\t\t","protected":false},"excerpt":{"rendered":"<p>Qu\u2019est-ce que c\u2019est? La dette priv\u00e9e d\u00e9signe les pr\u00eats ou cr\u00e9dits accord\u00e9s par des investisseurs priv\u00e9s ou des soci\u00e9t\u00e9s sp\u00e9cialis\u00e9es dans le financement, plut\u00f4t que par des \u00e9tablissements financiers traditionnels. Dans le secteur immobilier, la dette priv\u00e9e peut \u00eatre utilis\u00e9e pour financer des projets port\u00e9s&#8230;<\/p>\n","protected":false},"author":20,"featured_media":0,"parent":62174,"menu_order":0,"comment_status":"closed","ping_status":"closed","template":"","meta":{"inline_featured_image":false,"_lmt_disableupdate":"","_lmt_disable":"","footnotes":""},"class_list":["post-61865","page","type-page","status-publish","hentry"],"yoast_head":"<!-- This site is optimized with the Yoast SEO plugin v26.6 - https:\/\/yoast.com\/wordpress\/plugins\/seo\/ -->\n<title>Dette priv\u00e9e - Urbanitae Blog<\/title>\n<meta name=\"description\" content=\"Il s\u2019agit de pr\u00eats ou de cr\u00e9dits accord\u00e9s par des investisseurs priv\u00e9s ou des entreprises sp\u00e9cialis\u00e9es dans le financement, en lieu et place des institutions financi\u00e8res traditionnelles. Dans le contexte immobilier, la dette priv\u00e9e peut \u00eatre utilis\u00e9e pour financer des projets de promoteurs immobiliers.\" \/>\n<meta name=\"robots\" content=\"index, follow, max-snippet:-1, max-image-preview:large, max-video-preview:-1\" \/>\n<link rel=\"canonical\" href=\"https:\/\/blog.urbanitae.com\/fr\/glossaire\/dette-privee\/\" \/>\n<meta property=\"og:locale\" content=\"fr_FR\" \/>\n<meta property=\"og:type\" content=\"article\" \/>\n<meta property=\"og:title\" content=\"Dette priv\u00e9e - Urbanitae Blog\" \/>\n<meta property=\"og:description\" content=\"Il s\u2019agit de pr\u00eats ou de cr\u00e9dits accord\u00e9s par des investisseurs priv\u00e9s ou des entreprises sp\u00e9cialis\u00e9es dans le financement, en lieu et place des institutions financi\u00e8res traditionnelles. Dans le contexte immobilier, la dette priv\u00e9e peut \u00eatre utilis\u00e9e pour financer des projets de promoteurs immobiliers.\" \/>\n<meta property=\"og:url\" content=\"https:\/\/blog.urbanitae.com\/fr\/glossaire\/dette-privee\/\" \/>\n<meta property=\"og:site_name\" content=\"Urbanitae Blog | Les meilleures nouvelles sur l&#039;investissement immobilier\" \/>\n<meta property=\"article:publisher\" content=\"https:\/\/www.facebook.com\/urbanitae\" \/>\n<meta property=\"article:modified_time\" content=\"2025-04-25T09:34:05+00:00\" \/>\n<meta name=\"twitter:card\" content=\"summary_large_image\" \/>\n<meta name=\"twitter:site\" content=\"@urbanitae\" \/>\n<meta name=\"twitter:label1\" content=\"Dur\u00e9e de lecture estim\u00e9e\" \/>\n\t<meta name=\"twitter:data1\" content=\"2 minutes\" \/>\n<script type=\"application\/ld+json\" class=\"yoast-schema-graph\">{\"@context\":\"https:\/\/schema.org\",\"@graph\":[{\"@type\":\"WebPage\",\"@id\":\"https:\/\/blog.urbanitae.com\/fr\/glossaire\/dette-privee\/\",\"url\":\"https:\/\/blog.urbanitae.com\/fr\/glossaire\/dette-privee\/\",\"name\":\"Dette priv\u00e9e - Urbanitae Blog\",\"isPartOf\":{\"@id\":\"https:\/\/blog.urbanitae.com\/fr\/#website\"},\"datePublished\":\"2025-04-15T09:31:52+00:00\",\"dateModified\":\"2025-04-25T09:34:05+00:00\",\"description\":\"Il s\u2019agit de pr\u00eats ou de cr\u00e9dits accord\u00e9s par des investisseurs priv\u00e9s ou des entreprises sp\u00e9cialis\u00e9es dans le financement, en lieu et place des institutions financi\u00e8res traditionnelles. Dans le contexte immobilier, la dette priv\u00e9e peut \u00eatre utilis\u00e9e pour financer des projets de promoteurs immobiliers.\",\"breadcrumb\":{\"@id\":\"https:\/\/blog.urbanitae.com\/fr\/glossaire\/dette-privee\/#breadcrumb\"},\"inLanguage\":\"fr-FR\",\"potentialAction\":[{\"@type\":\"ReadAction\",\"target\":[\"https:\/\/blog.urbanitae.com\/fr\/glossaire\/dette-privee\/\"]}]},{\"@type\":\"BreadcrumbList\",\"@id\":\"https:\/\/blog.urbanitae.com\/fr\/glossaire\/dette-privee\/#breadcrumb\",\"itemListElement\":[{\"@type\":\"ListItem\",\"position\":1,\"name\":\"Portada\",\"item\":\"https:\/\/blog.urbanitae.com\/fr\/\"},{\"@type\":\"ListItem\",\"position\":2,\"name\":\"Glossaire\",\"item\":\"https:\/\/blog.urbanitae.com\/fr\/glosario\/\"},{\"@type\":\"ListItem\",\"position\":3,\"name\":\"Dette priv\u00e9e\"}]},{\"@type\":\"WebSite\",\"@id\":\"https:\/\/blog.urbanitae.com\/fr\/#website\",\"url\":\"https:\/\/blog.urbanitae.com\/fr\/\",\"name\":\"Urbanitae Blog | Las mejores noticias sobre inversi\u00f3n inmobiliaria\",\"description\":\"L'investissement immobilier \u00e0 la port\u00e9e de tous\",\"publisher\":{\"@id\":\"https:\/\/blog.urbanitae.com\/fr\/#organization\"},\"potentialAction\":[{\"@type\":\"SearchAction\",\"target\":{\"@type\":\"EntryPoint\",\"urlTemplate\":\"https:\/\/blog.urbanitae.com\/fr\/?s={search_term_string}\"},\"query-input\":{\"@type\":\"PropertyValueSpecification\",\"valueRequired\":true,\"valueName\":\"search_term_string\"}}],\"inLanguage\":\"fr-FR\"},{\"@type\":\"Organization\",\"@id\":\"https:\/\/blog.urbanitae.com\/fr\/#organization\",\"name\":\"Urbanitae\",\"url\":\"https:\/\/blog.urbanitae.com\/fr\/\",\"logo\":{\"@type\":\"ImageObject\",\"inLanguage\":\"fr-FR\",\"@id\":\"https:\/\/blog.urbanitae.com\/fr\/#\/schema\/logo\/image\/\",\"url\":\"https:\/\/blog.urbanitae.com\/wp-content\/uploads\/2020\/04\/logo-verde_350x100.svg\",\"contentUrl\":\"https:\/\/blog.urbanitae.com\/wp-content\/uploads\/2020\/04\/logo-verde_350x100.svg\",\"width\":350,\"height\":100,\"caption\":\"Urbanitae\"},\"image\":{\"@id\":\"https:\/\/blog.urbanitae.com\/fr\/#\/schema\/logo\/image\/\"},\"sameAs\":[\"https:\/\/www.facebook.com\/urbanitae\",\"https:\/\/x.com\/urbanitae\",\"https:\/\/www.instagram.com\/urbanitae\",\"https:\/\/www.linkedin.com\/company\/urbanitae\",\"https:\/\/www.pinterest.es\/UrbanitaeSL\/_created\/\",\"https:\/\/www.youtube.com\/c\/Urbanitae_RE\"]}]}<\/script>\n<!-- \/ Yoast SEO plugin. -->","yoast_head_json":{"title":"Dette priv\u00e9e - Urbanitae Blog","description":"Il s\u2019agit de pr\u00eats ou de cr\u00e9dits accord\u00e9s par des investisseurs priv\u00e9s ou des entreprises sp\u00e9cialis\u00e9es dans le financement, en lieu et place des institutions financi\u00e8res traditionnelles. Dans le contexte immobilier, la dette priv\u00e9e peut \u00eatre utilis\u00e9e pour financer des projets de promoteurs immobiliers.","robots":{"index":"index","follow":"follow","max-snippet":"max-snippet:-1","max-image-preview":"max-image-preview:large","max-video-preview":"max-video-preview:-1"},"canonical":"https:\/\/blog.urbanitae.com\/fr\/glossaire\/dette-privee\/","og_locale":"fr_FR","og_type":"article","og_title":"Dette priv\u00e9e - Urbanitae Blog","og_description":"Il s\u2019agit de pr\u00eats ou de cr\u00e9dits accord\u00e9s par des investisseurs priv\u00e9s ou des entreprises sp\u00e9cialis\u00e9es dans le financement, en lieu et place des institutions financi\u00e8res traditionnelles. Dans le contexte immobilier, la dette priv\u00e9e peut \u00eatre utilis\u00e9e pour financer des projets de promoteurs immobiliers.","og_url":"https:\/\/blog.urbanitae.com\/fr\/glossaire\/dette-privee\/","og_site_name":"Urbanitae Blog | Les meilleures nouvelles sur l'investissement immobilier","article_publisher":"https:\/\/www.facebook.com\/urbanitae","article_modified_time":"2025-04-25T09:34:05+00:00","twitter_card":"summary_large_image","twitter_site":"@urbanitae","twitter_misc":{"Dur\u00e9e de lecture estim\u00e9e":"2 minutes"},"schema":{"@context":"https:\/\/schema.org","@graph":[{"@type":"WebPage","@id":"https:\/\/blog.urbanitae.com\/fr\/glossaire\/dette-privee\/","url":"https:\/\/blog.urbanitae.com\/fr\/glossaire\/dette-privee\/","name":"Dette priv\u00e9e - Urbanitae Blog","isPartOf":{"@id":"https:\/\/blog.urbanitae.com\/fr\/#website"},"datePublished":"2025-04-15T09:31:52+00:00","dateModified":"2025-04-25T09:34:05+00:00","description":"Il s\u2019agit de pr\u00eats ou de cr\u00e9dits accord\u00e9s par des investisseurs priv\u00e9s ou des entreprises sp\u00e9cialis\u00e9es dans le financement, en lieu et place des institutions financi\u00e8res traditionnelles. Dans le contexte immobilier, la dette priv\u00e9e peut \u00eatre utilis\u00e9e pour financer des projets de promoteurs immobiliers.","breadcrumb":{"@id":"https:\/\/blog.urbanitae.com\/fr\/glossaire\/dette-privee\/#breadcrumb"},"inLanguage":"fr-FR","potentialAction":[{"@type":"ReadAction","target":["https:\/\/blog.urbanitae.com\/fr\/glossaire\/dette-privee\/"]}]},{"@type":"BreadcrumbList","@id":"https:\/\/blog.urbanitae.com\/fr\/glossaire\/dette-privee\/#breadcrumb","itemListElement":[{"@type":"ListItem","position":1,"name":"Portada","item":"https:\/\/blog.urbanitae.com\/fr\/"},{"@type":"ListItem","position":2,"name":"Glossaire","item":"https:\/\/blog.urbanitae.com\/fr\/glosario\/"},{"@type":"ListItem","position":3,"name":"Dette priv\u00e9e"}]},{"@type":"WebSite","@id":"https:\/\/blog.urbanitae.com\/fr\/#website","url":"https:\/\/blog.urbanitae.com\/fr\/","name":"Urbanitae Blog | Las mejores noticias sobre inversi\u00f3n inmobiliaria","description":"L'investissement immobilier \u00e0 la port\u00e9e de tous","publisher":{"@id":"https:\/\/blog.urbanitae.com\/fr\/#organization"},"potentialAction":[{"@type":"SearchAction","target":{"@type":"EntryPoint","urlTemplate":"https:\/\/blog.urbanitae.com\/fr\/?s={search_term_string}"},"query-input":{"@type":"PropertyValueSpecification","valueRequired":true,"valueName":"search_term_string"}}],"inLanguage":"fr-FR"},{"@type":"Organization","@id":"https:\/\/blog.urbanitae.com\/fr\/#organization","name":"Urbanitae","url":"https:\/\/blog.urbanitae.com\/fr\/","logo":{"@type":"ImageObject","inLanguage":"fr-FR","@id":"https:\/\/blog.urbanitae.com\/fr\/#\/schema\/logo\/image\/","url":"https:\/\/blog.urbanitae.com\/wp-content\/uploads\/2020\/04\/logo-verde_350x100.svg","contentUrl":"https:\/\/blog.urbanitae.com\/wp-content\/uploads\/2020\/04\/logo-verde_350x100.svg","width":350,"height":100,"caption":"Urbanitae"},"image":{"@id":"https:\/\/blog.urbanitae.com\/fr\/#\/schema\/logo\/image\/"},"sameAs":["https:\/\/www.facebook.com\/urbanitae","https:\/\/x.com\/urbanitae","https:\/\/www.instagram.com\/urbanitae","https:\/\/www.linkedin.com\/company\/urbanitae","https:\/\/www.pinterest.es\/UrbanitaeSL\/_created\/","https:\/\/www.youtube.com\/c\/Urbanitae_RE"]}]}},"_links":{"self":[{"href":"https:\/\/blog.urbanitae.com\/fr\/wp-json\/wp\/v2\/pages\/61865","targetHints":{"allow":["GET"]}}],"collection":[{"href":"https:\/\/blog.urbanitae.com\/fr\/wp-json\/wp\/v2\/pages"}],"about":[{"href":"https:\/\/blog.urbanitae.com\/fr\/wp-json\/wp\/v2\/types\/page"}],"author":[{"embeddable":true,"href":"https:\/\/blog.urbanitae.com\/fr\/wp-json\/wp\/v2\/users\/20"}],"replies":[{"embeddable":true,"href":"https:\/\/blog.urbanitae.com\/fr\/wp-json\/wp\/v2\/comments?post=61865"}],"version-history":[{"count":1,"href":"https:\/\/blog.urbanitae.com\/fr\/wp-json\/wp\/v2\/pages\/61865\/revisions"}],"predecessor-version":[{"id":61866,"href":"https:\/\/blog.urbanitae.com\/fr\/wp-json\/wp\/v2\/pages\/61865\/revisions\/61866"}],"up":[{"embeddable":true,"href":"https:\/\/blog.urbanitae.com\/fr\/wp-json\/wp\/v2\/pages\/62174"}],"wp:attachment":[{"href":"https:\/\/blog.urbanitae.com\/fr\/wp-json\/wp\/v2\/media?parent=61865"}],"curies":[{"name":"wp","href":"https:\/\/api.w.org\/{rel}","templated":true}]}}