{"id":61748,"date":"2025-04-14T18:23:51","date_gmt":"2025-04-14T16:23:51","guid":{"rendered":"https:\/\/blog.urbanitae.com\/asignacion-de-activos\/"},"modified":"2025-04-25T17:23:58","modified_gmt":"2025-04-25T15:23:58","slug":"asignacion-de-activos","status":"publish","type":"page","link":"https:\/\/blog.urbanitae.com\/fr\/glossaire\/asignacion-de-activos\/","title":{"rendered":"Allocation d&rsquo;actifs"},"content":{"rendered":"\t\t<div data-elementor-type=\"wp-page\" data-elementor-id=\"61748\" class=\"elementor elementor-61748 elementor-59587\">\n\t\t\t\t\t\t<section class=\"elementor-section elementor-top-section elementor-element elementor-element-d86d887 elementor-section-boxed elementor-section-height-default elementor-section-height-default\" data-id=\"d86d887\" data-element_type=\"section\" data-e-type=\"section\">\n\t\t\t\t\t\t<div class=\"elementor-container elementor-column-gap-default\">\n\t\t\t\t\t<div class=\"elementor-column elementor-col-100 elementor-top-column elementor-element elementor-element-8b49ddd\" data-id=\"8b49ddd\" data-element_type=\"column\" data-e-type=\"column\">\n\t\t\t<div class=\"elementor-widget-wrap elementor-element-populated\">\n\t\t\t\t\t\t<div class=\"elementor-element elementor-element-083b30b elementor-widget__width-initial elementor-widget elementor-widget-text-editor\" data-id=\"083b30b\" data-element_type=\"widget\" data-e-type=\"widget\" data-widget_type=\"text-editor.default\">\n\t\t\t\t<div class=\"elementor-widget-container\">\n\t\t\t\t\t\t\t\t\t<h3>De quoi s\u2019agit-il ?<\/h3><p style=\"color: #212121; font-family: Roboto, sans-serif; font-size: 16px;\">L\u2019allocation d\u2019actifs est une strat\u00e9gie d\u2019investissement qui consiste \u00e0 r\u00e9partir les ressources financi\u00e8res entre diff\u00e9rentes classes d\u2019actifs, telles que les actions, les obligations, l\u2019immobilier, les mati\u00e8res premi\u00e8res et la tr\u00e9sorerie. L\u2019objectif principal de cette strat\u00e9gie est de diversifier les risques et de maximiser les rendements ajust\u00e9s au profil de risque de l\u2019investisseur et \u00e0 ses objectifs financiers. <\/p><p style=\"color: #212121; font-family: Roboto, sans-serif; font-size: 16px;\">Cette approche repose sur le principe selon lequel les diff\u00e9rentes classes d\u2019actifs r\u00e9agissent de mani\u00e8re distincte aux \u00e9volutions des conditions de march\u00e9. Par exemple, alors que les obligations tendent \u00e0 \u00eatre plus stables en p\u00e9riode d\u2019incertitude, les actions offrent g\u00e9n\u00e9ralement des rendements plus \u00e9lev\u00e9s lors des march\u00e9s haussiers. Une combinaison appropri\u00e9e d\u2019actifs peut contribuer \u00e0 r\u00e9duire la volatilit\u00e9 d\u2019un portefeuille et \u00e0 le prot\u00e9ger contre les fluctuations d\u00e9favorables.  <\/p><p style=\"color: #212121; font-family: Roboto, sans-serif; font-size: 16px;\">L\u2019allocation d\u2019actifs se divise g\u00e9n\u00e9ralement en trois grandes cat\u00e9gories :<\/p><p style=\"color: #212121; font-family: Roboto, sans-serif; font-size: 16px;\"><strong>Actions (rente variable)<\/strong> : Incluent les actions, les fonds d\u2019investissement et les ETF, avec un potentiel de rendement \u00e9lev\u00e9 mais une volatilit\u00e9 plus importante.<\/p><p style=\"color: #212121; font-family: Roboto, sans-serif; font-size: 16px;\"><strong>Obligations (rente fixe) <\/strong>: Telles que les obligations d\u2019\u00c9tat ou d\u2019entreprise, qui offrent une certaine stabilit\u00e9 et des flux de revenus pr\u00e9visibles.<\/p><p style=\"color: #212121; font-family: Roboto, sans-serif; font-size: 16px;\"><strong>Actifs alternatifs<\/strong> : Incluent l\u2019immobilier, les mati\u00e8res premi\u00e8res ou les cryptomonnaies, qui apportent une diversification suppl\u00e9mentaire.<\/p>\t\t\t\t\t\t\t\t<\/div>\n\t\t\t\t<\/div>\n\t\t\t\t<div class=\"elementor-element elementor-element-11c28c4 elementor-widget__width-initial elementor-widget elementor-widget-text-editor\" data-id=\"11c28c4\" data-element_type=\"widget\" data-e-type=\"widget\" data-widget_type=\"text-editor.default\">\n\t\t\t\t<div class=\"elementor-widget-container\">\n\t\t\t\t\t\t\t\t\t<h3>Principaux aspects \u00e0 prendre en compte<\/h3><p style=\"color: #212121; font-family: Roboto, sans-serif; font-size: 16px;\">L\u2019allocation d\u2019actifs n\u2019est pas une strat\u00e9gie fig\u00e9e ; elle n\u00e9cessite des ajustements p\u00e9riodiques en fonction de facteurs tels que l\u2019\u00e9volution des objectifs de l\u2019investisseur, les conditions de march\u00e9 ou l\u2019horizon de placement. Ce processus d\u2019ajustement est connu sous le nom de r\u00e9\u00e9quilibrage de portefeuille et il est essentiel pour maintenir le profil de risque souhait\u00e9. <\/p><p style=\"color: #212121; font-family: Roboto, sans-serif; font-size: 16px;\">Par ailleurs, les investisseurs utilisent souvent des mod\u00e8les bas\u00e9s sur leur tol\u00e9rance au risque :<\/p><ul><li style=\"color: #212121; font-family: Roboto, sans-serif; font-size: 16px;\"><strong>Profil conservateur<\/strong> : Pond\u00e9ration plus \u00e9lev\u00e9e en obligations et en liquidit\u00e9s.<\/li><li style=\"color: #212121; font-family: Roboto, sans-serif; font-size: 16px;\"><strong>Profil mod\u00e9r\u00e9 <\/strong>: \u00c9quilibre entre obligations et actions.<\/li><li style=\"color: #212121; font-family: Roboto, sans-serif; font-size: 16px;\"><strong>Profil dynamique (ou agressif)<\/strong> : Exposition plus importante aux actions et aux actifs alternatifs.<\/li><\/ul><p style=\"color: #212121; font-family: Roboto, sans-serif; font-size: 16px;\">Un conseiller financier peut jouer un r\u00f4le cl\u00e9 dans la conception d\u2019une strat\u00e9gie d\u2019allocation d\u2019actifs efficace, en tenant compte des besoins sp\u00e9cifiques de l\u2019investisseur et des conditions du march\u00e9.<\/p>\t\t\t\t\t\t\t\t<\/div>\n\t\t\t\t<\/div>\n\t\t\t\t\t<\/div>\n\t\t<\/div>\n\t\t\t\t\t<\/div>\n\t\t<\/section>\n\t\t\t\t<section class=\"elementor-section elementor-top-section elementor-element elementor-element-aa563c5 elementor-section-full_width elementor-section-stretched elementor-section-height-default elementor-section-height-default\" data-id=\"aa563c5\" data-element_type=\"section\" data-e-type=\"section\" data-settings=\"{&quot;stretch_section&quot;:&quot;section-stretched&quot;}\">\n\t\t\t\t\t\t<div class=\"elementor-container elementor-column-gap-default\">\n\t\t\t\t\t<div class=\"elementor-column elementor-col-100 elementor-top-column elementor-element elementor-element-41114ac\" data-id=\"41114ac\" data-element_type=\"column\" data-e-type=\"column\">\n\t\t\t<div class=\"elementor-widget-wrap elementor-element-populated\">\n\t\t\t\t\t\t<div class=\"elementor-element elementor-element-43f7095 elementor-widget elementor-widget-html\" data-id=\"43f7095\" data-element_type=\"widget\" data-e-type=\"widget\" data-widget_type=\"html.default\">\n\t\t\t\t<div class=\"elementor-widget-container\">\n\t\t\t\t\t\r\n        <div class=\"qode-advanced-call-to-action qode-advanced-cta-gradient qode-advanced-cta-gradient-animation\" style=\"height:80px\">\r\n            <a class=\"advanced-cta-link\" href=\"https:\/\/mkt.urbanitae.com\/Urbanitae_suscripcion_newsletter.html?utm_source=blog&amp;utm_medium=link_blog&amp;utm_campaign=suscripcion_blog&amp;utm_content=boton\" target=\"_blank\" onclick=\"dataLayer.push({'event': 'ub_ga4_event', 'ub_ga4_event_name': 'newsletter', 'ub_ga4_event_element': 'aprende'})\"><\/a>\r\n            <div class=\"qode-advanced-cta-content\">\r\n                <span class=\"qode-advanced-cta-text-holder\" style=\"color:#FFFFFF;font-size:25px\">\r\n Abonnez-vous \u00e0 notre Newsletter <\/span>\r\n                <span class=\"qode-advanced-cta-icon-holder\" style=\"color:#FFFFFF;font-size:25px\">\r\n                    <span class=\"qode-advanced-cta-icon-holder-table\">\r\n                        <span class=\"qode-advanced-cta-icon-holder-cell\">\r\n                            <i class=\"qode_icon_font_awesome_5 fa5 fa fa-envelope-open-text qode-advanced-cta-icon\"><\/i> <\/span>\r\n                    <\/span>\r\n                <\/span>\r\n            <\/div>\r\n            <div class=\"qode-advanced-cta-background-holder\">\r\n                <span class=\"qode-advanced-cta-background-1 qode-type1-gradient-left-to-right\"><\/span>\r\n                <span class=\"qode-advanced-cta-background-2 qode-type1-gradient-left-to-right\"><\/span>\r\n                <span class=\"qode-advanced-cta-background-3\"><\/span>\r\n            <\/div>\r\n        <\/div>\r\n\t\t\t\t<\/div>\n\t\t\t\t<\/div>\n\t\t\t\t\t<\/div>\n\t\t<\/div>\n\t\t\t\t\t<\/div>\n\t\t<\/section>\n\t\t\t\t<\/div>\n\t\t","protected":false},"excerpt":{"rendered":"<p>De quoi s\u2019agit-il ? L\u2019allocation d\u2019actifs est une strat\u00e9gie d\u2019investissement qui consiste \u00e0 r\u00e9partir les ressources financi\u00e8res entre diff\u00e9rentes classes d\u2019actifs, telles que les actions, les obligations, l\u2019immobilier, les mati\u00e8res premi\u00e8res et la tr\u00e9sorerie. L\u2019objectif principal de cette strat\u00e9gie est de diversifier les risques et de maximiser les rendements ajust\u00e9s au profil de risque de [&hellip;]<\/p>\n","protected":false},"author":4,"featured_media":0,"parent":62174,"menu_order":0,"comment_status":"closed","ping_status":"closed","template":"","meta":{"inline_featured_image":false,"footnotes":""},"class_list":["post-61748","page","type-page","status-publish","hentry"],"yoast_head":"<!-- This site is optimized with the Yoast SEO plugin v27.4 - https:\/\/yoast.com\/product\/yoast-seo-wordpress\/ -->\n<title>Allocation d&#039;actifs - Urbanitae Blog<\/title>\n<meta name=\"description\" content=\"Une strat\u00e9gie d\u2019investissement qui consiste \u00e0 r\u00e9partir les ressources financi\u00e8res entre diff\u00e9rentes classes d\u2019actifs, telles que les actions, les obligations, l\u2019immobilier, les mati\u00e8res premi\u00e8res et les liquidit\u00e9s.\" \/>\n<meta name=\"robots\" content=\"index, follow, max-snippet:-1, max-image-preview:large, max-video-preview:-1\" \/>\n<link rel=\"canonical\" href=\"https:\/\/blog.urbanitae.com\/fr\/glossaire\/asignacion-de-activos\/\" \/>\n<meta property=\"og:locale\" content=\"fr_FR\" \/>\n<meta property=\"og:type\" content=\"article\" \/>\n<meta property=\"og:title\" content=\"Allocation d&#039;actifs - Urbanitae Blog\" \/>\n<meta property=\"og:description\" content=\"Une strat\u00e9gie d\u2019investissement qui consiste \u00e0 r\u00e9partir les ressources financi\u00e8res entre diff\u00e9rentes classes d\u2019actifs, telles que les actions, les obligations, l\u2019immobilier, les mati\u00e8res premi\u00e8res et les liquidit\u00e9s.\" \/>\n<meta property=\"og:url\" content=\"https:\/\/blog.urbanitae.com\/fr\/glossaire\/asignacion-de-activos\/\" \/>\n<meta property=\"og:site_name\" content=\"Urbanitae Blog | Les meilleures nouvelles sur l&#039;investissement immobilier\" \/>\n<meta property=\"article:publisher\" content=\"https:\/\/www.facebook.com\/urbanitae\" \/>\n<meta property=\"article:modified_time\" content=\"2025-04-25T15:23:58+00:00\" \/>\n<meta name=\"twitter:card\" content=\"summary_large_image\" \/>\n<meta name=\"twitter:site\" content=\"@urbanitae\" \/>\n<meta name=\"twitter:label1\" content=\"Dur\u00e9e de lecture estim\u00e9e\" \/>\n\t<meta name=\"twitter:data1\" content=\"2 minutes\" \/>\n<script type=\"application\/ld+json\" class=\"yoast-schema-graph\">{\"@context\":\"https:\\\/\\\/schema.org\",\"@graph\":[{\"@type\":\"WebPage\",\"@id\":\"https:\\\/\\\/blog.urbanitae.com\\\/fr\\\/glossaire\\\/asignacion-de-activos\\\/\",\"url\":\"https:\\\/\\\/blog.urbanitae.com\\\/fr\\\/glossaire\\\/asignacion-de-activos\\\/\",\"name\":\"Allocation d'actifs - Urbanitae Blog\",\"isPartOf\":{\"@id\":\"https:\\\/\\\/blog.urbanitae.com\\\/fr\\\/#website\"},\"datePublished\":\"2025-04-14T16:23:51+00:00\",\"dateModified\":\"2025-04-25T15:23:58+00:00\",\"description\":\"Une strat\u00e9gie d\u2019investissement qui consiste \u00e0 r\u00e9partir les ressources financi\u00e8res entre diff\u00e9rentes classes d\u2019actifs, telles que les actions, les obligations, l\u2019immobilier, les mati\u00e8res premi\u00e8res et les liquidit\u00e9s.\",\"breadcrumb\":{\"@id\":\"https:\\\/\\\/blog.urbanitae.com\\\/fr\\\/glossaire\\\/asignacion-de-activos\\\/#breadcrumb\"},\"inLanguage\":\"fr-FR\",\"potentialAction\":[{\"@type\":\"ReadAction\",\"target\":[\"https:\\\/\\\/blog.urbanitae.com\\\/fr\\\/glossaire\\\/asignacion-de-activos\\\/\"]}]},{\"@type\":\"BreadcrumbList\",\"@id\":\"https:\\\/\\\/blog.urbanitae.com\\\/fr\\\/glossaire\\\/asignacion-de-activos\\\/#breadcrumb\",\"itemListElement\":[{\"@type\":\"ListItem\",\"position\":1,\"name\":\"Portada\",\"item\":\"https:\\\/\\\/blog.urbanitae.com\\\/fr\\\/\"},{\"@type\":\"ListItem\",\"position\":2,\"name\":\"Glossaire\",\"item\":\"https:\\\/\\\/blog.urbanitae.com\\\/fr\\\/glosario\\\/\"},{\"@type\":\"ListItem\",\"position\":3,\"name\":\"Allocation d&#8217;actifs\"}]},{\"@type\":\"WebSite\",\"@id\":\"https:\\\/\\\/blog.urbanitae.com\\\/fr\\\/#website\",\"url\":\"https:\\\/\\\/blog.urbanitae.com\\\/fr\\\/\",\"name\":\"Urbanitae Blog | Las mejores noticias sobre inversi\u00f3n inmobiliaria\",\"description\":\"L'investissement immobilier \u00e0 la port\u00e9e de tous\",\"publisher\":{\"@id\":\"https:\\\/\\\/blog.urbanitae.com\\\/fr\\\/#organization\"},\"potentialAction\":[{\"@type\":\"SearchAction\",\"target\":{\"@type\":\"EntryPoint\",\"urlTemplate\":\"https:\\\/\\\/blog.urbanitae.com\\\/fr\\\/?s={search_term_string}\"},\"query-input\":{\"@type\":\"PropertyValueSpecification\",\"valueRequired\":true,\"valueName\":\"search_term_string\"}}],\"inLanguage\":\"fr-FR\"},{\"@type\":\"Organization\",\"@id\":\"https:\\\/\\\/blog.urbanitae.com\\\/fr\\\/#organization\",\"name\":\"Urbanitae\",\"url\":\"https:\\\/\\\/blog.urbanitae.com\\\/fr\\\/\",\"logo\":{\"@type\":\"ImageObject\",\"inLanguage\":\"fr-FR\",\"@id\":\"https:\\\/\\\/blog.urbanitae.com\\\/fr\\\/#\\\/schema\\\/logo\\\/image\\\/\",\"url\":\"https:\\\/\\\/blog.urbanitae.com\\\/wp-content\\\/uploads\\\/2020\\\/04\\\/logo-verde_350x100.svg\",\"contentUrl\":\"https:\\\/\\\/blog.urbanitae.com\\\/wp-content\\\/uploads\\\/2020\\\/04\\\/logo-verde_350x100.svg\",\"width\":350,\"height\":100,\"caption\":\"Urbanitae\"},\"image\":{\"@id\":\"https:\\\/\\\/blog.urbanitae.com\\\/fr\\\/#\\\/schema\\\/logo\\\/image\\\/\"},\"sameAs\":[\"https:\\\/\\\/www.facebook.com\\\/urbanitae\",\"https:\\\/\\\/x.com\\\/urbanitae\",\"https:\\\/\\\/www.instagram.com\\\/urbanitae\",\"https:\\\/\\\/www.linkedin.com\\\/company\\\/urbanitae\",\"https:\\\/\\\/www.pinterest.es\\\/UrbanitaeSL\\\/_created\\\/\",\"https:\\\/\\\/www.youtube.com\\\/c\\\/Urbanitae_RE\"]}]}<\/script>\n<!-- \/ Yoast SEO plugin. -->","yoast_head_json":{"title":"Allocation d'actifs - Urbanitae Blog","description":"Une strat\u00e9gie d\u2019investissement qui consiste \u00e0 r\u00e9partir les ressources financi\u00e8res entre diff\u00e9rentes classes d\u2019actifs, telles que les actions, les obligations, l\u2019immobilier, les mati\u00e8res premi\u00e8res et les liquidit\u00e9s.","robots":{"index":"index","follow":"follow","max-snippet":"max-snippet:-1","max-image-preview":"max-image-preview:large","max-video-preview":"max-video-preview:-1"},"canonical":"https:\/\/blog.urbanitae.com\/fr\/glossaire\/asignacion-de-activos\/","og_locale":"fr_FR","og_type":"article","og_title":"Allocation d'actifs - Urbanitae Blog","og_description":"Une strat\u00e9gie d\u2019investissement qui consiste \u00e0 r\u00e9partir les ressources financi\u00e8res entre diff\u00e9rentes classes d\u2019actifs, telles que les actions, les obligations, l\u2019immobilier, les mati\u00e8res premi\u00e8res et les liquidit\u00e9s.","og_url":"https:\/\/blog.urbanitae.com\/fr\/glossaire\/asignacion-de-activos\/","og_site_name":"Urbanitae Blog | Les meilleures nouvelles sur l'investissement immobilier","article_publisher":"https:\/\/www.facebook.com\/urbanitae","article_modified_time":"2025-04-25T15:23:58+00:00","twitter_card":"summary_large_image","twitter_site":"@urbanitae","twitter_misc":{"Dur\u00e9e de lecture estim\u00e9e":"2 minutes"},"schema":{"@context":"https:\/\/schema.org","@graph":[{"@type":"WebPage","@id":"https:\/\/blog.urbanitae.com\/fr\/glossaire\/asignacion-de-activos\/","url":"https:\/\/blog.urbanitae.com\/fr\/glossaire\/asignacion-de-activos\/","name":"Allocation d'actifs - Urbanitae Blog","isPartOf":{"@id":"https:\/\/blog.urbanitae.com\/fr\/#website"},"datePublished":"2025-04-14T16:23:51+00:00","dateModified":"2025-04-25T15:23:58+00:00","description":"Une strat\u00e9gie d\u2019investissement qui consiste \u00e0 r\u00e9partir les ressources financi\u00e8res entre diff\u00e9rentes classes d\u2019actifs, telles que les actions, les obligations, l\u2019immobilier, les mati\u00e8res premi\u00e8res et les liquidit\u00e9s.","breadcrumb":{"@id":"https:\/\/blog.urbanitae.com\/fr\/glossaire\/asignacion-de-activos\/#breadcrumb"},"inLanguage":"fr-FR","potentialAction":[{"@type":"ReadAction","target":["https:\/\/blog.urbanitae.com\/fr\/glossaire\/asignacion-de-activos\/"]}]},{"@type":"BreadcrumbList","@id":"https:\/\/blog.urbanitae.com\/fr\/glossaire\/asignacion-de-activos\/#breadcrumb","itemListElement":[{"@type":"ListItem","position":1,"name":"Portada","item":"https:\/\/blog.urbanitae.com\/fr\/"},{"@type":"ListItem","position":2,"name":"Glossaire","item":"https:\/\/blog.urbanitae.com\/fr\/glosario\/"},{"@type":"ListItem","position":3,"name":"Allocation d&#8217;actifs"}]},{"@type":"WebSite","@id":"https:\/\/blog.urbanitae.com\/fr\/#website","url":"https:\/\/blog.urbanitae.com\/fr\/","name":"Urbanitae Blog | Las mejores noticias sobre inversi\u00f3n inmobiliaria","description":"L'investissement immobilier \u00e0 la port\u00e9e de tous","publisher":{"@id":"https:\/\/blog.urbanitae.com\/fr\/#organization"},"potentialAction":[{"@type":"SearchAction","target":{"@type":"EntryPoint","urlTemplate":"https:\/\/blog.urbanitae.com\/fr\/?s={search_term_string}"},"query-input":{"@type":"PropertyValueSpecification","valueRequired":true,"valueName":"search_term_string"}}],"inLanguage":"fr-FR"},{"@type":"Organization","@id":"https:\/\/blog.urbanitae.com\/fr\/#organization","name":"Urbanitae","url":"https:\/\/blog.urbanitae.com\/fr\/","logo":{"@type":"ImageObject","inLanguage":"fr-FR","@id":"https:\/\/blog.urbanitae.com\/fr\/#\/schema\/logo\/image\/","url":"https:\/\/blog.urbanitae.com\/wp-content\/uploads\/2020\/04\/logo-verde_350x100.svg","contentUrl":"https:\/\/blog.urbanitae.com\/wp-content\/uploads\/2020\/04\/logo-verde_350x100.svg","width":350,"height":100,"caption":"Urbanitae"},"image":{"@id":"https:\/\/blog.urbanitae.com\/fr\/#\/schema\/logo\/image\/"},"sameAs":["https:\/\/www.facebook.com\/urbanitae","https:\/\/x.com\/urbanitae","https:\/\/www.instagram.com\/urbanitae","https:\/\/www.linkedin.com\/company\/urbanitae","https:\/\/www.pinterest.es\/UrbanitaeSL\/_created\/","https:\/\/www.youtube.com\/c\/Urbanitae_RE"]}]}},"_links":{"self":[{"href":"https:\/\/blog.urbanitae.com\/fr\/wp-json\/wp\/v2\/pages\/61748","targetHints":{"allow":["GET"]}}],"collection":[{"href":"https:\/\/blog.urbanitae.com\/fr\/wp-json\/wp\/v2\/pages"}],"about":[{"href":"https:\/\/blog.urbanitae.com\/fr\/wp-json\/wp\/v2\/types\/page"}],"author":[{"embeddable":true,"href":"https:\/\/blog.urbanitae.com\/fr\/wp-json\/wp\/v2\/users\/4"}],"replies":[{"embeddable":true,"href":"https:\/\/blog.urbanitae.com\/fr\/wp-json\/wp\/v2\/comments?post=61748"}],"version-history":[{"count":6,"href":"https:\/\/blog.urbanitae.com\/fr\/wp-json\/wp\/v2\/pages\/61748\/revisions"}],"predecessor-version":[{"id":62383,"href":"https:\/\/blog.urbanitae.com\/fr\/wp-json\/wp\/v2\/pages\/61748\/revisions\/62383"}],"up":[{"embeddable":true,"href":"https:\/\/blog.urbanitae.com\/fr\/wp-json\/wp\/v2\/pages\/62174"}],"wp:attachment":[{"href":"https:\/\/blog.urbanitae.com\/fr\/wp-json\/wp\/v2\/media?parent=61748"}],"curies":[{"name":"wp","href":"https:\/\/api.w.org\/{rel}","templated":true}]}}