{"id":61715,"date":"2024-12-30T17:07:13","date_gmt":"2024-12-30T16:07:13","guid":{"rendered":"https:\/\/blog.urbanitae.com\/acpr-autorite-de-controle-prudentiel-et-de-resolution\/"},"modified":"2025-04-25T11:33:51","modified_gmt":"2025-04-25T09:33:51","slug":"acpr-autorite-de-controle-prudentiel-et-de-resolution","status":"publish","type":"page","link":"https:\/\/blog.urbanitae.com\/fr\/glossaire\/acpr-autorite-de-controle-prudentiel-et-de-resolution\/","title":{"rendered":"ACPR (Autorit\u00e9 de Contr\u00f4le Prudentiel et de R\u00e9solution)"},"content":{"rendered":"\t\t<div data-elementor-type=\"wp-page\" data-elementor-id=\"61715\" class=\"elementor elementor-61715 elementor-54362\">\n\t\t\t\t\t\t<section class=\"elementor-section elementor-top-section elementor-element elementor-element-d86d887 elementor-section-boxed elementor-section-height-default elementor-section-height-default\" data-id=\"d86d887\" data-element_type=\"section\" data-e-type=\"section\">\n\t\t\t\t\t\t<div class=\"elementor-container elementor-column-gap-default\">\n\t\t\t\t\t<div class=\"elementor-column elementor-col-100 elementor-top-column elementor-element elementor-element-8b49ddd\" data-id=\"8b49ddd\" data-element_type=\"column\" data-e-type=\"column\">\n\t\t\t<div class=\"elementor-widget-wrap elementor-element-populated\">\n\t\t\t\t\t\t<div class=\"elementor-element elementor-element-083b30b elementor-widget__width-initial elementor-widget elementor-widget-text-editor\" data-id=\"083b30b\" data-element_type=\"widget\" data-e-type=\"widget\" data-widget_type=\"text-editor.default\">\n\t\t\t\t<div class=\"elementor-widget-container\">\n\t\t\t\t\t\t\t\t\t<h3>Qu\u2019est-ce que c\u2019est?<\/h3><p style=\"color: #212121; font-family: Roboto, sans-serif; font-size: 16px;\">L\u2019ACPR est une autorit\u00e9 administrative fran\u00e7aise charg\u00e9e de superviser et de r\u00e9guler les activit\u00e9s des \u00e9tablissements financiers, des compagnies d\u2019assurances et d\u2019autres acteurs du syst\u00e8me financier. Son objectif principal est d\u2019assurer la stabilit\u00e9 et la solidit\u00e9 du syst\u00e8me financier en France, en prot\u00e9geant les clients et en veillant au respect de la r\u00e9glementation en vigueur. <\/p><p style=\"color: #212121; font-family: Roboto, sans-serif; font-size: 16px;\">Cr\u00e9\u00e9e en 2010, l\u2019ACPR agit sous l\u2019autorit\u00e9 de la Banque de France, ce qui lui permet d\u2019op\u00e9rer de mani\u00e8re ind\u00e9pendante et technique dans le domaine financier. Ses principales missions sont : <\/p><p style=\"color: #212121; font-family: Roboto, sans-serif; font-size: 16px;\"><strong>Surveillance prudentielle<\/strong>: S\u2019assurer que les institutions financi\u00e8res disposent des ressources n\u00e9cessaires pour rester solvables.<br><strong>Protection des consommateurs :<\/strong> Veiller au respect des droits des clients et \u00e0 la transparence des produits financiers propos\u00e9s.<br><strong>Pr\u00e9vention des risques :<\/strong> Identifier et att\u00e9nuer les risques syst\u00e9miques pouvant menacer la stabilit\u00e9 du syst\u00e8me.<\/p><p style=\"color: #212121; font-family: Roboto, sans-serif; font-size: 16px;\">L\u2019ACPR joue \u00e9galement un r\u00f4le cl\u00e9 dans la coop\u00e9ration internationale, en collaborant avec d\u2019autres autorit\u00e9s de r\u00e9gulation europ\u00e9ennes et mondiales pour renforcer la stabilit\u00e9 financi\u00e8re globale. Elle travaille aussi avec l\u2019AMF (Autorit\u00e9 des March\u00e9s Financiers) pour superviser les activit\u00e9s ayant un impact \u00e0 la fois sur le syst\u00e8me financier et sur les march\u00e9s de capitaux. <\/p>\t\t\t\t\t\t\t\t<\/div>\n\t\t\t\t<\/div>\n\t\t\t\t<div class=\"elementor-element elementor-element-349ab6f elementor-widget__width-initial elementor-widget elementor-widget-text-editor\" data-id=\"349ab6f\" data-element_type=\"widget\" data-e-type=\"widget\" data-widget_type=\"text-editor.default\">\n\t\t\t\t<div class=\"elementor-widget-container\">\n\t\t\t\t\t\t\t\t\t<h3>Principaux aspects \u00e0 prendre en compte<\/h3>\n<p style=\"color: #212121; font-family: Roboto, sans-serif; font-size: 16px;\">L\u2019ACPR est l\u2019autorit\u00e9 officielle charg\u00e9e de la r\u00e9gulation et de la supervision des institutions financi\u00e8res et d\u2019assurance en France. Elle vise \u00e0 renforcer la confiance dans le syst\u00e8me financier en assurant la conformit\u00e9 des acteurs avec les normes r\u00e9glementaires, tout en prot\u00e9geant les clients. Son r\u00f4le est essentiel dans le bon fonctionnement et la r\u00e9silience du secteur financier fran\u00e7ais.  \n<\/p>\t\t\t\t\t\t\t\t<\/div>\n\t\t\t\t<\/div>\n\t\t\t\t\t<\/div>\n\t\t<\/div>\n\t\t\t\t\t<\/div>\n\t\t<\/section>\n\t\t\t\t<section class=\"elementor-section elementor-top-section elementor-element elementor-element-aa563c5 elementor-section-full_width elementor-section-stretched elementor-section-height-default elementor-section-height-default\" data-id=\"aa563c5\" data-element_type=\"section\" data-e-type=\"section\" data-settings=\"{&quot;stretch_section&quot;:&quot;section-stretched&quot;}\">\n\t\t\t\t\t\t<div class=\"elementor-container elementor-column-gap-default\">\n\t\t\t\t\t<div class=\"elementor-column elementor-col-100 elementor-top-column elementor-element elementor-element-41114ac\" data-id=\"41114ac\" data-element_type=\"column\" data-e-type=\"column\">\n\t\t\t<div class=\"elementor-widget-wrap elementor-element-populated\">\n\t\t\t\t\t\t<div class=\"elementor-element elementor-element-43f7095 elementor-widget elementor-widget-html\" data-id=\"43f7095\" data-element_type=\"widget\" data-e-type=\"widget\" data-widget_type=\"html.default\">\n\t\t\t\t<div class=\"elementor-widget-container\">\n\t\t\t\t\t\r\n        <div class=\"qode-advanced-call-to-action qode-advanced-cta-gradient qode-advanced-cta-gradient-animation\" style=\"height:80px\">\r\n            <a class=\"advanced-cta-link\" href=\"https:\/\/mkt.urbanitae.com\/Urbanitae_suscripcion_newsletter.html?utm_source=blog&amp;utm_medium=link_blog&amp;utm_campaign=suscripcion_blog&amp;utm_content=boton\" target=\"_blank\" onclick=\"dataLayer.push({'event': 'ub_ga4_event', 'ub_ga4_event_name': 'newsletter', 'ub_ga4_event_element': 'aprende'})\"><\/a>\r\n            <div class=\"qode-advanced-cta-content\">\r\n                <span class=\"qode-advanced-cta-text-holder\" style=\"color:#FFFFFF;font-size:25px\">\r\n Abonnez-vous \u00e0 notre Newsletter <\/span>\r\n                <span class=\"qode-advanced-cta-icon-holder\" style=\"color:#FFFFFF;font-size:25px\">\r\n                    <span class=\"qode-advanced-cta-icon-holder-table\">\r\n                        <span class=\"qode-advanced-cta-icon-holder-cell\">\r\n                            <i class=\"qode_icon_font_awesome_5 fa5 fa fa-envelope-open-text qode-advanced-cta-icon\"><\/i> <\/span>\r\n                    <\/span>\r\n                <\/span>\r\n            <\/div>\r\n            <div class=\"qode-advanced-cta-background-holder\">\r\n                <span class=\"qode-advanced-cta-background-1 qode-type1-gradient-left-to-right\"><\/span>\r\n                <span class=\"qode-advanced-cta-background-2 qode-type1-gradient-left-to-right\"><\/span>\r\n                <span class=\"qode-advanced-cta-background-3\"><\/span>\r\n            <\/div>\r\n        <\/div>\r\n\t\t\t\t<\/div>\n\t\t\t\t<\/div>\n\t\t\t\t\t<\/div>\n\t\t<\/div>\n\t\t\t\t\t<\/div>\n\t\t<\/section>\n\t\t\t\t<\/div>\n\t\t","protected":false},"excerpt":{"rendered":"<p>Qu\u2019est-ce que c\u2019est? L\u2019ACPR est une autorit\u00e9 administrative fran\u00e7aise charg\u00e9e de superviser et de r\u00e9guler les activit\u00e9s des \u00e9tablissements financiers, des compagnies d\u2019assurances et d\u2019autres acteurs du syst\u00e8me financier. Son objectif principal est d\u2019assurer la stabilit\u00e9 et la solidit\u00e9 du syst\u00e8me financier en France, en prot\u00e9geant les clients et en veillant au respect de la [&hellip;]<\/p>\n","protected":false},"author":4,"featured_media":0,"parent":62174,"menu_order":0,"comment_status":"closed","ping_status":"closed","template":"","meta":{"inline_featured_image":false,"footnotes":""},"class_list":["post-61715","page","type-page","status-publish","hentry"],"yoast_head":"<!-- This site is optimized with the Yoast SEO plugin v27.4 - https:\/\/yoast.com\/product\/yoast-seo-wordpress\/ -->\n<title>ACPR (Autorit\u00e9 de Contr\u00f4le Prudentiel et de R\u00e9solution) - Urbanitae Blog<\/title>\n<meta name=\"description\" content=\"L\u2019ACPR est l\u2019autorit\u00e9 fran\u00e7aise charg\u00e9e de superviser et de r\u00e9guler les activit\u00e9s des \u00e9tablissements financiers et des compagnies d\u2019assurances afin de garantir la stabilit\u00e9 et la solidit\u00e9 du syst\u00e8me financier en France.\" \/>\n<meta name=\"robots\" content=\"index, follow, max-snippet:-1, max-image-preview:large, max-video-preview:-1\" \/>\n<link rel=\"canonical\" href=\"https:\/\/blog.urbanitae.com\/fr\/glossaire\/acpr-autorite-de-controle-prudentiel-et-de-resolution\/\" \/>\n<meta property=\"og:locale\" content=\"fr_FR\" \/>\n<meta property=\"og:type\" content=\"article\" \/>\n<meta property=\"og:title\" content=\"ACPR (Autorit\u00e9 de Contr\u00f4le Prudentiel et de R\u00e9solution) - Urbanitae Blog\" \/>\n<meta property=\"og:description\" content=\"L\u2019ACPR est l\u2019autorit\u00e9 fran\u00e7aise charg\u00e9e de superviser et de r\u00e9guler les activit\u00e9s des \u00e9tablissements financiers et des compagnies d\u2019assurances afin de garantir la stabilit\u00e9 et la solidit\u00e9 du syst\u00e8me financier en France.\" \/>\n<meta property=\"og:url\" content=\"https:\/\/blog.urbanitae.com\/fr\/glossaire\/acpr-autorite-de-controle-prudentiel-et-de-resolution\/\" \/>\n<meta property=\"og:site_name\" content=\"Urbanitae Blog | Les meilleures nouvelles sur l&#039;investissement immobilier\" \/>\n<meta property=\"article:publisher\" content=\"https:\/\/www.facebook.com\/urbanitae\" \/>\n<meta property=\"article:modified_time\" content=\"2025-04-25T09:33:51+00:00\" \/>\n<meta name=\"twitter:card\" content=\"summary_large_image\" \/>\n<meta name=\"twitter:site\" content=\"@urbanitae\" \/>\n<meta name=\"twitter:label1\" content=\"Dur\u00e9e de lecture estim\u00e9e\" \/>\n\t<meta name=\"twitter:data1\" content=\"2 minutes\" \/>\n<script type=\"application\/ld+json\" class=\"yoast-schema-graph\">{\"@context\":\"https:\\\/\\\/schema.org\",\"@graph\":[{\"@type\":\"WebPage\",\"@id\":\"https:\\\/\\\/blog.urbanitae.com\\\/fr\\\/glossaire\\\/acpr-autorite-de-controle-prudentiel-et-de-resolution\\\/\",\"url\":\"https:\\\/\\\/blog.urbanitae.com\\\/fr\\\/glossaire\\\/acpr-autorite-de-controle-prudentiel-et-de-resolution\\\/\",\"name\":\"ACPR (Autorit\u00e9 de Contr\u00f4le Prudentiel et de R\u00e9solution) - Urbanitae Blog\",\"isPartOf\":{\"@id\":\"https:\\\/\\\/blog.urbanitae.com\\\/fr\\\/#website\"},\"datePublished\":\"2024-12-30T16:07:13+00:00\",\"dateModified\":\"2025-04-25T09:33:51+00:00\",\"description\":\"L\u2019ACPR est l\u2019autorit\u00e9 fran\u00e7aise charg\u00e9e de superviser et de r\u00e9guler les activit\u00e9s des \u00e9tablissements financiers et des compagnies d\u2019assurances afin de garantir la stabilit\u00e9 et la solidit\u00e9 du syst\u00e8me financier en France.\",\"breadcrumb\":{\"@id\":\"https:\\\/\\\/blog.urbanitae.com\\\/fr\\\/glossaire\\\/acpr-autorite-de-controle-prudentiel-et-de-resolution\\\/#breadcrumb\"},\"inLanguage\":\"fr-FR\",\"potentialAction\":[{\"@type\":\"ReadAction\",\"target\":[\"https:\\\/\\\/blog.urbanitae.com\\\/fr\\\/glossaire\\\/acpr-autorite-de-controle-prudentiel-et-de-resolution\\\/\"]}]},{\"@type\":\"BreadcrumbList\",\"@id\":\"https:\\\/\\\/blog.urbanitae.com\\\/fr\\\/glossaire\\\/acpr-autorite-de-controle-prudentiel-et-de-resolution\\\/#breadcrumb\",\"itemListElement\":[{\"@type\":\"ListItem\",\"position\":1,\"name\":\"Portada\",\"item\":\"https:\\\/\\\/blog.urbanitae.com\\\/fr\\\/\"},{\"@type\":\"ListItem\",\"position\":2,\"name\":\"Glossaire\",\"item\":\"https:\\\/\\\/blog.urbanitae.com\\\/fr\\\/glosario\\\/\"},{\"@type\":\"ListItem\",\"position\":3,\"name\":\"ACPR (Autorit\u00e9 de Contr\u00f4le Prudentiel et de R\u00e9solution)\"}]},{\"@type\":\"WebSite\",\"@id\":\"https:\\\/\\\/blog.urbanitae.com\\\/fr\\\/#website\",\"url\":\"https:\\\/\\\/blog.urbanitae.com\\\/fr\\\/\",\"name\":\"Urbanitae Blog | Las mejores noticias sobre inversi\u00f3n inmobiliaria\",\"description\":\"L'investissement immobilier \u00e0 la port\u00e9e de tous\",\"publisher\":{\"@id\":\"https:\\\/\\\/blog.urbanitae.com\\\/fr\\\/#organization\"},\"potentialAction\":[{\"@type\":\"SearchAction\",\"target\":{\"@type\":\"EntryPoint\",\"urlTemplate\":\"https:\\\/\\\/blog.urbanitae.com\\\/fr\\\/?s={search_term_string}\"},\"query-input\":{\"@type\":\"PropertyValueSpecification\",\"valueRequired\":true,\"valueName\":\"search_term_string\"}}],\"inLanguage\":\"fr-FR\"},{\"@type\":\"Organization\",\"@id\":\"https:\\\/\\\/blog.urbanitae.com\\\/fr\\\/#organization\",\"name\":\"Urbanitae\",\"url\":\"https:\\\/\\\/blog.urbanitae.com\\\/fr\\\/\",\"logo\":{\"@type\":\"ImageObject\",\"inLanguage\":\"fr-FR\",\"@id\":\"https:\\\/\\\/blog.urbanitae.com\\\/fr\\\/#\\\/schema\\\/logo\\\/image\\\/\",\"url\":\"https:\\\/\\\/blog.urbanitae.com\\\/wp-content\\\/uploads\\\/2020\\\/04\\\/logo-verde_350x100.svg\",\"contentUrl\":\"https:\\\/\\\/blog.urbanitae.com\\\/wp-content\\\/uploads\\\/2020\\\/04\\\/logo-verde_350x100.svg\",\"width\":350,\"height\":100,\"caption\":\"Urbanitae\"},\"image\":{\"@id\":\"https:\\\/\\\/blog.urbanitae.com\\\/fr\\\/#\\\/schema\\\/logo\\\/image\\\/\"},\"sameAs\":[\"https:\\\/\\\/www.facebook.com\\\/urbanitae\",\"https:\\\/\\\/x.com\\\/urbanitae\",\"https:\\\/\\\/www.instagram.com\\\/urbanitae\",\"https:\\\/\\\/www.linkedin.com\\\/company\\\/urbanitae\",\"https:\\\/\\\/www.pinterest.es\\\/UrbanitaeSL\\\/_created\\\/\",\"https:\\\/\\\/www.youtube.com\\\/c\\\/Urbanitae_RE\"]}]}<\/script>\n<!-- \/ Yoast SEO plugin. -->","yoast_head_json":{"title":"ACPR (Autorit\u00e9 de Contr\u00f4le Prudentiel et de R\u00e9solution) - Urbanitae Blog","description":"L\u2019ACPR est l\u2019autorit\u00e9 fran\u00e7aise charg\u00e9e de superviser et de r\u00e9guler les activit\u00e9s des \u00e9tablissements financiers et des compagnies d\u2019assurances afin de garantir la stabilit\u00e9 et la solidit\u00e9 du syst\u00e8me financier en France.","robots":{"index":"index","follow":"follow","max-snippet":"max-snippet:-1","max-image-preview":"max-image-preview:large","max-video-preview":"max-video-preview:-1"},"canonical":"https:\/\/blog.urbanitae.com\/fr\/glossaire\/acpr-autorite-de-controle-prudentiel-et-de-resolution\/","og_locale":"fr_FR","og_type":"article","og_title":"ACPR (Autorit\u00e9 de Contr\u00f4le Prudentiel et de R\u00e9solution) - Urbanitae Blog","og_description":"L\u2019ACPR est l\u2019autorit\u00e9 fran\u00e7aise charg\u00e9e de superviser et de r\u00e9guler les activit\u00e9s des \u00e9tablissements financiers et des compagnies d\u2019assurances afin de garantir la stabilit\u00e9 et la solidit\u00e9 du syst\u00e8me financier en France.","og_url":"https:\/\/blog.urbanitae.com\/fr\/glossaire\/acpr-autorite-de-controle-prudentiel-et-de-resolution\/","og_site_name":"Urbanitae Blog | Les meilleures nouvelles sur l'investissement immobilier","article_publisher":"https:\/\/www.facebook.com\/urbanitae","article_modified_time":"2025-04-25T09:33:51+00:00","twitter_card":"summary_large_image","twitter_site":"@urbanitae","twitter_misc":{"Dur\u00e9e de lecture estim\u00e9e":"2 minutes"},"schema":{"@context":"https:\/\/schema.org","@graph":[{"@type":"WebPage","@id":"https:\/\/blog.urbanitae.com\/fr\/glossaire\/acpr-autorite-de-controle-prudentiel-et-de-resolution\/","url":"https:\/\/blog.urbanitae.com\/fr\/glossaire\/acpr-autorite-de-controle-prudentiel-et-de-resolution\/","name":"ACPR (Autorit\u00e9 de Contr\u00f4le Prudentiel et de R\u00e9solution) - Urbanitae Blog","isPartOf":{"@id":"https:\/\/blog.urbanitae.com\/fr\/#website"},"datePublished":"2024-12-30T16:07:13+00:00","dateModified":"2025-04-25T09:33:51+00:00","description":"L\u2019ACPR est l\u2019autorit\u00e9 fran\u00e7aise charg\u00e9e de superviser et de r\u00e9guler les activit\u00e9s des \u00e9tablissements financiers et des compagnies d\u2019assurances afin de garantir la stabilit\u00e9 et la solidit\u00e9 du syst\u00e8me financier en France.","breadcrumb":{"@id":"https:\/\/blog.urbanitae.com\/fr\/glossaire\/acpr-autorite-de-controle-prudentiel-et-de-resolution\/#breadcrumb"},"inLanguage":"fr-FR","potentialAction":[{"@type":"ReadAction","target":["https:\/\/blog.urbanitae.com\/fr\/glossaire\/acpr-autorite-de-controle-prudentiel-et-de-resolution\/"]}]},{"@type":"BreadcrumbList","@id":"https:\/\/blog.urbanitae.com\/fr\/glossaire\/acpr-autorite-de-controle-prudentiel-et-de-resolution\/#breadcrumb","itemListElement":[{"@type":"ListItem","position":1,"name":"Portada","item":"https:\/\/blog.urbanitae.com\/fr\/"},{"@type":"ListItem","position":2,"name":"Glossaire","item":"https:\/\/blog.urbanitae.com\/fr\/glosario\/"},{"@type":"ListItem","position":3,"name":"ACPR (Autorit\u00e9 de Contr\u00f4le Prudentiel et de R\u00e9solution)"}]},{"@type":"WebSite","@id":"https:\/\/blog.urbanitae.com\/fr\/#website","url":"https:\/\/blog.urbanitae.com\/fr\/","name":"Urbanitae Blog | Las mejores noticias sobre inversi\u00f3n inmobiliaria","description":"L'investissement immobilier \u00e0 la port\u00e9e de tous","publisher":{"@id":"https:\/\/blog.urbanitae.com\/fr\/#organization"},"potentialAction":[{"@type":"SearchAction","target":{"@type":"EntryPoint","urlTemplate":"https:\/\/blog.urbanitae.com\/fr\/?s={search_term_string}"},"query-input":{"@type":"PropertyValueSpecification","valueRequired":true,"valueName":"search_term_string"}}],"inLanguage":"fr-FR"},{"@type":"Organization","@id":"https:\/\/blog.urbanitae.com\/fr\/#organization","name":"Urbanitae","url":"https:\/\/blog.urbanitae.com\/fr\/","logo":{"@type":"ImageObject","inLanguage":"fr-FR","@id":"https:\/\/blog.urbanitae.com\/fr\/#\/schema\/logo\/image\/","url":"https:\/\/blog.urbanitae.com\/wp-content\/uploads\/2020\/04\/logo-verde_350x100.svg","contentUrl":"https:\/\/blog.urbanitae.com\/wp-content\/uploads\/2020\/04\/logo-verde_350x100.svg","width":350,"height":100,"caption":"Urbanitae"},"image":{"@id":"https:\/\/blog.urbanitae.com\/fr\/#\/schema\/logo\/image\/"},"sameAs":["https:\/\/www.facebook.com\/urbanitae","https:\/\/x.com\/urbanitae","https:\/\/www.instagram.com\/urbanitae","https:\/\/www.linkedin.com\/company\/urbanitae","https:\/\/www.pinterest.es\/UrbanitaeSL\/_created\/","https:\/\/www.youtube.com\/c\/Urbanitae_RE"]}]}},"_links":{"self":[{"href":"https:\/\/blog.urbanitae.com\/fr\/wp-json\/wp\/v2\/pages\/61715","targetHints":{"allow":["GET"]}}],"collection":[{"href":"https:\/\/blog.urbanitae.com\/fr\/wp-json\/wp\/v2\/pages"}],"about":[{"href":"https:\/\/blog.urbanitae.com\/fr\/wp-json\/wp\/v2\/types\/page"}],"author":[{"embeddable":true,"href":"https:\/\/blog.urbanitae.com\/fr\/wp-json\/wp\/v2\/users\/4"}],"replies":[{"embeddable":true,"href":"https:\/\/blog.urbanitae.com\/fr\/wp-json\/wp\/v2\/comments?post=61715"}],"version-history":[{"count":1,"href":"https:\/\/blog.urbanitae.com\/fr\/wp-json\/wp\/v2\/pages\/61715\/revisions"}],"predecessor-version":[{"id":61716,"href":"https:\/\/blog.urbanitae.com\/fr\/wp-json\/wp\/v2\/pages\/61715\/revisions\/61716"}],"up":[{"embeddable":true,"href":"https:\/\/blog.urbanitae.com\/fr\/wp-json\/wp\/v2\/pages\/62174"}],"wp:attachment":[{"href":"https:\/\/blog.urbanitae.com\/fr\/wp-json\/wp\/v2\/media?parent=61715"}],"curies":[{"name":"wp","href":"https:\/\/api.w.org\/{rel}","templated":true}]}}